{"id":8553,"date":"2025-10-13T16:14:18","date_gmt":"2025-10-13T14:14:18","guid":{"rendered":"https:\/\/www.lpnnails.fr\/?post_type=product&#038;p=8553"},"modified":"2026-01-26T10:20:05","modified_gmt":"2026-01-26T09:20:05","slug":"presse-tube","status":"publish","type":"product","link":"https:\/\/www.lpnnails.fr\/en\/product\/presse-tube\/","title":{"rendered":"Presse tube"},"content":{"rendered":"<p data-start=\"328\" data-end=\"656\">The <strong data-start=\"350\" data-end=\"375\">Presse-Tube LPN Nails<\/strong> est un outil simple et efficace con\u00e7u pour <strong data-start=\"419\" data-end=\"465\">extraire facilement la totalit\u00e9 du produit<\/strong> contenu dans les tubes de polygel, acrygel ou cr\u00e8me. Sa fente ajust\u00e9e assure une <strong data-start=\"547\" data-end=\"568\">pression uniforme<\/strong> sans endommager le tube, vous permettant d\u2019utiliser <strong data-start=\"621\" data-end=\"641\">100 % du contenu<\/strong> sans effort.<\/p>\n<p data-start=\"658\" data-end=\"685\"><strong data-start=\"658\" data-end=\"683\">Pourquoi l\u2019utiliser ?<\/strong><\/p>\n<ul>\n<li data-start=\"688\" data-end=\"749\"><strong data-start=\"688\" data-end=\"714\">Optimise l\u2019utilisation<\/strong> de vos gels et produits en tube.<\/li>\n<li data-start=\"688\" data-end=\"749\"><strong data-start=\"752\" data-end=\"775\">\u00c9vite le gaspillage<\/strong> gr\u00e2ce \u00e0 une pression r\u00e9guli\u00e8re.<\/li>\n<li data-start=\"688\" data-end=\"749\"><strong data-start=\"812\" data-end=\"833\">Facile \u00e0 utiliser<\/strong>, l\u00e9ger et r\u00e9utilisable \u00e0 volont\u00e9.<\/li>\n<li data-start=\"688\" data-end=\"749\">Convient \u00e0 tous les <strong data-start=\"892\" data-end=\"911\">tubes standards<\/strong> de gels ou soins.<\/li>\n<li data-start=\"688\" data-end=\"749\">Fabriqu\u00e9 en <strong data-start=\"946\" data-end=\"967\">plastique durable<\/strong> et facile \u00e0 nettoyer.<\/li>\n<\/ul>\n<p data-start=\"993\" data-end=\"1023\"><strong data-start=\"993\" data-end=\"1021\">Conseils d\u2019utilisation :<\/strong><\/p>\n<ol>\n<li data-start=\"1027\" data-end=\"1086\">Ins\u00e9rez l\u2019extr\u00e9mit\u00e9 du tube dans la fente du presse-tube.<\/li>\n<li data-start=\"1027\" data-end=\"1086\">Faites glisser doucement pour pousser le produit vers l\u2019avant.<\/li>\n<li data-start=\"1027\" data-end=\"1086\">Utilisez jusqu\u2019\u00e0 la derni\u00e8re goutte !<\/li>\n<\/ol>","protected":false},"excerpt":{"rendered":"<p>Le Presse-Tube LPN Nails est un outil simple et efficace con\u00e7u pour extraire facilement la totalit\u00e9 du produit contenu dans [&hellip;]<\/p>\n","protected":false},"featured_media":8554,"comment_status":"open","ping_status":"closed","template":"","meta":{"_uag_custom_page_level_css":"","site-sidebar-layout":"default","site-content-layout":"","ast-site-content-layout":"default","site-content-style":"default","site-sidebar-style":"default","ast-global-header-display":"","ast-banner-title-visibility":"","ast-main-header-display":"","ast-hfb-above-header-display":"","ast-hfb-below-header-display":"","ast-hfb-mobile-header-display":"","site-post-title":"","ast-breadcrumbs-content":"","ast-featured-img":"","footer-sml-layout":"","ast-disable-related-posts":"","theme-transparent-header-meta":"default","adv-header-id-meta":"","stick-header-meta":"","header-above-stick-meta":"","header-main-stick-meta":"","header-below-stick-meta":"","astra-migrate-meta-layouts":"set","ast-page-background-enabled":"default","ast-page-background-meta":{"desktop":{"background-color":"var(--ast-global-color-4)","background-image":"","background-repeat":"repeat","background-position":"center center","background-size":"auto","background-attachment":"scroll","background-type":"","background-media":"","overlay-type":"","overlay-color":"","overlay-opacity":"","overlay-gradient":""},"tablet":{"background-color":"","background-image":"","background-repeat":"repeat","background-position":"center center","background-size":"auto","background-attachment":"scroll","background-type":"","background-media":"","overlay-type":"","overlay-color":"","overlay-opacity":"","overlay-gradient":""},"mobile":{"background-color":"","background-image":"","background-repeat":"repeat","background-position":"center center","background-size":"auto","background-attachment":"scroll","background-type":"","background-media":"","overlay-type":"","overlay-color":"","overlay-opacity":"","overlay-gradient":""}},"ast-content-background-meta":{"desktop":{"background-color":"var(--ast-global-color-5)","background-image":"","background-repeat":"repeat","background-position":"center center","background-size":"auto","background-attachment":"scroll","background-type":"","background-media":"","overlay-type":"","overlay-color":"","overlay-opacity":"","overlay-gradient":""},"tablet":{"background-color":"var(--ast-global-color-5)","background-image":"","background-repeat":"repeat","background-position":"center center","background-size":"auto","background-attachment":"scroll","background-type":"","background-media":"","overlay-type":"","overlay-color":"","overlay-opacity":"","overlay-gradient":""},"mobile":{"background-color":"var(--ast-global-color-5)","background-image":"","background-repeat":"repeat","background-position":"center center","background-size":"auto","background-attachment":"scroll","background-type":"","background-media":"","overlay-type":"","overlay-color":"","overlay-opacity":"","overlay-gradient":""}}},"product_brand":[254],"product_cat":[217,199],"product_tag":[],"class_list":{"0":"post-8553","1":"product","2":"type-product","3":"status-publish","4":"has-post-thumbnail","6":"product_brand-lpnnails","7":"product_cat-divers","8":"product_cat-tous-les-produits","9":"desktop-align-left","10":"tablet-align-left","11":"mobile-align-left","13":"first","14":"instock","15":"shipping-taxable","16":"purchasable","17":"product-type-simple"},"yoast_head":"<!-- This site is optimized with the Yoast SEO plugin v27.3 - https:\/\/yoast.com\/product\/yoast-seo-wordpress\/ -->\n<title>Presse tube - LPN Nails<\/title>\n<meta name=\"description\" content=\"Le Presse-Tube LPN Nails est un outil simple et efficace con\u00e7u pour extraire facilement la totalit\u00e9 du produit contenu dans les tubes de polygel, acrygel ou cr\u00e8me. Sa fente ajust\u00e9e assure une pression uniforme sans endommager le tube, vous permettant d\u2019utiliser 100 % du contenu sans effort.\" \/>\n<meta name=\"robots\" content=\"index, follow, max-snippet:-1, max-image-preview:large, max-video-preview:-1\" \/>\n<link rel=\"canonical\" href=\"https:\/\/www.lpnnails.fr\/en\/product\/presse-tube\/\" \/>\n<meta property=\"og:locale\" content=\"en_US\" \/>\n<meta property=\"og:type\" content=\"article\" \/>\n<meta property=\"og:title\" content=\"Presse tube - LPN Nails\" \/>\n<meta property=\"og:description\" content=\"Le Presse-Tube LPN Nails est un outil simple et efficace con\u00e7u pour extraire facilement la totalit\u00e9 du produit contenu dans les tubes de polygel, acrygel ou cr\u00e8me. Sa fente ajust\u00e9e assure une pression uniforme sans endommager le tube, vous permettant d\u2019utiliser 100 % du contenu sans effort.\" \/>\n<meta property=\"og:url\" content=\"https:\/\/www.lpnnails.fr\/en\/product\/presse-tube\/\" \/>\n<meta property=\"og:site_name\" content=\"LPN Nails\" \/>\n<meta property=\"article:publisher\" content=\"https:\/\/www.facebook.com\/profile.php?id=61573655313488#\" \/>\n<meta property=\"article:modified_time\" content=\"2026-01-26T09:20:05+00:00\" \/>\n<meta property=\"og:image\" content=\"https:\/\/www.lpnnails.fr\/wp-content\/uploads\/2025\/10\/pousse-tube.jpg\" \/>\n\t<meta property=\"og:image:width\" content=\"1024\" \/>\n\t<meta property=\"og:image:height\" content=\"1024\" \/>\n\t<meta property=\"og:image:type\" content=\"image\/jpeg\" \/>\n<meta name=\"twitter:card\" content=\"summary_large_image\" \/>\n<meta name=\"twitter:label1\" content=\"Est. reading time\" \/>\n\t<meta name=\"twitter:data1\" content=\"1 minute\" \/>\n<script type=\"application\/ld+json\" class=\"yoast-schema-graph\">{\"@context\":\"https:\\\/\\\/schema.org\",\"@graph\":[{\"@type\":\"WebPage\",\"@id\":\"https:\\\/\\\/www.lpnnails.fr\\\/produit\\\/presse-tube\\\/\",\"url\":\"https:\\\/\\\/www.lpnnails.fr\\\/produit\\\/presse-tube\\\/\",\"name\":\"Presse tube - LPN Nails\",\"isPartOf\":{\"@id\":\"https:\\\/\\\/www.lpnnails.fr\\\/#website\"},\"primaryImageOfPage\":{\"@id\":\"https:\\\/\\\/www.lpnnails.fr\\\/produit\\\/presse-tube\\\/#primaryimage\"},\"image\":{\"@id\":\"https:\\\/\\\/www.lpnnails.fr\\\/produit\\\/presse-tube\\\/#primaryimage\"},\"thumbnailUrl\":\"https:\\\/\\\/www.lpnnails.fr\\\/wp-content\\\/uploads\\\/2025\\\/10\\\/pousse-tube.jpg\",\"datePublished\":\"2025-10-13T14:14:18+00:00\",\"dateModified\":\"2026-01-26T09:20:05+00:00\",\"description\":\"Le Presse-Tube LPN Nails est un outil simple et efficace con\u00e7u pour extraire facilement la totalit\u00e9 du produit contenu dans les tubes de polygel, acrygel ou cr\u00e8me. Sa fente ajust\u00e9e assure une pression uniforme sans endommager le tube, vous permettant d\u2019utiliser 100 % du contenu sans effort.\",\"breadcrumb\":{\"@id\":\"https:\\\/\\\/www.lpnnails.fr\\\/produit\\\/presse-tube\\\/#breadcrumb\"},\"inLanguage\":\"en-US\",\"potentialAction\":[{\"@type\":\"ReadAction\",\"target\":[\"https:\\\/\\\/www.lpnnails.fr\\\/produit\\\/presse-tube\\\/\"]}]},{\"@type\":\"ImageObject\",\"inLanguage\":\"en-US\",\"@id\":\"https:\\\/\\\/www.lpnnails.fr\\\/produit\\\/presse-tube\\\/#primaryimage\",\"url\":\"https:\\\/\\\/www.lpnnails.fr\\\/wp-content\\\/uploads\\\/2025\\\/10\\\/pousse-tube.jpg\",\"contentUrl\":\"https:\\\/\\\/www.lpnnails.fr\\\/wp-content\\\/uploads\\\/2025\\\/10\\\/pousse-tube.jpg\",\"width\":1024,\"height\":1024,\"caption\":\"presse tube\"},{\"@type\":\"BreadcrumbList\",\"@id\":\"https:\\\/\\\/www.lpnnails.fr\\\/produit\\\/presse-tube\\\/#breadcrumb\",\"itemListElement\":[{\"@type\":\"ListItem\",\"position\":1,\"name\":\"Accueil\",\"item\":\"https:\\\/\\\/www.lpnnails.fr\\\/\"},{\"@type\":\"ListItem\",\"position\":2,\"name\":\"Boutique\",\"item\":\"https:\\\/\\\/www.lpnnails.fr\\\/boutique\\\/\"},{\"@type\":\"ListItem\",\"position\":3,\"name\":\"Presse tube\"}]},{\"@type\":\"WebSite\",\"@id\":\"https:\\\/\\\/www.lpnnails.fr\\\/#website\",\"url\":\"https:\\\/\\\/www.lpnnails.fr\\\/\",\"name\":\"LPN Nails\",\"description\":\"\",\"publisher\":{\"@id\":\"https:\\\/\\\/www.lpnnails.fr\\\/#organization\"},\"potentialAction\":[{\"@type\":\"SearchAction\",\"target\":{\"@type\":\"EntryPoint\",\"urlTemplate\":\"https:\\\/\\\/www.lpnnails.fr\\\/?s={search_term_string}\"},\"query-input\":{\"@type\":\"PropertyValueSpecification\",\"valueRequired\":true,\"valueName\":\"search_term_string\"}}],\"inLanguage\":\"en-US\"},{\"@type\":\"Organization\",\"@id\":\"https:\\\/\\\/www.lpnnails.fr\\\/#organization\",\"name\":\"LPN Nails\",\"url\":\"https:\\\/\\\/www.lpnnails.fr\\\/\",\"logo\":{\"@type\":\"ImageObject\",\"inLanguage\":\"en-US\",\"@id\":\"https:\\\/\\\/www.lpnnails.fr\\\/#\\\/schema\\\/logo\\\/image\\\/\",\"url\":\"https:\\\/\\\/www.lpnnails.fr\\\/wp-content\\\/uploads\\\/2025\\\/11\\\/Design-sans-titre-2.png\",\"contentUrl\":\"https:\\\/\\\/www.lpnnails.fr\\\/wp-content\\\/uploads\\\/2025\\\/11\\\/Design-sans-titre-2.png\",\"width\":512,\"height\":512,\"caption\":\"LPN Nails\"},\"image\":{\"@id\":\"https:\\\/\\\/www.lpnnails.fr\\\/#\\\/schema\\\/logo\\\/image\\\/\"},\"sameAs\":[\"https:\\\/\\\/www.facebook.com\\\/profile.php?id=61573655313488#\",\"https:\\\/\\\/www.instagram.com\\\/lpnnails\\\/\",\"https:\\\/\\\/www.linkedin.com\\\/company\\\/lpnnails\\\/\",\"https:\\\/\\\/www.youtube.com\\\/@LPNNails\\\/\"]}]}<\/script>\n<!-- \/ Yoast SEO plugin. -->","yoast_head_json":{"title":"Presse tube - LPN Nails","description":"Le Presse-Tube LPN Nails est un outil simple et efficace con\u00e7u pour extraire facilement la totalit\u00e9 du produit contenu dans les tubes de polygel, acrygel ou cr\u00e8me. Sa fente ajust\u00e9e assure une pression uniforme sans endommager le tube, vous permettant d\u2019utiliser 100 % du contenu sans effort.","robots":{"index":"index","follow":"follow","max-snippet":"max-snippet:-1","max-image-preview":"max-image-preview:large","max-video-preview":"max-video-preview:-1"},"canonical":"https:\/\/www.lpnnails.fr\/en\/product\/presse-tube\/","og_locale":"en_US","og_type":"article","og_title":"Presse tube - LPN Nails","og_description":"Le Presse-Tube LPN Nails est un outil simple et efficace con\u00e7u pour extraire facilement la totalit\u00e9 du produit contenu dans les tubes de polygel, acrygel ou cr\u00e8me. Sa fente ajust\u00e9e assure une pression uniforme sans endommager le tube, vous permettant d\u2019utiliser 100 % du contenu sans effort.","og_url":"https:\/\/www.lpnnails.fr\/en\/product\/presse-tube\/","og_site_name":"LPN Nails","article_publisher":"https:\/\/www.facebook.com\/profile.php?id=61573655313488#","article_modified_time":"2026-01-26T09:20:05+00:00","og_image":[{"width":1024,"height":1024,"url":"https:\/\/www.lpnnails.fr\/wp-content\/uploads\/2025\/10\/pousse-tube.jpg","type":"image\/jpeg"}],"twitter_card":"summary_large_image","twitter_misc":{"Est. reading time":"1 minute"},"schema":{"@context":"https:\/\/schema.org","@graph":[{"@type":"WebPage","@id":"https:\/\/www.lpnnails.fr\/produit\/presse-tube\/","url":"https:\/\/www.lpnnails.fr\/produit\/presse-tube\/","name":"Presse tube - LPN Nails","isPartOf":{"@id":"https:\/\/www.lpnnails.fr\/#website"},"primaryImageOfPage":{"@id":"https:\/\/www.lpnnails.fr\/produit\/presse-tube\/#primaryimage"},"image":{"@id":"https:\/\/www.lpnnails.fr\/produit\/presse-tube\/#primaryimage"},"thumbnailUrl":"https:\/\/www.lpnnails.fr\/wp-content\/uploads\/2025\/10\/pousse-tube.jpg","datePublished":"2025-10-13T14:14:18+00:00","dateModified":"2026-01-26T09:20:05+00:00","description":"Le Presse-Tube LPN Nails est un outil simple et efficace con\u00e7u pour extraire facilement la totalit\u00e9 du produit contenu dans les tubes de polygel, acrygel ou cr\u00e8me. Sa fente ajust\u00e9e assure une pression uniforme sans endommager le tube, vous permettant d\u2019utiliser 100 % du contenu sans effort.","breadcrumb":{"@id":"https:\/\/www.lpnnails.fr\/produit\/presse-tube\/#breadcrumb"},"inLanguage":"en-US","potentialAction":[{"@type":"ReadAction","target":["https:\/\/www.lpnnails.fr\/produit\/presse-tube\/"]}]},{"@type":"ImageObject","inLanguage":"en-US","@id":"https:\/\/www.lpnnails.fr\/produit\/presse-tube\/#primaryimage","url":"https:\/\/www.lpnnails.fr\/wp-content\/uploads\/2025\/10\/pousse-tube.jpg","contentUrl":"https:\/\/www.lpnnails.fr\/wp-content\/uploads\/2025\/10\/pousse-tube.jpg","width":1024,"height":1024,"caption":"presse tube"},{"@type":"BreadcrumbList","@id":"https:\/\/www.lpnnails.fr\/produit\/presse-tube\/#breadcrumb","itemListElement":[{"@type":"ListItem","position":1,"name":"Accueil","item":"https:\/\/www.lpnnails.fr\/"},{"@type":"ListItem","position":2,"name":"Boutique","item":"https:\/\/www.lpnnails.fr\/boutique\/"},{"@type":"ListItem","position":3,"name":"Presse tube"}]},{"@type":"WebSite","@id":"https:\/\/www.lpnnails.fr\/#website","url":"https:\/\/www.lpnnails.fr\/","name":"LPN Nails","description":"","publisher":{"@id":"https:\/\/www.lpnnails.fr\/#organization"},"potentialAction":[{"@type":"SearchAction","target":{"@type":"EntryPoint","urlTemplate":"https:\/\/www.lpnnails.fr\/?s={search_term_string}"},"query-input":{"@type":"PropertyValueSpecification","valueRequired":true,"valueName":"search_term_string"}}],"inLanguage":"en-US"},{"@type":"Organization","@id":"https:\/\/www.lpnnails.fr\/#organization","name":"LPN Nails","url":"https:\/\/www.lpnnails.fr\/","logo":{"@type":"ImageObject","inLanguage":"en-US","@id":"https:\/\/www.lpnnails.fr\/#\/schema\/logo\/image\/","url":"https:\/\/www.lpnnails.fr\/wp-content\/uploads\/2025\/11\/Design-sans-titre-2.png","contentUrl":"https:\/\/www.lpnnails.fr\/wp-content\/uploads\/2025\/11\/Design-sans-titre-2.png","width":512,"height":512,"caption":"LPN Nails"},"image":{"@id":"https:\/\/www.lpnnails.fr\/#\/schema\/logo\/image\/"},"sameAs":["https:\/\/www.facebook.com\/profile.php?id=61573655313488#","https:\/\/www.instagram.com\/lpnnails\/","https:\/\/www.linkedin.com\/company\/lpnnails\/","https:\/\/www.youtube.com\/@LPNNails\/"]}]}},"uagb_featured_image_src":{"full":["https:\/\/www.lpnnails.fr\/wp-content\/uploads\/2025\/10\/pousse-tube.jpg",1024,1024,false],"thumbnail":["https:\/\/www.lpnnails.fr\/wp-content\/uploads\/2025\/10\/pousse-tube-150x150.jpg",150,150,true],"medium":["https:\/\/www.lpnnails.fr\/wp-content\/uploads\/2025\/10\/pousse-tube-300x300.jpg",300,300,true],"medium_large":["https:\/\/www.lpnnails.fr\/wp-content\/uploads\/2025\/10\/pousse-tube-768x768.jpg",768,768,true],"large":["https:\/\/www.lpnnails.fr\/wp-content\/uploads\/2025\/10\/pousse-tube.jpg",1024,1024,false],"1536x1536":["https:\/\/www.lpnnails.fr\/wp-content\/uploads\/2025\/10\/pousse-tube.jpg",1024,1024,false],"2048x2048":["https:\/\/www.lpnnails.fr\/wp-content\/uploads\/2025\/10\/pousse-tube.jpg",1024,1024,false],"trp-custom-language-flag":["https:\/\/www.lpnnails.fr\/wp-content\/uploads\/2025\/10\/pousse-tube.jpg",12,12,false],"mailpoet_newsletter_max":["https:\/\/www.lpnnails.fr\/wp-content\/uploads\/2025\/10\/pousse-tube.jpg",1024,1024,false],"woocommerce_thumbnail":["https:\/\/www.lpnnails.fr\/wp-content\/uploads\/2025\/10\/pousse-tube-300x300.jpg",300,300,true],"woocommerce_single":["https:\/\/www.lpnnails.fr\/wp-content\/uploads\/2025\/10\/pousse-tube-600x600.jpg",600,600,true],"woocommerce_gallery_thumbnail":["https:\/\/www.lpnnails.fr\/wp-content\/uploads\/2025\/10\/pousse-tube-100x100.jpg",100,100,true],"variation_swatches_image_size":["https:\/\/www.lpnnails.fr\/wp-content\/uploads\/2025\/10\/pousse-tube-50x50.jpg",50,50,true],"variation_swatches_tooltip_size":["https:\/\/www.lpnnails.fr\/wp-content\/uploads\/2025\/10\/pousse-tube-100x100.jpg",100,100,true]},"uagb_author_info":{"display_name":"LPN Nails","author_link":"https:\/\/www.lpnnails.fr\/en\/author\/"},"uagb_comment_info":0,"uagb_excerpt":"Le Presse-Tube LPN Nails est un outil simple et efficace con\u00e7u pour extraire facilement la totalit\u00e9 du produit contenu dans [&hellip;]","_links":{"self":[{"href":"https:\/\/www.lpnnails.fr\/en\/wp-json\/wp\/v2\/product\/8553","targetHints":{"allow":["GET"]}}],"collection":[{"href":"https:\/\/www.lpnnails.fr\/en\/wp-json\/wp\/v2\/product"}],"about":[{"href":"https:\/\/www.lpnnails.fr\/en\/wp-json\/wp\/v2\/types\/product"}],"replies":[{"embeddable":true,"href":"https:\/\/www.lpnnails.fr\/en\/wp-json\/wp\/v2\/comments?post=8553"}],"wp:featuredmedia":[{"embeddable":true,"href":"https:\/\/www.lpnnails.fr\/en\/wp-json\/wp\/v2\/media\/8554"}],"wp:attachment":[{"href":"https:\/\/www.lpnnails.fr\/en\/wp-json\/wp\/v2\/media?parent=8553"}],"wp:term":[{"taxonomy":"product_brand","embeddable":true,"href":"https:\/\/www.lpnnails.fr\/en\/wp-json\/wp\/v2\/product_brand?post=8553"},{"taxonomy":"product_cat","embeddable":true,"href":"https:\/\/www.lpnnails.fr\/en\/wp-json\/wp\/v2\/product_cat?post=8553"},{"taxonomy":"product_tag","embeddable":true,"href":"https:\/\/www.lpnnails.fr\/en\/wp-json\/wp\/v2\/product_tag?post=8553"}],"curies":[{"name":"wp","href":"https:\/\/api.w.org\/{rel}","templated":true}]}}