{"id":8541,"date":"2025-10-13T14:39:03","date_gmt":"2025-10-13T12:39:03","guid":{"rendered":"https:\/\/www.lpnnails.fr\/?post_type=product&#038;p=8541"},"modified":"2026-03-06T14:53:28","modified_gmt":"2026-03-06T13:53:28","slug":"microbrush","status":"publish","type":"product","link":"https:\/\/www.lpnnails.fr\/en\/product\/microbrush\/","title":{"rendered":"Microbrush"},"content":{"rendered":"<p data-start=\"215\" data-end=\"581\">The <strong data-start=\"238\" data-end=\"262\">Microbrush LPN Nails<\/strong> sont de petits applicateurs jetables con\u00e7us pour les <strong data-start=\"316\" data-end=\"345\">applications de pr\u00e9cision<\/strong> en manucure et nail art. Leur embout en fibre douce permet d\u2019appliquer, de corriger ou de nettoyer sans ab\u00eemer la pose. Parfaits pour le <strong data-start=\"483\" data-end=\"516\">Primer, Cleaner, colle ou gel<\/strong>, ils garantissent une <strong data-start=\"539\" data-end=\"578\">application contr\u00f4l\u00e9e et hygi\u00e9nique<\/strong>.<\/p>\n<p data-start=\"583\" data-end=\"612\"><strong data-start=\"583\" data-end=\"610\">Why use them?<\/strong><\/p>\n<ul>\n<li data-start=\"615\" data-end=\"668\"><strong data-start=\"615\" data-end=\"644\">Application ultra pr\u00e9cise<\/strong> sur de petites zones.<\/li>\n<li data-start=\"615\" data-end=\"668\"><strong data-start=\"671\" data-end=\"747\">Id\u00e9al pour le primer, la colle \u00e0 capsule, le cleaner ou les d\u00e9corations.<\/strong><\/li>\n<li data-start=\"615\" data-end=\"668\"><strong data-start=\"752\" data-end=\"770\">Ne peluche pas<\/strong>, ne laisse aucun r\u00e9sidu.<\/li>\n<li data-start=\"615\" data-end=\"668\"><strong data-start=\"800\" data-end=\"827\">Jetables et hygi\u00e9niques<\/strong> pour un usage professionnel.<\/li>\n<li data-start=\"615\" data-end=\"668\">Parfaits aussi pour <strong data-start=\"881\" data-end=\"906\">correct outlines<\/strong> ou enlever l\u2019exc\u00e9dent de produit.<\/li>\n<\/ul>\n<p data-start=\"944\" data-end=\"974\"><strong data-start=\"944\" data-end=\"972\">Conseils d\u2019utilisation :<\/strong><\/p>\n<ol>\n<li data-start=\"978\" data-end=\"1051\">Trempez le microbrush dans le produit souhait\u00e9 (primer, cleaner, etc.).<\/li>\n<li data-start=\"978\" data-end=\"1051\">Appliquez d\u00e9licatement sur la zone cibl\u00e9e.<\/li>\n<li data-start=\"978\" data-end=\"1051\">Jetez le microbrush apr\u00e8s usage pour une hygi\u00e8ne optimale.<\/li>\n<\/ol>\n<p data-start=\"1165\" data-end=\"1253\"><strong data-start=\"1226\" data-end=\"1240\">Quantit\u00e9 :<\/strong> 50 pi\u00e8ces<\/p>","protected":false},"excerpt":{"rendered":"<p>Les Microbrush LPN Nails sont de petits applicateurs jetables con\u00e7us pour les applications de pr\u00e9cision en manucure et nail art. [&hellip;]<\/p>\n","protected":false},"featured_media":8544,"comment_status":"open","ping_status":"closed","template":"","meta":{"_uag_custom_page_level_css":"","site-sidebar-layout":"default","site-content-layout":"","ast-site-content-layout":"default","site-content-style":"default","site-sidebar-style":"default","ast-global-header-display":"","ast-banner-title-visibility":"","ast-main-header-display":"","ast-hfb-above-header-display":"","ast-hfb-below-header-display":"","ast-hfb-mobile-header-display":"","site-post-title":"","ast-breadcrumbs-content":"","ast-featured-img":"","footer-sml-layout":"","ast-disable-related-posts":"","theme-transparent-header-meta":"default","adv-header-id-meta":"","stick-header-meta":"","header-above-stick-meta":"","header-main-stick-meta":"","header-below-stick-meta":"","astra-migrate-meta-layouts":"set","ast-page-background-enabled":"default","ast-page-background-meta":{"desktop":{"background-color":"var(--ast-global-color-4)","background-image":"","background-repeat":"repeat","background-position":"center center","background-size":"auto","background-attachment":"scroll","background-type":"","background-media":"","overlay-type":"","overlay-color":"","overlay-opacity":"","overlay-gradient":""},"tablet":{"background-color":"","background-image":"","background-repeat":"repeat","background-position":"center center","background-size":"auto","background-attachment":"scroll","background-type":"","background-media":"","overlay-type":"","overlay-color":"","overlay-opacity":"","overlay-gradient":""},"mobile":{"background-color":"","background-image":"","background-repeat":"repeat","background-position":"center center","background-size":"auto","background-attachment":"scroll","background-type":"","background-media":"","overlay-type":"","overlay-color":"","overlay-opacity":"","overlay-gradient":""}},"ast-content-background-meta":{"desktop":{"background-color":"var(--ast-global-color-5)","background-image":"","background-repeat":"repeat","background-position":"center center","background-size":"auto","background-attachment":"scroll","background-type":"","background-media":"","overlay-type":"","overlay-color":"","overlay-opacity":"","overlay-gradient":""},"tablet":{"background-color":"var(--ast-global-color-5)","background-image":"","background-repeat":"repeat","background-position":"center center","background-size":"auto","background-attachment":"scroll","background-type":"","background-media":"","overlay-type":"","overlay-color":"","overlay-opacity":"","overlay-gradient":""},"mobile":{"background-color":"var(--ast-global-color-5)","background-image":"","background-repeat":"repeat","background-position":"center center","background-size":"auto","background-attachment":"scroll","background-type":"","background-media":"","overlay-type":"","overlay-color":"","overlay-opacity":"","overlay-gradient":""}}},"product_brand":[254],"product_cat":[232,238,199],"product_tag":[],"class_list":{"0":"post-8541","1":"product","2":"type-product","3":"status-publish","4":"has-post-thumbnail","6":"product_brand-lpnnails","7":"product_cat-hygiene-et-soins","8":"product_cat-nouveau","9":"product_cat-tous-les-produits","10":"desktop-align-left","11":"tablet-align-left","12":"mobile-align-left","14":"first","15":"outofstock","16":"shipping-taxable","17":"purchasable","18":"product-type-simple"},"yoast_head":"<!-- This site is optimized with the Yoast SEO plugin v27.3 - https:\/\/yoast.com\/product\/yoast-seo-wordpress\/ -->\n<title>Microbrush - LPN Nails<\/title>\n<meta name=\"description\" content=\"Les Microbrush LPN Nails sont de petits applicateurs jetables con\u00e7us pour les applications de pr\u00e9cision en manucure et nail art. Leur embout en fibre douce permet d\u2019appliquer, de corriger ou de nettoyer sans ab\u00eemer la pose. Parfaits pour le Primer, Cleaner, colle ou gel, ils garantissent une application contr\u00f4l\u00e9e et hygi\u00e9nique.\" \/>\n<meta name=\"robots\" content=\"index, follow, max-snippet:-1, max-image-preview:large, max-video-preview:-1\" \/>\n<link rel=\"canonical\" href=\"https:\/\/www.lpnnails.fr\/en\/product\/microbrush\/\" \/>\n<meta property=\"og:locale\" content=\"en_US\" \/>\n<meta property=\"og:type\" content=\"article\" \/>\n<meta property=\"og:title\" content=\"Microbrush - LPN Nails\" \/>\n<meta property=\"og:description\" content=\"Les Microbrush LPN Nails sont de petits applicateurs jetables con\u00e7us pour les applications de pr\u00e9cision en manucure et nail art. Leur embout en fibre douce permet d\u2019appliquer, de corriger ou de nettoyer sans ab\u00eemer la pose. Parfaits pour le Primer, Cleaner, colle ou gel, ils garantissent une application contr\u00f4l\u00e9e et hygi\u00e9nique.\" \/>\n<meta property=\"og:url\" content=\"https:\/\/www.lpnnails.fr\/en\/product\/microbrush\/\" \/>\n<meta property=\"og:site_name\" content=\"LPN Nails\" \/>\n<meta property=\"article:publisher\" content=\"https:\/\/www.facebook.com\/profile.php?id=61573655313488#\" \/>\n<meta property=\"article:modified_time\" content=\"2026-03-06T13:53:28+00:00\" \/>\n<meta property=\"og:image\" content=\"https:\/\/www.lpnnails.fr\/wp-content\/uploads\/2025\/10\/microbrush-2.jpg\" \/>\n\t<meta property=\"og:image:width\" content=\"1024\" \/>\n\t<meta property=\"og:image:height\" content=\"1024\" \/>\n\t<meta property=\"og:image:type\" content=\"image\/jpeg\" \/>\n<meta name=\"twitter:card\" content=\"summary_large_image\" \/>\n<meta name=\"twitter:label1\" content=\"Est. reading time\" \/>\n\t<meta name=\"twitter:data1\" content=\"1 minute\" \/>\n<script type=\"application\/ld+json\" class=\"yoast-schema-graph\">{\"@context\":\"https:\\\/\\\/schema.org\",\"@graph\":[{\"@type\":\"WebPage\",\"@id\":\"https:\\\/\\\/www.lpnnails.fr\\\/produit\\\/microbrush\\\/\",\"url\":\"https:\\\/\\\/www.lpnnails.fr\\\/produit\\\/microbrush\\\/\",\"name\":\"Microbrush - LPN Nails\",\"isPartOf\":{\"@id\":\"https:\\\/\\\/www.lpnnails.fr\\\/#website\"},\"primaryImageOfPage\":{\"@id\":\"https:\\\/\\\/www.lpnnails.fr\\\/produit\\\/microbrush\\\/#primaryimage\"},\"image\":{\"@id\":\"https:\\\/\\\/www.lpnnails.fr\\\/produit\\\/microbrush\\\/#primaryimage\"},\"thumbnailUrl\":\"https:\\\/\\\/www.lpnnails.fr\\\/wp-content\\\/uploads\\\/2025\\\/10\\\/microbrush-2.jpg\",\"datePublished\":\"2025-10-13T12:39:03+00:00\",\"dateModified\":\"2026-03-06T13:53:28+00:00\",\"description\":\"Les Microbrush LPN Nails sont de petits applicateurs jetables con\u00e7us pour les applications de pr\u00e9cision en manucure et nail art. Leur embout en fibre douce permet d\u2019appliquer, de corriger ou de nettoyer sans ab\u00eemer la pose. Parfaits pour le Primer, Cleaner, colle ou gel, ils garantissent une application contr\u00f4l\u00e9e et hygi\u00e9nique.\",\"breadcrumb\":{\"@id\":\"https:\\\/\\\/www.lpnnails.fr\\\/produit\\\/microbrush\\\/#breadcrumb\"},\"inLanguage\":\"en-US\",\"potentialAction\":[{\"@type\":\"ReadAction\",\"target\":[\"https:\\\/\\\/www.lpnnails.fr\\\/produit\\\/microbrush\\\/\"]}]},{\"@type\":\"ImageObject\",\"inLanguage\":\"en-US\",\"@id\":\"https:\\\/\\\/www.lpnnails.fr\\\/produit\\\/microbrush\\\/#primaryimage\",\"url\":\"https:\\\/\\\/www.lpnnails.fr\\\/wp-content\\\/uploads\\\/2025\\\/10\\\/microbrush-2.jpg\",\"contentUrl\":\"https:\\\/\\\/www.lpnnails.fr\\\/wp-content\\\/uploads\\\/2025\\\/10\\\/microbrush-2.jpg\",\"width\":1024,\"height\":1024,\"caption\":\"microbrush\"},{\"@type\":\"BreadcrumbList\",\"@id\":\"https:\\\/\\\/www.lpnnails.fr\\\/produit\\\/microbrush\\\/#breadcrumb\",\"itemListElement\":[{\"@type\":\"ListItem\",\"position\":1,\"name\":\"Accueil\",\"item\":\"https:\\\/\\\/www.lpnnails.fr\\\/\"},{\"@type\":\"ListItem\",\"position\":2,\"name\":\"Boutique\",\"item\":\"https:\\\/\\\/www.lpnnails.fr\\\/boutique\\\/\"},{\"@type\":\"ListItem\",\"position\":3,\"name\":\"Microbrush\"}]},{\"@type\":\"WebSite\",\"@id\":\"https:\\\/\\\/www.lpnnails.fr\\\/#website\",\"url\":\"https:\\\/\\\/www.lpnnails.fr\\\/\",\"name\":\"LPN Nails\",\"description\":\"\",\"publisher\":{\"@id\":\"https:\\\/\\\/www.lpnnails.fr\\\/#organization\"},\"potentialAction\":[{\"@type\":\"SearchAction\",\"target\":{\"@type\":\"EntryPoint\",\"urlTemplate\":\"https:\\\/\\\/www.lpnnails.fr\\\/?s={search_term_string}\"},\"query-input\":{\"@type\":\"PropertyValueSpecification\",\"valueRequired\":true,\"valueName\":\"search_term_string\"}}],\"inLanguage\":\"en-US\"},{\"@type\":\"Organization\",\"@id\":\"https:\\\/\\\/www.lpnnails.fr\\\/#organization\",\"name\":\"LPN Nails\",\"url\":\"https:\\\/\\\/www.lpnnails.fr\\\/\",\"logo\":{\"@type\":\"ImageObject\",\"inLanguage\":\"en-US\",\"@id\":\"https:\\\/\\\/www.lpnnails.fr\\\/#\\\/schema\\\/logo\\\/image\\\/\",\"url\":\"https:\\\/\\\/www.lpnnails.fr\\\/wp-content\\\/uploads\\\/2025\\\/11\\\/Design-sans-titre-2.png\",\"contentUrl\":\"https:\\\/\\\/www.lpnnails.fr\\\/wp-content\\\/uploads\\\/2025\\\/11\\\/Design-sans-titre-2.png\",\"width\":512,\"height\":512,\"caption\":\"LPN Nails\"},\"image\":{\"@id\":\"https:\\\/\\\/www.lpnnails.fr\\\/#\\\/schema\\\/logo\\\/image\\\/\"},\"sameAs\":[\"https:\\\/\\\/www.facebook.com\\\/profile.php?id=61573655313488#\",\"https:\\\/\\\/www.instagram.com\\\/lpnnails\\\/\",\"https:\\\/\\\/www.linkedin.com\\\/company\\\/lpnnails\\\/\",\"https:\\\/\\\/www.youtube.com\\\/@LPNNails\\\/\"]}]}<\/script>\n<!-- \/ Yoast SEO plugin. -->","yoast_head_json":{"title":"Microbrush - LPN Nails","description":"Les Microbrush LPN Nails sont de petits applicateurs jetables con\u00e7us pour les applications de pr\u00e9cision en manucure et nail art. Leur embout en fibre douce permet d\u2019appliquer, de corriger ou de nettoyer sans ab\u00eemer la pose. Parfaits pour le Primer, Cleaner, colle ou gel, ils garantissent une application contr\u00f4l\u00e9e et hygi\u00e9nique.","robots":{"index":"index","follow":"follow","max-snippet":"max-snippet:-1","max-image-preview":"max-image-preview:large","max-video-preview":"max-video-preview:-1"},"canonical":"https:\/\/www.lpnnails.fr\/en\/product\/microbrush\/","og_locale":"en_US","og_type":"article","og_title":"Microbrush - LPN Nails","og_description":"Les Microbrush LPN Nails sont de petits applicateurs jetables con\u00e7us pour les applications de pr\u00e9cision en manucure et nail art. Leur embout en fibre douce permet d\u2019appliquer, de corriger ou de nettoyer sans ab\u00eemer la pose. Parfaits pour le Primer, Cleaner, colle ou gel, ils garantissent une application contr\u00f4l\u00e9e et hygi\u00e9nique.","og_url":"https:\/\/www.lpnnails.fr\/en\/product\/microbrush\/","og_site_name":"LPN Nails","article_publisher":"https:\/\/www.facebook.com\/profile.php?id=61573655313488#","article_modified_time":"2026-03-06T13:53:28+00:00","og_image":[{"width":1024,"height":1024,"url":"https:\/\/www.lpnnails.fr\/wp-content\/uploads\/2025\/10\/microbrush-2.jpg","type":"image\/jpeg"}],"twitter_card":"summary_large_image","twitter_misc":{"Est. reading time":"1 minute"},"schema":{"@context":"https:\/\/schema.org","@graph":[{"@type":"WebPage","@id":"https:\/\/www.lpnnails.fr\/produit\/microbrush\/","url":"https:\/\/www.lpnnails.fr\/produit\/microbrush\/","name":"Microbrush - LPN Nails","isPartOf":{"@id":"https:\/\/www.lpnnails.fr\/#website"},"primaryImageOfPage":{"@id":"https:\/\/www.lpnnails.fr\/produit\/microbrush\/#primaryimage"},"image":{"@id":"https:\/\/www.lpnnails.fr\/produit\/microbrush\/#primaryimage"},"thumbnailUrl":"https:\/\/www.lpnnails.fr\/wp-content\/uploads\/2025\/10\/microbrush-2.jpg","datePublished":"2025-10-13T12:39:03+00:00","dateModified":"2026-03-06T13:53:28+00:00","description":"Les Microbrush LPN Nails sont de petits applicateurs jetables con\u00e7us pour les applications de pr\u00e9cision en manucure et nail art. Leur embout en fibre douce permet d\u2019appliquer, de corriger ou de nettoyer sans ab\u00eemer la pose. Parfaits pour le Primer, Cleaner, colle ou gel, ils garantissent une application contr\u00f4l\u00e9e et hygi\u00e9nique.","breadcrumb":{"@id":"https:\/\/www.lpnnails.fr\/produit\/microbrush\/#breadcrumb"},"inLanguage":"en-US","potentialAction":[{"@type":"ReadAction","target":["https:\/\/www.lpnnails.fr\/produit\/microbrush\/"]}]},{"@type":"ImageObject","inLanguage":"en-US","@id":"https:\/\/www.lpnnails.fr\/produit\/microbrush\/#primaryimage","url":"https:\/\/www.lpnnails.fr\/wp-content\/uploads\/2025\/10\/microbrush-2.jpg","contentUrl":"https:\/\/www.lpnnails.fr\/wp-content\/uploads\/2025\/10\/microbrush-2.jpg","width":1024,"height":1024,"caption":"microbrush"},{"@type":"BreadcrumbList","@id":"https:\/\/www.lpnnails.fr\/produit\/microbrush\/#breadcrumb","itemListElement":[{"@type":"ListItem","position":1,"name":"Accueil","item":"https:\/\/www.lpnnails.fr\/"},{"@type":"ListItem","position":2,"name":"Boutique","item":"https:\/\/www.lpnnails.fr\/boutique\/"},{"@type":"ListItem","position":3,"name":"Microbrush"}]},{"@type":"WebSite","@id":"https:\/\/www.lpnnails.fr\/#website","url":"https:\/\/www.lpnnails.fr\/","name":"LPN Nails","description":"","publisher":{"@id":"https:\/\/www.lpnnails.fr\/#organization"},"potentialAction":[{"@type":"SearchAction","target":{"@type":"EntryPoint","urlTemplate":"https:\/\/www.lpnnails.fr\/?s={search_term_string}"},"query-input":{"@type":"PropertyValueSpecification","valueRequired":true,"valueName":"search_term_string"}}],"inLanguage":"en-US"},{"@type":"Organization","@id":"https:\/\/www.lpnnails.fr\/#organization","name":"LPN Nails","url":"https:\/\/www.lpnnails.fr\/","logo":{"@type":"ImageObject","inLanguage":"en-US","@id":"https:\/\/www.lpnnails.fr\/#\/schema\/logo\/image\/","url":"https:\/\/www.lpnnails.fr\/wp-content\/uploads\/2025\/11\/Design-sans-titre-2.png","contentUrl":"https:\/\/www.lpnnails.fr\/wp-content\/uploads\/2025\/11\/Design-sans-titre-2.png","width":512,"height":512,"caption":"LPN Nails"},"image":{"@id":"https:\/\/www.lpnnails.fr\/#\/schema\/logo\/image\/"},"sameAs":["https:\/\/www.facebook.com\/profile.php?id=61573655313488#","https:\/\/www.instagram.com\/lpnnails\/","https:\/\/www.linkedin.com\/company\/lpnnails\/","https:\/\/www.youtube.com\/@LPNNails\/"]}]}},"uagb_featured_image_src":{"full":["https:\/\/www.lpnnails.fr\/wp-content\/uploads\/2025\/10\/microbrush-2.jpg",1024,1024,false],"thumbnail":["https:\/\/www.lpnnails.fr\/wp-content\/uploads\/2025\/10\/microbrush-2-150x150.jpg",150,150,true],"medium":["https:\/\/www.lpnnails.fr\/wp-content\/uploads\/2025\/10\/microbrush-2-300x300.jpg",300,300,true],"medium_large":["https:\/\/www.lpnnails.fr\/wp-content\/uploads\/2025\/10\/microbrush-2-768x768.jpg",768,768,true],"large":["https:\/\/www.lpnnails.fr\/wp-content\/uploads\/2025\/10\/microbrush-2.jpg",1024,1024,false],"1536x1536":["https:\/\/www.lpnnails.fr\/wp-content\/uploads\/2025\/10\/microbrush-2.jpg",1024,1024,false],"2048x2048":["https:\/\/www.lpnnails.fr\/wp-content\/uploads\/2025\/10\/microbrush-2.jpg",1024,1024,false],"trp-custom-language-flag":["https:\/\/www.lpnnails.fr\/wp-content\/uploads\/2025\/10\/microbrush-2.jpg",12,12,false],"mailpoet_newsletter_max":["https:\/\/www.lpnnails.fr\/wp-content\/uploads\/2025\/10\/microbrush-2.jpg",1024,1024,false],"woocommerce_thumbnail":["https:\/\/www.lpnnails.fr\/wp-content\/uploads\/2025\/10\/microbrush-2-300x300.jpg",300,300,true],"woocommerce_single":["https:\/\/www.lpnnails.fr\/wp-content\/uploads\/2025\/10\/microbrush-2-600x600.jpg",600,600,true],"woocommerce_gallery_thumbnail":["https:\/\/www.lpnnails.fr\/wp-content\/uploads\/2025\/10\/microbrush-2-100x100.jpg",100,100,true],"variation_swatches_image_size":["https:\/\/www.lpnnails.fr\/wp-content\/uploads\/2025\/10\/microbrush-2-50x50.jpg",50,50,true],"variation_swatches_tooltip_size":["https:\/\/www.lpnnails.fr\/wp-content\/uploads\/2025\/10\/microbrush-2-100x100.jpg",100,100,true]},"uagb_author_info":{"display_name":"LPN Nails","author_link":"https:\/\/www.lpnnails.fr\/en\/author\/"},"uagb_comment_info":0,"uagb_excerpt":"Les Microbrush LPN Nails sont de petits applicateurs jetables con\u00e7us pour les applications de pr\u00e9cision en manucure et nail art. [&hellip;]","_links":{"self":[{"href":"https:\/\/www.lpnnails.fr\/en\/wp-json\/wp\/v2\/product\/8541","targetHints":{"allow":["GET"]}}],"collection":[{"href":"https:\/\/www.lpnnails.fr\/en\/wp-json\/wp\/v2\/product"}],"about":[{"href":"https:\/\/www.lpnnails.fr\/en\/wp-json\/wp\/v2\/types\/product"}],"replies":[{"embeddable":true,"href":"https:\/\/www.lpnnails.fr\/en\/wp-json\/wp\/v2\/comments?post=8541"}],"wp:featuredmedia":[{"embeddable":true,"href":"https:\/\/www.lpnnails.fr\/en\/wp-json\/wp\/v2\/media\/8544"}],"wp:attachment":[{"href":"https:\/\/www.lpnnails.fr\/en\/wp-json\/wp\/v2\/media?parent=8541"}],"wp:term":[{"taxonomy":"product_brand","embeddable":true,"href":"https:\/\/www.lpnnails.fr\/en\/wp-json\/wp\/v2\/product_brand?post=8541"},{"taxonomy":"product_cat","embeddable":true,"href":"https:\/\/www.lpnnails.fr\/en\/wp-json\/wp\/v2\/product_cat?post=8541"},{"taxonomy":"product_tag","embeddable":true,"href":"https:\/\/www.lpnnails.fr\/en\/wp-json\/wp\/v2\/product_tag?post=8541"}],"curies":[{"name":"wp","href":"https:\/\/api.w.org\/{rel}","templated":true}]}}