{"id":8529,"date":"2025-10-13T09:58:06","date_gmt":"2025-10-13T07:58:06","guid":{"rendered":"https:\/\/www.lpnnails.fr\/?post_type=product&#038;p=8529"},"modified":"2026-01-27T23:46:09","modified_gmt":"2026-01-27T22:46:09","slug":"baton-de-nettoyage","status":"publish","type":"product","link":"https:\/\/www.lpnnails.fr\/en\/product\/baton-de-nettoyage\/","title":{"rendered":"B\u00e2ton de nettoyage"},"content":{"rendered":"<p data-start=\"356\" data-end=\"637\">The <strong data-start=\"379\" data-end=\"415\">b\u00e2tonnets de nettoyage LPN Nails<\/strong> sont sp\u00e9cialement con\u00e7us pour <strong data-start=\"446\" data-end=\"484\">corriger les petites imperfections<\/strong> pendant ou apr\u00e8s la pose. Leur forme fine et pointue permet d\u2019<strong data-start=\"547\" data-end=\"598\">enlever les d\u00e9bordements de vernis, gel ou base<\/strong>, sans toucher \u00e0 la plaque naturelle.<\/p>\n<p data-start=\"639\" data-end=\"668\"><strong data-start=\"639\" data-end=\"666\">Why use them?<\/strong><\/p>\n<ul>\n<li data-start=\"671\" data-end=\"744\">Id\u00e9als pour <strong data-start=\"683\" data-end=\"708\">correct outlines<\/strong> et retirer l\u2019exc\u00e9dent de produit.<\/li>\n<li data-start=\"671\" data-end=\"744\"><strong data-start=\"747\" data-end=\"765\">Pr\u00e9cis et doux<\/strong>, n\u2019ab\u00eement pas la peau ni la cuticule.<\/li>\n<li data-start=\"671\" data-end=\"744\"><strong data-start=\"809\" data-end=\"832\">Format court (7 cm)<\/strong>, facile \u00e0 manipuler.<\/li>\n<li data-start=\"671\" data-end=\"744\">Conviennent \u00e0 toutes les techniques : <strong data-start=\"896\" data-end=\"946\">gel, semi-permanent, acrygel, vernis classique<\/strong>.<\/li>\n<li data-start=\"671\" data-end=\"744\">Jetables et hygi\u00e9niques.<\/li>\n<\/ul>\n<p data-start=\"980\" data-end=\"1010\"><strong data-start=\"980\" data-end=\"1008\">Conseils d\u2019utilisation :<\/strong><\/p>\n<ol>\n<li data-start=\"1014\" data-end=\"1072\">Imbibez l\u00e9g\u00e8rement la pointe d\u2019un coton ou d\u2019un cleaner.<\/li>\n<li data-start=\"1014\" data-end=\"1072\">Passez d\u00e9licatement le b\u00e2tonnet sur les bords pour retirer l\u2019exc\u00e9dent de produit.<\/li>\n<li data-start=\"1014\" data-end=\"1072\">Utilisez une nouvelle extr\u00e9mit\u00e9 pour chaque ongle pour garantir une hygi\u00e8ne parfaite.<\/li>\n<\/ol>\n<p data-start=\"1252\" data-end=\"1330\"><strong data-start=\"1252\" data-end=\"1265\">Mati\u00e8re :<\/strong> Bois naturel<br data-start=\"1278\" data-end=\"1281\" \/><strong data-start=\"1281\" data-end=\"1295\">Longueur :<\/strong> 7 cm<br data-start=\"1300\" data-end=\"1303\" \/><strong data-start=\"1303\" data-end=\"1317\">Quantit\u00e9 :<\/strong> 100 pi\u00e8ces<\/p>","protected":false},"excerpt":{"rendered":"<p>Les b\u00e2tonnets de nettoyage LPN Nails sont sp\u00e9cialement con\u00e7us pour corriger les petites imperfections pendant ou apr\u00e8s la pose. Leur [&hellip;]<\/p>\n","protected":false},"featured_media":8514,"comment_status":"open","ping_status":"closed","template":"","meta":{"_uag_custom_page_level_css":"","site-sidebar-layout":"default","site-content-layout":"","ast-site-content-layout":"default","site-content-style":"default","site-sidebar-style":"default","ast-global-header-display":"","ast-banner-title-visibility":"","ast-main-header-display":"","ast-hfb-above-header-display":"","ast-hfb-below-header-display":"","ast-hfb-mobile-header-display":"","site-post-title":"","ast-breadcrumbs-content":"","ast-featured-img":"","footer-sml-layout":"","ast-disable-related-posts":"","theme-transparent-header-meta":"default","adv-header-id-meta":"","stick-header-meta":"","header-above-stick-meta":"","header-main-stick-meta":"","header-below-stick-meta":"","astra-migrate-meta-layouts":"set","ast-page-background-enabled":"default","ast-page-background-meta":{"desktop":{"background-color":"var(--ast-global-color-4)","background-image":"","background-repeat":"repeat","background-position":"center center","background-size":"auto","background-attachment":"scroll","background-type":"","background-media":"","overlay-type":"","overlay-color":"","overlay-opacity":"","overlay-gradient":""},"tablet":{"background-color":"","background-image":"","background-repeat":"repeat","background-position":"center center","background-size":"auto","background-attachment":"scroll","background-type":"","background-media":"","overlay-type":"","overlay-color":"","overlay-opacity":"","overlay-gradient":""},"mobile":{"background-color":"","background-image":"","background-repeat":"repeat","background-position":"center center","background-size":"auto","background-attachment":"scroll","background-type":"","background-media":"","overlay-type":"","overlay-color":"","overlay-opacity":"","overlay-gradient":""}},"ast-content-background-meta":{"desktop":{"background-color":"var(--ast-global-color-5)","background-image":"","background-repeat":"repeat","background-position":"center center","background-size":"auto","background-attachment":"scroll","background-type":"","background-media":"","overlay-type":"","overlay-color":"","overlay-opacity":"","overlay-gradient":""},"tablet":{"background-color":"var(--ast-global-color-5)","background-image":"","background-repeat":"repeat","background-position":"center center","background-size":"auto","background-attachment":"scroll","background-type":"","background-media":"","overlay-type":"","overlay-color":"","overlay-opacity":"","overlay-gradient":""},"mobile":{"background-color":"var(--ast-global-color-5)","background-image":"","background-repeat":"repeat","background-position":"center center","background-size":"auto","background-attachment":"scroll","background-type":"","background-media":"","overlay-type":"","overlay-color":"","overlay-opacity":"","overlay-gradient":""}}},"product_brand":[254],"product_cat":[218],"product_tag":[],"class_list":{"0":"post-8529","1":"product","2":"type-product","3":"status-publish","4":"has-post-thumbnail","6":"product_brand-lpnnails","7":"product_cat-manucure","8":"desktop-align-left","9":"tablet-align-left","10":"mobile-align-left","12":"first","13":"instock","14":"shipping-taxable","15":"purchasable","16":"product-type-simple"},"yoast_head":"<!-- This site is optimized with the Yoast SEO plugin v27.3 - https:\/\/yoast.com\/product\/yoast-seo-wordpress\/ -->\n<title>B\u00e2ton de nettoyage - LPN Nails<\/title>\n<meta name=\"description\" content=\"Les b\u00e2tonnets de nettoyage LPN Nails sont sp\u00e9cialement con\u00e7us pour corriger les petites imperfections pendant ou apr\u00e8s la pose.\" \/>\n<meta name=\"robots\" content=\"index, follow, max-snippet:-1, max-image-preview:large, max-video-preview:-1\" \/>\n<link rel=\"canonical\" href=\"https:\/\/www.lpnnails.fr\/en\/product\/baton-de-nettoyage\/\" \/>\n<meta property=\"og:locale\" content=\"en_US\" \/>\n<meta property=\"og:type\" content=\"article\" \/>\n<meta property=\"og:title\" content=\"B\u00e2ton de nettoyage - LPN Nails\" \/>\n<meta property=\"og:description\" content=\"Les b\u00e2tonnets de nettoyage LPN Nails sont sp\u00e9cialement con\u00e7us pour corriger les petites imperfections pendant ou apr\u00e8s la pose.\" \/>\n<meta property=\"og:url\" content=\"https:\/\/www.lpnnails.fr\/en\/product\/baton-de-nettoyage\/\" \/>\n<meta property=\"og:site_name\" content=\"LPN Nails\" \/>\n<meta property=\"article:publisher\" content=\"https:\/\/www.facebook.com\/profile.php?id=61573655313488#\" \/>\n<meta property=\"article:modified_time\" content=\"2026-01-27T22:46:09+00:00\" \/>\n<meta property=\"og:image\" content=\"https:\/\/www.lpnnails.fr\/wp-content\/uploads\/2025\/10\/Batonnets-de-nettoyage-2.jpg\" \/>\n\t<meta property=\"og:image:width\" content=\"1024\" \/>\n\t<meta property=\"og:image:height\" content=\"1024\" \/>\n\t<meta property=\"og:image:type\" content=\"image\/jpeg\" \/>\n<meta name=\"twitter:card\" content=\"summary_large_image\" \/>\n<meta name=\"twitter:label1\" content=\"Est. reading time\" \/>\n\t<meta name=\"twitter:data1\" content=\"1 minute\" \/>\n<script type=\"application\/ld+json\" class=\"yoast-schema-graph\">{\"@context\":\"https:\\\/\\\/schema.org\",\"@graph\":[{\"@type\":\"WebPage\",\"@id\":\"https:\\\/\\\/www.lpnnails.fr\\\/produit\\\/baton-de-nettoyage\\\/\",\"url\":\"https:\\\/\\\/www.lpnnails.fr\\\/produit\\\/baton-de-nettoyage\\\/\",\"name\":\"B\u00e2ton de nettoyage - LPN Nails\",\"isPartOf\":{\"@id\":\"https:\\\/\\\/www.lpnnails.fr\\\/#website\"},\"primaryImageOfPage\":{\"@id\":\"https:\\\/\\\/www.lpnnails.fr\\\/produit\\\/baton-de-nettoyage\\\/#primaryimage\"},\"image\":{\"@id\":\"https:\\\/\\\/www.lpnnails.fr\\\/produit\\\/baton-de-nettoyage\\\/#primaryimage\"},\"thumbnailUrl\":\"https:\\\/\\\/www.lpnnails.fr\\\/wp-content\\\/uploads\\\/2025\\\/10\\\/Batonnets-de-nettoyage-2.jpg\",\"datePublished\":\"2025-10-13T07:58:06+00:00\",\"dateModified\":\"2026-01-27T22:46:09+00:00\",\"description\":\"Les b\u00e2tonnets de nettoyage LPN Nails sont sp\u00e9cialement con\u00e7us pour corriger les petites imperfections pendant ou apr\u00e8s la pose.\",\"breadcrumb\":{\"@id\":\"https:\\\/\\\/www.lpnnails.fr\\\/produit\\\/baton-de-nettoyage\\\/#breadcrumb\"},\"inLanguage\":\"en-US\",\"potentialAction\":[{\"@type\":\"ReadAction\",\"target\":[\"https:\\\/\\\/www.lpnnails.fr\\\/produit\\\/baton-de-nettoyage\\\/\"]}]},{\"@type\":\"ImageObject\",\"inLanguage\":\"en-US\",\"@id\":\"https:\\\/\\\/www.lpnnails.fr\\\/produit\\\/baton-de-nettoyage\\\/#primaryimage\",\"url\":\"https:\\\/\\\/www.lpnnails.fr\\\/wp-content\\\/uploads\\\/2025\\\/10\\\/Batonnets-de-nettoyage-2.jpg\",\"contentUrl\":\"https:\\\/\\\/www.lpnnails.fr\\\/wp-content\\\/uploads\\\/2025\\\/10\\\/Batonnets-de-nettoyage-2.jpg\",\"width\":1024,\"height\":1024,\"caption\":\"batonnets de nettoyage\"},{\"@type\":\"BreadcrumbList\",\"@id\":\"https:\\\/\\\/www.lpnnails.fr\\\/produit\\\/baton-de-nettoyage\\\/#breadcrumb\",\"itemListElement\":[{\"@type\":\"ListItem\",\"position\":1,\"name\":\"Accueil\",\"item\":\"https:\\\/\\\/www.lpnnails.fr\\\/\"},{\"@type\":\"ListItem\",\"position\":2,\"name\":\"Boutique\",\"item\":\"https:\\\/\\\/www.lpnnails.fr\\\/boutique\\\/\"},{\"@type\":\"ListItem\",\"position\":3,\"name\":\"B\u00e2ton de nettoyage\"}]},{\"@type\":\"WebSite\",\"@id\":\"https:\\\/\\\/www.lpnnails.fr\\\/#website\",\"url\":\"https:\\\/\\\/www.lpnnails.fr\\\/\",\"name\":\"LPN Nails\",\"description\":\"\",\"publisher\":{\"@id\":\"https:\\\/\\\/www.lpnnails.fr\\\/#organization\"},\"potentialAction\":[{\"@type\":\"SearchAction\",\"target\":{\"@type\":\"EntryPoint\",\"urlTemplate\":\"https:\\\/\\\/www.lpnnails.fr\\\/?s={search_term_string}\"},\"query-input\":{\"@type\":\"PropertyValueSpecification\",\"valueRequired\":true,\"valueName\":\"search_term_string\"}}],\"inLanguage\":\"en-US\"},{\"@type\":\"Organization\",\"@id\":\"https:\\\/\\\/www.lpnnails.fr\\\/#organization\",\"name\":\"LPN Nails\",\"url\":\"https:\\\/\\\/www.lpnnails.fr\\\/\",\"logo\":{\"@type\":\"ImageObject\",\"inLanguage\":\"en-US\",\"@id\":\"https:\\\/\\\/www.lpnnails.fr\\\/#\\\/schema\\\/logo\\\/image\\\/\",\"url\":\"https:\\\/\\\/www.lpnnails.fr\\\/wp-content\\\/uploads\\\/2025\\\/11\\\/Design-sans-titre-2.png\",\"contentUrl\":\"https:\\\/\\\/www.lpnnails.fr\\\/wp-content\\\/uploads\\\/2025\\\/11\\\/Design-sans-titre-2.png\",\"width\":512,\"height\":512,\"caption\":\"LPN Nails\"},\"image\":{\"@id\":\"https:\\\/\\\/www.lpnnails.fr\\\/#\\\/schema\\\/logo\\\/image\\\/\"},\"sameAs\":[\"https:\\\/\\\/www.facebook.com\\\/profile.php?id=61573655313488#\",\"https:\\\/\\\/www.instagram.com\\\/lpnnails\\\/\",\"https:\\\/\\\/www.linkedin.com\\\/company\\\/lpnnails\\\/\",\"https:\\\/\\\/www.youtube.com\\\/@LPNNails\\\/\"]}]}<\/script>\n<!-- \/ Yoast SEO plugin. -->","yoast_head_json":{"title":"B\u00e2ton de nettoyage - LPN Nails","description":"Les b\u00e2tonnets de nettoyage LPN Nails sont sp\u00e9cialement con\u00e7us pour corriger les petites imperfections pendant ou apr\u00e8s la pose.","robots":{"index":"index","follow":"follow","max-snippet":"max-snippet:-1","max-image-preview":"max-image-preview:large","max-video-preview":"max-video-preview:-1"},"canonical":"https:\/\/www.lpnnails.fr\/en\/product\/baton-de-nettoyage\/","og_locale":"en_US","og_type":"article","og_title":"B\u00e2ton de nettoyage - LPN Nails","og_description":"Les b\u00e2tonnets de nettoyage LPN Nails sont sp\u00e9cialement con\u00e7us pour corriger les petites imperfections pendant ou apr\u00e8s la pose.","og_url":"https:\/\/www.lpnnails.fr\/en\/product\/baton-de-nettoyage\/","og_site_name":"LPN Nails","article_publisher":"https:\/\/www.facebook.com\/profile.php?id=61573655313488#","article_modified_time":"2026-01-27T22:46:09+00:00","og_image":[{"width":1024,"height":1024,"url":"https:\/\/www.lpnnails.fr\/wp-content\/uploads\/2025\/10\/Batonnets-de-nettoyage-2.jpg","type":"image\/jpeg"}],"twitter_card":"summary_large_image","twitter_misc":{"Est. reading time":"1 minute"},"schema":{"@context":"https:\/\/schema.org","@graph":[{"@type":"WebPage","@id":"https:\/\/www.lpnnails.fr\/produit\/baton-de-nettoyage\/","url":"https:\/\/www.lpnnails.fr\/produit\/baton-de-nettoyage\/","name":"B\u00e2ton de nettoyage - LPN Nails","isPartOf":{"@id":"https:\/\/www.lpnnails.fr\/#website"},"primaryImageOfPage":{"@id":"https:\/\/www.lpnnails.fr\/produit\/baton-de-nettoyage\/#primaryimage"},"image":{"@id":"https:\/\/www.lpnnails.fr\/produit\/baton-de-nettoyage\/#primaryimage"},"thumbnailUrl":"https:\/\/www.lpnnails.fr\/wp-content\/uploads\/2025\/10\/Batonnets-de-nettoyage-2.jpg","datePublished":"2025-10-13T07:58:06+00:00","dateModified":"2026-01-27T22:46:09+00:00","description":"Les b\u00e2tonnets de nettoyage LPN Nails sont sp\u00e9cialement con\u00e7us pour corriger les petites imperfections pendant ou apr\u00e8s la pose.","breadcrumb":{"@id":"https:\/\/www.lpnnails.fr\/produit\/baton-de-nettoyage\/#breadcrumb"},"inLanguage":"en-US","potentialAction":[{"@type":"ReadAction","target":["https:\/\/www.lpnnails.fr\/produit\/baton-de-nettoyage\/"]}]},{"@type":"ImageObject","inLanguage":"en-US","@id":"https:\/\/www.lpnnails.fr\/produit\/baton-de-nettoyage\/#primaryimage","url":"https:\/\/www.lpnnails.fr\/wp-content\/uploads\/2025\/10\/Batonnets-de-nettoyage-2.jpg","contentUrl":"https:\/\/www.lpnnails.fr\/wp-content\/uploads\/2025\/10\/Batonnets-de-nettoyage-2.jpg","width":1024,"height":1024,"caption":"batonnets de nettoyage"},{"@type":"BreadcrumbList","@id":"https:\/\/www.lpnnails.fr\/produit\/baton-de-nettoyage\/#breadcrumb","itemListElement":[{"@type":"ListItem","position":1,"name":"Accueil","item":"https:\/\/www.lpnnails.fr\/"},{"@type":"ListItem","position":2,"name":"Boutique","item":"https:\/\/www.lpnnails.fr\/boutique\/"},{"@type":"ListItem","position":3,"name":"B\u00e2ton de nettoyage"}]},{"@type":"WebSite","@id":"https:\/\/www.lpnnails.fr\/#website","url":"https:\/\/www.lpnnails.fr\/","name":"LPN Nails","description":"","publisher":{"@id":"https:\/\/www.lpnnails.fr\/#organization"},"potentialAction":[{"@type":"SearchAction","target":{"@type":"EntryPoint","urlTemplate":"https:\/\/www.lpnnails.fr\/?s={search_term_string}"},"query-input":{"@type":"PropertyValueSpecification","valueRequired":true,"valueName":"search_term_string"}}],"inLanguage":"en-US"},{"@type":"Organization","@id":"https:\/\/www.lpnnails.fr\/#organization","name":"LPN Nails","url":"https:\/\/www.lpnnails.fr\/","logo":{"@type":"ImageObject","inLanguage":"en-US","@id":"https:\/\/www.lpnnails.fr\/#\/schema\/logo\/image\/","url":"https:\/\/www.lpnnails.fr\/wp-content\/uploads\/2025\/11\/Design-sans-titre-2.png","contentUrl":"https:\/\/www.lpnnails.fr\/wp-content\/uploads\/2025\/11\/Design-sans-titre-2.png","width":512,"height":512,"caption":"LPN Nails"},"image":{"@id":"https:\/\/www.lpnnails.fr\/#\/schema\/logo\/image\/"},"sameAs":["https:\/\/www.facebook.com\/profile.php?id=61573655313488#","https:\/\/www.instagram.com\/lpnnails\/","https:\/\/www.linkedin.com\/company\/lpnnails\/","https:\/\/www.youtube.com\/@LPNNails\/"]}]}},"uagb_featured_image_src":{"full":["https:\/\/www.lpnnails.fr\/wp-content\/uploads\/2025\/10\/Batonnets-de-nettoyage-2.jpg",1024,1024,false],"thumbnail":["https:\/\/www.lpnnails.fr\/wp-content\/uploads\/2025\/10\/Batonnets-de-nettoyage-2-150x150.jpg",150,150,true],"medium":["https:\/\/www.lpnnails.fr\/wp-content\/uploads\/2025\/10\/Batonnets-de-nettoyage-2-300x300.jpg",300,300,true],"medium_large":["https:\/\/www.lpnnails.fr\/wp-content\/uploads\/2025\/10\/Batonnets-de-nettoyage-2-768x768.jpg",768,768,true],"large":["https:\/\/www.lpnnails.fr\/wp-content\/uploads\/2025\/10\/Batonnets-de-nettoyage-2.jpg",1024,1024,false],"1536x1536":["https:\/\/www.lpnnails.fr\/wp-content\/uploads\/2025\/10\/Batonnets-de-nettoyage-2.jpg",1024,1024,false],"2048x2048":["https:\/\/www.lpnnails.fr\/wp-content\/uploads\/2025\/10\/Batonnets-de-nettoyage-2.jpg",1024,1024,false],"trp-custom-language-flag":["https:\/\/www.lpnnails.fr\/wp-content\/uploads\/2025\/10\/Batonnets-de-nettoyage-2.jpg",12,12,false],"mailpoet_newsletter_max":["https:\/\/www.lpnnails.fr\/wp-content\/uploads\/2025\/10\/Batonnets-de-nettoyage-2.jpg",1024,1024,false],"woocommerce_thumbnail":["https:\/\/www.lpnnails.fr\/wp-content\/uploads\/2025\/10\/Batonnets-de-nettoyage-2-300x300.jpg",300,300,true],"woocommerce_single":["https:\/\/www.lpnnails.fr\/wp-content\/uploads\/2025\/10\/Batonnets-de-nettoyage-2-600x600.jpg",600,600,true],"woocommerce_gallery_thumbnail":["https:\/\/www.lpnnails.fr\/wp-content\/uploads\/2025\/10\/Batonnets-de-nettoyage-2-100x100.jpg",100,100,true],"variation_swatches_image_size":["https:\/\/www.lpnnails.fr\/wp-content\/uploads\/2025\/10\/Batonnets-de-nettoyage-2-50x50.jpg",50,50,true],"variation_swatches_tooltip_size":["https:\/\/www.lpnnails.fr\/wp-content\/uploads\/2025\/10\/Batonnets-de-nettoyage-2-100x100.jpg",100,100,true]},"uagb_author_info":{"display_name":"LPN Nails","author_link":"https:\/\/www.lpnnails.fr\/en\/author\/"},"uagb_comment_info":0,"uagb_excerpt":"Les b\u00e2tonnets de nettoyage LPN Nails sont sp\u00e9cialement con\u00e7us pour corriger les petites imperfections pendant ou apr\u00e8s la pose. Leur [&hellip;]","_links":{"self":[{"href":"https:\/\/www.lpnnails.fr\/en\/wp-json\/wp\/v2\/product\/8529","targetHints":{"allow":["GET"]}}],"collection":[{"href":"https:\/\/www.lpnnails.fr\/en\/wp-json\/wp\/v2\/product"}],"about":[{"href":"https:\/\/www.lpnnails.fr\/en\/wp-json\/wp\/v2\/types\/product"}],"replies":[{"embeddable":true,"href":"https:\/\/www.lpnnails.fr\/en\/wp-json\/wp\/v2\/comments?post=8529"}],"wp:featuredmedia":[{"embeddable":true,"href":"https:\/\/www.lpnnails.fr\/en\/wp-json\/wp\/v2\/media\/8514"}],"wp:attachment":[{"href":"https:\/\/www.lpnnails.fr\/en\/wp-json\/wp\/v2\/media?parent=8529"}],"wp:term":[{"taxonomy":"product_brand","embeddable":true,"href":"https:\/\/www.lpnnails.fr\/en\/wp-json\/wp\/v2\/product_brand?post=8529"},{"taxonomy":"product_cat","embeddable":true,"href":"https:\/\/www.lpnnails.fr\/en\/wp-json\/wp\/v2\/product_cat?post=8529"},{"taxonomy":"product_tag","embeddable":true,"href":"https:\/\/www.lpnnails.fr\/en\/wp-json\/wp\/v2\/product_tag?post=8529"}],"curies":[{"name":"wp","href":"https:\/\/api.w.org\/{rel}","templated":true}]}}