{"id":8408,"date":"2025-10-06T12:52:26","date_gmt":"2025-10-06T10:52:26","guid":{"rendered":"https:\/\/www.lpnnails.fr\/?post_type=product&#038;p=8408"},"modified":"2026-03-18T15:39:55","modified_gmt":"2026-03-18T14:39:55","slug":"chrome-base","status":"publish","type":"product","link":"https:\/\/www.lpnnails.fr\/en\/product\/chrome-base\/","title":{"rendered":"Chrome base"},"content":{"rendered":"<p data-start=\"247\" data-end=\"584\">La <strong data-start=\"269\" data-end=\"294\">Chrome Base LPN Nails<\/strong> est une base innovante con\u00e7ue pour optimiser l\u2019adh\u00e9rence des <strong data-start=\"356\" data-end=\"374\">poudres chrome<\/strong> et obtenir un rendu parfaitement lisse et uniforme. Sa formule sp\u00e9cifique permet de cr\u00e9er la surface id\u00e9ale avant l\u2019application de la poudre, pour un <strong data-start=\"525\" data-end=\"549\">effet miroir intense<\/strong> et un <strong data-start=\"556\" data-end=\"581\">r\u00e9sultat sans d\u00e9fauts<\/strong>.<\/p>\n<p data-start=\"586\" data-end=\"613\"><strong data-start=\"586\" data-end=\"611\">Pourquoi l\u2019utiliser ?<\/strong><\/p>\n<ul>\n<li data-start=\"616\" data-end=\"662\"><strong data-start=\"616\" data-end=\"640\">Am\u00e9liore l\u2019adh\u00e9rence<\/strong> des poudres chrome.<\/li>\n<li data-start=\"616\" data-end=\"662\">Offre une <strong data-start=\"675\" data-end=\"704\">surface lisse et homog\u00e8ne<\/strong>.<\/li>\n<li data-start=\"616\" data-end=\"662\">Garantit un <strong data-start=\"722\" data-end=\"754\">effet miroir net et \u00e9clatant<\/strong>.<\/li>\n<li data-start=\"616\" data-end=\"662\">S\u2019applique en <strong data-start=\"774\" data-end=\"789\">fine couche<\/strong> avant la poudre.<\/li>\n<\/ul>\n<p data-start=\"810\" data-end=\"840\"><strong data-start=\"810\" data-end=\"838\">Conseils d\u2019utilisation :<\/strong><\/p>\n<ol>\n<li data-start=\"844\" data-end=\"889\">Pr\u00e9parez vos ongles comme \u00e0 votre habitude.<\/li>\n<li data-start=\"844\" data-end=\"889\">Appliquez une <strong data-start=\"907\" data-end=\"937\">fine couche de Chrome Base<\/strong>, puis <strong data-start=\"944\" data-end=\"957\">catalysez<\/strong> sous lampe (UV 2 min \/ LED 60 sec).<\/li>\n<li data-start=\"844\" data-end=\"889\">Frottez la <strong data-start=\"1010\" data-end=\"1027\">poudre chrome<\/strong> selon la technique souhait\u00e9e.<\/li>\n<li data-start=\"844\" data-end=\"889\">Scellez votre pose avec le <strong data-start=\"1090\" data-end=\"1119\">Top coat &#8221; Chrome&#8221;<\/strong>.<\/li>\n<\/ol>\n<p data-start=\"1124\" data-end=\"1148\"><strong data-start=\"1124\" data-end=\"1140\">Contenance :<\/strong> 15 ml<\/p>","protected":false},"excerpt":{"rendered":"<p>La Chrome Base LPN Nails est une base innovante con\u00e7ue pour optimiser l\u2019adh\u00e9rence des poudres chrome et obtenir un rendu [&hellip;]<\/p>\n","protected":false},"featured_media":8363,"comment_status":"open","ping_status":"closed","template":"","meta":{"_uag_custom_page_level_css":"","site-sidebar-layout":"default","site-content-layout":"","ast-site-content-layout":"default","site-content-style":"default","site-sidebar-style":"default","ast-global-header-display":"","ast-banner-title-visibility":"","ast-main-header-display":"","ast-hfb-above-header-display":"","ast-hfb-below-header-display":"","ast-hfb-mobile-header-display":"","site-post-title":"","ast-breadcrumbs-content":"","ast-featured-img":"","footer-sml-layout":"","ast-disable-related-posts":"","theme-transparent-header-meta":"default","adv-header-id-meta":"","stick-header-meta":"","header-above-stick-meta":"","header-main-stick-meta":"","header-below-stick-meta":"","astra-migrate-meta-layouts":"set","ast-page-background-enabled":"default","ast-page-background-meta":{"desktop":{"background-color":"var(--ast-global-color-4)","background-image":"","background-repeat":"repeat","background-position":"center center","background-size":"auto","background-attachment":"scroll","background-type":"","background-media":"","overlay-type":"","overlay-color":"","overlay-opacity":"","overlay-gradient":""},"tablet":{"background-color":"","background-image":"","background-repeat":"repeat","background-position":"center center","background-size":"auto","background-attachment":"scroll","background-type":"","background-media":"","overlay-type":"","overlay-color":"","overlay-opacity":"","overlay-gradient":""},"mobile":{"background-color":"","background-image":"","background-repeat":"repeat","background-position":"center center","background-size":"auto","background-attachment":"scroll","background-type":"","background-media":"","overlay-type":"","overlay-color":"","overlay-opacity":"","overlay-gradient":""}},"ast-content-background-meta":{"desktop":{"background-color":"var(--ast-global-color-5)","background-image":"","background-repeat":"repeat","background-position":"center center","background-size":"auto","background-attachment":"scroll","background-type":"","background-media":"","overlay-type":"","overlay-color":"","overlay-opacity":"","overlay-gradient":""},"tablet":{"background-color":"var(--ast-global-color-5)","background-image":"","background-repeat":"repeat","background-position":"center center","background-size":"auto","background-attachment":"scroll","background-type":"","background-media":"","overlay-type":"","overlay-color":"","overlay-opacity":"","overlay-gradient":""},"mobile":{"background-color":"var(--ast-global-color-5)","background-image":"","background-repeat":"repeat","background-position":"center center","background-size":"auto","background-attachment":"scroll","background-type":"","background-media":"","overlay-type":"","overlay-color":"","overlay-opacity":"","overlay-gradient":""}}},"product_brand":[254],"product_cat":[226,238,199],"product_tag":[],"class_list":{"0":"post-8408","1":"product","2":"type-product","3":"status-publish","4":"has-post-thumbnail","6":"product_brand-lpnnails","7":"product_cat-gels-de-base","8":"product_cat-nouveau","9":"product_cat-tous-les-produits","10":"pa_composition-polyurethane-5-7-isobonyl-acrylates-trimethylbenzoyl-ditolylphosphine-oxide","11":"pa_couleur-black","12":"pa_couleur-clear","13":"pa_recommandations-conserver-dans-un-endroit-frais-a-labri-de-la-lumiere-et-de-la-chaleur-tenir-hors-de-portee-des-enfants-faire-un-test-cutane-si-sensibilite-aux-uv","14":"desktop-align-left","15":"tablet-align-left","16":"mobile-align-left","18":"first","19":"instock","20":"shipping-taxable","21":"purchasable","22":"product-type-variable","23":"wvs-archive-product-wrapper"},"yoast_head":"<!-- This site is optimized with the Yoast SEO plugin v27.3 - https:\/\/yoast.com\/product\/yoast-seo-wordpress\/ -->\n<title>Chrome base - LPN Nails<\/title>\n<meta name=\"description\" content=\"La Chrome Base LPN Nails est une base innovante con\u00e7ue pour optimiser l\u2019adh\u00e9rence des poudres chrome et obtenir un rendu parfaitement lisse et uniforme. Sa formule sp\u00e9cifique permet de cr\u00e9er la surface id\u00e9ale avant l\u2019application de la poudre, pour un effet miroir intense et un r\u00e9sultat sans d\u00e9fauts.\" \/>\n<meta name=\"robots\" content=\"index, follow, max-snippet:-1, max-image-preview:large, max-video-preview:-1\" \/>\n<link rel=\"canonical\" href=\"https:\/\/www.lpnnails.fr\/en\/product\/chrome-base\/\" \/>\n<meta property=\"og:locale\" content=\"en_US\" \/>\n<meta property=\"og:type\" content=\"article\" \/>\n<meta property=\"og:title\" content=\"Chrome base - LPN Nails\" \/>\n<meta property=\"og:description\" content=\"La Chrome Base LPN Nails est une base innovante con\u00e7ue pour optimiser l\u2019adh\u00e9rence des poudres chrome et obtenir un rendu parfaitement lisse et uniforme. Sa formule sp\u00e9cifique permet de cr\u00e9er la surface id\u00e9ale avant l\u2019application de la poudre, pour un effet miroir intense et un r\u00e9sultat sans d\u00e9fauts.\" \/>\n<meta property=\"og:url\" content=\"https:\/\/www.lpnnails.fr\/en\/product\/chrome-base\/\" \/>\n<meta property=\"og:site_name\" content=\"LPN Nails\" \/>\n<meta property=\"article:publisher\" content=\"https:\/\/www.facebook.com\/profile.php?id=61573655313488#\" \/>\n<meta property=\"article:modified_time\" content=\"2026-03-18T14:39:55+00:00\" \/>\n<meta property=\"og:image\" content=\"https:\/\/www.lpnnails.fr\/wp-content\/uploads\/2025\/10\/chrome-base.jpg\" \/>\n\t<meta property=\"og:image:width\" content=\"1024\" \/>\n\t<meta property=\"og:image:height\" content=\"1024\" \/>\n\t<meta property=\"og:image:type\" content=\"image\/jpeg\" \/>\n<meta name=\"twitter:card\" content=\"summary_large_image\" \/>\n<meta name=\"twitter:label1\" content=\"Est. reading time\" \/>\n\t<meta name=\"twitter:data1\" content=\"1 minute\" \/>\n<script type=\"application\/ld+json\" class=\"yoast-schema-graph\">{\"@context\":\"https:\\\/\\\/schema.org\",\"@graph\":[{\"@type\":\"WebPage\",\"@id\":\"https:\\\/\\\/www.lpnnails.fr\\\/produit\\\/chrome-base\\\/\",\"url\":\"https:\\\/\\\/www.lpnnails.fr\\\/produit\\\/chrome-base\\\/\",\"name\":\"Chrome base - LPN Nails\",\"isPartOf\":{\"@id\":\"https:\\\/\\\/www.lpnnails.fr\\\/#website\"},\"primaryImageOfPage\":{\"@id\":\"https:\\\/\\\/www.lpnnails.fr\\\/produit\\\/chrome-base\\\/#primaryimage\"},\"image\":{\"@id\":\"https:\\\/\\\/www.lpnnails.fr\\\/produit\\\/chrome-base\\\/#primaryimage\"},\"thumbnailUrl\":\"https:\\\/\\\/www.lpnnails.fr\\\/wp-content\\\/uploads\\\/2025\\\/10\\\/chrome-base.jpg\",\"datePublished\":\"2025-10-06T10:52:26+00:00\",\"dateModified\":\"2026-03-18T14:39:55+00:00\",\"description\":\"La Chrome Base LPN Nails est une base innovante con\u00e7ue pour optimiser l\u2019adh\u00e9rence des poudres chrome et obtenir un rendu parfaitement lisse et uniforme. Sa formule sp\u00e9cifique permet de cr\u00e9er la surface id\u00e9ale avant l\u2019application de la poudre, pour un effet miroir intense et un r\u00e9sultat sans d\u00e9fauts.\",\"breadcrumb\":{\"@id\":\"https:\\\/\\\/www.lpnnails.fr\\\/produit\\\/chrome-base\\\/#breadcrumb\"},\"inLanguage\":\"en-US\",\"potentialAction\":[{\"@type\":\"ReadAction\",\"target\":[\"https:\\\/\\\/www.lpnnails.fr\\\/produit\\\/chrome-base\\\/\"]}]},{\"@type\":\"ImageObject\",\"inLanguage\":\"en-US\",\"@id\":\"https:\\\/\\\/www.lpnnails.fr\\\/produit\\\/chrome-base\\\/#primaryimage\",\"url\":\"https:\\\/\\\/www.lpnnails.fr\\\/wp-content\\\/uploads\\\/2025\\\/10\\\/chrome-base.jpg\",\"contentUrl\":\"https:\\\/\\\/www.lpnnails.fr\\\/wp-content\\\/uploads\\\/2025\\\/10\\\/chrome-base.jpg\",\"width\":1024,\"height\":1024,\"caption\":\"chrome base clear\"},{\"@type\":\"BreadcrumbList\",\"@id\":\"https:\\\/\\\/www.lpnnails.fr\\\/produit\\\/chrome-base\\\/#breadcrumb\",\"itemListElement\":[{\"@type\":\"ListItem\",\"position\":1,\"name\":\"Accueil\",\"item\":\"https:\\\/\\\/www.lpnnails.fr\\\/\"},{\"@type\":\"ListItem\",\"position\":2,\"name\":\"Boutique\",\"item\":\"https:\\\/\\\/www.lpnnails.fr\\\/boutique\\\/\"},{\"@type\":\"ListItem\",\"position\":3,\"name\":\"Chrome base\"}]},{\"@type\":\"WebSite\",\"@id\":\"https:\\\/\\\/www.lpnnails.fr\\\/#website\",\"url\":\"https:\\\/\\\/www.lpnnails.fr\\\/\",\"name\":\"LPN Nails\",\"description\":\"\",\"publisher\":{\"@id\":\"https:\\\/\\\/www.lpnnails.fr\\\/#organization\"},\"potentialAction\":[{\"@type\":\"SearchAction\",\"target\":{\"@type\":\"EntryPoint\",\"urlTemplate\":\"https:\\\/\\\/www.lpnnails.fr\\\/?s={search_term_string}\"},\"query-input\":{\"@type\":\"PropertyValueSpecification\",\"valueRequired\":true,\"valueName\":\"search_term_string\"}}],\"inLanguage\":\"en-US\"},{\"@type\":\"Organization\",\"@id\":\"https:\\\/\\\/www.lpnnails.fr\\\/#organization\",\"name\":\"LPN Nails\",\"url\":\"https:\\\/\\\/www.lpnnails.fr\\\/\",\"logo\":{\"@type\":\"ImageObject\",\"inLanguage\":\"en-US\",\"@id\":\"https:\\\/\\\/www.lpnnails.fr\\\/#\\\/schema\\\/logo\\\/image\\\/\",\"url\":\"https:\\\/\\\/www.lpnnails.fr\\\/wp-content\\\/uploads\\\/2025\\\/11\\\/Design-sans-titre-2.png\",\"contentUrl\":\"https:\\\/\\\/www.lpnnails.fr\\\/wp-content\\\/uploads\\\/2025\\\/11\\\/Design-sans-titre-2.png\",\"width\":512,\"height\":512,\"caption\":\"LPN Nails\"},\"image\":{\"@id\":\"https:\\\/\\\/www.lpnnails.fr\\\/#\\\/schema\\\/logo\\\/image\\\/\"},\"sameAs\":[\"https:\\\/\\\/www.facebook.com\\\/profile.php?id=61573655313488#\",\"https:\\\/\\\/www.instagram.com\\\/lpnnails\\\/\",\"https:\\\/\\\/www.linkedin.com\\\/company\\\/lpnnails\\\/\",\"https:\\\/\\\/www.youtube.com\\\/@LPNNails\\\/\"]}]}<\/script>\n<!-- \/ Yoast SEO plugin. -->","yoast_head_json":{"title":"Chrome base - LPN Nails","description":"La Chrome Base LPN Nails est une base innovante con\u00e7ue pour optimiser l\u2019adh\u00e9rence des poudres chrome et obtenir un rendu parfaitement lisse et uniforme. Sa formule sp\u00e9cifique permet de cr\u00e9er la surface id\u00e9ale avant l\u2019application de la poudre, pour un effet miroir intense et un r\u00e9sultat sans d\u00e9fauts.","robots":{"index":"index","follow":"follow","max-snippet":"max-snippet:-1","max-image-preview":"max-image-preview:large","max-video-preview":"max-video-preview:-1"},"canonical":"https:\/\/www.lpnnails.fr\/en\/product\/chrome-base\/","og_locale":"en_US","og_type":"article","og_title":"Chrome base - LPN Nails","og_description":"La Chrome Base LPN Nails est une base innovante con\u00e7ue pour optimiser l\u2019adh\u00e9rence des poudres chrome et obtenir un rendu parfaitement lisse et uniforme. Sa formule sp\u00e9cifique permet de cr\u00e9er la surface id\u00e9ale avant l\u2019application de la poudre, pour un effet miroir intense et un r\u00e9sultat sans d\u00e9fauts.","og_url":"https:\/\/www.lpnnails.fr\/en\/product\/chrome-base\/","og_site_name":"LPN Nails","article_publisher":"https:\/\/www.facebook.com\/profile.php?id=61573655313488#","article_modified_time":"2026-03-18T14:39:55+00:00","og_image":[{"width":1024,"height":1024,"url":"https:\/\/www.lpnnails.fr\/wp-content\/uploads\/2025\/10\/chrome-base.jpg","type":"image\/jpeg"}],"twitter_card":"summary_large_image","twitter_misc":{"Est. reading time":"1 minute"},"schema":{"@context":"https:\/\/schema.org","@graph":[{"@type":"WebPage","@id":"https:\/\/www.lpnnails.fr\/produit\/chrome-base\/","url":"https:\/\/www.lpnnails.fr\/produit\/chrome-base\/","name":"Chrome base - LPN Nails","isPartOf":{"@id":"https:\/\/www.lpnnails.fr\/#website"},"primaryImageOfPage":{"@id":"https:\/\/www.lpnnails.fr\/produit\/chrome-base\/#primaryimage"},"image":{"@id":"https:\/\/www.lpnnails.fr\/produit\/chrome-base\/#primaryimage"},"thumbnailUrl":"https:\/\/www.lpnnails.fr\/wp-content\/uploads\/2025\/10\/chrome-base.jpg","datePublished":"2025-10-06T10:52:26+00:00","dateModified":"2026-03-18T14:39:55+00:00","description":"La Chrome Base LPN Nails est une base innovante con\u00e7ue pour optimiser l\u2019adh\u00e9rence des poudres chrome et obtenir un rendu parfaitement lisse et uniforme. Sa formule sp\u00e9cifique permet de cr\u00e9er la surface id\u00e9ale avant l\u2019application de la poudre, pour un effet miroir intense et un r\u00e9sultat sans d\u00e9fauts.","breadcrumb":{"@id":"https:\/\/www.lpnnails.fr\/produit\/chrome-base\/#breadcrumb"},"inLanguage":"en-US","potentialAction":[{"@type":"ReadAction","target":["https:\/\/www.lpnnails.fr\/produit\/chrome-base\/"]}]},{"@type":"ImageObject","inLanguage":"en-US","@id":"https:\/\/www.lpnnails.fr\/produit\/chrome-base\/#primaryimage","url":"https:\/\/www.lpnnails.fr\/wp-content\/uploads\/2025\/10\/chrome-base.jpg","contentUrl":"https:\/\/www.lpnnails.fr\/wp-content\/uploads\/2025\/10\/chrome-base.jpg","width":1024,"height":1024,"caption":"chrome base clear"},{"@type":"BreadcrumbList","@id":"https:\/\/www.lpnnails.fr\/produit\/chrome-base\/#breadcrumb","itemListElement":[{"@type":"ListItem","position":1,"name":"Accueil","item":"https:\/\/www.lpnnails.fr\/"},{"@type":"ListItem","position":2,"name":"Boutique","item":"https:\/\/www.lpnnails.fr\/boutique\/"},{"@type":"ListItem","position":3,"name":"Chrome base"}]},{"@type":"WebSite","@id":"https:\/\/www.lpnnails.fr\/#website","url":"https:\/\/www.lpnnails.fr\/","name":"LPN Nails","description":"","publisher":{"@id":"https:\/\/www.lpnnails.fr\/#organization"},"potentialAction":[{"@type":"SearchAction","target":{"@type":"EntryPoint","urlTemplate":"https:\/\/www.lpnnails.fr\/?s={search_term_string}"},"query-input":{"@type":"PropertyValueSpecification","valueRequired":true,"valueName":"search_term_string"}}],"inLanguage":"en-US"},{"@type":"Organization","@id":"https:\/\/www.lpnnails.fr\/#organization","name":"LPN Nails","url":"https:\/\/www.lpnnails.fr\/","logo":{"@type":"ImageObject","inLanguage":"en-US","@id":"https:\/\/www.lpnnails.fr\/#\/schema\/logo\/image\/","url":"https:\/\/www.lpnnails.fr\/wp-content\/uploads\/2025\/11\/Design-sans-titre-2.png","contentUrl":"https:\/\/www.lpnnails.fr\/wp-content\/uploads\/2025\/11\/Design-sans-titre-2.png","width":512,"height":512,"caption":"LPN Nails"},"image":{"@id":"https:\/\/www.lpnnails.fr\/#\/schema\/logo\/image\/"},"sameAs":["https:\/\/www.facebook.com\/profile.php?id=61573655313488#","https:\/\/www.instagram.com\/lpnnails\/","https:\/\/www.linkedin.com\/company\/lpnnails\/","https:\/\/www.youtube.com\/@LPNNails\/"]}]}},"uagb_featured_image_src":{"full":["https:\/\/www.lpnnails.fr\/wp-content\/uploads\/2025\/10\/chrome-base.jpg",1024,1024,false],"thumbnail":["https:\/\/www.lpnnails.fr\/wp-content\/uploads\/2025\/10\/chrome-base-150x150.jpg",150,150,true],"medium":["https:\/\/www.lpnnails.fr\/wp-content\/uploads\/2025\/10\/chrome-base-300x300.jpg",300,300,true],"medium_large":["https:\/\/www.lpnnails.fr\/wp-content\/uploads\/2025\/10\/chrome-base-768x768.jpg",768,768,true],"large":["https:\/\/www.lpnnails.fr\/wp-content\/uploads\/2025\/10\/chrome-base.jpg",1024,1024,false],"1536x1536":["https:\/\/www.lpnnails.fr\/wp-content\/uploads\/2025\/10\/chrome-base.jpg",1024,1024,false],"2048x2048":["https:\/\/www.lpnnails.fr\/wp-content\/uploads\/2025\/10\/chrome-base.jpg",1024,1024,false],"trp-custom-language-flag":["https:\/\/www.lpnnails.fr\/wp-content\/uploads\/2025\/10\/chrome-base.jpg",12,12,false],"mailpoet_newsletter_max":["https:\/\/www.lpnnails.fr\/wp-content\/uploads\/2025\/10\/chrome-base.jpg",1024,1024,false],"woocommerce_thumbnail":["https:\/\/www.lpnnails.fr\/wp-content\/uploads\/2025\/10\/chrome-base-300x300.jpg",300,300,true],"woocommerce_single":["https:\/\/www.lpnnails.fr\/wp-content\/uploads\/2025\/10\/chrome-base-600x600.jpg",600,600,true],"woocommerce_gallery_thumbnail":["https:\/\/www.lpnnails.fr\/wp-content\/uploads\/2025\/10\/chrome-base-100x100.jpg",100,100,true],"variation_swatches_image_size":["https:\/\/www.lpnnails.fr\/wp-content\/uploads\/2025\/10\/chrome-base-50x50.jpg",50,50,true],"variation_swatches_tooltip_size":["https:\/\/www.lpnnails.fr\/wp-content\/uploads\/2025\/10\/chrome-base-100x100.jpg",100,100,true]},"uagb_author_info":{"display_name":"LPN Nails","author_link":"https:\/\/www.lpnnails.fr\/en\/author\/"},"uagb_comment_info":0,"uagb_excerpt":"La Chrome Base LPN Nails est une base innovante con\u00e7ue pour optimiser l\u2019adh\u00e9rence des poudres chrome et obtenir un rendu [&hellip;]","_links":{"self":[{"href":"https:\/\/www.lpnnails.fr\/en\/wp-json\/wp\/v2\/product\/8408","targetHints":{"allow":["GET"]}}],"collection":[{"href":"https:\/\/www.lpnnails.fr\/en\/wp-json\/wp\/v2\/product"}],"about":[{"href":"https:\/\/www.lpnnails.fr\/en\/wp-json\/wp\/v2\/types\/product"}],"replies":[{"embeddable":true,"href":"https:\/\/www.lpnnails.fr\/en\/wp-json\/wp\/v2\/comments?post=8408"}],"wp:featuredmedia":[{"embeddable":true,"href":"https:\/\/www.lpnnails.fr\/en\/wp-json\/wp\/v2\/media\/8363"}],"wp:attachment":[{"href":"https:\/\/www.lpnnails.fr\/en\/wp-json\/wp\/v2\/media?parent=8408"}],"wp:term":[{"taxonomy":"product_brand","embeddable":true,"href":"https:\/\/www.lpnnails.fr\/en\/wp-json\/wp\/v2\/product_brand?post=8408"},{"taxonomy":"product_cat","embeddable":true,"href":"https:\/\/www.lpnnails.fr\/en\/wp-json\/wp\/v2\/product_cat?post=8408"},{"taxonomy":"product_tag","embeddable":true,"href":"https:\/\/www.lpnnails.fr\/en\/wp-json\/wp\/v2\/product_tag?post=8408"}],"curies":[{"name":"wp","href":"https:\/\/api.w.org\/{rel}","templated":true}]}}