{"id":8398,"date":"2025-10-06T10:54:09","date_gmt":"2025-10-06T08:54:09","guid":{"rendered":"https:\/\/www.lpnnails.fr\/?post_type=product&#038;p=8398"},"modified":"2026-02-16T11:09:15","modified_gmt":"2026-02-16T10:09:15","slug":"top-coat-matte-2","status":"publish","type":"product","link":"https:\/\/www.lpnnails.fr\/en\/product\/top-coat-matte-2\/","title":{"rendered":"Matte top coat\u201c"},"content":{"rendered":"<p>Discover the <strong>new formula<\/strong> of <strong>Top Coat \u201cMatte\u201d LPN Nails<\/strong>, For an even softer and longer-lasting finish. Perfect for transforming your manicures into true works of art with an elegant and modern matte finish.<\/p>\n<p><strong>Features<\/strong> :<\/p>\n<ul>\n<li><strong>New and improved formula<\/strong> : Even more fluid texture for easy and even application.<\/li>\n<li><strong>Perfect matte finish<\/strong> : A velvety, shine-free texture for a sophisticated style.<\/li>\n<li><strong>Long lasting<\/strong> Resistant to chipping and daily wear and tear.<\/li>\n<li><strong>Compatible with all nail polishes<\/strong> : Works with semi-permanent and color gels.<\/li>\n<li><strong>Rapid catalysis<\/strong> Dries quickly under UV lamp (120 sec) or LED lamp (30-60 sec).<\/li>\n<\/ul>\n<p><strong>Instructions for use<\/strong> :<\/p>\n<ul>\n<li>Apply your favorite color or design gel, then cure.<\/li>\n<li>Apply a thin layer of <strong>Matte Top Coat \u2013 New Formula<\/strong>.<\/li>\n<li>Cure under UV or LED lamp as required.<\/li>\n<li>Wipe off the sticky layer, if necessary, to reveal a perfect matte finish.<\/li>\n<\/ul>\n<p>Give your nails a flawless matte finish with this innovative new version of <strong>Matte Top Coat<\/strong> !<\/p>","protected":false},"excerpt":{"rendered":"<p>D\u00e9couvrez la nouvelle formule du Top Coat &#8220;Matte&#8221; LPN Nails, pour une finition encore plus douce et durable. Parfait pour [&hellip;]<\/p>\n","protected":false},"featured_media":8362,"comment_status":"open","ping_status":"closed","template":"","meta":{"_uag_custom_page_level_css":"","site-sidebar-layout":"default","site-content-layout":"","ast-site-content-layout":"default","site-content-style":"default","site-sidebar-style":"default","ast-global-header-display":"","ast-banner-title-visibility":"","ast-main-header-display":"","ast-hfb-above-header-display":"","ast-hfb-below-header-display":"","ast-hfb-mobile-header-display":"","site-post-title":"","ast-breadcrumbs-content":"","ast-featured-img":"","footer-sml-layout":"","ast-disable-related-posts":"","theme-transparent-header-meta":"default","adv-header-id-meta":"","stick-header-meta":"","header-above-stick-meta":"","header-main-stick-meta":"","header-below-stick-meta":"","astra-migrate-meta-layouts":"set","ast-page-background-enabled":"default","ast-page-background-meta":{"desktop":{"background-color":"var(--ast-global-color-4)","background-image":"","background-repeat":"repeat","background-position":"center center","background-size":"auto","background-attachment":"scroll","background-type":"","background-media":"","overlay-type":"","overlay-color":"","overlay-opacity":"","overlay-gradient":""},"tablet":{"background-color":"","background-image":"","background-repeat":"repeat","background-position":"center center","background-size":"auto","background-attachment":"scroll","background-type":"","background-media":"","overlay-type":"","overlay-color":"","overlay-opacity":"","overlay-gradient":""},"mobile":{"background-color":"","background-image":"","background-repeat":"repeat","background-position":"center center","background-size":"auto","background-attachment":"scroll","background-type":"","background-media":"","overlay-type":"","overlay-color":"","overlay-opacity":"","overlay-gradient":""}},"ast-content-background-meta":{"desktop":{"background-color":"var(--ast-global-color-5)","background-image":"","background-repeat":"repeat","background-position":"center center","background-size":"auto","background-attachment":"scroll","background-type":"","background-media":"","overlay-type":"","overlay-color":"","overlay-opacity":"","overlay-gradient":""},"tablet":{"background-color":"var(--ast-global-color-5)","background-image":"","background-repeat":"repeat","background-position":"center center","background-size":"auto","background-attachment":"scroll","background-type":"","background-media":"","overlay-type":"","overlay-color":"","overlay-opacity":"","overlay-gradient":""},"mobile":{"background-color":"var(--ast-global-color-5)","background-image":"","background-repeat":"repeat","background-position":"center center","background-size":"auto","background-attachment":"scroll","background-type":"","background-media":"","overlay-type":"","overlay-color":"","overlay-opacity":"","overlay-gradient":""}}},"product_brand":[254],"product_cat":[756,227,235,238,199],"product_tag":[],"class_list":{"0":"post-8398","1":"product","2":"type-product","3":"status-publish","4":"has-post-thumbnail","6":"product_brand-lpnnails","7":"product_cat-bases-et-finitions","8":"product_cat-gels-de-finition","9":"product_cat-meilleures-ventes","10":"product_cat-nouveau","11":"product_cat-tous-les-produits","12":"pa_composition-acrylic-acid-ester-copolymers-polyurethane-acrylate-cellulose-acetate-butyrate-polydimethylsiloxane-microcrystaline-wax","13":"pa_recommandations-conserver-dans-un-endroit-frais-a-labri-de-la-lumiere-et-de-la-chaleur-tenir-hors-de-portee-des-enfants-faire-un-test-cutane-si-sensibilite-aux-uv","14":"desktop-align-left","15":"tablet-align-left","16":"mobile-align-left","18":"first","19":"instock","20":"purchasable","21":"product-type-simple"},"yoast_head":"<!-- This site is optimized with the Yoast SEO plugin v27.3 - https:\/\/yoast.com\/product\/yoast-seo-wordpress\/ -->\n<title>Top coat &quot;Matte&quot; - LPN Nails<\/title>\n<meta name=\"description\" content=\"D\u00e9couvrez la nouvelle formule du Top Coat &quot;Matte&quot; LPN Nails, pour une finition encore plus douce et durable. Parfait pour transformer vos manucures en v\u00e9ritables \u0153uvres d&#039;art au fini mat \u00e9l\u00e9gant et moderne.\" \/>\n<meta name=\"robots\" content=\"index, follow, max-snippet:-1, max-image-preview:large, max-video-preview:-1\" \/>\n<link rel=\"canonical\" href=\"https:\/\/www.lpnnails.fr\/en\/product\/top-coat-matte-2\/\" \/>\n<meta property=\"og:locale\" content=\"en_US\" \/>\n<meta property=\"og:type\" content=\"article\" \/>\n<meta property=\"og:title\" content=\"Top coat &quot;Matte&quot; - LPN Nails\" \/>\n<meta property=\"og:description\" content=\"D\u00e9couvrez la nouvelle formule du Top Coat &quot;Matte&quot; LPN Nails, pour une finition encore plus douce et durable. Parfait pour transformer vos manucures en v\u00e9ritables \u0153uvres d&#039;art au fini mat \u00e9l\u00e9gant et moderne.\" \/>\n<meta property=\"og:url\" content=\"https:\/\/www.lpnnails.fr\/en\/product\/top-coat-matte-2\/\" \/>\n<meta property=\"og:site_name\" content=\"LPN Nails\" \/>\n<meta property=\"article:publisher\" content=\"https:\/\/www.facebook.com\/profile.php?id=61573655313488#\" \/>\n<meta property=\"article:modified_time\" content=\"2026-02-16T10:09:15+00:00\" \/>\n<meta property=\"og:image\" content=\"https:\/\/www.lpnnails.fr\/wp-content\/uploads\/2025\/10\/top-coat-matte.jpg\" \/>\n\t<meta property=\"og:image:width\" content=\"1024\" \/>\n\t<meta property=\"og:image:height\" content=\"1024\" \/>\n\t<meta property=\"og:image:type\" content=\"image\/jpeg\" \/>\n<meta name=\"twitter:card\" content=\"summary_large_image\" \/>\n<meta name=\"twitter:label1\" content=\"Est. reading time\" \/>\n\t<meta name=\"twitter:data1\" content=\"1 minute\" \/>\n<script type=\"application\/ld+json\" class=\"yoast-schema-graph\">{\"@context\":\"https:\\\/\\\/schema.org\",\"@graph\":[{\"@type\":\"WebPage\",\"@id\":\"https:\\\/\\\/www.lpnnails.fr\\\/produit\\\/top-coat-matte-2\\\/\",\"url\":\"https:\\\/\\\/www.lpnnails.fr\\\/produit\\\/top-coat-matte-2\\\/\",\"name\":\"Top coat \\\"Matte\\\" - LPN Nails\",\"isPartOf\":{\"@id\":\"https:\\\/\\\/www.lpnnails.fr\\\/#website\"},\"primaryImageOfPage\":{\"@id\":\"https:\\\/\\\/www.lpnnails.fr\\\/produit\\\/top-coat-matte-2\\\/#primaryimage\"},\"image\":{\"@id\":\"https:\\\/\\\/www.lpnnails.fr\\\/produit\\\/top-coat-matte-2\\\/#primaryimage\"},\"thumbnailUrl\":\"https:\\\/\\\/www.lpnnails.fr\\\/wp-content\\\/uploads\\\/2025\\\/10\\\/top-coat-matte.jpg\",\"datePublished\":\"2025-10-06T08:54:09+00:00\",\"dateModified\":\"2026-02-16T10:09:15+00:00\",\"description\":\"D\u00e9couvrez la nouvelle formule du Top Coat \\\"Matte\\\" LPN Nails, pour une finition encore plus douce et durable. Parfait pour transformer vos manucures en v\u00e9ritables \u0153uvres d'art au fini mat \u00e9l\u00e9gant et moderne.\",\"breadcrumb\":{\"@id\":\"https:\\\/\\\/www.lpnnails.fr\\\/produit\\\/top-coat-matte-2\\\/#breadcrumb\"},\"inLanguage\":\"en-US\",\"potentialAction\":[{\"@type\":\"ReadAction\",\"target\":[\"https:\\\/\\\/www.lpnnails.fr\\\/produit\\\/top-coat-matte-2\\\/\"]}]},{\"@type\":\"ImageObject\",\"inLanguage\":\"en-US\",\"@id\":\"https:\\\/\\\/www.lpnnails.fr\\\/produit\\\/top-coat-matte-2\\\/#primaryimage\",\"url\":\"https:\\\/\\\/www.lpnnails.fr\\\/wp-content\\\/uploads\\\/2025\\\/10\\\/top-coat-matte.jpg\",\"contentUrl\":\"https:\\\/\\\/www.lpnnails.fr\\\/wp-content\\\/uploads\\\/2025\\\/10\\\/top-coat-matte.jpg\",\"width\":1024,\"height\":1024,\"caption\":\"top coat matte\"},{\"@type\":\"BreadcrumbList\",\"@id\":\"https:\\\/\\\/www.lpnnails.fr\\\/produit\\\/top-coat-matte-2\\\/#breadcrumb\",\"itemListElement\":[{\"@type\":\"ListItem\",\"position\":1,\"name\":\"Accueil\",\"item\":\"https:\\\/\\\/www.lpnnails.fr\\\/\"},{\"@type\":\"ListItem\",\"position\":2,\"name\":\"Boutique\",\"item\":\"https:\\\/\\\/www.lpnnails.fr\\\/boutique\\\/\"},{\"@type\":\"ListItem\",\"position\":3,\"name\":\"Top coat &#8220;Matte&#8221;\"}]},{\"@type\":\"WebSite\",\"@id\":\"https:\\\/\\\/www.lpnnails.fr\\\/#website\",\"url\":\"https:\\\/\\\/www.lpnnails.fr\\\/\",\"name\":\"LPN Nails\",\"description\":\"\",\"publisher\":{\"@id\":\"https:\\\/\\\/www.lpnnails.fr\\\/#organization\"},\"potentialAction\":[{\"@type\":\"SearchAction\",\"target\":{\"@type\":\"EntryPoint\",\"urlTemplate\":\"https:\\\/\\\/www.lpnnails.fr\\\/?s={search_term_string}\"},\"query-input\":{\"@type\":\"PropertyValueSpecification\",\"valueRequired\":true,\"valueName\":\"search_term_string\"}}],\"inLanguage\":\"en-US\"},{\"@type\":\"Organization\",\"@id\":\"https:\\\/\\\/www.lpnnails.fr\\\/#organization\",\"name\":\"LPN Nails\",\"url\":\"https:\\\/\\\/www.lpnnails.fr\\\/\",\"logo\":{\"@type\":\"ImageObject\",\"inLanguage\":\"en-US\",\"@id\":\"https:\\\/\\\/www.lpnnails.fr\\\/#\\\/schema\\\/logo\\\/image\\\/\",\"url\":\"https:\\\/\\\/www.lpnnails.fr\\\/wp-content\\\/uploads\\\/2025\\\/11\\\/Design-sans-titre-2.png\",\"contentUrl\":\"https:\\\/\\\/www.lpnnails.fr\\\/wp-content\\\/uploads\\\/2025\\\/11\\\/Design-sans-titre-2.png\",\"width\":512,\"height\":512,\"caption\":\"LPN Nails\"},\"image\":{\"@id\":\"https:\\\/\\\/www.lpnnails.fr\\\/#\\\/schema\\\/logo\\\/image\\\/\"},\"sameAs\":[\"https:\\\/\\\/www.facebook.com\\\/profile.php?id=61573655313488#\",\"https:\\\/\\\/www.instagram.com\\\/lpnnails\\\/\",\"https:\\\/\\\/www.linkedin.com\\\/company\\\/lpnnails\\\/\",\"https:\\\/\\\/www.youtube.com\\\/@LPNNails\\\/\"]}]}<\/script>\n<!-- \/ Yoast SEO plugin. -->","yoast_head_json":{"title":"Top coat \"Matte\" - LPN Nails","description":"D\u00e9couvrez la nouvelle formule du Top Coat \"Matte\" LPN Nails, pour une finition encore plus douce et durable. Parfait pour transformer vos manucures en v\u00e9ritables \u0153uvres d'art au fini mat \u00e9l\u00e9gant et moderne.","robots":{"index":"index","follow":"follow","max-snippet":"max-snippet:-1","max-image-preview":"max-image-preview:large","max-video-preview":"max-video-preview:-1"},"canonical":"https:\/\/www.lpnnails.fr\/en\/product\/top-coat-matte-2\/","og_locale":"en_US","og_type":"article","og_title":"Top coat \"Matte\" - LPN Nails","og_description":"D\u00e9couvrez la nouvelle formule du Top Coat \"Matte\" LPN Nails, pour une finition encore plus douce et durable. Parfait pour transformer vos manucures en v\u00e9ritables \u0153uvres d'art au fini mat \u00e9l\u00e9gant et moderne.","og_url":"https:\/\/www.lpnnails.fr\/en\/product\/top-coat-matte-2\/","og_site_name":"LPN Nails","article_publisher":"https:\/\/www.facebook.com\/profile.php?id=61573655313488#","article_modified_time":"2026-02-16T10:09:15+00:00","og_image":[{"width":1024,"height":1024,"url":"https:\/\/www.lpnnails.fr\/wp-content\/uploads\/2025\/10\/top-coat-matte.jpg","type":"image\/jpeg"}],"twitter_card":"summary_large_image","twitter_misc":{"Est. reading time":"1 minute"},"schema":{"@context":"https:\/\/schema.org","@graph":[{"@type":"WebPage","@id":"https:\/\/www.lpnnails.fr\/produit\/top-coat-matte-2\/","url":"https:\/\/www.lpnnails.fr\/produit\/top-coat-matte-2\/","name":"Top coat \"Matte\" - LPN Nails","isPartOf":{"@id":"https:\/\/www.lpnnails.fr\/#website"},"primaryImageOfPage":{"@id":"https:\/\/www.lpnnails.fr\/produit\/top-coat-matte-2\/#primaryimage"},"image":{"@id":"https:\/\/www.lpnnails.fr\/produit\/top-coat-matte-2\/#primaryimage"},"thumbnailUrl":"https:\/\/www.lpnnails.fr\/wp-content\/uploads\/2025\/10\/top-coat-matte.jpg","datePublished":"2025-10-06T08:54:09+00:00","dateModified":"2026-02-16T10:09:15+00:00","description":"D\u00e9couvrez la nouvelle formule du Top Coat \"Matte\" LPN Nails, pour une finition encore plus douce et durable. Parfait pour transformer vos manucures en v\u00e9ritables \u0153uvres d'art au fini mat \u00e9l\u00e9gant et moderne.","breadcrumb":{"@id":"https:\/\/www.lpnnails.fr\/produit\/top-coat-matte-2\/#breadcrumb"},"inLanguage":"en-US","potentialAction":[{"@type":"ReadAction","target":["https:\/\/www.lpnnails.fr\/produit\/top-coat-matte-2\/"]}]},{"@type":"ImageObject","inLanguage":"en-US","@id":"https:\/\/www.lpnnails.fr\/produit\/top-coat-matte-2\/#primaryimage","url":"https:\/\/www.lpnnails.fr\/wp-content\/uploads\/2025\/10\/top-coat-matte.jpg","contentUrl":"https:\/\/www.lpnnails.fr\/wp-content\/uploads\/2025\/10\/top-coat-matte.jpg","width":1024,"height":1024,"caption":"top coat matte"},{"@type":"BreadcrumbList","@id":"https:\/\/www.lpnnails.fr\/produit\/top-coat-matte-2\/#breadcrumb","itemListElement":[{"@type":"ListItem","position":1,"name":"Accueil","item":"https:\/\/www.lpnnails.fr\/"},{"@type":"ListItem","position":2,"name":"Boutique","item":"https:\/\/www.lpnnails.fr\/boutique\/"},{"@type":"ListItem","position":3,"name":"Top coat &#8220;Matte&#8221;"}]},{"@type":"WebSite","@id":"https:\/\/www.lpnnails.fr\/#website","url":"https:\/\/www.lpnnails.fr\/","name":"LPN Nails","description":"","publisher":{"@id":"https:\/\/www.lpnnails.fr\/#organization"},"potentialAction":[{"@type":"SearchAction","target":{"@type":"EntryPoint","urlTemplate":"https:\/\/www.lpnnails.fr\/?s={search_term_string}"},"query-input":{"@type":"PropertyValueSpecification","valueRequired":true,"valueName":"search_term_string"}}],"inLanguage":"en-US"},{"@type":"Organization","@id":"https:\/\/www.lpnnails.fr\/#organization","name":"LPN Nails","url":"https:\/\/www.lpnnails.fr\/","logo":{"@type":"ImageObject","inLanguage":"en-US","@id":"https:\/\/www.lpnnails.fr\/#\/schema\/logo\/image\/","url":"https:\/\/www.lpnnails.fr\/wp-content\/uploads\/2025\/11\/Design-sans-titre-2.png","contentUrl":"https:\/\/www.lpnnails.fr\/wp-content\/uploads\/2025\/11\/Design-sans-titre-2.png","width":512,"height":512,"caption":"LPN Nails"},"image":{"@id":"https:\/\/www.lpnnails.fr\/#\/schema\/logo\/image\/"},"sameAs":["https:\/\/www.facebook.com\/profile.php?id=61573655313488#","https:\/\/www.instagram.com\/lpnnails\/","https:\/\/www.linkedin.com\/company\/lpnnails\/","https:\/\/www.youtube.com\/@LPNNails\/"]}]}},"uagb_featured_image_src":{"full":["https:\/\/www.lpnnails.fr\/wp-content\/uploads\/2025\/10\/top-coat-matte.jpg",1024,1024,false],"thumbnail":["https:\/\/www.lpnnails.fr\/wp-content\/uploads\/2025\/10\/top-coat-matte-150x150.jpg",150,150,true],"medium":["https:\/\/www.lpnnails.fr\/wp-content\/uploads\/2025\/10\/top-coat-matte-300x300.jpg",300,300,true],"medium_large":["https:\/\/www.lpnnails.fr\/wp-content\/uploads\/2025\/10\/top-coat-matte-768x768.jpg",768,768,true],"large":["https:\/\/www.lpnnails.fr\/wp-content\/uploads\/2025\/10\/top-coat-matte.jpg",1024,1024,false],"1536x1536":["https:\/\/www.lpnnails.fr\/wp-content\/uploads\/2025\/10\/top-coat-matte.jpg",1024,1024,false],"2048x2048":["https:\/\/www.lpnnails.fr\/wp-content\/uploads\/2025\/10\/top-coat-matte.jpg",1024,1024,false],"trp-custom-language-flag":["https:\/\/www.lpnnails.fr\/wp-content\/uploads\/2025\/10\/top-coat-matte.jpg",12,12,false],"mailpoet_newsletter_max":["https:\/\/www.lpnnails.fr\/wp-content\/uploads\/2025\/10\/top-coat-matte.jpg",1024,1024,false],"woocommerce_thumbnail":["https:\/\/www.lpnnails.fr\/wp-content\/uploads\/2025\/10\/top-coat-matte-300x300.jpg",300,300,true],"woocommerce_single":["https:\/\/www.lpnnails.fr\/wp-content\/uploads\/2025\/10\/top-coat-matte-600x600.jpg",600,600,true],"woocommerce_gallery_thumbnail":["https:\/\/www.lpnnails.fr\/wp-content\/uploads\/2025\/10\/top-coat-matte-100x100.jpg",100,100,true],"variation_swatches_image_size":["https:\/\/www.lpnnails.fr\/wp-content\/uploads\/2025\/10\/top-coat-matte-50x50.jpg",50,50,true],"variation_swatches_tooltip_size":["https:\/\/www.lpnnails.fr\/wp-content\/uploads\/2025\/10\/top-coat-matte-100x100.jpg",100,100,true]},"uagb_author_info":{"display_name":"LPN Nails","author_link":"https:\/\/www.lpnnails.fr\/en\/author\/"},"uagb_comment_info":0,"uagb_excerpt":"D\u00e9couvrez la nouvelle formule du Top Coat &#8220;Matte&#8221; LPN Nails, pour une finition encore plus douce et durable. Parfait pour [&hellip;]","_links":{"self":[{"href":"https:\/\/www.lpnnails.fr\/en\/wp-json\/wp\/v2\/product\/8398","targetHints":{"allow":["GET"]}}],"collection":[{"href":"https:\/\/www.lpnnails.fr\/en\/wp-json\/wp\/v2\/product"}],"about":[{"href":"https:\/\/www.lpnnails.fr\/en\/wp-json\/wp\/v2\/types\/product"}],"replies":[{"embeddable":true,"href":"https:\/\/www.lpnnails.fr\/en\/wp-json\/wp\/v2\/comments?post=8398"}],"wp:featuredmedia":[{"embeddable":true,"href":"https:\/\/www.lpnnails.fr\/en\/wp-json\/wp\/v2\/media\/8362"}],"wp:attachment":[{"href":"https:\/\/www.lpnnails.fr\/en\/wp-json\/wp\/v2\/media?parent=8398"}],"wp:term":[{"taxonomy":"product_brand","embeddable":true,"href":"https:\/\/www.lpnnails.fr\/en\/wp-json\/wp\/v2\/product_brand?post=8398"},{"taxonomy":"product_cat","embeddable":true,"href":"https:\/\/www.lpnnails.fr\/en\/wp-json\/wp\/v2\/product_cat?post=8398"},{"taxonomy":"product_tag","embeddable":true,"href":"https:\/\/www.lpnnails.fr\/en\/wp-json\/wp\/v2\/product_tag?post=8398"}],"curies":[{"name":"wp","href":"https:\/\/api.w.org\/{rel}","templated":true}]}}