{"id":7637,"date":"2025-09-13T12:08:15","date_gmt":"2025-09-13T10:08:15","guid":{"rendered":"https:\/\/www.lpnnails.fr\/?post_type=product&#038;p=7637"},"modified":"2025-12-01T09:39:47","modified_gmt":"2025-12-01T08:39:47","slug":"capsules-premium-coffin","status":"publish","type":"product","link":"https:\/\/www.lpnnails.fr\/en\/product\/capsules-premium-coffin\/","title":{"rendered":"Capsules &#8220;Premium Coffin&#8221;"},"content":{"rendered":"<p>Donnez \u00e0 vos poses une finition \u00e9l\u00e9gante et professionnelle avec les <strong>Capsules Premium Coffin LPN Nails<\/strong>. Ultra r\u00e9sistantes et parfaitement adapt\u00e9es \u00e0 la pose am\u00e9ricaine (Gel X), elles offrent une <strong>tenue optimale et un rendu naturel<\/strong>. Disponibles en tailles XS, S et M, elles s\u2019adaptent \u00e0 toutes vos cr\u00e9ations, des plus discr\u00e8tes aux plus sophistiqu\u00e9es.<\/p>\n<p><strong>Features :<\/strong><\/p>\n<ul>\n<li><strong>Forme Coffin<\/strong> : tendance et \u00e9l\u00e9gante pour des poses modernes et raffin\u00e9es.<\/li>\n<li><strong>Ultra r\u00e9sistantes<\/strong> : capsules solides qui garantissent une excellente tenue.<\/li>\n<li><strong>15 tailles diff\u00e9rentes<\/strong> : pour s\u2019adapter \u00e0 toutes les morphologies d\u2019ongles.<\/li>\n<li><strong>Bo\u00eete de 510 pi\u00e8ces<\/strong> : pratique et \u00e9conomique pour un usage professionnel.<\/li>\n<\/ul>\n<p><strong>Conseils d\u2019utilisation :<\/strong><\/p>\n<ul>\n<li><strong>Pr\u00e9parez l\u2019ongle<\/strong> en le d\u00e9shydratant et en appliquant un primer.<\/li>\n<li><strong>S\u00e9lectionnez la taille adapt\u00e9e<\/strong> \u00e0 chaque ongle pour un ajustement parfait.<\/li>\n<li><strong>Fixez avec une base Gel X<\/strong> (ou \u00e9quivalent) en polym\u00e9risant sous lampe UV\/LED.<\/li>\n<li><strong>Limez et ajustez<\/strong> la capsule selon la longueur et la forme souhait\u00e9es.<\/li>\n<\/ul>","protected":false},"excerpt":{"rendered":"<p>Donnez \u00e0 vos poses une finition \u00e9l\u00e9gante et professionnelle avec les Capsules Premium Coffin LPN Nails. Ultra r\u00e9sistantes et parfaitement [&hellip;]<\/p>\n","protected":false},"featured_media":8456,"comment_status":"open","ping_status":"closed","template":"","meta":{"_uag_custom_page_level_css":"","site-sidebar-layout":"default","site-content-layout":"","ast-site-content-layout":"default","site-content-style":"default","site-sidebar-style":"default","ast-global-header-display":"","ast-banner-title-visibility":"","ast-main-header-display":"","ast-hfb-above-header-display":"","ast-hfb-below-header-display":"","ast-hfb-mobile-header-display":"","site-post-title":"","ast-breadcrumbs-content":"","ast-featured-img":"","footer-sml-layout":"","ast-disable-related-posts":"","theme-transparent-header-meta":"default","adv-header-id-meta":"","stick-header-meta":"","header-above-stick-meta":"","header-main-stick-meta":"","header-below-stick-meta":"","astra-migrate-meta-layouts":"set","ast-page-background-enabled":"default","ast-page-background-meta":{"desktop":{"background-color":"var(--ast-global-color-4)","background-image":"","background-repeat":"repeat","background-position":"center center","background-size":"auto","background-attachment":"scroll","background-type":"","background-media":"","overlay-type":"","overlay-color":"","overlay-opacity":"","overlay-gradient":""},"tablet":{"background-color":"","background-image":"","background-repeat":"repeat","background-position":"center center","background-size":"auto","background-attachment":"scroll","background-type":"","background-media":"","overlay-type":"","overlay-color":"","overlay-opacity":"","overlay-gradient":""},"mobile":{"background-color":"","background-image":"","background-repeat":"repeat","background-position":"center center","background-size":"auto","background-attachment":"scroll","background-type":"","background-media":"","overlay-type":"","overlay-color":"","overlay-opacity":"","overlay-gradient":""}},"ast-content-background-meta":{"desktop":{"background-color":"var(--ast-global-color-5)","background-image":"","background-repeat":"repeat","background-position":"center center","background-size":"auto","background-attachment":"scroll","background-type":"","background-media":"","overlay-type":"","overlay-color":"","overlay-opacity":"","overlay-gradient":""},"tablet":{"background-color":"var(--ast-global-color-5)","background-image":"","background-repeat":"repeat","background-position":"center center","background-size":"auto","background-attachment":"scroll","background-type":"","background-media":"","overlay-type":"","overlay-color":"","overlay-opacity":"","overlay-gradient":""},"mobile":{"background-color":"var(--ast-global-color-5)","background-image":"","background-repeat":"repeat","background-position":"center center","background-size":"auto","background-attachment":"scroll","background-type":"","background-media":"","overlay-type":"","overlay-color":"","overlay-opacity":"","overlay-gradient":""}}},"product_brand":[254],"product_cat":[238,252,199],"product_tag":[],"class_list":{"0":"post-7637","1":"product","2":"type-product","3":"status-publish","4":"has-post-thumbnail","6":"product_brand-lpnnails","7":"product_cat-nouveau","8":"product_cat-techniques-d-extensions","9":"product_cat-tous-les-produits","10":"pa_taille-m","11":"pa_taille-s","12":"pa_taille-xs","13":"desktop-align-left","14":"tablet-align-left","15":"mobile-align-left","17":"first","18":"instock","19":"shipping-taxable","20":"purchasable","21":"product-type-variable","22":"wvs-archive-product-wrapper"},"yoast_head":"<!-- This site is optimized with the Yoast SEO plugin v27.3 - https:\/\/yoast.com\/product\/yoast-seo-wordpress\/ -->\n<title>Capsules &quot;Premium Coffin&quot; - LPN Nails<\/title>\n<meta name=\"description\" content=\"Donnez \u00e0 vos poses une finition \u00e9l\u00e9gante et professionnelle avec les Capsules Premium Coffin LPN Nails. Ultra r\u00e9sistantes et parfaitement adapt\u00e9es \u00e0 la pose am\u00e9ricaine (Gel X), elles offrent une tenue optimale et un rendu naturel. Disponibles en tailles XS, S et M, elles s\u2019adaptent \u00e0 toutes vos cr\u00e9ations, des plus discr\u00e8tes aux plus sophistiqu\u00e9es.\" \/>\n<meta name=\"robots\" content=\"index, follow, max-snippet:-1, max-image-preview:large, max-video-preview:-1\" \/>\n<link rel=\"canonical\" href=\"https:\/\/www.lpnnails.fr\/en\/product\/capsules-premium-coffin\/\" \/>\n<meta property=\"og:locale\" content=\"en_US\" \/>\n<meta property=\"og:type\" content=\"article\" \/>\n<meta property=\"og:title\" content=\"Capsules &quot;Premium Coffin&quot; - LPN Nails\" \/>\n<meta property=\"og:description\" content=\"Donnez \u00e0 vos poses une finition \u00e9l\u00e9gante et professionnelle avec les Capsules Premium Coffin LPN Nails. Ultra r\u00e9sistantes et parfaitement adapt\u00e9es \u00e0 la pose am\u00e9ricaine (Gel X), elles offrent une tenue optimale et un rendu naturel. Disponibles en tailles XS, S et M, elles s\u2019adaptent \u00e0 toutes vos cr\u00e9ations, des plus discr\u00e8tes aux plus sophistiqu\u00e9es.\" \/>\n<meta property=\"og:url\" content=\"https:\/\/www.lpnnails.fr\/en\/product\/capsules-premium-coffin\/\" \/>\n<meta property=\"og:site_name\" content=\"LPN Nails\" \/>\n<meta property=\"article:publisher\" content=\"https:\/\/www.facebook.com\/profile.php?id=61573655313488#\" \/>\n<meta property=\"article:modified_time\" content=\"2025-12-01T08:39:47+00:00\" \/>\n<meta property=\"og:image\" content=\"https:\/\/www.lpnnails.fr\/wp-content\/uploads\/2025\/09\/premium-capsules-coffin.jpg\" \/>\n\t<meta property=\"og:image:width\" content=\"1024\" \/>\n\t<meta property=\"og:image:height\" content=\"1024\" \/>\n\t<meta property=\"og:image:type\" content=\"image\/jpeg\" \/>\n<meta name=\"twitter:card\" content=\"summary_large_image\" \/>\n<meta name=\"twitter:label1\" content=\"Est. reading time\" \/>\n\t<meta name=\"twitter:data1\" content=\"1 minute\" \/>\n<script type=\"application\/ld+json\" class=\"yoast-schema-graph\">{\"@context\":\"https:\\\/\\\/schema.org\",\"@graph\":[{\"@type\":\"WebPage\",\"@id\":\"https:\\\/\\\/www.lpnnails.fr\\\/produit\\\/capsules-premium-coffin\\\/\",\"url\":\"https:\\\/\\\/www.lpnnails.fr\\\/produit\\\/capsules-premium-coffin\\\/\",\"name\":\"Capsules \\\"Premium Coffin\\\" - LPN Nails\",\"isPartOf\":{\"@id\":\"https:\\\/\\\/www.lpnnails.fr\\\/#website\"},\"primaryImageOfPage\":{\"@id\":\"https:\\\/\\\/www.lpnnails.fr\\\/produit\\\/capsules-premium-coffin\\\/#primaryimage\"},\"image\":{\"@id\":\"https:\\\/\\\/www.lpnnails.fr\\\/produit\\\/capsules-premium-coffin\\\/#primaryimage\"},\"thumbnailUrl\":\"https:\\\/\\\/www.lpnnails.fr\\\/wp-content\\\/uploads\\\/2025\\\/09\\\/premium-capsules-coffin.jpg\",\"datePublished\":\"2025-09-13T10:08:15+00:00\",\"dateModified\":\"2025-12-01T08:39:47+00:00\",\"description\":\"Donnez \u00e0 vos poses une finition \u00e9l\u00e9gante et professionnelle avec les Capsules Premium Coffin LPN Nails. Ultra r\u00e9sistantes et parfaitement adapt\u00e9es \u00e0 la pose am\u00e9ricaine (Gel X), elles offrent une tenue optimale et un rendu naturel. Disponibles en tailles XS, S et M, elles s\u2019adaptent \u00e0 toutes vos cr\u00e9ations, des plus discr\u00e8tes aux plus sophistiqu\u00e9es.\",\"breadcrumb\":{\"@id\":\"https:\\\/\\\/www.lpnnails.fr\\\/produit\\\/capsules-premium-coffin\\\/#breadcrumb\"},\"inLanguage\":\"en-US\",\"potentialAction\":[{\"@type\":\"ReadAction\",\"target\":[\"https:\\\/\\\/www.lpnnails.fr\\\/produit\\\/capsules-premium-coffin\\\/\"]}]},{\"@type\":\"ImageObject\",\"inLanguage\":\"en-US\",\"@id\":\"https:\\\/\\\/www.lpnnails.fr\\\/produit\\\/capsules-premium-coffin\\\/#primaryimage\",\"url\":\"https:\\\/\\\/www.lpnnails.fr\\\/wp-content\\\/uploads\\\/2025\\\/09\\\/premium-capsules-coffin.jpg\",\"contentUrl\":\"https:\\\/\\\/www.lpnnails.fr\\\/wp-content\\\/uploads\\\/2025\\\/09\\\/premium-capsules-coffin.jpg\",\"width\":1024,\"height\":1024,\"caption\":\"premium capsules coffin\"},{\"@type\":\"BreadcrumbList\",\"@id\":\"https:\\\/\\\/www.lpnnails.fr\\\/produit\\\/capsules-premium-coffin\\\/#breadcrumb\",\"itemListElement\":[{\"@type\":\"ListItem\",\"position\":1,\"name\":\"Accueil\",\"item\":\"https:\\\/\\\/www.lpnnails.fr\\\/\"},{\"@type\":\"ListItem\",\"position\":2,\"name\":\"Boutique\",\"item\":\"https:\\\/\\\/www.lpnnails.fr\\\/boutique\\\/\"},{\"@type\":\"ListItem\",\"position\":3,\"name\":\"Capsules &#8220;Premium Coffin&#8221;\"}]},{\"@type\":\"WebSite\",\"@id\":\"https:\\\/\\\/www.lpnnails.fr\\\/#website\",\"url\":\"https:\\\/\\\/www.lpnnails.fr\\\/\",\"name\":\"LPN Nails\",\"description\":\"\",\"publisher\":{\"@id\":\"https:\\\/\\\/www.lpnnails.fr\\\/#organization\"},\"potentialAction\":[{\"@type\":\"SearchAction\",\"target\":{\"@type\":\"EntryPoint\",\"urlTemplate\":\"https:\\\/\\\/www.lpnnails.fr\\\/?s={search_term_string}\"},\"query-input\":{\"@type\":\"PropertyValueSpecification\",\"valueRequired\":true,\"valueName\":\"search_term_string\"}}],\"inLanguage\":\"en-US\"},{\"@type\":\"Organization\",\"@id\":\"https:\\\/\\\/www.lpnnails.fr\\\/#organization\",\"name\":\"LPN Nails\",\"url\":\"https:\\\/\\\/www.lpnnails.fr\\\/\",\"logo\":{\"@type\":\"ImageObject\",\"inLanguage\":\"en-US\",\"@id\":\"https:\\\/\\\/www.lpnnails.fr\\\/#\\\/schema\\\/logo\\\/image\\\/\",\"url\":\"https:\\\/\\\/www.lpnnails.fr\\\/wp-content\\\/uploads\\\/2025\\\/11\\\/Design-sans-titre-2.png\",\"contentUrl\":\"https:\\\/\\\/www.lpnnails.fr\\\/wp-content\\\/uploads\\\/2025\\\/11\\\/Design-sans-titre-2.png\",\"width\":512,\"height\":512,\"caption\":\"LPN Nails\"},\"image\":{\"@id\":\"https:\\\/\\\/www.lpnnails.fr\\\/#\\\/schema\\\/logo\\\/image\\\/\"},\"sameAs\":[\"https:\\\/\\\/www.facebook.com\\\/profile.php?id=61573655313488#\",\"https:\\\/\\\/www.instagram.com\\\/lpnnails\\\/\",\"https:\\\/\\\/www.linkedin.com\\\/company\\\/lpnnails\\\/\",\"https:\\\/\\\/www.youtube.com\\\/@LPNNails\\\/\"]}]}<\/script>\n<!-- \/ Yoast SEO plugin. -->","yoast_head_json":{"title":"Capsules \"Premium Coffin\" - LPN Nails","description":"Donnez \u00e0 vos poses une finition \u00e9l\u00e9gante et professionnelle avec les Capsules Premium Coffin LPN Nails. Ultra r\u00e9sistantes et parfaitement adapt\u00e9es \u00e0 la pose am\u00e9ricaine (Gel X), elles offrent une tenue optimale et un rendu naturel. Disponibles en tailles XS, S et M, elles s\u2019adaptent \u00e0 toutes vos cr\u00e9ations, des plus discr\u00e8tes aux plus sophistiqu\u00e9es.","robots":{"index":"index","follow":"follow","max-snippet":"max-snippet:-1","max-image-preview":"max-image-preview:large","max-video-preview":"max-video-preview:-1"},"canonical":"https:\/\/www.lpnnails.fr\/en\/product\/capsules-premium-coffin\/","og_locale":"en_US","og_type":"article","og_title":"Capsules \"Premium Coffin\" - LPN Nails","og_description":"Donnez \u00e0 vos poses une finition \u00e9l\u00e9gante et professionnelle avec les Capsules Premium Coffin LPN Nails. Ultra r\u00e9sistantes et parfaitement adapt\u00e9es \u00e0 la pose am\u00e9ricaine (Gel X), elles offrent une tenue optimale et un rendu naturel. Disponibles en tailles XS, S et M, elles s\u2019adaptent \u00e0 toutes vos cr\u00e9ations, des plus discr\u00e8tes aux plus sophistiqu\u00e9es.","og_url":"https:\/\/www.lpnnails.fr\/en\/product\/capsules-premium-coffin\/","og_site_name":"LPN Nails","article_publisher":"https:\/\/www.facebook.com\/profile.php?id=61573655313488#","article_modified_time":"2025-12-01T08:39:47+00:00","og_image":[{"width":1024,"height":1024,"url":"https:\/\/www.lpnnails.fr\/wp-content\/uploads\/2025\/09\/premium-capsules-coffin.jpg","type":"image\/jpeg"}],"twitter_card":"summary_large_image","twitter_misc":{"Est. reading time":"1 minute"},"schema":{"@context":"https:\/\/schema.org","@graph":[{"@type":"WebPage","@id":"https:\/\/www.lpnnails.fr\/produit\/capsules-premium-coffin\/","url":"https:\/\/www.lpnnails.fr\/produit\/capsules-premium-coffin\/","name":"Capsules \"Premium Coffin\" - LPN Nails","isPartOf":{"@id":"https:\/\/www.lpnnails.fr\/#website"},"primaryImageOfPage":{"@id":"https:\/\/www.lpnnails.fr\/produit\/capsules-premium-coffin\/#primaryimage"},"image":{"@id":"https:\/\/www.lpnnails.fr\/produit\/capsules-premium-coffin\/#primaryimage"},"thumbnailUrl":"https:\/\/www.lpnnails.fr\/wp-content\/uploads\/2025\/09\/premium-capsules-coffin.jpg","datePublished":"2025-09-13T10:08:15+00:00","dateModified":"2025-12-01T08:39:47+00:00","description":"Donnez \u00e0 vos poses une finition \u00e9l\u00e9gante et professionnelle avec les Capsules Premium Coffin LPN Nails. Ultra r\u00e9sistantes et parfaitement adapt\u00e9es \u00e0 la pose am\u00e9ricaine (Gel X), elles offrent une tenue optimale et un rendu naturel. Disponibles en tailles XS, S et M, elles s\u2019adaptent \u00e0 toutes vos cr\u00e9ations, des plus discr\u00e8tes aux plus sophistiqu\u00e9es.","breadcrumb":{"@id":"https:\/\/www.lpnnails.fr\/produit\/capsules-premium-coffin\/#breadcrumb"},"inLanguage":"en-US","potentialAction":[{"@type":"ReadAction","target":["https:\/\/www.lpnnails.fr\/produit\/capsules-premium-coffin\/"]}]},{"@type":"ImageObject","inLanguage":"en-US","@id":"https:\/\/www.lpnnails.fr\/produit\/capsules-premium-coffin\/#primaryimage","url":"https:\/\/www.lpnnails.fr\/wp-content\/uploads\/2025\/09\/premium-capsules-coffin.jpg","contentUrl":"https:\/\/www.lpnnails.fr\/wp-content\/uploads\/2025\/09\/premium-capsules-coffin.jpg","width":1024,"height":1024,"caption":"premium capsules coffin"},{"@type":"BreadcrumbList","@id":"https:\/\/www.lpnnails.fr\/produit\/capsules-premium-coffin\/#breadcrumb","itemListElement":[{"@type":"ListItem","position":1,"name":"Accueil","item":"https:\/\/www.lpnnails.fr\/"},{"@type":"ListItem","position":2,"name":"Boutique","item":"https:\/\/www.lpnnails.fr\/boutique\/"},{"@type":"ListItem","position":3,"name":"Capsules &#8220;Premium Coffin&#8221;"}]},{"@type":"WebSite","@id":"https:\/\/www.lpnnails.fr\/#website","url":"https:\/\/www.lpnnails.fr\/","name":"LPN Nails","description":"","publisher":{"@id":"https:\/\/www.lpnnails.fr\/#organization"},"potentialAction":[{"@type":"SearchAction","target":{"@type":"EntryPoint","urlTemplate":"https:\/\/www.lpnnails.fr\/?s={search_term_string}"},"query-input":{"@type":"PropertyValueSpecification","valueRequired":true,"valueName":"search_term_string"}}],"inLanguage":"en-US"},{"@type":"Organization","@id":"https:\/\/www.lpnnails.fr\/#organization","name":"LPN Nails","url":"https:\/\/www.lpnnails.fr\/","logo":{"@type":"ImageObject","inLanguage":"en-US","@id":"https:\/\/www.lpnnails.fr\/#\/schema\/logo\/image\/","url":"https:\/\/www.lpnnails.fr\/wp-content\/uploads\/2025\/11\/Design-sans-titre-2.png","contentUrl":"https:\/\/www.lpnnails.fr\/wp-content\/uploads\/2025\/11\/Design-sans-titre-2.png","width":512,"height":512,"caption":"LPN Nails"},"image":{"@id":"https:\/\/www.lpnnails.fr\/#\/schema\/logo\/image\/"},"sameAs":["https:\/\/www.facebook.com\/profile.php?id=61573655313488#","https:\/\/www.instagram.com\/lpnnails\/","https:\/\/www.linkedin.com\/company\/lpnnails\/","https:\/\/www.youtube.com\/@LPNNails\/"]}]}},"uagb_featured_image_src":{"full":["https:\/\/www.lpnnails.fr\/wp-content\/uploads\/2025\/09\/premium-capsules-coffin.jpg",1024,1024,false],"thumbnail":["https:\/\/www.lpnnails.fr\/wp-content\/uploads\/2025\/09\/premium-capsules-coffin-150x150.jpg",150,150,true],"medium":["https:\/\/www.lpnnails.fr\/wp-content\/uploads\/2025\/09\/premium-capsules-coffin-300x300.jpg",300,300,true],"medium_large":["https:\/\/www.lpnnails.fr\/wp-content\/uploads\/2025\/09\/premium-capsules-coffin-768x768.jpg",768,768,true],"large":["https:\/\/www.lpnnails.fr\/wp-content\/uploads\/2025\/09\/premium-capsules-coffin.jpg",1024,1024,false],"1536x1536":["https:\/\/www.lpnnails.fr\/wp-content\/uploads\/2025\/09\/premium-capsules-coffin.jpg",1024,1024,false],"2048x2048":["https:\/\/www.lpnnails.fr\/wp-content\/uploads\/2025\/09\/premium-capsules-coffin.jpg",1024,1024,false],"trp-custom-language-flag":["https:\/\/www.lpnnails.fr\/wp-content\/uploads\/2025\/09\/premium-capsules-coffin.jpg",12,12,false],"mailpoet_newsletter_max":["https:\/\/www.lpnnails.fr\/wp-content\/uploads\/2025\/09\/premium-capsules-coffin.jpg",1024,1024,false],"woocommerce_thumbnail":["https:\/\/www.lpnnails.fr\/wp-content\/uploads\/2025\/09\/premium-capsules-coffin-300x300.jpg",300,300,true],"woocommerce_single":["https:\/\/www.lpnnails.fr\/wp-content\/uploads\/2025\/09\/premium-capsules-coffin-600x600.jpg",600,600,true],"woocommerce_gallery_thumbnail":["https:\/\/www.lpnnails.fr\/wp-content\/uploads\/2025\/09\/premium-capsules-coffin-100x100.jpg",100,100,true],"variation_swatches_image_size":["https:\/\/www.lpnnails.fr\/wp-content\/uploads\/2025\/09\/premium-capsules-coffin-50x50.jpg",50,50,true],"variation_swatches_tooltip_size":["https:\/\/www.lpnnails.fr\/wp-content\/uploads\/2025\/09\/premium-capsules-coffin-100x100.jpg",100,100,true]},"uagb_author_info":{"display_name":"LPN Nails","author_link":"https:\/\/www.lpnnails.fr\/en\/author\/"},"uagb_comment_info":0,"uagb_excerpt":"Donnez \u00e0 vos poses une finition \u00e9l\u00e9gante et professionnelle avec les Capsules Premium Coffin LPN Nails. Ultra r\u00e9sistantes et parfaitement [&hellip;]","_links":{"self":[{"href":"https:\/\/www.lpnnails.fr\/en\/wp-json\/wp\/v2\/product\/7637","targetHints":{"allow":["GET"]}}],"collection":[{"href":"https:\/\/www.lpnnails.fr\/en\/wp-json\/wp\/v2\/product"}],"about":[{"href":"https:\/\/www.lpnnails.fr\/en\/wp-json\/wp\/v2\/types\/product"}],"replies":[{"embeddable":true,"href":"https:\/\/www.lpnnails.fr\/en\/wp-json\/wp\/v2\/comments?post=7637"}],"wp:featuredmedia":[{"embeddable":true,"href":"https:\/\/www.lpnnails.fr\/en\/wp-json\/wp\/v2\/media\/8456"}],"wp:attachment":[{"href":"https:\/\/www.lpnnails.fr\/en\/wp-json\/wp\/v2\/media?parent=7637"}],"wp:term":[{"taxonomy":"product_brand","embeddable":true,"href":"https:\/\/www.lpnnails.fr\/en\/wp-json\/wp\/v2\/product_brand?post=7637"},{"taxonomy":"product_cat","embeddable":true,"href":"https:\/\/www.lpnnails.fr\/en\/wp-json\/wp\/v2\/product_cat?post=7637"},{"taxonomy":"product_tag","embeddable":true,"href":"https:\/\/www.lpnnails.fr\/en\/wp-json\/wp\/v2\/product_tag?post=7637"}],"curies":[{"name":"wp","href":"https:\/\/api.w.org\/{rel}","templated":true}]}}