{"id":6913,"date":"2025-07-17T13:11:22","date_gmt":"2025-07-17T11:11:22","guid":{"rendered":"https:\/\/www.lpnnails.fr\/?post_type=product&#038;p=6913"},"modified":"2026-03-28T18:52:21","modified_gmt":"2026-03-28T17:52:21","slug":"french-popits","status":"publish","type":"product","link":"https:\/\/www.lpnnails.fr\/en\/product\/french-popits\/","title":{"rendered":"French popits"},"content":{"rendered":"<p class=\"skK8UF\" data-hook=\"description\">Cr\u00e9ez facilement des French reverse nettes et pr\u00e9cises avec les <strong>French Popits LPN Nails<\/strong>. Pens\u00e9s pour vous faire gagner du temps tout en garantissant un rendu professionnel, ces popits sont l\u2019outil id\u00e9al pour ma\u00eetriser la technique reverse sans difficult\u00e9.<\/p>\n<p><strong>Features :<\/strong><\/p>\n<ul>\n<li><strong>2 Formes au choix<\/strong> : Amande ou Carr\u00e9.<\/li>\n<li><strong>D\u00e9limitation int\u00e9gr\u00e9e<\/strong> : Bordure nette pour une French parfaitement d\u00e9finie sans approximation.<\/li>\n<li><strong>Bords fins et pr\u00e9cis<\/strong> : \u00c9vite les sur\u00e9paisseurs pour un rendu naturel et affin\u00e9.<\/li>\n<li><strong>Compatibilit\u00e9 totale<\/strong> : Adapt\u00e9s au gel, polygel\/acrygel.<\/li>\n<li><strong>Bo\u00eete de 150 pi\u00e8ces<\/strong> : Contient 15 tailles (10 pi\u00e8ces par taille) pour s\u2019adapter \u00e0 toutes les morphologies d\u2019ongles.<br \/>\nPourquoi les choisir ?<\/li>\n<\/ul>\n<p><strong>Benefits :<\/strong><\/p>\n<ul>\n<li>Gain de temps sur vos poses<\/li>\n<li>R\u00e9sultat net, sym\u00e9trique et professionnel<\/li>\n<li>Id\u00e9al pour les French reverse r\u00e9guli\u00e8res et soign\u00e9es<\/li>\n<li>Outil parfait pour les d\u00e9butantes comme pour les confirm\u00e9es<\/li>\n<\/ul>\n<p>Avec les French Popits, simplifiez vos poses tout en \u00e9levant vos prestations. Con\u00e7us pour allier pr\u00e9cision, praticit\u00e9 et rapidit\u00e9.<\/p>","protected":false},"excerpt":{"rendered":"<p>Cr\u00e9ez facilement des French reverse nettes et pr\u00e9cises avec les French Popits LPN Nails. Pens\u00e9s pour vous faire gagner du [&hellip;]<\/p>\n","protected":false},"featured_media":6916,"comment_status":"open","ping_status":"closed","template":"","meta":{"_uag_custom_page_level_css":"","site-sidebar-layout":"default","site-content-layout":"","ast-site-content-layout":"default","site-content-style":"default","site-sidebar-style":"default","ast-global-header-display":"","ast-banner-title-visibility":"","ast-main-header-display":"","ast-hfb-above-header-display":"","ast-hfb-below-header-display":"","ast-hfb-mobile-header-display":"","site-post-title":"","ast-breadcrumbs-content":"","ast-featured-img":"","footer-sml-layout":"","ast-disable-related-posts":"","theme-transparent-header-meta":"default","adv-header-id-meta":"","stick-header-meta":"","header-above-stick-meta":"","header-main-stick-meta":"","header-below-stick-meta":"","astra-migrate-meta-layouts":"set","ast-page-background-enabled":"default","ast-page-background-meta":{"desktop":{"background-color":"var(--ast-global-color-4)","background-image":"","background-repeat":"repeat","background-position":"center center","background-size":"auto","background-attachment":"scroll","background-type":"","background-media":"","overlay-type":"","overlay-color":"","overlay-opacity":"","overlay-gradient":""},"tablet":{"background-color":"","background-image":"","background-repeat":"repeat","background-position":"center center","background-size":"auto","background-attachment":"scroll","background-type":"","background-media":"","overlay-type":"","overlay-color":"","overlay-opacity":"","overlay-gradient":""},"mobile":{"background-color":"","background-image":"","background-repeat":"repeat","background-position":"center center","background-size":"auto","background-attachment":"scroll","background-type":"","background-media":"","overlay-type":"","overlay-color":"","overlay-opacity":"","overlay-gradient":""}},"ast-content-background-meta":{"desktop":{"background-color":"var(--ast-global-color-5)","background-image":"","background-repeat":"repeat","background-position":"center center","background-size":"auto","background-attachment":"scroll","background-type":"","background-media":"","overlay-type":"","overlay-color":"","overlay-opacity":"","overlay-gradient":""},"tablet":{"background-color":"var(--ast-global-color-5)","background-image":"","background-repeat":"repeat","background-position":"center center","background-size":"auto","background-attachment":"scroll","background-type":"","background-media":"","overlay-type":"","overlay-color":"","overlay-opacity":"","overlay-gradient":""},"mobile":{"background-color":"var(--ast-global-color-5)","background-image":"","background-repeat":"repeat","background-position":"center center","background-size":"auto","background-attachment":"scroll","background-type":"","background-media":"","overlay-type":"","overlay-color":"","overlay-opacity":"","overlay-gradient":""}}},"product_brand":[254],"product_cat":[252,199],"product_tag":[],"class_list":{"0":"post-6913","1":"product","2":"type-product","3":"status-publish","4":"has-post-thumbnail","6":"product_brand-lpnnails","7":"product_cat-techniques-d-extensions","8":"product_cat-tous-les-produits","9":"pa_forme-amande","10":"pa_forme-carre","11":"desktop-align-left","12":"tablet-align-left","13":"mobile-align-left","15":"first","16":"instock","17":"shipping-taxable","18":"purchasable","19":"product-type-variable","20":"wvs-archive-product-wrapper"},"yoast_head":"<!-- This site is optimized with the Yoast SEO plugin v27.3 - https:\/\/yoast.com\/product\/yoast-seo-wordpress\/ -->\n<title>French popits - LPN Nails<\/title>\n<meta name=\"description\" content=\"Cr\u00e9ez facilement des French reverse nettes et pr\u00e9cises avec les French Popits LPN Nails. Pens\u00e9s pour vous faire gagner du temps tout en garantissant un rendu professionnel, ces popits sont l\u2019outil id\u00e9al pour ma\u00eetriser la technique reverse sans difficult\u00e9.\" \/>\n<meta name=\"robots\" content=\"index, follow, max-snippet:-1, max-image-preview:large, max-video-preview:-1\" \/>\n<link rel=\"canonical\" href=\"https:\/\/www.lpnnails.fr\/en\/product\/french-popits\/\" \/>\n<meta property=\"og:locale\" content=\"en_US\" \/>\n<meta property=\"og:type\" content=\"article\" \/>\n<meta property=\"og:title\" content=\"French popits - LPN Nails\" \/>\n<meta property=\"og:description\" content=\"Cr\u00e9ez facilement des French reverse nettes et pr\u00e9cises avec les French Popits LPN Nails. Pens\u00e9s pour vous faire gagner du temps tout en garantissant un rendu professionnel, ces popits sont l\u2019outil id\u00e9al pour ma\u00eetriser la technique reverse sans difficult\u00e9.\" \/>\n<meta property=\"og:url\" content=\"https:\/\/www.lpnnails.fr\/en\/product\/french-popits\/\" \/>\n<meta property=\"og:site_name\" content=\"LPN Nails\" \/>\n<meta property=\"article:publisher\" content=\"https:\/\/www.facebook.com\/profile.php?id=61573655313488#\" \/>\n<meta property=\"article:modified_time\" content=\"2026-03-28T17:52:21+00:00\" \/>\n<meta property=\"og:image\" content=\"https:\/\/www.lpnnails.fr\/wp-content\/uploads\/2025\/07\/8907b2_612fe7f662194e68b039f69d12120429mv2.jpg\" \/>\n\t<meta property=\"og:image:width\" content=\"666\" \/>\n\t<meta property=\"og:image:height\" content=\"666\" \/>\n\t<meta property=\"og:image:type\" content=\"image\/jpeg\" \/>\n<meta name=\"twitter:card\" content=\"summary_large_image\" \/>\n<meta name=\"twitter:label1\" content=\"Est. reading time\" \/>\n\t<meta name=\"twitter:data1\" content=\"1 minute\" \/>\n<script type=\"application\/ld+json\" class=\"yoast-schema-graph\">{\"@context\":\"https:\\\/\\\/schema.org\",\"@graph\":[{\"@type\":\"WebPage\",\"@id\":\"https:\\\/\\\/www.lpnnails.fr\\\/produit\\\/french-popits\\\/\",\"url\":\"https:\\\/\\\/www.lpnnails.fr\\\/produit\\\/french-popits\\\/\",\"name\":\"French popits - LPN Nails\",\"isPartOf\":{\"@id\":\"https:\\\/\\\/www.lpnnails.fr\\\/#website\"},\"primaryImageOfPage\":{\"@id\":\"https:\\\/\\\/www.lpnnails.fr\\\/produit\\\/french-popits\\\/#primaryimage\"},\"image\":{\"@id\":\"https:\\\/\\\/www.lpnnails.fr\\\/produit\\\/french-popits\\\/#primaryimage\"},\"thumbnailUrl\":\"https:\\\/\\\/www.lpnnails.fr\\\/wp-content\\\/uploads\\\/2025\\\/07\\\/8907b2_612fe7f662194e68b039f69d12120429mv2.jpg\",\"datePublished\":\"2025-07-17T11:11:22+00:00\",\"dateModified\":\"2026-03-28T17:52:21+00:00\",\"description\":\"Cr\u00e9ez facilement des French reverse nettes et pr\u00e9cises avec les French Popits LPN Nails. Pens\u00e9s pour vous faire gagner du temps tout en garantissant un rendu professionnel, ces popits sont l\u2019outil id\u00e9al pour ma\u00eetriser la technique reverse sans difficult\u00e9.\",\"breadcrumb\":{\"@id\":\"https:\\\/\\\/www.lpnnails.fr\\\/produit\\\/french-popits\\\/#breadcrumb\"},\"inLanguage\":\"en-US\",\"potentialAction\":[{\"@type\":\"ReadAction\",\"target\":[\"https:\\\/\\\/www.lpnnails.fr\\\/produit\\\/french-popits\\\/\"]}]},{\"@type\":\"ImageObject\",\"inLanguage\":\"en-US\",\"@id\":\"https:\\\/\\\/www.lpnnails.fr\\\/produit\\\/french-popits\\\/#primaryimage\",\"url\":\"https:\\\/\\\/www.lpnnails.fr\\\/wp-content\\\/uploads\\\/2025\\\/07\\\/8907b2_612fe7f662194e68b039f69d12120429mv2.jpg\",\"contentUrl\":\"https:\\\/\\\/www.lpnnails.fr\\\/wp-content\\\/uploads\\\/2025\\\/07\\\/8907b2_612fe7f662194e68b039f69d12120429mv2.jpg\",\"width\":666,\"height\":666,\"caption\":\"French Popits Amandes\"},{\"@type\":\"BreadcrumbList\",\"@id\":\"https:\\\/\\\/www.lpnnails.fr\\\/produit\\\/french-popits\\\/#breadcrumb\",\"itemListElement\":[{\"@type\":\"ListItem\",\"position\":1,\"name\":\"Accueil\",\"item\":\"https:\\\/\\\/www.lpnnails.fr\\\/\"},{\"@type\":\"ListItem\",\"position\":2,\"name\":\"Boutique\",\"item\":\"https:\\\/\\\/www.lpnnails.fr\\\/boutique\\\/\"},{\"@type\":\"ListItem\",\"position\":3,\"name\":\"French popits\"}]},{\"@type\":\"WebSite\",\"@id\":\"https:\\\/\\\/www.lpnnails.fr\\\/#website\",\"url\":\"https:\\\/\\\/www.lpnnails.fr\\\/\",\"name\":\"LPN Nails\",\"description\":\"\",\"publisher\":{\"@id\":\"https:\\\/\\\/www.lpnnails.fr\\\/#organization\"},\"potentialAction\":[{\"@type\":\"SearchAction\",\"target\":{\"@type\":\"EntryPoint\",\"urlTemplate\":\"https:\\\/\\\/www.lpnnails.fr\\\/?s={search_term_string}\"},\"query-input\":{\"@type\":\"PropertyValueSpecification\",\"valueRequired\":true,\"valueName\":\"search_term_string\"}}],\"inLanguage\":\"en-US\"},{\"@type\":\"Organization\",\"@id\":\"https:\\\/\\\/www.lpnnails.fr\\\/#organization\",\"name\":\"LPN Nails\",\"url\":\"https:\\\/\\\/www.lpnnails.fr\\\/\",\"logo\":{\"@type\":\"ImageObject\",\"inLanguage\":\"en-US\",\"@id\":\"https:\\\/\\\/www.lpnnails.fr\\\/#\\\/schema\\\/logo\\\/image\\\/\",\"url\":\"https:\\\/\\\/www.lpnnails.fr\\\/wp-content\\\/uploads\\\/2025\\\/11\\\/Design-sans-titre-2.png\",\"contentUrl\":\"https:\\\/\\\/www.lpnnails.fr\\\/wp-content\\\/uploads\\\/2025\\\/11\\\/Design-sans-titre-2.png\",\"width\":512,\"height\":512,\"caption\":\"LPN Nails\"},\"image\":{\"@id\":\"https:\\\/\\\/www.lpnnails.fr\\\/#\\\/schema\\\/logo\\\/image\\\/\"},\"sameAs\":[\"https:\\\/\\\/www.facebook.com\\\/profile.php?id=61573655313488#\",\"https:\\\/\\\/www.instagram.com\\\/lpnnails\\\/\",\"https:\\\/\\\/www.linkedin.com\\\/company\\\/lpnnails\\\/\",\"https:\\\/\\\/www.youtube.com\\\/@LPNNails\\\/\"]}]}<\/script>\n<!-- \/ Yoast SEO plugin. -->","yoast_head_json":{"title":"French popits - LPN Nails","description":"Cr\u00e9ez facilement des French reverse nettes et pr\u00e9cises avec les French Popits LPN Nails. Pens\u00e9s pour vous faire gagner du temps tout en garantissant un rendu professionnel, ces popits sont l\u2019outil id\u00e9al pour ma\u00eetriser la technique reverse sans difficult\u00e9.","robots":{"index":"index","follow":"follow","max-snippet":"max-snippet:-1","max-image-preview":"max-image-preview:large","max-video-preview":"max-video-preview:-1"},"canonical":"https:\/\/www.lpnnails.fr\/en\/product\/french-popits\/","og_locale":"en_US","og_type":"article","og_title":"French popits - LPN Nails","og_description":"Cr\u00e9ez facilement des French reverse nettes et pr\u00e9cises avec les French Popits LPN Nails. Pens\u00e9s pour vous faire gagner du temps tout en garantissant un rendu professionnel, ces popits sont l\u2019outil id\u00e9al pour ma\u00eetriser la technique reverse sans difficult\u00e9.","og_url":"https:\/\/www.lpnnails.fr\/en\/product\/french-popits\/","og_site_name":"LPN Nails","article_publisher":"https:\/\/www.facebook.com\/profile.php?id=61573655313488#","article_modified_time":"2026-03-28T17:52:21+00:00","og_image":[{"width":666,"height":666,"url":"https:\/\/www.lpnnails.fr\/wp-content\/uploads\/2025\/07\/8907b2_612fe7f662194e68b039f69d12120429mv2.jpg","type":"image\/jpeg"}],"twitter_card":"summary_large_image","twitter_misc":{"Est. reading time":"1 minute"},"schema":{"@context":"https:\/\/schema.org","@graph":[{"@type":"WebPage","@id":"https:\/\/www.lpnnails.fr\/produit\/french-popits\/","url":"https:\/\/www.lpnnails.fr\/produit\/french-popits\/","name":"French popits - LPN Nails","isPartOf":{"@id":"https:\/\/www.lpnnails.fr\/#website"},"primaryImageOfPage":{"@id":"https:\/\/www.lpnnails.fr\/produit\/french-popits\/#primaryimage"},"image":{"@id":"https:\/\/www.lpnnails.fr\/produit\/french-popits\/#primaryimage"},"thumbnailUrl":"https:\/\/www.lpnnails.fr\/wp-content\/uploads\/2025\/07\/8907b2_612fe7f662194e68b039f69d12120429mv2.jpg","datePublished":"2025-07-17T11:11:22+00:00","dateModified":"2026-03-28T17:52:21+00:00","description":"Cr\u00e9ez facilement des French reverse nettes et pr\u00e9cises avec les French Popits LPN Nails. Pens\u00e9s pour vous faire gagner du temps tout en garantissant un rendu professionnel, ces popits sont l\u2019outil id\u00e9al pour ma\u00eetriser la technique reverse sans difficult\u00e9.","breadcrumb":{"@id":"https:\/\/www.lpnnails.fr\/produit\/french-popits\/#breadcrumb"},"inLanguage":"en-US","potentialAction":[{"@type":"ReadAction","target":["https:\/\/www.lpnnails.fr\/produit\/french-popits\/"]}]},{"@type":"ImageObject","inLanguage":"en-US","@id":"https:\/\/www.lpnnails.fr\/produit\/french-popits\/#primaryimage","url":"https:\/\/www.lpnnails.fr\/wp-content\/uploads\/2025\/07\/8907b2_612fe7f662194e68b039f69d12120429mv2.jpg","contentUrl":"https:\/\/www.lpnnails.fr\/wp-content\/uploads\/2025\/07\/8907b2_612fe7f662194e68b039f69d12120429mv2.jpg","width":666,"height":666,"caption":"French Popits Amandes"},{"@type":"BreadcrumbList","@id":"https:\/\/www.lpnnails.fr\/produit\/french-popits\/#breadcrumb","itemListElement":[{"@type":"ListItem","position":1,"name":"Accueil","item":"https:\/\/www.lpnnails.fr\/"},{"@type":"ListItem","position":2,"name":"Boutique","item":"https:\/\/www.lpnnails.fr\/boutique\/"},{"@type":"ListItem","position":3,"name":"French popits"}]},{"@type":"WebSite","@id":"https:\/\/www.lpnnails.fr\/#website","url":"https:\/\/www.lpnnails.fr\/","name":"LPN Nails","description":"","publisher":{"@id":"https:\/\/www.lpnnails.fr\/#organization"},"potentialAction":[{"@type":"SearchAction","target":{"@type":"EntryPoint","urlTemplate":"https:\/\/www.lpnnails.fr\/?s={search_term_string}"},"query-input":{"@type":"PropertyValueSpecification","valueRequired":true,"valueName":"search_term_string"}}],"inLanguage":"en-US"},{"@type":"Organization","@id":"https:\/\/www.lpnnails.fr\/#organization","name":"LPN Nails","url":"https:\/\/www.lpnnails.fr\/","logo":{"@type":"ImageObject","inLanguage":"en-US","@id":"https:\/\/www.lpnnails.fr\/#\/schema\/logo\/image\/","url":"https:\/\/www.lpnnails.fr\/wp-content\/uploads\/2025\/11\/Design-sans-titre-2.png","contentUrl":"https:\/\/www.lpnnails.fr\/wp-content\/uploads\/2025\/11\/Design-sans-titre-2.png","width":512,"height":512,"caption":"LPN Nails"},"image":{"@id":"https:\/\/www.lpnnails.fr\/#\/schema\/logo\/image\/"},"sameAs":["https:\/\/www.facebook.com\/profile.php?id=61573655313488#","https:\/\/www.instagram.com\/lpnnails\/","https:\/\/www.linkedin.com\/company\/lpnnails\/","https:\/\/www.youtube.com\/@LPNNails\/"]}]}},"uagb_featured_image_src":{"full":["https:\/\/www.lpnnails.fr\/wp-content\/uploads\/2025\/07\/8907b2_612fe7f662194e68b039f69d12120429mv2.jpg",666,666,false],"thumbnail":["https:\/\/www.lpnnails.fr\/wp-content\/uploads\/2025\/07\/8907b2_612fe7f662194e68b039f69d12120429mv2-150x150.jpg",150,150,true],"medium":["https:\/\/www.lpnnails.fr\/wp-content\/uploads\/2025\/07\/8907b2_612fe7f662194e68b039f69d12120429mv2-300x300.jpg",300,300,true],"medium_large":["https:\/\/www.lpnnails.fr\/wp-content\/uploads\/2025\/07\/8907b2_612fe7f662194e68b039f69d12120429mv2.jpg",666,666,false],"large":["https:\/\/www.lpnnails.fr\/wp-content\/uploads\/2025\/07\/8907b2_612fe7f662194e68b039f69d12120429mv2.jpg",666,666,false],"1536x1536":["https:\/\/www.lpnnails.fr\/wp-content\/uploads\/2025\/07\/8907b2_612fe7f662194e68b039f69d12120429mv2.jpg",666,666,false],"2048x2048":["https:\/\/www.lpnnails.fr\/wp-content\/uploads\/2025\/07\/8907b2_612fe7f662194e68b039f69d12120429mv2.jpg",666,666,false],"trp-custom-language-flag":["https:\/\/www.lpnnails.fr\/wp-content\/uploads\/2025\/07\/8907b2_612fe7f662194e68b039f69d12120429mv2.jpg",12,12,false],"mailpoet_newsletter_max":["https:\/\/www.lpnnails.fr\/wp-content\/uploads\/2025\/07\/8907b2_612fe7f662194e68b039f69d12120429mv2.jpg",666,666,false],"woocommerce_thumbnail":["https:\/\/www.lpnnails.fr\/wp-content\/uploads\/2025\/07\/8907b2_612fe7f662194e68b039f69d12120429mv2-300x300.jpg",300,300,true],"woocommerce_single":["https:\/\/www.lpnnails.fr\/wp-content\/uploads\/2025\/07\/8907b2_612fe7f662194e68b039f69d12120429mv2-600x600.jpg",600,600,true],"woocommerce_gallery_thumbnail":["https:\/\/www.lpnnails.fr\/wp-content\/uploads\/2025\/07\/8907b2_612fe7f662194e68b039f69d12120429mv2-100x100.jpg",100,100,true],"variation_swatches_image_size":["https:\/\/www.lpnnails.fr\/wp-content\/uploads\/2025\/07\/8907b2_612fe7f662194e68b039f69d12120429mv2-50x50.jpg",50,50,true],"variation_swatches_tooltip_size":["https:\/\/www.lpnnails.fr\/wp-content\/uploads\/2025\/07\/8907b2_612fe7f662194e68b039f69d12120429mv2-100x100.jpg",100,100,true]},"uagb_author_info":{"display_name":"LPN Nails","author_link":"https:\/\/www.lpnnails.fr\/en\/author\/"},"uagb_comment_info":0,"uagb_excerpt":"Cr\u00e9ez facilement des French reverse nettes et pr\u00e9cises avec les French Popits LPN Nails. Pens\u00e9s pour vous faire gagner du [&hellip;]","_links":{"self":[{"href":"https:\/\/www.lpnnails.fr\/en\/wp-json\/wp\/v2\/product\/6913","targetHints":{"allow":["GET"]}}],"collection":[{"href":"https:\/\/www.lpnnails.fr\/en\/wp-json\/wp\/v2\/product"}],"about":[{"href":"https:\/\/www.lpnnails.fr\/en\/wp-json\/wp\/v2\/types\/product"}],"replies":[{"embeddable":true,"href":"https:\/\/www.lpnnails.fr\/en\/wp-json\/wp\/v2\/comments?post=6913"}],"wp:featuredmedia":[{"embeddable":true,"href":"https:\/\/www.lpnnails.fr\/en\/wp-json\/wp\/v2\/media\/6916"}],"wp:attachment":[{"href":"https:\/\/www.lpnnails.fr\/en\/wp-json\/wp\/v2\/media?parent=6913"}],"wp:term":[{"taxonomy":"product_brand","embeddable":true,"href":"https:\/\/www.lpnnails.fr\/en\/wp-json\/wp\/v2\/product_brand?post=6913"},{"taxonomy":"product_cat","embeddable":true,"href":"https:\/\/www.lpnnails.fr\/en\/wp-json\/wp\/v2\/product_cat?post=6913"},{"taxonomy":"product_tag","embeddable":true,"href":"https:\/\/www.lpnnails.fr\/en\/wp-json\/wp\/v2\/product_tag?post=6913"}],"curies":[{"name":"wp","href":"https:\/\/api.w.org\/{rel}","templated":true}]}}