{"id":5700,"date":"2025-04-10T13:15:49","date_gmt":"2025-04-10T13:15:49","guid":{"rendered":"https:\/\/www.lpnnails.fr\/?post_type=product&#038;p=5700"},"modified":"2026-03-09T08:36:34","modified_gmt":"2026-03-09T07:36:34","slug":"gants-en-nitrile-noir","status":"publish","type":"product","link":"https:\/\/www.lpnnails.fr\/en\/product\/gants-en-nitrile-noir\/","title":{"rendered":"Gants en nitrile noir"},"content":{"rendered":"<p>Offrez \u00e0 vos mains la protection et le confort qu\u2019elles m\u00e9ritent avec les <strong>gants en nitrile noir LPN Nails<\/strong>, sp\u00e9cialement con\u00e7us pour les professionnelles de la beaut\u00e9. \u00c0 la fois r\u00e9sistants, \u00e9l\u00e9gants et confortables, ils sont id\u00e9aux pour assurer hygi\u00e8ne et s\u00e9curit\u00e9 lors de vos prestations.<\/p>\n<p><strong>Features :<\/strong><\/p>\n<ul>\n<li><strong>Haute r\u00e9sistance<\/strong> : R\u00e9sistants aux produits chimiques et aux d\u00e9chirures, parfaits pour une utilisation intensive en onglerie ou esth\u00e9tique.<\/li>\n<li><strong>Nitrile sans latex<\/strong> : Hypoallerg\u00e9niques, adapt\u00e9s aux peaux sensibles et aux personnes allergiques au latex.<\/li>\n<li><strong>Toucher pr\u00e9cis<\/strong> : Finesse et \u00e9lasticit\u00e9 id\u00e9ales pour un travail minutieux sans perte de sensibilit\u00e9.<\/li>\n<li><strong>Finition noire \u00e9l\u00e9gante<\/strong> : Look professionnel et moderne.<\/li>\n<li><strong>Usage unique<\/strong> : Gants jetables pour une hygi\u00e8ne irr\u00e9prochable.<\/li>\n<li><strong>Bo\u00eete de 100 pi\u00e8ces<\/strong> : Disponible en <strong>tailles S, M et L<\/strong> pour s\u2019adapter \u00e0 toutes les mains.<\/li>\n<\/ul>\n<p>Un indispensable pour toutes les proth\u00e9sistes ongulaires, esth\u00e9ticiennes ou techniciennes soucieuses de la s\u00e9curit\u00e9 et du style.<\/p>","protected":false},"excerpt":{"rendered":"<p>Offrez \u00e0 vos mains la protection et le confort qu\u2019elles m\u00e9ritent avec les gants en nitrile noir LPN Nails, sp\u00e9cialement [&hellip;]<\/p>\n","protected":false},"featured_media":5704,"comment_status":"open","ping_status":"closed","template":"","meta":{"_uag_custom_page_level_css":"","site-sidebar-layout":"default","site-content-layout":"","ast-site-content-layout":"default","site-content-style":"default","site-sidebar-style":"default","ast-global-header-display":"","ast-banner-title-visibility":"","ast-main-header-display":"","ast-hfb-above-header-display":"","ast-hfb-below-header-display":"","ast-hfb-mobile-header-display":"","site-post-title":"","ast-breadcrumbs-content":"","ast-featured-img":"","footer-sml-layout":"","ast-disable-related-posts":"","theme-transparent-header-meta":"default","adv-header-id-meta":"","stick-header-meta":"","header-above-stick-meta":"","header-main-stick-meta":"","header-below-stick-meta":"","astra-migrate-meta-layouts":"set","ast-page-background-enabled":"default","ast-page-background-meta":{"desktop":{"background-color":"var(--ast-global-color-4)","background-image":"","background-repeat":"repeat","background-position":"center center","background-size":"auto","background-attachment":"scroll","background-type":"","background-media":"","overlay-type":"","overlay-color":"","overlay-opacity":"","overlay-gradient":""},"tablet":{"background-color":"","background-image":"","background-repeat":"repeat","background-position":"center center","background-size":"auto","background-attachment":"scroll","background-type":"","background-media":"","overlay-type":"","overlay-color":"","overlay-opacity":"","overlay-gradient":""},"mobile":{"background-color":"","background-image":"","background-repeat":"repeat","background-position":"center center","background-size":"auto","background-attachment":"scroll","background-type":"","background-media":"","overlay-type":"","overlay-color":"","overlay-opacity":"","overlay-gradient":""}},"ast-content-background-meta":{"desktop":{"background-color":"var(--ast-global-color-5)","background-image":"","background-repeat":"repeat","background-position":"center center","background-size":"auto","background-attachment":"scroll","background-type":"","background-media":"","overlay-type":"","overlay-color":"","overlay-opacity":"","overlay-gradient":""},"tablet":{"background-color":"var(--ast-global-color-5)","background-image":"","background-repeat":"repeat","background-position":"center center","background-size":"auto","background-attachment":"scroll","background-type":"","background-media":"","overlay-type":"","overlay-color":"","overlay-opacity":"","overlay-gradient":""},"mobile":{"background-color":"var(--ast-global-color-5)","background-image":"","background-repeat":"repeat","background-position":"center center","background-size":"auto","background-attachment":"scroll","background-type":"","background-media":"","overlay-type":"","overlay-color":"","overlay-opacity":"","overlay-gradient":""}}},"product_brand":[254],"product_cat":[232,199],"product_tag":[],"class_list":{"0":"post-5700","1":"product","2":"type-product","3":"status-publish","4":"has-post-thumbnail","6":"product_brand-lpnnails","7":"product_cat-hygiene-et-soins","8":"product_cat-tous-les-produits","9":"pa_taille-l","10":"pa_taille-m","11":"pa_taille-s","12":"desktop-align-left","13":"tablet-align-left","14":"mobile-align-left","16":"first","17":"instock","18":"purchasable","19":"product-type-variable","20":"wvs-archive-product-wrapper"},"yoast_head":"<!-- This site is optimized with the Yoast SEO plugin v27.3 - https:\/\/yoast.com\/product\/yoast-seo-wordpress\/ -->\n<title>Gants en nitrile noir - LPN Nails<\/title>\n<meta name=\"description\" content=\"Offrez \u00e0 vos mains la protection et le confort qu\u2019elles m\u00e9ritent avec les gants en nitrile noir LPN Nails, sp\u00e9cialement con\u00e7us pour les professionnelles de la beaut\u00e9. \u00c0 la fois r\u00e9sistants, \u00e9l\u00e9gants et confortables, ils sont id\u00e9aux pour assurer hygi\u00e8ne et s\u00e9curit\u00e9 lors de vos prestations.\" \/>\n<meta name=\"robots\" content=\"index, follow, max-snippet:-1, max-image-preview:large, max-video-preview:-1\" \/>\n<link rel=\"canonical\" href=\"https:\/\/www.lpnnails.fr\/en\/product\/gants-en-nitrile-noir\/\" \/>\n<meta property=\"og:locale\" content=\"en_US\" \/>\n<meta property=\"og:type\" content=\"article\" \/>\n<meta property=\"og:title\" content=\"Gants en nitrile noir - LPN Nails\" \/>\n<meta property=\"og:description\" content=\"Offrez \u00e0 vos mains la protection et le confort qu\u2019elles m\u00e9ritent avec les gants en nitrile noir LPN Nails, sp\u00e9cialement con\u00e7us pour les professionnelles de la beaut\u00e9. \u00c0 la fois r\u00e9sistants, \u00e9l\u00e9gants et confortables, ils sont id\u00e9aux pour assurer hygi\u00e8ne et s\u00e9curit\u00e9 lors de vos prestations.\" \/>\n<meta property=\"og:url\" content=\"https:\/\/www.lpnnails.fr\/en\/product\/gants-en-nitrile-noir\/\" \/>\n<meta property=\"og:site_name\" content=\"LPN Nails\" \/>\n<meta property=\"article:publisher\" content=\"https:\/\/www.facebook.com\/profile.php?id=61573655313488#\" \/>\n<meta property=\"article:modified_time\" content=\"2026-03-09T07:36:34+00:00\" \/>\n<meta property=\"og:image\" content=\"https:\/\/www.lpnnails.fr\/wp-content\/uploads\/2025\/04\/products-8907b2_5d246628dfb24fa4876217787e60c568~mv2.png\" \/>\n\t<meta property=\"og:image:width\" content=\"1200\" \/>\n\t<meta property=\"og:image:height\" content=\"1200\" \/>\n\t<meta property=\"og:image:type\" content=\"image\/jpeg\" \/>\n<meta name=\"twitter:card\" content=\"summary_large_image\" \/>\n<meta name=\"twitter:label1\" content=\"Est. reading time\" \/>\n\t<meta name=\"twitter:data1\" content=\"1 minute\" \/>\n<script type=\"application\/ld+json\" class=\"yoast-schema-graph\">{\"@context\":\"https:\\\/\\\/schema.org\",\"@graph\":[{\"@type\":\"WebPage\",\"@id\":\"https:\\\/\\\/www.lpnnails.fr\\\/produit\\\/gants-en-nitrile-noir\\\/\",\"url\":\"https:\\\/\\\/www.lpnnails.fr\\\/produit\\\/gants-en-nitrile-noir\\\/\",\"name\":\"Gants en nitrile noir - LPN Nails\",\"isPartOf\":{\"@id\":\"https:\\\/\\\/www.lpnnails.fr\\\/#website\"},\"primaryImageOfPage\":{\"@id\":\"https:\\\/\\\/www.lpnnails.fr\\\/produit\\\/gants-en-nitrile-noir\\\/#primaryimage\"},\"image\":{\"@id\":\"https:\\\/\\\/www.lpnnails.fr\\\/produit\\\/gants-en-nitrile-noir\\\/#primaryimage\"},\"thumbnailUrl\":\"https:\\\/\\\/www.lpnnails.fr\\\/wp-content\\\/uploads\\\/2025\\\/04\\\/products-8907b2_5d246628dfb24fa4876217787e60c568~mv2.png\",\"datePublished\":\"2025-04-10T13:15:49+00:00\",\"dateModified\":\"2026-03-09T07:36:34+00:00\",\"description\":\"Offrez \u00e0 vos mains la protection et le confort qu\u2019elles m\u00e9ritent avec les gants en nitrile noir LPN Nails, sp\u00e9cialement con\u00e7us pour les professionnelles de la beaut\u00e9. \u00c0 la fois r\u00e9sistants, \u00e9l\u00e9gants et confortables, ils sont id\u00e9aux pour assurer hygi\u00e8ne et s\u00e9curit\u00e9 lors de vos prestations.\",\"breadcrumb\":{\"@id\":\"https:\\\/\\\/www.lpnnails.fr\\\/produit\\\/gants-en-nitrile-noir\\\/#breadcrumb\"},\"inLanguage\":\"en-US\",\"potentialAction\":[{\"@type\":\"ReadAction\",\"target\":[\"https:\\\/\\\/www.lpnnails.fr\\\/produit\\\/gants-en-nitrile-noir\\\/\"]}]},{\"@type\":\"ImageObject\",\"inLanguage\":\"en-US\",\"@id\":\"https:\\\/\\\/www.lpnnails.fr\\\/produit\\\/gants-en-nitrile-noir\\\/#primaryimage\",\"url\":\"https:\\\/\\\/www.lpnnails.fr\\\/wp-content\\\/uploads\\\/2025\\\/04\\\/products-8907b2_5d246628dfb24fa4876217787e60c568~mv2.png\",\"contentUrl\":\"https:\\\/\\\/www.lpnnails.fr\\\/wp-content\\\/uploads\\\/2025\\\/04\\\/products-8907b2_5d246628dfb24fa4876217787e60c568~mv2.png\",\"width\":1200,\"height\":1200,\"caption\":\"Gants nitrile LPN NAILS\"},{\"@type\":\"BreadcrumbList\",\"@id\":\"https:\\\/\\\/www.lpnnails.fr\\\/produit\\\/gants-en-nitrile-noir\\\/#breadcrumb\",\"itemListElement\":[{\"@type\":\"ListItem\",\"position\":1,\"name\":\"Accueil\",\"item\":\"https:\\\/\\\/www.lpnnails.fr\\\/\"},{\"@type\":\"ListItem\",\"position\":2,\"name\":\"Boutique\",\"item\":\"https:\\\/\\\/www.lpnnails.fr\\\/boutique\\\/\"},{\"@type\":\"ListItem\",\"position\":3,\"name\":\"Gants en nitrile noir\"}]},{\"@type\":\"WebSite\",\"@id\":\"https:\\\/\\\/www.lpnnails.fr\\\/#website\",\"url\":\"https:\\\/\\\/www.lpnnails.fr\\\/\",\"name\":\"LPN Nails\",\"description\":\"\",\"publisher\":{\"@id\":\"https:\\\/\\\/www.lpnnails.fr\\\/#organization\"},\"potentialAction\":[{\"@type\":\"SearchAction\",\"target\":{\"@type\":\"EntryPoint\",\"urlTemplate\":\"https:\\\/\\\/www.lpnnails.fr\\\/?s={search_term_string}\"},\"query-input\":{\"@type\":\"PropertyValueSpecification\",\"valueRequired\":true,\"valueName\":\"search_term_string\"}}],\"inLanguage\":\"en-US\"},{\"@type\":\"Organization\",\"@id\":\"https:\\\/\\\/www.lpnnails.fr\\\/#organization\",\"name\":\"LPN Nails\",\"url\":\"https:\\\/\\\/www.lpnnails.fr\\\/\",\"logo\":{\"@type\":\"ImageObject\",\"inLanguage\":\"en-US\",\"@id\":\"https:\\\/\\\/www.lpnnails.fr\\\/#\\\/schema\\\/logo\\\/image\\\/\",\"url\":\"https:\\\/\\\/www.lpnnails.fr\\\/wp-content\\\/uploads\\\/2025\\\/11\\\/Design-sans-titre-2.png\",\"contentUrl\":\"https:\\\/\\\/www.lpnnails.fr\\\/wp-content\\\/uploads\\\/2025\\\/11\\\/Design-sans-titre-2.png\",\"width\":512,\"height\":512,\"caption\":\"LPN Nails\"},\"image\":{\"@id\":\"https:\\\/\\\/www.lpnnails.fr\\\/#\\\/schema\\\/logo\\\/image\\\/\"},\"sameAs\":[\"https:\\\/\\\/www.facebook.com\\\/profile.php?id=61573655313488#\",\"https:\\\/\\\/www.instagram.com\\\/lpnnails\\\/\",\"https:\\\/\\\/www.linkedin.com\\\/company\\\/lpnnails\\\/\",\"https:\\\/\\\/www.youtube.com\\\/@LPNNails\\\/\"]}]}<\/script>\n<!-- \/ Yoast SEO plugin. -->","yoast_head_json":{"title":"Gants en nitrile noir - LPN Nails","description":"Offrez \u00e0 vos mains la protection et le confort qu\u2019elles m\u00e9ritent avec les gants en nitrile noir LPN Nails, sp\u00e9cialement con\u00e7us pour les professionnelles de la beaut\u00e9. \u00c0 la fois r\u00e9sistants, \u00e9l\u00e9gants et confortables, ils sont id\u00e9aux pour assurer hygi\u00e8ne et s\u00e9curit\u00e9 lors de vos prestations.","robots":{"index":"index","follow":"follow","max-snippet":"max-snippet:-1","max-image-preview":"max-image-preview:large","max-video-preview":"max-video-preview:-1"},"canonical":"https:\/\/www.lpnnails.fr\/en\/product\/gants-en-nitrile-noir\/","og_locale":"en_US","og_type":"article","og_title":"Gants en nitrile noir - LPN Nails","og_description":"Offrez \u00e0 vos mains la protection et le confort qu\u2019elles m\u00e9ritent avec les gants en nitrile noir LPN Nails, sp\u00e9cialement con\u00e7us pour les professionnelles de la beaut\u00e9. \u00c0 la fois r\u00e9sistants, \u00e9l\u00e9gants et confortables, ils sont id\u00e9aux pour assurer hygi\u00e8ne et s\u00e9curit\u00e9 lors de vos prestations.","og_url":"https:\/\/www.lpnnails.fr\/en\/product\/gants-en-nitrile-noir\/","og_site_name":"LPN Nails","article_publisher":"https:\/\/www.facebook.com\/profile.php?id=61573655313488#","article_modified_time":"2026-03-09T07:36:34+00:00","og_image":[{"width":1200,"height":1200,"url":"https:\/\/www.lpnnails.fr\/wp-content\/uploads\/2025\/04\/products-8907b2_5d246628dfb24fa4876217787e60c568~mv2.png","type":"image\/jpeg"}],"twitter_card":"summary_large_image","twitter_misc":{"Est. reading time":"1 minute"},"schema":{"@context":"https:\/\/schema.org","@graph":[{"@type":"WebPage","@id":"https:\/\/www.lpnnails.fr\/produit\/gants-en-nitrile-noir\/","url":"https:\/\/www.lpnnails.fr\/produit\/gants-en-nitrile-noir\/","name":"Gants en nitrile noir - LPN Nails","isPartOf":{"@id":"https:\/\/www.lpnnails.fr\/#website"},"primaryImageOfPage":{"@id":"https:\/\/www.lpnnails.fr\/produit\/gants-en-nitrile-noir\/#primaryimage"},"image":{"@id":"https:\/\/www.lpnnails.fr\/produit\/gants-en-nitrile-noir\/#primaryimage"},"thumbnailUrl":"https:\/\/www.lpnnails.fr\/wp-content\/uploads\/2025\/04\/products-8907b2_5d246628dfb24fa4876217787e60c568~mv2.png","datePublished":"2025-04-10T13:15:49+00:00","dateModified":"2026-03-09T07:36:34+00:00","description":"Offrez \u00e0 vos mains la protection et le confort qu\u2019elles m\u00e9ritent avec les gants en nitrile noir LPN Nails, sp\u00e9cialement con\u00e7us pour les professionnelles de la beaut\u00e9. \u00c0 la fois r\u00e9sistants, \u00e9l\u00e9gants et confortables, ils sont id\u00e9aux pour assurer hygi\u00e8ne et s\u00e9curit\u00e9 lors de vos prestations.","breadcrumb":{"@id":"https:\/\/www.lpnnails.fr\/produit\/gants-en-nitrile-noir\/#breadcrumb"},"inLanguage":"en-US","potentialAction":[{"@type":"ReadAction","target":["https:\/\/www.lpnnails.fr\/produit\/gants-en-nitrile-noir\/"]}]},{"@type":"ImageObject","inLanguage":"en-US","@id":"https:\/\/www.lpnnails.fr\/produit\/gants-en-nitrile-noir\/#primaryimage","url":"https:\/\/www.lpnnails.fr\/wp-content\/uploads\/2025\/04\/products-8907b2_5d246628dfb24fa4876217787e60c568~mv2.png","contentUrl":"https:\/\/www.lpnnails.fr\/wp-content\/uploads\/2025\/04\/products-8907b2_5d246628dfb24fa4876217787e60c568~mv2.png","width":1200,"height":1200,"caption":"Gants nitrile LPN NAILS"},{"@type":"BreadcrumbList","@id":"https:\/\/www.lpnnails.fr\/produit\/gants-en-nitrile-noir\/#breadcrumb","itemListElement":[{"@type":"ListItem","position":1,"name":"Accueil","item":"https:\/\/www.lpnnails.fr\/"},{"@type":"ListItem","position":2,"name":"Boutique","item":"https:\/\/www.lpnnails.fr\/boutique\/"},{"@type":"ListItem","position":3,"name":"Gants en nitrile noir"}]},{"@type":"WebSite","@id":"https:\/\/www.lpnnails.fr\/#website","url":"https:\/\/www.lpnnails.fr\/","name":"LPN Nails","description":"","publisher":{"@id":"https:\/\/www.lpnnails.fr\/#organization"},"potentialAction":[{"@type":"SearchAction","target":{"@type":"EntryPoint","urlTemplate":"https:\/\/www.lpnnails.fr\/?s={search_term_string}"},"query-input":{"@type":"PropertyValueSpecification","valueRequired":true,"valueName":"search_term_string"}}],"inLanguage":"en-US"},{"@type":"Organization","@id":"https:\/\/www.lpnnails.fr\/#organization","name":"LPN Nails","url":"https:\/\/www.lpnnails.fr\/","logo":{"@type":"ImageObject","inLanguage":"en-US","@id":"https:\/\/www.lpnnails.fr\/#\/schema\/logo\/image\/","url":"https:\/\/www.lpnnails.fr\/wp-content\/uploads\/2025\/11\/Design-sans-titre-2.png","contentUrl":"https:\/\/www.lpnnails.fr\/wp-content\/uploads\/2025\/11\/Design-sans-titre-2.png","width":512,"height":512,"caption":"LPN Nails"},"image":{"@id":"https:\/\/www.lpnnails.fr\/#\/schema\/logo\/image\/"},"sameAs":["https:\/\/www.facebook.com\/profile.php?id=61573655313488#","https:\/\/www.instagram.com\/lpnnails\/","https:\/\/www.linkedin.com\/company\/lpnnails\/","https:\/\/www.youtube.com\/@LPNNails\/"]}]}},"uagb_featured_image_src":{"full":["https:\/\/www.lpnnails.fr\/wp-content\/uploads\/2025\/04\/products-8907b2_5d246628dfb24fa4876217787e60c568~mv2.png",1200,1200,false],"thumbnail":["https:\/\/www.lpnnails.fr\/wp-content\/uploads\/2025\/04\/products-8907b2_5d246628dfb24fa4876217787e60c568~mv2.png",150,150,true],"medium":["https:\/\/www.lpnnails.fr\/wp-content\/uploads\/2025\/04\/products-8907b2_5d246628dfb24fa4876217787e60c568~mv2.png",300,214,true],"medium_large":["https:\/\/www.lpnnails.fr\/wp-content\/uploads\/2025\/04\/products-8907b2_5d246628dfb24fa4876217787e60c568~mv2.png",768,768,false],"large":["https:\/\/www.lpnnails.fr\/wp-content\/uploads\/2025\/04\/products-8907b2_5d246628dfb24fa4876217787e60c568~mv2.png",1024,1024,false],"1536x1536":["https:\/\/www.lpnnails.fr\/wp-content\/uploads\/2025\/04\/products-8907b2_5d246628dfb24fa4876217787e60c568~mv2.png",1200,1200,false],"2048x2048":["https:\/\/www.lpnnails.fr\/wp-content\/uploads\/2025\/04\/products-8907b2_5d246628dfb24fa4876217787e60c568~mv2.png",1200,1200,false],"trp-custom-language-flag":["https:\/\/www.lpnnails.fr\/wp-content\/uploads\/2025\/04\/products-8907b2_5d246628dfb24fa4876217787e60c568~mv2.png",12,12,false],"mailpoet_newsletter_max":["https:\/\/www.lpnnails.fr\/wp-content\/uploads\/2025\/04\/products-8907b2_5d246628dfb24fa4876217787e60c568~mv2.png",1200,1200,false],"woocommerce_thumbnail":["https:\/\/www.lpnnails.fr\/wp-content\/uploads\/2025\/04\/products-8907b2_5d246628dfb24fa4876217787e60c568~mv2.png",300,300,false],"woocommerce_single":["https:\/\/www.lpnnails.fr\/wp-content\/uploads\/2025\/04\/products-8907b2_5d246628dfb24fa4876217787e60c568~mv2.png",600,600,false],"woocommerce_gallery_thumbnail":["https:\/\/www.lpnnails.fr\/wp-content\/uploads\/2025\/04\/products-8907b2_5d246628dfb24fa4876217787e60c568~mv2.png",100,100,false],"variation_swatches_image_size":["https:\/\/www.lpnnails.fr\/wp-content\/uploads\/2025\/04\/products-8907b2_5d246628dfb24fa4876217787e60c568~mv2.png",50,50,false],"variation_swatches_tooltip_size":["https:\/\/www.lpnnails.fr\/wp-content\/uploads\/2025\/04\/products-8907b2_5d246628dfb24fa4876217787e60c568~mv2.png",100,100,false]},"uagb_author_info":{"display_name":"LPN Nails","author_link":"https:\/\/www.lpnnails.fr\/en\/author\/"},"uagb_comment_info":0,"uagb_excerpt":"Offrez \u00e0 vos mains la protection et le confort qu\u2019elles m\u00e9ritent avec les gants en nitrile noir LPN Nails, sp\u00e9cialement [&hellip;]","_links":{"self":[{"href":"https:\/\/www.lpnnails.fr\/en\/wp-json\/wp\/v2\/product\/5700","targetHints":{"allow":["GET"]}}],"collection":[{"href":"https:\/\/www.lpnnails.fr\/en\/wp-json\/wp\/v2\/product"}],"about":[{"href":"https:\/\/www.lpnnails.fr\/en\/wp-json\/wp\/v2\/types\/product"}],"replies":[{"embeddable":true,"href":"https:\/\/www.lpnnails.fr\/en\/wp-json\/wp\/v2\/comments?post=5700"}],"wp:featuredmedia":[{"embeddable":true,"href":"https:\/\/www.lpnnails.fr\/en\/wp-json\/wp\/v2\/media\/5704"}],"wp:attachment":[{"href":"https:\/\/www.lpnnails.fr\/en\/wp-json\/wp\/v2\/media?parent=5700"}],"wp:term":[{"taxonomy":"product_brand","embeddable":true,"href":"https:\/\/www.lpnnails.fr\/en\/wp-json\/wp\/v2\/product_brand?post=5700"},{"taxonomy":"product_cat","embeddable":true,"href":"https:\/\/www.lpnnails.fr\/en\/wp-json\/wp\/v2\/product_cat?post=5700"},{"taxonomy":"product_tag","embeddable":true,"href":"https:\/\/www.lpnnails.fr\/en\/wp-json\/wp\/v2\/product_tag?post=5700"}],"curies":[{"name":"wp","href":"https:\/\/api.w.org\/{rel}","templated":true}]}}