{"id":5592,"date":"2025-03-19T13:22:03","date_gmt":"2025-03-19T12:22:03","guid":{"rendered":"https:\/\/www.lpnnails.fr\/?post_type=product&#038;p=5592"},"modified":"2026-01-10T00:17:53","modified_gmt":"2026-01-09T23:17:53","slug":"ambre-soleil-2","status":"publish","type":"product","link":"https:\/\/www.lpnnails.fr\/en\/product\/ambre-soleil-2\/","title":{"rendered":"Amber Sun"},"content":{"rendered":"<p>Immerse yourself in the world of refinement with the <strong>\u201cMinimalist\u201d Collection\u201d<\/strong> of <strong>LPN Nails<\/strong>, a range of <strong>semi-permanent gels<\/strong> by autumnal hues, inspired by the elegant simplicity and natural charm of the seasons. <strong>Sophisticated nudes<\/strong> at <strong>Earthy and warm tones<\/strong>, ..., each shade is designed to enhance your nails with softness and modernity.<\/p>\n<p><strong>Features :<\/strong><\/p>\n<ul>\n<li><strong>Autumnal and clean shades<\/strong> A subtle palette inspired by nature and timeless colors.<\/li>\n<li><strong>Fluid and self-leveling texture<\/strong> For easy and seamless application.<\/li>\n<li><strong>Elegant pigmentation<\/strong> Perfect coverage in one to two coats.<\/li>\n<li><strong>Reinforced outfit<\/strong> Impact and wear-resistant, ideal for a durable look.<\/li>\n<li><strong>Versatility<\/strong> Perfect for minimalist manicures or modern nail art.<\/li>\n<li><strong>Convenient format<\/strong> Available in a bottle of <strong>15 milliliters<\/strong> to accompany all your creations.<\/li>\n<\/ul>\n<p><strong>Instructions for use:<\/strong><\/p>\n<ul>\n<li><strong>Prepare your nails<\/strong> Peel, degrease, and clean thoroughly.<\/li>\n<li><strong>Apply a base coat<\/strong> A thin layer, cure under LED\/UV lamp.<\/li>\n<li><strong>Apply the color gel<\/strong> Apply a thin first coat, cure, then add a second coat for optimal intensity.<\/li>\n<li><strong>Seal with a top coat<\/strong> For a glossy or matte finish, depending on your style.<\/li>\n<li><strong>Finalize<\/strong> Clean sticky residue if necessary and moisturize your cuticles.<\/li>\n<\/ul>\n<p>With the <strong>\u201cMinimalist\u201d Collection\u201d<\/strong>, Adopt a sophisticated and timeless look. Whether you opt for a <strong>beige nude<\/strong>, A <strong>Warm brown<\/strong> or a <strong>Deep ochre<\/strong>, these autumnal hues harmonize perfectly with all your desires. <strong>Simplicity, elegance, and naturalness<\/strong> invites itself to your fingertips!<\/p>","protected":false},"excerpt":{"rendered":"<p>Plongez dans l\u2019univers du raffinement avec la collection &#8220;Minimaliste&#8221; de LPN Nails, une gamme de gels semi-permanents aux teintes automnales, [&hellip;]<\/p>\n","protected":false},"featured_media":9334,"comment_status":"open","ping_status":"closed","template":"","meta":{"_uag_custom_page_level_css":"","site-sidebar-layout":"default","site-content-layout":"","ast-site-content-layout":"default","site-content-style":"default","site-sidebar-style":"default","ast-global-header-display":"","ast-banner-title-visibility":"","ast-main-header-display":"","ast-hfb-above-header-display":"","ast-hfb-below-header-display":"","ast-hfb-mobile-header-display":"","site-post-title":"","ast-breadcrumbs-content":"","ast-featured-img":"","footer-sml-layout":"","ast-disable-related-posts":"","theme-transparent-header-meta":"default","adv-header-id-meta":"","stick-header-meta":"","header-above-stick-meta":"","header-main-stick-meta":"","header-below-stick-meta":"","astra-migrate-meta-layouts":"set","ast-page-background-enabled":"default","ast-page-background-meta":{"desktop":{"background-color":"var(--ast-global-color-4)","background-image":"","background-repeat":"repeat","background-position":"center center","background-size":"auto","background-attachment":"scroll","background-type":"","background-media":"","overlay-type":"","overlay-color":"","overlay-opacity":"","overlay-gradient":""},"tablet":{"background-color":"","background-image":"","background-repeat":"repeat","background-position":"center center","background-size":"auto","background-attachment":"scroll","background-type":"","background-media":"","overlay-type":"","overlay-color":"","overlay-opacity":"","overlay-gradient":""},"mobile":{"background-color":"","background-image":"","background-repeat":"repeat","background-position":"center center","background-size":"auto","background-attachment":"scroll","background-type":"","background-media":"","overlay-type":"","overlay-color":"","overlay-opacity":"","overlay-gradient":""}},"ast-content-background-meta":{"desktop":{"background-color":"var(--ast-global-color-5)","background-image":"","background-repeat":"repeat","background-position":"center center","background-size":"auto","background-attachment":"scroll","background-type":"","background-media":"","overlay-type":"","overlay-color":"","overlay-opacity":"","overlay-gradient":""},"tablet":{"background-color":"var(--ast-global-color-5)","background-image":"","background-repeat":"repeat","background-position":"center center","background-size":"auto","background-attachment":"scroll","background-type":"","background-media":"","overlay-type":"","overlay-color":"","overlay-opacity":"","overlay-gradient":""},"mobile":{"background-color":"var(--ast-global-color-5)","background-image":"","background-repeat":"repeat","background-position":"center center","background-size":"auto","background-attachment":"scroll","background-type":"","background-media":"","overlay-type":"","overlay-color":"","overlay-opacity":"","overlay-gradient":""}}},"product_brand":[254],"product_cat":[236,199],"product_tag":[],"class_list":{"0":"post-5592","1":"product","2":"type-product","3":"status-publish","4":"has-post-thumbnail","6":"product_brand-lpnnails","7":"product_cat-collection-minimaliste","8":"product_cat-tous-les-produits","9":"pa_composition-acrylic-copolymer-acrylic-hydroxyester-acrylic-copolymer-diethyaminoethyl-metacrylate-perfluorohexylethyl-methacrylate-crosspolymer","10":"pa_recommandations-conserver-dans-un-endroit-frais-a-labri-de-la-lumiere-et-de-la-chaleur-tenir-hors-de-portee-des-enfants-faire-un-test-cutane-si-sensibilite-aux-uv","11":"desktop-align-left","12":"tablet-align-left","13":"mobile-align-left","15":"first","16":"instock","17":"purchasable","18":"product-type-simple"},"yoast_head":"<!-- This site is optimized with the Yoast SEO plugin v27.4 - https:\/\/yoast.com\/product\/yoast-seo-wordpress\/ -->\n<title>Ambre Soleil - LPN Nails<\/title>\n<meta name=\"description\" content=\"Plongez dans l\u2019univers du raffinement avec la collection &quot;Minimaliste&quot; de LPN Nails, une gamme de gels semi-permanents aux teintes automnales, inspir\u00e9es par la simplicit\u00e9 \u00e9l\u00e9gante et le charme naturel des saisons. Des nudes sophistiqu\u00e9s aux tons terreux et chaleureux, chaque nuance est pens\u00e9e pour sublimer vos ongles avec douceur et modernit\u00e9.\" \/>\n<meta name=\"robots\" content=\"index, follow, max-snippet:-1, max-image-preview:large, max-video-preview:-1\" \/>\n<link rel=\"canonical\" href=\"https:\/\/www.lpnnails.fr\/en\/product\/ambre-soleil-2\/\" \/>\n<meta property=\"og:locale\" content=\"en_US\" \/>\n<meta property=\"og:type\" content=\"article\" \/>\n<meta property=\"og:title\" content=\"Ambre Soleil - LPN Nails\" \/>\n<meta property=\"og:description\" content=\"Plongez dans l\u2019univers du raffinement avec la collection &quot;Minimaliste&quot; de LPN Nails, une gamme de gels semi-permanents aux teintes automnales, inspir\u00e9es par la simplicit\u00e9 \u00e9l\u00e9gante et le charme naturel des saisons. Des nudes sophistiqu\u00e9s aux tons terreux et chaleureux, chaque nuance est pens\u00e9e pour sublimer vos ongles avec douceur et modernit\u00e9.\" \/>\n<meta property=\"og:url\" content=\"https:\/\/www.lpnnails.fr\/en\/product\/ambre-soleil-2\/\" \/>\n<meta property=\"og:site_name\" content=\"LPN Nails\" \/>\n<meta property=\"article:publisher\" content=\"https:\/\/www.facebook.com\/profile.php?id=61573655313488#\" \/>\n<meta property=\"article:modified_time\" content=\"2026-01-09T23:17:53+00:00\" \/>\n<meta property=\"og:image\" content=\"https:\/\/www.lpnnails.fr\/wp-content\/uploads\/2025\/03\/products-8907b2_7b3c8aa912004630830cb8a3ab7562femv2.png\" \/>\n\t<meta property=\"og:image:width\" content=\"1024\" \/>\n\t<meta property=\"og:image:height\" content=\"1024\" \/>\n\t<meta property=\"og:image:type\" content=\"image\/png\" \/>\n<meta name=\"twitter:card\" content=\"summary_large_image\" \/>\n<meta name=\"twitter:label1\" content=\"Est. reading time\" \/>\n\t<meta name=\"twitter:data1\" content=\"2 minutes\" \/>\n<script type=\"application\/ld+json\" class=\"yoast-schema-graph\">{\"@context\":\"https:\\\/\\\/schema.org\",\"@graph\":[{\"@type\":\"WebPage\",\"@id\":\"https:\\\/\\\/www.lpnnails.fr\\\/produit\\\/ambre-soleil-2\\\/\",\"url\":\"https:\\\/\\\/www.lpnnails.fr\\\/produit\\\/ambre-soleil-2\\\/\",\"name\":\"Ambre Soleil - LPN Nails\",\"isPartOf\":{\"@id\":\"https:\\\/\\\/www.lpnnails.fr\\\/#website\"},\"primaryImageOfPage\":{\"@id\":\"https:\\\/\\\/www.lpnnails.fr\\\/produit\\\/ambre-soleil-2\\\/#primaryimage\"},\"image\":{\"@id\":\"https:\\\/\\\/www.lpnnails.fr\\\/produit\\\/ambre-soleil-2\\\/#primaryimage\"},\"thumbnailUrl\":\"https:\\\/\\\/www.lpnnails.fr\\\/wp-content\\\/uploads\\\/2025\\\/03\\\/products-8907b2_7b3c8aa912004630830cb8a3ab7562femv2.png\",\"datePublished\":\"2025-03-19T12:22:03+00:00\",\"dateModified\":\"2026-01-09T23:17:53+00:00\",\"description\":\"Plongez dans l\u2019univers du raffinement avec la collection \\\"Minimaliste\\\" de LPN Nails, une gamme de gels semi-permanents aux teintes automnales, inspir\u00e9es par la simplicit\u00e9 \u00e9l\u00e9gante et le charme naturel des saisons. Des nudes sophistiqu\u00e9s aux tons terreux et chaleureux, chaque nuance est pens\u00e9e pour sublimer vos ongles avec douceur et modernit\u00e9.\",\"breadcrumb\":{\"@id\":\"https:\\\/\\\/www.lpnnails.fr\\\/produit\\\/ambre-soleil-2\\\/#breadcrumb\"},\"inLanguage\":\"en-US\",\"potentialAction\":[{\"@type\":\"ReadAction\",\"target\":[\"https:\\\/\\\/www.lpnnails.fr\\\/produit\\\/ambre-soleil-2\\\/\"]}]},{\"@type\":\"ImageObject\",\"inLanguage\":\"en-US\",\"@id\":\"https:\\\/\\\/www.lpnnails.fr\\\/produit\\\/ambre-soleil-2\\\/#primaryimage\",\"url\":\"https:\\\/\\\/www.lpnnails.fr\\\/wp-content\\\/uploads\\\/2025\\\/03\\\/products-8907b2_7b3c8aa912004630830cb8a3ab7562femv2.png\",\"contentUrl\":\"https:\\\/\\\/www.lpnnails.fr\\\/wp-content\\\/uploads\\\/2025\\\/03\\\/products-8907b2_7b3c8aa912004630830cb8a3ab7562femv2.png\",\"width\":1024,\"height\":1024,\"caption\":\"ambre soleil\"},{\"@type\":\"BreadcrumbList\",\"@id\":\"https:\\\/\\\/www.lpnnails.fr\\\/produit\\\/ambre-soleil-2\\\/#breadcrumb\",\"itemListElement\":[{\"@type\":\"ListItem\",\"position\":1,\"name\":\"Accueil\",\"item\":\"https:\\\/\\\/www.lpnnails.fr\\\/\"},{\"@type\":\"ListItem\",\"position\":2,\"name\":\"Boutique\",\"item\":\"https:\\\/\\\/www.lpnnails.fr\\\/boutique\\\/\"},{\"@type\":\"ListItem\",\"position\":3,\"name\":\"Ambre Soleil\"}]},{\"@type\":\"WebSite\",\"@id\":\"https:\\\/\\\/www.lpnnails.fr\\\/#website\",\"url\":\"https:\\\/\\\/www.lpnnails.fr\\\/\",\"name\":\"LPN Nails\",\"description\":\"\",\"publisher\":{\"@id\":\"https:\\\/\\\/www.lpnnails.fr\\\/#organization\"},\"potentialAction\":[{\"@type\":\"SearchAction\",\"target\":{\"@type\":\"EntryPoint\",\"urlTemplate\":\"https:\\\/\\\/www.lpnnails.fr\\\/?s={search_term_string}\"},\"query-input\":{\"@type\":\"PropertyValueSpecification\",\"valueRequired\":true,\"valueName\":\"search_term_string\"}}],\"inLanguage\":\"en-US\"},{\"@type\":\"Organization\",\"@id\":\"https:\\\/\\\/www.lpnnails.fr\\\/#organization\",\"name\":\"LPN Nails\",\"url\":\"https:\\\/\\\/www.lpnnails.fr\\\/\",\"logo\":{\"@type\":\"ImageObject\",\"inLanguage\":\"en-US\",\"@id\":\"https:\\\/\\\/www.lpnnails.fr\\\/#\\\/schema\\\/logo\\\/image\\\/\",\"url\":\"https:\\\/\\\/www.lpnnails.fr\\\/wp-content\\\/uploads\\\/2025\\\/11\\\/Design-sans-titre-2.png\",\"contentUrl\":\"https:\\\/\\\/www.lpnnails.fr\\\/wp-content\\\/uploads\\\/2025\\\/11\\\/Design-sans-titre-2.png\",\"width\":512,\"height\":512,\"caption\":\"LPN Nails\"},\"image\":{\"@id\":\"https:\\\/\\\/www.lpnnails.fr\\\/#\\\/schema\\\/logo\\\/image\\\/\"},\"sameAs\":[\"https:\\\/\\\/www.facebook.com\\\/profile.php?id=61573655313488#\",\"https:\\\/\\\/www.instagram.com\\\/lpnnails\\\/\",\"https:\\\/\\\/www.linkedin.com\\\/company\\\/lpnnails\\\/\",\"https:\\\/\\\/www.youtube.com\\\/@LPNNails\\\/\"]}]}<\/script>\n<!-- \/ Yoast SEO plugin. -->","yoast_head_json":{"title":"Ambre Soleil - LPN Nails","description":"Plongez dans l\u2019univers du raffinement avec la collection \"Minimaliste\" de LPN Nails, une gamme de gels semi-permanents aux teintes automnales, inspir\u00e9es par la simplicit\u00e9 \u00e9l\u00e9gante et le charme naturel des saisons. Des nudes sophistiqu\u00e9s aux tons terreux et chaleureux, chaque nuance est pens\u00e9e pour sublimer vos ongles avec douceur et modernit\u00e9.","robots":{"index":"index","follow":"follow","max-snippet":"max-snippet:-1","max-image-preview":"max-image-preview:large","max-video-preview":"max-video-preview:-1"},"canonical":"https:\/\/www.lpnnails.fr\/en\/product\/ambre-soleil-2\/","og_locale":"en_US","og_type":"article","og_title":"Ambre Soleil - LPN Nails","og_description":"Plongez dans l\u2019univers du raffinement avec la collection \"Minimaliste\" de LPN Nails, une gamme de gels semi-permanents aux teintes automnales, inspir\u00e9es par la simplicit\u00e9 \u00e9l\u00e9gante et le charme naturel des saisons. Des nudes sophistiqu\u00e9s aux tons terreux et chaleureux, chaque nuance est pens\u00e9e pour sublimer vos ongles avec douceur et modernit\u00e9.","og_url":"https:\/\/www.lpnnails.fr\/en\/product\/ambre-soleil-2\/","og_site_name":"LPN Nails","article_publisher":"https:\/\/www.facebook.com\/profile.php?id=61573655313488#","article_modified_time":"2026-01-09T23:17:53+00:00","og_image":[{"width":1024,"height":1024,"url":"https:\/\/www.lpnnails.fr\/wp-content\/uploads\/2025\/03\/products-8907b2_7b3c8aa912004630830cb8a3ab7562femv2.png","type":"image\/png"}],"twitter_card":"summary_large_image","twitter_misc":{"Est. reading time":"2 minutes"},"schema":{"@context":"https:\/\/schema.org","@graph":[{"@type":"WebPage","@id":"https:\/\/www.lpnnails.fr\/produit\/ambre-soleil-2\/","url":"https:\/\/www.lpnnails.fr\/produit\/ambre-soleil-2\/","name":"Ambre Soleil - LPN Nails","isPartOf":{"@id":"https:\/\/www.lpnnails.fr\/#website"},"primaryImageOfPage":{"@id":"https:\/\/www.lpnnails.fr\/produit\/ambre-soleil-2\/#primaryimage"},"image":{"@id":"https:\/\/www.lpnnails.fr\/produit\/ambre-soleil-2\/#primaryimage"},"thumbnailUrl":"https:\/\/www.lpnnails.fr\/wp-content\/uploads\/2025\/03\/products-8907b2_7b3c8aa912004630830cb8a3ab7562femv2.png","datePublished":"2025-03-19T12:22:03+00:00","dateModified":"2026-01-09T23:17:53+00:00","description":"Plongez dans l\u2019univers du raffinement avec la collection \"Minimaliste\" de LPN Nails, une gamme de gels semi-permanents aux teintes automnales, inspir\u00e9es par la simplicit\u00e9 \u00e9l\u00e9gante et le charme naturel des saisons. Des nudes sophistiqu\u00e9s aux tons terreux et chaleureux, chaque nuance est pens\u00e9e pour sublimer vos ongles avec douceur et modernit\u00e9.","breadcrumb":{"@id":"https:\/\/www.lpnnails.fr\/produit\/ambre-soleil-2\/#breadcrumb"},"inLanguage":"en-US","potentialAction":[{"@type":"ReadAction","target":["https:\/\/www.lpnnails.fr\/produit\/ambre-soleil-2\/"]}]},{"@type":"ImageObject","inLanguage":"en-US","@id":"https:\/\/www.lpnnails.fr\/produit\/ambre-soleil-2\/#primaryimage","url":"https:\/\/www.lpnnails.fr\/wp-content\/uploads\/2025\/03\/products-8907b2_7b3c8aa912004630830cb8a3ab7562femv2.png","contentUrl":"https:\/\/www.lpnnails.fr\/wp-content\/uploads\/2025\/03\/products-8907b2_7b3c8aa912004630830cb8a3ab7562femv2.png","width":1024,"height":1024,"caption":"ambre soleil"},{"@type":"BreadcrumbList","@id":"https:\/\/www.lpnnails.fr\/produit\/ambre-soleil-2\/#breadcrumb","itemListElement":[{"@type":"ListItem","position":1,"name":"Accueil","item":"https:\/\/www.lpnnails.fr\/"},{"@type":"ListItem","position":2,"name":"Boutique","item":"https:\/\/www.lpnnails.fr\/boutique\/"},{"@type":"ListItem","position":3,"name":"Ambre Soleil"}]},{"@type":"WebSite","@id":"https:\/\/www.lpnnails.fr\/#website","url":"https:\/\/www.lpnnails.fr\/","name":"LPN Nails","description":"","publisher":{"@id":"https:\/\/www.lpnnails.fr\/#organization"},"potentialAction":[{"@type":"SearchAction","target":{"@type":"EntryPoint","urlTemplate":"https:\/\/www.lpnnails.fr\/?s={search_term_string}"},"query-input":{"@type":"PropertyValueSpecification","valueRequired":true,"valueName":"search_term_string"}}],"inLanguage":"en-US"},{"@type":"Organization","@id":"https:\/\/www.lpnnails.fr\/#organization","name":"LPN Nails","url":"https:\/\/www.lpnnails.fr\/","logo":{"@type":"ImageObject","inLanguage":"en-US","@id":"https:\/\/www.lpnnails.fr\/#\/schema\/logo\/image\/","url":"https:\/\/www.lpnnails.fr\/wp-content\/uploads\/2025\/11\/Design-sans-titre-2.png","contentUrl":"https:\/\/www.lpnnails.fr\/wp-content\/uploads\/2025\/11\/Design-sans-titre-2.png","width":512,"height":512,"caption":"LPN Nails"},"image":{"@id":"https:\/\/www.lpnnails.fr\/#\/schema\/logo\/image\/"},"sameAs":["https:\/\/www.facebook.com\/profile.php?id=61573655313488#","https:\/\/www.instagram.com\/lpnnails\/","https:\/\/www.linkedin.com\/company\/lpnnails\/","https:\/\/www.youtube.com\/@LPNNails\/"]}]}},"uagb_featured_image_src":{"full":["https:\/\/www.lpnnails.fr\/wp-content\/uploads\/2025\/03\/products-8907b2_7b3c8aa912004630830cb8a3ab7562femv2.png",1024,1024,false],"thumbnail":["https:\/\/www.lpnnails.fr\/wp-content\/uploads\/2025\/03\/products-8907b2_7b3c8aa912004630830cb8a3ab7562femv2-150x150.png",150,150,true],"medium":["https:\/\/www.lpnnails.fr\/wp-content\/uploads\/2025\/03\/products-8907b2_7b3c8aa912004630830cb8a3ab7562femv2-300x300.png",300,300,true],"medium_large":["https:\/\/www.lpnnails.fr\/wp-content\/uploads\/2025\/03\/products-8907b2_7b3c8aa912004630830cb8a3ab7562femv2-768x768.png",768,768,true],"large":["https:\/\/www.lpnnails.fr\/wp-content\/uploads\/2025\/03\/products-8907b2_7b3c8aa912004630830cb8a3ab7562femv2.png",1024,1024,false],"1536x1536":["https:\/\/www.lpnnails.fr\/wp-content\/uploads\/2025\/03\/products-8907b2_7b3c8aa912004630830cb8a3ab7562femv2.png",1024,1024,false],"2048x2048":["https:\/\/www.lpnnails.fr\/wp-content\/uploads\/2025\/03\/products-8907b2_7b3c8aa912004630830cb8a3ab7562femv2.png",1024,1024,false],"trp-custom-language-flag":["https:\/\/www.lpnnails.fr\/wp-content\/uploads\/2025\/03\/products-8907b2_7b3c8aa912004630830cb8a3ab7562femv2.png",12,12,false],"mailpoet_newsletter_max":["https:\/\/www.lpnnails.fr\/wp-content\/uploads\/2025\/03\/products-8907b2_7b3c8aa912004630830cb8a3ab7562femv2.png",1024,1024,false],"woocommerce_thumbnail":["https:\/\/www.lpnnails.fr\/wp-content\/uploads\/2025\/03\/products-8907b2_7b3c8aa912004630830cb8a3ab7562femv2-300x300.png",300,300,true],"woocommerce_single":["https:\/\/www.lpnnails.fr\/wp-content\/uploads\/2025\/03\/products-8907b2_7b3c8aa912004630830cb8a3ab7562femv2-600x600.png",600,600,true],"woocommerce_gallery_thumbnail":["https:\/\/www.lpnnails.fr\/wp-content\/uploads\/2025\/03\/products-8907b2_7b3c8aa912004630830cb8a3ab7562femv2-100x100.png",100,100,true],"variation_swatches_image_size":["https:\/\/www.lpnnails.fr\/wp-content\/uploads\/2025\/03\/products-8907b2_7b3c8aa912004630830cb8a3ab7562femv2-50x50.png",50,50,true],"variation_swatches_tooltip_size":["https:\/\/www.lpnnails.fr\/wp-content\/uploads\/2025\/03\/products-8907b2_7b3c8aa912004630830cb8a3ab7562femv2-100x100.png",100,100,true]},"uagb_author_info":{"display_name":"LPN Nails","author_link":"https:\/\/www.lpnnails.fr\/en\/author\/"},"uagb_comment_info":0,"uagb_excerpt":"Plongez dans l\u2019univers du raffinement avec la collection &#8220;Minimaliste&#8221; de LPN Nails, une gamme de gels semi-permanents aux teintes automnales, [&hellip;]","_links":{"self":[{"href":"https:\/\/www.lpnnails.fr\/en\/wp-json\/wp\/v2\/product\/5592","targetHints":{"allow":["GET"]}}],"collection":[{"href":"https:\/\/www.lpnnails.fr\/en\/wp-json\/wp\/v2\/product"}],"about":[{"href":"https:\/\/www.lpnnails.fr\/en\/wp-json\/wp\/v2\/types\/product"}],"replies":[{"embeddable":true,"href":"https:\/\/www.lpnnails.fr\/en\/wp-json\/wp\/v2\/comments?post=5592"}],"wp:featuredmedia":[{"embeddable":true,"href":"https:\/\/www.lpnnails.fr\/en\/wp-json\/wp\/v2\/media\/9334"}],"wp:attachment":[{"href":"https:\/\/www.lpnnails.fr\/en\/wp-json\/wp\/v2\/media?parent=5592"}],"wp:term":[{"taxonomy":"product_brand","embeddable":true,"href":"https:\/\/www.lpnnails.fr\/en\/wp-json\/wp\/v2\/product_brand?post=5592"},{"taxonomy":"product_cat","embeddable":true,"href":"https:\/\/www.lpnnails.fr\/en\/wp-json\/wp\/v2\/product_cat?post=5592"},{"taxonomy":"product_tag","embeddable":true,"href":"https:\/\/www.lpnnails.fr\/en\/wp-json\/wp\/v2\/product_tag?post=5592"}],"curies":[{"name":"wp","href":"https:\/\/api.w.org\/{rel}","templated":true}]}}