{"id":5497,"date":"2025-03-19T09:47:47","date_gmt":"2025-03-19T09:47:47","guid":{"rendered":"https:\/\/www.lpnnails.fr\/?post_type=product&#038;p=5497"},"modified":"2026-02-13T10:11:59","modified_gmt":"2026-02-13T09:11:59","slug":"rubber-base-sweet-rose","status":"publish","type":"product","link":"https:\/\/www.lpnnails.fr\/en\/product\/rubber-base-sweet-rose\/","title":{"rendered":"Rubber base &#8220;Sweet Ros\u00e9&#8221;"},"content":{"rendered":"<p>Apportez une touche de douceur et d\u2019\u00e9l\u00e9gance \u00e0 vos manucures avec la r<strong>ubber base &#8220;Sweet Collection&#8221;<\/strong> in <strong>teintes ros\u00e9e<\/strong>. Sa texture fluide et auto-\u00e9galisante renforce l\u2019ongle tout en offrant une finition naturelle et harmonieuse. Id\u00e9ale pour une <strong>base r\u00e9sistante<\/strong> et un look nude sophistiqu\u00e9, elle s\u2019<strong>adapte parfaitement \u00e0 toutes vos poses ongulaires<\/strong>.<\/p>\n<p><strong>Features :<\/strong><\/p>\n<ul>\n<li><strong>Base en caoutchouc flexible<\/strong> : S\u2019adapte aux mouvements naturels de l\u2019ongle sans fissures.<\/li>\n<li><strong>Texture fluide et auto-\u00e9galisante<\/strong> : Application homog\u00e8ne pour un rendu impeccable.<\/li>\n<li><strong>Effet naturel<\/strong> : Disponible en <strong>teintes unies, ros\u00e9es et paillet\u00e9es<\/strong> pour s\u2019adapter \u00e0 tous les styles.<\/li>\n<li><strong>Renforcement de l\u2019ongle<\/strong> : Id\u00e9ale pour les ongles fins ou fragiles.<\/li>\n<li><strong>Long-lasting wear<\/strong> : R\u00e9sistant aux chocs et \u00e0 l\u2019usure.<\/li>\n<\/ul>\n<p><strong>Conseils d\u2019utilisation :<\/strong><\/p>\n<ul>\n<li><strong>Appliquez une fine couche<\/strong> sur un ongle pr\u00e9par\u00e9 et catalysez <strong>60s sous lampe LED \/ 120s sous UV<\/strong>.<\/li>\n<li><strong>Ajoutez une seconde couche<\/strong> pour un rendu plus intense et uniforme.<\/li>\n<li><strong>Scellez avec un top coat<\/strong> pour une finition brillante et une tenue optimale.<\/li>\n<\/ul>\n<p>Un indispensable pour des ongles renforc\u00e9s et \u00e9l\u00e9gants, avec ou sans paillettes !<\/p>","protected":false},"excerpt":{"rendered":"<p>Apportez une touche de douceur et d\u2019\u00e9l\u00e9gance \u00e0 vos manucures avec la rubber base &#8220;Sweet Collection&#8221; en teintes ros\u00e9e. Sa [&hellip;]<\/p>\n","protected":false},"featured_media":5508,"comment_status":"open","ping_status":"closed","template":"","meta":{"_uag_custom_page_level_css":"","site-sidebar-layout":"default","site-content-layout":"","ast-site-content-layout":"default","site-content-style":"default","site-sidebar-style":"default","ast-global-header-display":"","ast-banner-title-visibility":"","ast-main-header-display":"","ast-hfb-above-header-display":"","ast-hfb-below-header-display":"","ast-hfb-mobile-header-display":"","site-post-title":"","ast-breadcrumbs-content":"","ast-featured-img":"","footer-sml-layout":"","ast-disable-related-posts":"","theme-transparent-header-meta":"default","adv-header-id-meta":"","stick-header-meta":"","header-above-stick-meta":"","header-main-stick-meta":"","header-below-stick-meta":"","astra-migrate-meta-layouts":"set","ast-page-background-enabled":"default","ast-page-background-meta":{"desktop":{"background-color":"var(--ast-global-color-4)","background-image":"","background-repeat":"repeat","background-position":"center center","background-size":"auto","background-attachment":"scroll","background-type":"","background-media":"","overlay-type":"","overlay-color":"","overlay-opacity":"","overlay-gradient":""},"tablet":{"background-color":"","background-image":"","background-repeat":"repeat","background-position":"center center","background-size":"auto","background-attachment":"scroll","background-type":"","background-media":"","overlay-type":"","overlay-color":"","overlay-opacity":"","overlay-gradient":""},"mobile":{"background-color":"","background-image":"","background-repeat":"repeat","background-position":"center center","background-size":"auto","background-attachment":"scroll","background-type":"","background-media":"","overlay-type":"","overlay-color":"","overlay-opacity":"","overlay-gradient":""}},"ast-content-background-meta":{"desktop":{"background-color":"var(--ast-global-color-5)","background-image":"","background-repeat":"repeat","background-position":"center center","background-size":"auto","background-attachment":"scroll","background-type":"","background-media":"","overlay-type":"","overlay-color":"","overlay-opacity":"","overlay-gradient":""},"tablet":{"background-color":"var(--ast-global-color-5)","background-image":"","background-repeat":"repeat","background-position":"center center","background-size":"auto","background-attachment":"scroll","background-type":"","background-media":"","overlay-type":"","overlay-color":"","overlay-opacity":"","overlay-gradient":""},"mobile":{"background-color":"var(--ast-global-color-5)","background-image":"","background-repeat":"repeat","background-position":"center center","background-size":"auto","background-attachment":"scroll","background-type":"","background-media":"","overlay-type":"","overlay-color":"","overlay-opacity":"","overlay-gradient":""}}},"product_brand":[254],"product_cat":[247,199],"product_tag":[],"class_list":{"0":"post-5497","1":"product","2":"type-product","3":"status-publish","4":"has-post-thumbnail","6":"product_brand-lpnnails","7":"product_cat-rubber-base","8":"product_cat-tous-les-produits","9":"pa_composition-acrylates-carbamate-copolymer-84-5-acrylates-copolymer-10-dimethicone-2-microcrystalline-wax-2-ci-77499-0-5-ci-77891-0-5-ci-14700-0-5","10":"pa_couleur-rbsr11","11":"pa_couleur-rbsr14","12":"pa_couleur-rbsr15","13":"pa_couleur-rbsr16","14":"pa_couleur-rbsr20","15":"pa_couleur-rbsr4","16":"pa_couleur-rbsr6","17":"pa_couleur-rbsr7","18":"pa_couleur-rbsr8","19":"pa_couleur-rbsr9","20":"desktop-align-left","21":"tablet-align-left","22":"mobile-align-left","24":"first","25":"instock","26":"purchasable","27":"product-type-variable","28":"wvs-archive-product-wrapper"},"yoast_head":"<!-- This site is optimized with the Yoast SEO plugin v27.3 - https:\/\/yoast.com\/product\/yoast-seo-wordpress\/ -->\n<title>Rubber base &quot;Sweet Ros\u00e9&quot; - LPN Nails<\/title>\n<meta name=\"description\" content=\"Apportez une touche de douceur et d\u2019\u00e9l\u00e9gance \u00e0 vos manucures avec la rubber base &quot;Sweet Collection&quot; en teintes ros\u00e9e. Sa texture fluide et auto-\u00e9galisante renforce l\u2019ongle tout en offrant une finition naturelle et harmonieuse. Id\u00e9ale pour une base r\u00e9sistante et un look nude sophistiqu\u00e9, elle s\u2019adapte parfaitement \u00e0 toutes vos poses ongulaires.\" \/>\n<meta name=\"robots\" content=\"index, follow, max-snippet:-1, max-image-preview:large, max-video-preview:-1\" \/>\n<link rel=\"canonical\" href=\"https:\/\/www.lpnnails.fr\/en\/product\/rubber-base-sweet-rose\/\" \/>\n<meta property=\"og:locale\" content=\"en_US\" \/>\n<meta property=\"og:type\" content=\"article\" \/>\n<meta property=\"og:title\" content=\"Rubber base &quot;Sweet Ros\u00e9&quot; - LPN Nails\" \/>\n<meta property=\"og:description\" content=\"Apportez une touche de douceur et d\u2019\u00e9l\u00e9gance \u00e0 vos manucures avec la rubber base &quot;Sweet Collection&quot; en teintes ros\u00e9e. Sa texture fluide et auto-\u00e9galisante renforce l\u2019ongle tout en offrant une finition naturelle et harmonieuse. Id\u00e9ale pour une base r\u00e9sistante et un look nude sophistiqu\u00e9, elle s\u2019adapte parfaitement \u00e0 toutes vos poses ongulaires.\" \/>\n<meta property=\"og:url\" content=\"https:\/\/www.lpnnails.fr\/en\/product\/rubber-base-sweet-rose\/\" \/>\n<meta property=\"og:site_name\" content=\"LPN Nails\" \/>\n<meta property=\"article:publisher\" content=\"https:\/\/www.facebook.com\/profile.php?id=61573655313488#\" \/>\n<meta property=\"article:modified_time\" content=\"2026-02-13T09:11:59+00:00\" \/>\n<meta property=\"og:image\" content=\"https:\/\/www.lpnnails.fr\/wp-content\/uploads\/2025\/04\/products-8907b2_2dcb354aa6714c159cdcbc215cd42460~mv2.jpg\" \/>\n\t<meta property=\"og:image:width\" content=\"1024\" \/>\n\t<meta property=\"og:image:height\" content=\"1024\" \/>\n\t<meta property=\"og:image:type\" content=\"image\/jpeg\" \/>\n<meta name=\"twitter:card\" content=\"summary_large_image\" \/>\n<meta name=\"twitter:label1\" content=\"Est. reading time\" \/>\n\t<meta name=\"twitter:data1\" content=\"2 minutes\" \/>\n<script type=\"application\/ld+json\" class=\"yoast-schema-graph\">{\"@context\":\"https:\\\/\\\/schema.org\",\"@graph\":[{\"@type\":\"WebPage\",\"@id\":\"https:\\\/\\\/www.lpnnails.fr\\\/produit\\\/rubber-base-sweet-rose\\\/\",\"url\":\"https:\\\/\\\/www.lpnnails.fr\\\/produit\\\/rubber-base-sweet-rose\\\/\",\"name\":\"Rubber base \\\"Sweet Ros\u00e9\\\" - LPN Nails\",\"isPartOf\":{\"@id\":\"https:\\\/\\\/www.lpnnails.fr\\\/#website\"},\"primaryImageOfPage\":{\"@id\":\"https:\\\/\\\/www.lpnnails.fr\\\/produit\\\/rubber-base-sweet-rose\\\/#primaryimage\"},\"image\":{\"@id\":\"https:\\\/\\\/www.lpnnails.fr\\\/produit\\\/rubber-base-sweet-rose\\\/#primaryimage\"},\"thumbnailUrl\":\"https:\\\/\\\/www.lpnnails.fr\\\/wp-content\\\/uploads\\\/2025\\\/04\\\/products-8907b2_2dcb354aa6714c159cdcbc215cd42460~mv2.jpg\",\"datePublished\":\"2025-03-19T09:47:47+00:00\",\"dateModified\":\"2026-02-13T09:11:59+00:00\",\"description\":\"Apportez une touche de douceur et d\u2019\u00e9l\u00e9gance \u00e0 vos manucures avec la rubber base \\\"Sweet Collection\\\" en teintes ros\u00e9e. Sa texture fluide et auto-\u00e9galisante renforce l\u2019ongle tout en offrant une finition naturelle et harmonieuse. Id\u00e9ale pour une base r\u00e9sistante et un look nude sophistiqu\u00e9, elle s\u2019adapte parfaitement \u00e0 toutes vos poses ongulaires.\",\"breadcrumb\":{\"@id\":\"https:\\\/\\\/www.lpnnails.fr\\\/produit\\\/rubber-base-sweet-rose\\\/#breadcrumb\"},\"inLanguage\":\"en-US\",\"potentialAction\":[{\"@type\":\"ReadAction\",\"target\":[\"https:\\\/\\\/www.lpnnails.fr\\\/produit\\\/rubber-base-sweet-rose\\\/\"]}]},{\"@type\":\"ImageObject\",\"inLanguage\":\"en-US\",\"@id\":\"https:\\\/\\\/www.lpnnails.fr\\\/produit\\\/rubber-base-sweet-rose\\\/#primaryimage\",\"url\":\"https:\\\/\\\/www.lpnnails.fr\\\/wp-content\\\/uploads\\\/2025\\\/04\\\/products-8907b2_2dcb354aa6714c159cdcbc215cd42460~mv2.jpg\",\"contentUrl\":\"https:\\\/\\\/www.lpnnails.fr\\\/wp-content\\\/uploads\\\/2025\\\/04\\\/products-8907b2_2dcb354aa6714c159cdcbc215cd42460~mv2.jpg\",\"width\":1024,\"height\":1024,\"caption\":\"RUBBER BASE SWEET ROS\u00c9 4\"},{\"@type\":\"BreadcrumbList\",\"@id\":\"https:\\\/\\\/www.lpnnails.fr\\\/produit\\\/rubber-base-sweet-rose\\\/#breadcrumb\",\"itemListElement\":[{\"@type\":\"ListItem\",\"position\":1,\"name\":\"Accueil\",\"item\":\"https:\\\/\\\/www.lpnnails.fr\\\/\"},{\"@type\":\"ListItem\",\"position\":2,\"name\":\"Boutique\",\"item\":\"https:\\\/\\\/www.lpnnails.fr\\\/boutique\\\/\"},{\"@type\":\"ListItem\",\"position\":3,\"name\":\"Rubber base &#8220;Sweet Ros\u00e9&#8221;\"}]},{\"@type\":\"WebSite\",\"@id\":\"https:\\\/\\\/www.lpnnails.fr\\\/#website\",\"url\":\"https:\\\/\\\/www.lpnnails.fr\\\/\",\"name\":\"LPN Nails\",\"description\":\"\",\"publisher\":{\"@id\":\"https:\\\/\\\/www.lpnnails.fr\\\/#organization\"},\"potentialAction\":[{\"@type\":\"SearchAction\",\"target\":{\"@type\":\"EntryPoint\",\"urlTemplate\":\"https:\\\/\\\/www.lpnnails.fr\\\/?s={search_term_string}\"},\"query-input\":{\"@type\":\"PropertyValueSpecification\",\"valueRequired\":true,\"valueName\":\"search_term_string\"}}],\"inLanguage\":\"en-US\"},{\"@type\":\"Organization\",\"@id\":\"https:\\\/\\\/www.lpnnails.fr\\\/#organization\",\"name\":\"LPN Nails\",\"url\":\"https:\\\/\\\/www.lpnnails.fr\\\/\",\"logo\":{\"@type\":\"ImageObject\",\"inLanguage\":\"en-US\",\"@id\":\"https:\\\/\\\/www.lpnnails.fr\\\/#\\\/schema\\\/logo\\\/image\\\/\",\"url\":\"https:\\\/\\\/www.lpnnails.fr\\\/wp-content\\\/uploads\\\/2025\\\/11\\\/Design-sans-titre-2.png\",\"contentUrl\":\"https:\\\/\\\/www.lpnnails.fr\\\/wp-content\\\/uploads\\\/2025\\\/11\\\/Design-sans-titre-2.png\",\"width\":512,\"height\":512,\"caption\":\"LPN Nails\"},\"image\":{\"@id\":\"https:\\\/\\\/www.lpnnails.fr\\\/#\\\/schema\\\/logo\\\/image\\\/\"},\"sameAs\":[\"https:\\\/\\\/www.facebook.com\\\/profile.php?id=61573655313488#\",\"https:\\\/\\\/www.instagram.com\\\/lpnnails\\\/\",\"https:\\\/\\\/www.linkedin.com\\\/company\\\/lpnnails\\\/\",\"https:\\\/\\\/www.youtube.com\\\/@LPNNails\\\/\"]}]}<\/script>\n<!-- \/ Yoast SEO plugin. -->","yoast_head_json":{"title":"Rubber base \"Sweet Ros\u00e9\" - LPN Nails","description":"Apportez une touche de douceur et d\u2019\u00e9l\u00e9gance \u00e0 vos manucures avec la rubber base \"Sweet Collection\" en teintes ros\u00e9e. Sa texture fluide et auto-\u00e9galisante renforce l\u2019ongle tout en offrant une finition naturelle et harmonieuse. Id\u00e9ale pour une base r\u00e9sistante et un look nude sophistiqu\u00e9, elle s\u2019adapte parfaitement \u00e0 toutes vos poses ongulaires.","robots":{"index":"index","follow":"follow","max-snippet":"max-snippet:-1","max-image-preview":"max-image-preview:large","max-video-preview":"max-video-preview:-1"},"canonical":"https:\/\/www.lpnnails.fr\/en\/product\/rubber-base-sweet-rose\/","og_locale":"en_US","og_type":"article","og_title":"Rubber base \"Sweet Ros\u00e9\" - LPN Nails","og_description":"Apportez une touche de douceur et d\u2019\u00e9l\u00e9gance \u00e0 vos manucures avec la rubber base \"Sweet Collection\" en teintes ros\u00e9e. Sa texture fluide et auto-\u00e9galisante renforce l\u2019ongle tout en offrant une finition naturelle et harmonieuse. Id\u00e9ale pour une base r\u00e9sistante et un look nude sophistiqu\u00e9, elle s\u2019adapte parfaitement \u00e0 toutes vos poses ongulaires.","og_url":"https:\/\/www.lpnnails.fr\/en\/product\/rubber-base-sweet-rose\/","og_site_name":"LPN Nails","article_publisher":"https:\/\/www.facebook.com\/profile.php?id=61573655313488#","article_modified_time":"2026-02-13T09:11:59+00:00","og_image":[{"width":1024,"height":1024,"url":"https:\/\/www.lpnnails.fr\/wp-content\/uploads\/2025\/04\/products-8907b2_2dcb354aa6714c159cdcbc215cd42460~mv2.jpg","type":"image\/jpeg"}],"twitter_card":"summary_large_image","twitter_misc":{"Est. reading time":"2 minutes"},"schema":{"@context":"https:\/\/schema.org","@graph":[{"@type":"WebPage","@id":"https:\/\/www.lpnnails.fr\/produit\/rubber-base-sweet-rose\/","url":"https:\/\/www.lpnnails.fr\/produit\/rubber-base-sweet-rose\/","name":"Rubber base \"Sweet Ros\u00e9\" - LPN Nails","isPartOf":{"@id":"https:\/\/www.lpnnails.fr\/#website"},"primaryImageOfPage":{"@id":"https:\/\/www.lpnnails.fr\/produit\/rubber-base-sweet-rose\/#primaryimage"},"image":{"@id":"https:\/\/www.lpnnails.fr\/produit\/rubber-base-sweet-rose\/#primaryimage"},"thumbnailUrl":"https:\/\/www.lpnnails.fr\/wp-content\/uploads\/2025\/04\/products-8907b2_2dcb354aa6714c159cdcbc215cd42460~mv2.jpg","datePublished":"2025-03-19T09:47:47+00:00","dateModified":"2026-02-13T09:11:59+00:00","description":"Apportez une touche de douceur et d\u2019\u00e9l\u00e9gance \u00e0 vos manucures avec la rubber base \"Sweet Collection\" en teintes ros\u00e9e. Sa texture fluide et auto-\u00e9galisante renforce l\u2019ongle tout en offrant une finition naturelle et harmonieuse. Id\u00e9ale pour une base r\u00e9sistante et un look nude sophistiqu\u00e9, elle s\u2019adapte parfaitement \u00e0 toutes vos poses ongulaires.","breadcrumb":{"@id":"https:\/\/www.lpnnails.fr\/produit\/rubber-base-sweet-rose\/#breadcrumb"},"inLanguage":"en-US","potentialAction":[{"@type":"ReadAction","target":["https:\/\/www.lpnnails.fr\/produit\/rubber-base-sweet-rose\/"]}]},{"@type":"ImageObject","inLanguage":"en-US","@id":"https:\/\/www.lpnnails.fr\/produit\/rubber-base-sweet-rose\/#primaryimage","url":"https:\/\/www.lpnnails.fr\/wp-content\/uploads\/2025\/04\/products-8907b2_2dcb354aa6714c159cdcbc215cd42460~mv2.jpg","contentUrl":"https:\/\/www.lpnnails.fr\/wp-content\/uploads\/2025\/04\/products-8907b2_2dcb354aa6714c159cdcbc215cd42460~mv2.jpg","width":1024,"height":1024,"caption":"RUBBER BASE SWEET ROS\u00c9 4"},{"@type":"BreadcrumbList","@id":"https:\/\/www.lpnnails.fr\/produit\/rubber-base-sweet-rose\/#breadcrumb","itemListElement":[{"@type":"ListItem","position":1,"name":"Accueil","item":"https:\/\/www.lpnnails.fr\/"},{"@type":"ListItem","position":2,"name":"Boutique","item":"https:\/\/www.lpnnails.fr\/boutique\/"},{"@type":"ListItem","position":3,"name":"Rubber base &#8220;Sweet Ros\u00e9&#8221;"}]},{"@type":"WebSite","@id":"https:\/\/www.lpnnails.fr\/#website","url":"https:\/\/www.lpnnails.fr\/","name":"LPN Nails","description":"","publisher":{"@id":"https:\/\/www.lpnnails.fr\/#organization"},"potentialAction":[{"@type":"SearchAction","target":{"@type":"EntryPoint","urlTemplate":"https:\/\/www.lpnnails.fr\/?s={search_term_string}"},"query-input":{"@type":"PropertyValueSpecification","valueRequired":true,"valueName":"search_term_string"}}],"inLanguage":"en-US"},{"@type":"Organization","@id":"https:\/\/www.lpnnails.fr\/#organization","name":"LPN Nails","url":"https:\/\/www.lpnnails.fr\/","logo":{"@type":"ImageObject","inLanguage":"en-US","@id":"https:\/\/www.lpnnails.fr\/#\/schema\/logo\/image\/","url":"https:\/\/www.lpnnails.fr\/wp-content\/uploads\/2025\/11\/Design-sans-titre-2.png","contentUrl":"https:\/\/www.lpnnails.fr\/wp-content\/uploads\/2025\/11\/Design-sans-titre-2.png","width":512,"height":512,"caption":"LPN Nails"},"image":{"@id":"https:\/\/www.lpnnails.fr\/#\/schema\/logo\/image\/"},"sameAs":["https:\/\/www.facebook.com\/profile.php?id=61573655313488#","https:\/\/www.instagram.com\/lpnnails\/","https:\/\/www.linkedin.com\/company\/lpnnails\/","https:\/\/www.youtube.com\/@LPNNails\/"]}]}},"uagb_featured_image_src":{"full":["https:\/\/www.lpnnails.fr\/wp-content\/uploads\/2025\/04\/products-8907b2_2dcb354aa6714c159cdcbc215cd42460~mv2.jpg",1024,1024,false],"thumbnail":["https:\/\/www.lpnnails.fr\/wp-content\/uploads\/2025\/04\/products-8907b2_2dcb354aa6714c159cdcbc215cd42460~mv2.jpg",150,150,true],"medium":["https:\/\/www.lpnnails.fr\/wp-content\/uploads\/2025\/04\/products-8907b2_2dcb354aa6714c159cdcbc215cd42460~mv2.jpg",300,214,true],"medium_large":["https:\/\/www.lpnnails.fr\/wp-content\/uploads\/2025\/04\/products-8907b2_2dcb354aa6714c159cdcbc215cd42460~mv2.jpg",768,768,false],"large":["https:\/\/www.lpnnails.fr\/wp-content\/uploads\/2025\/04\/products-8907b2_2dcb354aa6714c159cdcbc215cd42460~mv2.jpg",1024,1024,false],"1536x1536":["https:\/\/www.lpnnails.fr\/wp-content\/uploads\/2025\/04\/products-8907b2_2dcb354aa6714c159cdcbc215cd42460~mv2.jpg",1024,1024,false],"2048x2048":["https:\/\/www.lpnnails.fr\/wp-content\/uploads\/2025\/04\/products-8907b2_2dcb354aa6714c159cdcbc215cd42460~mv2.jpg",1024,1024,false],"trp-custom-language-flag":["https:\/\/www.lpnnails.fr\/wp-content\/uploads\/2025\/04\/products-8907b2_2dcb354aa6714c159cdcbc215cd42460~mv2.jpg",12,12,false],"mailpoet_newsletter_max":["https:\/\/www.lpnnails.fr\/wp-content\/uploads\/2025\/04\/products-8907b2_2dcb354aa6714c159cdcbc215cd42460~mv2.jpg",1024,1024,false],"woocommerce_thumbnail":["https:\/\/www.lpnnails.fr\/wp-content\/uploads\/2025\/04\/products-8907b2_2dcb354aa6714c159cdcbc215cd42460~mv2.jpg",300,300,false],"woocommerce_single":["https:\/\/www.lpnnails.fr\/wp-content\/uploads\/2025\/04\/products-8907b2_2dcb354aa6714c159cdcbc215cd42460~mv2.jpg",600,600,false],"woocommerce_gallery_thumbnail":["https:\/\/www.lpnnails.fr\/wp-content\/uploads\/2025\/04\/products-8907b2_2dcb354aa6714c159cdcbc215cd42460~mv2.jpg",100,100,false],"variation_swatches_image_size":["https:\/\/www.lpnnails.fr\/wp-content\/uploads\/2025\/04\/products-8907b2_2dcb354aa6714c159cdcbc215cd42460~mv2.jpg",50,50,false],"variation_swatches_tooltip_size":["https:\/\/www.lpnnails.fr\/wp-content\/uploads\/2025\/04\/products-8907b2_2dcb354aa6714c159cdcbc215cd42460~mv2.jpg",100,100,false]},"uagb_author_info":{"display_name":"LPN Nails","author_link":"https:\/\/www.lpnnails.fr\/en\/author\/"},"uagb_comment_info":0,"uagb_excerpt":"Apportez une touche de douceur et d\u2019\u00e9l\u00e9gance \u00e0 vos manucures avec la rubber base &#8220;Sweet Collection&#8221; en teintes ros\u00e9e. Sa [&hellip;]","_links":{"self":[{"href":"https:\/\/www.lpnnails.fr\/en\/wp-json\/wp\/v2\/product\/5497","targetHints":{"allow":["GET"]}}],"collection":[{"href":"https:\/\/www.lpnnails.fr\/en\/wp-json\/wp\/v2\/product"}],"about":[{"href":"https:\/\/www.lpnnails.fr\/en\/wp-json\/wp\/v2\/types\/product"}],"replies":[{"embeddable":true,"href":"https:\/\/www.lpnnails.fr\/en\/wp-json\/wp\/v2\/comments?post=5497"}],"wp:featuredmedia":[{"embeddable":true,"href":"https:\/\/www.lpnnails.fr\/en\/wp-json\/wp\/v2\/media\/5508"}],"wp:attachment":[{"href":"https:\/\/www.lpnnails.fr\/en\/wp-json\/wp\/v2\/media?parent=5497"}],"wp:term":[{"taxonomy":"product_brand","embeddable":true,"href":"https:\/\/www.lpnnails.fr\/en\/wp-json\/wp\/v2\/product_brand?post=5497"},{"taxonomy":"product_cat","embeddable":true,"href":"https:\/\/www.lpnnails.fr\/en\/wp-json\/wp\/v2\/product_cat?post=5497"},{"taxonomy":"product_tag","embeddable":true,"href":"https:\/\/www.lpnnails.fr\/en\/wp-json\/wp\/v2\/product_tag?post=5497"}],"curies":[{"name":"wp","href":"https:\/\/api.w.org\/{rel}","templated":true}]}}