{"id":5453,"date":"2025-03-02T23:25:44","date_gmt":"2025-03-02T22:25:44","guid":{"rendered":"https:\/\/www.lpnnails.fr\/?post_type=product&#038;p=5453"},"modified":"2026-02-12T11:45:50","modified_gmt":"2026-02-12T10:45:50","slug":"quartz-rose","status":"publish","type":"product","link":"https:\/\/www.lpnnails.fr\/en\/product\/quartz-rose\/","title":{"rendered":"Quartz Ros\u00e9"},"content":{"rendered":"<p>Plongez au c\u0153ur d\u2019une nature luxuriante avec la collection <strong>Jungle Chic<\/strong> de <strong>LPN Nails<\/strong>, une collection de gels semi-permanents inspir\u00e9e par les teintes riches et profondes de la jungle. Chaque couleur \u00e9voque la puissance et la beaut\u00e9 brute de la nature, du brun intense de l\u2019\u00e9corce aux nuances terreuses et nude rappelant la douceur du sable et du bois exotique.<\/p>\n<p><strong>Features :<\/strong><\/p>\n<ul>\n<li><strong>Teintes naturelles<\/strong> : Une palette \u00e9l\u00e9gante de bruns chauds, de beiges raffin\u00e9s et de nudes intenses pour un look intemporel.<\/li>\n<li><strong>Texture fluide et homog\u00e8ne<\/strong> : Application sans traces et couvrance parfaite en quelques gestes.<\/li>\n<li><strong>Long-lasting wear<\/strong> : R\u00e9sistance optimale aux chocs et \u00e0 l\u2019usure pour une manucure impeccable pendant plusieurs semaines.<\/li>\n<li><strong>Versatility<\/strong> : Compatible avec toutes les techniques, y compris les capsules, les formes sculpt\u00e9es et les ongles naturels.<\/li>\n<li><strong>Generous capacity<\/strong> : 15ml bottle for numerous applications.<\/li>\n<\/ul>\n<p><strong>Instructions for use:<\/strong><\/p>\n<ul>\n<li><strong>Pr\u00e9parez vos ongles<\/strong> : Limez et nettoyez soigneusement.<\/li>\n<li><strong>Appliquez la base coat<\/strong> : Une fine couche, catalysez sous lampe UV\/LED.<\/li>\n<li><strong>Posez le gel couleur<\/strong> : Appliquez une premi\u00e8re fine couche, catalysez, puis ajoutez une seconde couche pour une intensit\u00e9 optimale.<\/li>\n<li><strong>Terminez avec un top coat<\/strong> : Scellez avec un top coat de votre choix et catalysez \u00e0 nouveau.<\/li>\n<li><strong>Finalisez<\/strong> : Nettoyez les r\u00e9sidus si n\u00e9cessaire et hydratez vos cuticules avec une huile.<\/li>\n<\/ul>\n<p>Avec les gels semi-permanents de la collection <strong>Jungle Chic<\/strong>, lib\u00e9rez le c\u00f4t\u00e9 sauvage qui sommeille en vous !<\/p>","protected":false},"excerpt":{"rendered":"<p>Plongez au c\u0153ur d\u2019une nature luxuriante avec la collection Jungle Chic de LPN Nails, une collection de gels semi-permanents inspir\u00e9e [&hellip;]<\/p>\n","protected":false},"featured_media":5454,"comment_status":"open","ping_status":"closed","template":"","meta":{"_uag_custom_page_level_css":"","site-sidebar-layout":"default","site-content-layout":"","ast-site-content-layout":"default","site-content-style":"default","site-sidebar-style":"default","ast-global-header-display":"","ast-banner-title-visibility":"","ast-main-header-display":"","ast-hfb-above-header-display":"","ast-hfb-below-header-display":"","ast-hfb-mobile-header-display":"","site-post-title":"","ast-breadcrumbs-content":"","ast-featured-img":"","footer-sml-layout":"","ast-disable-related-posts":"","theme-transparent-header-meta":"default","adv-header-id-meta":"","stick-header-meta":"","header-above-stick-meta":"","header-main-stick-meta":"","header-below-stick-meta":"","astra-migrate-meta-layouts":"set","ast-page-background-enabled":"default","ast-page-background-meta":{"desktop":{"background-color":"var(--ast-global-color-4)","background-image":"","background-repeat":"repeat","background-position":"center center","background-size":"auto","background-attachment":"scroll","background-type":"","background-media":"","overlay-type":"","overlay-color":"","overlay-opacity":"","overlay-gradient":""},"tablet":{"background-color":"","background-image":"","background-repeat":"repeat","background-position":"center center","background-size":"auto","background-attachment":"scroll","background-type":"","background-media":"","overlay-type":"","overlay-color":"","overlay-opacity":"","overlay-gradient":""},"mobile":{"background-color":"","background-image":"","background-repeat":"repeat","background-position":"center center","background-size":"auto","background-attachment":"scroll","background-type":"","background-media":"","overlay-type":"","overlay-color":"","overlay-opacity":"","overlay-gradient":""}},"ast-content-background-meta":{"desktop":{"background-color":"var(--ast-global-color-5)","background-image":"","background-repeat":"repeat","background-position":"center center","background-size":"auto","background-attachment":"scroll","background-type":"","background-media":"","overlay-type":"","overlay-color":"","overlay-opacity":"","overlay-gradient":""},"tablet":{"background-color":"var(--ast-global-color-5)","background-image":"","background-repeat":"repeat","background-position":"center center","background-size":"auto","background-attachment":"scroll","background-type":"","background-media":"","overlay-type":"","overlay-color":"","overlay-opacity":"","overlay-gradient":""},"mobile":{"background-color":"var(--ast-global-color-5)","background-image":"","background-repeat":"repeat","background-position":"center center","background-size":"auto","background-attachment":"scroll","background-type":"","background-media":"","overlay-type":"","overlay-color":"","overlay-opacity":"","overlay-gradient":""}}},"product_brand":[254],"product_cat":[233,199],"product_tag":[],"class_list":{"0":"post-5453","1":"product","2":"type-product","3":"status-publish","4":"has-post-thumbnail","6":"product_brand-lpnnails","7":"product_cat-collection-jungle-chic","8":"product_cat-tous-les-produits","9":"pa_composition-acrylic-copolymer-acrylic-hydroxyester-acrylic-copolymer-diethyaminoethyl-metacrylate-perfluorohexylethyl-methacrylate-crosspolymer","10":"pa_recommandations-conserver-dans-un-endroit-frais-a-labri-de-la-lumiere-et-de-la-chaleur-tenir-hors-de-portee-des-enfants-faire-un-test-cutane-si-sensibilite-aux-uv","11":"desktop-align-left","12":"tablet-align-left","13":"mobile-align-left","15":"first","16":"instock","17":"purchasable","18":"product-type-simple"},"yoast_head":"<!-- This site is optimized with the Yoast SEO plugin v27.3 - https:\/\/yoast.com\/product\/yoast-seo-wordpress\/ -->\n<title>Quartz Ros\u00e9 - LPN Nails<\/title>\n<meta name=\"description\" content=\"Plongez au c\u0153ur d\u2019une nature luxuriante avec la collection Jungle Chic, une collection de gels semi-permanents inspir\u00e9e par les teintes riches et profondes de la jungle. Chaque couleur \u00e9voque la puissance et la beaut\u00e9 brute de la nature, du brun intense de l\u2019\u00e9corce aux nuances terreuses et nude rappelant la douceur du sable et du bois exotique.\" \/>\n<meta name=\"robots\" content=\"index, follow, max-snippet:-1, max-image-preview:large, max-video-preview:-1\" \/>\n<link rel=\"canonical\" href=\"https:\/\/www.lpnnails.fr\/en\/product\/quartz-rose\/\" \/>\n<meta property=\"og:locale\" content=\"en_US\" \/>\n<meta property=\"og:type\" content=\"article\" \/>\n<meta property=\"og:title\" content=\"Quartz Ros\u00e9 - LPN Nails\" \/>\n<meta property=\"og:description\" content=\"Plongez au c\u0153ur d\u2019une nature luxuriante avec la collection Jungle Chic, une collection de gels semi-permanents inspir\u00e9e par les teintes riches et profondes de la jungle. Chaque couleur \u00e9voque la puissance et la beaut\u00e9 brute de la nature, du brun intense de l\u2019\u00e9corce aux nuances terreuses et nude rappelant la douceur du sable et du bois exotique.\" \/>\n<meta property=\"og:url\" content=\"https:\/\/www.lpnnails.fr\/en\/product\/quartz-rose\/\" \/>\n<meta property=\"og:site_name\" content=\"LPN Nails\" \/>\n<meta property=\"article:publisher\" content=\"https:\/\/www.facebook.com\/profile.php?id=61573655313488#\" \/>\n<meta property=\"article:modified_time\" content=\"2026-02-12T10:45:50+00:00\" \/>\n<meta property=\"og:image\" content=\"https:\/\/www.lpnnails.fr\/wp-content\/uploads\/2025\/04\/products-8907b2_aae329a24e074c0abe65a041c4be470d~mv2.jpg\" \/>\n\t<meta property=\"og:image:width\" content=\"1024\" \/>\n\t<meta property=\"og:image:height\" content=\"1024\" \/>\n\t<meta property=\"og:image:type\" content=\"image\/jpeg\" \/>\n<meta name=\"twitter:card\" content=\"summary_large_image\" \/>\n<meta name=\"twitter:label1\" content=\"Est. reading time\" \/>\n\t<meta name=\"twitter:data1\" content=\"2 minutes\" \/>\n<script type=\"application\/ld+json\" class=\"yoast-schema-graph\">{\"@context\":\"https:\\\/\\\/schema.org\",\"@graph\":[{\"@type\":\"WebPage\",\"@id\":\"https:\\\/\\\/www.lpnnails.fr\\\/produit\\\/quartz-rose\\\/\",\"url\":\"https:\\\/\\\/www.lpnnails.fr\\\/produit\\\/quartz-rose\\\/\",\"name\":\"Quartz Ros\u00e9 - LPN Nails\",\"isPartOf\":{\"@id\":\"https:\\\/\\\/www.lpnnails.fr\\\/#website\"},\"primaryImageOfPage\":{\"@id\":\"https:\\\/\\\/www.lpnnails.fr\\\/produit\\\/quartz-rose\\\/#primaryimage\"},\"image\":{\"@id\":\"https:\\\/\\\/www.lpnnails.fr\\\/produit\\\/quartz-rose\\\/#primaryimage\"},\"thumbnailUrl\":\"https:\\\/\\\/www.lpnnails.fr\\\/wp-content\\\/uploads\\\/2025\\\/04\\\/products-8907b2_aae329a24e074c0abe65a041c4be470d~mv2.jpg\",\"datePublished\":\"2025-03-02T22:25:44+00:00\",\"dateModified\":\"2026-02-12T10:45:50+00:00\",\"description\":\"Plongez au c\u0153ur d\u2019une nature luxuriante avec la collection Jungle Chic, une collection de gels semi-permanents inspir\u00e9e par les teintes riches et profondes de la jungle. Chaque couleur \u00e9voque la puissance et la beaut\u00e9 brute de la nature, du brun intense de l\u2019\u00e9corce aux nuances terreuses et nude rappelant la douceur du sable et du bois exotique.\",\"breadcrumb\":{\"@id\":\"https:\\\/\\\/www.lpnnails.fr\\\/produit\\\/quartz-rose\\\/#breadcrumb\"},\"inLanguage\":\"en-US\",\"potentialAction\":[{\"@type\":\"ReadAction\",\"target\":[\"https:\\\/\\\/www.lpnnails.fr\\\/produit\\\/quartz-rose\\\/\"]}]},{\"@type\":\"ImageObject\",\"inLanguage\":\"en-US\",\"@id\":\"https:\\\/\\\/www.lpnnails.fr\\\/produit\\\/quartz-rose\\\/#primaryimage\",\"url\":\"https:\\\/\\\/www.lpnnails.fr\\\/wp-content\\\/uploads\\\/2025\\\/04\\\/products-8907b2_aae329a24e074c0abe65a041c4be470d~mv2.jpg\",\"contentUrl\":\"https:\\\/\\\/www.lpnnails.fr\\\/wp-content\\\/uploads\\\/2025\\\/04\\\/products-8907b2_aae329a24e074c0abe65a041c4be470d~mv2.jpg\",\"width\":1024,\"height\":1024,\"caption\":\"58_edited.jpg\"},{\"@type\":\"BreadcrumbList\",\"@id\":\"https:\\\/\\\/www.lpnnails.fr\\\/produit\\\/quartz-rose\\\/#breadcrumb\",\"itemListElement\":[{\"@type\":\"ListItem\",\"position\":1,\"name\":\"Accueil\",\"item\":\"https:\\\/\\\/www.lpnnails.fr\\\/\"},{\"@type\":\"ListItem\",\"position\":2,\"name\":\"Boutique\",\"item\":\"https:\\\/\\\/www.lpnnails.fr\\\/boutique\\\/\"},{\"@type\":\"ListItem\",\"position\":3,\"name\":\"Quartz Ros\u00e9\"}]},{\"@type\":\"WebSite\",\"@id\":\"https:\\\/\\\/www.lpnnails.fr\\\/#website\",\"url\":\"https:\\\/\\\/www.lpnnails.fr\\\/\",\"name\":\"LPN Nails\",\"description\":\"\",\"publisher\":{\"@id\":\"https:\\\/\\\/www.lpnnails.fr\\\/#organization\"},\"potentialAction\":[{\"@type\":\"SearchAction\",\"target\":{\"@type\":\"EntryPoint\",\"urlTemplate\":\"https:\\\/\\\/www.lpnnails.fr\\\/?s={search_term_string}\"},\"query-input\":{\"@type\":\"PropertyValueSpecification\",\"valueRequired\":true,\"valueName\":\"search_term_string\"}}],\"inLanguage\":\"en-US\"},{\"@type\":\"Organization\",\"@id\":\"https:\\\/\\\/www.lpnnails.fr\\\/#organization\",\"name\":\"LPN Nails\",\"url\":\"https:\\\/\\\/www.lpnnails.fr\\\/\",\"logo\":{\"@type\":\"ImageObject\",\"inLanguage\":\"en-US\",\"@id\":\"https:\\\/\\\/www.lpnnails.fr\\\/#\\\/schema\\\/logo\\\/image\\\/\",\"url\":\"https:\\\/\\\/www.lpnnails.fr\\\/wp-content\\\/uploads\\\/2025\\\/11\\\/Design-sans-titre-2.png\",\"contentUrl\":\"https:\\\/\\\/www.lpnnails.fr\\\/wp-content\\\/uploads\\\/2025\\\/11\\\/Design-sans-titre-2.png\",\"width\":512,\"height\":512,\"caption\":\"LPN Nails\"},\"image\":{\"@id\":\"https:\\\/\\\/www.lpnnails.fr\\\/#\\\/schema\\\/logo\\\/image\\\/\"},\"sameAs\":[\"https:\\\/\\\/www.facebook.com\\\/profile.php?id=61573655313488#\",\"https:\\\/\\\/www.instagram.com\\\/lpnnails\\\/\",\"https:\\\/\\\/www.linkedin.com\\\/company\\\/lpnnails\\\/\",\"https:\\\/\\\/www.youtube.com\\\/@LPNNails\\\/\"]}]}<\/script>\n<!-- \/ Yoast SEO plugin. -->","yoast_head_json":{"title":"Quartz Ros\u00e9 - LPN Nails","description":"Plongez au c\u0153ur d\u2019une nature luxuriante avec la collection Jungle Chic, une collection de gels semi-permanents inspir\u00e9e par les teintes riches et profondes de la jungle. Chaque couleur \u00e9voque la puissance et la beaut\u00e9 brute de la nature, du brun intense de l\u2019\u00e9corce aux nuances terreuses et nude rappelant la douceur du sable et du bois exotique.","robots":{"index":"index","follow":"follow","max-snippet":"max-snippet:-1","max-image-preview":"max-image-preview:large","max-video-preview":"max-video-preview:-1"},"canonical":"https:\/\/www.lpnnails.fr\/en\/product\/quartz-rose\/","og_locale":"en_US","og_type":"article","og_title":"Quartz Ros\u00e9 - LPN Nails","og_description":"Plongez au c\u0153ur d\u2019une nature luxuriante avec la collection Jungle Chic, une collection de gels semi-permanents inspir\u00e9e par les teintes riches et profondes de la jungle. Chaque couleur \u00e9voque la puissance et la beaut\u00e9 brute de la nature, du brun intense de l\u2019\u00e9corce aux nuances terreuses et nude rappelant la douceur du sable et du bois exotique.","og_url":"https:\/\/www.lpnnails.fr\/en\/product\/quartz-rose\/","og_site_name":"LPN Nails","article_publisher":"https:\/\/www.facebook.com\/profile.php?id=61573655313488#","article_modified_time":"2026-02-12T10:45:50+00:00","og_image":[{"width":1024,"height":1024,"url":"https:\/\/www.lpnnails.fr\/wp-content\/uploads\/2025\/04\/products-8907b2_aae329a24e074c0abe65a041c4be470d~mv2.jpg","type":"image\/jpeg"}],"twitter_card":"summary_large_image","twitter_misc":{"Est. reading time":"2 minutes"},"schema":{"@context":"https:\/\/schema.org","@graph":[{"@type":"WebPage","@id":"https:\/\/www.lpnnails.fr\/produit\/quartz-rose\/","url":"https:\/\/www.lpnnails.fr\/produit\/quartz-rose\/","name":"Quartz Ros\u00e9 - LPN Nails","isPartOf":{"@id":"https:\/\/www.lpnnails.fr\/#website"},"primaryImageOfPage":{"@id":"https:\/\/www.lpnnails.fr\/produit\/quartz-rose\/#primaryimage"},"image":{"@id":"https:\/\/www.lpnnails.fr\/produit\/quartz-rose\/#primaryimage"},"thumbnailUrl":"https:\/\/www.lpnnails.fr\/wp-content\/uploads\/2025\/04\/products-8907b2_aae329a24e074c0abe65a041c4be470d~mv2.jpg","datePublished":"2025-03-02T22:25:44+00:00","dateModified":"2026-02-12T10:45:50+00:00","description":"Plongez au c\u0153ur d\u2019une nature luxuriante avec la collection Jungle Chic, une collection de gels semi-permanents inspir\u00e9e par les teintes riches et profondes de la jungle. Chaque couleur \u00e9voque la puissance et la beaut\u00e9 brute de la nature, du brun intense de l\u2019\u00e9corce aux nuances terreuses et nude rappelant la douceur du sable et du bois exotique.","breadcrumb":{"@id":"https:\/\/www.lpnnails.fr\/produit\/quartz-rose\/#breadcrumb"},"inLanguage":"en-US","potentialAction":[{"@type":"ReadAction","target":["https:\/\/www.lpnnails.fr\/produit\/quartz-rose\/"]}]},{"@type":"ImageObject","inLanguage":"en-US","@id":"https:\/\/www.lpnnails.fr\/produit\/quartz-rose\/#primaryimage","url":"https:\/\/www.lpnnails.fr\/wp-content\/uploads\/2025\/04\/products-8907b2_aae329a24e074c0abe65a041c4be470d~mv2.jpg","contentUrl":"https:\/\/www.lpnnails.fr\/wp-content\/uploads\/2025\/04\/products-8907b2_aae329a24e074c0abe65a041c4be470d~mv2.jpg","width":1024,"height":1024,"caption":"58_edited.jpg"},{"@type":"BreadcrumbList","@id":"https:\/\/www.lpnnails.fr\/produit\/quartz-rose\/#breadcrumb","itemListElement":[{"@type":"ListItem","position":1,"name":"Accueil","item":"https:\/\/www.lpnnails.fr\/"},{"@type":"ListItem","position":2,"name":"Boutique","item":"https:\/\/www.lpnnails.fr\/boutique\/"},{"@type":"ListItem","position":3,"name":"Quartz Ros\u00e9"}]},{"@type":"WebSite","@id":"https:\/\/www.lpnnails.fr\/#website","url":"https:\/\/www.lpnnails.fr\/","name":"LPN Nails","description":"","publisher":{"@id":"https:\/\/www.lpnnails.fr\/#organization"},"potentialAction":[{"@type":"SearchAction","target":{"@type":"EntryPoint","urlTemplate":"https:\/\/www.lpnnails.fr\/?s={search_term_string}"},"query-input":{"@type":"PropertyValueSpecification","valueRequired":true,"valueName":"search_term_string"}}],"inLanguage":"en-US"},{"@type":"Organization","@id":"https:\/\/www.lpnnails.fr\/#organization","name":"LPN Nails","url":"https:\/\/www.lpnnails.fr\/","logo":{"@type":"ImageObject","inLanguage":"en-US","@id":"https:\/\/www.lpnnails.fr\/#\/schema\/logo\/image\/","url":"https:\/\/www.lpnnails.fr\/wp-content\/uploads\/2025\/11\/Design-sans-titre-2.png","contentUrl":"https:\/\/www.lpnnails.fr\/wp-content\/uploads\/2025\/11\/Design-sans-titre-2.png","width":512,"height":512,"caption":"LPN Nails"},"image":{"@id":"https:\/\/www.lpnnails.fr\/#\/schema\/logo\/image\/"},"sameAs":["https:\/\/www.facebook.com\/profile.php?id=61573655313488#","https:\/\/www.instagram.com\/lpnnails\/","https:\/\/www.linkedin.com\/company\/lpnnails\/","https:\/\/www.youtube.com\/@LPNNails\/"]}]}},"uagb_featured_image_src":{"full":["https:\/\/www.lpnnails.fr\/wp-content\/uploads\/2025\/04\/products-8907b2_aae329a24e074c0abe65a041c4be470d~mv2.jpg",1024,1024,false],"thumbnail":["https:\/\/www.lpnnails.fr\/wp-content\/uploads\/2025\/04\/products-8907b2_aae329a24e074c0abe65a041c4be470d~mv2.jpg",150,150,true],"medium":["https:\/\/www.lpnnails.fr\/wp-content\/uploads\/2025\/04\/products-8907b2_aae329a24e074c0abe65a041c4be470d~mv2.jpg",300,214,true],"medium_large":["https:\/\/www.lpnnails.fr\/wp-content\/uploads\/2025\/04\/products-8907b2_aae329a24e074c0abe65a041c4be470d~mv2.jpg",768,768,false],"large":["https:\/\/www.lpnnails.fr\/wp-content\/uploads\/2025\/04\/products-8907b2_aae329a24e074c0abe65a041c4be470d~mv2.jpg",1024,1024,false],"1536x1536":["https:\/\/www.lpnnails.fr\/wp-content\/uploads\/2025\/04\/products-8907b2_aae329a24e074c0abe65a041c4be470d~mv2.jpg",1024,1024,false],"2048x2048":["https:\/\/www.lpnnails.fr\/wp-content\/uploads\/2025\/04\/products-8907b2_aae329a24e074c0abe65a041c4be470d~mv2.jpg",1024,1024,false],"trp-custom-language-flag":["https:\/\/www.lpnnails.fr\/wp-content\/uploads\/2025\/04\/products-8907b2_aae329a24e074c0abe65a041c4be470d~mv2.jpg",12,12,false],"mailpoet_newsletter_max":["https:\/\/www.lpnnails.fr\/wp-content\/uploads\/2025\/04\/products-8907b2_aae329a24e074c0abe65a041c4be470d~mv2.jpg",1024,1024,false],"woocommerce_thumbnail":["https:\/\/www.lpnnails.fr\/wp-content\/uploads\/2025\/04\/products-8907b2_aae329a24e074c0abe65a041c4be470d~mv2.jpg",300,300,false],"woocommerce_single":["https:\/\/www.lpnnails.fr\/wp-content\/uploads\/2025\/04\/products-8907b2_aae329a24e074c0abe65a041c4be470d~mv2.jpg",600,600,false],"woocommerce_gallery_thumbnail":["https:\/\/www.lpnnails.fr\/wp-content\/uploads\/2025\/04\/products-8907b2_aae329a24e074c0abe65a041c4be470d~mv2.jpg",100,100,false],"variation_swatches_image_size":["https:\/\/www.lpnnails.fr\/wp-content\/uploads\/2025\/04\/products-8907b2_aae329a24e074c0abe65a041c4be470d~mv2.jpg",50,50,false],"variation_swatches_tooltip_size":["https:\/\/www.lpnnails.fr\/wp-content\/uploads\/2025\/04\/products-8907b2_aae329a24e074c0abe65a041c4be470d~mv2.jpg",100,100,false]},"uagb_author_info":{"display_name":"LPN Nails","author_link":"https:\/\/www.lpnnails.fr\/en\/author\/"},"uagb_comment_info":0,"uagb_excerpt":"Plongez au c\u0153ur d\u2019une nature luxuriante avec la collection Jungle Chic de LPN Nails, une collection de gels semi-permanents inspir\u00e9e [&hellip;]","_links":{"self":[{"href":"https:\/\/www.lpnnails.fr\/en\/wp-json\/wp\/v2\/product\/5453","targetHints":{"allow":["GET"]}}],"collection":[{"href":"https:\/\/www.lpnnails.fr\/en\/wp-json\/wp\/v2\/product"}],"about":[{"href":"https:\/\/www.lpnnails.fr\/en\/wp-json\/wp\/v2\/types\/product"}],"replies":[{"embeddable":true,"href":"https:\/\/www.lpnnails.fr\/en\/wp-json\/wp\/v2\/comments?post=5453"}],"wp:featuredmedia":[{"embeddable":true,"href":"https:\/\/www.lpnnails.fr\/en\/wp-json\/wp\/v2\/media\/5454"}],"wp:attachment":[{"href":"https:\/\/www.lpnnails.fr\/en\/wp-json\/wp\/v2\/media?parent=5453"}],"wp:term":[{"taxonomy":"product_brand","embeddable":true,"href":"https:\/\/www.lpnnails.fr\/en\/wp-json\/wp\/v2\/product_brand?post=5453"},{"taxonomy":"product_cat","embeddable":true,"href":"https:\/\/www.lpnnails.fr\/en\/wp-json\/wp\/v2\/product_cat?post=5453"},{"taxonomy":"product_tag","embeddable":true,"href":"https:\/\/www.lpnnails.fr\/en\/wp-json\/wp\/v2\/product_tag?post=5453"}],"curies":[{"name":"wp","href":"https:\/\/api.w.org\/{rel}","templated":true}]}}