{"id":5418,"date":"2025-02-24T15:58:03","date_gmt":"2025-02-24T14:58:03","guid":{"rendered":"https:\/\/www.lpnnails.fr\/?post_type=product&#038;p=5418"},"modified":"2026-03-28T09:58:41","modified_gmt":"2026-03-28T08:58:41","slug":"builder-gel-solid-3d","status":"publish","type":"product","link":"https:\/\/www.lpnnails.fr\/en\/product\/builder-gel-solid-3d\/","title":{"rendered":"Builder gel &#8220;Solid 3d&#8221;"},"content":{"rendered":"<p>Donnez du relief \u00e0 vos cr\u00e9ations avec le <strong>Builder Gel Solid LPN Nails<\/strong>, sp\u00e9cialement con\u00e7u pour le <strong>nail art 3D<\/strong>. Sa texture solide et mall\u00e9able permet de sculpter des motifs en relief avec pr\u00e9cision, tout en offrant une tenue exceptionnelle.<\/p>\n<p><strong>Features :<\/strong><\/p>\n<ul>\n<li><strong>Texture modelable et auto-portante<\/strong> : Id\u00e9al pour la cr\u00e9ation de fleurs, volutes et d\u00e9tails en relief.<\/li>\n<li><strong>Ne coule pas<\/strong> : Permet un travail pr\u00e9cis sans perte de mati\u00e8re.<\/li>\n<li><strong>Excellente adh\u00e9rence<\/strong> : Se fixe parfaitement sur l\u2019ongle naturel ou les extensions.<\/li>\n<li><strong>Haute r\u00e9sistance<\/strong> : Assure une tenue longue dur\u00e9e sans fissures ni d\u00e9collements.<\/li>\n<\/ul>\n<p><strong>Conseils d\u2019utilisation :<\/strong><\/p>\n<ul>\n<li><strong>Pr\u00e9levez une petite quantit\u00e9<\/strong> avec un pinceau ou une spatule.<\/li>\n<li><strong>Sculptez directement sur l\u2019ongle<\/strong> pour cr\u00e9er des d\u00e9corations en relief.<\/li>\n<li><strong>Catalysez sous lampe LED (60s) ou UV (120s)<\/strong>.<\/li>\n<li><strong>Ajoutez des d\u00e9tails<\/strong> (strass,paillettes, peinture, gel de couleur,\u00a0top coat) pour sublimer votre nail art.<\/li>\n<\/ul>","protected":false},"excerpt":{"rendered":"<p>Donnez du relief \u00e0 vos cr\u00e9ations avec le Builder Gel Solid LPN Nails, sp\u00e9cialement con\u00e7u pour le nail art 3D. [&hellip;]<\/p>\n","protected":false},"featured_media":5423,"comment_status":"open","ping_status":"closed","template":"","meta":{"_uag_custom_page_level_css":"","site-sidebar-layout":"default","site-content-layout":"","ast-site-content-layout":"default","site-content-style":"default","site-sidebar-style":"default","ast-global-header-display":"","ast-banner-title-visibility":"","ast-main-header-display":"","ast-hfb-above-header-display":"","ast-hfb-below-header-display":"","ast-hfb-mobile-header-display":"","site-post-title":"","ast-breadcrumbs-content":"","ast-featured-img":"","footer-sml-layout":"","ast-disable-related-posts":"","theme-transparent-header-meta":"default","adv-header-id-meta":"","stick-header-meta":"","header-above-stick-meta":"","header-main-stick-meta":"","header-below-stick-meta":"","astra-migrate-meta-layouts":"set","ast-page-background-enabled":"default","ast-page-background-meta":{"desktop":{"background-color":"var(--ast-global-color-4)","background-image":"","background-repeat":"repeat","background-position":"center center","background-size":"auto","background-attachment":"scroll","background-type":"","background-media":"","overlay-type":"","overlay-color":"","overlay-opacity":"","overlay-gradient":""},"tablet":{"background-color":"","background-image":"","background-repeat":"repeat","background-position":"center center","background-size":"auto","background-attachment":"scroll","background-type":"","background-media":"","overlay-type":"","overlay-color":"","overlay-opacity":"","overlay-gradient":""},"mobile":{"background-color":"","background-image":"","background-repeat":"repeat","background-position":"center center","background-size":"auto","background-attachment":"scroll","background-type":"","background-media":"","overlay-type":"","overlay-color":"","overlay-opacity":"","overlay-gradient":""}},"ast-content-background-meta":{"desktop":{"background-color":"var(--ast-global-color-5)","background-image":"","background-repeat":"repeat","background-position":"center center","background-size":"auto","background-attachment":"scroll","background-type":"","background-media":"","overlay-type":"","overlay-color":"","overlay-opacity":"","overlay-gradient":""},"tablet":{"background-color":"var(--ast-global-color-5)","background-image":"","background-repeat":"repeat","background-position":"center center","background-size":"auto","background-attachment":"scroll","background-type":"","background-media":"","overlay-type":"","overlay-color":"","overlay-opacity":"","overlay-gradient":""},"mobile":{"background-color":"var(--ast-global-color-5)","background-image":"","background-repeat":"repeat","background-position":"center center","background-size":"auto","background-attachment":"scroll","background-type":"","background-media":"","overlay-type":"","overlay-color":"","overlay-opacity":"","overlay-gradient":""}}},"product_brand":[254],"product_cat":[202,238,199],"product_tag":[],"class_list":{"0":"post-5418","1":"product","2":"type-product","3":"status-publish","4":"has-post-thumbnail","6":"product_brand-lpnnails","7":"product_cat-builder-gels-d-art","8":"product_cat-nouveau","9":"product_cat-tous-les-produits","10":"pa_composition-acrylates-carbamate-copolymer-84-5-acrylates-copolymer-10-dimethicone-2-microcrystalline-wax-2-ci-77499-0-5-ci-77891-0-5-ci-14700-0-5","11":"pa_couleur-bgs3d1clear","12":"pa_couleur-bgs3d2","13":"pa_couleur-bgs3d3","14":"pa_couleur-bgs3d4","15":"pa_recommandations-conserver-dans-un-endroit-frais-a-labri-de-la-lumiere-et-de-la-chaleur-tenir-hors-de-portee-des-enfants-faire-un-test-cutane-si-sensibilite-aux-uv","16":"desktop-align-left","17":"tablet-align-left","18":"mobile-align-left","20":"first","21":"instock","22":"purchasable","23":"product-type-variable","24":"wvs-archive-product-wrapper"},"yoast_head":"<!-- This site is optimized with the Yoast SEO plugin v27.3 - https:\/\/yoast.com\/product\/yoast-seo-wordpress\/ -->\n<title>Builder gel &quot;Solid 3d&quot; - LPN Nails<\/title>\n<meta name=\"description\" content=\"Donnez du relief \u00e0 vos cr\u00e9ations avec le Solid Gel Builder LPN Nails, sp\u00e9cialement con\u00e7u pour le nail art 3D. Sa texture solide et mall\u00e9able permet de sculpter des motifs en relief avec pr\u00e9cision, tout en offrant une tenue exceptionnelle.\" \/>\n<meta name=\"robots\" content=\"index, follow, max-snippet:-1, max-image-preview:large, max-video-preview:-1\" \/>\n<link rel=\"canonical\" href=\"https:\/\/www.lpnnails.fr\/en\/product\/builder-gel-solid-3d\/\" \/>\n<meta property=\"og:locale\" content=\"en_US\" \/>\n<meta property=\"og:type\" content=\"article\" \/>\n<meta property=\"og:title\" content=\"Builder gel &quot;Solid 3d&quot; - LPN Nails\" \/>\n<meta property=\"og:description\" content=\"Donnez du relief \u00e0 vos cr\u00e9ations avec le Solid Gel Builder LPN Nails, sp\u00e9cialement con\u00e7u pour le nail art 3D. Sa texture solide et mall\u00e9able permet de sculpter des motifs en relief avec pr\u00e9cision, tout en offrant une tenue exceptionnelle.\" \/>\n<meta property=\"og:url\" content=\"https:\/\/www.lpnnails.fr\/en\/product\/builder-gel-solid-3d\/\" \/>\n<meta property=\"og:site_name\" content=\"LPN Nails\" \/>\n<meta property=\"article:publisher\" content=\"https:\/\/www.facebook.com\/profile.php?id=61573655313488#\" \/>\n<meta property=\"article:modified_time\" content=\"2026-03-28T08:58:41+00:00\" \/>\n<meta property=\"og:image\" content=\"https:\/\/www.lpnnails.fr\/wp-content\/uploads\/2025\/04\/products-8907b2_f7b606765d1c42d8adfa0e55e2d17aef~mv2.png\" \/>\n\t<meta property=\"og:image:width\" content=\"827\" \/>\n\t<meta property=\"og:image:height\" content=\"845\" \/>\n\t<meta property=\"og:image:type\" content=\"image\/jpeg\" \/>\n<meta name=\"twitter:card\" content=\"summary_large_image\" \/>\n<meta name=\"twitter:label1\" content=\"Est. reading time\" \/>\n\t<meta name=\"twitter:data1\" content=\"1 minute\" \/>\n<script type=\"application\/ld+json\" class=\"yoast-schema-graph\">{\"@context\":\"https:\\\/\\\/schema.org\",\"@graph\":[{\"@type\":\"WebPage\",\"@id\":\"https:\\\/\\\/www.lpnnails.fr\\\/produit\\\/builder-gel-solid-3d\\\/\",\"url\":\"https:\\\/\\\/www.lpnnails.fr\\\/produit\\\/builder-gel-solid-3d\\\/\",\"name\":\"Builder gel \\\"Solid 3d\\\" - LPN Nails\",\"isPartOf\":{\"@id\":\"https:\\\/\\\/www.lpnnails.fr\\\/#website\"},\"primaryImageOfPage\":{\"@id\":\"https:\\\/\\\/www.lpnnails.fr\\\/produit\\\/builder-gel-solid-3d\\\/#primaryimage\"},\"image\":{\"@id\":\"https:\\\/\\\/www.lpnnails.fr\\\/produit\\\/builder-gel-solid-3d\\\/#primaryimage\"},\"thumbnailUrl\":\"https:\\\/\\\/www.lpnnails.fr\\\/wp-content\\\/uploads\\\/2025\\\/04\\\/products-8907b2_f7b606765d1c42d8adfa0e55e2d17aef~mv2.png\",\"datePublished\":\"2025-02-24T14:58:03+00:00\",\"dateModified\":\"2026-03-28T08:58:41+00:00\",\"description\":\"Donnez du relief \u00e0 vos cr\u00e9ations avec le Solid Gel Builder LPN Nails, sp\u00e9cialement con\u00e7u pour le nail art 3D. Sa texture solide et mall\u00e9able permet de sculpter des motifs en relief avec pr\u00e9cision, tout en offrant une tenue exceptionnelle.\",\"breadcrumb\":{\"@id\":\"https:\\\/\\\/www.lpnnails.fr\\\/produit\\\/builder-gel-solid-3d\\\/#breadcrumb\"},\"inLanguage\":\"en-US\",\"potentialAction\":[{\"@type\":\"ReadAction\",\"target\":[\"https:\\\/\\\/www.lpnnails.fr\\\/produit\\\/builder-gel-solid-3d\\\/\"]}]},{\"@type\":\"ImageObject\",\"inLanguage\":\"en-US\",\"@id\":\"https:\\\/\\\/www.lpnnails.fr\\\/produit\\\/builder-gel-solid-3d\\\/#primaryimage\",\"url\":\"https:\\\/\\\/www.lpnnails.fr\\\/wp-content\\\/uploads\\\/2025\\\/04\\\/products-8907b2_f7b606765d1c42d8adfa0e55e2d17aef~mv2.png\",\"contentUrl\":\"https:\\\/\\\/www.lpnnails.fr\\\/wp-content\\\/uploads\\\/2025\\\/04\\\/products-8907b2_f7b606765d1c42d8adfa0e55e2d17aef~mv2.png\",\"width\":827,\"height\":845,\"caption\":\"BUILDER GEL SOLID 3D 1 CLEAR\"},{\"@type\":\"BreadcrumbList\",\"@id\":\"https:\\\/\\\/www.lpnnails.fr\\\/produit\\\/builder-gel-solid-3d\\\/#breadcrumb\",\"itemListElement\":[{\"@type\":\"ListItem\",\"position\":1,\"name\":\"Accueil\",\"item\":\"https:\\\/\\\/www.lpnnails.fr\\\/\"},{\"@type\":\"ListItem\",\"position\":2,\"name\":\"Boutique\",\"item\":\"https:\\\/\\\/www.lpnnails.fr\\\/boutique\\\/\"},{\"@type\":\"ListItem\",\"position\":3,\"name\":\"Builder gel &#8220;Solid 3d&#8221;\"}]},{\"@type\":\"WebSite\",\"@id\":\"https:\\\/\\\/www.lpnnails.fr\\\/#website\",\"url\":\"https:\\\/\\\/www.lpnnails.fr\\\/\",\"name\":\"LPN Nails\",\"description\":\"\",\"publisher\":{\"@id\":\"https:\\\/\\\/www.lpnnails.fr\\\/#organization\"},\"potentialAction\":[{\"@type\":\"SearchAction\",\"target\":{\"@type\":\"EntryPoint\",\"urlTemplate\":\"https:\\\/\\\/www.lpnnails.fr\\\/?s={search_term_string}\"},\"query-input\":{\"@type\":\"PropertyValueSpecification\",\"valueRequired\":true,\"valueName\":\"search_term_string\"}}],\"inLanguage\":\"en-US\"},{\"@type\":\"Organization\",\"@id\":\"https:\\\/\\\/www.lpnnails.fr\\\/#organization\",\"name\":\"LPN Nails\",\"url\":\"https:\\\/\\\/www.lpnnails.fr\\\/\",\"logo\":{\"@type\":\"ImageObject\",\"inLanguage\":\"en-US\",\"@id\":\"https:\\\/\\\/www.lpnnails.fr\\\/#\\\/schema\\\/logo\\\/image\\\/\",\"url\":\"https:\\\/\\\/www.lpnnails.fr\\\/wp-content\\\/uploads\\\/2025\\\/11\\\/Design-sans-titre-2.png\",\"contentUrl\":\"https:\\\/\\\/www.lpnnails.fr\\\/wp-content\\\/uploads\\\/2025\\\/11\\\/Design-sans-titre-2.png\",\"width\":512,\"height\":512,\"caption\":\"LPN Nails\"},\"image\":{\"@id\":\"https:\\\/\\\/www.lpnnails.fr\\\/#\\\/schema\\\/logo\\\/image\\\/\"},\"sameAs\":[\"https:\\\/\\\/www.facebook.com\\\/profile.php?id=61573655313488#\",\"https:\\\/\\\/www.instagram.com\\\/lpnnails\\\/\",\"https:\\\/\\\/www.linkedin.com\\\/company\\\/lpnnails\\\/\",\"https:\\\/\\\/www.youtube.com\\\/@LPNNails\\\/\"]}]}<\/script>\n<!-- \/ Yoast SEO plugin. -->","yoast_head_json":{"title":"Builder gel \"Solid 3d\" - LPN Nails","description":"Donnez du relief \u00e0 vos cr\u00e9ations avec le Solid Gel Builder LPN Nails, sp\u00e9cialement con\u00e7u pour le nail art 3D. Sa texture solide et mall\u00e9able permet de sculpter des motifs en relief avec pr\u00e9cision, tout en offrant une tenue exceptionnelle.","robots":{"index":"index","follow":"follow","max-snippet":"max-snippet:-1","max-image-preview":"max-image-preview:large","max-video-preview":"max-video-preview:-1"},"canonical":"https:\/\/www.lpnnails.fr\/en\/product\/builder-gel-solid-3d\/","og_locale":"en_US","og_type":"article","og_title":"Builder gel \"Solid 3d\" - LPN Nails","og_description":"Donnez du relief \u00e0 vos cr\u00e9ations avec le Solid Gel Builder LPN Nails, sp\u00e9cialement con\u00e7u pour le nail art 3D. Sa texture solide et mall\u00e9able permet de sculpter des motifs en relief avec pr\u00e9cision, tout en offrant une tenue exceptionnelle.","og_url":"https:\/\/www.lpnnails.fr\/en\/product\/builder-gel-solid-3d\/","og_site_name":"LPN Nails","article_publisher":"https:\/\/www.facebook.com\/profile.php?id=61573655313488#","article_modified_time":"2026-03-28T08:58:41+00:00","og_image":[{"width":827,"height":845,"url":"https:\/\/www.lpnnails.fr\/wp-content\/uploads\/2025\/04\/products-8907b2_f7b606765d1c42d8adfa0e55e2d17aef~mv2.png","type":"image\/jpeg"}],"twitter_card":"summary_large_image","twitter_misc":{"Est. reading time":"1 minute"},"schema":{"@context":"https:\/\/schema.org","@graph":[{"@type":"WebPage","@id":"https:\/\/www.lpnnails.fr\/produit\/builder-gel-solid-3d\/","url":"https:\/\/www.lpnnails.fr\/produit\/builder-gel-solid-3d\/","name":"Builder gel \"Solid 3d\" - LPN Nails","isPartOf":{"@id":"https:\/\/www.lpnnails.fr\/#website"},"primaryImageOfPage":{"@id":"https:\/\/www.lpnnails.fr\/produit\/builder-gel-solid-3d\/#primaryimage"},"image":{"@id":"https:\/\/www.lpnnails.fr\/produit\/builder-gel-solid-3d\/#primaryimage"},"thumbnailUrl":"https:\/\/www.lpnnails.fr\/wp-content\/uploads\/2025\/04\/products-8907b2_f7b606765d1c42d8adfa0e55e2d17aef~mv2.png","datePublished":"2025-02-24T14:58:03+00:00","dateModified":"2026-03-28T08:58:41+00:00","description":"Donnez du relief \u00e0 vos cr\u00e9ations avec le Solid Gel Builder LPN Nails, sp\u00e9cialement con\u00e7u pour le nail art 3D. Sa texture solide et mall\u00e9able permet de sculpter des motifs en relief avec pr\u00e9cision, tout en offrant une tenue exceptionnelle.","breadcrumb":{"@id":"https:\/\/www.lpnnails.fr\/produit\/builder-gel-solid-3d\/#breadcrumb"},"inLanguage":"en-US","potentialAction":[{"@type":"ReadAction","target":["https:\/\/www.lpnnails.fr\/produit\/builder-gel-solid-3d\/"]}]},{"@type":"ImageObject","inLanguage":"en-US","@id":"https:\/\/www.lpnnails.fr\/produit\/builder-gel-solid-3d\/#primaryimage","url":"https:\/\/www.lpnnails.fr\/wp-content\/uploads\/2025\/04\/products-8907b2_f7b606765d1c42d8adfa0e55e2d17aef~mv2.png","contentUrl":"https:\/\/www.lpnnails.fr\/wp-content\/uploads\/2025\/04\/products-8907b2_f7b606765d1c42d8adfa0e55e2d17aef~mv2.png","width":827,"height":845,"caption":"BUILDER GEL SOLID 3D 1 CLEAR"},{"@type":"BreadcrumbList","@id":"https:\/\/www.lpnnails.fr\/produit\/builder-gel-solid-3d\/#breadcrumb","itemListElement":[{"@type":"ListItem","position":1,"name":"Accueil","item":"https:\/\/www.lpnnails.fr\/"},{"@type":"ListItem","position":2,"name":"Boutique","item":"https:\/\/www.lpnnails.fr\/boutique\/"},{"@type":"ListItem","position":3,"name":"Builder gel &#8220;Solid 3d&#8221;"}]},{"@type":"WebSite","@id":"https:\/\/www.lpnnails.fr\/#website","url":"https:\/\/www.lpnnails.fr\/","name":"LPN Nails","description":"","publisher":{"@id":"https:\/\/www.lpnnails.fr\/#organization"},"potentialAction":[{"@type":"SearchAction","target":{"@type":"EntryPoint","urlTemplate":"https:\/\/www.lpnnails.fr\/?s={search_term_string}"},"query-input":{"@type":"PropertyValueSpecification","valueRequired":true,"valueName":"search_term_string"}}],"inLanguage":"en-US"},{"@type":"Organization","@id":"https:\/\/www.lpnnails.fr\/#organization","name":"LPN Nails","url":"https:\/\/www.lpnnails.fr\/","logo":{"@type":"ImageObject","inLanguage":"en-US","@id":"https:\/\/www.lpnnails.fr\/#\/schema\/logo\/image\/","url":"https:\/\/www.lpnnails.fr\/wp-content\/uploads\/2025\/11\/Design-sans-titre-2.png","contentUrl":"https:\/\/www.lpnnails.fr\/wp-content\/uploads\/2025\/11\/Design-sans-titre-2.png","width":512,"height":512,"caption":"LPN Nails"},"image":{"@id":"https:\/\/www.lpnnails.fr\/#\/schema\/logo\/image\/"},"sameAs":["https:\/\/www.facebook.com\/profile.php?id=61573655313488#","https:\/\/www.instagram.com\/lpnnails\/","https:\/\/www.linkedin.com\/company\/lpnnails\/","https:\/\/www.youtube.com\/@LPNNails\/"]}]}},"uagb_featured_image_src":{"full":["https:\/\/www.lpnnails.fr\/wp-content\/uploads\/2025\/04\/products-8907b2_f7b606765d1c42d8adfa0e55e2d17aef~mv2.png",827,845,false],"thumbnail":["https:\/\/www.lpnnails.fr\/wp-content\/uploads\/2025\/04\/products-8907b2_f7b606765d1c42d8adfa0e55e2d17aef~mv2.png",150,150,true],"medium":["https:\/\/www.lpnnails.fr\/wp-content\/uploads\/2025\/04\/products-8907b2_f7b606765d1c42d8adfa0e55e2d17aef~mv2.png",300,214,true],"medium_large":["https:\/\/www.lpnnails.fr\/wp-content\/uploads\/2025\/04\/products-8907b2_f7b606765d1c42d8adfa0e55e2d17aef~mv2.png",768,785,false],"large":["https:\/\/www.lpnnails.fr\/wp-content\/uploads\/2025\/04\/products-8907b2_f7b606765d1c42d8adfa0e55e2d17aef~mv2.png",827,845,false],"1536x1536":["https:\/\/www.lpnnails.fr\/wp-content\/uploads\/2025\/04\/products-8907b2_f7b606765d1c42d8adfa0e55e2d17aef~mv2.png",827,845,false],"2048x2048":["https:\/\/www.lpnnails.fr\/wp-content\/uploads\/2025\/04\/products-8907b2_f7b606765d1c42d8adfa0e55e2d17aef~mv2.png",827,845,false],"trp-custom-language-flag":["https:\/\/www.lpnnails.fr\/wp-content\/uploads\/2025\/04\/products-8907b2_f7b606765d1c42d8adfa0e55e2d17aef~mv2.png",12,12,false],"mailpoet_newsletter_max":["https:\/\/www.lpnnails.fr\/wp-content\/uploads\/2025\/04\/products-8907b2_f7b606765d1c42d8adfa0e55e2d17aef~mv2.png",827,845,false],"woocommerce_thumbnail":["https:\/\/www.lpnnails.fr\/wp-content\/uploads\/2025\/04\/products-8907b2_f7b606765d1c42d8adfa0e55e2d17aef~mv2-300x300.png",300,300,true],"woocommerce_single":["https:\/\/www.lpnnails.fr\/wp-content\/uploads\/2025\/04\/products-8907b2_f7b606765d1c42d8adfa0e55e2d17aef~mv2.png",600,613,false],"woocommerce_gallery_thumbnail":["https:\/\/www.lpnnails.fr\/wp-content\/uploads\/2025\/04\/products-8907b2_f7b606765d1c42d8adfa0e55e2d17aef~mv2-100x100.png",100,100,true],"variation_swatches_image_size":["https:\/\/www.lpnnails.fr\/wp-content\/uploads\/2025\/04\/products-8907b2_f7b606765d1c42d8adfa0e55e2d17aef~mv2.png",50,50,false],"variation_swatches_tooltip_size":["https:\/\/www.lpnnails.fr\/wp-content\/uploads\/2025\/04\/products-8907b2_f7b606765d1c42d8adfa0e55e2d17aef~mv2.png",98,100,false]},"uagb_author_info":{"display_name":"LPN Nails","author_link":"https:\/\/www.lpnnails.fr\/en\/author\/"},"uagb_comment_info":0,"uagb_excerpt":"Donnez du relief \u00e0 vos cr\u00e9ations avec le Builder Gel Solid LPN Nails, sp\u00e9cialement con\u00e7u pour le nail art 3D. [&hellip;]","_links":{"self":[{"href":"https:\/\/www.lpnnails.fr\/en\/wp-json\/wp\/v2\/product\/5418","targetHints":{"allow":["GET"]}}],"collection":[{"href":"https:\/\/www.lpnnails.fr\/en\/wp-json\/wp\/v2\/product"}],"about":[{"href":"https:\/\/www.lpnnails.fr\/en\/wp-json\/wp\/v2\/types\/product"}],"replies":[{"embeddable":true,"href":"https:\/\/www.lpnnails.fr\/en\/wp-json\/wp\/v2\/comments?post=5418"}],"wp:featuredmedia":[{"embeddable":true,"href":"https:\/\/www.lpnnails.fr\/en\/wp-json\/wp\/v2\/media\/5423"}],"wp:attachment":[{"href":"https:\/\/www.lpnnails.fr\/en\/wp-json\/wp\/v2\/media?parent=5418"}],"wp:term":[{"taxonomy":"product_brand","embeddable":true,"href":"https:\/\/www.lpnnails.fr\/en\/wp-json\/wp\/v2\/product_brand?post=5418"},{"taxonomy":"product_cat","embeddable":true,"href":"https:\/\/www.lpnnails.fr\/en\/wp-json\/wp\/v2\/product_cat?post=5418"},{"taxonomy":"product_tag","embeddable":true,"href":"https:\/\/www.lpnnails.fr\/en\/wp-json\/wp\/v2\/product_tag?post=5418"}],"curies":[{"name":"wp","href":"https:\/\/api.w.org\/{rel}","templated":true}]}}