{"id":5137,"date":"2025-01-03T16:02:02","date_gmt":"2025-01-03T15:02:02","guid":{"rendered":"https:\/\/www.lpnnails.fr\/?post_type=product&#038;p=5137"},"modified":"2026-01-20T11:29:21","modified_gmt":"2026-01-20T10:29:21","slug":"strass-mix-xl","status":"publish","type":"product","link":"https:\/\/www.lpnnails.fr\/en\/product\/strass-mix-xl\/","title":{"rendered":"Strass mix XL"},"content":{"rendered":"<p>D\u00e9couvrez nos magnifiques <strong>bo\u00eetes de strass mix<\/strong>, une collection unique pour sublimer vos cr\u00e9ations de nail art. Chaque bo\u00eete est soigneusement organis\u00e9e en plusieurs compartiments contenant des strass de tailles et de formes vari\u00e9es, parfaits pour toutes vos envies cr\u00e9atives.<\/p>\n<p><strong>Features :<\/strong><\/p>\n<ul>\n<li><strong>Couleurs vibrantes :<\/strong> Une gamme \u00e9tincelante de teintes.<\/li>\n<li><strong>Diversit\u00e9 des formes :<\/strong> Inclut des strass\u00a0ovales, losanges et gouttes d\u2019eau pour une personnalisation totale.<\/li>\n<li><strong>Qualit\u00e9 premium :<\/strong> Strass brillants avec une excellente durabilit\u00e9 et adh\u00e9rence.<\/li>\n<li><strong>Polyvalence :<\/strong> Id\u00e9al pour les ongles naturels, les extensions ou les capsules.<\/li>\n<\/ul>\n<p><strong>Use :<\/strong><\/p>\n<ul>\n<li>Pr\u00e9parez vos ongles et appliquez une base ou une couleur de fond.<\/li>\n<li>Utilisez une de nos <strong>Rhinestone Glue<\/strong> (colle sp\u00e9cifique pour fixer les strass) \u00e0 votre design.<\/li>\n<li>Ajoutez vos strass \u00e0 l&#8217;aide de notre <strong>Pinceau Double Dotting\/Strass<\/strong>.<\/li>\n<li>Finalisez avec un top coat pour une finition durable et brillante.<\/li>\n<\/ul>\n<p>Exprimez votre style et laissez vos ongles briller avec nos collections de strass mix de <strong>haute qualit\u00e9<\/strong>. Faites de chaque design une \u0153uvre d\u2019art\u202f!<\/p>","protected":false},"excerpt":{"rendered":"<p>D\u00e9couvrez nos magnifiques bo\u00eetes de strass mix, une collection unique pour sublimer vos cr\u00e9ations de nail art. Chaque bo\u00eete est [&hellip;]<\/p>\n","protected":false},"featured_media":5138,"comment_status":"open","ping_status":"closed","template":"","meta":{"_uag_custom_page_level_css":"","site-sidebar-layout":"default","site-content-layout":"","ast-site-content-layout":"default","site-content-style":"default","site-sidebar-style":"default","ast-global-header-display":"","ast-banner-title-visibility":"","ast-main-header-display":"","ast-hfb-above-header-display":"","ast-hfb-below-header-display":"","ast-hfb-mobile-header-display":"","site-post-title":"","ast-breadcrumbs-content":"","ast-featured-img":"","footer-sml-layout":"","ast-disable-related-posts":"","theme-transparent-header-meta":"default","adv-header-id-meta":"","stick-header-meta":"","header-above-stick-meta":"","header-main-stick-meta":"","header-below-stick-meta":"","astra-migrate-meta-layouts":"set","ast-page-background-enabled":"default","ast-page-background-meta":{"desktop":{"background-color":"var(--ast-global-color-4)","background-image":"","background-repeat":"repeat","background-position":"center center","background-size":"auto","background-attachment":"scroll","background-type":"","background-media":"","overlay-type":"","overlay-color":"","overlay-opacity":"","overlay-gradient":""},"tablet":{"background-color":"","background-image":"","background-repeat":"repeat","background-position":"center center","background-size":"auto","background-attachment":"scroll","background-type":"","background-media":"","overlay-type":"","overlay-color":"","overlay-opacity":"","overlay-gradient":""},"mobile":{"background-color":"","background-image":"","background-repeat":"repeat","background-position":"center center","background-size":"auto","background-attachment":"scroll","background-type":"","background-media":"","overlay-type":"","overlay-color":"","overlay-opacity":"","overlay-gradient":""}},"ast-content-background-meta":{"desktop":{"background-color":"var(--ast-global-color-5)","background-image":"","background-repeat":"repeat","background-position":"center center","background-size":"auto","background-attachment":"scroll","background-type":"","background-media":"","overlay-type":"","overlay-color":"","overlay-opacity":"","overlay-gradient":""},"tablet":{"background-color":"var(--ast-global-color-5)","background-image":"","background-repeat":"repeat","background-position":"center center","background-size":"auto","background-attachment":"scroll","background-type":"","background-media":"","overlay-type":"","overlay-color":"","overlay-opacity":"","overlay-gradient":""},"mobile":{"background-color":"var(--ast-global-color-5)","background-image":"","background-repeat":"repeat","background-position":"center center","background-size":"auto","background-attachment":"scroll","background-type":"","background-media":"","overlay-type":"","overlay-color":"","overlay-opacity":"","overlay-gradient":""}}},"product_brand":[254],"product_cat":[238,250,199],"product_tag":[],"class_list":{"0":"post-5137","1":"product","2":"type-product","3":"status-publish","4":"has-post-thumbnail","6":"product_brand-lpnnails","7":"product_cat-nouveau","8":"product_cat-strass-et-autres","9":"product_cat-tous-les-produits","10":"pa_couleur-ab-crystal","11":"pa_couleur-champagne-gold","12":"pa_couleur-crystaline","13":"pa_couleur-emeraude","14":"pa_couleur-labradoryte","15":"pa_couleur-opal-pacific","16":"pa_couleur-opal-pink-light","17":"pa_couleur-opal-white","18":"pa_couleur-ore-gold","19":"pa_couleur-saphir","20":"desktop-align-left","21":"tablet-align-left","22":"mobile-align-left","24":"first","25":"instock","26":"purchasable","27":"product-type-variable","28":"wvs-archive-product-wrapper"},"yoast_head":"<!-- This site is optimized with the Yoast SEO plugin v27.3 - https:\/\/yoast.com\/product\/yoast-seo-wordpress\/ -->\n<title>Strass mix XL - LPN Nails<\/title>\n<meta name=\"description\" content=\"D\u00e9couvrez nos magnifiques bo\u00eetes de strass mix, une collection unique pour sublimer vos cr\u00e9ations de nail art. Chaque bo\u00eete est soigneusement organis\u00e9e en plusieurs compartiments contenant des strass de tailles et de formes vari\u00e9es, parfaits pour toutes vos envies cr\u00e9atives.\" \/>\n<meta name=\"robots\" content=\"index, follow, max-snippet:-1, max-image-preview:large, max-video-preview:-1\" \/>\n<link rel=\"canonical\" href=\"https:\/\/www.lpnnails.fr\/en\/product\/strass-mix-xl\/\" \/>\n<meta property=\"og:locale\" content=\"en_US\" \/>\n<meta property=\"og:type\" content=\"article\" \/>\n<meta property=\"og:title\" content=\"Strass mix XL - LPN Nails\" \/>\n<meta property=\"og:description\" content=\"D\u00e9couvrez nos magnifiques bo\u00eetes de strass mix, une collection unique pour sublimer vos cr\u00e9ations de nail art. Chaque bo\u00eete est soigneusement organis\u00e9e en plusieurs compartiments contenant des strass de tailles et de formes vari\u00e9es, parfaits pour toutes vos envies cr\u00e9atives.\" \/>\n<meta property=\"og:url\" content=\"https:\/\/www.lpnnails.fr\/en\/product\/strass-mix-xl\/\" \/>\n<meta property=\"og:site_name\" content=\"LPN Nails\" \/>\n<meta property=\"article:publisher\" content=\"https:\/\/www.facebook.com\/profile.php?id=61573655313488#\" \/>\n<meta property=\"article:modified_time\" content=\"2026-01-20T10:29:21+00:00\" \/>\n<meta property=\"og:image\" content=\"https:\/\/www.lpnnails.fr\/wp-content\/uploads\/2025\/04\/products-8907b2_044670e940074f71bd341cced9b68e05~mv2.png\" \/>\n\t<meta property=\"og:image:width\" content=\"1000\" \/>\n\t<meta property=\"og:image:height\" content=\"1000\" \/>\n\t<meta property=\"og:image:type\" content=\"image\/jpeg\" \/>\n<meta name=\"twitter:card\" content=\"summary_large_image\" \/>\n<meta name=\"twitter:label1\" content=\"Est. reading time\" \/>\n\t<meta name=\"twitter:data1\" content=\"2 minutes\" \/>\n<script type=\"application\/ld+json\" class=\"yoast-schema-graph\">{\"@context\":\"https:\\\/\\\/schema.org\",\"@graph\":[{\"@type\":\"WebPage\",\"@id\":\"https:\\\/\\\/www.lpnnails.fr\\\/produit\\\/strass-mix-xl\\\/\",\"url\":\"https:\\\/\\\/www.lpnnails.fr\\\/produit\\\/strass-mix-xl\\\/\",\"name\":\"Strass mix XL - LPN Nails\",\"isPartOf\":{\"@id\":\"https:\\\/\\\/www.lpnnails.fr\\\/#website\"},\"primaryImageOfPage\":{\"@id\":\"https:\\\/\\\/www.lpnnails.fr\\\/produit\\\/strass-mix-xl\\\/#primaryimage\"},\"image\":{\"@id\":\"https:\\\/\\\/www.lpnnails.fr\\\/produit\\\/strass-mix-xl\\\/#primaryimage\"},\"thumbnailUrl\":\"https:\\\/\\\/www.lpnnails.fr\\\/wp-content\\\/uploads\\\/2025\\\/04\\\/products-8907b2_044670e940074f71bd341cced9b68e05~mv2.png\",\"datePublished\":\"2025-01-03T15:02:02+00:00\",\"dateModified\":\"2026-01-20T10:29:21+00:00\",\"description\":\"D\u00e9couvrez nos magnifiques bo\u00eetes de strass mix, une collection unique pour sublimer vos cr\u00e9ations de nail art. Chaque bo\u00eete est soigneusement organis\u00e9e en plusieurs compartiments contenant des strass de tailles et de formes vari\u00e9es, parfaits pour toutes vos envies cr\u00e9atives.\",\"breadcrumb\":{\"@id\":\"https:\\\/\\\/www.lpnnails.fr\\\/produit\\\/strass-mix-xl\\\/#breadcrumb\"},\"inLanguage\":\"en-US\",\"potentialAction\":[{\"@type\":\"ReadAction\",\"target\":[\"https:\\\/\\\/www.lpnnails.fr\\\/produit\\\/strass-mix-xl\\\/\"]}]},{\"@type\":\"ImageObject\",\"inLanguage\":\"en-US\",\"@id\":\"https:\\\/\\\/www.lpnnails.fr\\\/produit\\\/strass-mix-xl\\\/#primaryimage\",\"url\":\"https:\\\/\\\/www.lpnnails.fr\\\/wp-content\\\/uploads\\\/2025\\\/04\\\/products-8907b2_044670e940074f71bd341cced9b68e05~mv2.png\",\"contentUrl\":\"https:\\\/\\\/www.lpnnails.fr\\\/wp-content\\\/uploads\\\/2025\\\/04\\\/products-8907b2_044670e940074f71bd341cced9b68e05~mv2.png\",\"width\":1000,\"height\":1000,\"caption\":\"STRASS MIX XL OPAL PINK LIGHT\"},{\"@type\":\"BreadcrumbList\",\"@id\":\"https:\\\/\\\/www.lpnnails.fr\\\/produit\\\/strass-mix-xl\\\/#breadcrumb\",\"itemListElement\":[{\"@type\":\"ListItem\",\"position\":1,\"name\":\"Accueil\",\"item\":\"https:\\\/\\\/www.lpnnails.fr\\\/\"},{\"@type\":\"ListItem\",\"position\":2,\"name\":\"Boutique\",\"item\":\"https:\\\/\\\/www.lpnnails.fr\\\/boutique\\\/\"},{\"@type\":\"ListItem\",\"position\":3,\"name\":\"Strass mix XL\"}]},{\"@type\":\"WebSite\",\"@id\":\"https:\\\/\\\/www.lpnnails.fr\\\/#website\",\"url\":\"https:\\\/\\\/www.lpnnails.fr\\\/\",\"name\":\"LPN Nails\",\"description\":\"\",\"publisher\":{\"@id\":\"https:\\\/\\\/www.lpnnails.fr\\\/#organization\"},\"potentialAction\":[{\"@type\":\"SearchAction\",\"target\":{\"@type\":\"EntryPoint\",\"urlTemplate\":\"https:\\\/\\\/www.lpnnails.fr\\\/?s={search_term_string}\"},\"query-input\":{\"@type\":\"PropertyValueSpecification\",\"valueRequired\":true,\"valueName\":\"search_term_string\"}}],\"inLanguage\":\"en-US\"},{\"@type\":\"Organization\",\"@id\":\"https:\\\/\\\/www.lpnnails.fr\\\/#organization\",\"name\":\"LPN Nails\",\"url\":\"https:\\\/\\\/www.lpnnails.fr\\\/\",\"logo\":{\"@type\":\"ImageObject\",\"inLanguage\":\"en-US\",\"@id\":\"https:\\\/\\\/www.lpnnails.fr\\\/#\\\/schema\\\/logo\\\/image\\\/\",\"url\":\"https:\\\/\\\/www.lpnnails.fr\\\/wp-content\\\/uploads\\\/2025\\\/11\\\/Design-sans-titre-2.png\",\"contentUrl\":\"https:\\\/\\\/www.lpnnails.fr\\\/wp-content\\\/uploads\\\/2025\\\/11\\\/Design-sans-titre-2.png\",\"width\":512,\"height\":512,\"caption\":\"LPN Nails\"},\"image\":{\"@id\":\"https:\\\/\\\/www.lpnnails.fr\\\/#\\\/schema\\\/logo\\\/image\\\/\"},\"sameAs\":[\"https:\\\/\\\/www.facebook.com\\\/profile.php?id=61573655313488#\",\"https:\\\/\\\/www.instagram.com\\\/lpnnails\\\/\",\"https:\\\/\\\/www.linkedin.com\\\/company\\\/lpnnails\\\/\",\"https:\\\/\\\/www.youtube.com\\\/@LPNNails\\\/\"]}]}<\/script>\n<!-- \/ Yoast SEO plugin. -->","yoast_head_json":{"title":"Strass mix XL - LPN Nails","description":"D\u00e9couvrez nos magnifiques bo\u00eetes de strass mix, une collection unique pour sublimer vos cr\u00e9ations de nail art. Chaque bo\u00eete est soigneusement organis\u00e9e en plusieurs compartiments contenant des strass de tailles et de formes vari\u00e9es, parfaits pour toutes vos envies cr\u00e9atives.","robots":{"index":"index","follow":"follow","max-snippet":"max-snippet:-1","max-image-preview":"max-image-preview:large","max-video-preview":"max-video-preview:-1"},"canonical":"https:\/\/www.lpnnails.fr\/en\/product\/strass-mix-xl\/","og_locale":"en_US","og_type":"article","og_title":"Strass mix XL - LPN Nails","og_description":"D\u00e9couvrez nos magnifiques bo\u00eetes de strass mix, une collection unique pour sublimer vos cr\u00e9ations de nail art. Chaque bo\u00eete est soigneusement organis\u00e9e en plusieurs compartiments contenant des strass de tailles et de formes vari\u00e9es, parfaits pour toutes vos envies cr\u00e9atives.","og_url":"https:\/\/www.lpnnails.fr\/en\/product\/strass-mix-xl\/","og_site_name":"LPN Nails","article_publisher":"https:\/\/www.facebook.com\/profile.php?id=61573655313488#","article_modified_time":"2026-01-20T10:29:21+00:00","og_image":[{"width":1000,"height":1000,"url":"https:\/\/www.lpnnails.fr\/wp-content\/uploads\/2025\/04\/products-8907b2_044670e940074f71bd341cced9b68e05~mv2.png","type":"image\/jpeg"}],"twitter_card":"summary_large_image","twitter_misc":{"Est. reading time":"2 minutes"},"schema":{"@context":"https:\/\/schema.org","@graph":[{"@type":"WebPage","@id":"https:\/\/www.lpnnails.fr\/produit\/strass-mix-xl\/","url":"https:\/\/www.lpnnails.fr\/produit\/strass-mix-xl\/","name":"Strass mix XL - LPN Nails","isPartOf":{"@id":"https:\/\/www.lpnnails.fr\/#website"},"primaryImageOfPage":{"@id":"https:\/\/www.lpnnails.fr\/produit\/strass-mix-xl\/#primaryimage"},"image":{"@id":"https:\/\/www.lpnnails.fr\/produit\/strass-mix-xl\/#primaryimage"},"thumbnailUrl":"https:\/\/www.lpnnails.fr\/wp-content\/uploads\/2025\/04\/products-8907b2_044670e940074f71bd341cced9b68e05~mv2.png","datePublished":"2025-01-03T15:02:02+00:00","dateModified":"2026-01-20T10:29:21+00:00","description":"D\u00e9couvrez nos magnifiques bo\u00eetes de strass mix, une collection unique pour sublimer vos cr\u00e9ations de nail art. Chaque bo\u00eete est soigneusement organis\u00e9e en plusieurs compartiments contenant des strass de tailles et de formes vari\u00e9es, parfaits pour toutes vos envies cr\u00e9atives.","breadcrumb":{"@id":"https:\/\/www.lpnnails.fr\/produit\/strass-mix-xl\/#breadcrumb"},"inLanguage":"en-US","potentialAction":[{"@type":"ReadAction","target":["https:\/\/www.lpnnails.fr\/produit\/strass-mix-xl\/"]}]},{"@type":"ImageObject","inLanguage":"en-US","@id":"https:\/\/www.lpnnails.fr\/produit\/strass-mix-xl\/#primaryimage","url":"https:\/\/www.lpnnails.fr\/wp-content\/uploads\/2025\/04\/products-8907b2_044670e940074f71bd341cced9b68e05~mv2.png","contentUrl":"https:\/\/www.lpnnails.fr\/wp-content\/uploads\/2025\/04\/products-8907b2_044670e940074f71bd341cced9b68e05~mv2.png","width":1000,"height":1000,"caption":"STRASS MIX XL OPAL PINK LIGHT"},{"@type":"BreadcrumbList","@id":"https:\/\/www.lpnnails.fr\/produit\/strass-mix-xl\/#breadcrumb","itemListElement":[{"@type":"ListItem","position":1,"name":"Accueil","item":"https:\/\/www.lpnnails.fr\/"},{"@type":"ListItem","position":2,"name":"Boutique","item":"https:\/\/www.lpnnails.fr\/boutique\/"},{"@type":"ListItem","position":3,"name":"Strass mix XL"}]},{"@type":"WebSite","@id":"https:\/\/www.lpnnails.fr\/#website","url":"https:\/\/www.lpnnails.fr\/","name":"LPN Nails","description":"","publisher":{"@id":"https:\/\/www.lpnnails.fr\/#organization"},"potentialAction":[{"@type":"SearchAction","target":{"@type":"EntryPoint","urlTemplate":"https:\/\/www.lpnnails.fr\/?s={search_term_string}"},"query-input":{"@type":"PropertyValueSpecification","valueRequired":true,"valueName":"search_term_string"}}],"inLanguage":"en-US"},{"@type":"Organization","@id":"https:\/\/www.lpnnails.fr\/#organization","name":"LPN Nails","url":"https:\/\/www.lpnnails.fr\/","logo":{"@type":"ImageObject","inLanguage":"en-US","@id":"https:\/\/www.lpnnails.fr\/#\/schema\/logo\/image\/","url":"https:\/\/www.lpnnails.fr\/wp-content\/uploads\/2025\/11\/Design-sans-titre-2.png","contentUrl":"https:\/\/www.lpnnails.fr\/wp-content\/uploads\/2025\/11\/Design-sans-titre-2.png","width":512,"height":512,"caption":"LPN Nails"},"image":{"@id":"https:\/\/www.lpnnails.fr\/#\/schema\/logo\/image\/"},"sameAs":["https:\/\/www.facebook.com\/profile.php?id=61573655313488#","https:\/\/www.instagram.com\/lpnnails\/","https:\/\/www.linkedin.com\/company\/lpnnails\/","https:\/\/www.youtube.com\/@LPNNails\/"]}]}},"uagb_featured_image_src":{"full":["https:\/\/www.lpnnails.fr\/wp-content\/uploads\/2025\/04\/products-8907b2_044670e940074f71bd341cced9b68e05~mv2.png",1000,1000,false],"thumbnail":["https:\/\/www.lpnnails.fr\/wp-content\/uploads\/2025\/04\/products-8907b2_044670e940074f71bd341cced9b68e05~mv2.png",150,150,true],"medium":["https:\/\/www.lpnnails.fr\/wp-content\/uploads\/2025\/04\/products-8907b2_044670e940074f71bd341cced9b68e05~mv2.png",300,214,true],"medium_large":["https:\/\/www.lpnnails.fr\/wp-content\/uploads\/2025\/04\/products-8907b2_044670e940074f71bd341cced9b68e05~mv2.png",768,768,false],"large":["https:\/\/www.lpnnails.fr\/wp-content\/uploads\/2025\/04\/products-8907b2_044670e940074f71bd341cced9b68e05~mv2.png",1000,1000,false],"1536x1536":["https:\/\/www.lpnnails.fr\/wp-content\/uploads\/2025\/04\/products-8907b2_044670e940074f71bd341cced9b68e05~mv2.png",1000,1000,false],"2048x2048":["https:\/\/www.lpnnails.fr\/wp-content\/uploads\/2025\/04\/products-8907b2_044670e940074f71bd341cced9b68e05~mv2.png",1000,1000,false],"trp-custom-language-flag":["https:\/\/www.lpnnails.fr\/wp-content\/uploads\/2025\/04\/products-8907b2_044670e940074f71bd341cced9b68e05~mv2.png",12,12,false],"mailpoet_newsletter_max":["https:\/\/www.lpnnails.fr\/wp-content\/uploads\/2025\/04\/products-8907b2_044670e940074f71bd341cced9b68e05~mv2.png",1000,1000,false],"woocommerce_thumbnail":["https:\/\/www.lpnnails.fr\/wp-content\/uploads\/2025\/04\/products-8907b2_044670e940074f71bd341cced9b68e05~mv2.png",300,300,false],"woocommerce_single":["https:\/\/www.lpnnails.fr\/wp-content\/uploads\/2025\/04\/products-8907b2_044670e940074f71bd341cced9b68e05~mv2.png",600,600,false],"woocommerce_gallery_thumbnail":["https:\/\/www.lpnnails.fr\/wp-content\/uploads\/2025\/04\/products-8907b2_044670e940074f71bd341cced9b68e05~mv2.png",100,100,false],"variation_swatches_image_size":["https:\/\/www.lpnnails.fr\/wp-content\/uploads\/2025\/04\/products-8907b2_044670e940074f71bd341cced9b68e05~mv2.png",50,50,false],"variation_swatches_tooltip_size":["https:\/\/www.lpnnails.fr\/wp-content\/uploads\/2025\/04\/products-8907b2_044670e940074f71bd341cced9b68e05~mv2.png",100,100,false]},"uagb_author_info":{"display_name":"LPN Nails","author_link":"https:\/\/www.lpnnails.fr\/en\/author\/"},"uagb_comment_info":0,"uagb_excerpt":"D\u00e9couvrez nos magnifiques bo\u00eetes de strass mix, une collection unique pour sublimer vos cr\u00e9ations de nail art. Chaque bo\u00eete est [&hellip;]","_links":{"self":[{"href":"https:\/\/www.lpnnails.fr\/en\/wp-json\/wp\/v2\/product\/5137","targetHints":{"allow":["GET"]}}],"collection":[{"href":"https:\/\/www.lpnnails.fr\/en\/wp-json\/wp\/v2\/product"}],"about":[{"href":"https:\/\/www.lpnnails.fr\/en\/wp-json\/wp\/v2\/types\/product"}],"replies":[{"embeddable":true,"href":"https:\/\/www.lpnnails.fr\/en\/wp-json\/wp\/v2\/comments?post=5137"}],"wp:featuredmedia":[{"embeddable":true,"href":"https:\/\/www.lpnnails.fr\/en\/wp-json\/wp\/v2\/media\/5138"}],"wp:attachment":[{"href":"https:\/\/www.lpnnails.fr\/en\/wp-json\/wp\/v2\/media?parent=5137"}],"wp:term":[{"taxonomy":"product_brand","embeddable":true,"href":"https:\/\/www.lpnnails.fr\/en\/wp-json\/wp\/v2\/product_brand?post=5137"},{"taxonomy":"product_cat","embeddable":true,"href":"https:\/\/www.lpnnails.fr\/en\/wp-json\/wp\/v2\/product_cat?post=5137"},{"taxonomy":"product_tag","embeddable":true,"href":"https:\/\/www.lpnnails.fr\/en\/wp-json\/wp\/v2\/product_tag?post=5137"}],"curies":[{"name":"wp","href":"https:\/\/api.w.org\/{rel}","templated":true}]}}