{"id":5107,"date":"2024-12-31T14:36:18","date_gmt":"2024-12-31T13:36:18","guid":{"rendered":"https:\/\/www.lpnnails.fr\/?post_type=product&#038;p=5107"},"modified":"2026-01-22T09:35:24","modified_gmt":"2026-01-22T08:35:24","slug":"strass-mix-champagne-gold","status":"publish","type":"product","link":"https:\/\/www.lpnnails.fr\/en\/product\/strass-mix-champagne-gold\/","title":{"rendered":"Strass mix L"},"content":{"rendered":"<p>Ajoutez une touche d&#8217;\u00e9l\u00e9gance et de brillance \u00e0 vos ongles avec notre <strong>Strass Mix L<\/strong>. Chaque pack contient un assortiment harmonieux de tailles et de nuances pour des designs de nail art uniques et sophistiqu\u00e9s. Disponible en plusieurs coloris, ces strass s&#8217;adaptent \u00e0 tous les styles et envies.<\/p>\n<p><strong>Features :<\/strong><\/p>\n<ul>\n<li><strong>Palette vari\u00e9e<\/strong> : Plusieurs couleurs \u00e9l\u00e9gantes.<\/li>\n<li><strong>Diff\u00e9rentes tailles<\/strong> : Id\u00e9al pour cr\u00e9er des motifs complexes ou ajouter un accent subtil.<\/li>\n<li><strong>Brillance \u00e9clatante<\/strong> : Un effet lumineux qui attire tous les regards.<\/li>\n<li><strong>Facile \u00e0 utiliser<\/strong> : Convient pour le nail art professionnel et \u00e0 domicile.<\/li>\n<li><strong>Compatible<\/strong> : Utilisable avec tous les types de colles et gels pour une tenue longue dur\u00e9e.<\/li>\n<\/ul>\n<p><strong>Conseils d&#8217;utilisation :<\/strong><\/p>\n<ul>\n<li>Pr\u00e9parez vos ongles et appliquez la base de votre choix.<\/li>\n<li>Placez d\u00e9licatement les strass \u00e0 l&#8217;aide de notre <strong>pinceau double dotting\/strass<\/strong>.<\/li>\n<li>Fixez avec une de nos colles \u00e0 strass.<\/li>\n<li>Scellez avec un top coat pour une tenue optimale.<\/li>\n<\/ul>\n<p>Laissez libre cours \u00e0 votre cr\u00e9ativit\u00e9 et transformez vos ongles en v\u00e9ritables \u0153uvres d&#8217;art avec notre Strass Mix !<\/p>","protected":false},"excerpt":{"rendered":"<p>Ajoutez une touche d&#8217;\u00e9l\u00e9gance et de brillance \u00e0 vos ongles avec notre Strass Mix L. Chaque pack contient un assortiment [&hellip;]<\/p>\n","protected":false},"featured_media":5108,"comment_status":"open","ping_status":"closed","template":"","meta":{"_uag_custom_page_level_css":"","site-sidebar-layout":"default","site-content-layout":"","ast-site-content-layout":"default","site-content-style":"default","site-sidebar-style":"default","ast-global-header-display":"","ast-banner-title-visibility":"","ast-main-header-display":"","ast-hfb-above-header-display":"","ast-hfb-below-header-display":"","ast-hfb-mobile-header-display":"","site-post-title":"","ast-breadcrumbs-content":"","ast-featured-img":"","footer-sml-layout":"","ast-disable-related-posts":"","theme-transparent-header-meta":"default","adv-header-id-meta":"","stick-header-meta":"","header-above-stick-meta":"","header-main-stick-meta":"","header-below-stick-meta":"","astra-migrate-meta-layouts":"set","ast-page-background-enabled":"default","ast-page-background-meta":{"desktop":{"background-color":"var(--ast-global-color-4)","background-image":"","background-repeat":"repeat","background-position":"center center","background-size":"auto","background-attachment":"scroll","background-type":"","background-media":"","overlay-type":"","overlay-color":"","overlay-opacity":"","overlay-gradient":""},"tablet":{"background-color":"","background-image":"","background-repeat":"repeat","background-position":"center center","background-size":"auto","background-attachment":"scroll","background-type":"","background-media":"","overlay-type":"","overlay-color":"","overlay-opacity":"","overlay-gradient":""},"mobile":{"background-color":"","background-image":"","background-repeat":"repeat","background-position":"center center","background-size":"auto","background-attachment":"scroll","background-type":"","background-media":"","overlay-type":"","overlay-color":"","overlay-opacity":"","overlay-gradient":""}},"ast-content-background-meta":{"desktop":{"background-color":"var(--ast-global-color-5)","background-image":"","background-repeat":"repeat","background-position":"center center","background-size":"auto","background-attachment":"scroll","background-type":"","background-media":"","overlay-type":"","overlay-color":"","overlay-opacity":"","overlay-gradient":""},"tablet":{"background-color":"var(--ast-global-color-5)","background-image":"","background-repeat":"repeat","background-position":"center center","background-size":"auto","background-attachment":"scroll","background-type":"","background-media":"","overlay-type":"","overlay-color":"","overlay-opacity":"","overlay-gradient":""},"mobile":{"background-color":"var(--ast-global-color-5)","background-image":"","background-repeat":"repeat","background-position":"center center","background-size":"auto","background-attachment":"scroll","background-type":"","background-media":"","overlay-type":"","overlay-color":"","overlay-opacity":"","overlay-gradient":""}}},"product_brand":[254],"product_cat":[250,199],"product_tag":[],"class_list":{"0":"post-5107","1":"product","2":"type-product","3":"status-publish","4":"has-post-thumbnail","6":"product_brand-lpnnails","7":"product_cat-strass-et-autres","8":"product_cat-tous-les-produits","9":"pa_couleur-ab-crystal","10":"pa_couleur-amethyst","11":"pa_couleur-amethyst-light","12":"pa_couleur-champagne-gold","13":"pa_couleur-crystaline","14":"pa_couleur-emeraude","15":"pa_couleur-gold-magic","16":"pa_couleur-hematite-jet","17":"pa_couleur-labradoryte","18":"pa_couleur-onyx-jet","19":"pa_couleur-opal-blue","20":"pa_couleur-opal-pacific","21":"pa_couleur-opal-pink-light","22":"pa_couleur-opal-white","23":"pa_couleur-ore-gold","24":"pa_couleur-peach-light","25":"pa_couleur-pink-gold","26":"pa_couleur-pink-light","27":"pa_couleur-ruby-siam","28":"pa_couleur-saphir","29":"pa_couleur-saphir-light","30":"pa_couleur-topaz-colorado-light","31":"pa_couleur-topaz-smoked","32":"desktop-align-left","33":"tablet-align-left","34":"mobile-align-left","36":"first","37":"instock","38":"purchasable","39":"product-type-variable","40":"wvs-archive-product-wrapper"},"yoast_head":"<!-- This site is optimized with the Yoast SEO plugin v27.3 - https:\/\/yoast.com\/product\/yoast-seo-wordpress\/ -->\n<title>Strass mix L - LPN Nails<\/title>\n<meta name=\"description\" content=\"Ajoutez une touche d&#039;\u00e9l\u00e9gance et de brillance \u00e0 vos ongles avec notre Strass Mix. Chaque pack contient un assortiment harmonieux de tailles et de nuances pour des designs de nail art uniques et sophistiqu\u00e9s. Disponible en plusieurs coloris, ces strass s&#039;adaptent \u00e0 tous les styles et envies.\" \/>\n<meta name=\"robots\" content=\"index, follow, max-snippet:-1, max-image-preview:large, max-video-preview:-1\" \/>\n<link rel=\"canonical\" href=\"https:\/\/www.lpnnails.fr\/en\/product\/strass-mix-champagne-gold\/\" \/>\n<meta property=\"og:locale\" content=\"en_US\" \/>\n<meta property=\"og:type\" content=\"article\" \/>\n<meta property=\"og:title\" content=\"Strass mix L - LPN Nails\" \/>\n<meta property=\"og:description\" content=\"Ajoutez une touche d&#039;\u00e9l\u00e9gance et de brillance \u00e0 vos ongles avec notre Strass Mix. Chaque pack contient un assortiment harmonieux de tailles et de nuances pour des designs de nail art uniques et sophistiqu\u00e9s. Disponible en plusieurs coloris, ces strass s&#039;adaptent \u00e0 tous les styles et envies.\" \/>\n<meta property=\"og:url\" content=\"https:\/\/www.lpnnails.fr\/en\/product\/strass-mix-champagne-gold\/\" \/>\n<meta property=\"og:site_name\" content=\"LPN Nails\" \/>\n<meta property=\"article:publisher\" content=\"https:\/\/www.facebook.com\/profile.php?id=61573655313488#\" \/>\n<meta property=\"article:modified_time\" content=\"2026-01-22T08:35:24+00:00\" \/>\n<meta property=\"og:image\" content=\"https:\/\/www.lpnnails.fr\/wp-content\/uploads\/2025\/04\/products-8907b2_d1e189b1038c42438d3d6f0f2a46f9fe~mv2.png\" \/>\n\t<meta property=\"og:image:width\" content=\"1000\" \/>\n\t<meta property=\"og:image:height\" content=\"1000\" \/>\n\t<meta property=\"og:image:type\" content=\"image\/jpeg\" \/>\n<meta name=\"twitter:card\" content=\"summary_large_image\" \/>\n<meta name=\"twitter:label1\" content=\"Est. reading time\" \/>\n\t<meta name=\"twitter:data1\" content=\"2 minutes\" \/>\n<script type=\"application\/ld+json\" class=\"yoast-schema-graph\">{\"@context\":\"https:\\\/\\\/schema.org\",\"@graph\":[{\"@type\":\"WebPage\",\"@id\":\"https:\\\/\\\/www.lpnnails.fr\\\/produit\\\/strass-mix-champagne-gold\\\/\",\"url\":\"https:\\\/\\\/www.lpnnails.fr\\\/produit\\\/strass-mix-champagne-gold\\\/\",\"name\":\"Strass mix L - LPN Nails\",\"isPartOf\":{\"@id\":\"https:\\\/\\\/www.lpnnails.fr\\\/#website\"},\"primaryImageOfPage\":{\"@id\":\"https:\\\/\\\/www.lpnnails.fr\\\/produit\\\/strass-mix-champagne-gold\\\/#primaryimage\"},\"image\":{\"@id\":\"https:\\\/\\\/www.lpnnails.fr\\\/produit\\\/strass-mix-champagne-gold\\\/#primaryimage\"},\"thumbnailUrl\":\"https:\\\/\\\/www.lpnnails.fr\\\/wp-content\\\/uploads\\\/2025\\\/04\\\/products-8907b2_d1e189b1038c42438d3d6f0f2a46f9fe~mv2.png\",\"datePublished\":\"2024-12-31T13:36:18+00:00\",\"dateModified\":\"2026-01-22T08:35:24+00:00\",\"description\":\"Ajoutez une touche d'\u00e9l\u00e9gance et de brillance \u00e0 vos ongles avec notre Strass Mix. Chaque pack contient un assortiment harmonieux de tailles et de nuances pour des designs de nail art uniques et sophistiqu\u00e9s. Disponible en plusieurs coloris, ces strass s'adaptent \u00e0 tous les styles et envies.\",\"breadcrumb\":{\"@id\":\"https:\\\/\\\/www.lpnnails.fr\\\/produit\\\/strass-mix-champagne-gold\\\/#breadcrumb\"},\"inLanguage\":\"en-US\",\"potentialAction\":[{\"@type\":\"ReadAction\",\"target\":[\"https:\\\/\\\/www.lpnnails.fr\\\/produit\\\/strass-mix-champagne-gold\\\/\"]}]},{\"@type\":\"ImageObject\",\"inLanguage\":\"en-US\",\"@id\":\"https:\\\/\\\/www.lpnnails.fr\\\/produit\\\/strass-mix-champagne-gold\\\/#primaryimage\",\"url\":\"https:\\\/\\\/www.lpnnails.fr\\\/wp-content\\\/uploads\\\/2025\\\/04\\\/products-8907b2_d1e189b1038c42438d3d6f0f2a46f9fe~mv2.png\",\"contentUrl\":\"https:\\\/\\\/www.lpnnails.fr\\\/wp-content\\\/uploads\\\/2025\\\/04\\\/products-8907b2_d1e189b1038c42438d3d6f0f2a46f9fe~mv2.png\",\"width\":1000,\"height\":1000,\"caption\":\"STRASS MIX L CHAMPAGNE GOLD\"},{\"@type\":\"BreadcrumbList\",\"@id\":\"https:\\\/\\\/www.lpnnails.fr\\\/produit\\\/strass-mix-champagne-gold\\\/#breadcrumb\",\"itemListElement\":[{\"@type\":\"ListItem\",\"position\":1,\"name\":\"Accueil\",\"item\":\"https:\\\/\\\/www.lpnnails.fr\\\/\"},{\"@type\":\"ListItem\",\"position\":2,\"name\":\"Boutique\",\"item\":\"https:\\\/\\\/www.lpnnails.fr\\\/boutique\\\/\"},{\"@type\":\"ListItem\",\"position\":3,\"name\":\"Strass mix L\"}]},{\"@type\":\"WebSite\",\"@id\":\"https:\\\/\\\/www.lpnnails.fr\\\/#website\",\"url\":\"https:\\\/\\\/www.lpnnails.fr\\\/\",\"name\":\"LPN Nails\",\"description\":\"\",\"publisher\":{\"@id\":\"https:\\\/\\\/www.lpnnails.fr\\\/#organization\"},\"potentialAction\":[{\"@type\":\"SearchAction\",\"target\":{\"@type\":\"EntryPoint\",\"urlTemplate\":\"https:\\\/\\\/www.lpnnails.fr\\\/?s={search_term_string}\"},\"query-input\":{\"@type\":\"PropertyValueSpecification\",\"valueRequired\":true,\"valueName\":\"search_term_string\"}}],\"inLanguage\":\"en-US\"},{\"@type\":\"Organization\",\"@id\":\"https:\\\/\\\/www.lpnnails.fr\\\/#organization\",\"name\":\"LPN Nails\",\"url\":\"https:\\\/\\\/www.lpnnails.fr\\\/\",\"logo\":{\"@type\":\"ImageObject\",\"inLanguage\":\"en-US\",\"@id\":\"https:\\\/\\\/www.lpnnails.fr\\\/#\\\/schema\\\/logo\\\/image\\\/\",\"url\":\"https:\\\/\\\/www.lpnnails.fr\\\/wp-content\\\/uploads\\\/2025\\\/11\\\/Design-sans-titre-2.png\",\"contentUrl\":\"https:\\\/\\\/www.lpnnails.fr\\\/wp-content\\\/uploads\\\/2025\\\/11\\\/Design-sans-titre-2.png\",\"width\":512,\"height\":512,\"caption\":\"LPN Nails\"},\"image\":{\"@id\":\"https:\\\/\\\/www.lpnnails.fr\\\/#\\\/schema\\\/logo\\\/image\\\/\"},\"sameAs\":[\"https:\\\/\\\/www.facebook.com\\\/profile.php?id=61573655313488#\",\"https:\\\/\\\/www.instagram.com\\\/lpnnails\\\/\",\"https:\\\/\\\/www.linkedin.com\\\/company\\\/lpnnails\\\/\",\"https:\\\/\\\/www.youtube.com\\\/@LPNNails\\\/\"]}]}<\/script>\n<!-- \/ Yoast SEO plugin. -->","yoast_head_json":{"title":"Strass mix L - LPN Nails","description":"Ajoutez une touche d'\u00e9l\u00e9gance et de brillance \u00e0 vos ongles avec notre Strass Mix. Chaque pack contient un assortiment harmonieux de tailles et de nuances pour des designs de nail art uniques et sophistiqu\u00e9s. Disponible en plusieurs coloris, ces strass s'adaptent \u00e0 tous les styles et envies.","robots":{"index":"index","follow":"follow","max-snippet":"max-snippet:-1","max-image-preview":"max-image-preview:large","max-video-preview":"max-video-preview:-1"},"canonical":"https:\/\/www.lpnnails.fr\/en\/product\/strass-mix-champagne-gold\/","og_locale":"en_US","og_type":"article","og_title":"Strass mix L - LPN Nails","og_description":"Ajoutez une touche d'\u00e9l\u00e9gance et de brillance \u00e0 vos ongles avec notre Strass Mix. Chaque pack contient un assortiment harmonieux de tailles et de nuances pour des designs de nail art uniques et sophistiqu\u00e9s. Disponible en plusieurs coloris, ces strass s'adaptent \u00e0 tous les styles et envies.","og_url":"https:\/\/www.lpnnails.fr\/en\/product\/strass-mix-champagne-gold\/","og_site_name":"LPN Nails","article_publisher":"https:\/\/www.facebook.com\/profile.php?id=61573655313488#","article_modified_time":"2026-01-22T08:35:24+00:00","og_image":[{"width":1000,"height":1000,"url":"https:\/\/www.lpnnails.fr\/wp-content\/uploads\/2025\/04\/products-8907b2_d1e189b1038c42438d3d6f0f2a46f9fe~mv2.png","type":"image\/jpeg"}],"twitter_card":"summary_large_image","twitter_misc":{"Est. reading time":"2 minutes"},"schema":{"@context":"https:\/\/schema.org","@graph":[{"@type":"WebPage","@id":"https:\/\/www.lpnnails.fr\/produit\/strass-mix-champagne-gold\/","url":"https:\/\/www.lpnnails.fr\/produit\/strass-mix-champagne-gold\/","name":"Strass mix L - LPN Nails","isPartOf":{"@id":"https:\/\/www.lpnnails.fr\/#website"},"primaryImageOfPage":{"@id":"https:\/\/www.lpnnails.fr\/produit\/strass-mix-champagne-gold\/#primaryimage"},"image":{"@id":"https:\/\/www.lpnnails.fr\/produit\/strass-mix-champagne-gold\/#primaryimage"},"thumbnailUrl":"https:\/\/www.lpnnails.fr\/wp-content\/uploads\/2025\/04\/products-8907b2_d1e189b1038c42438d3d6f0f2a46f9fe~mv2.png","datePublished":"2024-12-31T13:36:18+00:00","dateModified":"2026-01-22T08:35:24+00:00","description":"Ajoutez une touche d'\u00e9l\u00e9gance et de brillance \u00e0 vos ongles avec notre Strass Mix. Chaque pack contient un assortiment harmonieux de tailles et de nuances pour des designs de nail art uniques et sophistiqu\u00e9s. Disponible en plusieurs coloris, ces strass s'adaptent \u00e0 tous les styles et envies.","breadcrumb":{"@id":"https:\/\/www.lpnnails.fr\/produit\/strass-mix-champagne-gold\/#breadcrumb"},"inLanguage":"en-US","potentialAction":[{"@type":"ReadAction","target":["https:\/\/www.lpnnails.fr\/produit\/strass-mix-champagne-gold\/"]}]},{"@type":"ImageObject","inLanguage":"en-US","@id":"https:\/\/www.lpnnails.fr\/produit\/strass-mix-champagne-gold\/#primaryimage","url":"https:\/\/www.lpnnails.fr\/wp-content\/uploads\/2025\/04\/products-8907b2_d1e189b1038c42438d3d6f0f2a46f9fe~mv2.png","contentUrl":"https:\/\/www.lpnnails.fr\/wp-content\/uploads\/2025\/04\/products-8907b2_d1e189b1038c42438d3d6f0f2a46f9fe~mv2.png","width":1000,"height":1000,"caption":"STRASS MIX L CHAMPAGNE GOLD"},{"@type":"BreadcrumbList","@id":"https:\/\/www.lpnnails.fr\/produit\/strass-mix-champagne-gold\/#breadcrumb","itemListElement":[{"@type":"ListItem","position":1,"name":"Accueil","item":"https:\/\/www.lpnnails.fr\/"},{"@type":"ListItem","position":2,"name":"Boutique","item":"https:\/\/www.lpnnails.fr\/boutique\/"},{"@type":"ListItem","position":3,"name":"Strass mix L"}]},{"@type":"WebSite","@id":"https:\/\/www.lpnnails.fr\/#website","url":"https:\/\/www.lpnnails.fr\/","name":"LPN Nails","description":"","publisher":{"@id":"https:\/\/www.lpnnails.fr\/#organization"},"potentialAction":[{"@type":"SearchAction","target":{"@type":"EntryPoint","urlTemplate":"https:\/\/www.lpnnails.fr\/?s={search_term_string}"},"query-input":{"@type":"PropertyValueSpecification","valueRequired":true,"valueName":"search_term_string"}}],"inLanguage":"en-US"},{"@type":"Organization","@id":"https:\/\/www.lpnnails.fr\/#organization","name":"LPN Nails","url":"https:\/\/www.lpnnails.fr\/","logo":{"@type":"ImageObject","inLanguage":"en-US","@id":"https:\/\/www.lpnnails.fr\/#\/schema\/logo\/image\/","url":"https:\/\/www.lpnnails.fr\/wp-content\/uploads\/2025\/11\/Design-sans-titre-2.png","contentUrl":"https:\/\/www.lpnnails.fr\/wp-content\/uploads\/2025\/11\/Design-sans-titre-2.png","width":512,"height":512,"caption":"LPN Nails"},"image":{"@id":"https:\/\/www.lpnnails.fr\/#\/schema\/logo\/image\/"},"sameAs":["https:\/\/www.facebook.com\/profile.php?id=61573655313488#","https:\/\/www.instagram.com\/lpnnails\/","https:\/\/www.linkedin.com\/company\/lpnnails\/","https:\/\/www.youtube.com\/@LPNNails\/"]}]}},"uagb_featured_image_src":{"full":["https:\/\/www.lpnnails.fr\/wp-content\/uploads\/2025\/04\/products-8907b2_d1e189b1038c42438d3d6f0f2a46f9fe~mv2.png",1000,1000,false],"thumbnail":["https:\/\/www.lpnnails.fr\/wp-content\/uploads\/2025\/04\/products-8907b2_d1e189b1038c42438d3d6f0f2a46f9fe~mv2.png",150,150,true],"medium":["https:\/\/www.lpnnails.fr\/wp-content\/uploads\/2025\/04\/products-8907b2_d1e189b1038c42438d3d6f0f2a46f9fe~mv2.png",300,214,true],"medium_large":["https:\/\/www.lpnnails.fr\/wp-content\/uploads\/2025\/04\/products-8907b2_d1e189b1038c42438d3d6f0f2a46f9fe~mv2.png",768,768,false],"large":["https:\/\/www.lpnnails.fr\/wp-content\/uploads\/2025\/04\/products-8907b2_d1e189b1038c42438d3d6f0f2a46f9fe~mv2.png",1000,1000,false],"1536x1536":["https:\/\/www.lpnnails.fr\/wp-content\/uploads\/2025\/04\/products-8907b2_d1e189b1038c42438d3d6f0f2a46f9fe~mv2.png",1000,1000,false],"2048x2048":["https:\/\/www.lpnnails.fr\/wp-content\/uploads\/2025\/04\/products-8907b2_d1e189b1038c42438d3d6f0f2a46f9fe~mv2.png",1000,1000,false],"trp-custom-language-flag":["https:\/\/www.lpnnails.fr\/wp-content\/uploads\/2025\/04\/products-8907b2_d1e189b1038c42438d3d6f0f2a46f9fe~mv2.png",12,12,false],"mailpoet_newsletter_max":["https:\/\/www.lpnnails.fr\/wp-content\/uploads\/2025\/04\/products-8907b2_d1e189b1038c42438d3d6f0f2a46f9fe~mv2.png",1000,1000,false],"woocommerce_thumbnail":["https:\/\/www.lpnnails.fr\/wp-content\/uploads\/2025\/04\/products-8907b2_d1e189b1038c42438d3d6f0f2a46f9fe~mv2.png",300,300,false],"woocommerce_single":["https:\/\/www.lpnnails.fr\/wp-content\/uploads\/2025\/04\/products-8907b2_d1e189b1038c42438d3d6f0f2a46f9fe~mv2.png",600,600,false],"woocommerce_gallery_thumbnail":["https:\/\/www.lpnnails.fr\/wp-content\/uploads\/2025\/04\/products-8907b2_d1e189b1038c42438d3d6f0f2a46f9fe~mv2.png",100,100,false],"variation_swatches_image_size":["https:\/\/www.lpnnails.fr\/wp-content\/uploads\/2025\/04\/products-8907b2_d1e189b1038c42438d3d6f0f2a46f9fe~mv2.png",50,50,false],"variation_swatches_tooltip_size":["https:\/\/www.lpnnails.fr\/wp-content\/uploads\/2025\/04\/products-8907b2_d1e189b1038c42438d3d6f0f2a46f9fe~mv2.png",100,100,false]},"uagb_author_info":{"display_name":"LPN Nails","author_link":"https:\/\/www.lpnnails.fr\/en\/author\/"},"uagb_comment_info":0,"uagb_excerpt":"Ajoutez une touche d&#8217;\u00e9l\u00e9gance et de brillance \u00e0 vos ongles avec notre Strass Mix L. Chaque pack contient un assortiment [&hellip;]","_links":{"self":[{"href":"https:\/\/www.lpnnails.fr\/en\/wp-json\/wp\/v2\/product\/5107","targetHints":{"allow":["GET"]}}],"collection":[{"href":"https:\/\/www.lpnnails.fr\/en\/wp-json\/wp\/v2\/product"}],"about":[{"href":"https:\/\/www.lpnnails.fr\/en\/wp-json\/wp\/v2\/types\/product"}],"replies":[{"embeddable":true,"href":"https:\/\/www.lpnnails.fr\/en\/wp-json\/wp\/v2\/comments?post=5107"}],"wp:featuredmedia":[{"embeddable":true,"href":"https:\/\/www.lpnnails.fr\/en\/wp-json\/wp\/v2\/media\/5108"}],"wp:attachment":[{"href":"https:\/\/www.lpnnails.fr\/en\/wp-json\/wp\/v2\/media?parent=5107"}],"wp:term":[{"taxonomy":"product_brand","embeddable":true,"href":"https:\/\/www.lpnnails.fr\/en\/wp-json\/wp\/v2\/product_brand?post=5107"},{"taxonomy":"product_cat","embeddable":true,"href":"https:\/\/www.lpnnails.fr\/en\/wp-json\/wp\/v2\/product_cat?post=5107"},{"taxonomy":"product_tag","embeddable":true,"href":"https:\/\/www.lpnnails.fr\/en\/wp-json\/wp\/v2\/product_tag?post=5107"}],"curies":[{"name":"wp","href":"https:\/\/api.w.org\/{rel}","templated":true}]}}