{"id":5068,"date":"2024-12-24T14:41:03","date_gmt":"2024-12-24T13:41:03","guid":{"rendered":"https:\/\/www.lpnnails.fr\/?post_type=product&#038;p=5068"},"modified":"2025-12-01T09:37:01","modified_gmt":"2025-12-01T08:37:01","slug":"paillettes-scintillantes-3","status":"publish","type":"product","link":"https:\/\/www.lpnnails.fr\/en\/product\/paillettes-scintillantes-3\/","title":{"rendered":"Paillettes scintillantes"},"content":{"rendered":"<p>Illuminez vos manucures avec nos <strong>paillettes scintillantes<\/strong> en pot, disponibles en formats de 5g. Parfaites pour ajouter une touche de glamour et de brillance \u00e0 vos ongles, ces paillettes sont id\u00e9ales pour les designs artistiques et les looks festifs.<\/p>\n<p><strong>Features :<\/strong><\/p>\n<ul>\n<li><strong>Brillance intense :<\/strong> Des particules fines et \u00e9clatantes pour un effet scintillant incomparable.<\/li>\n<li><strong>Facile \u00e0 appliquer :<\/strong> Parfaites pour les vernis classiques, gels ou r\u00e9sines.<\/li>\n<li><strong>Polyvalentes :<\/strong> Conviennent aux manucures compl\u00e8tes ou pour des d\u00e9tails pr\u00e9cis.<\/li>\n<li><strong>Longue tenue :<\/strong> Paillettes r\u00e9sistantes qui resteront intactes pendant des jours.<\/li>\n<\/ul>\n<p><strong>Conseils d\u2019utilisation :<\/strong><\/p>\n<ul>\n<li>Appliquez une couche de base ou de gel UV.<\/li>\n<li>Saupoudrez d\u00e9licatement les paillettes sur l&#8217;ongle encore humide ou utilisez un pinceau pour une application pr\u00e9cise.<\/li>\n<li>Fixez avec une couche de top coat pour une finition durable et brillante.<\/li>\n<li>Nettoyez les contours pour un r\u00e9sultat parfait.<\/li>\n<\/ul>\n<p>Ajoutez de l\u2019\u00e9clat \u00e0 vos cr\u00e9ations et faites briller vos ongles pour toutes les occasions\u202f! Disponibles dans une vari\u00e9t\u00e9 de couleurs, ces paillettes feront de vos manucures des \u0153uvres d\u2019art. <strong>Commandez d\u00e8s maintenant et sublimez votre style\u202f!<\/strong><\/p>","protected":false},"excerpt":{"rendered":"<p>Illuminez vos manucures avec nos paillettes scintillantes en pot, disponibles en formats de 5g. Parfaites pour ajouter une touche de [&hellip;]<\/p>\n","protected":false},"featured_media":5076,"comment_status":"open","ping_status":"closed","template":"","meta":{"_uag_custom_page_level_css":"","site-sidebar-layout":"default","site-content-layout":"","ast-site-content-layout":"default","site-content-style":"default","site-sidebar-style":"default","ast-global-header-display":"","ast-banner-title-visibility":"","ast-main-header-display":"","ast-hfb-above-header-display":"","ast-hfb-below-header-display":"","ast-hfb-mobile-header-display":"","site-post-title":"","ast-breadcrumbs-content":"","ast-featured-img":"","footer-sml-layout":"","ast-disable-related-posts":"","theme-transparent-header-meta":"default","adv-header-id-meta":"","stick-header-meta":"","header-above-stick-meta":"","header-main-stick-meta":"","header-below-stick-meta":"","astra-migrate-meta-layouts":"set","ast-page-background-enabled":"default","ast-page-background-meta":{"desktop":{"background-color":"var(--ast-global-color-4)","background-image":"","background-repeat":"repeat","background-position":"center center","background-size":"auto","background-attachment":"scroll","background-type":"","background-media":"","overlay-type":"","overlay-color":"","overlay-opacity":"","overlay-gradient":""},"tablet":{"background-color":"","background-image":"","background-repeat":"repeat","background-position":"center center","background-size":"auto","background-attachment":"scroll","background-type":"","background-media":"","overlay-type":"","overlay-color":"","overlay-opacity":"","overlay-gradient":""},"mobile":{"background-color":"","background-image":"","background-repeat":"repeat","background-position":"center center","background-size":"auto","background-attachment":"scroll","background-type":"","background-media":"","overlay-type":"","overlay-color":"","overlay-opacity":"","overlay-gradient":""}},"ast-content-background-meta":{"desktop":{"background-color":"var(--ast-global-color-5)","background-image":"","background-repeat":"repeat","background-position":"center center","background-size":"auto","background-attachment":"scroll","background-type":"","background-media":"","overlay-type":"","overlay-color":"","overlay-opacity":"","overlay-gradient":""},"tablet":{"background-color":"var(--ast-global-color-5)","background-image":"","background-repeat":"repeat","background-position":"center center","background-size":"auto","background-attachment":"scroll","background-type":"","background-media":"","overlay-type":"","overlay-color":"","overlay-opacity":"","overlay-gradient":""},"mobile":{"background-color":"var(--ast-global-color-5)","background-image":"","background-repeat":"repeat","background-position":"center center","background-size":"auto","background-attachment":"scroll","background-type":"","background-media":"","overlay-type":"","overlay-color":"","overlay-opacity":"","overlay-gradient":""}}},"product_brand":[254],"product_cat":[239,199],"product_tag":[],"class_list":{"0":"post-5068","1":"product","2":"type-product","3":"status-publish","4":"has-post-thumbnail","6":"product_brand-lpnnails","7":"product_cat-paillettes","8":"product_cat-tous-les-produits","9":"pa_couleur-ps1","10":"pa_couleur-ps10","11":"pa_couleur-ps11","12":"pa_couleur-ps12","13":"pa_couleur-ps13","14":"pa_couleur-ps14","15":"pa_couleur-ps15","16":"pa_couleur-ps16","17":"pa_couleur-ps17","18":"pa_couleur-ps18","19":"pa_couleur-ps19","20":"pa_couleur-ps2","21":"pa_couleur-ps20","22":"pa_couleur-ps21","23":"pa_couleur-ps22","24":"pa_couleur-ps23","25":"pa_couleur-ps3","26":"pa_couleur-ps4","27":"pa_couleur-ps5","28":"pa_couleur-ps6","29":"pa_couleur-ps7","30":"pa_couleur-ps8","31":"pa_couleur-ps9","32":"desktop-align-left","33":"tablet-align-left","34":"mobile-align-left","36":"first","37":"instock","38":"purchasable","39":"product-type-variable","40":"wvs-archive-product-wrapper"},"yoast_head":"<!-- This site is optimized with the Yoast SEO plugin v27.3 - https:\/\/yoast.com\/product\/yoast-seo-wordpress\/ -->\n<title>Paillettes scintillantes - LPN Nails<\/title>\n<meta name=\"description\" content=\"Illuminez vos manucures avec nos paillettes scintillantes en pot, disponibles en formats de 5g. Parfaites pour ajouter une touche de glamour et de brillance \u00e0 vos ongles, ces paillettes sont id\u00e9ales pour les designs artistiques et les looks festifs.\" \/>\n<meta name=\"robots\" content=\"index, follow, max-snippet:-1, max-image-preview:large, max-video-preview:-1\" \/>\n<link rel=\"canonical\" href=\"https:\/\/www.lpnnails.fr\/en\/product\/paillettes-scintillantes-3\/\" \/>\n<meta property=\"og:locale\" content=\"en_US\" \/>\n<meta property=\"og:type\" content=\"article\" \/>\n<meta property=\"og:title\" content=\"Paillettes scintillantes - LPN Nails\" \/>\n<meta property=\"og:description\" content=\"Illuminez vos manucures avec nos paillettes scintillantes en pot, disponibles en formats de 5g. Parfaites pour ajouter une touche de glamour et de brillance \u00e0 vos ongles, ces paillettes sont id\u00e9ales pour les designs artistiques et les looks festifs.\" \/>\n<meta property=\"og:url\" content=\"https:\/\/www.lpnnails.fr\/en\/product\/paillettes-scintillantes-3\/\" \/>\n<meta property=\"og:site_name\" content=\"LPN Nails\" \/>\n<meta property=\"article:publisher\" content=\"https:\/\/www.facebook.com\/profile.php?id=61573655313488#\" \/>\n<meta property=\"article:modified_time\" content=\"2025-12-01T08:37:01+00:00\" \/>\n<meta property=\"og:image\" content=\"https:\/\/www.lpnnails.fr\/wp-content\/uploads\/2025\/04\/products-8907b2_17d677bb907b4dafb91f10968c265e83~mv2.png\" \/>\n\t<meta property=\"og:image:width\" content=\"1000\" \/>\n\t<meta property=\"og:image:height\" content=\"1000\" \/>\n\t<meta property=\"og:image:type\" content=\"image\/jpeg\" \/>\n<meta name=\"twitter:card\" content=\"summary_large_image\" \/>\n<meta name=\"twitter:label1\" content=\"Est. reading time\" \/>\n\t<meta name=\"twitter:data1\" content=\"2 minutes\" \/>\n<script type=\"application\/ld+json\" class=\"yoast-schema-graph\">{\"@context\":\"https:\\\/\\\/schema.org\",\"@graph\":[{\"@type\":\"WebPage\",\"@id\":\"https:\\\/\\\/www.lpnnails.fr\\\/produit\\\/paillettes-scintillantes-3\\\/\",\"url\":\"https:\\\/\\\/www.lpnnails.fr\\\/produit\\\/paillettes-scintillantes-3\\\/\",\"name\":\"Paillettes scintillantes - LPN Nails\",\"isPartOf\":{\"@id\":\"https:\\\/\\\/www.lpnnails.fr\\\/#website\"},\"primaryImageOfPage\":{\"@id\":\"https:\\\/\\\/www.lpnnails.fr\\\/produit\\\/paillettes-scintillantes-3\\\/#primaryimage\"},\"image\":{\"@id\":\"https:\\\/\\\/www.lpnnails.fr\\\/produit\\\/paillettes-scintillantes-3\\\/#primaryimage\"},\"thumbnailUrl\":\"https:\\\/\\\/www.lpnnails.fr\\\/wp-content\\\/uploads\\\/2025\\\/04\\\/products-8907b2_17d677bb907b4dafb91f10968c265e83~mv2.png\",\"datePublished\":\"2024-12-24T13:41:03+00:00\",\"dateModified\":\"2025-12-01T08:37:01+00:00\",\"description\":\"Illuminez vos manucures avec nos paillettes scintillantes en pot, disponibles en formats de 5g. Parfaites pour ajouter une touche de glamour et de brillance \u00e0 vos ongles, ces paillettes sont id\u00e9ales pour les designs artistiques et les looks festifs.\",\"breadcrumb\":{\"@id\":\"https:\\\/\\\/www.lpnnails.fr\\\/produit\\\/paillettes-scintillantes-3\\\/#breadcrumb\"},\"inLanguage\":\"en-US\",\"potentialAction\":[{\"@type\":\"ReadAction\",\"target\":[\"https:\\\/\\\/www.lpnnails.fr\\\/produit\\\/paillettes-scintillantes-3\\\/\"]}]},{\"@type\":\"ImageObject\",\"inLanguage\":\"en-US\",\"@id\":\"https:\\\/\\\/www.lpnnails.fr\\\/produit\\\/paillettes-scintillantes-3\\\/#primaryimage\",\"url\":\"https:\\\/\\\/www.lpnnails.fr\\\/wp-content\\\/uploads\\\/2025\\\/04\\\/products-8907b2_17d677bb907b4dafb91f10968c265e83~mv2.png\",\"contentUrl\":\"https:\\\/\\\/www.lpnnails.fr\\\/wp-content\\\/uploads\\\/2025\\\/04\\\/products-8907b2_17d677bb907b4dafb91f10968c265e83~mv2.png\",\"width\":1000,\"height\":1000,\"caption\":\"PAILLETTES SCINTILLANTES 1\"},{\"@type\":\"BreadcrumbList\",\"@id\":\"https:\\\/\\\/www.lpnnails.fr\\\/produit\\\/paillettes-scintillantes-3\\\/#breadcrumb\",\"itemListElement\":[{\"@type\":\"ListItem\",\"position\":1,\"name\":\"Accueil\",\"item\":\"https:\\\/\\\/www.lpnnails.fr\\\/\"},{\"@type\":\"ListItem\",\"position\":2,\"name\":\"Boutique\",\"item\":\"https:\\\/\\\/www.lpnnails.fr\\\/boutique\\\/\"},{\"@type\":\"ListItem\",\"position\":3,\"name\":\"Paillettes scintillantes\"}]},{\"@type\":\"WebSite\",\"@id\":\"https:\\\/\\\/www.lpnnails.fr\\\/#website\",\"url\":\"https:\\\/\\\/www.lpnnails.fr\\\/\",\"name\":\"LPN Nails\",\"description\":\"\",\"publisher\":{\"@id\":\"https:\\\/\\\/www.lpnnails.fr\\\/#organization\"},\"potentialAction\":[{\"@type\":\"SearchAction\",\"target\":{\"@type\":\"EntryPoint\",\"urlTemplate\":\"https:\\\/\\\/www.lpnnails.fr\\\/?s={search_term_string}\"},\"query-input\":{\"@type\":\"PropertyValueSpecification\",\"valueRequired\":true,\"valueName\":\"search_term_string\"}}],\"inLanguage\":\"en-US\"},{\"@type\":\"Organization\",\"@id\":\"https:\\\/\\\/www.lpnnails.fr\\\/#organization\",\"name\":\"LPN Nails\",\"url\":\"https:\\\/\\\/www.lpnnails.fr\\\/\",\"logo\":{\"@type\":\"ImageObject\",\"inLanguage\":\"en-US\",\"@id\":\"https:\\\/\\\/www.lpnnails.fr\\\/#\\\/schema\\\/logo\\\/image\\\/\",\"url\":\"https:\\\/\\\/www.lpnnails.fr\\\/wp-content\\\/uploads\\\/2025\\\/11\\\/Design-sans-titre-2.png\",\"contentUrl\":\"https:\\\/\\\/www.lpnnails.fr\\\/wp-content\\\/uploads\\\/2025\\\/11\\\/Design-sans-titre-2.png\",\"width\":512,\"height\":512,\"caption\":\"LPN Nails\"},\"image\":{\"@id\":\"https:\\\/\\\/www.lpnnails.fr\\\/#\\\/schema\\\/logo\\\/image\\\/\"},\"sameAs\":[\"https:\\\/\\\/www.facebook.com\\\/profile.php?id=61573655313488#\",\"https:\\\/\\\/www.instagram.com\\\/lpnnails\\\/\",\"https:\\\/\\\/www.linkedin.com\\\/company\\\/lpnnails\\\/\",\"https:\\\/\\\/www.youtube.com\\\/@LPNNails\\\/\"]}]}<\/script>\n<!-- \/ Yoast SEO plugin. -->","yoast_head_json":{"title":"Paillettes scintillantes - LPN Nails","description":"Illuminez vos manucures avec nos paillettes scintillantes en pot, disponibles en formats de 5g. Parfaites pour ajouter une touche de glamour et de brillance \u00e0 vos ongles, ces paillettes sont id\u00e9ales pour les designs artistiques et les looks festifs.","robots":{"index":"index","follow":"follow","max-snippet":"max-snippet:-1","max-image-preview":"max-image-preview:large","max-video-preview":"max-video-preview:-1"},"canonical":"https:\/\/www.lpnnails.fr\/en\/product\/paillettes-scintillantes-3\/","og_locale":"en_US","og_type":"article","og_title":"Paillettes scintillantes - LPN Nails","og_description":"Illuminez vos manucures avec nos paillettes scintillantes en pot, disponibles en formats de 5g. Parfaites pour ajouter une touche de glamour et de brillance \u00e0 vos ongles, ces paillettes sont id\u00e9ales pour les designs artistiques et les looks festifs.","og_url":"https:\/\/www.lpnnails.fr\/en\/product\/paillettes-scintillantes-3\/","og_site_name":"LPN Nails","article_publisher":"https:\/\/www.facebook.com\/profile.php?id=61573655313488#","article_modified_time":"2025-12-01T08:37:01+00:00","og_image":[{"width":1000,"height":1000,"url":"https:\/\/www.lpnnails.fr\/wp-content\/uploads\/2025\/04\/products-8907b2_17d677bb907b4dafb91f10968c265e83~mv2.png","type":"image\/jpeg"}],"twitter_card":"summary_large_image","twitter_misc":{"Est. reading time":"2 minutes"},"schema":{"@context":"https:\/\/schema.org","@graph":[{"@type":"WebPage","@id":"https:\/\/www.lpnnails.fr\/produit\/paillettes-scintillantes-3\/","url":"https:\/\/www.lpnnails.fr\/produit\/paillettes-scintillantes-3\/","name":"Paillettes scintillantes - LPN Nails","isPartOf":{"@id":"https:\/\/www.lpnnails.fr\/#website"},"primaryImageOfPage":{"@id":"https:\/\/www.lpnnails.fr\/produit\/paillettes-scintillantes-3\/#primaryimage"},"image":{"@id":"https:\/\/www.lpnnails.fr\/produit\/paillettes-scintillantes-3\/#primaryimage"},"thumbnailUrl":"https:\/\/www.lpnnails.fr\/wp-content\/uploads\/2025\/04\/products-8907b2_17d677bb907b4dafb91f10968c265e83~mv2.png","datePublished":"2024-12-24T13:41:03+00:00","dateModified":"2025-12-01T08:37:01+00:00","description":"Illuminez vos manucures avec nos paillettes scintillantes en pot, disponibles en formats de 5g. Parfaites pour ajouter une touche de glamour et de brillance \u00e0 vos ongles, ces paillettes sont id\u00e9ales pour les designs artistiques et les looks festifs.","breadcrumb":{"@id":"https:\/\/www.lpnnails.fr\/produit\/paillettes-scintillantes-3\/#breadcrumb"},"inLanguage":"en-US","potentialAction":[{"@type":"ReadAction","target":["https:\/\/www.lpnnails.fr\/produit\/paillettes-scintillantes-3\/"]}]},{"@type":"ImageObject","inLanguage":"en-US","@id":"https:\/\/www.lpnnails.fr\/produit\/paillettes-scintillantes-3\/#primaryimage","url":"https:\/\/www.lpnnails.fr\/wp-content\/uploads\/2025\/04\/products-8907b2_17d677bb907b4dafb91f10968c265e83~mv2.png","contentUrl":"https:\/\/www.lpnnails.fr\/wp-content\/uploads\/2025\/04\/products-8907b2_17d677bb907b4dafb91f10968c265e83~mv2.png","width":1000,"height":1000,"caption":"PAILLETTES SCINTILLANTES 1"},{"@type":"BreadcrumbList","@id":"https:\/\/www.lpnnails.fr\/produit\/paillettes-scintillantes-3\/#breadcrumb","itemListElement":[{"@type":"ListItem","position":1,"name":"Accueil","item":"https:\/\/www.lpnnails.fr\/"},{"@type":"ListItem","position":2,"name":"Boutique","item":"https:\/\/www.lpnnails.fr\/boutique\/"},{"@type":"ListItem","position":3,"name":"Paillettes scintillantes"}]},{"@type":"WebSite","@id":"https:\/\/www.lpnnails.fr\/#website","url":"https:\/\/www.lpnnails.fr\/","name":"LPN Nails","description":"","publisher":{"@id":"https:\/\/www.lpnnails.fr\/#organization"},"potentialAction":[{"@type":"SearchAction","target":{"@type":"EntryPoint","urlTemplate":"https:\/\/www.lpnnails.fr\/?s={search_term_string}"},"query-input":{"@type":"PropertyValueSpecification","valueRequired":true,"valueName":"search_term_string"}}],"inLanguage":"en-US"},{"@type":"Organization","@id":"https:\/\/www.lpnnails.fr\/#organization","name":"LPN Nails","url":"https:\/\/www.lpnnails.fr\/","logo":{"@type":"ImageObject","inLanguage":"en-US","@id":"https:\/\/www.lpnnails.fr\/#\/schema\/logo\/image\/","url":"https:\/\/www.lpnnails.fr\/wp-content\/uploads\/2025\/11\/Design-sans-titre-2.png","contentUrl":"https:\/\/www.lpnnails.fr\/wp-content\/uploads\/2025\/11\/Design-sans-titre-2.png","width":512,"height":512,"caption":"LPN Nails"},"image":{"@id":"https:\/\/www.lpnnails.fr\/#\/schema\/logo\/image\/"},"sameAs":["https:\/\/www.facebook.com\/profile.php?id=61573655313488#","https:\/\/www.instagram.com\/lpnnails\/","https:\/\/www.linkedin.com\/company\/lpnnails\/","https:\/\/www.youtube.com\/@LPNNails\/"]}]}},"uagb_featured_image_src":{"full":["https:\/\/www.lpnnails.fr\/wp-content\/uploads\/2025\/04\/products-8907b2_17d677bb907b4dafb91f10968c265e83~mv2.png",1000,1000,false],"thumbnail":["https:\/\/www.lpnnails.fr\/wp-content\/uploads\/2025\/04\/products-8907b2_17d677bb907b4dafb91f10968c265e83~mv2.png",150,150,true],"medium":["https:\/\/www.lpnnails.fr\/wp-content\/uploads\/2025\/04\/products-8907b2_17d677bb907b4dafb91f10968c265e83~mv2.png",300,214,true],"medium_large":["https:\/\/www.lpnnails.fr\/wp-content\/uploads\/2025\/04\/products-8907b2_17d677bb907b4dafb91f10968c265e83~mv2.png",768,768,false],"large":["https:\/\/www.lpnnails.fr\/wp-content\/uploads\/2025\/04\/products-8907b2_17d677bb907b4dafb91f10968c265e83~mv2.png",1000,1000,false],"1536x1536":["https:\/\/www.lpnnails.fr\/wp-content\/uploads\/2025\/04\/products-8907b2_17d677bb907b4dafb91f10968c265e83~mv2.png",1000,1000,false],"2048x2048":["https:\/\/www.lpnnails.fr\/wp-content\/uploads\/2025\/04\/products-8907b2_17d677bb907b4dafb91f10968c265e83~mv2.png",1000,1000,false],"trp-custom-language-flag":["https:\/\/www.lpnnails.fr\/wp-content\/uploads\/2025\/04\/products-8907b2_17d677bb907b4dafb91f10968c265e83~mv2.png",12,12,false],"mailpoet_newsletter_max":["https:\/\/www.lpnnails.fr\/wp-content\/uploads\/2025\/04\/products-8907b2_17d677bb907b4dafb91f10968c265e83~mv2.png",1000,1000,false],"woocommerce_thumbnail":["https:\/\/www.lpnnails.fr\/wp-content\/uploads\/2025\/04\/products-8907b2_17d677bb907b4dafb91f10968c265e83~mv2.png",300,300,false],"woocommerce_single":["https:\/\/www.lpnnails.fr\/wp-content\/uploads\/2025\/04\/products-8907b2_17d677bb907b4dafb91f10968c265e83~mv2.png",600,600,false],"woocommerce_gallery_thumbnail":["https:\/\/www.lpnnails.fr\/wp-content\/uploads\/2025\/04\/products-8907b2_17d677bb907b4dafb91f10968c265e83~mv2.png",100,100,false],"variation_swatches_image_size":["https:\/\/www.lpnnails.fr\/wp-content\/uploads\/2025\/04\/products-8907b2_17d677bb907b4dafb91f10968c265e83~mv2.png",50,50,false],"variation_swatches_tooltip_size":["https:\/\/www.lpnnails.fr\/wp-content\/uploads\/2025\/04\/products-8907b2_17d677bb907b4dafb91f10968c265e83~mv2.png",100,100,false]},"uagb_author_info":{"display_name":"LPN Nails","author_link":"https:\/\/www.lpnnails.fr\/en\/author\/"},"uagb_comment_info":0,"uagb_excerpt":"Illuminez vos manucures avec nos paillettes scintillantes en pot, disponibles en formats de 5g. Parfaites pour ajouter une touche de [&hellip;]","_links":{"self":[{"href":"https:\/\/www.lpnnails.fr\/en\/wp-json\/wp\/v2\/product\/5068","targetHints":{"allow":["GET"]}}],"collection":[{"href":"https:\/\/www.lpnnails.fr\/en\/wp-json\/wp\/v2\/product"}],"about":[{"href":"https:\/\/www.lpnnails.fr\/en\/wp-json\/wp\/v2\/types\/product"}],"replies":[{"embeddable":true,"href":"https:\/\/www.lpnnails.fr\/en\/wp-json\/wp\/v2\/comments?post=5068"}],"wp:featuredmedia":[{"embeddable":true,"href":"https:\/\/www.lpnnails.fr\/en\/wp-json\/wp\/v2\/media\/5076"}],"wp:attachment":[{"href":"https:\/\/www.lpnnails.fr\/en\/wp-json\/wp\/v2\/media?parent=5068"}],"wp:term":[{"taxonomy":"product_brand","embeddable":true,"href":"https:\/\/www.lpnnails.fr\/en\/wp-json\/wp\/v2\/product_brand?post=5068"},{"taxonomy":"product_cat","embeddable":true,"href":"https:\/\/www.lpnnails.fr\/en\/wp-json\/wp\/v2\/product_cat?post=5068"},{"taxonomy":"product_tag","embeddable":true,"href":"https:\/\/www.lpnnails.fr\/en\/wp-json\/wp\/v2\/product_tag?post=5068"}],"curies":[{"name":"wp","href":"https:\/\/api.w.org\/{rel}","templated":true}]}}