{"id":4997,"date":"2024-12-20T10:37:02","date_gmt":"2024-12-20T09:37:02","guid":{"rendered":"https:\/\/www.lpnnails.fr\/?post_type=product&#038;p=4997"},"modified":"2026-04-07T12:55:07","modified_gmt":"2026-04-07T10:55:07","slug":"builder-gel-strawberry-pink-2","status":"publish","type":"product","link":"https:\/\/www.lpnnails.fr\/en\/product\/builder-gel-strawberry-pink-2\/","title":{"rendered":"Builder gel &#8220;Strawberry Pink&#8221;"},"content":{"rendered":"<p><span style=\"font-weight: 400;\">Opt for the <strong>Modeline Self-Equalizing Builder Gel\u201c<\/strong>, the essential ally for professional and elegant manicures.<\/span><\/p>\n<p><strong>Features :<\/strong><\/p>\n<ul>\n<li><span style=\"font-weight: 400;\"><strong>Fluid texture and easy to work with<\/strong> : quick and even application, ideal for both beginner and experienced technicians.<\/span><\/li>\n<li><strong>Auto-equalizer<\/strong> : facilitates shaping and reduces irregularities for a perfect finish.<\/li>\n<li><strong>A range of colors<\/strong> : suitable for all skin tones and styles.<\/li>\n<\/ul>\n<p><strong>Versatile, it can be used for different techniques:<\/strong><\/p>\n<ul>\n<li><span style=\"font-weight: 400;\"><strong>Filing-free technique<\/strong> Save time while achieving a flawless pose.<\/span><\/li>\n<li><strong>Filling<\/strong> : extends the lifespan of existing installations.<\/li>\n<li><strong>Shablons &amp; Popits<\/strong> : creates strong and aesthetically pleasing extensions.<\/li>\n<li><strong> Sheathing<\/strong> Reinforcement is only possible on very resistant nails or in combination with an Acrygel patch to ensure optimal strength of the structure.<\/li>\n<\/ul>\n<p><strong>Instructions for use:<\/strong><\/p>\n<ol>\n<li><span style=\"font-weight: 400;\">Prepare your nails: clean, degrease and apply a suitable base coat.<\/span><\/li>\n<li>Appliquez le Builder Gel selon la technique choisie :- Chablons ou Popits : modeler et catalyser sous lampe UV (2 minutes) ou LED (30-60 secondes).\n<p>\u2013 Half capsule or Filling: apply a thin sliding layer, repeat the application taking more material to form the apex, catalyze.<\/li>\n<li>File lightly if necessary (except with the no-filing technique).<\/li>\n<li>Finish with a top coat for a glossy and long-lasting finish.<\/li>\n<\/ol>\n<p><span style=\"font-weight: 400;\">Exprimez votre cr\u00e9ativit\u00e9 avec les teintes modernes et \u00e9l\u00e9gantes du Builder Gel \u00ab Modeline \u00bb. Id\u00e9al pour les professionnels comme pour les passionn\u00e9s, il offre une qualit\u00e9 et une durabilit\u00e9 in\u00e9gal\u00e9es pour des manucures qui font la diff\u00e9rence.<\/span><\/p>","protected":false},"excerpt":{"rendered":"<p>Optez pour le Builder Gel Auto-\u00c9galisant &#8220;Modeline&#8221;, l\u2019alli\u00e9 incontournable pour des manucures professionnelles et \u00e9l\u00e9gantes. Caract\u00e9ristiques : Texture fluide et [&hellip;]<\/p>\n","protected":false},"featured_media":8934,"comment_status":"open","ping_status":"closed","template":"","meta":{"_uag_custom_page_level_css":"","site-sidebar-layout":"default","site-content-layout":"","ast-site-content-layout":"default","site-content-style":"default","site-sidebar-style":"default","ast-global-header-display":"","ast-banner-title-visibility":"","ast-main-header-display":"","ast-hfb-above-header-display":"","ast-hfb-below-header-display":"","ast-hfb-mobile-header-display":"","site-post-title":"","ast-breadcrumbs-content":"","ast-featured-img":"","footer-sml-layout":"","ast-disable-related-posts":"","theme-transparent-header-meta":"default","adv-header-id-meta":"","stick-header-meta":"","header-above-stick-meta":"","header-main-stick-meta":"","header-below-stick-meta":"","astra-migrate-meta-layouts":"set","ast-page-background-enabled":"default","ast-page-background-meta":{"desktop":{"background-color":"var(--ast-global-color-4)","background-image":"","background-repeat":"repeat","background-position":"center center","background-size":"auto","background-attachment":"scroll","background-type":"","background-media":"","overlay-type":"","overlay-color":"","overlay-opacity":"","overlay-gradient":""},"tablet":{"background-color":"","background-image":"","background-repeat":"repeat","background-position":"center center","background-size":"auto","background-attachment":"scroll","background-type":"","background-media":"","overlay-type":"","overlay-color":"","overlay-opacity":"","overlay-gradient":""},"mobile":{"background-color":"","background-image":"","background-repeat":"repeat","background-position":"center center","background-size":"auto","background-attachment":"scroll","background-type":"","background-media":"","overlay-type":"","overlay-color":"","overlay-opacity":"","overlay-gradient":""}},"ast-content-background-meta":{"desktop":{"background-color":"var(--ast-global-color-5)","background-image":"","background-repeat":"repeat","background-position":"center center","background-size":"auto","background-attachment":"scroll","background-type":"","background-media":"","overlay-type":"","overlay-color":"","overlay-opacity":"","overlay-gradient":""},"tablet":{"background-color":"var(--ast-global-color-5)","background-image":"","background-repeat":"repeat","background-position":"center center","background-size":"auto","background-attachment":"scroll","background-type":"","background-media":"","overlay-type":"","overlay-color":"","overlay-opacity":"","overlay-gradient":""},"mobile":{"background-color":"var(--ast-global-color-5)","background-image":"","background-repeat":"repeat","background-position":"center center","background-size":"auto","background-attachment":"scroll","background-type":"","background-media":"","overlay-type":"","overlay-color":"","overlay-opacity":"","overlay-gradient":""}}},"product_brand":[254],"product_cat":[222,199],"product_tag":[],"class_list":{"0":"post-4997","1":"product","2":"type-product","3":"status-publish","4":"has-post-thumbnail","6":"product_brand-lpnnails","7":"product_cat-builder-gels-auto-egalisants","8":"product_cat-tous-les-produits","9":"pa_composition-aluminosilicate-de-sodium-violet","10":"pa_composition-copolymere-dacrylates","11":"pa_composition-dimethicone","12":"pa_composition-dioxyde-de-titane","13":"pa_composition-ltcure-trimethylbenzoyl-ditolylphosphine-oxide","14":"pa_composition-methacrylate-disobornyle-2","15":"pa_composition-mica","16":"pa_composition-noir-2","17":"pa_composition-oxyde-dhydroxyde-de-fer-jaune-2","18":"pa_composition-oxyde-de-chlorure-de-bismuth","19":"pa_composition-polyethylene-terephtalate","20":"pa_composition-silice","21":"pa_composition-trioxyde-de-fer","22":"pa_recommandations-conserver-dans-un-endroit-frais-a-labri-de-la-lumiere-et-de-la-chaleur-tenir-hors-de-portee-des-enfants-faire-un-test-cutane-si-sensibilite-aux-uv","23":"desktop-align-left","24":"tablet-align-left","25":"mobile-align-left","27":"first","28":"instock","29":"purchasable","30":"product-type-simple"},"yoast_head":"<!-- This site is optimized with the Yoast SEO plugin v27.3 - https:\/\/yoast.com\/product\/yoast-seo-wordpress\/ -->\n<title>Builder gel &quot;Strawberry Pink&quot; - LPN Nails<\/title>\n<meta name=\"description\" content=\"Optez pour le Builder Gel Auto-\u00c9galisant &quot;Modeline&quot;, l&#039;alli\u00e9 incontournable pour des manucures professionnelles et \u00e9l\u00e9gantes.\" \/>\n<meta name=\"robots\" content=\"index, follow, max-snippet:-1, max-image-preview:large, max-video-preview:-1\" \/>\n<link rel=\"canonical\" href=\"https:\/\/www.lpnnails.fr\/en\/product\/builder-gel-strawberry-pink-2\/\" \/>\n<meta property=\"og:locale\" content=\"en_US\" \/>\n<meta property=\"og:type\" content=\"article\" \/>\n<meta property=\"og:title\" content=\"Builder gel &quot;Strawberry Pink&quot; - LPN Nails\" \/>\n<meta property=\"og:description\" content=\"Optez pour le Builder Gel Auto-\u00c9galisant &quot;Modeline&quot;, l&#039;alli\u00e9 incontournable pour des manucures professionnelles et \u00e9l\u00e9gantes.\" \/>\n<meta property=\"og:url\" content=\"https:\/\/www.lpnnails.fr\/en\/product\/builder-gel-strawberry-pink-2\/\" \/>\n<meta property=\"og:site_name\" content=\"LPN Nails\" \/>\n<meta property=\"article:publisher\" content=\"https:\/\/www.facebook.com\/profile.php?id=61573655313488#\" \/>\n<meta property=\"article:modified_time\" content=\"2026-04-07T10:55:07+00:00\" \/>\n<meta property=\"og:image\" content=\"https:\/\/www.lpnnails.fr\/wp-content\/uploads\/2024\/12\/24.Strawberry-Pink-scaled.jpg\" \/>\n\t<meta property=\"og:image:width\" content=\"1024\" \/>\n\t<meta property=\"og:image:height\" content=\"1024\" \/>\n\t<meta property=\"og:image:type\" content=\"image\/jpeg\" \/>\n<meta name=\"twitter:card\" content=\"summary_large_image\" \/>\n<meta name=\"twitter:label1\" content=\"Est. reading time\" \/>\n\t<meta name=\"twitter:data1\" content=\"2 minutes\" \/>\n<script type=\"application\/ld+json\" class=\"yoast-schema-graph\">{\"@context\":\"https:\\\/\\\/schema.org\",\"@graph\":[{\"@type\":\"WebPage\",\"@id\":\"https:\\\/\\\/www.lpnnails.fr\\\/produit\\\/builder-gel-strawberry-pink-2\\\/\",\"url\":\"https:\\\/\\\/www.lpnnails.fr\\\/produit\\\/builder-gel-strawberry-pink-2\\\/\",\"name\":\"Builder gel \\\"Strawberry Pink\\\" - LPN Nails\",\"isPartOf\":{\"@id\":\"https:\\\/\\\/www.lpnnails.fr\\\/#website\"},\"primaryImageOfPage\":{\"@id\":\"https:\\\/\\\/www.lpnnails.fr\\\/produit\\\/builder-gel-strawberry-pink-2\\\/#primaryimage\"},\"image\":{\"@id\":\"https:\\\/\\\/www.lpnnails.fr\\\/produit\\\/builder-gel-strawberry-pink-2\\\/#primaryimage\"},\"thumbnailUrl\":\"https:\\\/\\\/www.lpnnails.fr\\\/wp-content\\\/uploads\\\/2024\\\/12\\\/24.Strawberry-Pink-scaled.jpg\",\"datePublished\":\"2024-12-20T09:37:02+00:00\",\"dateModified\":\"2026-04-07T10:55:07+00:00\",\"description\":\"Optez pour le Builder Gel Auto-\u00c9galisant \\\"Modeline\\\", l'alli\u00e9 incontournable pour des manucures professionnelles et \u00e9l\u00e9gantes.\",\"breadcrumb\":{\"@id\":\"https:\\\/\\\/www.lpnnails.fr\\\/produit\\\/builder-gel-strawberry-pink-2\\\/#breadcrumb\"},\"inLanguage\":\"en-US\",\"potentialAction\":[{\"@type\":\"ReadAction\",\"target\":[\"https:\\\/\\\/www.lpnnails.fr\\\/produit\\\/builder-gel-strawberry-pink-2\\\/\"]}]},{\"@type\":\"ImageObject\",\"inLanguage\":\"en-US\",\"@id\":\"https:\\\/\\\/www.lpnnails.fr\\\/produit\\\/builder-gel-strawberry-pink-2\\\/#primaryimage\",\"url\":\"https:\\\/\\\/www.lpnnails.fr\\\/wp-content\\\/uploads\\\/2024\\\/12\\\/24.Strawberry-Pink-scaled.jpg\",\"contentUrl\":\"https:\\\/\\\/www.lpnnails.fr\\\/wp-content\\\/uploads\\\/2024\\\/12\\\/24.Strawberry-Pink-scaled.jpg\",\"width\":1024,\"height\":1024,\"caption\":\"Builder gel auto \u00e9galisant modeline Strawberry Pink\"},{\"@type\":\"BreadcrumbList\",\"@id\":\"https:\\\/\\\/www.lpnnails.fr\\\/produit\\\/builder-gel-strawberry-pink-2\\\/#breadcrumb\",\"itemListElement\":[{\"@type\":\"ListItem\",\"position\":1,\"name\":\"Accueil\",\"item\":\"https:\\\/\\\/www.lpnnails.fr\\\/\"},{\"@type\":\"ListItem\",\"position\":2,\"name\":\"Boutique\",\"item\":\"https:\\\/\\\/www.lpnnails.fr\\\/boutique\\\/\"},{\"@type\":\"ListItem\",\"position\":3,\"name\":\"Builder gel &#8220;Strawberry Pink&#8221;\"}]},{\"@type\":\"WebSite\",\"@id\":\"https:\\\/\\\/www.lpnnails.fr\\\/#website\",\"url\":\"https:\\\/\\\/www.lpnnails.fr\\\/\",\"name\":\"LPN Nails\",\"description\":\"\",\"publisher\":{\"@id\":\"https:\\\/\\\/www.lpnnails.fr\\\/#organization\"},\"potentialAction\":[{\"@type\":\"SearchAction\",\"target\":{\"@type\":\"EntryPoint\",\"urlTemplate\":\"https:\\\/\\\/www.lpnnails.fr\\\/?s={search_term_string}\"},\"query-input\":{\"@type\":\"PropertyValueSpecification\",\"valueRequired\":true,\"valueName\":\"search_term_string\"}}],\"inLanguage\":\"en-US\"},{\"@type\":\"Organization\",\"@id\":\"https:\\\/\\\/www.lpnnails.fr\\\/#organization\",\"name\":\"LPN Nails\",\"url\":\"https:\\\/\\\/www.lpnnails.fr\\\/\",\"logo\":{\"@type\":\"ImageObject\",\"inLanguage\":\"en-US\",\"@id\":\"https:\\\/\\\/www.lpnnails.fr\\\/#\\\/schema\\\/logo\\\/image\\\/\",\"url\":\"https:\\\/\\\/www.lpnnails.fr\\\/wp-content\\\/uploads\\\/2025\\\/11\\\/Design-sans-titre-2.png\",\"contentUrl\":\"https:\\\/\\\/www.lpnnails.fr\\\/wp-content\\\/uploads\\\/2025\\\/11\\\/Design-sans-titre-2.png\",\"width\":512,\"height\":512,\"caption\":\"LPN Nails\"},\"image\":{\"@id\":\"https:\\\/\\\/www.lpnnails.fr\\\/#\\\/schema\\\/logo\\\/image\\\/\"},\"sameAs\":[\"https:\\\/\\\/www.facebook.com\\\/profile.php?id=61573655313488#\",\"https:\\\/\\\/www.instagram.com\\\/lpnnails\\\/\",\"https:\\\/\\\/www.linkedin.com\\\/company\\\/lpnnails\\\/\",\"https:\\\/\\\/www.youtube.com\\\/@LPNNails\\\/\"]}]}<\/script>\n<!-- \/ Yoast SEO plugin. -->","yoast_head_json":{"title":"Builder gel \"Strawberry Pink\" - LPN Nails","description":"Optez pour le Builder Gel Auto-\u00c9galisant \"Modeline\", l'alli\u00e9 incontournable pour des manucures professionnelles et \u00e9l\u00e9gantes.","robots":{"index":"index","follow":"follow","max-snippet":"max-snippet:-1","max-image-preview":"max-image-preview:large","max-video-preview":"max-video-preview:-1"},"canonical":"https:\/\/www.lpnnails.fr\/en\/product\/builder-gel-strawberry-pink-2\/","og_locale":"en_US","og_type":"article","og_title":"Builder gel \"Strawberry Pink\" - LPN Nails","og_description":"Optez pour le Builder Gel Auto-\u00c9galisant \"Modeline\", l'alli\u00e9 incontournable pour des manucures professionnelles et \u00e9l\u00e9gantes.","og_url":"https:\/\/www.lpnnails.fr\/en\/product\/builder-gel-strawberry-pink-2\/","og_site_name":"LPN Nails","article_publisher":"https:\/\/www.facebook.com\/profile.php?id=61573655313488#","article_modified_time":"2026-04-07T10:55:07+00:00","og_image":[{"width":1024,"height":1024,"url":"https:\/\/www.lpnnails.fr\/wp-content\/uploads\/2024\/12\/24.Strawberry-Pink-scaled.jpg","type":"image\/jpeg"}],"twitter_card":"summary_large_image","twitter_misc":{"Est. reading time":"2 minutes"},"schema":{"@context":"https:\/\/schema.org","@graph":[{"@type":"WebPage","@id":"https:\/\/www.lpnnails.fr\/produit\/builder-gel-strawberry-pink-2\/","url":"https:\/\/www.lpnnails.fr\/produit\/builder-gel-strawberry-pink-2\/","name":"Builder gel \"Strawberry Pink\" - LPN Nails","isPartOf":{"@id":"https:\/\/www.lpnnails.fr\/#website"},"primaryImageOfPage":{"@id":"https:\/\/www.lpnnails.fr\/produit\/builder-gel-strawberry-pink-2\/#primaryimage"},"image":{"@id":"https:\/\/www.lpnnails.fr\/produit\/builder-gel-strawberry-pink-2\/#primaryimage"},"thumbnailUrl":"https:\/\/www.lpnnails.fr\/wp-content\/uploads\/2024\/12\/24.Strawberry-Pink-scaled.jpg","datePublished":"2024-12-20T09:37:02+00:00","dateModified":"2026-04-07T10:55:07+00:00","description":"Optez pour le Builder Gel Auto-\u00c9galisant \"Modeline\", l'alli\u00e9 incontournable pour des manucures professionnelles et \u00e9l\u00e9gantes.","breadcrumb":{"@id":"https:\/\/www.lpnnails.fr\/produit\/builder-gel-strawberry-pink-2\/#breadcrumb"},"inLanguage":"en-US","potentialAction":[{"@type":"ReadAction","target":["https:\/\/www.lpnnails.fr\/produit\/builder-gel-strawberry-pink-2\/"]}]},{"@type":"ImageObject","inLanguage":"en-US","@id":"https:\/\/www.lpnnails.fr\/produit\/builder-gel-strawberry-pink-2\/#primaryimage","url":"https:\/\/www.lpnnails.fr\/wp-content\/uploads\/2024\/12\/24.Strawberry-Pink-scaled.jpg","contentUrl":"https:\/\/www.lpnnails.fr\/wp-content\/uploads\/2024\/12\/24.Strawberry-Pink-scaled.jpg","width":1024,"height":1024,"caption":"Builder gel auto \u00e9galisant modeline Strawberry Pink"},{"@type":"BreadcrumbList","@id":"https:\/\/www.lpnnails.fr\/produit\/builder-gel-strawberry-pink-2\/#breadcrumb","itemListElement":[{"@type":"ListItem","position":1,"name":"Accueil","item":"https:\/\/www.lpnnails.fr\/"},{"@type":"ListItem","position":2,"name":"Boutique","item":"https:\/\/www.lpnnails.fr\/boutique\/"},{"@type":"ListItem","position":3,"name":"Builder gel &#8220;Strawberry Pink&#8221;"}]},{"@type":"WebSite","@id":"https:\/\/www.lpnnails.fr\/#website","url":"https:\/\/www.lpnnails.fr\/","name":"LPN Nails","description":"","publisher":{"@id":"https:\/\/www.lpnnails.fr\/#organization"},"potentialAction":[{"@type":"SearchAction","target":{"@type":"EntryPoint","urlTemplate":"https:\/\/www.lpnnails.fr\/?s={search_term_string}"},"query-input":{"@type":"PropertyValueSpecification","valueRequired":true,"valueName":"search_term_string"}}],"inLanguage":"en-US"},{"@type":"Organization","@id":"https:\/\/www.lpnnails.fr\/#organization","name":"LPN Nails","url":"https:\/\/www.lpnnails.fr\/","logo":{"@type":"ImageObject","inLanguage":"en-US","@id":"https:\/\/www.lpnnails.fr\/#\/schema\/logo\/image\/","url":"https:\/\/www.lpnnails.fr\/wp-content\/uploads\/2025\/11\/Design-sans-titre-2.png","contentUrl":"https:\/\/www.lpnnails.fr\/wp-content\/uploads\/2025\/11\/Design-sans-titre-2.png","width":512,"height":512,"caption":"LPN Nails"},"image":{"@id":"https:\/\/www.lpnnails.fr\/#\/schema\/logo\/image\/"},"sameAs":["https:\/\/www.facebook.com\/profile.php?id=61573655313488#","https:\/\/www.instagram.com\/lpnnails\/","https:\/\/www.linkedin.com\/company\/lpnnails\/","https:\/\/www.youtube.com\/@LPNNails\/"]}]}},"uagb_featured_image_src":{"full":["https:\/\/www.lpnnails.fr\/wp-content\/uploads\/2024\/12\/24.Strawberry-Pink-scaled.jpg",1024,1024,false],"thumbnail":["https:\/\/www.lpnnails.fr\/wp-content\/uploads\/2024\/12\/24.Strawberry-Pink-150x150.jpg",150,150,true],"medium":["https:\/\/www.lpnnails.fr\/wp-content\/uploads\/2024\/12\/24.Strawberry-Pink-300x300.jpg",300,300,true],"medium_large":["https:\/\/www.lpnnails.fr\/wp-content\/uploads\/2024\/12\/24.Strawberry-Pink-768x768.jpg",768,768,true],"large":["https:\/\/www.lpnnails.fr\/wp-content\/uploads\/2024\/12\/24.Strawberry-Pink-1024x1024.jpg",1024,1024,true],"1536x1536":["https:\/\/www.lpnnails.fr\/wp-content\/uploads\/2024\/12\/24.Strawberry-Pink-scaled.jpg",1024,1024,false],"2048x2048":["https:\/\/www.lpnnails.fr\/wp-content\/uploads\/2024\/12\/24.Strawberry-Pink-scaled.jpg",1024,1024,false],"trp-custom-language-flag":["https:\/\/www.lpnnails.fr\/wp-content\/uploads\/2024\/12\/24.Strawberry-Pink-scaled.jpg",12,12,false],"mailpoet_newsletter_max":["https:\/\/www.lpnnails.fr\/wp-content\/uploads\/2024\/12\/24.Strawberry-Pink-1320x1320.jpg",1320,1320,true],"woocommerce_thumbnail":["https:\/\/www.lpnnails.fr\/wp-content\/uploads\/2024\/12\/24.Strawberry-Pink-300x300.jpg",300,300,true],"woocommerce_single":["https:\/\/www.lpnnails.fr\/wp-content\/uploads\/2024\/12\/24.Strawberry-Pink-600x600.jpg",600,600,true],"woocommerce_gallery_thumbnail":["https:\/\/www.lpnnails.fr\/wp-content\/uploads\/2024\/12\/24.Strawberry-Pink-100x100.jpg",100,100,true],"variation_swatches_image_size":["https:\/\/www.lpnnails.fr\/wp-content\/uploads\/2024\/12\/24.Strawberry-Pink-50x50.jpg",50,50,true],"variation_swatches_tooltip_size":["https:\/\/www.lpnnails.fr\/wp-content\/uploads\/2024\/12\/24.Strawberry-Pink-100x100.jpg",100,100,true]},"uagb_author_info":{"display_name":"LPN Nails","author_link":"https:\/\/www.lpnnails.fr\/en\/author\/"},"uagb_comment_info":0,"uagb_excerpt":"Optez pour le Builder Gel Auto-\u00c9galisant &#8220;Modeline&#8221;, l\u2019alli\u00e9 incontournable pour des manucures professionnelles et \u00e9l\u00e9gantes. Caract\u00e9ristiques : Texture fluide et [&hellip;]","_links":{"self":[{"href":"https:\/\/www.lpnnails.fr\/en\/wp-json\/wp\/v2\/product\/4997","targetHints":{"allow":["GET"]}}],"collection":[{"href":"https:\/\/www.lpnnails.fr\/en\/wp-json\/wp\/v2\/product"}],"about":[{"href":"https:\/\/www.lpnnails.fr\/en\/wp-json\/wp\/v2\/types\/product"}],"replies":[{"embeddable":true,"href":"https:\/\/www.lpnnails.fr\/en\/wp-json\/wp\/v2\/comments?post=4997"}],"wp:featuredmedia":[{"embeddable":true,"href":"https:\/\/www.lpnnails.fr\/en\/wp-json\/wp\/v2\/media\/8934"}],"wp:attachment":[{"href":"https:\/\/www.lpnnails.fr\/en\/wp-json\/wp\/v2\/media?parent=4997"}],"wp:term":[{"taxonomy":"product_brand","embeddable":true,"href":"https:\/\/www.lpnnails.fr\/en\/wp-json\/wp\/v2\/product_brand?post=4997"},{"taxonomy":"product_cat","embeddable":true,"href":"https:\/\/www.lpnnails.fr\/en\/wp-json\/wp\/v2\/product_cat?post=4997"},{"taxonomy":"product_tag","embeddable":true,"href":"https:\/\/www.lpnnails.fr\/en\/wp-json\/wp\/v2\/product_tag?post=4997"}],"curies":[{"name":"wp","href":"https:\/\/api.w.org\/{rel}","templated":true}]}}