{"id":4957,"date":"2024-12-16T09:14:06","date_gmt":"2024-12-16T08:14:06","guid":{"rendered":"https:\/\/www.lpnnails.fr\/?post_type=product&#038;p=4957"},"modified":"2025-12-01T09:31:36","modified_gmt":"2025-12-01T08:31:36","slug":"decorations-tutti-frutti","status":"publish","type":"product","link":"https:\/\/www.lpnnails.fr\/en\/product\/decorations-tutti-frutti\/","title":{"rendered":"D\u00e9corations &#8220;Tutti Frutti&#8221;"},"content":{"rendered":"<p>Ajoutez une touche estivale et vitamin\u00e9e \u00e0 vos manucures avec nos<strong>\u00a0d\u00e9corations &#8220;Tutti Frutti&#8221;<\/strong>. Parfaites pour des cr\u00e9ations gourmandes et color\u00e9es, elles sont\u00a0id\u00e9ales pour le nail art des passionn\u00e9es comme des professionnels.<\/p>\n<p><strong>Features :<\/strong><\/p>\n<ul>\n<li><strong>6 compartiments vari\u00e9s :<\/strong> Contient des tranches de fruits miniatures r\u00e9alistes (pitaya, past\u00e8que, pomme, citrons, concombre).<\/li>\n<li><strong>Mat\u00e9riau flexible :<\/strong> Fabriqu\u00e9es en p\u00e2te polym\u00e8re douce pour une application facile.<\/li>\n<li><strong>Bo\u00eete pratique :<\/strong> Rangement organis\u00e9 pour garder vos d\u00e9cors accessibles et bien prot\u00e9g\u00e9s.<\/li>\n<li><strong>Taille parfaite :<\/strong> Tranches fines adapt\u00e9es pour une finition discr\u00e8te et \u00e9l\u00e9gante.<\/li>\n<\/ul>\n<p><strong>Instructions for use:<\/strong><\/p>\n<ul>\n<li>Pr\u00e9parez vos ongles et appliquez une base ou un gel color\u00e9.<\/li>\n<li>Placez d\u00e9licatement les tranches de fruits sur la surface encore collante \u00e0 l\u2019aide d\u2019une pince \u00e0 \u00e9piler.<\/li>\n<li>Scellez avec un top coat ou une finition gel pour une tenue durable.<\/li>\n<\/ul>\n<p>Laissez parler votre cr\u00e9ativit\u00e9 et <strong>donnez une saveur fruit\u00e9e \u00e0 vos manucures\u202f!<\/strong><\/p>","protected":false},"excerpt":{"rendered":"<p>Ajoutez une touche estivale et vitamin\u00e9e \u00e0 vos manucures avec nos\u00a0d\u00e9corations &#8220;Tutti Frutti&#8221;. Parfaites pour des cr\u00e9ations gourmandes et color\u00e9es, [&hellip;]<\/p>\n","protected":false},"featured_media":4958,"comment_status":"open","ping_status":"closed","template":"","meta":{"_uag_custom_page_level_css":"","site-sidebar-layout":"default","site-content-layout":"","ast-site-content-layout":"default","site-content-style":"default","site-sidebar-style":"default","ast-global-header-display":"","ast-banner-title-visibility":"","ast-main-header-display":"","ast-hfb-above-header-display":"","ast-hfb-below-header-display":"","ast-hfb-mobile-header-display":"","site-post-title":"","ast-breadcrumbs-content":"","ast-featured-img":"","footer-sml-layout":"","ast-disable-related-posts":"","theme-transparent-header-meta":"default","adv-header-id-meta":"","stick-header-meta":"","header-above-stick-meta":"","header-main-stick-meta":"","header-below-stick-meta":"","astra-migrate-meta-layouts":"set","ast-page-background-enabled":"default","ast-page-background-meta":{"desktop":{"background-color":"var(--ast-global-color-4)","background-image":"","background-repeat":"repeat","background-position":"center center","background-size":"auto","background-attachment":"scroll","background-type":"","background-media":"","overlay-type":"","overlay-color":"","overlay-opacity":"","overlay-gradient":""},"tablet":{"background-color":"","background-image":"","background-repeat":"repeat","background-position":"center center","background-size":"auto","background-attachment":"scroll","background-type":"","background-media":"","overlay-type":"","overlay-color":"","overlay-opacity":"","overlay-gradient":""},"mobile":{"background-color":"","background-image":"","background-repeat":"repeat","background-position":"center center","background-size":"auto","background-attachment":"scroll","background-type":"","background-media":"","overlay-type":"","overlay-color":"","overlay-opacity":"","overlay-gradient":""}},"ast-content-background-meta":{"desktop":{"background-color":"var(--ast-global-color-5)","background-image":"","background-repeat":"repeat","background-position":"center center","background-size":"auto","background-attachment":"scroll","background-type":"","background-media":"","overlay-type":"","overlay-color":"","overlay-opacity":"","overlay-gradient":""},"tablet":{"background-color":"var(--ast-global-color-5)","background-image":"","background-repeat":"repeat","background-position":"center center","background-size":"auto","background-attachment":"scroll","background-type":"","background-media":"","overlay-type":"","overlay-color":"","overlay-opacity":"","overlay-gradient":""},"mobile":{"background-color":"var(--ast-global-color-5)","background-image":"","background-repeat":"repeat","background-position":"center center","background-size":"auto","background-attachment":"scroll","background-type":"","background-media":"","overlay-type":"","overlay-color":"","overlay-opacity":"","overlay-gradient":""}}},"product_brand":[],"product_cat":[248,199],"product_tag":[],"class_list":{"0":"post-4957","1":"product","2":"type-product","3":"status-publish","4":"has-post-thumbnail","6":"product_cat-sequins","7":"product_cat-tous-les-produits","8":"desktop-align-left","9":"tablet-align-left","10":"mobile-align-left","12":"first","13":"instock","14":"purchasable","15":"product-type-simple"},"yoast_head":"<!-- This site is optimized with the Yoast SEO plugin v27.3 - https:\/\/yoast.com\/product\/yoast-seo-wordpress\/ -->\n<title>D\u00e9corations &quot;Tutti Frutti&quot; - LPN Nails<\/title>\n<meta name=\"description\" content=\"Ajoutez une touche estivale et vitamin\u00e9e \u00e0 vos manucures avec nos d\u00e9corations &quot;Tutti Frutti&quot;. Parfaites pour des cr\u00e9ations gourmandes et color\u00e9es, elles sont id\u00e9ales pour le nail art des passionn\u00e9es comme des professionnels.\" \/>\n<meta name=\"robots\" content=\"index, follow, max-snippet:-1, max-image-preview:large, max-video-preview:-1\" \/>\n<link rel=\"canonical\" href=\"https:\/\/www.lpnnails.fr\/en\/product\/decorations-tutti-frutti\/\" \/>\n<meta property=\"og:locale\" content=\"en_US\" \/>\n<meta property=\"og:type\" content=\"article\" \/>\n<meta property=\"og:title\" content=\"D\u00e9corations &quot;Tutti Frutti&quot; - LPN Nails\" \/>\n<meta property=\"og:description\" content=\"Ajoutez une touche estivale et vitamin\u00e9e \u00e0 vos manucures avec nos d\u00e9corations &quot;Tutti Frutti&quot;. Parfaites pour des cr\u00e9ations gourmandes et color\u00e9es, elles sont id\u00e9ales pour le nail art des passionn\u00e9es comme des professionnels.\" \/>\n<meta property=\"og:url\" content=\"https:\/\/www.lpnnails.fr\/en\/product\/decorations-tutti-frutti\/\" \/>\n<meta property=\"og:site_name\" content=\"LPN Nails\" \/>\n<meta property=\"article:publisher\" content=\"https:\/\/www.facebook.com\/profile.php?id=61573655313488#\" \/>\n<meta property=\"article:modified_time\" content=\"2025-12-01T08:31:36+00:00\" \/>\n<meta property=\"og:image\" content=\"https:\/\/www.lpnnails.fr\/wp-content\/uploads\/2025\/04\/products-8907b2_08a8f67c71754471ad03de3d4bc20af9~mv2.png\" \/>\n\t<meta property=\"og:image:width\" content=\"1000\" \/>\n\t<meta property=\"og:image:height\" content=\"1000\" \/>\n\t<meta property=\"og:image:type\" content=\"image\/jpeg\" \/>\n<meta name=\"twitter:card\" content=\"summary_large_image\" \/>\n<meta name=\"twitter:label1\" content=\"Est. reading time\" \/>\n\t<meta name=\"twitter:data1\" content=\"1 minute\" \/>\n<script type=\"application\/ld+json\" class=\"yoast-schema-graph\">{\"@context\":\"https:\\\/\\\/schema.org\",\"@graph\":[{\"@type\":\"WebPage\",\"@id\":\"https:\\\/\\\/www.lpnnails.fr\\\/produit\\\/decorations-tutti-frutti\\\/\",\"url\":\"https:\\\/\\\/www.lpnnails.fr\\\/produit\\\/decorations-tutti-frutti\\\/\",\"name\":\"D\u00e9corations \\\"Tutti Frutti\\\" - LPN Nails\",\"isPartOf\":{\"@id\":\"https:\\\/\\\/www.lpnnails.fr\\\/#website\"},\"primaryImageOfPage\":{\"@id\":\"https:\\\/\\\/www.lpnnails.fr\\\/produit\\\/decorations-tutti-frutti\\\/#primaryimage\"},\"image\":{\"@id\":\"https:\\\/\\\/www.lpnnails.fr\\\/produit\\\/decorations-tutti-frutti\\\/#primaryimage\"},\"thumbnailUrl\":\"https:\\\/\\\/www.lpnnails.fr\\\/wp-content\\\/uploads\\\/2025\\\/04\\\/products-8907b2_08a8f67c71754471ad03de3d4bc20af9~mv2.png\",\"datePublished\":\"2024-12-16T08:14:06+00:00\",\"dateModified\":\"2025-12-01T08:31:36+00:00\",\"description\":\"Ajoutez une touche estivale et vitamin\u00e9e \u00e0 vos manucures avec nos d\u00e9corations \\\"Tutti Frutti\\\". Parfaites pour des cr\u00e9ations gourmandes et color\u00e9es, elles sont id\u00e9ales pour le nail art des passionn\u00e9es comme des professionnels.\",\"breadcrumb\":{\"@id\":\"https:\\\/\\\/www.lpnnails.fr\\\/produit\\\/decorations-tutti-frutti\\\/#breadcrumb\"},\"inLanguage\":\"en-US\",\"potentialAction\":[{\"@type\":\"ReadAction\",\"target\":[\"https:\\\/\\\/www.lpnnails.fr\\\/produit\\\/decorations-tutti-frutti\\\/\"]}]},{\"@type\":\"ImageObject\",\"inLanguage\":\"en-US\",\"@id\":\"https:\\\/\\\/www.lpnnails.fr\\\/produit\\\/decorations-tutti-frutti\\\/#primaryimage\",\"url\":\"https:\\\/\\\/www.lpnnails.fr\\\/wp-content\\\/uploads\\\/2025\\\/04\\\/products-8907b2_08a8f67c71754471ad03de3d4bc20af9~mv2.png\",\"contentUrl\":\"https:\\\/\\\/www.lpnnails.fr\\\/wp-content\\\/uploads\\\/2025\\\/04\\\/products-8907b2_08a8f67c71754471ad03de3d4bc20af9~mv2.png\",\"width\":1000,\"height\":1000,\"caption\":\"D\u00c9CORATIONS TUTTI FRUTTI\"},{\"@type\":\"BreadcrumbList\",\"@id\":\"https:\\\/\\\/www.lpnnails.fr\\\/produit\\\/decorations-tutti-frutti\\\/#breadcrumb\",\"itemListElement\":[{\"@type\":\"ListItem\",\"position\":1,\"name\":\"Accueil\",\"item\":\"https:\\\/\\\/www.lpnnails.fr\\\/\"},{\"@type\":\"ListItem\",\"position\":2,\"name\":\"Boutique\",\"item\":\"https:\\\/\\\/www.lpnnails.fr\\\/boutique\\\/\"},{\"@type\":\"ListItem\",\"position\":3,\"name\":\"D\u00e9corations &#8220;Tutti Frutti&#8221;\"}]},{\"@type\":\"WebSite\",\"@id\":\"https:\\\/\\\/www.lpnnails.fr\\\/#website\",\"url\":\"https:\\\/\\\/www.lpnnails.fr\\\/\",\"name\":\"LPN Nails\",\"description\":\"\",\"publisher\":{\"@id\":\"https:\\\/\\\/www.lpnnails.fr\\\/#organization\"},\"potentialAction\":[{\"@type\":\"SearchAction\",\"target\":{\"@type\":\"EntryPoint\",\"urlTemplate\":\"https:\\\/\\\/www.lpnnails.fr\\\/?s={search_term_string}\"},\"query-input\":{\"@type\":\"PropertyValueSpecification\",\"valueRequired\":true,\"valueName\":\"search_term_string\"}}],\"inLanguage\":\"en-US\"},{\"@type\":\"Organization\",\"@id\":\"https:\\\/\\\/www.lpnnails.fr\\\/#organization\",\"name\":\"LPN Nails\",\"url\":\"https:\\\/\\\/www.lpnnails.fr\\\/\",\"logo\":{\"@type\":\"ImageObject\",\"inLanguage\":\"en-US\",\"@id\":\"https:\\\/\\\/www.lpnnails.fr\\\/#\\\/schema\\\/logo\\\/image\\\/\",\"url\":\"https:\\\/\\\/www.lpnnails.fr\\\/wp-content\\\/uploads\\\/2025\\\/11\\\/Design-sans-titre-2.png\",\"contentUrl\":\"https:\\\/\\\/www.lpnnails.fr\\\/wp-content\\\/uploads\\\/2025\\\/11\\\/Design-sans-titre-2.png\",\"width\":512,\"height\":512,\"caption\":\"LPN Nails\"},\"image\":{\"@id\":\"https:\\\/\\\/www.lpnnails.fr\\\/#\\\/schema\\\/logo\\\/image\\\/\"},\"sameAs\":[\"https:\\\/\\\/www.facebook.com\\\/profile.php?id=61573655313488#\",\"https:\\\/\\\/www.instagram.com\\\/lpnnails\\\/\",\"https:\\\/\\\/www.linkedin.com\\\/company\\\/lpnnails\\\/\",\"https:\\\/\\\/www.youtube.com\\\/@LPNNails\\\/\"]}]}<\/script>\n<!-- \/ Yoast SEO plugin. -->","yoast_head_json":{"title":"D\u00e9corations \"Tutti Frutti\" - LPN Nails","description":"Ajoutez une touche estivale et vitamin\u00e9e \u00e0 vos manucures avec nos d\u00e9corations \"Tutti Frutti\". Parfaites pour des cr\u00e9ations gourmandes et color\u00e9es, elles sont id\u00e9ales pour le nail art des passionn\u00e9es comme des professionnels.","robots":{"index":"index","follow":"follow","max-snippet":"max-snippet:-1","max-image-preview":"max-image-preview:large","max-video-preview":"max-video-preview:-1"},"canonical":"https:\/\/www.lpnnails.fr\/en\/product\/decorations-tutti-frutti\/","og_locale":"en_US","og_type":"article","og_title":"D\u00e9corations \"Tutti Frutti\" - LPN Nails","og_description":"Ajoutez une touche estivale et vitamin\u00e9e \u00e0 vos manucures avec nos d\u00e9corations \"Tutti Frutti\". Parfaites pour des cr\u00e9ations gourmandes et color\u00e9es, elles sont id\u00e9ales pour le nail art des passionn\u00e9es comme des professionnels.","og_url":"https:\/\/www.lpnnails.fr\/en\/product\/decorations-tutti-frutti\/","og_site_name":"LPN Nails","article_publisher":"https:\/\/www.facebook.com\/profile.php?id=61573655313488#","article_modified_time":"2025-12-01T08:31:36+00:00","og_image":[{"width":1000,"height":1000,"url":"https:\/\/www.lpnnails.fr\/wp-content\/uploads\/2025\/04\/products-8907b2_08a8f67c71754471ad03de3d4bc20af9~mv2.png","type":"image\/jpeg"}],"twitter_card":"summary_large_image","twitter_misc":{"Est. reading time":"1 minute"},"schema":{"@context":"https:\/\/schema.org","@graph":[{"@type":"WebPage","@id":"https:\/\/www.lpnnails.fr\/produit\/decorations-tutti-frutti\/","url":"https:\/\/www.lpnnails.fr\/produit\/decorations-tutti-frutti\/","name":"D\u00e9corations \"Tutti Frutti\" - LPN Nails","isPartOf":{"@id":"https:\/\/www.lpnnails.fr\/#website"},"primaryImageOfPage":{"@id":"https:\/\/www.lpnnails.fr\/produit\/decorations-tutti-frutti\/#primaryimage"},"image":{"@id":"https:\/\/www.lpnnails.fr\/produit\/decorations-tutti-frutti\/#primaryimage"},"thumbnailUrl":"https:\/\/www.lpnnails.fr\/wp-content\/uploads\/2025\/04\/products-8907b2_08a8f67c71754471ad03de3d4bc20af9~mv2.png","datePublished":"2024-12-16T08:14:06+00:00","dateModified":"2025-12-01T08:31:36+00:00","description":"Ajoutez une touche estivale et vitamin\u00e9e \u00e0 vos manucures avec nos d\u00e9corations \"Tutti Frutti\". Parfaites pour des cr\u00e9ations gourmandes et color\u00e9es, elles sont id\u00e9ales pour le nail art des passionn\u00e9es comme des professionnels.","breadcrumb":{"@id":"https:\/\/www.lpnnails.fr\/produit\/decorations-tutti-frutti\/#breadcrumb"},"inLanguage":"en-US","potentialAction":[{"@type":"ReadAction","target":["https:\/\/www.lpnnails.fr\/produit\/decorations-tutti-frutti\/"]}]},{"@type":"ImageObject","inLanguage":"en-US","@id":"https:\/\/www.lpnnails.fr\/produit\/decorations-tutti-frutti\/#primaryimage","url":"https:\/\/www.lpnnails.fr\/wp-content\/uploads\/2025\/04\/products-8907b2_08a8f67c71754471ad03de3d4bc20af9~mv2.png","contentUrl":"https:\/\/www.lpnnails.fr\/wp-content\/uploads\/2025\/04\/products-8907b2_08a8f67c71754471ad03de3d4bc20af9~mv2.png","width":1000,"height":1000,"caption":"D\u00c9CORATIONS TUTTI FRUTTI"},{"@type":"BreadcrumbList","@id":"https:\/\/www.lpnnails.fr\/produit\/decorations-tutti-frutti\/#breadcrumb","itemListElement":[{"@type":"ListItem","position":1,"name":"Accueil","item":"https:\/\/www.lpnnails.fr\/"},{"@type":"ListItem","position":2,"name":"Boutique","item":"https:\/\/www.lpnnails.fr\/boutique\/"},{"@type":"ListItem","position":3,"name":"D\u00e9corations &#8220;Tutti Frutti&#8221;"}]},{"@type":"WebSite","@id":"https:\/\/www.lpnnails.fr\/#website","url":"https:\/\/www.lpnnails.fr\/","name":"LPN Nails","description":"","publisher":{"@id":"https:\/\/www.lpnnails.fr\/#organization"},"potentialAction":[{"@type":"SearchAction","target":{"@type":"EntryPoint","urlTemplate":"https:\/\/www.lpnnails.fr\/?s={search_term_string}"},"query-input":{"@type":"PropertyValueSpecification","valueRequired":true,"valueName":"search_term_string"}}],"inLanguage":"en-US"},{"@type":"Organization","@id":"https:\/\/www.lpnnails.fr\/#organization","name":"LPN Nails","url":"https:\/\/www.lpnnails.fr\/","logo":{"@type":"ImageObject","inLanguage":"en-US","@id":"https:\/\/www.lpnnails.fr\/#\/schema\/logo\/image\/","url":"https:\/\/www.lpnnails.fr\/wp-content\/uploads\/2025\/11\/Design-sans-titre-2.png","contentUrl":"https:\/\/www.lpnnails.fr\/wp-content\/uploads\/2025\/11\/Design-sans-titre-2.png","width":512,"height":512,"caption":"LPN Nails"},"image":{"@id":"https:\/\/www.lpnnails.fr\/#\/schema\/logo\/image\/"},"sameAs":["https:\/\/www.facebook.com\/profile.php?id=61573655313488#","https:\/\/www.instagram.com\/lpnnails\/","https:\/\/www.linkedin.com\/company\/lpnnails\/","https:\/\/www.youtube.com\/@LPNNails\/"]}]}},"uagb_featured_image_src":{"full":["https:\/\/www.lpnnails.fr\/wp-content\/uploads\/2025\/04\/products-8907b2_08a8f67c71754471ad03de3d4bc20af9~mv2.png",1000,1000,false],"thumbnail":["https:\/\/www.lpnnails.fr\/wp-content\/uploads\/2025\/04\/products-8907b2_08a8f67c71754471ad03de3d4bc20af9~mv2.png",150,150,true],"medium":["https:\/\/www.lpnnails.fr\/wp-content\/uploads\/2025\/04\/products-8907b2_08a8f67c71754471ad03de3d4bc20af9~mv2.png",300,214,true],"medium_large":["https:\/\/www.lpnnails.fr\/wp-content\/uploads\/2025\/04\/products-8907b2_08a8f67c71754471ad03de3d4bc20af9~mv2.png",768,768,false],"large":["https:\/\/www.lpnnails.fr\/wp-content\/uploads\/2025\/04\/products-8907b2_08a8f67c71754471ad03de3d4bc20af9~mv2.png",1000,1000,false],"1536x1536":["https:\/\/www.lpnnails.fr\/wp-content\/uploads\/2025\/04\/products-8907b2_08a8f67c71754471ad03de3d4bc20af9~mv2.png",1000,1000,false],"2048x2048":["https:\/\/www.lpnnails.fr\/wp-content\/uploads\/2025\/04\/products-8907b2_08a8f67c71754471ad03de3d4bc20af9~mv2.png",1000,1000,false],"trp-custom-language-flag":["https:\/\/www.lpnnails.fr\/wp-content\/uploads\/2025\/04\/products-8907b2_08a8f67c71754471ad03de3d4bc20af9~mv2.png",12,12,false],"mailpoet_newsletter_max":["https:\/\/www.lpnnails.fr\/wp-content\/uploads\/2025\/04\/products-8907b2_08a8f67c71754471ad03de3d4bc20af9~mv2.png",1000,1000,false],"woocommerce_thumbnail":["https:\/\/www.lpnnails.fr\/wp-content\/uploads\/2025\/04\/products-8907b2_08a8f67c71754471ad03de3d4bc20af9~mv2.png",300,300,false],"woocommerce_single":["https:\/\/www.lpnnails.fr\/wp-content\/uploads\/2025\/04\/products-8907b2_08a8f67c71754471ad03de3d4bc20af9~mv2.png",600,600,false],"woocommerce_gallery_thumbnail":["https:\/\/www.lpnnails.fr\/wp-content\/uploads\/2025\/04\/products-8907b2_08a8f67c71754471ad03de3d4bc20af9~mv2.png",100,100,false],"variation_swatches_image_size":["https:\/\/www.lpnnails.fr\/wp-content\/uploads\/2025\/04\/products-8907b2_08a8f67c71754471ad03de3d4bc20af9~mv2.png",50,50,false],"variation_swatches_tooltip_size":["https:\/\/www.lpnnails.fr\/wp-content\/uploads\/2025\/04\/products-8907b2_08a8f67c71754471ad03de3d4bc20af9~mv2.png",100,100,false]},"uagb_author_info":{"display_name":"LPN Nails","author_link":"https:\/\/www.lpnnails.fr\/en\/author\/"},"uagb_comment_info":0,"uagb_excerpt":"Ajoutez une touche estivale et vitamin\u00e9e \u00e0 vos manucures avec nos\u00a0d\u00e9corations &#8220;Tutti Frutti&#8221;. Parfaites pour des cr\u00e9ations gourmandes et color\u00e9es, [&hellip;]","_links":{"self":[{"href":"https:\/\/www.lpnnails.fr\/en\/wp-json\/wp\/v2\/product\/4957","targetHints":{"allow":["GET"]}}],"collection":[{"href":"https:\/\/www.lpnnails.fr\/en\/wp-json\/wp\/v2\/product"}],"about":[{"href":"https:\/\/www.lpnnails.fr\/en\/wp-json\/wp\/v2\/types\/product"}],"replies":[{"embeddable":true,"href":"https:\/\/www.lpnnails.fr\/en\/wp-json\/wp\/v2\/comments?post=4957"}],"wp:featuredmedia":[{"embeddable":true,"href":"https:\/\/www.lpnnails.fr\/en\/wp-json\/wp\/v2\/media\/4958"}],"wp:attachment":[{"href":"https:\/\/www.lpnnails.fr\/en\/wp-json\/wp\/v2\/media?parent=4957"}],"wp:term":[{"taxonomy":"product_brand","embeddable":true,"href":"https:\/\/www.lpnnails.fr\/en\/wp-json\/wp\/v2\/product_brand?post=4957"},{"taxonomy":"product_cat","embeddable":true,"href":"https:\/\/www.lpnnails.fr\/en\/wp-json\/wp\/v2\/product_cat?post=4957"},{"taxonomy":"product_tag","embeddable":true,"href":"https:\/\/www.lpnnails.fr\/en\/wp-json\/wp\/v2\/product_tag?post=4957"}],"curies":[{"name":"wp","href":"https:\/\/api.w.org\/{rel}","templated":true}]}}