{"id":4953,"date":"2024-12-09T14:45:49","date_gmt":"2024-12-09T14:45:49","guid":{"rendered":"https:\/\/www.lpnnails.fr\/?post_type=product&#038;p=4953"},"modified":"2026-03-10T02:37:01","modified_gmt":"2026-03-10T01:37:01","slug":"lampe-de-polymerisation","status":"publish","type":"product","link":"https:\/\/www.lpnnails.fr\/en\/product\/lampe-de-polymerisation\/","title":{"rendered":"Lampe de polym\u00e9risation"},"content":{"rendered":"<p>Simplifiez vos travaux de pr\u00e9cision gr\u00e2ce \u00e0 cette<strong> lampe UV portable et polyvalente.<\/strong> Sp\u00e9cialement con\u00e7ue pour durcir les colles UV et effectuer diverses inspections, elle est un outil indispensable pour les professionnels comme pour les amateurs.<\/p>\n<p><strong>Features :<\/strong><\/p>\n<ul>\n<li><strong>Longueur d\u2019onde optimale :<\/strong> 395 nm pour un durcissement rapide et efficace des colles UV.<\/li>\n<li><strong>Puissance lumineuse :<\/strong> 3W LED pour une haute intensit\u00e9.<\/li>\n<li><strong>Design pratique :<\/strong> \u00c9quip\u00e9e d\u2019un clip robuste et d\u2019un interrupteur pour une utilisation stable et fluide.<\/li>\n<li><strong>C\u00e2ble USB :<\/strong> Longueur de 1,8 m pour une alimentation Plug &amp; Play simple et pratique.<\/li>\n<li><strong>Mat\u00e9riaux durables :<\/strong> T\u00eate en alliage d\u2019aluminium d\u2019aviation et abat-jour en m\u00e9tal.<\/li>\n<\/ul>\n<p><strong>Sp\u00e9cifications :<\/strong><\/p>\n<ul>\n<li><strong>Puissance nominale :<\/strong> 3W.<\/li>\n<li><strong>Type de lumi\u00e8re :<\/strong> LED UV violette.<\/li>\n<li><strong>Dimensions :<\/strong> Longueur totale de 32,5 cm.<\/li>\n<li><strong>Tension d\u2019entr\u00e9e :<\/strong> DC 3.5-5V.<\/li>\n<\/ul>\n<p>Offrez-vous la<strong> pr\u00e9cision et la simplicit\u00e9 <\/strong>avec cette lampe UV multifonctionnelle. Parfaite pour les travaux techniques, les r\u00e9parations ou les contr\u00f4les minutieux, elle s\u2019adapte \u00e0 tous vos besoins. Un outil professionnel qui trouve \u00e9galement sa place dans un usage quotidien !<\/p>","protected":false},"excerpt":{"rendered":"<p>Simplifiez vos travaux de pr\u00e9cision gr\u00e2ce \u00e0 cette lampe UV portable et polyvalente. Sp\u00e9cialement con\u00e7ue pour durcir les colles UV [&hellip;]<\/p>\n","protected":false},"featured_media":4954,"comment_status":"open","ping_status":"closed","template":"","meta":{"_uag_custom_page_level_css":"","site-sidebar-layout":"default","site-content-layout":"","ast-site-content-layout":"default","site-content-style":"default","site-sidebar-style":"default","ast-global-header-display":"","ast-banner-title-visibility":"","ast-main-header-display":"","ast-hfb-above-header-display":"","ast-hfb-below-header-display":"","ast-hfb-mobile-header-display":"","site-post-title":"","ast-breadcrumbs-content":"","ast-featured-img":"","footer-sml-layout":"","ast-disable-related-posts":"","theme-transparent-header-meta":"default","adv-header-id-meta":"","stick-header-meta":"","header-above-stick-meta":"","header-main-stick-meta":"","header-below-stick-meta":"","astra-migrate-meta-layouts":"set","ast-page-background-enabled":"default","ast-page-background-meta":{"desktop":{"background-color":"var(--ast-global-color-4)","background-image":"","background-repeat":"repeat","background-position":"center center","background-size":"auto","background-attachment":"scroll","background-type":"","background-media":"","overlay-type":"","overlay-color":"","overlay-opacity":"","overlay-gradient":""},"tablet":{"background-color":"","background-image":"","background-repeat":"repeat","background-position":"center center","background-size":"auto","background-attachment":"scroll","background-type":"","background-media":"","overlay-type":"","overlay-color":"","overlay-opacity":"","overlay-gradient":""},"mobile":{"background-color":"","background-image":"","background-repeat":"repeat","background-position":"center center","background-size":"auto","background-attachment":"scroll","background-type":"","background-media":"","overlay-type":"","overlay-color":"","overlay-opacity":"","overlay-gradient":""}},"ast-content-background-meta":{"desktop":{"background-color":"var(--ast-global-color-5)","background-image":"","background-repeat":"repeat","background-position":"center center","background-size":"auto","background-attachment":"scroll","background-type":"","background-media":"","overlay-type":"","overlay-color":"","overlay-opacity":"","overlay-gradient":""},"tablet":{"background-color":"var(--ast-global-color-5)","background-image":"","background-repeat":"repeat","background-position":"center center","background-size":"auto","background-attachment":"scroll","background-type":"","background-media":"","overlay-type":"","overlay-color":"","overlay-opacity":"","overlay-gradient":""},"mobile":{"background-color":"var(--ast-global-color-5)","background-image":"","background-repeat":"repeat","background-position":"center center","background-size":"auto","background-attachment":"scroll","background-type":"","background-media":"","overlay-type":"","overlay-color":"","overlay-opacity":"","overlay-gradient":""}}},"product_brand":[254],"product_cat":[762,199],"product_tag":[],"class_list":{"0":"post-4953","1":"product","2":"type-product","3":"status-publish","4":"has-post-thumbnail","6":"product_brand-lpnnails","7":"product_cat-destockage","8":"product_cat-tous-les-produits","9":"desktop-align-left","10":"tablet-align-left","11":"mobile-align-left","13":"first","14":"instock","15":"purchasable","16":"product-type-simple"},"yoast_head":"<!-- This site is optimized with the Yoast SEO plugin v27.3 - https:\/\/yoast.com\/product\/yoast-seo-wordpress\/ -->\n<title>Lampe de polym\u00e9risation - LPN Nails<\/title>\n<meta name=\"description\" content=\"Simplifiez vos travaux de pr\u00e9cision gr\u00e2ce \u00e0 cette lampe UV portable et polyvalente. Sp\u00e9cialement con\u00e7ue pour durcir les colles UV et effectuer diverses inspections, elle est un outil indispensable pour les professionnels comme pour les amateurs.\" \/>\n<meta name=\"robots\" content=\"index, follow, max-snippet:-1, max-image-preview:large, max-video-preview:-1\" \/>\n<link rel=\"canonical\" href=\"https:\/\/www.lpnnails.fr\/en\/product\/lampe-de-polymerisation\/\" \/>\n<meta property=\"og:locale\" content=\"en_US\" \/>\n<meta property=\"og:type\" content=\"article\" \/>\n<meta property=\"og:title\" content=\"Lampe de polym\u00e9risation - LPN Nails\" \/>\n<meta property=\"og:description\" content=\"Simplifiez vos travaux de pr\u00e9cision gr\u00e2ce \u00e0 cette lampe UV portable et polyvalente. Sp\u00e9cialement con\u00e7ue pour durcir les colles UV et effectuer diverses inspections, elle est un outil indispensable pour les professionnels comme pour les amateurs.\" \/>\n<meta property=\"og:url\" content=\"https:\/\/www.lpnnails.fr\/en\/product\/lampe-de-polymerisation\/\" \/>\n<meta property=\"og:site_name\" content=\"LPN Nails\" \/>\n<meta property=\"article:publisher\" content=\"https:\/\/www.facebook.com\/profile.php?id=61573655313488#\" \/>\n<meta property=\"article:modified_time\" content=\"2026-03-10T01:37:01+00:00\" \/>\n<meta property=\"og:image\" content=\"https:\/\/www.lpnnails.fr\/wp-content\/uploads\/2025\/04\/products-8907b2_ce74f7542248495dac5bb4c22b3ff542~mv2.png\" \/>\n\t<meta property=\"og:image:width\" content=\"1000\" \/>\n\t<meta property=\"og:image:height\" content=\"1000\" \/>\n\t<meta property=\"og:image:type\" content=\"image\/jpeg\" \/>\n<meta name=\"twitter:card\" content=\"summary_large_image\" \/>\n<meta name=\"twitter:label1\" content=\"Est. reading time\" \/>\n\t<meta name=\"twitter:data1\" content=\"2 minutes\" \/>\n<script type=\"application\/ld+json\" class=\"yoast-schema-graph\">{\"@context\":\"https:\\\/\\\/schema.org\",\"@graph\":[{\"@type\":\"WebPage\",\"@id\":\"https:\\\/\\\/www.lpnnails.fr\\\/produit\\\/lampe-de-polymerisation\\\/\",\"url\":\"https:\\\/\\\/www.lpnnails.fr\\\/produit\\\/lampe-de-polymerisation\\\/\",\"name\":\"Lampe de polym\u00e9risation - LPN Nails\",\"isPartOf\":{\"@id\":\"https:\\\/\\\/www.lpnnails.fr\\\/#website\"},\"primaryImageOfPage\":{\"@id\":\"https:\\\/\\\/www.lpnnails.fr\\\/produit\\\/lampe-de-polymerisation\\\/#primaryimage\"},\"image\":{\"@id\":\"https:\\\/\\\/www.lpnnails.fr\\\/produit\\\/lampe-de-polymerisation\\\/#primaryimage\"},\"thumbnailUrl\":\"https:\\\/\\\/www.lpnnails.fr\\\/wp-content\\\/uploads\\\/2025\\\/04\\\/products-8907b2_ce74f7542248495dac5bb4c22b3ff542~mv2.png\",\"datePublished\":\"2024-12-09T14:45:49+00:00\",\"dateModified\":\"2026-03-10T01:37:01+00:00\",\"description\":\"Simplifiez vos travaux de pr\u00e9cision gr\u00e2ce \u00e0 cette lampe UV portable et polyvalente. Sp\u00e9cialement con\u00e7ue pour durcir les colles UV et effectuer diverses inspections, elle est un outil indispensable pour les professionnels comme pour les amateurs.\",\"breadcrumb\":{\"@id\":\"https:\\\/\\\/www.lpnnails.fr\\\/produit\\\/lampe-de-polymerisation\\\/#breadcrumb\"},\"inLanguage\":\"en-US\",\"potentialAction\":[{\"@type\":\"ReadAction\",\"target\":[\"https:\\\/\\\/www.lpnnails.fr\\\/produit\\\/lampe-de-polymerisation\\\/\"]}]},{\"@type\":\"ImageObject\",\"inLanguage\":\"en-US\",\"@id\":\"https:\\\/\\\/www.lpnnails.fr\\\/produit\\\/lampe-de-polymerisation\\\/#primaryimage\",\"url\":\"https:\\\/\\\/www.lpnnails.fr\\\/wp-content\\\/uploads\\\/2025\\\/04\\\/products-8907b2_ce74f7542248495dac5bb4c22b3ff542~mv2.png\",\"contentUrl\":\"https:\\\/\\\/www.lpnnails.fr\\\/wp-content\\\/uploads\\\/2025\\\/04\\\/products-8907b2_ce74f7542248495dac5bb4c22b3ff542~mv2.png\",\"width\":1000,\"height\":1000,\"caption\":\"Lampe de polym\u00e9risation\"},{\"@type\":\"BreadcrumbList\",\"@id\":\"https:\\\/\\\/www.lpnnails.fr\\\/produit\\\/lampe-de-polymerisation\\\/#breadcrumb\",\"itemListElement\":[{\"@type\":\"ListItem\",\"position\":1,\"name\":\"Accueil\",\"item\":\"https:\\\/\\\/www.lpnnails.fr\\\/\"},{\"@type\":\"ListItem\",\"position\":2,\"name\":\"Boutique\",\"item\":\"https:\\\/\\\/www.lpnnails.fr\\\/boutique\\\/\"},{\"@type\":\"ListItem\",\"position\":3,\"name\":\"Lampe de polym\u00e9risation\"}]},{\"@type\":\"WebSite\",\"@id\":\"https:\\\/\\\/www.lpnnails.fr\\\/#website\",\"url\":\"https:\\\/\\\/www.lpnnails.fr\\\/\",\"name\":\"LPN Nails\",\"description\":\"\",\"publisher\":{\"@id\":\"https:\\\/\\\/www.lpnnails.fr\\\/#organization\"},\"potentialAction\":[{\"@type\":\"SearchAction\",\"target\":{\"@type\":\"EntryPoint\",\"urlTemplate\":\"https:\\\/\\\/www.lpnnails.fr\\\/?s={search_term_string}\"},\"query-input\":{\"@type\":\"PropertyValueSpecification\",\"valueRequired\":true,\"valueName\":\"search_term_string\"}}],\"inLanguage\":\"en-US\"},{\"@type\":\"Organization\",\"@id\":\"https:\\\/\\\/www.lpnnails.fr\\\/#organization\",\"name\":\"LPN Nails\",\"url\":\"https:\\\/\\\/www.lpnnails.fr\\\/\",\"logo\":{\"@type\":\"ImageObject\",\"inLanguage\":\"en-US\",\"@id\":\"https:\\\/\\\/www.lpnnails.fr\\\/#\\\/schema\\\/logo\\\/image\\\/\",\"url\":\"https:\\\/\\\/www.lpnnails.fr\\\/wp-content\\\/uploads\\\/2025\\\/11\\\/Design-sans-titre-2.png\",\"contentUrl\":\"https:\\\/\\\/www.lpnnails.fr\\\/wp-content\\\/uploads\\\/2025\\\/11\\\/Design-sans-titre-2.png\",\"width\":512,\"height\":512,\"caption\":\"LPN Nails\"},\"image\":{\"@id\":\"https:\\\/\\\/www.lpnnails.fr\\\/#\\\/schema\\\/logo\\\/image\\\/\"},\"sameAs\":[\"https:\\\/\\\/www.facebook.com\\\/profile.php?id=61573655313488#\",\"https:\\\/\\\/www.instagram.com\\\/lpnnails\\\/\",\"https:\\\/\\\/www.linkedin.com\\\/company\\\/lpnnails\\\/\",\"https:\\\/\\\/www.youtube.com\\\/@LPNNails\\\/\"]}]}<\/script>\n<!-- \/ Yoast SEO plugin. -->","yoast_head_json":{"title":"Lampe de polym\u00e9risation - LPN Nails","description":"Simplifiez vos travaux de pr\u00e9cision gr\u00e2ce \u00e0 cette lampe UV portable et polyvalente. Sp\u00e9cialement con\u00e7ue pour durcir les colles UV et effectuer diverses inspections, elle est un outil indispensable pour les professionnels comme pour les amateurs.","robots":{"index":"index","follow":"follow","max-snippet":"max-snippet:-1","max-image-preview":"max-image-preview:large","max-video-preview":"max-video-preview:-1"},"canonical":"https:\/\/www.lpnnails.fr\/en\/product\/lampe-de-polymerisation\/","og_locale":"en_US","og_type":"article","og_title":"Lampe de polym\u00e9risation - LPN Nails","og_description":"Simplifiez vos travaux de pr\u00e9cision gr\u00e2ce \u00e0 cette lampe UV portable et polyvalente. Sp\u00e9cialement con\u00e7ue pour durcir les colles UV et effectuer diverses inspections, elle est un outil indispensable pour les professionnels comme pour les amateurs.","og_url":"https:\/\/www.lpnnails.fr\/en\/product\/lampe-de-polymerisation\/","og_site_name":"LPN Nails","article_publisher":"https:\/\/www.facebook.com\/profile.php?id=61573655313488#","article_modified_time":"2026-03-10T01:37:01+00:00","og_image":[{"width":1000,"height":1000,"url":"https:\/\/www.lpnnails.fr\/wp-content\/uploads\/2025\/04\/products-8907b2_ce74f7542248495dac5bb4c22b3ff542~mv2.png","type":"image\/jpeg"}],"twitter_card":"summary_large_image","twitter_misc":{"Est. reading time":"2 minutes"},"schema":{"@context":"https:\/\/schema.org","@graph":[{"@type":"WebPage","@id":"https:\/\/www.lpnnails.fr\/produit\/lampe-de-polymerisation\/","url":"https:\/\/www.lpnnails.fr\/produit\/lampe-de-polymerisation\/","name":"Lampe de polym\u00e9risation - LPN Nails","isPartOf":{"@id":"https:\/\/www.lpnnails.fr\/#website"},"primaryImageOfPage":{"@id":"https:\/\/www.lpnnails.fr\/produit\/lampe-de-polymerisation\/#primaryimage"},"image":{"@id":"https:\/\/www.lpnnails.fr\/produit\/lampe-de-polymerisation\/#primaryimage"},"thumbnailUrl":"https:\/\/www.lpnnails.fr\/wp-content\/uploads\/2025\/04\/products-8907b2_ce74f7542248495dac5bb4c22b3ff542~mv2.png","datePublished":"2024-12-09T14:45:49+00:00","dateModified":"2026-03-10T01:37:01+00:00","description":"Simplifiez vos travaux de pr\u00e9cision gr\u00e2ce \u00e0 cette lampe UV portable et polyvalente. Sp\u00e9cialement con\u00e7ue pour durcir les colles UV et effectuer diverses inspections, elle est un outil indispensable pour les professionnels comme pour les amateurs.","breadcrumb":{"@id":"https:\/\/www.lpnnails.fr\/produit\/lampe-de-polymerisation\/#breadcrumb"},"inLanguage":"en-US","potentialAction":[{"@type":"ReadAction","target":["https:\/\/www.lpnnails.fr\/produit\/lampe-de-polymerisation\/"]}]},{"@type":"ImageObject","inLanguage":"en-US","@id":"https:\/\/www.lpnnails.fr\/produit\/lampe-de-polymerisation\/#primaryimage","url":"https:\/\/www.lpnnails.fr\/wp-content\/uploads\/2025\/04\/products-8907b2_ce74f7542248495dac5bb4c22b3ff542~mv2.png","contentUrl":"https:\/\/www.lpnnails.fr\/wp-content\/uploads\/2025\/04\/products-8907b2_ce74f7542248495dac5bb4c22b3ff542~mv2.png","width":1000,"height":1000,"caption":"Lampe de polym\u00e9risation"},{"@type":"BreadcrumbList","@id":"https:\/\/www.lpnnails.fr\/produit\/lampe-de-polymerisation\/#breadcrumb","itemListElement":[{"@type":"ListItem","position":1,"name":"Accueil","item":"https:\/\/www.lpnnails.fr\/"},{"@type":"ListItem","position":2,"name":"Boutique","item":"https:\/\/www.lpnnails.fr\/boutique\/"},{"@type":"ListItem","position":3,"name":"Lampe de polym\u00e9risation"}]},{"@type":"WebSite","@id":"https:\/\/www.lpnnails.fr\/#website","url":"https:\/\/www.lpnnails.fr\/","name":"LPN Nails","description":"","publisher":{"@id":"https:\/\/www.lpnnails.fr\/#organization"},"potentialAction":[{"@type":"SearchAction","target":{"@type":"EntryPoint","urlTemplate":"https:\/\/www.lpnnails.fr\/?s={search_term_string}"},"query-input":{"@type":"PropertyValueSpecification","valueRequired":true,"valueName":"search_term_string"}}],"inLanguage":"en-US"},{"@type":"Organization","@id":"https:\/\/www.lpnnails.fr\/#organization","name":"LPN Nails","url":"https:\/\/www.lpnnails.fr\/","logo":{"@type":"ImageObject","inLanguage":"en-US","@id":"https:\/\/www.lpnnails.fr\/#\/schema\/logo\/image\/","url":"https:\/\/www.lpnnails.fr\/wp-content\/uploads\/2025\/11\/Design-sans-titre-2.png","contentUrl":"https:\/\/www.lpnnails.fr\/wp-content\/uploads\/2025\/11\/Design-sans-titre-2.png","width":512,"height":512,"caption":"LPN Nails"},"image":{"@id":"https:\/\/www.lpnnails.fr\/#\/schema\/logo\/image\/"},"sameAs":["https:\/\/www.facebook.com\/profile.php?id=61573655313488#","https:\/\/www.instagram.com\/lpnnails\/","https:\/\/www.linkedin.com\/company\/lpnnails\/","https:\/\/www.youtube.com\/@LPNNails\/"]}]}},"uagb_featured_image_src":{"full":["https:\/\/www.lpnnails.fr\/wp-content\/uploads\/2025\/04\/products-8907b2_ce74f7542248495dac5bb4c22b3ff542~mv2.png",1000,1000,false],"thumbnail":["https:\/\/www.lpnnails.fr\/wp-content\/uploads\/2025\/04\/products-8907b2_ce74f7542248495dac5bb4c22b3ff542~mv2.png",150,150,true],"medium":["https:\/\/www.lpnnails.fr\/wp-content\/uploads\/2025\/04\/products-8907b2_ce74f7542248495dac5bb4c22b3ff542~mv2.png",300,214,true],"medium_large":["https:\/\/www.lpnnails.fr\/wp-content\/uploads\/2025\/04\/products-8907b2_ce74f7542248495dac5bb4c22b3ff542~mv2.png",768,768,false],"large":["https:\/\/www.lpnnails.fr\/wp-content\/uploads\/2025\/04\/products-8907b2_ce74f7542248495dac5bb4c22b3ff542~mv2.png",1000,1000,false],"1536x1536":["https:\/\/www.lpnnails.fr\/wp-content\/uploads\/2025\/04\/products-8907b2_ce74f7542248495dac5bb4c22b3ff542~mv2.png",1000,1000,false],"2048x2048":["https:\/\/www.lpnnails.fr\/wp-content\/uploads\/2025\/04\/products-8907b2_ce74f7542248495dac5bb4c22b3ff542~mv2.png",1000,1000,false],"trp-custom-language-flag":["https:\/\/www.lpnnails.fr\/wp-content\/uploads\/2025\/04\/products-8907b2_ce74f7542248495dac5bb4c22b3ff542~mv2.png",12,12,false],"mailpoet_newsletter_max":["https:\/\/www.lpnnails.fr\/wp-content\/uploads\/2025\/04\/products-8907b2_ce74f7542248495dac5bb4c22b3ff542~mv2.png",1000,1000,false],"woocommerce_thumbnail":["https:\/\/www.lpnnails.fr\/wp-content\/uploads\/2025\/04\/products-8907b2_ce74f7542248495dac5bb4c22b3ff542~mv2.png",300,300,false],"woocommerce_single":["https:\/\/www.lpnnails.fr\/wp-content\/uploads\/2025\/04\/products-8907b2_ce74f7542248495dac5bb4c22b3ff542~mv2.png",600,600,false],"woocommerce_gallery_thumbnail":["https:\/\/www.lpnnails.fr\/wp-content\/uploads\/2025\/04\/products-8907b2_ce74f7542248495dac5bb4c22b3ff542~mv2.png",100,100,false],"variation_swatches_image_size":["https:\/\/www.lpnnails.fr\/wp-content\/uploads\/2025\/04\/products-8907b2_ce74f7542248495dac5bb4c22b3ff542~mv2.png",50,50,false],"variation_swatches_tooltip_size":["https:\/\/www.lpnnails.fr\/wp-content\/uploads\/2025\/04\/products-8907b2_ce74f7542248495dac5bb4c22b3ff542~mv2.png",100,100,false]},"uagb_author_info":{"display_name":"LPN Nails","author_link":"https:\/\/www.lpnnails.fr\/en\/author\/"},"uagb_comment_info":0,"uagb_excerpt":"Simplifiez vos travaux de pr\u00e9cision gr\u00e2ce \u00e0 cette lampe UV portable et polyvalente. Sp\u00e9cialement con\u00e7ue pour durcir les colles UV [&hellip;]","_links":{"self":[{"href":"https:\/\/www.lpnnails.fr\/en\/wp-json\/wp\/v2\/product\/4953","targetHints":{"allow":["GET"]}}],"collection":[{"href":"https:\/\/www.lpnnails.fr\/en\/wp-json\/wp\/v2\/product"}],"about":[{"href":"https:\/\/www.lpnnails.fr\/en\/wp-json\/wp\/v2\/types\/product"}],"replies":[{"embeddable":true,"href":"https:\/\/www.lpnnails.fr\/en\/wp-json\/wp\/v2\/comments?post=4953"}],"wp:featuredmedia":[{"embeddable":true,"href":"https:\/\/www.lpnnails.fr\/en\/wp-json\/wp\/v2\/media\/4954"}],"wp:attachment":[{"href":"https:\/\/www.lpnnails.fr\/en\/wp-json\/wp\/v2\/media?parent=4953"}],"wp:term":[{"taxonomy":"product_brand","embeddable":true,"href":"https:\/\/www.lpnnails.fr\/en\/wp-json\/wp\/v2\/product_brand?post=4953"},{"taxonomy":"product_cat","embeddable":true,"href":"https:\/\/www.lpnnails.fr\/en\/wp-json\/wp\/v2\/product_cat?post=4953"},{"taxonomy":"product_tag","embeddable":true,"href":"https:\/\/www.lpnnails.fr\/en\/wp-json\/wp\/v2\/product_tag?post=4953"}],"curies":[{"name":"wp","href":"https:\/\/api.w.org\/{rel}","templated":true}]}}