{"id":4935,"date":"2024-12-09T08:57:15","date_gmt":"2024-12-09T08:57:15","guid":{"rendered":"https:\/\/www.lpnnails.fr\/?post_type=product&#038;p=4935"},"modified":"2026-03-06T14:50:12","modified_gmt":"2026-03-06T13:50:12","slug":"set-de-manucure","status":"publish","type":"product","link":"https:\/\/www.lpnnails.fr\/en\/product\/set-de-manucure\/","title":{"rendered":"Set de manucure"},"content":{"rendered":"<p>Transformez votre routine de soin des ongles avec notre <strong>Set de Manucure<\/strong>, l&#8217;accessoire incontournable pour des ongles soign\u00e9s et parfaits. Ce kit pratique et compact comprend tous les outils essentiels pour entretenir vos ongles \u00e0 domicile ou en d\u00e9placement, le tout dans une pochette raffin\u00e9e et moderne.<\/p>\n<p><strong>Contenu :<\/strong><\/p>\n<ul>\n<li><strong>2 coupe-ongles<\/strong> : Diff\u00e9rentes tailles pour une coupe pr\u00e9cise et adapt\u00e9e.<\/li>\n<li><strong>1 paire de ciseaux<\/strong> : Id\u00e9ale pour peaufiner les d\u00e9tails et tailler les cuticules.<\/li>\n<li><strong>1 lime \u00e0 ongles<\/strong> : Pour une finition lisse et professionnelle.<\/li>\n<li><strong>2 poussoirs\/cure-cuticules<\/strong> : Facilite le retrait des cuticules pour une surface nette.<\/li>\n<\/ul>\n<p><strong>Features :<\/strong><\/p>\n<ul>\n<li><strong>Design \u00e9l\u00e9gant<\/strong> : Outils avec finitions rose pastel et acier inoxydable.<\/li>\n<li><strong>Pochette compacte<\/strong> : \u00c9tui en cuir beige textur\u00e9 pour un rangement pratique et s\u00e9curis\u00e9.<\/li>\n<li><strong>Qualit\u00e9 professionnelle<\/strong> : Outils durables, faciles \u00e0 nettoyer et adapt\u00e9s \u00e0 tous les types d\u2019ongles.<\/li>\n<li><strong>Id\u00e9al pour offrir<\/strong> : Une id\u00e9e cadeau chic pour les amateurs de manucure.<\/li>\n<\/ul>\n<p>Faites de ce set votre compagnon incontournable pour des ongles impeccables en toutes circonstances\u202f!<\/p>","protected":false},"excerpt":{"rendered":"<p>Transformez votre routine de soin des ongles avec notre Set de Manucure, l&#8217;accessoire incontournable pour des ongles soign\u00e9s et parfaits. [&hellip;]<\/p>\n","protected":false},"featured_media":4936,"comment_status":"open","ping_status":"closed","template":"","meta":{"_uag_custom_page_level_css":"","site-sidebar-layout":"default","site-content-layout":"","ast-site-content-layout":"default","site-content-style":"default","site-sidebar-style":"default","ast-global-header-display":"","ast-banner-title-visibility":"","ast-main-header-display":"","ast-hfb-above-header-display":"","ast-hfb-below-header-display":"","ast-hfb-mobile-header-display":"","site-post-title":"","ast-breadcrumbs-content":"","ast-featured-img":"","footer-sml-layout":"","ast-disable-related-posts":"","theme-transparent-header-meta":"default","adv-header-id-meta":"","stick-header-meta":"","header-above-stick-meta":"","header-main-stick-meta":"","header-below-stick-meta":"","astra-migrate-meta-layouts":"set","ast-page-background-enabled":"default","ast-page-background-meta":{"desktop":{"background-color":"var(--ast-global-color-4)","background-image":"","background-repeat":"repeat","background-position":"center center","background-size":"auto","background-attachment":"scroll","background-type":"","background-media":"","overlay-type":"","overlay-color":"","overlay-opacity":"","overlay-gradient":""},"tablet":{"background-color":"","background-image":"","background-repeat":"repeat","background-position":"center center","background-size":"auto","background-attachment":"scroll","background-type":"","background-media":"","overlay-type":"","overlay-color":"","overlay-opacity":"","overlay-gradient":""},"mobile":{"background-color":"","background-image":"","background-repeat":"repeat","background-position":"center center","background-size":"auto","background-attachment":"scroll","background-type":"","background-media":"","overlay-type":"","overlay-color":"","overlay-opacity":"","overlay-gradient":""}},"ast-content-background-meta":{"desktop":{"background-color":"var(--ast-global-color-5)","background-image":"","background-repeat":"repeat","background-position":"center center","background-size":"auto","background-attachment":"scroll","background-type":"","background-media":"","overlay-type":"","overlay-color":"","overlay-opacity":"","overlay-gradient":""},"tablet":{"background-color":"var(--ast-global-color-5)","background-image":"","background-repeat":"repeat","background-position":"center center","background-size":"auto","background-attachment":"scroll","background-type":"","background-media":"","overlay-type":"","overlay-color":"","overlay-opacity":"","overlay-gradient":""},"mobile":{"background-color":"var(--ast-global-color-5)","background-image":"","background-repeat":"repeat","background-position":"center center","background-size":"auto","background-attachment":"scroll","background-type":"","background-media":"","overlay-type":"","overlay-color":"","overlay-opacity":"","overlay-gradient":""}}},"product_brand":[],"product_cat":[762,199],"product_tag":[],"class_list":{"0":"post-4935","1":"product","2":"type-product","3":"status-publish","4":"has-post-thumbnail","6":"product_cat-destockage","7":"product_cat-tous-les-produits","8":"desktop-align-left","9":"tablet-align-left","10":"mobile-align-left","12":"first","13":"instock","14":"purchasable","15":"product-type-simple"},"yoast_head":"<!-- This site is optimized with the Yoast SEO plugin v27.3 - https:\/\/yoast.com\/product\/yoast-seo-wordpress\/ -->\n<title>Set de manucure - LPN Nails<\/title>\n<meta name=\"description\" content=\"Transformez votre routine de soin des ongles avec notre Set de Manucure, l&#039;accessoire incontournable pour des ongles soign\u00e9s et parfaits. Ce kit pratique et compact comprend tous les outils essentiels pour entretenir vos ongles \u00e0 domicile ou en d\u00e9placement, le tout dans une pochette raffin\u00e9e et moderne.\" \/>\n<meta name=\"robots\" content=\"index, follow, max-snippet:-1, max-image-preview:large, max-video-preview:-1\" \/>\n<link rel=\"canonical\" href=\"https:\/\/www.lpnnails.fr\/en\/product\/set-de-manucure\/\" \/>\n<meta property=\"og:locale\" content=\"en_US\" \/>\n<meta property=\"og:type\" content=\"article\" \/>\n<meta property=\"og:title\" content=\"Set de manucure - LPN Nails\" \/>\n<meta property=\"og:description\" content=\"Transformez votre routine de soin des ongles avec notre Set de Manucure, l&#039;accessoire incontournable pour des ongles soign\u00e9s et parfaits. Ce kit pratique et compact comprend tous les outils essentiels pour entretenir vos ongles \u00e0 domicile ou en d\u00e9placement, le tout dans une pochette raffin\u00e9e et moderne.\" \/>\n<meta property=\"og:url\" content=\"https:\/\/www.lpnnails.fr\/en\/product\/set-de-manucure\/\" \/>\n<meta property=\"og:site_name\" content=\"LPN Nails\" \/>\n<meta property=\"article:publisher\" content=\"https:\/\/www.facebook.com\/profile.php?id=61573655313488#\" \/>\n<meta property=\"article:modified_time\" content=\"2026-03-06T13:50:12+00:00\" \/>\n<meta property=\"og:image\" content=\"https:\/\/www.lpnnails.fr\/wp-content\/uploads\/2025\/04\/products-8907b2_da93c52834454ebe8b81cc9761cf673c~mv2.png\" \/>\n\t<meta property=\"og:image:width\" content=\"1000\" \/>\n\t<meta property=\"og:image:height\" content=\"1000\" \/>\n\t<meta property=\"og:image:type\" content=\"image\/jpeg\" \/>\n<meta name=\"twitter:card\" content=\"summary_large_image\" \/>\n<meta name=\"twitter:label1\" content=\"Est. reading time\" \/>\n\t<meta name=\"twitter:data1\" content=\"1 minute\" \/>\n<script type=\"application\/ld+json\" class=\"yoast-schema-graph\">{\"@context\":\"https:\\\/\\\/schema.org\",\"@graph\":[{\"@type\":\"WebPage\",\"@id\":\"https:\\\/\\\/www.lpnnails.fr\\\/produit\\\/set-de-manucure\\\/\",\"url\":\"https:\\\/\\\/www.lpnnails.fr\\\/produit\\\/set-de-manucure\\\/\",\"name\":\"Set de manucure - LPN Nails\",\"isPartOf\":{\"@id\":\"https:\\\/\\\/www.lpnnails.fr\\\/#website\"},\"primaryImageOfPage\":{\"@id\":\"https:\\\/\\\/www.lpnnails.fr\\\/produit\\\/set-de-manucure\\\/#primaryimage\"},\"image\":{\"@id\":\"https:\\\/\\\/www.lpnnails.fr\\\/produit\\\/set-de-manucure\\\/#primaryimage\"},\"thumbnailUrl\":\"https:\\\/\\\/www.lpnnails.fr\\\/wp-content\\\/uploads\\\/2025\\\/04\\\/products-8907b2_da93c52834454ebe8b81cc9761cf673c~mv2.png\",\"datePublished\":\"2024-12-09T08:57:15+00:00\",\"dateModified\":\"2026-03-06T13:50:12+00:00\",\"description\":\"Transformez votre routine de soin des ongles avec notre Set de Manucure, l'accessoire incontournable pour des ongles soign\u00e9s et parfaits. Ce kit pratique et compact comprend tous les outils essentiels pour entretenir vos ongles \u00e0 domicile ou en d\u00e9placement, le tout dans une pochette raffin\u00e9e et moderne.\",\"breadcrumb\":{\"@id\":\"https:\\\/\\\/www.lpnnails.fr\\\/produit\\\/set-de-manucure\\\/#breadcrumb\"},\"inLanguage\":\"en-US\",\"potentialAction\":[{\"@type\":\"ReadAction\",\"target\":[\"https:\\\/\\\/www.lpnnails.fr\\\/produit\\\/set-de-manucure\\\/\"]}]},{\"@type\":\"ImageObject\",\"inLanguage\":\"en-US\",\"@id\":\"https:\\\/\\\/www.lpnnails.fr\\\/produit\\\/set-de-manucure\\\/#primaryimage\",\"url\":\"https:\\\/\\\/www.lpnnails.fr\\\/wp-content\\\/uploads\\\/2025\\\/04\\\/products-8907b2_da93c52834454ebe8b81cc9761cf673c~mv2.png\",\"contentUrl\":\"https:\\\/\\\/www.lpnnails.fr\\\/wp-content\\\/uploads\\\/2025\\\/04\\\/products-8907b2_da93c52834454ebe8b81cc9761cf673c~mv2.png\",\"width\":1000,\"height\":1000,\"caption\":\"SET DE MANUCURE\"},{\"@type\":\"BreadcrumbList\",\"@id\":\"https:\\\/\\\/www.lpnnails.fr\\\/produit\\\/set-de-manucure\\\/#breadcrumb\",\"itemListElement\":[{\"@type\":\"ListItem\",\"position\":1,\"name\":\"Accueil\",\"item\":\"https:\\\/\\\/www.lpnnails.fr\\\/\"},{\"@type\":\"ListItem\",\"position\":2,\"name\":\"Boutique\",\"item\":\"https:\\\/\\\/www.lpnnails.fr\\\/boutique\\\/\"},{\"@type\":\"ListItem\",\"position\":3,\"name\":\"Set de manucure\"}]},{\"@type\":\"WebSite\",\"@id\":\"https:\\\/\\\/www.lpnnails.fr\\\/#website\",\"url\":\"https:\\\/\\\/www.lpnnails.fr\\\/\",\"name\":\"LPN Nails\",\"description\":\"\",\"publisher\":{\"@id\":\"https:\\\/\\\/www.lpnnails.fr\\\/#organization\"},\"potentialAction\":[{\"@type\":\"SearchAction\",\"target\":{\"@type\":\"EntryPoint\",\"urlTemplate\":\"https:\\\/\\\/www.lpnnails.fr\\\/?s={search_term_string}\"},\"query-input\":{\"@type\":\"PropertyValueSpecification\",\"valueRequired\":true,\"valueName\":\"search_term_string\"}}],\"inLanguage\":\"en-US\"},{\"@type\":\"Organization\",\"@id\":\"https:\\\/\\\/www.lpnnails.fr\\\/#organization\",\"name\":\"LPN Nails\",\"url\":\"https:\\\/\\\/www.lpnnails.fr\\\/\",\"logo\":{\"@type\":\"ImageObject\",\"inLanguage\":\"en-US\",\"@id\":\"https:\\\/\\\/www.lpnnails.fr\\\/#\\\/schema\\\/logo\\\/image\\\/\",\"url\":\"https:\\\/\\\/www.lpnnails.fr\\\/wp-content\\\/uploads\\\/2025\\\/11\\\/Design-sans-titre-2.png\",\"contentUrl\":\"https:\\\/\\\/www.lpnnails.fr\\\/wp-content\\\/uploads\\\/2025\\\/11\\\/Design-sans-titre-2.png\",\"width\":512,\"height\":512,\"caption\":\"LPN Nails\"},\"image\":{\"@id\":\"https:\\\/\\\/www.lpnnails.fr\\\/#\\\/schema\\\/logo\\\/image\\\/\"},\"sameAs\":[\"https:\\\/\\\/www.facebook.com\\\/profile.php?id=61573655313488#\",\"https:\\\/\\\/www.instagram.com\\\/lpnnails\\\/\",\"https:\\\/\\\/www.linkedin.com\\\/company\\\/lpnnails\\\/\",\"https:\\\/\\\/www.youtube.com\\\/@LPNNails\\\/\"]}]}<\/script>\n<!-- \/ Yoast SEO plugin. -->","yoast_head_json":{"title":"Set de manucure - LPN Nails","description":"Transformez votre routine de soin des ongles avec notre Set de Manucure, l'accessoire incontournable pour des ongles soign\u00e9s et parfaits. Ce kit pratique et compact comprend tous les outils essentiels pour entretenir vos ongles \u00e0 domicile ou en d\u00e9placement, le tout dans une pochette raffin\u00e9e et moderne.","robots":{"index":"index","follow":"follow","max-snippet":"max-snippet:-1","max-image-preview":"max-image-preview:large","max-video-preview":"max-video-preview:-1"},"canonical":"https:\/\/www.lpnnails.fr\/en\/product\/set-de-manucure\/","og_locale":"en_US","og_type":"article","og_title":"Set de manucure - LPN Nails","og_description":"Transformez votre routine de soin des ongles avec notre Set de Manucure, l'accessoire incontournable pour des ongles soign\u00e9s et parfaits. Ce kit pratique et compact comprend tous les outils essentiels pour entretenir vos ongles \u00e0 domicile ou en d\u00e9placement, le tout dans une pochette raffin\u00e9e et moderne.","og_url":"https:\/\/www.lpnnails.fr\/en\/product\/set-de-manucure\/","og_site_name":"LPN Nails","article_publisher":"https:\/\/www.facebook.com\/profile.php?id=61573655313488#","article_modified_time":"2026-03-06T13:50:12+00:00","og_image":[{"width":1000,"height":1000,"url":"https:\/\/www.lpnnails.fr\/wp-content\/uploads\/2025\/04\/products-8907b2_da93c52834454ebe8b81cc9761cf673c~mv2.png","type":"image\/jpeg"}],"twitter_card":"summary_large_image","twitter_misc":{"Est. reading time":"1 minute"},"schema":{"@context":"https:\/\/schema.org","@graph":[{"@type":"WebPage","@id":"https:\/\/www.lpnnails.fr\/produit\/set-de-manucure\/","url":"https:\/\/www.lpnnails.fr\/produit\/set-de-manucure\/","name":"Set de manucure - LPN Nails","isPartOf":{"@id":"https:\/\/www.lpnnails.fr\/#website"},"primaryImageOfPage":{"@id":"https:\/\/www.lpnnails.fr\/produit\/set-de-manucure\/#primaryimage"},"image":{"@id":"https:\/\/www.lpnnails.fr\/produit\/set-de-manucure\/#primaryimage"},"thumbnailUrl":"https:\/\/www.lpnnails.fr\/wp-content\/uploads\/2025\/04\/products-8907b2_da93c52834454ebe8b81cc9761cf673c~mv2.png","datePublished":"2024-12-09T08:57:15+00:00","dateModified":"2026-03-06T13:50:12+00:00","description":"Transformez votre routine de soin des ongles avec notre Set de Manucure, l'accessoire incontournable pour des ongles soign\u00e9s et parfaits. Ce kit pratique et compact comprend tous les outils essentiels pour entretenir vos ongles \u00e0 domicile ou en d\u00e9placement, le tout dans une pochette raffin\u00e9e et moderne.","breadcrumb":{"@id":"https:\/\/www.lpnnails.fr\/produit\/set-de-manucure\/#breadcrumb"},"inLanguage":"en-US","potentialAction":[{"@type":"ReadAction","target":["https:\/\/www.lpnnails.fr\/produit\/set-de-manucure\/"]}]},{"@type":"ImageObject","inLanguage":"en-US","@id":"https:\/\/www.lpnnails.fr\/produit\/set-de-manucure\/#primaryimage","url":"https:\/\/www.lpnnails.fr\/wp-content\/uploads\/2025\/04\/products-8907b2_da93c52834454ebe8b81cc9761cf673c~mv2.png","contentUrl":"https:\/\/www.lpnnails.fr\/wp-content\/uploads\/2025\/04\/products-8907b2_da93c52834454ebe8b81cc9761cf673c~mv2.png","width":1000,"height":1000,"caption":"SET DE MANUCURE"},{"@type":"BreadcrumbList","@id":"https:\/\/www.lpnnails.fr\/produit\/set-de-manucure\/#breadcrumb","itemListElement":[{"@type":"ListItem","position":1,"name":"Accueil","item":"https:\/\/www.lpnnails.fr\/"},{"@type":"ListItem","position":2,"name":"Boutique","item":"https:\/\/www.lpnnails.fr\/boutique\/"},{"@type":"ListItem","position":3,"name":"Set de manucure"}]},{"@type":"WebSite","@id":"https:\/\/www.lpnnails.fr\/#website","url":"https:\/\/www.lpnnails.fr\/","name":"LPN Nails","description":"","publisher":{"@id":"https:\/\/www.lpnnails.fr\/#organization"},"potentialAction":[{"@type":"SearchAction","target":{"@type":"EntryPoint","urlTemplate":"https:\/\/www.lpnnails.fr\/?s={search_term_string}"},"query-input":{"@type":"PropertyValueSpecification","valueRequired":true,"valueName":"search_term_string"}}],"inLanguage":"en-US"},{"@type":"Organization","@id":"https:\/\/www.lpnnails.fr\/#organization","name":"LPN Nails","url":"https:\/\/www.lpnnails.fr\/","logo":{"@type":"ImageObject","inLanguage":"en-US","@id":"https:\/\/www.lpnnails.fr\/#\/schema\/logo\/image\/","url":"https:\/\/www.lpnnails.fr\/wp-content\/uploads\/2025\/11\/Design-sans-titre-2.png","contentUrl":"https:\/\/www.lpnnails.fr\/wp-content\/uploads\/2025\/11\/Design-sans-titre-2.png","width":512,"height":512,"caption":"LPN Nails"},"image":{"@id":"https:\/\/www.lpnnails.fr\/#\/schema\/logo\/image\/"},"sameAs":["https:\/\/www.facebook.com\/profile.php?id=61573655313488#","https:\/\/www.instagram.com\/lpnnails\/","https:\/\/www.linkedin.com\/company\/lpnnails\/","https:\/\/www.youtube.com\/@LPNNails\/"]}]}},"uagb_featured_image_src":{"full":["https:\/\/www.lpnnails.fr\/wp-content\/uploads\/2025\/04\/products-8907b2_da93c52834454ebe8b81cc9761cf673c~mv2.png",1000,1000,false],"thumbnail":["https:\/\/www.lpnnails.fr\/wp-content\/uploads\/2025\/04\/products-8907b2_da93c52834454ebe8b81cc9761cf673c~mv2.png",150,150,true],"medium":["https:\/\/www.lpnnails.fr\/wp-content\/uploads\/2025\/04\/products-8907b2_da93c52834454ebe8b81cc9761cf673c~mv2.png",300,214,true],"medium_large":["https:\/\/www.lpnnails.fr\/wp-content\/uploads\/2025\/04\/products-8907b2_da93c52834454ebe8b81cc9761cf673c~mv2.png",768,768,false],"large":["https:\/\/www.lpnnails.fr\/wp-content\/uploads\/2025\/04\/products-8907b2_da93c52834454ebe8b81cc9761cf673c~mv2.png",1000,1000,false],"1536x1536":["https:\/\/www.lpnnails.fr\/wp-content\/uploads\/2025\/04\/products-8907b2_da93c52834454ebe8b81cc9761cf673c~mv2.png",1000,1000,false],"2048x2048":["https:\/\/www.lpnnails.fr\/wp-content\/uploads\/2025\/04\/products-8907b2_da93c52834454ebe8b81cc9761cf673c~mv2.png",1000,1000,false],"trp-custom-language-flag":["https:\/\/www.lpnnails.fr\/wp-content\/uploads\/2025\/04\/products-8907b2_da93c52834454ebe8b81cc9761cf673c~mv2.png",12,12,false],"mailpoet_newsletter_max":["https:\/\/www.lpnnails.fr\/wp-content\/uploads\/2025\/04\/products-8907b2_da93c52834454ebe8b81cc9761cf673c~mv2.png",1000,1000,false],"woocommerce_thumbnail":["https:\/\/www.lpnnails.fr\/wp-content\/uploads\/2025\/04\/products-8907b2_da93c52834454ebe8b81cc9761cf673c~mv2.png",300,300,false],"woocommerce_single":["https:\/\/www.lpnnails.fr\/wp-content\/uploads\/2025\/04\/products-8907b2_da93c52834454ebe8b81cc9761cf673c~mv2.png",600,600,false],"woocommerce_gallery_thumbnail":["https:\/\/www.lpnnails.fr\/wp-content\/uploads\/2025\/04\/products-8907b2_da93c52834454ebe8b81cc9761cf673c~mv2.png",100,100,false],"variation_swatches_image_size":["https:\/\/www.lpnnails.fr\/wp-content\/uploads\/2025\/04\/products-8907b2_da93c52834454ebe8b81cc9761cf673c~mv2.png",50,50,false],"variation_swatches_tooltip_size":["https:\/\/www.lpnnails.fr\/wp-content\/uploads\/2025\/04\/products-8907b2_da93c52834454ebe8b81cc9761cf673c~mv2.png",100,100,false]},"uagb_author_info":{"display_name":"LPN Nails","author_link":"https:\/\/www.lpnnails.fr\/en\/author\/"},"uagb_comment_info":0,"uagb_excerpt":"Transformez votre routine de soin des ongles avec notre Set de Manucure, l&#8217;accessoire incontournable pour des ongles soign\u00e9s et parfaits. [&hellip;]","_links":{"self":[{"href":"https:\/\/www.lpnnails.fr\/en\/wp-json\/wp\/v2\/product\/4935","targetHints":{"allow":["GET"]}}],"collection":[{"href":"https:\/\/www.lpnnails.fr\/en\/wp-json\/wp\/v2\/product"}],"about":[{"href":"https:\/\/www.lpnnails.fr\/en\/wp-json\/wp\/v2\/types\/product"}],"replies":[{"embeddable":true,"href":"https:\/\/www.lpnnails.fr\/en\/wp-json\/wp\/v2\/comments?post=4935"}],"wp:featuredmedia":[{"embeddable":true,"href":"https:\/\/www.lpnnails.fr\/en\/wp-json\/wp\/v2\/media\/4936"}],"wp:attachment":[{"href":"https:\/\/www.lpnnails.fr\/en\/wp-json\/wp\/v2\/media?parent=4935"}],"wp:term":[{"taxonomy":"product_brand","embeddable":true,"href":"https:\/\/www.lpnnails.fr\/en\/wp-json\/wp\/v2\/product_brand?post=4935"},{"taxonomy":"product_cat","embeddable":true,"href":"https:\/\/www.lpnnails.fr\/en\/wp-json\/wp\/v2\/product_cat?post=4935"},{"taxonomy":"product_tag","embeddable":true,"href":"https:\/\/www.lpnnails.fr\/en\/wp-json\/wp\/v2\/product_tag?post=4935"}],"curies":[{"name":"wp","href":"https:\/\/api.w.org\/{rel}","templated":true}]}}