{"id":4899,"date":"2024-12-07T12:36:03","date_gmt":"2024-12-07T12:36:03","guid":{"rendered":"https:\/\/www.lpnnails.fr\/?post_type=product&#038;p=4899"},"modified":"2025-10-17T11:58:16","modified_gmt":"2025-10-17T09:58:16","slug":"boite-6-compartiments","status":"publish","type":"product","link":"https:\/\/www.lpnnails.fr\/en\/product\/boite-6-compartiments\/","title":{"rendered":"Bo\u00eete 6 compartiments"},"content":{"rendered":"<p>Gardez vos d\u00e9corations nail art soigneusement organis\u00e9es avec cette <strong>bo\u00eete de rangement<\/strong> rectangulaire pratique et fonctionnelle. Id\u00e9ale pour stocker vos strass, paillettes, mini billes et autres embellissements, cette bo\u00eete facilite le tri et le transport de vos accessoires.<\/p>\n<p><strong>Features :<\/strong><\/p>\n<ul>\n<li><strong>6 compartiments individuels<\/strong> : Parfaits pour s\u00e9parer et classer vos d\u00e9corations.<\/li>\n<li><strong>Format compact<\/strong> : Facile \u00e0 ranger dans votre trousse de manucure ou sur votre table de travail.<\/li>\n<li><strong>Mat\u00e9riau transparent<\/strong> : Pour une visualisation rapide de vos articles.<\/li>\n<li><strong>Couvercles refermables<\/strong> : Chaque section est \u00e9quip\u00e9e d\u2019un couvercle herm\u00e9tique pour prot\u00e9ger vos accessoires.<\/li>\n<\/ul>\n<p>Cette bo\u00eete de rangement rectangulaire est un indispensable pour tout amateur ou professionnel de nail art. Transportez et organisez vos accessoires en toute simplicit\u00e9\u202f!<\/p>","protected":false},"excerpt":{"rendered":"<p>Gardez vos d\u00e9corations nail art soigneusement organis\u00e9es avec cette bo\u00eete de rangement rectangulaire pratique et fonctionnelle. Id\u00e9ale pour stocker vos [&hellip;]<\/p>\n","protected":false},"featured_media":4900,"comment_status":"open","ping_status":"closed","template":"","meta":{"_uag_custom_page_level_css":"","site-sidebar-layout":"default","site-content-layout":"","ast-site-content-layout":"default","site-content-style":"default","site-sidebar-style":"default","ast-global-header-display":"","ast-banner-title-visibility":"","ast-main-header-display":"","ast-hfb-above-header-display":"","ast-hfb-below-header-display":"","ast-hfb-mobile-header-display":"","site-post-title":"","ast-breadcrumbs-content":"","ast-featured-img":"","footer-sml-layout":"","ast-disable-related-posts":"","theme-transparent-header-meta":"default","adv-header-id-meta":"","stick-header-meta":"","header-above-stick-meta":"","header-main-stick-meta":"","header-below-stick-meta":"","astra-migrate-meta-layouts":"set","ast-page-background-enabled":"default","ast-page-background-meta":{"desktop":{"background-color":"var(--ast-global-color-4)","background-image":"","background-repeat":"repeat","background-position":"center center","background-size":"auto","background-attachment":"scroll","background-type":"","background-media":"","overlay-type":"","overlay-color":"","overlay-opacity":"","overlay-gradient":""},"tablet":{"background-color":"","background-image":"","background-repeat":"repeat","background-position":"center center","background-size":"auto","background-attachment":"scroll","background-type":"","background-media":"","overlay-type":"","overlay-color":"","overlay-opacity":"","overlay-gradient":""},"mobile":{"background-color":"","background-image":"","background-repeat":"repeat","background-position":"center center","background-size":"auto","background-attachment":"scroll","background-type":"","background-media":"","overlay-type":"","overlay-color":"","overlay-opacity":"","overlay-gradient":""}},"ast-content-background-meta":{"desktop":{"background-color":"var(--ast-global-color-5)","background-image":"","background-repeat":"repeat","background-position":"center center","background-size":"auto","background-attachment":"scroll","background-type":"","background-media":"","overlay-type":"","overlay-color":"","overlay-opacity":"","overlay-gradient":""},"tablet":{"background-color":"var(--ast-global-color-5)","background-image":"","background-repeat":"repeat","background-position":"center center","background-size":"auto","background-attachment":"scroll","background-type":"","background-media":"","overlay-type":"","overlay-color":"","overlay-opacity":"","overlay-gradient":""},"mobile":{"background-color":"var(--ast-global-color-5)","background-image":"","background-repeat":"repeat","background-position":"center center","background-size":"auto","background-attachment":"scroll","background-type":"","background-media":"","overlay-type":"","overlay-color":"","overlay-opacity":"","overlay-gradient":""}}},"product_brand":[254],"product_cat":[201,199],"product_tag":[],"class_list":{"0":"post-4899","1":"product","2":"type-product","3":"status-publish","4":"has-post-thumbnail","6":"product_brand-lpnnails","7":"product_cat-boites-de-rangement","8":"product_cat-tous-les-produits","9":"desktop-align-left","10":"tablet-align-left","11":"mobile-align-left","13":"first","14":"instock","15":"purchasable","16":"product-type-simple"},"yoast_head":"<!-- This site is optimized with the Yoast SEO plugin v27.3 - https:\/\/yoast.com\/product\/yoast-seo-wordpress\/ -->\n<title>Bo\u00eete 6 compartiments - LPN Nails<\/title>\n<meta name=\"description\" content=\"Gardez vos d\u00e9corations nail art soigneusement organis\u00e9es avec cette bo\u00eete de rangement rectangulaire pratique et fonctionnelle. Id\u00e9ale pour stocker vos strass, paillettes, mini billes et autres embellissements, cette bo\u00eete facilite le tri et le transport de vos accessoires.\" \/>\n<meta name=\"robots\" content=\"index, follow, max-snippet:-1, max-image-preview:large, max-video-preview:-1\" \/>\n<link rel=\"canonical\" href=\"https:\/\/www.lpnnails.fr\/en\/product\/boite-6-compartiments\/\" \/>\n<meta property=\"og:locale\" content=\"en_US\" \/>\n<meta property=\"og:type\" content=\"article\" \/>\n<meta property=\"og:title\" content=\"Bo\u00eete 6 compartiments - LPN Nails\" \/>\n<meta property=\"og:description\" content=\"Gardez vos d\u00e9corations nail art soigneusement organis\u00e9es avec cette bo\u00eete de rangement rectangulaire pratique et fonctionnelle. Id\u00e9ale pour stocker vos strass, paillettes, mini billes et autres embellissements, cette bo\u00eete facilite le tri et le transport de vos accessoires.\" \/>\n<meta property=\"og:url\" content=\"https:\/\/www.lpnnails.fr\/en\/product\/boite-6-compartiments\/\" \/>\n<meta property=\"og:site_name\" content=\"LPN Nails\" \/>\n<meta property=\"article:publisher\" content=\"https:\/\/www.facebook.com\/profile.php?id=61573655313488#\" \/>\n<meta property=\"article:modified_time\" content=\"2025-10-17T09:58:16+00:00\" \/>\n<meta property=\"og:image\" content=\"https:\/\/www.lpnnails.fr\/wp-content\/uploads\/2025\/04\/products-8907b2_f17e9866778f401ba144c87d0283472e~mv2.jpg\" \/>\n\t<meta property=\"og:image:width\" content=\"789\" \/>\n\t<meta property=\"og:image:height\" content=\"789\" \/>\n\t<meta property=\"og:image:type\" content=\"image\/jpeg\" \/>\n<meta name=\"twitter:card\" content=\"summary_large_image\" \/>\n<meta name=\"twitter:label1\" content=\"Est. reading time\" \/>\n\t<meta name=\"twitter:data1\" content=\"1 minute\" \/>\n<script type=\"application\/ld+json\" class=\"yoast-schema-graph\">{\"@context\":\"https:\\\/\\\/schema.org\",\"@graph\":[{\"@type\":\"WebPage\",\"@id\":\"https:\\\/\\\/www.lpnnails.fr\\\/produit\\\/boite-6-compartiments\\\/\",\"url\":\"https:\\\/\\\/www.lpnnails.fr\\\/produit\\\/boite-6-compartiments\\\/\",\"name\":\"Bo\u00eete 6 compartiments - LPN Nails\",\"isPartOf\":{\"@id\":\"https:\\\/\\\/www.lpnnails.fr\\\/#website\"},\"primaryImageOfPage\":{\"@id\":\"https:\\\/\\\/www.lpnnails.fr\\\/produit\\\/boite-6-compartiments\\\/#primaryimage\"},\"image\":{\"@id\":\"https:\\\/\\\/www.lpnnails.fr\\\/produit\\\/boite-6-compartiments\\\/#primaryimage\"},\"thumbnailUrl\":\"https:\\\/\\\/www.lpnnails.fr\\\/wp-content\\\/uploads\\\/2025\\\/04\\\/products-8907b2_f17e9866778f401ba144c87d0283472e~mv2.jpg\",\"datePublished\":\"2024-12-07T12:36:03+00:00\",\"dateModified\":\"2025-10-17T09:58:16+00:00\",\"description\":\"Gardez vos d\u00e9corations nail art soigneusement organis\u00e9es avec cette bo\u00eete de rangement rectangulaire pratique et fonctionnelle. Id\u00e9ale pour stocker vos strass, paillettes, mini billes et autres embellissements, cette bo\u00eete facilite le tri et le transport de vos accessoires.\",\"breadcrumb\":{\"@id\":\"https:\\\/\\\/www.lpnnails.fr\\\/produit\\\/boite-6-compartiments\\\/#breadcrumb\"},\"inLanguage\":\"en-US\",\"potentialAction\":[{\"@type\":\"ReadAction\",\"target\":[\"https:\\\/\\\/www.lpnnails.fr\\\/produit\\\/boite-6-compartiments\\\/\"]}]},{\"@type\":\"ImageObject\",\"inLanguage\":\"en-US\",\"@id\":\"https:\\\/\\\/www.lpnnails.fr\\\/produit\\\/boite-6-compartiments\\\/#primaryimage\",\"url\":\"https:\\\/\\\/www.lpnnails.fr\\\/wp-content\\\/uploads\\\/2025\\\/04\\\/products-8907b2_f17e9866778f401ba144c87d0283472e~mv2.jpg\",\"contentUrl\":\"https:\\\/\\\/www.lpnnails.fr\\\/wp-content\\\/uploads\\\/2025\\\/04\\\/products-8907b2_f17e9866778f401ba144c87d0283472e~mv2.jpg\",\"width\":789,\"height\":789,\"caption\":\"BOITE 6 COMPARTIMENTS\"},{\"@type\":\"BreadcrumbList\",\"@id\":\"https:\\\/\\\/www.lpnnails.fr\\\/produit\\\/boite-6-compartiments\\\/#breadcrumb\",\"itemListElement\":[{\"@type\":\"ListItem\",\"position\":1,\"name\":\"Accueil\",\"item\":\"https:\\\/\\\/www.lpnnails.fr\\\/\"},{\"@type\":\"ListItem\",\"position\":2,\"name\":\"Boutique\",\"item\":\"https:\\\/\\\/www.lpnnails.fr\\\/boutique\\\/\"},{\"@type\":\"ListItem\",\"position\":3,\"name\":\"Bo\u00eete 6 compartiments\"}]},{\"@type\":\"WebSite\",\"@id\":\"https:\\\/\\\/www.lpnnails.fr\\\/#website\",\"url\":\"https:\\\/\\\/www.lpnnails.fr\\\/\",\"name\":\"LPN Nails\",\"description\":\"\",\"publisher\":{\"@id\":\"https:\\\/\\\/www.lpnnails.fr\\\/#organization\"},\"potentialAction\":[{\"@type\":\"SearchAction\",\"target\":{\"@type\":\"EntryPoint\",\"urlTemplate\":\"https:\\\/\\\/www.lpnnails.fr\\\/?s={search_term_string}\"},\"query-input\":{\"@type\":\"PropertyValueSpecification\",\"valueRequired\":true,\"valueName\":\"search_term_string\"}}],\"inLanguage\":\"en-US\"},{\"@type\":\"Organization\",\"@id\":\"https:\\\/\\\/www.lpnnails.fr\\\/#organization\",\"name\":\"LPN Nails\",\"url\":\"https:\\\/\\\/www.lpnnails.fr\\\/\",\"logo\":{\"@type\":\"ImageObject\",\"inLanguage\":\"en-US\",\"@id\":\"https:\\\/\\\/www.lpnnails.fr\\\/#\\\/schema\\\/logo\\\/image\\\/\",\"url\":\"https:\\\/\\\/www.lpnnails.fr\\\/wp-content\\\/uploads\\\/2025\\\/11\\\/Design-sans-titre-2.png\",\"contentUrl\":\"https:\\\/\\\/www.lpnnails.fr\\\/wp-content\\\/uploads\\\/2025\\\/11\\\/Design-sans-titre-2.png\",\"width\":512,\"height\":512,\"caption\":\"LPN Nails\"},\"image\":{\"@id\":\"https:\\\/\\\/www.lpnnails.fr\\\/#\\\/schema\\\/logo\\\/image\\\/\"},\"sameAs\":[\"https:\\\/\\\/www.facebook.com\\\/profile.php?id=61573655313488#\",\"https:\\\/\\\/www.instagram.com\\\/lpnnails\\\/\",\"https:\\\/\\\/www.linkedin.com\\\/company\\\/lpnnails\\\/\",\"https:\\\/\\\/www.youtube.com\\\/@LPNNails\\\/\"]}]}<\/script>\n<!-- \/ Yoast SEO plugin. -->","yoast_head_json":{"title":"Bo\u00eete 6 compartiments - LPN Nails","description":"Gardez vos d\u00e9corations nail art soigneusement organis\u00e9es avec cette bo\u00eete de rangement rectangulaire pratique et fonctionnelle. Id\u00e9ale pour stocker vos strass, paillettes, mini billes et autres embellissements, cette bo\u00eete facilite le tri et le transport de vos accessoires.","robots":{"index":"index","follow":"follow","max-snippet":"max-snippet:-1","max-image-preview":"max-image-preview:large","max-video-preview":"max-video-preview:-1"},"canonical":"https:\/\/www.lpnnails.fr\/en\/product\/boite-6-compartiments\/","og_locale":"en_US","og_type":"article","og_title":"Bo\u00eete 6 compartiments - LPN Nails","og_description":"Gardez vos d\u00e9corations nail art soigneusement organis\u00e9es avec cette bo\u00eete de rangement rectangulaire pratique et fonctionnelle. Id\u00e9ale pour stocker vos strass, paillettes, mini billes et autres embellissements, cette bo\u00eete facilite le tri et le transport de vos accessoires.","og_url":"https:\/\/www.lpnnails.fr\/en\/product\/boite-6-compartiments\/","og_site_name":"LPN Nails","article_publisher":"https:\/\/www.facebook.com\/profile.php?id=61573655313488#","article_modified_time":"2025-10-17T09:58:16+00:00","og_image":[{"width":789,"height":789,"url":"https:\/\/www.lpnnails.fr\/wp-content\/uploads\/2025\/04\/products-8907b2_f17e9866778f401ba144c87d0283472e~mv2.jpg","type":"image\/jpeg"}],"twitter_card":"summary_large_image","twitter_misc":{"Est. reading time":"1 minute"},"schema":{"@context":"https:\/\/schema.org","@graph":[{"@type":"WebPage","@id":"https:\/\/www.lpnnails.fr\/produit\/boite-6-compartiments\/","url":"https:\/\/www.lpnnails.fr\/produit\/boite-6-compartiments\/","name":"Bo\u00eete 6 compartiments - LPN Nails","isPartOf":{"@id":"https:\/\/www.lpnnails.fr\/#website"},"primaryImageOfPage":{"@id":"https:\/\/www.lpnnails.fr\/produit\/boite-6-compartiments\/#primaryimage"},"image":{"@id":"https:\/\/www.lpnnails.fr\/produit\/boite-6-compartiments\/#primaryimage"},"thumbnailUrl":"https:\/\/www.lpnnails.fr\/wp-content\/uploads\/2025\/04\/products-8907b2_f17e9866778f401ba144c87d0283472e~mv2.jpg","datePublished":"2024-12-07T12:36:03+00:00","dateModified":"2025-10-17T09:58:16+00:00","description":"Gardez vos d\u00e9corations nail art soigneusement organis\u00e9es avec cette bo\u00eete de rangement rectangulaire pratique et fonctionnelle. Id\u00e9ale pour stocker vos strass, paillettes, mini billes et autres embellissements, cette bo\u00eete facilite le tri et le transport de vos accessoires.","breadcrumb":{"@id":"https:\/\/www.lpnnails.fr\/produit\/boite-6-compartiments\/#breadcrumb"},"inLanguage":"en-US","potentialAction":[{"@type":"ReadAction","target":["https:\/\/www.lpnnails.fr\/produit\/boite-6-compartiments\/"]}]},{"@type":"ImageObject","inLanguage":"en-US","@id":"https:\/\/www.lpnnails.fr\/produit\/boite-6-compartiments\/#primaryimage","url":"https:\/\/www.lpnnails.fr\/wp-content\/uploads\/2025\/04\/products-8907b2_f17e9866778f401ba144c87d0283472e~mv2.jpg","contentUrl":"https:\/\/www.lpnnails.fr\/wp-content\/uploads\/2025\/04\/products-8907b2_f17e9866778f401ba144c87d0283472e~mv2.jpg","width":789,"height":789,"caption":"BOITE 6 COMPARTIMENTS"},{"@type":"BreadcrumbList","@id":"https:\/\/www.lpnnails.fr\/produit\/boite-6-compartiments\/#breadcrumb","itemListElement":[{"@type":"ListItem","position":1,"name":"Accueil","item":"https:\/\/www.lpnnails.fr\/"},{"@type":"ListItem","position":2,"name":"Boutique","item":"https:\/\/www.lpnnails.fr\/boutique\/"},{"@type":"ListItem","position":3,"name":"Bo\u00eete 6 compartiments"}]},{"@type":"WebSite","@id":"https:\/\/www.lpnnails.fr\/#website","url":"https:\/\/www.lpnnails.fr\/","name":"LPN Nails","description":"","publisher":{"@id":"https:\/\/www.lpnnails.fr\/#organization"},"potentialAction":[{"@type":"SearchAction","target":{"@type":"EntryPoint","urlTemplate":"https:\/\/www.lpnnails.fr\/?s={search_term_string}"},"query-input":{"@type":"PropertyValueSpecification","valueRequired":true,"valueName":"search_term_string"}}],"inLanguage":"en-US"},{"@type":"Organization","@id":"https:\/\/www.lpnnails.fr\/#organization","name":"LPN Nails","url":"https:\/\/www.lpnnails.fr\/","logo":{"@type":"ImageObject","inLanguage":"en-US","@id":"https:\/\/www.lpnnails.fr\/#\/schema\/logo\/image\/","url":"https:\/\/www.lpnnails.fr\/wp-content\/uploads\/2025\/11\/Design-sans-titre-2.png","contentUrl":"https:\/\/www.lpnnails.fr\/wp-content\/uploads\/2025\/11\/Design-sans-titre-2.png","width":512,"height":512,"caption":"LPN Nails"},"image":{"@id":"https:\/\/www.lpnnails.fr\/#\/schema\/logo\/image\/"},"sameAs":["https:\/\/www.facebook.com\/profile.php?id=61573655313488#","https:\/\/www.instagram.com\/lpnnails\/","https:\/\/www.linkedin.com\/company\/lpnnails\/","https:\/\/www.youtube.com\/@LPNNails\/"]}]}},"uagb_featured_image_src":{"full":["https:\/\/www.lpnnails.fr\/wp-content\/uploads\/2025\/04\/products-8907b2_f17e9866778f401ba144c87d0283472e~mv2.jpg",789,789,false],"thumbnail":["https:\/\/www.lpnnails.fr\/wp-content\/uploads\/2025\/04\/products-8907b2_f17e9866778f401ba144c87d0283472e~mv2.jpg",150,150,true],"medium":["https:\/\/www.lpnnails.fr\/wp-content\/uploads\/2025\/04\/products-8907b2_f17e9866778f401ba144c87d0283472e~mv2.jpg",300,214,true],"medium_large":["https:\/\/www.lpnnails.fr\/wp-content\/uploads\/2025\/04\/products-8907b2_f17e9866778f401ba144c87d0283472e~mv2.jpg",768,768,false],"large":["https:\/\/www.lpnnails.fr\/wp-content\/uploads\/2025\/04\/products-8907b2_f17e9866778f401ba144c87d0283472e~mv2.jpg",789,789,false],"1536x1536":["https:\/\/www.lpnnails.fr\/wp-content\/uploads\/2025\/04\/products-8907b2_f17e9866778f401ba144c87d0283472e~mv2.jpg",789,789,false],"2048x2048":["https:\/\/www.lpnnails.fr\/wp-content\/uploads\/2025\/04\/products-8907b2_f17e9866778f401ba144c87d0283472e~mv2.jpg",789,789,false],"trp-custom-language-flag":["https:\/\/www.lpnnails.fr\/wp-content\/uploads\/2025\/04\/products-8907b2_f17e9866778f401ba144c87d0283472e~mv2.jpg",12,12,false],"mailpoet_newsletter_max":["https:\/\/www.lpnnails.fr\/wp-content\/uploads\/2025\/04\/products-8907b2_f17e9866778f401ba144c87d0283472e~mv2.jpg",789,789,false],"woocommerce_thumbnail":["https:\/\/www.lpnnails.fr\/wp-content\/uploads\/2025\/04\/products-8907b2_f17e9866778f401ba144c87d0283472e~mv2.jpg",300,300,false],"woocommerce_single":["https:\/\/www.lpnnails.fr\/wp-content\/uploads\/2025\/04\/products-8907b2_f17e9866778f401ba144c87d0283472e~mv2.jpg",600,600,false],"woocommerce_gallery_thumbnail":["https:\/\/www.lpnnails.fr\/wp-content\/uploads\/2025\/04\/products-8907b2_f17e9866778f401ba144c87d0283472e~mv2.jpg",100,100,false],"variation_swatches_image_size":["https:\/\/www.lpnnails.fr\/wp-content\/uploads\/2025\/04\/products-8907b2_f17e9866778f401ba144c87d0283472e~mv2.jpg",50,50,false],"variation_swatches_tooltip_size":["https:\/\/www.lpnnails.fr\/wp-content\/uploads\/2025\/04\/products-8907b2_f17e9866778f401ba144c87d0283472e~mv2.jpg",100,100,false]},"uagb_author_info":{"display_name":"LPN Nails","author_link":"https:\/\/www.lpnnails.fr\/en\/author\/"},"uagb_comment_info":0,"uagb_excerpt":"Gardez vos d\u00e9corations nail art soigneusement organis\u00e9es avec cette bo\u00eete de rangement rectangulaire pratique et fonctionnelle. Id\u00e9ale pour stocker vos [&hellip;]","_links":{"self":[{"href":"https:\/\/www.lpnnails.fr\/en\/wp-json\/wp\/v2\/product\/4899","targetHints":{"allow":["GET"]}}],"collection":[{"href":"https:\/\/www.lpnnails.fr\/en\/wp-json\/wp\/v2\/product"}],"about":[{"href":"https:\/\/www.lpnnails.fr\/en\/wp-json\/wp\/v2\/types\/product"}],"replies":[{"embeddable":true,"href":"https:\/\/www.lpnnails.fr\/en\/wp-json\/wp\/v2\/comments?post=4899"}],"wp:featuredmedia":[{"embeddable":true,"href":"https:\/\/www.lpnnails.fr\/en\/wp-json\/wp\/v2\/media\/4900"}],"wp:attachment":[{"href":"https:\/\/www.lpnnails.fr\/en\/wp-json\/wp\/v2\/media?parent=4899"}],"wp:term":[{"taxonomy":"product_brand","embeddable":true,"href":"https:\/\/www.lpnnails.fr\/en\/wp-json\/wp\/v2\/product_brand?post=4899"},{"taxonomy":"product_cat","embeddable":true,"href":"https:\/\/www.lpnnails.fr\/en\/wp-json\/wp\/v2\/product_cat?post=4899"},{"taxonomy":"product_tag","embeddable":true,"href":"https:\/\/www.lpnnails.fr\/en\/wp-json\/wp\/v2\/product_tag?post=4899"}],"curies":[{"name":"wp","href":"https:\/\/api.w.org\/{rel}","templated":true}]}}