{"id":4595,"date":"2024-12-01T21:29:41","date_gmt":"2024-12-01T21:29:41","guid":{"rendered":"https:\/\/www.lpnnails.fr\/?post_type=product&#038;p=4595"},"modified":"2026-02-23T16:17:10","modified_gmt":"2026-02-23T15:17:10","slug":"gel-cat-eye-diamond","status":"publish","type":"product","link":"https:\/\/www.lpnnails.fr\/en\/product\/gel-cat-eye-diamond\/","title":{"rendered":"Gel cat eye &#8220;Diamond&#8221;"},"content":{"rendered":"<p>Transformez vos manucures en v\u00e9ritables \u0153uvres d&#8217;art avec le <strong>Gel Cat Eye &#8220;Diamond&#8221;<\/strong>. Avec ses 8 variantes scintillantes, ce gel cr\u00e9e un effet \u0153il-de-chat fascinant et unique, id\u00e9al pour ajouter une touche de glamour \u00e0 vos ongles.<\/p>\n<p><strong>Features :<\/strong><\/p>\n<ul>\n<li><strong>Effet cat eye<\/strong> : Des reflets captivants qui changent sous la lumi\u00e8re.<\/li>\n<li><strong>Vari\u00e9t\u00e9 de couleurs<\/strong> : 7 nuances \u00e9clatantes pour s&#8217;adapter \u00e0 tous les styles.<\/li>\n<li><strong>Fluid texture and easy to work with<\/strong> : Permet une application uniforme.<\/li>\n<li><strong>Longue tenue<\/strong> : R\u00e9siste aux \u00e9clats et garde son \u00e9clat pendant des semaines.<\/li>\n<li><strong>Compatible UV\/LED<\/strong> : Catalyse rapide pour un gain de temps.<\/li>\n<\/ul>\n<p><strong>Conseils d\u2019utilisation :<\/strong><\/p>\n<ul>\n<li>Pr\u00e9parez vos ongles avec une base adapt\u00e9e.<\/li>\n<li>Appliquez une premi\u00e8re couche fine du Gel Cat Eye et catalysez sous lampe UV\/LED.<\/li>\n<li>Appliquez une deuxi\u00e8me couche, puis utilisez un aimant pour cr\u00e9er l\u2019effet \u0153il-de-chat avant de catalyser \u00e0 nouveau.<\/li>\n<li>Scellez avec un top coat pour une finition brillante et durable.<\/li>\n<\/ul>\n<p>Le Gel Cat Eye &#8220;Diamond&#8221; est parfait pour les amateurs de nail art et les professionnels. Cr\u00e9ez des <strong>designs hypnotiques et sophistiqu\u00e9s<\/strong> qui attirent tous les regards. Offrez \u00e0 vos clientes ou \u00e0 vous-m\u00eame une manucure qui brille de mille feux\u202f! Commandez d\u00e8s aujourd\u2019hui\u202f!<\/p>","protected":false},"excerpt":{"rendered":"<p>Transformez vos manucures en v\u00e9ritables \u0153uvres d&#8217;art avec le Gel Cat Eye &#8220;Diamond&#8221;. Avec ses 8 variantes scintillantes, ce gel [&hellip;]<\/p>\n","protected":false},"featured_media":4610,"comment_status":"open","ping_status":"closed","template":"","meta":{"_uag_custom_page_level_css":"","site-sidebar-layout":"default","site-content-layout":"","ast-site-content-layout":"default","site-content-style":"default","site-sidebar-style":"default","ast-global-header-display":"","ast-banner-title-visibility":"","ast-main-header-display":"","ast-hfb-above-header-display":"","ast-hfb-below-header-display":"","ast-hfb-mobile-header-display":"","site-post-title":"","ast-breadcrumbs-content":"","ast-featured-img":"","footer-sml-layout":"","ast-disable-related-posts":"","theme-transparent-header-meta":"default","adv-header-id-meta":"","stick-header-meta":"","header-above-stick-meta":"","header-main-stick-meta":"","header-below-stick-meta":"","astra-migrate-meta-layouts":"set","ast-page-background-enabled":"default","ast-page-background-meta":{"desktop":{"background-color":"var(--ast-global-color-4)","background-image":"","background-repeat":"repeat","background-position":"center center","background-size":"auto","background-attachment":"scroll","background-type":"","background-media":"","overlay-type":"","overlay-color":"","overlay-opacity":"","overlay-gradient":""},"tablet":{"background-color":"","background-image":"","background-repeat":"repeat","background-position":"center center","background-size":"auto","background-attachment":"scroll","background-type":"","background-media":"","overlay-type":"","overlay-color":"","overlay-opacity":"","overlay-gradient":""},"mobile":{"background-color":"","background-image":"","background-repeat":"repeat","background-position":"center center","background-size":"auto","background-attachment":"scroll","background-type":"","background-media":"","overlay-type":"","overlay-color":"","overlay-opacity":"","overlay-gradient":""}},"ast-content-background-meta":{"desktop":{"background-color":"var(--ast-global-color-5)","background-image":"","background-repeat":"repeat","background-position":"center center","background-size":"auto","background-attachment":"scroll","background-type":"","background-media":"","overlay-type":"","overlay-color":"","overlay-opacity":"","overlay-gradient":""},"tablet":{"background-color":"var(--ast-global-color-5)","background-image":"","background-repeat":"repeat","background-position":"center center","background-size":"auto","background-attachment":"scroll","background-type":"","background-media":"","overlay-type":"","overlay-color":"","overlay-opacity":"","overlay-gradient":""},"mobile":{"background-color":"var(--ast-global-color-5)","background-image":"","background-repeat":"repeat","background-position":"center center","background-size":"auto","background-attachment":"scroll","background-type":"","background-media":"","overlay-type":"","overlay-color":"","overlay-opacity":"","overlay-gradient":""}}},"product_brand":[254],"product_cat":[204,238,199],"product_tag":[],"class_list":{"0":"post-4595","1":"product","2":"type-product","3":"status-publish","4":"has-post-thumbnail","6":"product_brand-lpnnails","7":"product_cat-gels-cat-eye","8":"product_cat-nouveau","9":"product_cat-tous-les-produits","10":"pa_composition-acrylic-ester-copolymers-diethyaminoethyl-metacrylate-perfluorohexylethyl-methacrylate-crosspolymer-trimethylolpropane-triacrylate-iron-oxide-polyethylene-terephthalate","11":"pa_couleur-gced1","12":"pa_couleur-gced2","13":"pa_couleur-gced3","14":"pa_couleur-gced4","15":"pa_couleur-gced7","16":"pa_couleur-gced8","17":"pa_couleur-gced9","18":"desktop-align-left","19":"tablet-align-left","20":"mobile-align-left","22":"first","23":"instock","24":"purchasable","25":"product-type-variable","26":"wvs-archive-product-wrapper"},"yoast_head":"<!-- This site is optimized with the Yoast SEO plugin v27.3 - https:\/\/yoast.com\/product\/yoast-seo-wordpress\/ -->\n<title>Gel cat eye &quot;Diamond&quot; - LPN Nails<\/title>\n<meta name=\"description\" content=\"Transformez vos manucures en v\u00e9ritables \u0153uvres d&#039;art avec le Gel Cat Eye &quot;Diamond&quot;. Avec ses 8 variantes scintillantes, ce gel cr\u00e9e un effet \u0153il-de-chat fascinant et unique, id\u00e9al pour ajouter une touche de glamour \u00e0 vos ongles.\" \/>\n<meta name=\"robots\" content=\"index, follow, max-snippet:-1, max-image-preview:large, max-video-preview:-1\" \/>\n<link rel=\"canonical\" href=\"https:\/\/www.lpnnails.fr\/en\/product\/gel-cat-eye-diamond\/\" \/>\n<meta property=\"og:locale\" content=\"en_US\" \/>\n<meta property=\"og:type\" content=\"article\" \/>\n<meta property=\"og:title\" content=\"Gel cat eye &quot;Diamond&quot; - LPN Nails\" \/>\n<meta property=\"og:description\" content=\"Transformez vos manucures en v\u00e9ritables \u0153uvres d&#039;art avec le Gel Cat Eye &quot;Diamond&quot;. Avec ses 8 variantes scintillantes, ce gel cr\u00e9e un effet \u0153il-de-chat fascinant et unique, id\u00e9al pour ajouter une touche de glamour \u00e0 vos ongles.\" \/>\n<meta property=\"og:url\" content=\"https:\/\/www.lpnnails.fr\/en\/product\/gel-cat-eye-diamond\/\" \/>\n<meta property=\"og:site_name\" content=\"LPN Nails\" \/>\n<meta property=\"article:publisher\" content=\"https:\/\/www.facebook.com\/profile.php?id=61573655313488#\" \/>\n<meta property=\"article:modified_time\" content=\"2026-02-23T15:17:10+00:00\" \/>\n<meta property=\"og:image\" content=\"https:\/\/www.lpnnails.fr\/wp-content\/uploads\/2025\/04\/products-8907b2_0ba8f91cfeed4b64bdae9def66a39594~mv2.jpg\" \/>\n\t<meta property=\"og:image:width\" content=\"1024\" \/>\n\t<meta property=\"og:image:height\" content=\"1024\" \/>\n\t<meta property=\"og:image:type\" content=\"image\/jpeg\" \/>\n<meta name=\"twitter:card\" content=\"summary_large_image\" \/>\n<meta name=\"twitter:label1\" content=\"Est. reading time\" \/>\n\t<meta name=\"twitter:data1\" content=\"2 minutes\" \/>\n<script type=\"application\/ld+json\" class=\"yoast-schema-graph\">{\"@context\":\"https:\\\/\\\/schema.org\",\"@graph\":[{\"@type\":\"WebPage\",\"@id\":\"https:\\\/\\\/www.lpnnails.fr\\\/produit\\\/gel-cat-eye-diamond\\\/\",\"url\":\"https:\\\/\\\/www.lpnnails.fr\\\/produit\\\/gel-cat-eye-diamond\\\/\",\"name\":\"Gel cat eye \\\"Diamond\\\" - LPN Nails\",\"isPartOf\":{\"@id\":\"https:\\\/\\\/www.lpnnails.fr\\\/#website\"},\"primaryImageOfPage\":{\"@id\":\"https:\\\/\\\/www.lpnnails.fr\\\/produit\\\/gel-cat-eye-diamond\\\/#primaryimage\"},\"image\":{\"@id\":\"https:\\\/\\\/www.lpnnails.fr\\\/produit\\\/gel-cat-eye-diamond\\\/#primaryimage\"},\"thumbnailUrl\":\"https:\\\/\\\/www.lpnnails.fr\\\/wp-content\\\/uploads\\\/2025\\\/04\\\/products-8907b2_0ba8f91cfeed4b64bdae9def66a39594~mv2.jpg\",\"datePublished\":\"2024-12-01T21:29:41+00:00\",\"dateModified\":\"2026-02-23T15:17:10+00:00\",\"description\":\"Transformez vos manucures en v\u00e9ritables \u0153uvres d'art avec le Gel Cat Eye \\\"Diamond\\\". Avec ses 8 variantes scintillantes, ce gel cr\u00e9e un effet \u0153il-de-chat fascinant et unique, id\u00e9al pour ajouter une touche de glamour \u00e0 vos ongles.\",\"breadcrumb\":{\"@id\":\"https:\\\/\\\/www.lpnnails.fr\\\/produit\\\/gel-cat-eye-diamond\\\/#breadcrumb\"},\"inLanguage\":\"en-US\",\"potentialAction\":[{\"@type\":\"ReadAction\",\"target\":[\"https:\\\/\\\/www.lpnnails.fr\\\/produit\\\/gel-cat-eye-diamond\\\/\"]}]},{\"@type\":\"ImageObject\",\"inLanguage\":\"en-US\",\"@id\":\"https:\\\/\\\/www.lpnnails.fr\\\/produit\\\/gel-cat-eye-diamond\\\/#primaryimage\",\"url\":\"https:\\\/\\\/www.lpnnails.fr\\\/wp-content\\\/uploads\\\/2025\\\/04\\\/products-8907b2_0ba8f91cfeed4b64bdae9def66a39594~mv2.jpg\",\"contentUrl\":\"https:\\\/\\\/www.lpnnails.fr\\\/wp-content\\\/uploads\\\/2025\\\/04\\\/products-8907b2_0ba8f91cfeed4b64bdae9def66a39594~mv2.jpg\",\"width\":1024,\"height\":1024,\"caption\":\"GEL CAT EYE DIAMOND\"},{\"@type\":\"BreadcrumbList\",\"@id\":\"https:\\\/\\\/www.lpnnails.fr\\\/produit\\\/gel-cat-eye-diamond\\\/#breadcrumb\",\"itemListElement\":[{\"@type\":\"ListItem\",\"position\":1,\"name\":\"Accueil\",\"item\":\"https:\\\/\\\/www.lpnnails.fr\\\/\"},{\"@type\":\"ListItem\",\"position\":2,\"name\":\"Boutique\",\"item\":\"https:\\\/\\\/www.lpnnails.fr\\\/boutique\\\/\"},{\"@type\":\"ListItem\",\"position\":3,\"name\":\"Gel cat eye &#8220;Diamond&#8221;\"}]},{\"@type\":\"WebSite\",\"@id\":\"https:\\\/\\\/www.lpnnails.fr\\\/#website\",\"url\":\"https:\\\/\\\/www.lpnnails.fr\\\/\",\"name\":\"LPN Nails\",\"description\":\"\",\"publisher\":{\"@id\":\"https:\\\/\\\/www.lpnnails.fr\\\/#organization\"},\"potentialAction\":[{\"@type\":\"SearchAction\",\"target\":{\"@type\":\"EntryPoint\",\"urlTemplate\":\"https:\\\/\\\/www.lpnnails.fr\\\/?s={search_term_string}\"},\"query-input\":{\"@type\":\"PropertyValueSpecification\",\"valueRequired\":true,\"valueName\":\"search_term_string\"}}],\"inLanguage\":\"en-US\"},{\"@type\":\"Organization\",\"@id\":\"https:\\\/\\\/www.lpnnails.fr\\\/#organization\",\"name\":\"LPN Nails\",\"url\":\"https:\\\/\\\/www.lpnnails.fr\\\/\",\"logo\":{\"@type\":\"ImageObject\",\"inLanguage\":\"en-US\",\"@id\":\"https:\\\/\\\/www.lpnnails.fr\\\/#\\\/schema\\\/logo\\\/image\\\/\",\"url\":\"https:\\\/\\\/www.lpnnails.fr\\\/wp-content\\\/uploads\\\/2025\\\/11\\\/Design-sans-titre-2.png\",\"contentUrl\":\"https:\\\/\\\/www.lpnnails.fr\\\/wp-content\\\/uploads\\\/2025\\\/11\\\/Design-sans-titre-2.png\",\"width\":512,\"height\":512,\"caption\":\"LPN Nails\"},\"image\":{\"@id\":\"https:\\\/\\\/www.lpnnails.fr\\\/#\\\/schema\\\/logo\\\/image\\\/\"},\"sameAs\":[\"https:\\\/\\\/www.facebook.com\\\/profile.php?id=61573655313488#\",\"https:\\\/\\\/www.instagram.com\\\/lpnnails\\\/\",\"https:\\\/\\\/www.linkedin.com\\\/company\\\/lpnnails\\\/\",\"https:\\\/\\\/www.youtube.com\\\/@LPNNails\\\/\"]}]}<\/script>\n<!-- \/ Yoast SEO plugin. -->","yoast_head_json":{"title":"Gel cat eye \"Diamond\" - LPN Nails","description":"Transformez vos manucures en v\u00e9ritables \u0153uvres d'art avec le Gel Cat Eye \"Diamond\". Avec ses 8 variantes scintillantes, ce gel cr\u00e9e un effet \u0153il-de-chat fascinant et unique, id\u00e9al pour ajouter une touche de glamour \u00e0 vos ongles.","robots":{"index":"index","follow":"follow","max-snippet":"max-snippet:-1","max-image-preview":"max-image-preview:large","max-video-preview":"max-video-preview:-1"},"canonical":"https:\/\/www.lpnnails.fr\/en\/product\/gel-cat-eye-diamond\/","og_locale":"en_US","og_type":"article","og_title":"Gel cat eye \"Diamond\" - LPN Nails","og_description":"Transformez vos manucures en v\u00e9ritables \u0153uvres d'art avec le Gel Cat Eye \"Diamond\". Avec ses 8 variantes scintillantes, ce gel cr\u00e9e un effet \u0153il-de-chat fascinant et unique, id\u00e9al pour ajouter une touche de glamour \u00e0 vos ongles.","og_url":"https:\/\/www.lpnnails.fr\/en\/product\/gel-cat-eye-diamond\/","og_site_name":"LPN Nails","article_publisher":"https:\/\/www.facebook.com\/profile.php?id=61573655313488#","article_modified_time":"2026-02-23T15:17:10+00:00","og_image":[{"width":1024,"height":1024,"url":"https:\/\/www.lpnnails.fr\/wp-content\/uploads\/2025\/04\/products-8907b2_0ba8f91cfeed4b64bdae9def66a39594~mv2.jpg","type":"image\/jpeg"}],"twitter_card":"summary_large_image","twitter_misc":{"Est. reading time":"2 minutes"},"schema":{"@context":"https:\/\/schema.org","@graph":[{"@type":"WebPage","@id":"https:\/\/www.lpnnails.fr\/produit\/gel-cat-eye-diamond\/","url":"https:\/\/www.lpnnails.fr\/produit\/gel-cat-eye-diamond\/","name":"Gel cat eye \"Diamond\" - LPN Nails","isPartOf":{"@id":"https:\/\/www.lpnnails.fr\/#website"},"primaryImageOfPage":{"@id":"https:\/\/www.lpnnails.fr\/produit\/gel-cat-eye-diamond\/#primaryimage"},"image":{"@id":"https:\/\/www.lpnnails.fr\/produit\/gel-cat-eye-diamond\/#primaryimage"},"thumbnailUrl":"https:\/\/www.lpnnails.fr\/wp-content\/uploads\/2025\/04\/products-8907b2_0ba8f91cfeed4b64bdae9def66a39594~mv2.jpg","datePublished":"2024-12-01T21:29:41+00:00","dateModified":"2026-02-23T15:17:10+00:00","description":"Transformez vos manucures en v\u00e9ritables \u0153uvres d'art avec le Gel Cat Eye \"Diamond\". Avec ses 8 variantes scintillantes, ce gel cr\u00e9e un effet \u0153il-de-chat fascinant et unique, id\u00e9al pour ajouter une touche de glamour \u00e0 vos ongles.","breadcrumb":{"@id":"https:\/\/www.lpnnails.fr\/produit\/gel-cat-eye-diamond\/#breadcrumb"},"inLanguage":"en-US","potentialAction":[{"@type":"ReadAction","target":["https:\/\/www.lpnnails.fr\/produit\/gel-cat-eye-diamond\/"]}]},{"@type":"ImageObject","inLanguage":"en-US","@id":"https:\/\/www.lpnnails.fr\/produit\/gel-cat-eye-diamond\/#primaryimage","url":"https:\/\/www.lpnnails.fr\/wp-content\/uploads\/2025\/04\/products-8907b2_0ba8f91cfeed4b64bdae9def66a39594~mv2.jpg","contentUrl":"https:\/\/www.lpnnails.fr\/wp-content\/uploads\/2025\/04\/products-8907b2_0ba8f91cfeed4b64bdae9def66a39594~mv2.jpg","width":1024,"height":1024,"caption":"GEL CAT EYE DIAMOND"},{"@type":"BreadcrumbList","@id":"https:\/\/www.lpnnails.fr\/produit\/gel-cat-eye-diamond\/#breadcrumb","itemListElement":[{"@type":"ListItem","position":1,"name":"Accueil","item":"https:\/\/www.lpnnails.fr\/"},{"@type":"ListItem","position":2,"name":"Boutique","item":"https:\/\/www.lpnnails.fr\/boutique\/"},{"@type":"ListItem","position":3,"name":"Gel cat eye &#8220;Diamond&#8221;"}]},{"@type":"WebSite","@id":"https:\/\/www.lpnnails.fr\/#website","url":"https:\/\/www.lpnnails.fr\/","name":"LPN Nails","description":"","publisher":{"@id":"https:\/\/www.lpnnails.fr\/#organization"},"potentialAction":[{"@type":"SearchAction","target":{"@type":"EntryPoint","urlTemplate":"https:\/\/www.lpnnails.fr\/?s={search_term_string}"},"query-input":{"@type":"PropertyValueSpecification","valueRequired":true,"valueName":"search_term_string"}}],"inLanguage":"en-US"},{"@type":"Organization","@id":"https:\/\/www.lpnnails.fr\/#organization","name":"LPN Nails","url":"https:\/\/www.lpnnails.fr\/","logo":{"@type":"ImageObject","inLanguage":"en-US","@id":"https:\/\/www.lpnnails.fr\/#\/schema\/logo\/image\/","url":"https:\/\/www.lpnnails.fr\/wp-content\/uploads\/2025\/11\/Design-sans-titre-2.png","contentUrl":"https:\/\/www.lpnnails.fr\/wp-content\/uploads\/2025\/11\/Design-sans-titre-2.png","width":512,"height":512,"caption":"LPN Nails"},"image":{"@id":"https:\/\/www.lpnnails.fr\/#\/schema\/logo\/image\/"},"sameAs":["https:\/\/www.facebook.com\/profile.php?id=61573655313488#","https:\/\/www.instagram.com\/lpnnails\/","https:\/\/www.linkedin.com\/company\/lpnnails\/","https:\/\/www.youtube.com\/@LPNNails\/"]}]}},"uagb_featured_image_src":{"full":["https:\/\/www.lpnnails.fr\/wp-content\/uploads\/2025\/04\/products-8907b2_0ba8f91cfeed4b64bdae9def66a39594~mv2.jpg",1024,1024,false],"thumbnail":["https:\/\/www.lpnnails.fr\/wp-content\/uploads\/2025\/04\/products-8907b2_0ba8f91cfeed4b64bdae9def66a39594~mv2.jpg",150,150,true],"medium":["https:\/\/www.lpnnails.fr\/wp-content\/uploads\/2025\/04\/products-8907b2_0ba8f91cfeed4b64bdae9def66a39594~mv2.jpg",300,214,true],"medium_large":["https:\/\/www.lpnnails.fr\/wp-content\/uploads\/2025\/04\/products-8907b2_0ba8f91cfeed4b64bdae9def66a39594~mv2.jpg",768,768,false],"large":["https:\/\/www.lpnnails.fr\/wp-content\/uploads\/2025\/04\/products-8907b2_0ba8f91cfeed4b64bdae9def66a39594~mv2.jpg",1024,1024,false],"1536x1536":["https:\/\/www.lpnnails.fr\/wp-content\/uploads\/2025\/04\/products-8907b2_0ba8f91cfeed4b64bdae9def66a39594~mv2.jpg",1024,1024,false],"2048x2048":["https:\/\/www.lpnnails.fr\/wp-content\/uploads\/2025\/04\/products-8907b2_0ba8f91cfeed4b64bdae9def66a39594~mv2.jpg",1024,1024,false],"trp-custom-language-flag":["https:\/\/www.lpnnails.fr\/wp-content\/uploads\/2025\/04\/products-8907b2_0ba8f91cfeed4b64bdae9def66a39594~mv2.jpg",12,12,false],"mailpoet_newsletter_max":["https:\/\/www.lpnnails.fr\/wp-content\/uploads\/2025\/04\/products-8907b2_0ba8f91cfeed4b64bdae9def66a39594~mv2.jpg",1024,1024,false],"woocommerce_thumbnail":["https:\/\/www.lpnnails.fr\/wp-content\/uploads\/2025\/04\/products-8907b2_0ba8f91cfeed4b64bdae9def66a39594~mv2.jpg",300,300,false],"woocommerce_single":["https:\/\/www.lpnnails.fr\/wp-content\/uploads\/2025\/04\/products-8907b2_0ba8f91cfeed4b64bdae9def66a39594~mv2.jpg",600,600,false],"woocommerce_gallery_thumbnail":["https:\/\/www.lpnnails.fr\/wp-content\/uploads\/2025\/04\/products-8907b2_0ba8f91cfeed4b64bdae9def66a39594~mv2.jpg",100,100,false],"variation_swatches_image_size":["https:\/\/www.lpnnails.fr\/wp-content\/uploads\/2025\/04\/products-8907b2_0ba8f91cfeed4b64bdae9def66a39594~mv2.jpg",50,50,false],"variation_swatches_tooltip_size":["https:\/\/www.lpnnails.fr\/wp-content\/uploads\/2025\/04\/products-8907b2_0ba8f91cfeed4b64bdae9def66a39594~mv2.jpg",100,100,false]},"uagb_author_info":{"display_name":"LPN Nails","author_link":"https:\/\/www.lpnnails.fr\/en\/author\/"},"uagb_comment_info":0,"uagb_excerpt":"Transformez vos manucures en v\u00e9ritables \u0153uvres d&#8217;art avec le Gel Cat Eye &#8220;Diamond&#8221;. Avec ses 8 variantes scintillantes, ce gel [&hellip;]","_links":{"self":[{"href":"https:\/\/www.lpnnails.fr\/en\/wp-json\/wp\/v2\/product\/4595","targetHints":{"allow":["GET"]}}],"collection":[{"href":"https:\/\/www.lpnnails.fr\/en\/wp-json\/wp\/v2\/product"}],"about":[{"href":"https:\/\/www.lpnnails.fr\/en\/wp-json\/wp\/v2\/types\/product"}],"replies":[{"embeddable":true,"href":"https:\/\/www.lpnnails.fr\/en\/wp-json\/wp\/v2\/comments?post=4595"}],"wp:featuredmedia":[{"embeddable":true,"href":"https:\/\/www.lpnnails.fr\/en\/wp-json\/wp\/v2\/media\/4610"}],"wp:attachment":[{"href":"https:\/\/www.lpnnails.fr\/en\/wp-json\/wp\/v2\/media?parent=4595"}],"wp:term":[{"taxonomy":"product_brand","embeddable":true,"href":"https:\/\/www.lpnnails.fr\/en\/wp-json\/wp\/v2\/product_brand?post=4595"},{"taxonomy":"product_cat","embeddable":true,"href":"https:\/\/www.lpnnails.fr\/en\/wp-json\/wp\/v2\/product_cat?post=4595"},{"taxonomy":"product_tag","embeddable":true,"href":"https:\/\/www.lpnnails.fr\/en\/wp-json\/wp\/v2\/product_tag?post=4595"}],"curies":[{"name":"wp","href":"https:\/\/api.w.org\/{rel}","templated":true}]}}