{"id":4570,"date":"2024-12-01T22:24:07","date_gmt":"2024-12-01T21:24:07","guid":{"rendered":"https:\/\/www.lpnnails.fr\/?post_type=product&#038;p=4570"},"modified":"2026-04-03T11:18:05","modified_gmt":"2026-04-03T09:18:05","slug":"builder-gel-foil-flake","status":"publish","type":"product","link":"https:\/\/www.lpnnails.fr\/en\/product\/builder-gel-foil-flake\/","title":{"rendered":"Builder gel &#8220;Foil flake&#8221;"},"content":{"rendered":"<p>Apportez une touche moderne et \u00e9l\u00e9gante \u00e0 vos cr\u00e9ations gr\u00e2ce aux <strong>gels de construction &#8220;Foil Flake&#8221;<\/strong>. Parsem\u00e9s de d\u00e9licates feuilles m\u00e9talliques, ces gels subliment vos ongles tout en leur offrant une solidit\u00e9 exceptionnelle.<\/p>\n<p><strong>Features :<\/strong><\/p>\n<ul>\n<li><strong>Effet unique<\/strong> : Des particules m\u00e9talliques int\u00e9gr\u00e9es pour un rendu raffin\u00e9 et original.<\/li>\n<li><strong>Construction robuste<\/strong> : Id\u00e9al pour renforcer ou allonger vos ongles tout en leur offrant une brillance incomparable.<\/li>\n<li><strong>Ease of application<\/strong> : Une texture homog\u00e8ne et modulable pour un travail pr\u00e9cis.<\/li>\n<li><strong>Tenue durable<\/strong> : Maintient vos ongles impeccables plus longtemps.<\/li>\n<\/ul>\n<p><strong>Benefits :<\/strong><\/p>\n<ul>\n<li><strong>Esth\u00e9tique moderne<\/strong> : Un design \u00e9l\u00e9gant, parfait pour les occasions sp\u00e9ciales ou un look quotidien sophistiqu\u00e9.<\/li>\n<li><strong>Versatile<\/strong> : Utilisable comme gel de base, pour la construction ou comme d\u00e9coration.<\/li>\n<li><strong>Effet naturel et scintillant<\/strong> : Sublime sans n\u00e9cessiter de d\u00e9coration suppl\u00e9mentaire.<\/li>\n<\/ul>\n<p><strong>Instructions for use:<\/strong><\/p>\n<ul>\n<li>Pr\u00e9parez vos ongles (limage, d\u00e9shydrateur, primer).<\/li>\n<li>Appliquez une fine couche de gel de base, puis catalysez sous lampe UV\/LED.<\/li>\n<li>Prenez une petite quantit\u00e9 de &#8220;Foil Flake Builder Gel&#8221; et appliquez-la en construisant ou en renfor\u00e7ant l&#8217;ongle.<\/li>\n<li>Catalysez sous lampe UV\/LED pendant 60 \u00e0 90 secondes selon l\u2019\u00e9paisseur.<\/li>\n<li>Lissez avec un buffer si n\u00e9cessaire et ajoutez une finition ou une d\u00e9coration au choix.<\/li>\n<\/ul>\n<p>The <strong>builder gels &#8220;Foil Flake&#8221;<\/strong> seront vos alli\u00e9s\u00a0esth\u00e9tique\u00a0et pratiques. Transformez vos ongles en v\u00e9ritables \u0153uvres d\u2019art et laissez votre cr\u00e9ativit\u00e9 s&#8217;exprimer pleinement\u202f!<\/p>","protected":false},"excerpt":{"rendered":"<p>Apportez une touche moderne et \u00e9l\u00e9gante \u00e0 vos cr\u00e9ations gr\u00e2ce aux gels de construction &#8220;Foil Flake&#8221;. Parsem\u00e9s de d\u00e9licates feuilles [&hellip;]<\/p>\n","protected":false},"featured_media":4583,"comment_status":"open","ping_status":"closed","template":"","meta":{"_uag_custom_page_level_css":"","site-sidebar-layout":"default","site-content-layout":"","ast-site-content-layout":"default","site-content-style":"default","site-sidebar-style":"default","ast-global-header-display":"","ast-banner-title-visibility":"","ast-main-header-display":"","ast-hfb-above-header-display":"","ast-hfb-below-header-display":"","ast-hfb-mobile-header-display":"","site-post-title":"","ast-breadcrumbs-content":"","ast-featured-img":"","footer-sml-layout":"","ast-disable-related-posts":"","theme-transparent-header-meta":"default","adv-header-id-meta":"","stick-header-meta":"","header-above-stick-meta":"","header-main-stick-meta":"","header-below-stick-meta":"","astra-migrate-meta-layouts":"set","ast-page-background-enabled":"default","ast-page-background-meta":{"desktop":{"background-color":"var(--ast-global-color-4)","background-image":"","background-repeat":"repeat","background-position":"center center","background-size":"auto","background-attachment":"scroll","background-type":"","background-media":"","overlay-type":"","overlay-color":"","overlay-opacity":"","overlay-gradient":""},"tablet":{"background-color":"","background-image":"","background-repeat":"repeat","background-position":"center center","background-size":"auto","background-attachment":"scroll","background-type":"","background-media":"","overlay-type":"","overlay-color":"","overlay-opacity":"","overlay-gradient":""},"mobile":{"background-color":"","background-image":"","background-repeat":"repeat","background-position":"center center","background-size":"auto","background-attachment":"scroll","background-type":"","background-media":"","overlay-type":"","overlay-color":"","overlay-opacity":"","overlay-gradient":""}},"ast-content-background-meta":{"desktop":{"background-color":"var(--ast-global-color-5)","background-image":"","background-repeat":"repeat","background-position":"center center","background-size":"auto","background-attachment":"scroll","background-type":"","background-media":"","overlay-type":"","overlay-color":"","overlay-opacity":"","overlay-gradient":""},"tablet":{"background-color":"var(--ast-global-color-5)","background-image":"","background-repeat":"repeat","background-position":"center center","background-size":"auto","background-attachment":"scroll","background-type":"","background-media":"","overlay-type":"","overlay-color":"","overlay-opacity":"","overlay-gradient":""},"mobile":{"background-color":"var(--ast-global-color-5)","background-image":"","background-repeat":"repeat","background-position":"center center","background-size":"auto","background-attachment":"scroll","background-type":"","background-media":"","overlay-type":"","overlay-color":"","overlay-opacity":"","overlay-gradient":""}}},"product_brand":[254],"product_cat":[202,238,199],"product_tag":[],"class_list":{"0":"post-4570","1":"product","2":"type-product","3":"status-publish","4":"has-post-thumbnail","6":"product_brand-lpnnails","7":"product_cat-builder-gels-d-art","8":"product_cat-nouveau","9":"product_cat-tous-les-produits","10":"pa_composition-acrylates-carbamate-copolymer-84-5-acrylates-copolymer-10-dimethicone-2-microcrystalline-wax-2-ci-77499-0-5-ci-77891-0-5-ci-14700-0-5","11":"pa_couleur-bgff10","12":"pa_couleur-bgff11","13":"pa_couleur-bgff12","14":"pa_couleur-bgff13","15":"pa_couleur-bgff14","16":"pa_couleur-bgff15","17":"pa_couleur-bgff16","18":"pa_couleur-bgff1clear","19":"pa_couleur-bgff2","20":"pa_couleur-bgff3","21":"pa_couleur-bgff4","22":"pa_couleur-bgff5","23":"pa_couleur-bgff6","24":"pa_couleur-bgff7","25":"pa_couleur-bgff8","26":"pa_couleur-bgff9","27":"pa_recommandations-conserver-dans-un-endroit-frais-a-labri-de-la-lumiere-et-de-la-chaleur-tenir-hors-de-portee-des-enfants-faire-un-test-cutane-si-sensibilite-aux-uv","28":"desktop-align-left","29":"tablet-align-left","30":"mobile-align-left","32":"first","33":"instock","34":"purchasable","35":"product-type-variable","36":"wvs-archive-product-wrapper"},"yoast_head":"<!-- This site is optimized with the Yoast SEO plugin v27.3 - https:\/\/yoast.com\/product\/yoast-seo-wordpress\/ -->\n<title>Builder gel &quot;Foil flake&quot; - LPN Nails<\/title>\n<meta name=\"description\" content=\"Apportez une touche moderne et \u00e9l\u00e9gante \u00e0 vos cr\u00e9ations gr\u00e2ce aux gels de construction &quot;Foil Flake&quot;. Parsem\u00e9s de d\u00e9licates feuilles m\u00e9talliques, ces gels subliment vos ongles tout en leur offrant une solidit\u00e9 exceptionnelle.\" \/>\n<meta name=\"robots\" content=\"index, follow, max-snippet:-1, max-image-preview:large, max-video-preview:-1\" \/>\n<link rel=\"canonical\" href=\"https:\/\/www.lpnnails.fr\/en\/product\/builder-gel-foil-flake\/\" \/>\n<meta property=\"og:locale\" content=\"en_US\" \/>\n<meta property=\"og:type\" content=\"article\" \/>\n<meta property=\"og:title\" content=\"Builder gel &quot;Foil flake&quot; - LPN Nails\" \/>\n<meta property=\"og:description\" content=\"Apportez une touche moderne et \u00e9l\u00e9gante \u00e0 vos cr\u00e9ations gr\u00e2ce aux gels de construction &quot;Foil Flake&quot;. Parsem\u00e9s de d\u00e9licates feuilles m\u00e9talliques, ces gels subliment vos ongles tout en leur offrant une solidit\u00e9 exceptionnelle.\" \/>\n<meta property=\"og:url\" content=\"https:\/\/www.lpnnails.fr\/en\/product\/builder-gel-foil-flake\/\" \/>\n<meta property=\"og:site_name\" content=\"LPN Nails\" \/>\n<meta property=\"article:publisher\" content=\"https:\/\/www.facebook.com\/profile.php?id=61573655313488#\" \/>\n<meta property=\"article:modified_time\" content=\"2026-04-03T09:18:05+00:00\" \/>\n<meta property=\"og:image\" content=\"https:\/\/www.lpnnails.fr\/wp-content\/uploads\/2025\/04\/products-8907b2_c0b09a1d14bf41008959a246d16c97c5~mv2.jpg\" \/>\n\t<meta property=\"og:image:width\" content=\"1024\" \/>\n\t<meta property=\"og:image:height\" content=\"1024\" \/>\n\t<meta property=\"og:image:type\" content=\"image\/jpeg\" \/>\n<meta name=\"twitter:card\" content=\"summary_large_image\" \/>\n<meta name=\"twitter:label1\" content=\"Est. reading time\" \/>\n\t<meta name=\"twitter:data1\" content=\"2 minutes\" \/>\n<script type=\"application\/ld+json\" class=\"yoast-schema-graph\">{\"@context\":\"https:\\\/\\\/schema.org\",\"@graph\":[{\"@type\":\"WebPage\",\"@id\":\"https:\\\/\\\/www.lpnnails.fr\\\/produit\\\/builder-gel-foil-flake\\\/\",\"url\":\"https:\\\/\\\/www.lpnnails.fr\\\/produit\\\/builder-gel-foil-flake\\\/\",\"name\":\"Builder gel \\\"Foil flake\\\" - LPN Nails\",\"isPartOf\":{\"@id\":\"https:\\\/\\\/www.lpnnails.fr\\\/#website\"},\"primaryImageOfPage\":{\"@id\":\"https:\\\/\\\/www.lpnnails.fr\\\/produit\\\/builder-gel-foil-flake\\\/#primaryimage\"},\"image\":{\"@id\":\"https:\\\/\\\/www.lpnnails.fr\\\/produit\\\/builder-gel-foil-flake\\\/#primaryimage\"},\"thumbnailUrl\":\"https:\\\/\\\/www.lpnnails.fr\\\/wp-content\\\/uploads\\\/2025\\\/04\\\/products-8907b2_c0b09a1d14bf41008959a246d16c97c5~mv2.jpg\",\"datePublished\":\"2024-12-01T21:24:07+00:00\",\"dateModified\":\"2026-04-03T09:18:05+00:00\",\"description\":\"Apportez une touche moderne et \u00e9l\u00e9gante \u00e0 vos cr\u00e9ations gr\u00e2ce aux gels de construction \\\"Foil Flake\\\". Parsem\u00e9s de d\u00e9licates feuilles m\u00e9talliques, ces gels subliment vos ongles tout en leur offrant une solidit\u00e9 exceptionnelle.\",\"breadcrumb\":{\"@id\":\"https:\\\/\\\/www.lpnnails.fr\\\/produit\\\/builder-gel-foil-flake\\\/#breadcrumb\"},\"inLanguage\":\"en-US\",\"potentialAction\":[{\"@type\":\"ReadAction\",\"target\":[\"https:\\\/\\\/www.lpnnails.fr\\\/produit\\\/builder-gel-foil-flake\\\/\"]}]},{\"@type\":\"ImageObject\",\"inLanguage\":\"en-US\",\"@id\":\"https:\\\/\\\/www.lpnnails.fr\\\/produit\\\/builder-gel-foil-flake\\\/#primaryimage\",\"url\":\"https:\\\/\\\/www.lpnnails.fr\\\/wp-content\\\/uploads\\\/2025\\\/04\\\/products-8907b2_c0b09a1d14bf41008959a246d16c97c5~mv2.jpg\",\"contentUrl\":\"https:\\\/\\\/www.lpnnails.fr\\\/wp-content\\\/uploads\\\/2025\\\/04\\\/products-8907b2_c0b09a1d14bf41008959a246d16c97c5~mv2.jpg\",\"width\":1024,\"height\":1024,\"caption\":\"BUILDER GEL FOIL FLAKE 1\"},{\"@type\":\"BreadcrumbList\",\"@id\":\"https:\\\/\\\/www.lpnnails.fr\\\/produit\\\/builder-gel-foil-flake\\\/#breadcrumb\",\"itemListElement\":[{\"@type\":\"ListItem\",\"position\":1,\"name\":\"Accueil\",\"item\":\"https:\\\/\\\/www.lpnnails.fr\\\/\"},{\"@type\":\"ListItem\",\"position\":2,\"name\":\"Boutique\",\"item\":\"https:\\\/\\\/www.lpnnails.fr\\\/boutique\\\/\"},{\"@type\":\"ListItem\",\"position\":3,\"name\":\"Builder gel &#8220;Foil flake&#8221;\"}]},{\"@type\":\"WebSite\",\"@id\":\"https:\\\/\\\/www.lpnnails.fr\\\/#website\",\"url\":\"https:\\\/\\\/www.lpnnails.fr\\\/\",\"name\":\"LPN Nails\",\"description\":\"\",\"publisher\":{\"@id\":\"https:\\\/\\\/www.lpnnails.fr\\\/#organization\"},\"potentialAction\":[{\"@type\":\"SearchAction\",\"target\":{\"@type\":\"EntryPoint\",\"urlTemplate\":\"https:\\\/\\\/www.lpnnails.fr\\\/?s={search_term_string}\"},\"query-input\":{\"@type\":\"PropertyValueSpecification\",\"valueRequired\":true,\"valueName\":\"search_term_string\"}}],\"inLanguage\":\"en-US\"},{\"@type\":\"Organization\",\"@id\":\"https:\\\/\\\/www.lpnnails.fr\\\/#organization\",\"name\":\"LPN Nails\",\"url\":\"https:\\\/\\\/www.lpnnails.fr\\\/\",\"logo\":{\"@type\":\"ImageObject\",\"inLanguage\":\"en-US\",\"@id\":\"https:\\\/\\\/www.lpnnails.fr\\\/#\\\/schema\\\/logo\\\/image\\\/\",\"url\":\"https:\\\/\\\/www.lpnnails.fr\\\/wp-content\\\/uploads\\\/2025\\\/11\\\/Design-sans-titre-2.png\",\"contentUrl\":\"https:\\\/\\\/www.lpnnails.fr\\\/wp-content\\\/uploads\\\/2025\\\/11\\\/Design-sans-titre-2.png\",\"width\":512,\"height\":512,\"caption\":\"LPN Nails\"},\"image\":{\"@id\":\"https:\\\/\\\/www.lpnnails.fr\\\/#\\\/schema\\\/logo\\\/image\\\/\"},\"sameAs\":[\"https:\\\/\\\/www.facebook.com\\\/profile.php?id=61573655313488#\",\"https:\\\/\\\/www.instagram.com\\\/lpnnails\\\/\",\"https:\\\/\\\/www.linkedin.com\\\/company\\\/lpnnails\\\/\",\"https:\\\/\\\/www.youtube.com\\\/@LPNNails\\\/\"]}]}<\/script>\n<!-- \/ Yoast SEO plugin. -->","yoast_head_json":{"title":"Builder gel \"Foil flake\" - LPN Nails","description":"Apportez une touche moderne et \u00e9l\u00e9gante \u00e0 vos cr\u00e9ations gr\u00e2ce aux gels de construction \"Foil Flake\". Parsem\u00e9s de d\u00e9licates feuilles m\u00e9talliques, ces gels subliment vos ongles tout en leur offrant une solidit\u00e9 exceptionnelle.","robots":{"index":"index","follow":"follow","max-snippet":"max-snippet:-1","max-image-preview":"max-image-preview:large","max-video-preview":"max-video-preview:-1"},"canonical":"https:\/\/www.lpnnails.fr\/en\/product\/builder-gel-foil-flake\/","og_locale":"en_US","og_type":"article","og_title":"Builder gel \"Foil flake\" - LPN Nails","og_description":"Apportez une touche moderne et \u00e9l\u00e9gante \u00e0 vos cr\u00e9ations gr\u00e2ce aux gels de construction \"Foil Flake\". Parsem\u00e9s de d\u00e9licates feuilles m\u00e9talliques, ces gels subliment vos ongles tout en leur offrant une solidit\u00e9 exceptionnelle.","og_url":"https:\/\/www.lpnnails.fr\/en\/product\/builder-gel-foil-flake\/","og_site_name":"LPN Nails","article_publisher":"https:\/\/www.facebook.com\/profile.php?id=61573655313488#","article_modified_time":"2026-04-03T09:18:05+00:00","og_image":[{"width":1024,"height":1024,"url":"https:\/\/www.lpnnails.fr\/wp-content\/uploads\/2025\/04\/products-8907b2_c0b09a1d14bf41008959a246d16c97c5~mv2.jpg","type":"image\/jpeg"}],"twitter_card":"summary_large_image","twitter_misc":{"Est. reading time":"2 minutes"},"schema":{"@context":"https:\/\/schema.org","@graph":[{"@type":"WebPage","@id":"https:\/\/www.lpnnails.fr\/produit\/builder-gel-foil-flake\/","url":"https:\/\/www.lpnnails.fr\/produit\/builder-gel-foil-flake\/","name":"Builder gel \"Foil flake\" - LPN Nails","isPartOf":{"@id":"https:\/\/www.lpnnails.fr\/#website"},"primaryImageOfPage":{"@id":"https:\/\/www.lpnnails.fr\/produit\/builder-gel-foil-flake\/#primaryimage"},"image":{"@id":"https:\/\/www.lpnnails.fr\/produit\/builder-gel-foil-flake\/#primaryimage"},"thumbnailUrl":"https:\/\/www.lpnnails.fr\/wp-content\/uploads\/2025\/04\/products-8907b2_c0b09a1d14bf41008959a246d16c97c5~mv2.jpg","datePublished":"2024-12-01T21:24:07+00:00","dateModified":"2026-04-03T09:18:05+00:00","description":"Apportez une touche moderne et \u00e9l\u00e9gante \u00e0 vos cr\u00e9ations gr\u00e2ce aux gels de construction \"Foil Flake\". Parsem\u00e9s de d\u00e9licates feuilles m\u00e9talliques, ces gels subliment vos ongles tout en leur offrant une solidit\u00e9 exceptionnelle.","breadcrumb":{"@id":"https:\/\/www.lpnnails.fr\/produit\/builder-gel-foil-flake\/#breadcrumb"},"inLanguage":"en-US","potentialAction":[{"@type":"ReadAction","target":["https:\/\/www.lpnnails.fr\/produit\/builder-gel-foil-flake\/"]}]},{"@type":"ImageObject","inLanguage":"en-US","@id":"https:\/\/www.lpnnails.fr\/produit\/builder-gel-foil-flake\/#primaryimage","url":"https:\/\/www.lpnnails.fr\/wp-content\/uploads\/2025\/04\/products-8907b2_c0b09a1d14bf41008959a246d16c97c5~mv2.jpg","contentUrl":"https:\/\/www.lpnnails.fr\/wp-content\/uploads\/2025\/04\/products-8907b2_c0b09a1d14bf41008959a246d16c97c5~mv2.jpg","width":1024,"height":1024,"caption":"BUILDER GEL FOIL FLAKE 1"},{"@type":"BreadcrumbList","@id":"https:\/\/www.lpnnails.fr\/produit\/builder-gel-foil-flake\/#breadcrumb","itemListElement":[{"@type":"ListItem","position":1,"name":"Accueil","item":"https:\/\/www.lpnnails.fr\/"},{"@type":"ListItem","position":2,"name":"Boutique","item":"https:\/\/www.lpnnails.fr\/boutique\/"},{"@type":"ListItem","position":3,"name":"Builder gel &#8220;Foil flake&#8221;"}]},{"@type":"WebSite","@id":"https:\/\/www.lpnnails.fr\/#website","url":"https:\/\/www.lpnnails.fr\/","name":"LPN Nails","description":"","publisher":{"@id":"https:\/\/www.lpnnails.fr\/#organization"},"potentialAction":[{"@type":"SearchAction","target":{"@type":"EntryPoint","urlTemplate":"https:\/\/www.lpnnails.fr\/?s={search_term_string}"},"query-input":{"@type":"PropertyValueSpecification","valueRequired":true,"valueName":"search_term_string"}}],"inLanguage":"en-US"},{"@type":"Organization","@id":"https:\/\/www.lpnnails.fr\/#organization","name":"LPN Nails","url":"https:\/\/www.lpnnails.fr\/","logo":{"@type":"ImageObject","inLanguage":"en-US","@id":"https:\/\/www.lpnnails.fr\/#\/schema\/logo\/image\/","url":"https:\/\/www.lpnnails.fr\/wp-content\/uploads\/2025\/11\/Design-sans-titre-2.png","contentUrl":"https:\/\/www.lpnnails.fr\/wp-content\/uploads\/2025\/11\/Design-sans-titre-2.png","width":512,"height":512,"caption":"LPN Nails"},"image":{"@id":"https:\/\/www.lpnnails.fr\/#\/schema\/logo\/image\/"},"sameAs":["https:\/\/www.facebook.com\/profile.php?id=61573655313488#","https:\/\/www.instagram.com\/lpnnails\/","https:\/\/www.linkedin.com\/company\/lpnnails\/","https:\/\/www.youtube.com\/@LPNNails\/"]}]}},"uagb_featured_image_src":{"full":["https:\/\/www.lpnnails.fr\/wp-content\/uploads\/2025\/04\/products-8907b2_c0b09a1d14bf41008959a246d16c97c5~mv2.jpg",1024,1024,false],"thumbnail":["https:\/\/www.lpnnails.fr\/wp-content\/uploads\/2025\/04\/products-8907b2_c0b09a1d14bf41008959a246d16c97c5~mv2.jpg",150,150,true],"medium":["https:\/\/www.lpnnails.fr\/wp-content\/uploads\/2025\/04\/products-8907b2_c0b09a1d14bf41008959a246d16c97c5~mv2.jpg",300,214,true],"medium_large":["https:\/\/www.lpnnails.fr\/wp-content\/uploads\/2025\/04\/products-8907b2_c0b09a1d14bf41008959a246d16c97c5~mv2.jpg",768,768,false],"large":["https:\/\/www.lpnnails.fr\/wp-content\/uploads\/2025\/04\/products-8907b2_c0b09a1d14bf41008959a246d16c97c5~mv2.jpg",1024,1024,false],"1536x1536":["https:\/\/www.lpnnails.fr\/wp-content\/uploads\/2025\/04\/products-8907b2_c0b09a1d14bf41008959a246d16c97c5~mv2.jpg",1024,1024,false],"2048x2048":["https:\/\/www.lpnnails.fr\/wp-content\/uploads\/2025\/04\/products-8907b2_c0b09a1d14bf41008959a246d16c97c5~mv2.jpg",1024,1024,false],"trp-custom-language-flag":["https:\/\/www.lpnnails.fr\/wp-content\/uploads\/2025\/04\/products-8907b2_c0b09a1d14bf41008959a246d16c97c5~mv2.jpg",12,12,false],"mailpoet_newsletter_max":["https:\/\/www.lpnnails.fr\/wp-content\/uploads\/2025\/04\/products-8907b2_c0b09a1d14bf41008959a246d16c97c5~mv2.jpg",1024,1024,false],"woocommerce_thumbnail":["https:\/\/www.lpnnails.fr\/wp-content\/uploads\/2025\/04\/products-8907b2_c0b09a1d14bf41008959a246d16c97c5~mv2.jpg",300,300,false],"woocommerce_single":["https:\/\/www.lpnnails.fr\/wp-content\/uploads\/2025\/04\/products-8907b2_c0b09a1d14bf41008959a246d16c97c5~mv2.jpg",600,600,false],"woocommerce_gallery_thumbnail":["https:\/\/www.lpnnails.fr\/wp-content\/uploads\/2025\/04\/products-8907b2_c0b09a1d14bf41008959a246d16c97c5~mv2.jpg",100,100,false],"variation_swatches_image_size":["https:\/\/www.lpnnails.fr\/wp-content\/uploads\/2025\/04\/products-8907b2_c0b09a1d14bf41008959a246d16c97c5~mv2.jpg",50,50,false],"variation_swatches_tooltip_size":["https:\/\/www.lpnnails.fr\/wp-content\/uploads\/2025\/04\/products-8907b2_c0b09a1d14bf41008959a246d16c97c5~mv2.jpg",100,100,false]},"uagb_author_info":{"display_name":"LPN Nails","author_link":"https:\/\/www.lpnnails.fr\/en\/author\/"},"uagb_comment_info":0,"uagb_excerpt":"Apportez une touche moderne et \u00e9l\u00e9gante \u00e0 vos cr\u00e9ations gr\u00e2ce aux gels de construction &#8220;Foil Flake&#8221;. Parsem\u00e9s de d\u00e9licates feuilles [&hellip;]","_links":{"self":[{"href":"https:\/\/www.lpnnails.fr\/en\/wp-json\/wp\/v2\/product\/4570","targetHints":{"allow":["GET"]}}],"collection":[{"href":"https:\/\/www.lpnnails.fr\/en\/wp-json\/wp\/v2\/product"}],"about":[{"href":"https:\/\/www.lpnnails.fr\/en\/wp-json\/wp\/v2\/types\/product"}],"replies":[{"embeddable":true,"href":"https:\/\/www.lpnnails.fr\/en\/wp-json\/wp\/v2\/comments?post=4570"}],"wp:featuredmedia":[{"embeddable":true,"href":"https:\/\/www.lpnnails.fr\/en\/wp-json\/wp\/v2\/media\/4583"}],"wp:attachment":[{"href":"https:\/\/www.lpnnails.fr\/en\/wp-json\/wp\/v2\/media?parent=4570"}],"wp:term":[{"taxonomy":"product_brand","embeddable":true,"href":"https:\/\/www.lpnnails.fr\/en\/wp-json\/wp\/v2\/product_brand?post=4570"},{"taxonomy":"product_cat","embeddable":true,"href":"https:\/\/www.lpnnails.fr\/en\/wp-json\/wp\/v2\/product_cat?post=4570"},{"taxonomy":"product_tag","embeddable":true,"href":"https:\/\/www.lpnnails.fr\/en\/wp-json\/wp\/v2\/product_tag?post=4570"}],"curies":[{"name":"wp","href":"https:\/\/api.w.org\/{rel}","templated":true}]}}