{"id":4393,"date":"2024-11-23T17:54:37","date_gmt":"2024-11-23T16:54:37","guid":{"rendered":"https:\/\/www.lpnnails.fr\/?post_type=product&#038;p=4393"},"modified":"2026-01-20T11:29:21","modified_gmt":"2026-01-20T10:29:21","slug":"collection-pastel-perfection","status":"publish","type":"product","link":"https:\/\/www.lpnnails.fr\/en\/product\/collection-pastel-perfection\/","title":{"rendered":"\u201cPastel Perfection\u201d Collection\u201d"},"content":{"rendered":"<p>Transformez vos manucures avec les <strong>builder gels liquides<\/strong> de la<strong> collection\u00a0&#8220;Pastel Perfection&#8221;<\/strong>. Con\u00e7u pour offrir une construction solide et durable, ce gel est parfait pour les extensions, les renforts ou simplement pour sublimer vos ongles naturels. Sa formule fluide et sa palette pastel s&#8217;adaptent \u00e0 tous les styles et occasions.<\/p>\n<p><strong>Features :<\/strong><\/p>\n<ul>\n<li><strong>Palette de couleurs pastel :<\/strong> 15 nuances douces et modernes pour s&#8217;adapter \u00e0 toutes vos envies.<\/li>\n<li><strong>Texture liquide :<\/strong> Permet une application uniforme et sans effort.<\/li>\n<li><strong>R\u00e9sistance et durabilit\u00e9 :<\/strong> Id\u00e9al pour les ongles fragiles ou pour les extensions.<\/li>\n<li><strong>Polyvalence :<\/strong> Convient pour le modelage sur capsules, formes ou ongles naturels.<\/li>\n<li><strong>Contenance :<\/strong> Flacon pratique de 15 ml.<\/li>\n<\/ul>\n<p><strong>Instructions for use:<\/strong><\/p>\n<ul>\n<li>Pr\u00e9parez vos ongles avec un primer et une base LPN Nails.<\/li>\n<li>Appliquez une couche de builder gel liquide pour modeler ou renforcer vos ongles.<\/li>\n<li>Catalysez sous lampe UV (120 secondes) ou LED (30 secondes).<\/li>\n<li>R\u00e9p\u00e9tez l&#8217;application pour une construction parfaite, si n\u00e9cessaire.<\/li>\n<li>Finalisez avec un top coat pour une finition brillante et soign\u00e9e.<\/li>\n<\/ul>\n<p>Exprimez votre cr\u00e9ativit\u00e9 avec les nuances subtiles et sophistiqu\u00e9es de la collection<strong>\u00a0&#8220;Pastel Perfection&#8221;<\/strong>. Faites de chaque manucure une v\u00e9ritable \u0153uvre d\u2019art\u202f!<\/p>","protected":false},"excerpt":{"rendered":"<p>Transformez vos manucures avec les builder gels liquides de la collection\u00a0&#8220;Pastel Perfection&#8221;. Con\u00e7u pour offrir une construction solide et durable, [&hellip;]<\/p>\n","protected":false},"featured_media":4409,"comment_status":"open","ping_status":"closed","template":"","meta":{"_uag_custom_page_level_css":"","site-sidebar-layout":"default","site-content-layout":"","ast-site-content-layout":"default","site-content-style":"default","site-sidebar-style":"default","ast-global-header-display":"","ast-banner-title-visibility":"","ast-main-header-display":"","ast-hfb-above-header-display":"","ast-hfb-below-header-display":"","ast-hfb-mobile-header-display":"","site-post-title":"","ast-breadcrumbs-content":"","ast-featured-img":"","footer-sml-layout":"","ast-disable-related-posts":"","theme-transparent-header-meta":"default","adv-header-id-meta":"","stick-header-meta":"","header-above-stick-meta":"","header-main-stick-meta":"","header-below-stick-meta":"","astra-migrate-meta-layouts":"set","ast-page-background-enabled":"default","ast-page-background-meta":{"desktop":{"background-color":"var(--ast-global-color-4)","background-image":"","background-repeat":"repeat","background-position":"center center","background-size":"auto","background-attachment":"scroll","background-type":"","background-media":"","overlay-type":"","overlay-color":"","overlay-opacity":"","overlay-gradient":""},"tablet":{"background-color":"","background-image":"","background-repeat":"repeat","background-position":"center center","background-size":"auto","background-attachment":"scroll","background-type":"","background-media":"","overlay-type":"","overlay-color":"","overlay-opacity":"","overlay-gradient":""},"mobile":{"background-color":"","background-image":"","background-repeat":"repeat","background-position":"center center","background-size":"auto","background-attachment":"scroll","background-type":"","background-media":"","overlay-type":"","overlay-color":"","overlay-opacity":"","overlay-gradient":""}},"ast-content-background-meta":{"desktop":{"background-color":"var(--ast-global-color-5)","background-image":"","background-repeat":"repeat","background-position":"center center","background-size":"auto","background-attachment":"scroll","background-type":"","background-media":"","overlay-type":"","overlay-color":"","overlay-opacity":"","overlay-gradient":""},"tablet":{"background-color":"var(--ast-global-color-5)","background-image":"","background-repeat":"repeat","background-position":"center center","background-size":"auto","background-attachment":"scroll","background-type":"","background-media":"","overlay-type":"","overlay-color":"","overlay-opacity":"","overlay-gradient":""},"mobile":{"background-color":"var(--ast-global-color-5)","background-image":"","background-repeat":"repeat","background-position":"center center","background-size":"auto","background-attachment":"scroll","background-type":"","background-media":"","overlay-type":"","overlay-color":"","overlay-opacity":"","overlay-gradient":""}}},"product_brand":[254],"product_cat":[225,238,199],"product_tag":[],"class_list":{"0":"post-4393","1":"product","2":"type-product","3":"status-publish","4":"has-post-thumbnail","6":"product_brand-lpnnails","7":"product_cat-builder-gels-liquides","8":"product_cat-nouveau","9":"product_cat-tous-les-produits","10":"pa_composition-copolymere-dacrylates-carbamates-dimethicone-cire-microcristalline-ci-77499-ci-77891-ci-14700-pigments","11":"pa_couleur-bglpp10","12":"pa_couleur-bglpp11","13":"pa_couleur-bglpp12","14":"pa_couleur-bglpp13","15":"pa_couleur-bglpp14","16":"pa_couleur-bglpp15","17":"pa_couleur-bglpp16","18":"pa_couleur-bglpp2","19":"pa_couleur-bglpp3","20":"pa_couleur-bglpp4","21":"pa_couleur-bglpp5","22":"pa_couleur-bglpp6","23":"pa_couleur-bglpp7","24":"pa_couleur-bglpp8","25":"pa_couleur-bglpp9","26":"pa_recommandations-conserver-dans-un-endroit-frais-a-labri-de-la-lumiere-et-de-la-chaleur-tenir-hors-de-portee-des-enfants-faire-un-test-cutane-si-sensibilite-aux-uv","27":"desktop-align-left","28":"tablet-align-left","29":"mobile-align-left","31":"first","32":"instock","33":"purchasable","34":"product-type-variable","35":"wvs-archive-product-wrapper"},"yoast_head":"<!-- This site is optimized with the Yoast SEO plugin v27.3 - https:\/\/yoast.com\/product\/yoast-seo-wordpress\/ -->\n<title>Collection &quot;Pastel Perfection&quot; - LPN Nails<\/title>\n<meta name=\"description\" content=\"Transformez vos manucures avec les builder gels liquides de la collection &quot;Pastel Perfection&quot;.Con\u00e7u pour offrir une construction solide et durable, ce gel est parfait pour les extensions, les renforts ou simplement pour sublimer vos ongles naturels.\" \/>\n<meta name=\"robots\" content=\"index, follow, max-snippet:-1, max-image-preview:large, max-video-preview:-1\" \/>\n<link rel=\"canonical\" href=\"https:\/\/www.lpnnails.fr\/en\/product\/collection-pastel-perfection\/\" \/>\n<meta property=\"og:locale\" content=\"en_US\" \/>\n<meta property=\"og:type\" content=\"article\" \/>\n<meta property=\"og:title\" content=\"Collection &quot;Pastel Perfection&quot; - LPN Nails\" \/>\n<meta property=\"og:description\" content=\"Transformez vos manucures avec les builder gels liquides de la collection &quot;Pastel Perfection&quot;.Con\u00e7u pour offrir une construction solide et durable, ce gel est parfait pour les extensions, les renforts ou simplement pour sublimer vos ongles naturels.\" \/>\n<meta property=\"og:url\" content=\"https:\/\/www.lpnnails.fr\/en\/product\/collection-pastel-perfection\/\" \/>\n<meta property=\"og:site_name\" content=\"LPN Nails\" \/>\n<meta property=\"article:publisher\" content=\"https:\/\/www.facebook.com\/profile.php?id=61573655313488#\" \/>\n<meta property=\"article:modified_time\" content=\"2026-01-20T10:29:21+00:00\" \/>\n<meta property=\"og:image\" content=\"https:\/\/www.lpnnails.fr\/wp-content\/uploads\/2025\/04\/products-8907b2_d2809e2469d6402c8c725cb4d2ff08c5~mv2.jpg\" \/>\n\t<meta property=\"og:image:width\" content=\"1024\" \/>\n\t<meta property=\"og:image:height\" content=\"1024\" \/>\n\t<meta property=\"og:image:type\" content=\"image\/jpeg\" \/>\n<meta name=\"twitter:card\" content=\"summary_large_image\" \/>\n<meta name=\"twitter:label1\" content=\"Est. reading time\" \/>\n\t<meta name=\"twitter:data1\" content=\"2 minutes\" \/>\n<script type=\"application\/ld+json\" class=\"yoast-schema-graph\">{\"@context\":\"https:\\\/\\\/schema.org\",\"@graph\":[{\"@type\":\"WebPage\",\"@id\":\"https:\\\/\\\/www.lpnnails.fr\\\/produit\\\/collection-pastel-perfection\\\/\",\"url\":\"https:\\\/\\\/www.lpnnails.fr\\\/produit\\\/collection-pastel-perfection\\\/\",\"name\":\"Collection \\\"Pastel Perfection\\\" - LPN Nails\",\"isPartOf\":{\"@id\":\"https:\\\/\\\/www.lpnnails.fr\\\/#website\"},\"primaryImageOfPage\":{\"@id\":\"https:\\\/\\\/www.lpnnails.fr\\\/produit\\\/collection-pastel-perfection\\\/#primaryimage\"},\"image\":{\"@id\":\"https:\\\/\\\/www.lpnnails.fr\\\/produit\\\/collection-pastel-perfection\\\/#primaryimage\"},\"thumbnailUrl\":\"https:\\\/\\\/www.lpnnails.fr\\\/wp-content\\\/uploads\\\/2025\\\/04\\\/products-8907b2_d2809e2469d6402c8c725cb4d2ff08c5~mv2.jpg\",\"datePublished\":\"2024-11-23T16:54:37+00:00\",\"dateModified\":\"2026-01-20T10:29:21+00:00\",\"description\":\"Transformez vos manucures avec les builder gels liquides de la collection \\\"Pastel Perfection\\\".Con\u00e7u pour offrir une construction solide et durable, ce gel est parfait pour les extensions, les renforts ou simplement pour sublimer vos ongles naturels.\",\"breadcrumb\":{\"@id\":\"https:\\\/\\\/www.lpnnails.fr\\\/produit\\\/collection-pastel-perfection\\\/#breadcrumb\"},\"inLanguage\":\"en-US\",\"potentialAction\":[{\"@type\":\"ReadAction\",\"target\":[\"https:\\\/\\\/www.lpnnails.fr\\\/produit\\\/collection-pastel-perfection\\\/\"]}]},{\"@type\":\"ImageObject\",\"inLanguage\":\"en-US\",\"@id\":\"https:\\\/\\\/www.lpnnails.fr\\\/produit\\\/collection-pastel-perfection\\\/#primaryimage\",\"url\":\"https:\\\/\\\/www.lpnnails.fr\\\/wp-content\\\/uploads\\\/2025\\\/04\\\/products-8907b2_d2809e2469d6402c8c725cb4d2ff08c5~mv2.jpg\",\"contentUrl\":\"https:\\\/\\\/www.lpnnails.fr\\\/wp-content\\\/uploads\\\/2025\\\/04\\\/products-8907b2_d2809e2469d6402c8c725cb4d2ff08c5~mv2.jpg\",\"width\":1024,\"height\":1024,\"caption\":\"BUILDER GEL PASTEL PERFECTION 11\"},{\"@type\":\"BreadcrumbList\",\"@id\":\"https:\\\/\\\/www.lpnnails.fr\\\/produit\\\/collection-pastel-perfection\\\/#breadcrumb\",\"itemListElement\":[{\"@type\":\"ListItem\",\"position\":1,\"name\":\"Accueil\",\"item\":\"https:\\\/\\\/www.lpnnails.fr\\\/\"},{\"@type\":\"ListItem\",\"position\":2,\"name\":\"Boutique\",\"item\":\"https:\\\/\\\/www.lpnnails.fr\\\/boutique\\\/\"},{\"@type\":\"ListItem\",\"position\":3,\"name\":\"Collection &#8220;Pastel Perfection&#8221;\"}]},{\"@type\":\"WebSite\",\"@id\":\"https:\\\/\\\/www.lpnnails.fr\\\/#website\",\"url\":\"https:\\\/\\\/www.lpnnails.fr\\\/\",\"name\":\"LPN Nails\",\"description\":\"\",\"publisher\":{\"@id\":\"https:\\\/\\\/www.lpnnails.fr\\\/#organization\"},\"potentialAction\":[{\"@type\":\"SearchAction\",\"target\":{\"@type\":\"EntryPoint\",\"urlTemplate\":\"https:\\\/\\\/www.lpnnails.fr\\\/?s={search_term_string}\"},\"query-input\":{\"@type\":\"PropertyValueSpecification\",\"valueRequired\":true,\"valueName\":\"search_term_string\"}}],\"inLanguage\":\"en-US\"},{\"@type\":\"Organization\",\"@id\":\"https:\\\/\\\/www.lpnnails.fr\\\/#organization\",\"name\":\"LPN Nails\",\"url\":\"https:\\\/\\\/www.lpnnails.fr\\\/\",\"logo\":{\"@type\":\"ImageObject\",\"inLanguage\":\"en-US\",\"@id\":\"https:\\\/\\\/www.lpnnails.fr\\\/#\\\/schema\\\/logo\\\/image\\\/\",\"url\":\"https:\\\/\\\/www.lpnnails.fr\\\/wp-content\\\/uploads\\\/2025\\\/11\\\/Design-sans-titre-2.png\",\"contentUrl\":\"https:\\\/\\\/www.lpnnails.fr\\\/wp-content\\\/uploads\\\/2025\\\/11\\\/Design-sans-titre-2.png\",\"width\":512,\"height\":512,\"caption\":\"LPN Nails\"},\"image\":{\"@id\":\"https:\\\/\\\/www.lpnnails.fr\\\/#\\\/schema\\\/logo\\\/image\\\/\"},\"sameAs\":[\"https:\\\/\\\/www.facebook.com\\\/profile.php?id=61573655313488#\",\"https:\\\/\\\/www.instagram.com\\\/lpnnails\\\/\",\"https:\\\/\\\/www.linkedin.com\\\/company\\\/lpnnails\\\/\",\"https:\\\/\\\/www.youtube.com\\\/@LPNNails\\\/\"]}]}<\/script>\n<!-- \/ Yoast SEO plugin. -->","yoast_head_json":{"title":"Collection \"Pastel Perfection\" - LPN Nails","description":"Transformez vos manucures avec les builder gels liquides de la collection \"Pastel Perfection\".Con\u00e7u pour offrir une construction solide et durable, ce gel est parfait pour les extensions, les renforts ou simplement pour sublimer vos ongles naturels.","robots":{"index":"index","follow":"follow","max-snippet":"max-snippet:-1","max-image-preview":"max-image-preview:large","max-video-preview":"max-video-preview:-1"},"canonical":"https:\/\/www.lpnnails.fr\/en\/product\/collection-pastel-perfection\/","og_locale":"en_US","og_type":"article","og_title":"Collection \"Pastel Perfection\" - LPN Nails","og_description":"Transformez vos manucures avec les builder gels liquides de la collection \"Pastel Perfection\".Con\u00e7u pour offrir une construction solide et durable, ce gel est parfait pour les extensions, les renforts ou simplement pour sublimer vos ongles naturels.","og_url":"https:\/\/www.lpnnails.fr\/en\/product\/collection-pastel-perfection\/","og_site_name":"LPN Nails","article_publisher":"https:\/\/www.facebook.com\/profile.php?id=61573655313488#","article_modified_time":"2026-01-20T10:29:21+00:00","og_image":[{"width":1024,"height":1024,"url":"https:\/\/www.lpnnails.fr\/wp-content\/uploads\/2025\/04\/products-8907b2_d2809e2469d6402c8c725cb4d2ff08c5~mv2.jpg","type":"image\/jpeg"}],"twitter_card":"summary_large_image","twitter_misc":{"Est. reading time":"2 minutes"},"schema":{"@context":"https:\/\/schema.org","@graph":[{"@type":"WebPage","@id":"https:\/\/www.lpnnails.fr\/produit\/collection-pastel-perfection\/","url":"https:\/\/www.lpnnails.fr\/produit\/collection-pastel-perfection\/","name":"Collection \"Pastel Perfection\" - LPN Nails","isPartOf":{"@id":"https:\/\/www.lpnnails.fr\/#website"},"primaryImageOfPage":{"@id":"https:\/\/www.lpnnails.fr\/produit\/collection-pastel-perfection\/#primaryimage"},"image":{"@id":"https:\/\/www.lpnnails.fr\/produit\/collection-pastel-perfection\/#primaryimage"},"thumbnailUrl":"https:\/\/www.lpnnails.fr\/wp-content\/uploads\/2025\/04\/products-8907b2_d2809e2469d6402c8c725cb4d2ff08c5~mv2.jpg","datePublished":"2024-11-23T16:54:37+00:00","dateModified":"2026-01-20T10:29:21+00:00","description":"Transformez vos manucures avec les builder gels liquides de la collection \"Pastel Perfection\".Con\u00e7u pour offrir une construction solide et durable, ce gel est parfait pour les extensions, les renforts ou simplement pour sublimer vos ongles naturels.","breadcrumb":{"@id":"https:\/\/www.lpnnails.fr\/produit\/collection-pastel-perfection\/#breadcrumb"},"inLanguage":"en-US","potentialAction":[{"@type":"ReadAction","target":["https:\/\/www.lpnnails.fr\/produit\/collection-pastel-perfection\/"]}]},{"@type":"ImageObject","inLanguage":"en-US","@id":"https:\/\/www.lpnnails.fr\/produit\/collection-pastel-perfection\/#primaryimage","url":"https:\/\/www.lpnnails.fr\/wp-content\/uploads\/2025\/04\/products-8907b2_d2809e2469d6402c8c725cb4d2ff08c5~mv2.jpg","contentUrl":"https:\/\/www.lpnnails.fr\/wp-content\/uploads\/2025\/04\/products-8907b2_d2809e2469d6402c8c725cb4d2ff08c5~mv2.jpg","width":1024,"height":1024,"caption":"BUILDER GEL PASTEL PERFECTION 11"},{"@type":"BreadcrumbList","@id":"https:\/\/www.lpnnails.fr\/produit\/collection-pastel-perfection\/#breadcrumb","itemListElement":[{"@type":"ListItem","position":1,"name":"Accueil","item":"https:\/\/www.lpnnails.fr\/"},{"@type":"ListItem","position":2,"name":"Boutique","item":"https:\/\/www.lpnnails.fr\/boutique\/"},{"@type":"ListItem","position":3,"name":"Collection &#8220;Pastel Perfection&#8221;"}]},{"@type":"WebSite","@id":"https:\/\/www.lpnnails.fr\/#website","url":"https:\/\/www.lpnnails.fr\/","name":"LPN Nails","description":"","publisher":{"@id":"https:\/\/www.lpnnails.fr\/#organization"},"potentialAction":[{"@type":"SearchAction","target":{"@type":"EntryPoint","urlTemplate":"https:\/\/www.lpnnails.fr\/?s={search_term_string}"},"query-input":{"@type":"PropertyValueSpecification","valueRequired":true,"valueName":"search_term_string"}}],"inLanguage":"en-US"},{"@type":"Organization","@id":"https:\/\/www.lpnnails.fr\/#organization","name":"LPN Nails","url":"https:\/\/www.lpnnails.fr\/","logo":{"@type":"ImageObject","inLanguage":"en-US","@id":"https:\/\/www.lpnnails.fr\/#\/schema\/logo\/image\/","url":"https:\/\/www.lpnnails.fr\/wp-content\/uploads\/2025\/11\/Design-sans-titre-2.png","contentUrl":"https:\/\/www.lpnnails.fr\/wp-content\/uploads\/2025\/11\/Design-sans-titre-2.png","width":512,"height":512,"caption":"LPN Nails"},"image":{"@id":"https:\/\/www.lpnnails.fr\/#\/schema\/logo\/image\/"},"sameAs":["https:\/\/www.facebook.com\/profile.php?id=61573655313488#","https:\/\/www.instagram.com\/lpnnails\/","https:\/\/www.linkedin.com\/company\/lpnnails\/","https:\/\/www.youtube.com\/@LPNNails\/"]}]}},"uagb_featured_image_src":{"full":["https:\/\/www.lpnnails.fr\/wp-content\/uploads\/2025\/04\/products-8907b2_d2809e2469d6402c8c725cb4d2ff08c5~mv2.jpg",1024,1024,false],"thumbnail":["https:\/\/www.lpnnails.fr\/wp-content\/uploads\/2025\/04\/products-8907b2_d2809e2469d6402c8c725cb4d2ff08c5~mv2.jpg",150,150,true],"medium":["https:\/\/www.lpnnails.fr\/wp-content\/uploads\/2025\/04\/products-8907b2_d2809e2469d6402c8c725cb4d2ff08c5~mv2.jpg",300,214,true],"medium_large":["https:\/\/www.lpnnails.fr\/wp-content\/uploads\/2025\/04\/products-8907b2_d2809e2469d6402c8c725cb4d2ff08c5~mv2.jpg",768,768,false],"large":["https:\/\/www.lpnnails.fr\/wp-content\/uploads\/2025\/04\/products-8907b2_d2809e2469d6402c8c725cb4d2ff08c5~mv2.jpg",1024,1024,false],"1536x1536":["https:\/\/www.lpnnails.fr\/wp-content\/uploads\/2025\/04\/products-8907b2_d2809e2469d6402c8c725cb4d2ff08c5~mv2.jpg",1024,1024,false],"2048x2048":["https:\/\/www.lpnnails.fr\/wp-content\/uploads\/2025\/04\/products-8907b2_d2809e2469d6402c8c725cb4d2ff08c5~mv2.jpg",1024,1024,false],"trp-custom-language-flag":["https:\/\/www.lpnnails.fr\/wp-content\/uploads\/2025\/04\/products-8907b2_d2809e2469d6402c8c725cb4d2ff08c5~mv2.jpg",12,12,false],"mailpoet_newsletter_max":["https:\/\/www.lpnnails.fr\/wp-content\/uploads\/2025\/04\/products-8907b2_d2809e2469d6402c8c725cb4d2ff08c5~mv2.jpg",1024,1024,false],"woocommerce_thumbnail":["https:\/\/www.lpnnails.fr\/wp-content\/uploads\/2025\/04\/products-8907b2_d2809e2469d6402c8c725cb4d2ff08c5~mv2.jpg",300,300,false],"woocommerce_single":["https:\/\/www.lpnnails.fr\/wp-content\/uploads\/2025\/04\/products-8907b2_d2809e2469d6402c8c725cb4d2ff08c5~mv2.jpg",600,600,false],"woocommerce_gallery_thumbnail":["https:\/\/www.lpnnails.fr\/wp-content\/uploads\/2025\/04\/products-8907b2_d2809e2469d6402c8c725cb4d2ff08c5~mv2.jpg",100,100,false],"variation_swatches_image_size":["https:\/\/www.lpnnails.fr\/wp-content\/uploads\/2025\/04\/products-8907b2_d2809e2469d6402c8c725cb4d2ff08c5~mv2.jpg",50,50,false],"variation_swatches_tooltip_size":["https:\/\/www.lpnnails.fr\/wp-content\/uploads\/2025\/04\/products-8907b2_d2809e2469d6402c8c725cb4d2ff08c5~mv2.jpg",100,100,false]},"uagb_author_info":{"display_name":"LPN Nails","author_link":"https:\/\/www.lpnnails.fr\/en\/author\/"},"uagb_comment_info":0,"uagb_excerpt":"Transformez vos manucures avec les builder gels liquides de la collection\u00a0&#8220;Pastel Perfection&#8221;. Con\u00e7u pour offrir une construction solide et durable, [&hellip;]","_links":{"self":[{"href":"https:\/\/www.lpnnails.fr\/en\/wp-json\/wp\/v2\/product\/4393","targetHints":{"allow":["GET"]}}],"collection":[{"href":"https:\/\/www.lpnnails.fr\/en\/wp-json\/wp\/v2\/product"}],"about":[{"href":"https:\/\/www.lpnnails.fr\/en\/wp-json\/wp\/v2\/types\/product"}],"replies":[{"embeddable":true,"href":"https:\/\/www.lpnnails.fr\/en\/wp-json\/wp\/v2\/comments?post=4393"}],"wp:featuredmedia":[{"embeddable":true,"href":"https:\/\/www.lpnnails.fr\/en\/wp-json\/wp\/v2\/media\/4409"}],"wp:attachment":[{"href":"https:\/\/www.lpnnails.fr\/en\/wp-json\/wp\/v2\/media?parent=4393"}],"wp:term":[{"taxonomy":"product_brand","embeddable":true,"href":"https:\/\/www.lpnnails.fr\/en\/wp-json\/wp\/v2\/product_brand?post=4393"},{"taxonomy":"product_cat","embeddable":true,"href":"https:\/\/www.lpnnails.fr\/en\/wp-json\/wp\/v2\/product_cat?post=4393"},{"taxonomy":"product_tag","embeddable":true,"href":"https:\/\/www.lpnnails.fr\/en\/wp-json\/wp\/v2\/product_tag?post=4393"}],"curies":[{"name":"wp","href":"https:\/\/api.w.org\/{rel}","templated":true}]}}