{"id":4373,"date":"2024-11-06T21:13:03","date_gmt":"2024-11-06T20:13:03","guid":{"rendered":"https:\/\/www.lpnnails.fr\/?post_type=product&#038;p=4373"},"modified":"2025-12-01T09:28:04","modified_gmt":"2025-12-01T08:28:04","slug":"stickers-french","status":"publish","type":"product","link":"https:\/\/www.lpnnails.fr\/en\/product\/stickers-french\/","title":{"rendered":"Stickers &#8220;French&#8221;"},"content":{"rendered":"<p>Simplifiez vos manucures avec ces <strong>Stickers &#8220;French&#8221;<\/strong>\u00a0en diff\u00e9rents coloris. Parfaits pour les professionnels comme pour les d\u00e9butants, ils vous permettent de r\u00e9aliser des designs impeccables en un clin d\u2019\u0153il. Avec une vari\u00e9t\u00e9 de couleurs disponibles, ces autocollants s\u2019adaptent \u00e0 tous les styles et occasions.<\/p>\n<p><strong>Features :<\/strong><\/p>\n<ul>\n<li><strong>Facilit\u00e9 d\u2019utilisation :<\/strong> Con\u00e7us pour une application rapide et sans effort.<\/li>\n<li><strong>Design French classique :<\/strong> Id\u00e9al pour un look \u00e9l\u00e9gant et soign\u00e9.<\/li>\n<li><strong>Polyvalence :<\/strong> Convient \u00e0 diff\u00e9rents styles de manucure.<\/li>\n<li><strong>Compatibilit\u00e9 universelle :<\/strong> Fonctionne avec les gels UV, les vernis classiques et les r\u00e9sines.<\/li>\n<\/ul>\n<p><strong>Instructions for use:<\/strong><\/p>\n<ul>\n<li>Appliquez une couche de gel de base et catalysez sous lampe UV\/LED pendant 60 secondes.<\/li>\n<li>(Facultatif) Appliquez une couche de gel de couleur et catalysez.<\/li>\n<li>Retirez d\u00e9licatement l\u2019autocollant avec une pince \u00e0 \u00e9piler et placez-le sur votre ongle.<\/li>\n<li>Limez les exc\u00e9dents pour un ajustement parfait.<\/li>\n<li>Appliquez une couche de finition pour sceller et catalysez.<\/li>\n<\/ul>\n<p><strong>Astuce :<\/strong> Ajoutez une touche de <strong>paillettes ou des strass<\/strong> pour sublimer votre French et rendre vos ongles encore plus glamour.<\/p>","protected":false},"excerpt":{"rendered":"<p>Simplifiez vos manucures avec ces Stickers &#8220;French&#8221;\u00a0en diff\u00e9rents coloris. Parfaits pour les professionnels comme pour les d\u00e9butants, ils vous permettent [&hellip;]<\/p>\n","protected":false},"featured_media":4382,"comment_status":"open","ping_status":"closed","template":"","meta":{"_uag_custom_page_level_css":"","site-sidebar-layout":"default","site-content-layout":"","ast-site-content-layout":"default","site-content-style":"default","site-sidebar-style":"default","ast-global-header-display":"","ast-banner-title-visibility":"","ast-main-header-display":"","ast-hfb-above-header-display":"","ast-hfb-below-header-display":"","ast-hfb-mobile-header-display":"","site-post-title":"","ast-breadcrumbs-content":"","ast-featured-img":"","footer-sml-layout":"","ast-disable-related-posts":"","theme-transparent-header-meta":"default","adv-header-id-meta":"","stick-header-meta":"","header-above-stick-meta":"","header-main-stick-meta":"","header-below-stick-meta":"","astra-migrate-meta-layouts":"set","ast-page-background-enabled":"default","ast-page-background-meta":{"desktop":{"background-color":"var(--ast-global-color-4)","background-image":"","background-repeat":"repeat","background-position":"center center","background-size":"auto","background-attachment":"scroll","background-type":"","background-media":"","overlay-type":"","overlay-color":"","overlay-opacity":"","overlay-gradient":""},"tablet":{"background-color":"","background-image":"","background-repeat":"repeat","background-position":"center center","background-size":"auto","background-attachment":"scroll","background-type":"","background-media":"","overlay-type":"","overlay-color":"","overlay-opacity":"","overlay-gradient":""},"mobile":{"background-color":"","background-image":"","background-repeat":"repeat","background-position":"center center","background-size":"auto","background-attachment":"scroll","background-type":"","background-media":"","overlay-type":"","overlay-color":"","overlay-opacity":"","overlay-gradient":""}},"ast-content-background-meta":{"desktop":{"background-color":"var(--ast-global-color-5)","background-image":"","background-repeat":"repeat","background-position":"center center","background-size":"auto","background-attachment":"scroll","background-type":"","background-media":"","overlay-type":"","overlay-color":"","overlay-opacity":"","overlay-gradient":""},"tablet":{"background-color":"var(--ast-global-color-5)","background-image":"","background-repeat":"repeat","background-position":"center center","background-size":"auto","background-attachment":"scroll","background-type":"","background-media":"","overlay-type":"","overlay-color":"","overlay-opacity":"","overlay-gradient":""},"mobile":{"background-color":"var(--ast-global-color-5)","background-image":"","background-repeat":"repeat","background-position":"center center","background-size":"auto","background-attachment":"scroll","background-type":"","background-media":"","overlay-type":"","overlay-color":"","overlay-opacity":"","overlay-gradient":""}}},"product_brand":[254],"product_cat":[249,199],"product_tag":[],"class_list":{"0":"post-4373","1":"product","2":"type-product","3":"status-publish","4":"has-post-thumbnail","6":"product_brand-lpnnails","7":"product_cat-stickers","8":"product_cat-tous-les-produits","9":"pa_couleur-sf1","10":"pa_couleur-sf2","11":"pa_couleur-sf3","12":"pa_couleur-sf4","13":"pa_couleur-sf5","14":"pa_couleur-sf6","15":"pa_couleur-sf7","16":"pa_couleur-sf8","17":"desktop-align-left","18":"tablet-align-left","19":"mobile-align-left","21":"first","22":"instock","23":"purchasable","24":"product-type-variable","25":"wvs-archive-product-wrapper"},"yoast_head":"<!-- This site is optimized with the Yoast SEO plugin v27.3 - https:\/\/yoast.com\/product\/yoast-seo-wordpress\/ -->\n<title>Stickers &quot;French&quot; - LPN Nails<\/title>\n<meta name=\"description\" content=\"Simplifiez vos manucures avec ces stickers french en diff\u00e9rents coloris. Parfaits pour les professionnels comme pour les d\u00e9butants, ils vous permettent de r\u00e9aliser des designs impeccables en un clin d\u2019\u0153il. Avec une vari\u00e9t\u00e9 de couleurs disponibles, ces autocollants s\u2019adaptent \u00e0 tous les styles et occasions.\" \/>\n<meta name=\"robots\" content=\"index, follow, max-snippet:-1, max-image-preview:large, max-video-preview:-1\" \/>\n<link rel=\"canonical\" href=\"https:\/\/www.lpnnails.fr\/en\/product\/stickers-french\/\" \/>\n<meta property=\"og:locale\" content=\"en_US\" \/>\n<meta property=\"og:type\" content=\"article\" \/>\n<meta property=\"og:title\" content=\"Stickers &quot;French&quot; - LPN Nails\" \/>\n<meta property=\"og:description\" content=\"Simplifiez vos manucures avec ces stickers french en diff\u00e9rents coloris. Parfaits pour les professionnels comme pour les d\u00e9butants, ils vous permettent de r\u00e9aliser des designs impeccables en un clin d\u2019\u0153il. Avec une vari\u00e9t\u00e9 de couleurs disponibles, ces autocollants s\u2019adaptent \u00e0 tous les styles et occasions.\" \/>\n<meta property=\"og:url\" content=\"https:\/\/www.lpnnails.fr\/en\/product\/stickers-french\/\" \/>\n<meta property=\"og:site_name\" content=\"LPN Nails\" \/>\n<meta property=\"article:publisher\" content=\"https:\/\/www.facebook.com\/profile.php?id=61573655313488#\" \/>\n<meta property=\"article:modified_time\" content=\"2025-12-01T08:28:04+00:00\" \/>\n<meta property=\"og:image\" content=\"https:\/\/www.lpnnails.fr\/wp-content\/uploads\/2025\/04\/products-8907b2_6d40be6886c44284a17c140d2354cd2f~mv2.png\" \/>\n\t<meta property=\"og:image:width\" content=\"1000\" \/>\n\t<meta property=\"og:image:height\" content=\"1000\" \/>\n\t<meta property=\"og:image:type\" content=\"image\/jpeg\" \/>\n<meta name=\"twitter:card\" content=\"summary_large_image\" \/>\n<meta name=\"twitter:label1\" content=\"Est. reading time\" \/>\n\t<meta name=\"twitter:data1\" content=\"2 minutes\" \/>\n<script type=\"application\/ld+json\" class=\"yoast-schema-graph\">{\"@context\":\"https:\\\/\\\/schema.org\",\"@graph\":[{\"@type\":\"WebPage\",\"@id\":\"https:\\\/\\\/www.lpnnails.fr\\\/produit\\\/stickers-french\\\/\",\"url\":\"https:\\\/\\\/www.lpnnails.fr\\\/produit\\\/stickers-french\\\/\",\"name\":\"Stickers \\\"French\\\" - LPN Nails\",\"isPartOf\":{\"@id\":\"https:\\\/\\\/www.lpnnails.fr\\\/#website\"},\"primaryImageOfPage\":{\"@id\":\"https:\\\/\\\/www.lpnnails.fr\\\/produit\\\/stickers-french\\\/#primaryimage\"},\"image\":{\"@id\":\"https:\\\/\\\/www.lpnnails.fr\\\/produit\\\/stickers-french\\\/#primaryimage\"},\"thumbnailUrl\":\"https:\\\/\\\/www.lpnnails.fr\\\/wp-content\\\/uploads\\\/2025\\\/04\\\/products-8907b2_6d40be6886c44284a17c140d2354cd2f~mv2.png\",\"datePublished\":\"2024-11-06T20:13:03+00:00\",\"dateModified\":\"2025-12-01T08:28:04+00:00\",\"description\":\"Simplifiez vos manucures avec ces stickers french en diff\u00e9rents coloris. Parfaits pour les professionnels comme pour les d\u00e9butants, ils vous permettent de r\u00e9aliser des designs impeccables en un clin d\u2019\u0153il. Avec une vari\u00e9t\u00e9 de couleurs disponibles, ces autocollants s\u2019adaptent \u00e0 tous les styles et occasions.\",\"breadcrumb\":{\"@id\":\"https:\\\/\\\/www.lpnnails.fr\\\/produit\\\/stickers-french\\\/#breadcrumb\"},\"inLanguage\":\"en-US\",\"potentialAction\":[{\"@type\":\"ReadAction\",\"target\":[\"https:\\\/\\\/www.lpnnails.fr\\\/produit\\\/stickers-french\\\/\"]}]},{\"@type\":\"ImageObject\",\"inLanguage\":\"en-US\",\"@id\":\"https:\\\/\\\/www.lpnnails.fr\\\/produit\\\/stickers-french\\\/#primaryimage\",\"url\":\"https:\\\/\\\/www.lpnnails.fr\\\/wp-content\\\/uploads\\\/2025\\\/04\\\/products-8907b2_6d40be6886c44284a17c140d2354cd2f~mv2.png\",\"contentUrl\":\"https:\\\/\\\/www.lpnnails.fr\\\/wp-content\\\/uploads\\\/2025\\\/04\\\/products-8907b2_6d40be6886c44284a17c140d2354cd2f~mv2.png\",\"width\":1000,\"height\":1000,\"caption\":\"STICKERS FRENCH 4\"},{\"@type\":\"BreadcrumbList\",\"@id\":\"https:\\\/\\\/www.lpnnails.fr\\\/produit\\\/stickers-french\\\/#breadcrumb\",\"itemListElement\":[{\"@type\":\"ListItem\",\"position\":1,\"name\":\"Accueil\",\"item\":\"https:\\\/\\\/www.lpnnails.fr\\\/\"},{\"@type\":\"ListItem\",\"position\":2,\"name\":\"Boutique\",\"item\":\"https:\\\/\\\/www.lpnnails.fr\\\/boutique\\\/\"},{\"@type\":\"ListItem\",\"position\":3,\"name\":\"Stickers &#8220;French&#8221;\"}]},{\"@type\":\"WebSite\",\"@id\":\"https:\\\/\\\/www.lpnnails.fr\\\/#website\",\"url\":\"https:\\\/\\\/www.lpnnails.fr\\\/\",\"name\":\"LPN Nails\",\"description\":\"\",\"publisher\":{\"@id\":\"https:\\\/\\\/www.lpnnails.fr\\\/#organization\"},\"potentialAction\":[{\"@type\":\"SearchAction\",\"target\":{\"@type\":\"EntryPoint\",\"urlTemplate\":\"https:\\\/\\\/www.lpnnails.fr\\\/?s={search_term_string}\"},\"query-input\":{\"@type\":\"PropertyValueSpecification\",\"valueRequired\":true,\"valueName\":\"search_term_string\"}}],\"inLanguage\":\"en-US\"},{\"@type\":\"Organization\",\"@id\":\"https:\\\/\\\/www.lpnnails.fr\\\/#organization\",\"name\":\"LPN Nails\",\"url\":\"https:\\\/\\\/www.lpnnails.fr\\\/\",\"logo\":{\"@type\":\"ImageObject\",\"inLanguage\":\"en-US\",\"@id\":\"https:\\\/\\\/www.lpnnails.fr\\\/#\\\/schema\\\/logo\\\/image\\\/\",\"url\":\"https:\\\/\\\/www.lpnnails.fr\\\/wp-content\\\/uploads\\\/2025\\\/11\\\/Design-sans-titre-2.png\",\"contentUrl\":\"https:\\\/\\\/www.lpnnails.fr\\\/wp-content\\\/uploads\\\/2025\\\/11\\\/Design-sans-titre-2.png\",\"width\":512,\"height\":512,\"caption\":\"LPN Nails\"},\"image\":{\"@id\":\"https:\\\/\\\/www.lpnnails.fr\\\/#\\\/schema\\\/logo\\\/image\\\/\"},\"sameAs\":[\"https:\\\/\\\/www.facebook.com\\\/profile.php?id=61573655313488#\",\"https:\\\/\\\/www.instagram.com\\\/lpnnails\\\/\",\"https:\\\/\\\/www.linkedin.com\\\/company\\\/lpnnails\\\/\",\"https:\\\/\\\/www.youtube.com\\\/@LPNNails\\\/\"]}]}<\/script>\n<!-- \/ Yoast SEO plugin. -->","yoast_head_json":{"title":"Stickers \"French\" - LPN Nails","description":"Simplifiez vos manucures avec ces stickers french en diff\u00e9rents coloris. Parfaits pour les professionnels comme pour les d\u00e9butants, ils vous permettent de r\u00e9aliser des designs impeccables en un clin d\u2019\u0153il. Avec une vari\u00e9t\u00e9 de couleurs disponibles, ces autocollants s\u2019adaptent \u00e0 tous les styles et occasions.","robots":{"index":"index","follow":"follow","max-snippet":"max-snippet:-1","max-image-preview":"max-image-preview:large","max-video-preview":"max-video-preview:-1"},"canonical":"https:\/\/www.lpnnails.fr\/en\/product\/stickers-french\/","og_locale":"en_US","og_type":"article","og_title":"Stickers \"French\" - LPN Nails","og_description":"Simplifiez vos manucures avec ces stickers french en diff\u00e9rents coloris. Parfaits pour les professionnels comme pour les d\u00e9butants, ils vous permettent de r\u00e9aliser des designs impeccables en un clin d\u2019\u0153il. Avec une vari\u00e9t\u00e9 de couleurs disponibles, ces autocollants s\u2019adaptent \u00e0 tous les styles et occasions.","og_url":"https:\/\/www.lpnnails.fr\/en\/product\/stickers-french\/","og_site_name":"LPN Nails","article_publisher":"https:\/\/www.facebook.com\/profile.php?id=61573655313488#","article_modified_time":"2025-12-01T08:28:04+00:00","og_image":[{"width":1000,"height":1000,"url":"https:\/\/www.lpnnails.fr\/wp-content\/uploads\/2025\/04\/products-8907b2_6d40be6886c44284a17c140d2354cd2f~mv2.png","type":"image\/jpeg"}],"twitter_card":"summary_large_image","twitter_misc":{"Est. reading time":"2 minutes"},"schema":{"@context":"https:\/\/schema.org","@graph":[{"@type":"WebPage","@id":"https:\/\/www.lpnnails.fr\/produit\/stickers-french\/","url":"https:\/\/www.lpnnails.fr\/produit\/stickers-french\/","name":"Stickers \"French\" - LPN Nails","isPartOf":{"@id":"https:\/\/www.lpnnails.fr\/#website"},"primaryImageOfPage":{"@id":"https:\/\/www.lpnnails.fr\/produit\/stickers-french\/#primaryimage"},"image":{"@id":"https:\/\/www.lpnnails.fr\/produit\/stickers-french\/#primaryimage"},"thumbnailUrl":"https:\/\/www.lpnnails.fr\/wp-content\/uploads\/2025\/04\/products-8907b2_6d40be6886c44284a17c140d2354cd2f~mv2.png","datePublished":"2024-11-06T20:13:03+00:00","dateModified":"2025-12-01T08:28:04+00:00","description":"Simplifiez vos manucures avec ces stickers french en diff\u00e9rents coloris. Parfaits pour les professionnels comme pour les d\u00e9butants, ils vous permettent de r\u00e9aliser des designs impeccables en un clin d\u2019\u0153il. Avec une vari\u00e9t\u00e9 de couleurs disponibles, ces autocollants s\u2019adaptent \u00e0 tous les styles et occasions.","breadcrumb":{"@id":"https:\/\/www.lpnnails.fr\/produit\/stickers-french\/#breadcrumb"},"inLanguage":"en-US","potentialAction":[{"@type":"ReadAction","target":["https:\/\/www.lpnnails.fr\/produit\/stickers-french\/"]}]},{"@type":"ImageObject","inLanguage":"en-US","@id":"https:\/\/www.lpnnails.fr\/produit\/stickers-french\/#primaryimage","url":"https:\/\/www.lpnnails.fr\/wp-content\/uploads\/2025\/04\/products-8907b2_6d40be6886c44284a17c140d2354cd2f~mv2.png","contentUrl":"https:\/\/www.lpnnails.fr\/wp-content\/uploads\/2025\/04\/products-8907b2_6d40be6886c44284a17c140d2354cd2f~mv2.png","width":1000,"height":1000,"caption":"STICKERS FRENCH 4"},{"@type":"BreadcrumbList","@id":"https:\/\/www.lpnnails.fr\/produit\/stickers-french\/#breadcrumb","itemListElement":[{"@type":"ListItem","position":1,"name":"Accueil","item":"https:\/\/www.lpnnails.fr\/"},{"@type":"ListItem","position":2,"name":"Boutique","item":"https:\/\/www.lpnnails.fr\/boutique\/"},{"@type":"ListItem","position":3,"name":"Stickers &#8220;French&#8221;"}]},{"@type":"WebSite","@id":"https:\/\/www.lpnnails.fr\/#website","url":"https:\/\/www.lpnnails.fr\/","name":"LPN Nails","description":"","publisher":{"@id":"https:\/\/www.lpnnails.fr\/#organization"},"potentialAction":[{"@type":"SearchAction","target":{"@type":"EntryPoint","urlTemplate":"https:\/\/www.lpnnails.fr\/?s={search_term_string}"},"query-input":{"@type":"PropertyValueSpecification","valueRequired":true,"valueName":"search_term_string"}}],"inLanguage":"en-US"},{"@type":"Organization","@id":"https:\/\/www.lpnnails.fr\/#organization","name":"LPN Nails","url":"https:\/\/www.lpnnails.fr\/","logo":{"@type":"ImageObject","inLanguage":"en-US","@id":"https:\/\/www.lpnnails.fr\/#\/schema\/logo\/image\/","url":"https:\/\/www.lpnnails.fr\/wp-content\/uploads\/2025\/11\/Design-sans-titre-2.png","contentUrl":"https:\/\/www.lpnnails.fr\/wp-content\/uploads\/2025\/11\/Design-sans-titre-2.png","width":512,"height":512,"caption":"LPN Nails"},"image":{"@id":"https:\/\/www.lpnnails.fr\/#\/schema\/logo\/image\/"},"sameAs":["https:\/\/www.facebook.com\/profile.php?id=61573655313488#","https:\/\/www.instagram.com\/lpnnails\/","https:\/\/www.linkedin.com\/company\/lpnnails\/","https:\/\/www.youtube.com\/@LPNNails\/"]}]}},"uagb_featured_image_src":{"full":["https:\/\/www.lpnnails.fr\/wp-content\/uploads\/2025\/04\/products-8907b2_6d40be6886c44284a17c140d2354cd2f~mv2.png",1000,1000,false],"thumbnail":["https:\/\/www.lpnnails.fr\/wp-content\/uploads\/2025\/04\/products-8907b2_6d40be6886c44284a17c140d2354cd2f~mv2.png",150,150,true],"medium":["https:\/\/www.lpnnails.fr\/wp-content\/uploads\/2025\/04\/products-8907b2_6d40be6886c44284a17c140d2354cd2f~mv2.png",300,214,true],"medium_large":["https:\/\/www.lpnnails.fr\/wp-content\/uploads\/2025\/04\/products-8907b2_6d40be6886c44284a17c140d2354cd2f~mv2.png",768,768,false],"large":["https:\/\/www.lpnnails.fr\/wp-content\/uploads\/2025\/04\/products-8907b2_6d40be6886c44284a17c140d2354cd2f~mv2.png",1000,1000,false],"1536x1536":["https:\/\/www.lpnnails.fr\/wp-content\/uploads\/2025\/04\/products-8907b2_6d40be6886c44284a17c140d2354cd2f~mv2.png",1000,1000,false],"2048x2048":["https:\/\/www.lpnnails.fr\/wp-content\/uploads\/2025\/04\/products-8907b2_6d40be6886c44284a17c140d2354cd2f~mv2.png",1000,1000,false],"trp-custom-language-flag":["https:\/\/www.lpnnails.fr\/wp-content\/uploads\/2025\/04\/products-8907b2_6d40be6886c44284a17c140d2354cd2f~mv2.png",12,12,false],"mailpoet_newsletter_max":["https:\/\/www.lpnnails.fr\/wp-content\/uploads\/2025\/04\/products-8907b2_6d40be6886c44284a17c140d2354cd2f~mv2.png",1000,1000,false],"woocommerce_thumbnail":["https:\/\/www.lpnnails.fr\/wp-content\/uploads\/2025\/04\/products-8907b2_6d40be6886c44284a17c140d2354cd2f~mv2.png",300,300,false],"woocommerce_single":["https:\/\/www.lpnnails.fr\/wp-content\/uploads\/2025\/04\/products-8907b2_6d40be6886c44284a17c140d2354cd2f~mv2.png",600,600,false],"woocommerce_gallery_thumbnail":["https:\/\/www.lpnnails.fr\/wp-content\/uploads\/2025\/04\/products-8907b2_6d40be6886c44284a17c140d2354cd2f~mv2.png",100,100,false],"variation_swatches_image_size":["https:\/\/www.lpnnails.fr\/wp-content\/uploads\/2025\/04\/products-8907b2_6d40be6886c44284a17c140d2354cd2f~mv2.png",50,50,false],"variation_swatches_tooltip_size":["https:\/\/www.lpnnails.fr\/wp-content\/uploads\/2025\/04\/products-8907b2_6d40be6886c44284a17c140d2354cd2f~mv2.png",100,100,false]},"uagb_author_info":{"display_name":"LPN Nails","author_link":"https:\/\/www.lpnnails.fr\/en\/author\/"},"uagb_comment_info":0,"uagb_excerpt":"Simplifiez vos manucures avec ces Stickers &#8220;French&#8221;\u00a0en diff\u00e9rents coloris. Parfaits pour les professionnels comme pour les d\u00e9butants, ils vous permettent [&hellip;]","_links":{"self":[{"href":"https:\/\/www.lpnnails.fr\/en\/wp-json\/wp\/v2\/product\/4373","targetHints":{"allow":["GET"]}}],"collection":[{"href":"https:\/\/www.lpnnails.fr\/en\/wp-json\/wp\/v2\/product"}],"about":[{"href":"https:\/\/www.lpnnails.fr\/en\/wp-json\/wp\/v2\/types\/product"}],"replies":[{"embeddable":true,"href":"https:\/\/www.lpnnails.fr\/en\/wp-json\/wp\/v2\/comments?post=4373"}],"wp:featuredmedia":[{"embeddable":true,"href":"https:\/\/www.lpnnails.fr\/en\/wp-json\/wp\/v2\/media\/4382"}],"wp:attachment":[{"href":"https:\/\/www.lpnnails.fr\/en\/wp-json\/wp\/v2\/media?parent=4373"}],"wp:term":[{"taxonomy":"product_brand","embeddable":true,"href":"https:\/\/www.lpnnails.fr\/en\/wp-json\/wp\/v2\/product_brand?post=4373"},{"taxonomy":"product_cat","embeddable":true,"href":"https:\/\/www.lpnnails.fr\/en\/wp-json\/wp\/v2\/product_cat?post=4373"},{"taxonomy":"product_tag","embeddable":true,"href":"https:\/\/www.lpnnails.fr\/en\/wp-json\/wp\/v2\/product_tag?post=4373"}],"curies":[{"name":"wp","href":"https:\/\/api.w.org\/{rel}","templated":true}]}}