{"id":4365,"date":"2024-10-21T12:53:24","date_gmt":"2024-10-21T12:53:24","guid":{"rendered":"https:\/\/www.lpnnails.fr\/?post_type=product&#038;p=4365"},"modified":"2026-03-06T13:37:48","modified_gmt":"2026-03-06T12:37:48","slug":"remover-spray-on","status":"publish","type":"product","link":"https:\/\/www.lpnnails.fr\/en\/product\/remover-spray-on\/","title":{"rendered":"Remover &#8220;Spray On&#8221;"},"content":{"rendered":"<p>Ce <strong>spray dissolvant<\/strong> permet de retirer en douceur vos extensions Gel X r\u00e9alis\u00e9es avec le Solid Gel Glue.<\/p>\n<p><strong>Instructions for use:<\/strong><\/p>\n<ul>\n<li><strong>Pr\u00e9paration :<\/strong> Faites tremper vos ongles dans de l\u2019eau ti\u00e8de pour adoucir les cuticules.<\/li>\n<li><strong>Application :<\/strong> Utilisez un b\u00e2ton de cuticule pour cr\u00e9er un espace autour du bord de l&#8217;extension et vaporisez le liquide dissolvant \u00e0 l\u2019int\u00e9rieur.<\/li>\n<li><strong>Action :<\/strong> Attendez <strong>30 secondes<\/strong>, puis retirez d\u00e9licatement l\u2019extension \u00e0 l\u2019aide du b\u00e2ton de cuticule.<\/li>\n<\/ul>\n<p><strong>Features :<\/strong><\/p>\n<ul>\n<li><strong>Contenance :<\/strong> 50ml.<\/li>\n<li><strong>Action rapide et efficace.<\/strong><\/li>\n<li><strong>Id\u00e9al pour un retrait non agressif.<\/strong><\/li>\n<\/ul>\n<p>Offrez \u00e0 vos ongles un retrait en toute douceur avec ce <strong>Spray-On<\/strong> pratique et efficace\u202f!<\/p>","protected":false},"excerpt":{"rendered":"<p>Ce spray dissolvant permet de retirer en douceur vos extensions Gel X r\u00e9alis\u00e9es avec le Solid Gel Glue. Mode d&#8217;emploi [&hellip;]<\/p>\n","protected":false},"featured_media":9609,"comment_status":"open","ping_status":"closed","template":"","meta":{"_uag_custom_page_level_css":"","site-sidebar-layout":"default","site-content-layout":"","ast-site-content-layout":"default","site-content-style":"default","site-sidebar-style":"default","ast-global-header-display":"","ast-banner-title-visibility":"","ast-main-header-display":"","ast-hfb-above-header-display":"","ast-hfb-below-header-display":"","ast-hfb-mobile-header-display":"","site-post-title":"","ast-breadcrumbs-content":"","ast-featured-img":"","footer-sml-layout":"","ast-disable-related-posts":"","theme-transparent-header-meta":"default","adv-header-id-meta":"","stick-header-meta":"","header-above-stick-meta":"","header-main-stick-meta":"","header-below-stick-meta":"","astra-migrate-meta-layouts":"set","ast-page-background-enabled":"default","ast-page-background-meta":{"desktop":{"background-color":"var(--ast-global-color-4)","background-image":"","background-repeat":"repeat","background-position":"center center","background-size":"auto","background-attachment":"scroll","background-type":"","background-media":"","overlay-type":"","overlay-color":"","overlay-opacity":"","overlay-gradient":""},"tablet":{"background-color":"","background-image":"","background-repeat":"repeat","background-position":"center center","background-size":"auto","background-attachment":"scroll","background-type":"","background-media":"","overlay-type":"","overlay-color":"","overlay-opacity":"","overlay-gradient":""},"mobile":{"background-color":"","background-image":"","background-repeat":"repeat","background-position":"center center","background-size":"auto","background-attachment":"scroll","background-type":"","background-media":"","overlay-type":"","overlay-color":"","overlay-opacity":"","overlay-gradient":""}},"ast-content-background-meta":{"desktop":{"background-color":"var(--ast-global-color-5)","background-image":"","background-repeat":"repeat","background-position":"center center","background-size":"auto","background-attachment":"scroll","background-type":"","background-media":"","overlay-type":"","overlay-color":"","overlay-opacity":"","overlay-gradient":""},"tablet":{"background-color":"var(--ast-global-color-5)","background-image":"","background-repeat":"repeat","background-position":"center center","background-size":"auto","background-attachment":"scroll","background-type":"","background-media":"","overlay-type":"","overlay-color":"","overlay-opacity":"","overlay-gradient":""},"mobile":{"background-color":"var(--ast-global-color-5)","background-image":"","background-repeat":"repeat","background-position":"center center","background-size":"auto","background-attachment":"scroll","background-type":"","background-media":"","overlay-type":"","overlay-color":"","overlay-opacity":"","overlay-gradient":""}}},"product_brand":[254],"product_cat":[246,199],"product_tag":[],"class_list":{"0":"post-4365","1":"product","2":"type-product","3":"status-publish","4":"has-post-thumbnail","6":"product_brand-lpnnails","7":"product_cat-preparateurs-et-colles","8":"product_cat-tous-les-produits","9":"desktop-align-left","10":"tablet-align-left","11":"mobile-align-left","13":"first","14":"instock","15":"purchasable","16":"product-type-simple"},"yoast_head":"<!-- This site is optimized with the Yoast SEO plugin v27.3 - https:\/\/yoast.com\/product\/yoast-seo-wordpress\/ -->\n<title>Remover &quot;Spray On&quot; - LPN Nails<\/title>\n<meta name=\"description\" content=\"Ce spray dissolvant permet de retirer en douceur vos extensions Gel X r\u00e9alis\u00e9es avec le Solid Gel Glue.\" \/>\n<meta name=\"robots\" content=\"index, follow, max-snippet:-1, max-image-preview:large, max-video-preview:-1\" \/>\n<link rel=\"canonical\" href=\"https:\/\/www.lpnnails.fr\/en\/product\/remover-spray-on\/\" \/>\n<meta property=\"og:locale\" content=\"en_US\" \/>\n<meta property=\"og:type\" content=\"article\" \/>\n<meta property=\"og:title\" content=\"Remover &quot;Spray On&quot; - LPN Nails\" \/>\n<meta property=\"og:description\" content=\"Ce spray dissolvant permet de retirer en douceur vos extensions Gel X r\u00e9alis\u00e9es avec le Solid Gel Glue.\" \/>\n<meta property=\"og:url\" content=\"https:\/\/www.lpnnails.fr\/en\/product\/remover-spray-on\/\" \/>\n<meta property=\"og:site_name\" content=\"LPN Nails\" \/>\n<meta property=\"article:publisher\" content=\"https:\/\/www.facebook.com\/profile.php?id=61573655313488#\" \/>\n<meta property=\"article:modified_time\" content=\"2026-03-06T12:37:48+00:00\" \/>\n<meta property=\"og:image\" content=\"https:\/\/www.lpnnails.fr\/wp-content\/uploads\/2024\/10\/Remover-spray-on-scaled.jpg\" \/>\n\t<meta property=\"og:image:width\" content=\"1024\" \/>\n\t<meta property=\"og:image:height\" content=\"1024\" \/>\n\t<meta property=\"og:image:type\" content=\"image\/jpeg\" \/>\n<meta name=\"twitter:card\" content=\"summary_large_image\" \/>\n<meta name=\"twitter:label1\" content=\"Est. reading time\" \/>\n\t<meta name=\"twitter:data1\" content=\"1 minute\" \/>\n<script type=\"application\/ld+json\" class=\"yoast-schema-graph\">{\"@context\":\"https:\\\/\\\/schema.org\",\"@graph\":[{\"@type\":\"WebPage\",\"@id\":\"https:\\\/\\\/www.lpnnails.fr\\\/produit\\\/remover-spray-on\\\/\",\"url\":\"https:\\\/\\\/www.lpnnails.fr\\\/produit\\\/remover-spray-on\\\/\",\"name\":\"Remover \\\"Spray On\\\" - LPN Nails\",\"isPartOf\":{\"@id\":\"https:\\\/\\\/www.lpnnails.fr\\\/#website\"},\"primaryImageOfPage\":{\"@id\":\"https:\\\/\\\/www.lpnnails.fr\\\/produit\\\/remover-spray-on\\\/#primaryimage\"},\"image\":{\"@id\":\"https:\\\/\\\/www.lpnnails.fr\\\/produit\\\/remover-spray-on\\\/#primaryimage\"},\"thumbnailUrl\":\"https:\\\/\\\/www.lpnnails.fr\\\/wp-content\\\/uploads\\\/2024\\\/10\\\/Remover-spray-on-scaled.jpg\",\"datePublished\":\"2024-10-21T12:53:24+00:00\",\"dateModified\":\"2026-03-06T12:37:48+00:00\",\"description\":\"Ce spray dissolvant permet de retirer en douceur vos extensions Gel X r\u00e9alis\u00e9es avec le Solid Gel Glue.\",\"breadcrumb\":{\"@id\":\"https:\\\/\\\/www.lpnnails.fr\\\/produit\\\/remover-spray-on\\\/#breadcrumb\"},\"inLanguage\":\"en-US\",\"potentialAction\":[{\"@type\":\"ReadAction\",\"target\":[\"https:\\\/\\\/www.lpnnails.fr\\\/produit\\\/remover-spray-on\\\/\"]}]},{\"@type\":\"ImageObject\",\"inLanguage\":\"en-US\",\"@id\":\"https:\\\/\\\/www.lpnnails.fr\\\/produit\\\/remover-spray-on\\\/#primaryimage\",\"url\":\"https:\\\/\\\/www.lpnnails.fr\\\/wp-content\\\/uploads\\\/2024\\\/10\\\/Remover-spray-on-scaled.jpg\",\"contentUrl\":\"https:\\\/\\\/www.lpnnails.fr\\\/wp-content\\\/uploads\\\/2024\\\/10\\\/Remover-spray-on-scaled.jpg\",\"width\":1024,\"height\":1024,\"caption\":\"Remover spray on\"},{\"@type\":\"BreadcrumbList\",\"@id\":\"https:\\\/\\\/www.lpnnails.fr\\\/produit\\\/remover-spray-on\\\/#breadcrumb\",\"itemListElement\":[{\"@type\":\"ListItem\",\"position\":1,\"name\":\"Accueil\",\"item\":\"https:\\\/\\\/www.lpnnails.fr\\\/\"},{\"@type\":\"ListItem\",\"position\":2,\"name\":\"Boutique\",\"item\":\"https:\\\/\\\/www.lpnnails.fr\\\/boutique\\\/\"},{\"@type\":\"ListItem\",\"position\":3,\"name\":\"Remover &#8220;Spray On&#8221;\"}]},{\"@type\":\"WebSite\",\"@id\":\"https:\\\/\\\/www.lpnnails.fr\\\/#website\",\"url\":\"https:\\\/\\\/www.lpnnails.fr\\\/\",\"name\":\"LPN Nails\",\"description\":\"\",\"publisher\":{\"@id\":\"https:\\\/\\\/www.lpnnails.fr\\\/#organization\"},\"potentialAction\":[{\"@type\":\"SearchAction\",\"target\":{\"@type\":\"EntryPoint\",\"urlTemplate\":\"https:\\\/\\\/www.lpnnails.fr\\\/?s={search_term_string}\"},\"query-input\":{\"@type\":\"PropertyValueSpecification\",\"valueRequired\":true,\"valueName\":\"search_term_string\"}}],\"inLanguage\":\"en-US\"},{\"@type\":\"Organization\",\"@id\":\"https:\\\/\\\/www.lpnnails.fr\\\/#organization\",\"name\":\"LPN Nails\",\"url\":\"https:\\\/\\\/www.lpnnails.fr\\\/\",\"logo\":{\"@type\":\"ImageObject\",\"inLanguage\":\"en-US\",\"@id\":\"https:\\\/\\\/www.lpnnails.fr\\\/#\\\/schema\\\/logo\\\/image\\\/\",\"url\":\"https:\\\/\\\/www.lpnnails.fr\\\/wp-content\\\/uploads\\\/2025\\\/11\\\/Design-sans-titre-2.png\",\"contentUrl\":\"https:\\\/\\\/www.lpnnails.fr\\\/wp-content\\\/uploads\\\/2025\\\/11\\\/Design-sans-titre-2.png\",\"width\":512,\"height\":512,\"caption\":\"LPN Nails\"},\"image\":{\"@id\":\"https:\\\/\\\/www.lpnnails.fr\\\/#\\\/schema\\\/logo\\\/image\\\/\"},\"sameAs\":[\"https:\\\/\\\/www.facebook.com\\\/profile.php?id=61573655313488#\",\"https:\\\/\\\/www.instagram.com\\\/lpnnails\\\/\",\"https:\\\/\\\/www.linkedin.com\\\/company\\\/lpnnails\\\/\",\"https:\\\/\\\/www.youtube.com\\\/@LPNNails\\\/\"]}]}<\/script>\n<!-- \/ Yoast SEO plugin. -->","yoast_head_json":{"title":"Remover \"Spray On\" - LPN Nails","description":"Ce spray dissolvant permet de retirer en douceur vos extensions Gel X r\u00e9alis\u00e9es avec le Solid Gel Glue.","robots":{"index":"index","follow":"follow","max-snippet":"max-snippet:-1","max-image-preview":"max-image-preview:large","max-video-preview":"max-video-preview:-1"},"canonical":"https:\/\/www.lpnnails.fr\/en\/product\/remover-spray-on\/","og_locale":"en_US","og_type":"article","og_title":"Remover \"Spray On\" - LPN Nails","og_description":"Ce spray dissolvant permet de retirer en douceur vos extensions Gel X r\u00e9alis\u00e9es avec le Solid Gel Glue.","og_url":"https:\/\/www.lpnnails.fr\/en\/product\/remover-spray-on\/","og_site_name":"LPN Nails","article_publisher":"https:\/\/www.facebook.com\/profile.php?id=61573655313488#","article_modified_time":"2026-03-06T12:37:48+00:00","og_image":[{"width":1024,"height":1024,"url":"https:\/\/www.lpnnails.fr\/wp-content\/uploads\/2024\/10\/Remover-spray-on-scaled.jpg","type":"image\/jpeg"}],"twitter_card":"summary_large_image","twitter_misc":{"Est. reading time":"1 minute"},"schema":{"@context":"https:\/\/schema.org","@graph":[{"@type":"WebPage","@id":"https:\/\/www.lpnnails.fr\/produit\/remover-spray-on\/","url":"https:\/\/www.lpnnails.fr\/produit\/remover-spray-on\/","name":"Remover \"Spray On\" - LPN Nails","isPartOf":{"@id":"https:\/\/www.lpnnails.fr\/#website"},"primaryImageOfPage":{"@id":"https:\/\/www.lpnnails.fr\/produit\/remover-spray-on\/#primaryimage"},"image":{"@id":"https:\/\/www.lpnnails.fr\/produit\/remover-spray-on\/#primaryimage"},"thumbnailUrl":"https:\/\/www.lpnnails.fr\/wp-content\/uploads\/2024\/10\/Remover-spray-on-scaled.jpg","datePublished":"2024-10-21T12:53:24+00:00","dateModified":"2026-03-06T12:37:48+00:00","description":"Ce spray dissolvant permet de retirer en douceur vos extensions Gel X r\u00e9alis\u00e9es avec le Solid Gel Glue.","breadcrumb":{"@id":"https:\/\/www.lpnnails.fr\/produit\/remover-spray-on\/#breadcrumb"},"inLanguage":"en-US","potentialAction":[{"@type":"ReadAction","target":["https:\/\/www.lpnnails.fr\/produit\/remover-spray-on\/"]}]},{"@type":"ImageObject","inLanguage":"en-US","@id":"https:\/\/www.lpnnails.fr\/produit\/remover-spray-on\/#primaryimage","url":"https:\/\/www.lpnnails.fr\/wp-content\/uploads\/2024\/10\/Remover-spray-on-scaled.jpg","contentUrl":"https:\/\/www.lpnnails.fr\/wp-content\/uploads\/2024\/10\/Remover-spray-on-scaled.jpg","width":1024,"height":1024,"caption":"Remover spray on"},{"@type":"BreadcrumbList","@id":"https:\/\/www.lpnnails.fr\/produit\/remover-spray-on\/#breadcrumb","itemListElement":[{"@type":"ListItem","position":1,"name":"Accueil","item":"https:\/\/www.lpnnails.fr\/"},{"@type":"ListItem","position":2,"name":"Boutique","item":"https:\/\/www.lpnnails.fr\/boutique\/"},{"@type":"ListItem","position":3,"name":"Remover &#8220;Spray On&#8221;"}]},{"@type":"WebSite","@id":"https:\/\/www.lpnnails.fr\/#website","url":"https:\/\/www.lpnnails.fr\/","name":"LPN Nails","description":"","publisher":{"@id":"https:\/\/www.lpnnails.fr\/#organization"},"potentialAction":[{"@type":"SearchAction","target":{"@type":"EntryPoint","urlTemplate":"https:\/\/www.lpnnails.fr\/?s={search_term_string}"},"query-input":{"@type":"PropertyValueSpecification","valueRequired":true,"valueName":"search_term_string"}}],"inLanguage":"en-US"},{"@type":"Organization","@id":"https:\/\/www.lpnnails.fr\/#organization","name":"LPN Nails","url":"https:\/\/www.lpnnails.fr\/","logo":{"@type":"ImageObject","inLanguage":"en-US","@id":"https:\/\/www.lpnnails.fr\/#\/schema\/logo\/image\/","url":"https:\/\/www.lpnnails.fr\/wp-content\/uploads\/2025\/11\/Design-sans-titre-2.png","contentUrl":"https:\/\/www.lpnnails.fr\/wp-content\/uploads\/2025\/11\/Design-sans-titre-2.png","width":512,"height":512,"caption":"LPN Nails"},"image":{"@id":"https:\/\/www.lpnnails.fr\/#\/schema\/logo\/image\/"},"sameAs":["https:\/\/www.facebook.com\/profile.php?id=61573655313488#","https:\/\/www.instagram.com\/lpnnails\/","https:\/\/www.linkedin.com\/company\/lpnnails\/","https:\/\/www.youtube.com\/@LPNNails\/"]}]}},"uagb_featured_image_src":{"full":["https:\/\/www.lpnnails.fr\/wp-content\/uploads\/2024\/10\/Remover-spray-on-scaled.jpg",1024,1024,false],"thumbnail":["https:\/\/www.lpnnails.fr\/wp-content\/uploads\/2024\/10\/Remover-spray-on-150x150.jpg",150,150,true],"medium":["https:\/\/www.lpnnails.fr\/wp-content\/uploads\/2024\/10\/Remover-spray-on-300x300.jpg",300,300,true],"medium_large":["https:\/\/www.lpnnails.fr\/wp-content\/uploads\/2024\/10\/Remover-spray-on-768x768.jpg",768,768,true],"large":["https:\/\/www.lpnnails.fr\/wp-content\/uploads\/2024\/10\/Remover-spray-on-1024x1024.jpg",1024,1024,true],"1536x1536":["https:\/\/www.lpnnails.fr\/wp-content\/uploads\/2024\/10\/Remover-spray-on-scaled.jpg",1024,1024,false],"2048x2048":["https:\/\/www.lpnnails.fr\/wp-content\/uploads\/2024\/10\/Remover-spray-on-scaled.jpg",1024,1024,false],"trp-custom-language-flag":["https:\/\/www.lpnnails.fr\/wp-content\/uploads\/2024\/10\/Remover-spray-on-scaled.jpg",12,12,false],"mailpoet_newsletter_max":["https:\/\/www.lpnnails.fr\/wp-content\/uploads\/2024\/10\/Remover-spray-on-scaled.jpg",1024,1024,false],"woocommerce_thumbnail":["https:\/\/www.lpnnails.fr\/wp-content\/uploads\/2024\/10\/Remover-spray-on-300x300.jpg",300,300,true],"woocommerce_single":["https:\/\/www.lpnnails.fr\/wp-content\/uploads\/2024\/10\/Remover-spray-on-600x600.jpg",600,600,true],"woocommerce_gallery_thumbnail":["https:\/\/www.lpnnails.fr\/wp-content\/uploads\/2024\/10\/Remover-spray-on-100x100.jpg",100,100,true],"variation_swatches_image_size":["https:\/\/www.lpnnails.fr\/wp-content\/uploads\/2024\/10\/Remover-spray-on-50x50.jpg",50,50,true],"variation_swatches_tooltip_size":["https:\/\/www.lpnnails.fr\/wp-content\/uploads\/2024\/10\/Remover-spray-on-100x100.jpg",100,100,true]},"uagb_author_info":{"display_name":"LPN Nails","author_link":"https:\/\/www.lpnnails.fr\/en\/author\/"},"uagb_comment_info":0,"uagb_excerpt":"Ce spray dissolvant permet de retirer en douceur vos extensions Gel X r\u00e9alis\u00e9es avec le Solid Gel Glue. Mode d&#8217;emploi [&hellip;]","_links":{"self":[{"href":"https:\/\/www.lpnnails.fr\/en\/wp-json\/wp\/v2\/product\/4365","targetHints":{"allow":["GET"]}}],"collection":[{"href":"https:\/\/www.lpnnails.fr\/en\/wp-json\/wp\/v2\/product"}],"about":[{"href":"https:\/\/www.lpnnails.fr\/en\/wp-json\/wp\/v2\/types\/product"}],"replies":[{"embeddable":true,"href":"https:\/\/www.lpnnails.fr\/en\/wp-json\/wp\/v2\/comments?post=4365"}],"wp:featuredmedia":[{"embeddable":true,"href":"https:\/\/www.lpnnails.fr\/en\/wp-json\/wp\/v2\/media\/9609"}],"wp:attachment":[{"href":"https:\/\/www.lpnnails.fr\/en\/wp-json\/wp\/v2\/media?parent=4365"}],"wp:term":[{"taxonomy":"product_brand","embeddable":true,"href":"https:\/\/www.lpnnails.fr\/en\/wp-json\/wp\/v2\/product_brand?post=4365"},{"taxonomy":"product_cat","embeddable":true,"href":"https:\/\/www.lpnnails.fr\/en\/wp-json\/wp\/v2\/product_cat?post=4365"},{"taxonomy":"product_tag","embeddable":true,"href":"https:\/\/www.lpnnails.fr\/en\/wp-json\/wp\/v2\/product_tag?post=4365"}],"curies":[{"name":"wp","href":"https:\/\/api.w.org\/{rel}","templated":true}]}}