{"id":4337,"date":"2024-10-21T14:39:49","date_gmt":"2024-10-21T12:39:49","guid":{"rendered":"https:\/\/www.lpnnails.fr\/?post_type=product&#038;p=4337"},"modified":"2026-01-07T21:56:40","modified_gmt":"2026-01-07T20:56:40","slug":"soft-gel-tips-gel-x-clear","status":"publish","type":"product","link":"https:\/\/www.lpnnails.fr\/en\/product\/soft-gel-tips-gel-x-clear\/","title":{"rendered":"Soft gel tips \u201cGel-X Clear\u201d"},"content":{"rendered":"<p>Cr\u00e9ez des manucures \u00e9l\u00e9gantes et durables avec les <strong>Soft Gel Tips Clear<\/strong>. Disponibles en <strong>240 pi\u00e8ces<\/strong> et propos\u00e9es en diff\u00e9rentes formes, ces capsules de qualit\u00e9 professionnelle s\u2019adaptent \u00e0 tous vos styles et pr\u00e9f\u00e9rences.<\/p>\n<p><strong>Features :<\/strong><\/p>\n<ul>\n<li><strong>Quantit\u00e9 :<\/strong> 240 pi\u00e8ces, disponibles en <strong>12 tailles<\/strong>.<\/li>\n<li><strong>Formes au choix :<\/strong> Coffin, amande ou square.<\/li>\n<li><strong>Tailles :<\/strong> Du XS au M pour une parfaite adaptation.<\/li>\n<li><strong>Mat\u00e9riau transparent et flexible :<\/strong> Con\u00e7u pour un confort optimal et une pose facile.<\/li>\n<\/ul>\n<p><strong>Conseils d&#8217;utilisation :<\/strong><\/p>\n<ul>\n<li><strong>Pr\u00e9parez vos ongles :<\/strong> Limez, nettoyez, et appliquez le\u00a0<strong>D<\/strong><strong>esydrater LPN<\/strong>, suivi d\u2019un <strong>P<\/strong><strong>rimer<\/strong>.<\/li>\n<li><strong>Application du gel :<\/strong>Pour les textures solides : Appliquez une petite quantit\u00e9 de <strong>Gel Solid\u00a0Glue<\/strong>.Pour les textures liquides : Optez pour le <strong>Gel\u00a0<\/strong><strong>Press On Nails<\/strong>.<\/li>\n<li>Positionnez la capsule sur votre ongle et polym\u00e9risez sous une lampe UV\/LED pendant 60 secondes.<\/li>\n<li><strong>Scellez :<\/strong> Appliquez une couche de <strong>R<\/strong><strong>ubber Base<\/strong> sur la capsule, en prenant soin de bien couvrir les contours pour une finition nette et durable.<\/li>\n<li><strong>D\u00e9coration :<\/strong> Personnalisez avec des poudres chrome, strass, fleurs acryliques, ou tout autre design de votre choix.<\/li>\n<li><strong>Finition :<\/strong> Pour un effet brillant, utilisez le <strong>Super Shinny Top Coat<\/strong> ou le <strong>Gloss Top Coat<\/strong>.<\/li>\n<\/ul>\n<p>The <strong>Soft Gel Tips Clear<\/strong>\u00a0sont id\u00e9ales pour r\u00e9aliser des poses durables, \u00e9l\u00e9gantes et adapt\u00e9es \u00e0 tous vos besoins. Leur polyvalence et leur qualit\u00e9 sup\u00e9rieure en font un incontournable pour des manucures parfaites \u00e0 chaque application.<\/p>","protected":false},"excerpt":{"rendered":"<p>Cr\u00e9ez des manucures \u00e9l\u00e9gantes et durables avec les Soft Gel Tips Clear. Disponibles en 240 pi\u00e8ces et propos\u00e9es en diff\u00e9rentes [&hellip;]<\/p>\n","protected":false},"featured_media":8434,"comment_status":"open","ping_status":"closed","template":"","meta":{"_uag_custom_page_level_css":"","site-sidebar-layout":"default","site-content-layout":"","ast-site-content-layout":"default","site-content-style":"default","site-sidebar-style":"default","ast-global-header-display":"","ast-banner-title-visibility":"","ast-main-header-display":"","ast-hfb-above-header-display":"","ast-hfb-below-header-display":"","ast-hfb-mobile-header-display":"","site-post-title":"","ast-breadcrumbs-content":"","ast-featured-img":"","footer-sml-layout":"","ast-disable-related-posts":"","theme-transparent-header-meta":"default","adv-header-id-meta":"","stick-header-meta":"","header-above-stick-meta":"","header-main-stick-meta":"","header-below-stick-meta":"","astra-migrate-meta-layouts":"set","ast-page-background-enabled":"default","ast-page-background-meta":{"desktop":{"background-color":"var(--ast-global-color-4)","background-image":"","background-repeat":"repeat","background-position":"center center","background-size":"auto","background-attachment":"scroll","background-type":"","background-media":"","overlay-type":"","overlay-color":"","overlay-opacity":"","overlay-gradient":""},"tablet":{"background-color":"","background-image":"","background-repeat":"repeat","background-position":"center center","background-size":"auto","background-attachment":"scroll","background-type":"","background-media":"","overlay-type":"","overlay-color":"","overlay-opacity":"","overlay-gradient":""},"mobile":{"background-color":"","background-image":"","background-repeat":"repeat","background-position":"center center","background-size":"auto","background-attachment":"scroll","background-type":"","background-media":"","overlay-type":"","overlay-color":"","overlay-opacity":"","overlay-gradient":""}},"ast-content-background-meta":{"desktop":{"background-color":"var(--ast-global-color-5)","background-image":"","background-repeat":"repeat","background-position":"center center","background-size":"auto","background-attachment":"scroll","background-type":"","background-media":"","overlay-type":"","overlay-color":"","overlay-opacity":"","overlay-gradient":""},"tablet":{"background-color":"var(--ast-global-color-5)","background-image":"","background-repeat":"repeat","background-position":"center center","background-size":"auto","background-attachment":"scroll","background-type":"","background-media":"","overlay-type":"","overlay-color":"","overlay-opacity":"","overlay-gradient":""},"mobile":{"background-color":"var(--ast-global-color-5)","background-image":"","background-repeat":"repeat","background-position":"center center","background-size":"auto","background-attachment":"scroll","background-type":"","background-media":"","overlay-type":"","overlay-color":"","overlay-opacity":"","overlay-gradient":""}}},"product_brand":[254],"product_cat":[252,199],"product_tag":[],"class_list":{"0":"post-4337","1":"product","2":"type-product","3":"status-publish","4":"has-post-thumbnail","6":"product_brand-lpnnails","7":"product_cat-techniques-d-extensions","8":"product_cat-tous-les-produits","9":"pa_forme-amande","10":"pa_forme-coffin","11":"pa_forme-square","12":"pa_taille-m","13":"pa_taille-s","14":"pa_taille-xs","15":"desktop-align-left","16":"tablet-align-left","17":"mobile-align-left","19":"first","20":"instock","21":"purchasable","22":"product-type-variable","23":"wvs-archive-product-wrapper"},"yoast_head":"<!-- This site is optimized with the Yoast SEO plugin v27.3 - https:\/\/yoast.com\/product\/yoast-seo-wordpress\/ -->\n<title>Soft gel tips &quot;Gel-X Clear&quot; - LPN Nails<\/title>\n<meta name=\"description\" content=\"Cr\u00e9ez des manucures \u00e9l\u00e9gantes et durables avec les Soft Gel Tips Clear. Disponibles en 240 pi\u00e8ces et propos\u00e9es en diff\u00e9rentes formes, ces capsules de qualit\u00e9 professionnelle s\u2019adaptent \u00e0 tous vos styles et pr\u00e9f\u00e9rences.\" \/>\n<meta name=\"robots\" content=\"index, follow, max-snippet:-1, max-image-preview:large, max-video-preview:-1\" \/>\n<link rel=\"canonical\" href=\"https:\/\/www.lpnnails.fr\/en\/product\/soft-gel-tips-gel-x-clear\/\" \/>\n<meta property=\"og:locale\" content=\"en_US\" \/>\n<meta property=\"og:type\" content=\"article\" \/>\n<meta property=\"og:title\" content=\"Soft gel tips &quot;Gel-X Clear&quot; - LPN Nails\" \/>\n<meta property=\"og:description\" content=\"Cr\u00e9ez des manucures \u00e9l\u00e9gantes et durables avec les Soft Gel Tips Clear. Disponibles en 240 pi\u00e8ces et propos\u00e9es en diff\u00e9rentes formes, ces capsules de qualit\u00e9 professionnelle s\u2019adaptent \u00e0 tous vos styles et pr\u00e9f\u00e9rences.\" \/>\n<meta property=\"og:url\" content=\"https:\/\/www.lpnnails.fr\/en\/product\/soft-gel-tips-gel-x-clear\/\" \/>\n<meta property=\"og:site_name\" content=\"LPN Nails\" \/>\n<meta property=\"article:publisher\" content=\"https:\/\/www.facebook.com\/profile.php?id=61573655313488#\" \/>\n<meta property=\"article:modified_time\" content=\"2026-01-07T20:56:40+00:00\" \/>\n<meta property=\"og:image\" content=\"https:\/\/www.lpnnails.fr\/wp-content\/uploads\/2024\/10\/soft-gel-tips-gel-x-scaled.jpg\" \/>\n\t<meta property=\"og:image:width\" content=\"1024\" \/>\n\t<meta property=\"og:image:height\" content=\"1024\" \/>\n\t<meta property=\"og:image:type\" content=\"image\/jpeg\" \/>\n<meta name=\"twitter:card\" content=\"summary_large_image\" \/>\n<meta name=\"twitter:label1\" content=\"Est. reading time\" \/>\n\t<meta name=\"twitter:data1\" content=\"2 minutes\" \/>\n<script type=\"application\/ld+json\" class=\"yoast-schema-graph\">{\"@context\":\"https:\\\/\\\/schema.org\",\"@graph\":[{\"@type\":\"WebPage\",\"@id\":\"https:\\\/\\\/www.lpnnails.fr\\\/produit\\\/soft-gel-tips-gel-x-clear\\\/\",\"url\":\"https:\\\/\\\/www.lpnnails.fr\\\/produit\\\/soft-gel-tips-gel-x-clear\\\/\",\"name\":\"Soft gel tips \\\"Gel-X Clear\\\" - LPN Nails\",\"isPartOf\":{\"@id\":\"https:\\\/\\\/www.lpnnails.fr\\\/#website\"},\"primaryImageOfPage\":{\"@id\":\"https:\\\/\\\/www.lpnnails.fr\\\/produit\\\/soft-gel-tips-gel-x-clear\\\/#primaryimage\"},\"image\":{\"@id\":\"https:\\\/\\\/www.lpnnails.fr\\\/produit\\\/soft-gel-tips-gel-x-clear\\\/#primaryimage\"},\"thumbnailUrl\":\"https:\\\/\\\/www.lpnnails.fr\\\/wp-content\\\/uploads\\\/2024\\\/10\\\/soft-gel-tips-gel-x-scaled.jpg\",\"datePublished\":\"2024-10-21T12:39:49+00:00\",\"dateModified\":\"2026-01-07T20:56:40+00:00\",\"description\":\"Cr\u00e9ez des manucures \u00e9l\u00e9gantes et durables avec les Soft Gel Tips Clear. Disponibles en 240 pi\u00e8ces et propos\u00e9es en diff\u00e9rentes formes, ces capsules de qualit\u00e9 professionnelle s\u2019adaptent \u00e0 tous vos styles et pr\u00e9f\u00e9rences.\",\"breadcrumb\":{\"@id\":\"https:\\\/\\\/www.lpnnails.fr\\\/produit\\\/soft-gel-tips-gel-x-clear\\\/#breadcrumb\"},\"inLanguage\":\"en-US\",\"potentialAction\":[{\"@type\":\"ReadAction\",\"target\":[\"https:\\\/\\\/www.lpnnails.fr\\\/produit\\\/soft-gel-tips-gel-x-clear\\\/\"]}]},{\"@type\":\"ImageObject\",\"inLanguage\":\"en-US\",\"@id\":\"https:\\\/\\\/www.lpnnails.fr\\\/produit\\\/soft-gel-tips-gel-x-clear\\\/#primaryimage\",\"url\":\"https:\\\/\\\/www.lpnnails.fr\\\/wp-content\\\/uploads\\\/2024\\\/10\\\/soft-gel-tips-gel-x-scaled.jpg\",\"contentUrl\":\"https:\\\/\\\/www.lpnnails.fr\\\/wp-content\\\/uploads\\\/2024\\\/10\\\/soft-gel-tips-gel-x-scaled.jpg\",\"width\":1024,\"height\":1024,\"caption\":\"soft gel tips gel x\"},{\"@type\":\"BreadcrumbList\",\"@id\":\"https:\\\/\\\/www.lpnnails.fr\\\/produit\\\/soft-gel-tips-gel-x-clear\\\/#breadcrumb\",\"itemListElement\":[{\"@type\":\"ListItem\",\"position\":1,\"name\":\"Accueil\",\"item\":\"https:\\\/\\\/www.lpnnails.fr\\\/\"},{\"@type\":\"ListItem\",\"position\":2,\"name\":\"Boutique\",\"item\":\"https:\\\/\\\/www.lpnnails.fr\\\/boutique\\\/\"},{\"@type\":\"ListItem\",\"position\":3,\"name\":\"Soft gel tips &#8220;Gel-X Clear&#8221;\"}]},{\"@type\":\"WebSite\",\"@id\":\"https:\\\/\\\/www.lpnnails.fr\\\/#website\",\"url\":\"https:\\\/\\\/www.lpnnails.fr\\\/\",\"name\":\"LPN Nails\",\"description\":\"\",\"publisher\":{\"@id\":\"https:\\\/\\\/www.lpnnails.fr\\\/#organization\"},\"potentialAction\":[{\"@type\":\"SearchAction\",\"target\":{\"@type\":\"EntryPoint\",\"urlTemplate\":\"https:\\\/\\\/www.lpnnails.fr\\\/?s={search_term_string}\"},\"query-input\":{\"@type\":\"PropertyValueSpecification\",\"valueRequired\":true,\"valueName\":\"search_term_string\"}}],\"inLanguage\":\"en-US\"},{\"@type\":\"Organization\",\"@id\":\"https:\\\/\\\/www.lpnnails.fr\\\/#organization\",\"name\":\"LPN Nails\",\"url\":\"https:\\\/\\\/www.lpnnails.fr\\\/\",\"logo\":{\"@type\":\"ImageObject\",\"inLanguage\":\"en-US\",\"@id\":\"https:\\\/\\\/www.lpnnails.fr\\\/#\\\/schema\\\/logo\\\/image\\\/\",\"url\":\"https:\\\/\\\/www.lpnnails.fr\\\/wp-content\\\/uploads\\\/2025\\\/11\\\/Design-sans-titre-2.png\",\"contentUrl\":\"https:\\\/\\\/www.lpnnails.fr\\\/wp-content\\\/uploads\\\/2025\\\/11\\\/Design-sans-titre-2.png\",\"width\":512,\"height\":512,\"caption\":\"LPN Nails\"},\"image\":{\"@id\":\"https:\\\/\\\/www.lpnnails.fr\\\/#\\\/schema\\\/logo\\\/image\\\/\"},\"sameAs\":[\"https:\\\/\\\/www.facebook.com\\\/profile.php?id=61573655313488#\",\"https:\\\/\\\/www.instagram.com\\\/lpnnails\\\/\",\"https:\\\/\\\/www.linkedin.com\\\/company\\\/lpnnails\\\/\",\"https:\\\/\\\/www.youtube.com\\\/@LPNNails\\\/\"]}]}<\/script>\n<!-- \/ Yoast SEO plugin. -->","yoast_head_json":{"title":"Soft gel tips \"Gel-X Clear\" - LPN Nails","description":"Cr\u00e9ez des manucures \u00e9l\u00e9gantes et durables avec les Soft Gel Tips Clear. Disponibles en 240 pi\u00e8ces et propos\u00e9es en diff\u00e9rentes formes, ces capsules de qualit\u00e9 professionnelle s\u2019adaptent \u00e0 tous vos styles et pr\u00e9f\u00e9rences.","robots":{"index":"index","follow":"follow","max-snippet":"max-snippet:-1","max-image-preview":"max-image-preview:large","max-video-preview":"max-video-preview:-1"},"canonical":"https:\/\/www.lpnnails.fr\/en\/product\/soft-gel-tips-gel-x-clear\/","og_locale":"en_US","og_type":"article","og_title":"Soft gel tips \"Gel-X Clear\" - LPN Nails","og_description":"Cr\u00e9ez des manucures \u00e9l\u00e9gantes et durables avec les Soft Gel Tips Clear. Disponibles en 240 pi\u00e8ces et propos\u00e9es en diff\u00e9rentes formes, ces capsules de qualit\u00e9 professionnelle s\u2019adaptent \u00e0 tous vos styles et pr\u00e9f\u00e9rences.","og_url":"https:\/\/www.lpnnails.fr\/en\/product\/soft-gel-tips-gel-x-clear\/","og_site_name":"LPN Nails","article_publisher":"https:\/\/www.facebook.com\/profile.php?id=61573655313488#","article_modified_time":"2026-01-07T20:56:40+00:00","og_image":[{"width":1024,"height":1024,"url":"https:\/\/www.lpnnails.fr\/wp-content\/uploads\/2024\/10\/soft-gel-tips-gel-x-scaled.jpg","type":"image\/jpeg"}],"twitter_card":"summary_large_image","twitter_misc":{"Est. reading time":"2 minutes"},"schema":{"@context":"https:\/\/schema.org","@graph":[{"@type":"WebPage","@id":"https:\/\/www.lpnnails.fr\/produit\/soft-gel-tips-gel-x-clear\/","url":"https:\/\/www.lpnnails.fr\/produit\/soft-gel-tips-gel-x-clear\/","name":"Soft gel tips \"Gel-X Clear\" - LPN Nails","isPartOf":{"@id":"https:\/\/www.lpnnails.fr\/#website"},"primaryImageOfPage":{"@id":"https:\/\/www.lpnnails.fr\/produit\/soft-gel-tips-gel-x-clear\/#primaryimage"},"image":{"@id":"https:\/\/www.lpnnails.fr\/produit\/soft-gel-tips-gel-x-clear\/#primaryimage"},"thumbnailUrl":"https:\/\/www.lpnnails.fr\/wp-content\/uploads\/2024\/10\/soft-gel-tips-gel-x-scaled.jpg","datePublished":"2024-10-21T12:39:49+00:00","dateModified":"2026-01-07T20:56:40+00:00","description":"Cr\u00e9ez des manucures \u00e9l\u00e9gantes et durables avec les Soft Gel Tips Clear. Disponibles en 240 pi\u00e8ces et propos\u00e9es en diff\u00e9rentes formes, ces capsules de qualit\u00e9 professionnelle s\u2019adaptent \u00e0 tous vos styles et pr\u00e9f\u00e9rences.","breadcrumb":{"@id":"https:\/\/www.lpnnails.fr\/produit\/soft-gel-tips-gel-x-clear\/#breadcrumb"},"inLanguage":"en-US","potentialAction":[{"@type":"ReadAction","target":["https:\/\/www.lpnnails.fr\/produit\/soft-gel-tips-gel-x-clear\/"]}]},{"@type":"ImageObject","inLanguage":"en-US","@id":"https:\/\/www.lpnnails.fr\/produit\/soft-gel-tips-gel-x-clear\/#primaryimage","url":"https:\/\/www.lpnnails.fr\/wp-content\/uploads\/2024\/10\/soft-gel-tips-gel-x-scaled.jpg","contentUrl":"https:\/\/www.lpnnails.fr\/wp-content\/uploads\/2024\/10\/soft-gel-tips-gel-x-scaled.jpg","width":1024,"height":1024,"caption":"soft gel tips gel x"},{"@type":"BreadcrumbList","@id":"https:\/\/www.lpnnails.fr\/produit\/soft-gel-tips-gel-x-clear\/#breadcrumb","itemListElement":[{"@type":"ListItem","position":1,"name":"Accueil","item":"https:\/\/www.lpnnails.fr\/"},{"@type":"ListItem","position":2,"name":"Boutique","item":"https:\/\/www.lpnnails.fr\/boutique\/"},{"@type":"ListItem","position":3,"name":"Soft gel tips &#8220;Gel-X Clear&#8221;"}]},{"@type":"WebSite","@id":"https:\/\/www.lpnnails.fr\/#website","url":"https:\/\/www.lpnnails.fr\/","name":"LPN Nails","description":"","publisher":{"@id":"https:\/\/www.lpnnails.fr\/#organization"},"potentialAction":[{"@type":"SearchAction","target":{"@type":"EntryPoint","urlTemplate":"https:\/\/www.lpnnails.fr\/?s={search_term_string}"},"query-input":{"@type":"PropertyValueSpecification","valueRequired":true,"valueName":"search_term_string"}}],"inLanguage":"en-US"},{"@type":"Organization","@id":"https:\/\/www.lpnnails.fr\/#organization","name":"LPN Nails","url":"https:\/\/www.lpnnails.fr\/","logo":{"@type":"ImageObject","inLanguage":"en-US","@id":"https:\/\/www.lpnnails.fr\/#\/schema\/logo\/image\/","url":"https:\/\/www.lpnnails.fr\/wp-content\/uploads\/2025\/11\/Design-sans-titre-2.png","contentUrl":"https:\/\/www.lpnnails.fr\/wp-content\/uploads\/2025\/11\/Design-sans-titre-2.png","width":512,"height":512,"caption":"LPN Nails"},"image":{"@id":"https:\/\/www.lpnnails.fr\/#\/schema\/logo\/image\/"},"sameAs":["https:\/\/www.facebook.com\/profile.php?id=61573655313488#","https:\/\/www.instagram.com\/lpnnails\/","https:\/\/www.linkedin.com\/company\/lpnnails\/","https:\/\/www.youtube.com\/@LPNNails\/"]}]}},"uagb_featured_image_src":{"full":["https:\/\/www.lpnnails.fr\/wp-content\/uploads\/2024\/10\/soft-gel-tips-gel-x-scaled.jpg",1024,1024,false],"thumbnail":["https:\/\/www.lpnnails.fr\/wp-content\/uploads\/2024\/10\/soft-gel-tips-gel-x-150x150.jpg",150,150,true],"medium":["https:\/\/www.lpnnails.fr\/wp-content\/uploads\/2024\/10\/soft-gel-tips-gel-x-300x300.jpg",300,300,true],"medium_large":["https:\/\/www.lpnnails.fr\/wp-content\/uploads\/2024\/10\/soft-gel-tips-gel-x-768x768.jpg",768,768,true],"large":["https:\/\/www.lpnnails.fr\/wp-content\/uploads\/2024\/10\/soft-gel-tips-gel-x-1024x1024.jpg",1024,1024,true],"1536x1536":["https:\/\/www.lpnnails.fr\/wp-content\/uploads\/2024\/10\/soft-gel-tips-gel-x-scaled.jpg",1024,1024,false],"2048x2048":["https:\/\/www.lpnnails.fr\/wp-content\/uploads\/2024\/10\/soft-gel-tips-gel-x-scaled.jpg",1024,1024,false],"trp-custom-language-flag":["https:\/\/www.lpnnails.fr\/wp-content\/uploads\/2024\/10\/soft-gel-tips-gel-x-scaled.jpg",12,12,false],"mailpoet_newsletter_max":["https:\/\/www.lpnnails.fr\/wp-content\/uploads\/2024\/10\/soft-gel-tips-gel-x-scaled.jpg",1024,1024,false],"woocommerce_thumbnail":["https:\/\/www.lpnnails.fr\/wp-content\/uploads\/2024\/10\/soft-gel-tips-gel-x-300x300.jpg",300,300,true],"woocommerce_single":["https:\/\/www.lpnnails.fr\/wp-content\/uploads\/2024\/10\/soft-gel-tips-gel-x-600x600.jpg",600,600,true],"woocommerce_gallery_thumbnail":["https:\/\/www.lpnnails.fr\/wp-content\/uploads\/2024\/10\/soft-gel-tips-gel-x-100x100.jpg",100,100,true],"variation_swatches_image_size":["https:\/\/www.lpnnails.fr\/wp-content\/uploads\/2024\/10\/soft-gel-tips-gel-x-50x50.jpg",50,50,true],"variation_swatches_tooltip_size":["https:\/\/www.lpnnails.fr\/wp-content\/uploads\/2024\/10\/soft-gel-tips-gel-x-100x100.jpg",100,100,true]},"uagb_author_info":{"display_name":"LPN Nails","author_link":"https:\/\/www.lpnnails.fr\/en\/author\/"},"uagb_comment_info":0,"uagb_excerpt":"Cr\u00e9ez des manucures \u00e9l\u00e9gantes et durables avec les Soft Gel Tips Clear. Disponibles en 240 pi\u00e8ces et propos\u00e9es en diff\u00e9rentes [&hellip;]","_links":{"self":[{"href":"https:\/\/www.lpnnails.fr\/en\/wp-json\/wp\/v2\/product\/4337","targetHints":{"allow":["GET"]}}],"collection":[{"href":"https:\/\/www.lpnnails.fr\/en\/wp-json\/wp\/v2\/product"}],"about":[{"href":"https:\/\/www.lpnnails.fr\/en\/wp-json\/wp\/v2\/types\/product"}],"replies":[{"embeddable":true,"href":"https:\/\/www.lpnnails.fr\/en\/wp-json\/wp\/v2\/comments?post=4337"}],"wp:featuredmedia":[{"embeddable":true,"href":"https:\/\/www.lpnnails.fr\/en\/wp-json\/wp\/v2\/media\/8434"}],"wp:attachment":[{"href":"https:\/\/www.lpnnails.fr\/en\/wp-json\/wp\/v2\/media?parent=4337"}],"wp:term":[{"taxonomy":"product_brand","embeddable":true,"href":"https:\/\/www.lpnnails.fr\/en\/wp-json\/wp\/v2\/product_brand?post=4337"},{"taxonomy":"product_cat","embeddable":true,"href":"https:\/\/www.lpnnails.fr\/en\/wp-json\/wp\/v2\/product_cat?post=4337"},{"taxonomy":"product_tag","embeddable":true,"href":"https:\/\/www.lpnnails.fr\/en\/wp-json\/wp\/v2\/product_tag?post=4337"}],"curies":[{"name":"wp","href":"https:\/\/api.w.org\/{rel}","templated":true}]}}