{"id":4304,"date":"2024-10-19T22:33:09","date_gmt":"2024-10-19T22:33:09","guid":{"rendered":"https:\/\/www.lpnnails.fr\/?post_type=product&#038;p=4304"},"modified":"2026-01-26T10:20:12","modified_gmt":"2026-01-26T09:20:12","slug":"crackle-gel","status":"publish","type":"product","link":"https:\/\/www.lpnnails.fr\/en\/product\/crackle-gel\/","title":{"rendered":"Crackle gel"},"content":{"rendered":"<p>Donnez une touche artistique et originale \u00e0 vos manucures avec le <strong>Crackle Gel<\/strong> from\u00a0<strong>LPN Nails<\/strong>. Ce gel, disponible en <strong>5 couleurs \u00e9l\u00e9gantes<\/strong>, cr\u00e9e un effet craquel\u00e9 unique pour des ongles au style audacieux et moderne.<\/p>\n<p><strong>Features :<\/strong><\/p>\n<ul>\n<li><strong>Effet craquel\u00e9<\/strong> : Permet de r\u00e9aliser des motifs textur\u00e9s sophistiqu\u00e9s.<\/li>\n<li><strong>Palette de 5 couleurs<\/strong> : Id\u00e9al pour s&#8217;adapter \u00e0 toutes vos envies cr\u00e9atives.<\/li>\n<li><strong>Application facile<\/strong> : Con\u00e7u pour des r\u00e9sultats professionnels avec peu d&#8217;effort.<\/li>\n<li><strong>Contenance :<\/strong> 15 ml, parfait pour de multiples cr\u00e9ations.<\/li>\n<\/ul>\n<p><strong>Use :<\/strong><\/p>\n<ul>\n<li>Appliquez une couche de base ou de gel de couleur sur vos ongles et polym\u00e9risez.<\/li>\n<li>Appliquez le Crackle Gel sur la surface color\u00e9e.<\/li>\n<li>Laissez le gel craqueler naturellement ( 5 \u00e0 10min) avant de le polym\u00e9riser sous lampe UV\/LED.<\/li>\n<li>Scellez avec un top coat pour une finition durable et brillante.<\/li>\n<\/ul>\n<p>Id\u00e9al pour les amateurs comme pour les professionnels, le<strong> Crackle Gel<\/strong> offre une fa\u00e7on rapide et cr\u00e9ative de transformer vos manucures en v\u00e9ritables \u0153uvres d\u2019art. Ajoutez cet effet unique \u00e0 vos poses pour un style incomparable !<\/p>","protected":false},"excerpt":{"rendered":"<p>Donnez une touche artistique et originale \u00e0 vos manucures avec le Crackle Gel de chez\u00a0LPN Nails. Ce gel, disponible en [&hellip;]<\/p>\n","protected":false},"featured_media":4310,"comment_status":"open","ping_status":"closed","template":"","meta":{"_uag_custom_page_level_css":"","site-sidebar-layout":"default","site-content-layout":"","ast-site-content-layout":"default","site-content-style":"default","site-sidebar-style":"default","ast-global-header-display":"","ast-banner-title-visibility":"","ast-main-header-display":"","ast-hfb-above-header-display":"","ast-hfb-below-header-display":"","ast-hfb-mobile-header-display":"","site-post-title":"","ast-breadcrumbs-content":"","ast-featured-img":"","footer-sml-layout":"","ast-disable-related-posts":"","theme-transparent-header-meta":"default","adv-header-id-meta":"","stick-header-meta":"","header-above-stick-meta":"","header-main-stick-meta":"","header-below-stick-meta":"","astra-migrate-meta-layouts":"set","ast-page-background-enabled":"default","ast-page-background-meta":{"desktop":{"background-color":"var(--ast-global-color-4)","background-image":"","background-repeat":"repeat","background-position":"center center","background-size":"auto","background-attachment":"scroll","background-type":"","background-media":"","overlay-type":"","overlay-color":"","overlay-opacity":"","overlay-gradient":""},"tablet":{"background-color":"","background-image":"","background-repeat":"repeat","background-position":"center center","background-size":"auto","background-attachment":"scroll","background-type":"","background-media":"","overlay-type":"","overlay-color":"","overlay-opacity":"","overlay-gradient":""},"mobile":{"background-color":"","background-image":"","background-repeat":"repeat","background-position":"center center","background-size":"auto","background-attachment":"scroll","background-type":"","background-media":"","overlay-type":"","overlay-color":"","overlay-opacity":"","overlay-gradient":""}},"ast-content-background-meta":{"desktop":{"background-color":"var(--ast-global-color-5)","background-image":"","background-repeat":"repeat","background-position":"center center","background-size":"auto","background-attachment":"scroll","background-type":"","background-media":"","overlay-type":"","overlay-color":"","overlay-opacity":"","overlay-gradient":""},"tablet":{"background-color":"var(--ast-global-color-5)","background-image":"","background-repeat":"repeat","background-position":"center center","background-size":"auto","background-attachment":"scroll","background-type":"","background-media":"","overlay-type":"","overlay-color":"","overlay-opacity":"","overlay-gradient":""},"mobile":{"background-color":"var(--ast-global-color-5)","background-image":"","background-repeat":"repeat","background-position":"center center","background-size":"auto","background-attachment":"scroll","background-type":"","background-media":"","overlay-type":"","overlay-color":"","overlay-opacity":"","overlay-gradient":""}}},"product_brand":[254],"product_cat":[223,238,199],"product_tag":[],"class_list":{"0":"post-4304","1":"product","2":"type-product","3":"status-publish","4":"has-post-thumbnail","6":"product_brand-lpnnails","7":"product_cat-gels-d-art","8":"product_cat-nouveau","9":"product_cat-tous-les-produits","10":"pa_composition-acrylic-copolymer-acrylic-hydroxyester-acrylic-copolymer-diethyaminoethyl-metacrylate-perfluorohexylethyl-methacrylate-crosspolyme","11":"pa_couleur-cg1","12":"pa_couleur-cg12","13":"pa_couleur-cg2","14":"pa_couleur-cg6","15":"pa_couleur-cg8","16":"pa_recommandations-conserver-dans-un-endroit-frais-a-labri-de-la-lumiere-et-de-la-chaleur-tenir-hors-de-portee-des-enfants-faire-un-test-cutane-si-sensibilite-aux-uv","17":"desktop-align-left","18":"tablet-align-left","19":"mobile-align-left","21":"first","22":"instock","23":"purchasable","24":"product-type-variable","25":"wvs-archive-product-wrapper"},"yoast_head":"<!-- This site is optimized with the Yoast SEO plugin v27.3 - https:\/\/yoast.com\/product\/yoast-seo-wordpress\/ -->\n<title>Crackle gel - LPN Nails<\/title>\n<meta name=\"description\" content=\"Donnez une touche artistique et originale \u00e0 vos manucures avec le Crackle Gel de chez LPN Nails. Ce gel, disponible en 5 couleurs \u00e9l\u00e9gantes, cr\u00e9e un effet craquel\u00e9 unique pour des ongles au style audacieux et moderne.\" \/>\n<meta name=\"robots\" content=\"index, follow, max-snippet:-1, max-image-preview:large, max-video-preview:-1\" \/>\n<link rel=\"canonical\" href=\"https:\/\/www.lpnnails.fr\/en\/product\/crackle-gel\/\" \/>\n<meta property=\"og:locale\" content=\"en_US\" \/>\n<meta property=\"og:type\" content=\"article\" \/>\n<meta property=\"og:title\" content=\"Crackle gel - LPN Nails\" \/>\n<meta property=\"og:description\" content=\"Donnez une touche artistique et originale \u00e0 vos manucures avec le Crackle Gel de chez LPN Nails. Ce gel, disponible en 5 couleurs \u00e9l\u00e9gantes, cr\u00e9e un effet craquel\u00e9 unique pour des ongles au style audacieux et moderne.\" \/>\n<meta property=\"og:url\" content=\"https:\/\/www.lpnnails.fr\/en\/product\/crackle-gel\/\" \/>\n<meta property=\"og:site_name\" content=\"LPN Nails\" \/>\n<meta property=\"article:publisher\" content=\"https:\/\/www.facebook.com\/profile.php?id=61573655313488#\" \/>\n<meta property=\"article:modified_time\" content=\"2026-01-26T09:20:12+00:00\" \/>\n<meta property=\"og:image\" content=\"https:\/\/www.lpnnails.fr\/wp-content\/uploads\/2025\/04\/products-8907b2_14c5563246094d7a82f43dac3ae5c855~mv2.jpg\" \/>\n\t<meta property=\"og:image:width\" content=\"1024\" \/>\n\t<meta property=\"og:image:height\" content=\"1024\" \/>\n\t<meta property=\"og:image:type\" content=\"image\/jpeg\" \/>\n<meta name=\"twitter:card\" content=\"summary_large_image\" \/>\n<meta name=\"twitter:label1\" content=\"Est. reading time\" \/>\n\t<meta name=\"twitter:data1\" content=\"2 minutes\" \/>\n<script type=\"application\/ld+json\" class=\"yoast-schema-graph\">{\"@context\":\"https:\\\/\\\/schema.org\",\"@graph\":[{\"@type\":\"WebPage\",\"@id\":\"https:\\\/\\\/www.lpnnails.fr\\\/produit\\\/crackle-gel\\\/\",\"url\":\"https:\\\/\\\/www.lpnnails.fr\\\/produit\\\/crackle-gel\\\/\",\"name\":\"Crackle gel - LPN Nails\",\"isPartOf\":{\"@id\":\"https:\\\/\\\/www.lpnnails.fr\\\/#website\"},\"primaryImageOfPage\":{\"@id\":\"https:\\\/\\\/www.lpnnails.fr\\\/produit\\\/crackle-gel\\\/#primaryimage\"},\"image\":{\"@id\":\"https:\\\/\\\/www.lpnnails.fr\\\/produit\\\/crackle-gel\\\/#primaryimage\"},\"thumbnailUrl\":\"https:\\\/\\\/www.lpnnails.fr\\\/wp-content\\\/uploads\\\/2025\\\/04\\\/products-8907b2_14c5563246094d7a82f43dac3ae5c855~mv2.jpg\",\"datePublished\":\"2024-10-19T22:33:09+00:00\",\"dateModified\":\"2026-01-26T09:20:12+00:00\",\"description\":\"Donnez une touche artistique et originale \u00e0 vos manucures avec le Crackle Gel de chez LPN Nails. Ce gel, disponible en 5 couleurs \u00e9l\u00e9gantes, cr\u00e9e un effet craquel\u00e9 unique pour des ongles au style audacieux et moderne.\",\"breadcrumb\":{\"@id\":\"https:\\\/\\\/www.lpnnails.fr\\\/produit\\\/crackle-gel\\\/#breadcrumb\"},\"inLanguage\":\"en-US\",\"potentialAction\":[{\"@type\":\"ReadAction\",\"target\":[\"https:\\\/\\\/www.lpnnails.fr\\\/produit\\\/crackle-gel\\\/\"]}]},{\"@type\":\"ImageObject\",\"inLanguage\":\"en-US\",\"@id\":\"https:\\\/\\\/www.lpnnails.fr\\\/produit\\\/crackle-gel\\\/#primaryimage\",\"url\":\"https:\\\/\\\/www.lpnnails.fr\\\/wp-content\\\/uploads\\\/2025\\\/04\\\/products-8907b2_14c5563246094d7a82f43dac3ae5c855~mv2.jpg\",\"contentUrl\":\"https:\\\/\\\/www.lpnnails.fr\\\/wp-content\\\/uploads\\\/2025\\\/04\\\/products-8907b2_14c5563246094d7a82f43dac3ae5c855~mv2.jpg\",\"width\":1024,\"height\":1024,\"caption\":\"CRACKLE GEL\"},{\"@type\":\"BreadcrumbList\",\"@id\":\"https:\\\/\\\/www.lpnnails.fr\\\/produit\\\/crackle-gel\\\/#breadcrumb\",\"itemListElement\":[{\"@type\":\"ListItem\",\"position\":1,\"name\":\"Accueil\",\"item\":\"https:\\\/\\\/www.lpnnails.fr\\\/\"},{\"@type\":\"ListItem\",\"position\":2,\"name\":\"Boutique\",\"item\":\"https:\\\/\\\/www.lpnnails.fr\\\/boutique\\\/\"},{\"@type\":\"ListItem\",\"position\":3,\"name\":\"Crackle gel\"}]},{\"@type\":\"WebSite\",\"@id\":\"https:\\\/\\\/www.lpnnails.fr\\\/#website\",\"url\":\"https:\\\/\\\/www.lpnnails.fr\\\/\",\"name\":\"LPN Nails\",\"description\":\"\",\"publisher\":{\"@id\":\"https:\\\/\\\/www.lpnnails.fr\\\/#organization\"},\"potentialAction\":[{\"@type\":\"SearchAction\",\"target\":{\"@type\":\"EntryPoint\",\"urlTemplate\":\"https:\\\/\\\/www.lpnnails.fr\\\/?s={search_term_string}\"},\"query-input\":{\"@type\":\"PropertyValueSpecification\",\"valueRequired\":true,\"valueName\":\"search_term_string\"}}],\"inLanguage\":\"en-US\"},{\"@type\":\"Organization\",\"@id\":\"https:\\\/\\\/www.lpnnails.fr\\\/#organization\",\"name\":\"LPN Nails\",\"url\":\"https:\\\/\\\/www.lpnnails.fr\\\/\",\"logo\":{\"@type\":\"ImageObject\",\"inLanguage\":\"en-US\",\"@id\":\"https:\\\/\\\/www.lpnnails.fr\\\/#\\\/schema\\\/logo\\\/image\\\/\",\"url\":\"https:\\\/\\\/www.lpnnails.fr\\\/wp-content\\\/uploads\\\/2025\\\/11\\\/Design-sans-titre-2.png\",\"contentUrl\":\"https:\\\/\\\/www.lpnnails.fr\\\/wp-content\\\/uploads\\\/2025\\\/11\\\/Design-sans-titre-2.png\",\"width\":512,\"height\":512,\"caption\":\"LPN Nails\"},\"image\":{\"@id\":\"https:\\\/\\\/www.lpnnails.fr\\\/#\\\/schema\\\/logo\\\/image\\\/\"},\"sameAs\":[\"https:\\\/\\\/www.facebook.com\\\/profile.php?id=61573655313488#\",\"https:\\\/\\\/www.instagram.com\\\/lpnnails\\\/\",\"https:\\\/\\\/www.linkedin.com\\\/company\\\/lpnnails\\\/\",\"https:\\\/\\\/www.youtube.com\\\/@LPNNails\\\/\"]}]}<\/script>\n<!-- \/ Yoast SEO plugin. -->","yoast_head_json":{"title":"Crackle gel - LPN Nails","description":"Donnez une touche artistique et originale \u00e0 vos manucures avec le Crackle Gel de chez LPN Nails. Ce gel, disponible en 5 couleurs \u00e9l\u00e9gantes, cr\u00e9e un effet craquel\u00e9 unique pour des ongles au style audacieux et moderne.","robots":{"index":"index","follow":"follow","max-snippet":"max-snippet:-1","max-image-preview":"max-image-preview:large","max-video-preview":"max-video-preview:-1"},"canonical":"https:\/\/www.lpnnails.fr\/en\/product\/crackle-gel\/","og_locale":"en_US","og_type":"article","og_title":"Crackle gel - LPN Nails","og_description":"Donnez une touche artistique et originale \u00e0 vos manucures avec le Crackle Gel de chez LPN Nails. Ce gel, disponible en 5 couleurs \u00e9l\u00e9gantes, cr\u00e9e un effet craquel\u00e9 unique pour des ongles au style audacieux et moderne.","og_url":"https:\/\/www.lpnnails.fr\/en\/product\/crackle-gel\/","og_site_name":"LPN Nails","article_publisher":"https:\/\/www.facebook.com\/profile.php?id=61573655313488#","article_modified_time":"2026-01-26T09:20:12+00:00","og_image":[{"width":1024,"height":1024,"url":"https:\/\/www.lpnnails.fr\/wp-content\/uploads\/2025\/04\/products-8907b2_14c5563246094d7a82f43dac3ae5c855~mv2.jpg","type":"image\/jpeg"}],"twitter_card":"summary_large_image","twitter_misc":{"Est. reading time":"2 minutes"},"schema":{"@context":"https:\/\/schema.org","@graph":[{"@type":"WebPage","@id":"https:\/\/www.lpnnails.fr\/produit\/crackle-gel\/","url":"https:\/\/www.lpnnails.fr\/produit\/crackle-gel\/","name":"Crackle gel - LPN Nails","isPartOf":{"@id":"https:\/\/www.lpnnails.fr\/#website"},"primaryImageOfPage":{"@id":"https:\/\/www.lpnnails.fr\/produit\/crackle-gel\/#primaryimage"},"image":{"@id":"https:\/\/www.lpnnails.fr\/produit\/crackle-gel\/#primaryimage"},"thumbnailUrl":"https:\/\/www.lpnnails.fr\/wp-content\/uploads\/2025\/04\/products-8907b2_14c5563246094d7a82f43dac3ae5c855~mv2.jpg","datePublished":"2024-10-19T22:33:09+00:00","dateModified":"2026-01-26T09:20:12+00:00","description":"Donnez une touche artistique et originale \u00e0 vos manucures avec le Crackle Gel de chez LPN Nails. Ce gel, disponible en 5 couleurs \u00e9l\u00e9gantes, cr\u00e9e un effet craquel\u00e9 unique pour des ongles au style audacieux et moderne.","breadcrumb":{"@id":"https:\/\/www.lpnnails.fr\/produit\/crackle-gel\/#breadcrumb"},"inLanguage":"en-US","potentialAction":[{"@type":"ReadAction","target":["https:\/\/www.lpnnails.fr\/produit\/crackle-gel\/"]}]},{"@type":"ImageObject","inLanguage":"en-US","@id":"https:\/\/www.lpnnails.fr\/produit\/crackle-gel\/#primaryimage","url":"https:\/\/www.lpnnails.fr\/wp-content\/uploads\/2025\/04\/products-8907b2_14c5563246094d7a82f43dac3ae5c855~mv2.jpg","contentUrl":"https:\/\/www.lpnnails.fr\/wp-content\/uploads\/2025\/04\/products-8907b2_14c5563246094d7a82f43dac3ae5c855~mv2.jpg","width":1024,"height":1024,"caption":"CRACKLE GEL"},{"@type":"BreadcrumbList","@id":"https:\/\/www.lpnnails.fr\/produit\/crackle-gel\/#breadcrumb","itemListElement":[{"@type":"ListItem","position":1,"name":"Accueil","item":"https:\/\/www.lpnnails.fr\/"},{"@type":"ListItem","position":2,"name":"Boutique","item":"https:\/\/www.lpnnails.fr\/boutique\/"},{"@type":"ListItem","position":3,"name":"Crackle gel"}]},{"@type":"WebSite","@id":"https:\/\/www.lpnnails.fr\/#website","url":"https:\/\/www.lpnnails.fr\/","name":"LPN Nails","description":"","publisher":{"@id":"https:\/\/www.lpnnails.fr\/#organization"},"potentialAction":[{"@type":"SearchAction","target":{"@type":"EntryPoint","urlTemplate":"https:\/\/www.lpnnails.fr\/?s={search_term_string}"},"query-input":{"@type":"PropertyValueSpecification","valueRequired":true,"valueName":"search_term_string"}}],"inLanguage":"en-US"},{"@type":"Organization","@id":"https:\/\/www.lpnnails.fr\/#organization","name":"LPN Nails","url":"https:\/\/www.lpnnails.fr\/","logo":{"@type":"ImageObject","inLanguage":"en-US","@id":"https:\/\/www.lpnnails.fr\/#\/schema\/logo\/image\/","url":"https:\/\/www.lpnnails.fr\/wp-content\/uploads\/2025\/11\/Design-sans-titre-2.png","contentUrl":"https:\/\/www.lpnnails.fr\/wp-content\/uploads\/2025\/11\/Design-sans-titre-2.png","width":512,"height":512,"caption":"LPN Nails"},"image":{"@id":"https:\/\/www.lpnnails.fr\/#\/schema\/logo\/image\/"},"sameAs":["https:\/\/www.facebook.com\/profile.php?id=61573655313488#","https:\/\/www.instagram.com\/lpnnails\/","https:\/\/www.linkedin.com\/company\/lpnnails\/","https:\/\/www.youtube.com\/@LPNNails\/"]}]}},"uagb_featured_image_src":{"full":["https:\/\/www.lpnnails.fr\/wp-content\/uploads\/2025\/04\/products-8907b2_14c5563246094d7a82f43dac3ae5c855~mv2.jpg",1024,1024,false],"thumbnail":["https:\/\/www.lpnnails.fr\/wp-content\/uploads\/2025\/04\/products-8907b2_14c5563246094d7a82f43dac3ae5c855~mv2.jpg",150,150,true],"medium":["https:\/\/www.lpnnails.fr\/wp-content\/uploads\/2025\/04\/products-8907b2_14c5563246094d7a82f43dac3ae5c855~mv2.jpg",300,214,true],"medium_large":["https:\/\/www.lpnnails.fr\/wp-content\/uploads\/2025\/04\/products-8907b2_14c5563246094d7a82f43dac3ae5c855~mv2.jpg",768,768,false],"large":["https:\/\/www.lpnnails.fr\/wp-content\/uploads\/2025\/04\/products-8907b2_14c5563246094d7a82f43dac3ae5c855~mv2.jpg",1024,1024,false],"1536x1536":["https:\/\/www.lpnnails.fr\/wp-content\/uploads\/2025\/04\/products-8907b2_14c5563246094d7a82f43dac3ae5c855~mv2.jpg",1024,1024,false],"2048x2048":["https:\/\/www.lpnnails.fr\/wp-content\/uploads\/2025\/04\/products-8907b2_14c5563246094d7a82f43dac3ae5c855~mv2.jpg",1024,1024,false],"trp-custom-language-flag":["https:\/\/www.lpnnails.fr\/wp-content\/uploads\/2025\/04\/products-8907b2_14c5563246094d7a82f43dac3ae5c855~mv2.jpg",12,12,false],"mailpoet_newsletter_max":["https:\/\/www.lpnnails.fr\/wp-content\/uploads\/2025\/04\/products-8907b2_14c5563246094d7a82f43dac3ae5c855~mv2.jpg",1024,1024,false],"woocommerce_thumbnail":["https:\/\/www.lpnnails.fr\/wp-content\/uploads\/2025\/04\/products-8907b2_14c5563246094d7a82f43dac3ae5c855~mv2.jpg",300,300,false],"woocommerce_single":["https:\/\/www.lpnnails.fr\/wp-content\/uploads\/2025\/04\/products-8907b2_14c5563246094d7a82f43dac3ae5c855~mv2.jpg",600,600,false],"woocommerce_gallery_thumbnail":["https:\/\/www.lpnnails.fr\/wp-content\/uploads\/2025\/04\/products-8907b2_14c5563246094d7a82f43dac3ae5c855~mv2.jpg",100,100,false],"variation_swatches_image_size":["https:\/\/www.lpnnails.fr\/wp-content\/uploads\/2025\/04\/products-8907b2_14c5563246094d7a82f43dac3ae5c855~mv2.jpg",50,50,false],"variation_swatches_tooltip_size":["https:\/\/www.lpnnails.fr\/wp-content\/uploads\/2025\/04\/products-8907b2_14c5563246094d7a82f43dac3ae5c855~mv2.jpg",100,100,false]},"uagb_author_info":{"display_name":"LPN Nails","author_link":"https:\/\/www.lpnnails.fr\/en\/author\/"},"uagb_comment_info":0,"uagb_excerpt":"Donnez une touche artistique et originale \u00e0 vos manucures avec le Crackle Gel de chez\u00a0LPN Nails. Ce gel, disponible en [&hellip;]","_links":{"self":[{"href":"https:\/\/www.lpnnails.fr\/en\/wp-json\/wp\/v2\/product\/4304","targetHints":{"allow":["GET"]}}],"collection":[{"href":"https:\/\/www.lpnnails.fr\/en\/wp-json\/wp\/v2\/product"}],"about":[{"href":"https:\/\/www.lpnnails.fr\/en\/wp-json\/wp\/v2\/types\/product"}],"replies":[{"embeddable":true,"href":"https:\/\/www.lpnnails.fr\/en\/wp-json\/wp\/v2\/comments?post=4304"}],"wp:featuredmedia":[{"embeddable":true,"href":"https:\/\/www.lpnnails.fr\/en\/wp-json\/wp\/v2\/media\/4310"}],"wp:attachment":[{"href":"https:\/\/www.lpnnails.fr\/en\/wp-json\/wp\/v2\/media?parent=4304"}],"wp:term":[{"taxonomy":"product_brand","embeddable":true,"href":"https:\/\/www.lpnnails.fr\/en\/wp-json\/wp\/v2\/product_brand?post=4304"},{"taxonomy":"product_cat","embeddable":true,"href":"https:\/\/www.lpnnails.fr\/en\/wp-json\/wp\/v2\/product_cat?post=4304"},{"taxonomy":"product_tag","embeddable":true,"href":"https:\/\/www.lpnnails.fr\/en\/wp-json\/wp\/v2\/product_tag?post=4304"}],"curies":[{"name":"wp","href":"https:\/\/api.w.org\/{rel}","templated":true}]}}