{"id":4282,"date":"2024-10-20T00:20:47","date_gmt":"2024-10-19T22:20:47","guid":{"rendered":"https:\/\/www.lpnnails.fr\/?post_type=product&#038;p=4282"},"modified":"2025-12-01T09:27:14","modified_gmt":"2025-12-01T08:27:14","slug":"gel-marble-ink-pearl","status":"publish","type":"product","link":"https:\/\/www.lpnnails.fr\/en\/product\/gel-marble-ink-pearl\/","title":{"rendered":"Gel marble ink &#8220;Pearl&#8221;"},"content":{"rendered":"<p>Apportez une touche \u00e9l\u00e9gante et raffin\u00e9e \u00e0 vos manucures avec le <strong>Gel Marble Ink &#8220;Pearl&#8221;<\/strong> de<strong> LPN Nails<\/strong>. Disponible en 4 coloris nacr\u00e9s diff\u00e9rents, il permet de cr\u00e9er des effets marbr\u00e9s doux et luxueux pour sublimer vos ongles.<\/p>\n<p><strong>Features :<\/strong><\/p>\n<ul>\n<li><strong>Effet marbr\u00e9 nacr\u00e9<\/strong> : Des finitions d\u00e9licates avec une touche lumineuse pour un rendu \u00e9l\u00e9gant.<\/li>\n<li><strong>4 teintes au choix<\/strong> : Une palette de couleurs id\u00e9ales pour des cr\u00e9ations sophistiqu\u00e9es.<\/li>\n<li><strong>Contenance :<\/strong> 15 ml, parfait pour un usage prolong\u00e9.<\/li>\n<li><strong>Facile \u00e0 travailler :<\/strong> Permet de r\u00e9aliser des motifs artistiques avec pr\u00e9cision.<\/li>\n<\/ul>\n<p><strong>Use :<\/strong><\/p>\n<ul>\n<li>Appliquez une base de couleur sur vos ongles et polym\u00e9risez.<\/li>\n<li>Utilisez le Gel Marble Ink &#8220;Pearl&#8221; pour dessiner des motifs marbr\u00e9s \u00e0 l\u2019aide d\u2019un pinceau fin.<\/li>\n<li>Estompez pour cr\u00e9er un effet subtil et naturel.<\/li>\n<li>Polym\u00e9risez sous une lampe UV\/LED et terminez avec un top coat pour un r\u00e9sultat durable et brillant.<\/li>\n<\/ul>\n<p>Le Gel Marble Ink &#8220;Pearl&#8221; est parfait pour les amateurs et professionnels du nail art qui souhaitent r\u00e9aliser des manucures uniques et \u00e9l\u00e9gantes. Laissez libre cours \u00e0 votre cr\u00e9ativit\u00e9 avec ces magnifiques teintes nacr\u00e9es !<\/p>","protected":false},"excerpt":{"rendered":"<p>Apportez une touche \u00e9l\u00e9gante et raffin\u00e9e \u00e0 vos manucures avec le Gel Marble Ink &#8220;Pearl&#8221; de LPN Nails. Disponible en [&hellip;]<\/p>\n","protected":false},"featured_media":4287,"comment_status":"open","ping_status":"closed","template":"","meta":{"_uag_custom_page_level_css":"","site-sidebar-layout":"default","site-content-layout":"","ast-site-content-layout":"default","site-content-style":"default","site-sidebar-style":"default","ast-global-header-display":"","ast-banner-title-visibility":"","ast-main-header-display":"","ast-hfb-above-header-display":"","ast-hfb-below-header-display":"","ast-hfb-mobile-header-display":"","site-post-title":"","ast-breadcrumbs-content":"","ast-featured-img":"","footer-sml-layout":"","ast-disable-related-posts":"","theme-transparent-header-meta":"default","adv-header-id-meta":"","stick-header-meta":"","header-above-stick-meta":"","header-main-stick-meta":"","header-below-stick-meta":"","astra-migrate-meta-layouts":"set","ast-page-background-enabled":"default","ast-page-background-meta":{"desktop":{"background-color":"var(--ast-global-color-4)","background-image":"","background-repeat":"repeat","background-position":"center center","background-size":"auto","background-attachment":"scroll","background-type":"","background-media":"","overlay-type":"","overlay-color":"","overlay-opacity":"","overlay-gradient":""},"tablet":{"background-color":"","background-image":"","background-repeat":"repeat","background-position":"center center","background-size":"auto","background-attachment":"scroll","background-type":"","background-media":"","overlay-type":"","overlay-color":"","overlay-opacity":"","overlay-gradient":""},"mobile":{"background-color":"","background-image":"","background-repeat":"repeat","background-position":"center center","background-size":"auto","background-attachment":"scroll","background-type":"","background-media":"","overlay-type":"","overlay-color":"","overlay-opacity":"","overlay-gradient":""}},"ast-content-background-meta":{"desktop":{"background-color":"var(--ast-global-color-5)","background-image":"","background-repeat":"repeat","background-position":"center center","background-size":"auto","background-attachment":"scroll","background-type":"","background-media":"","overlay-type":"","overlay-color":"","overlay-opacity":"","overlay-gradient":""},"tablet":{"background-color":"var(--ast-global-color-5)","background-image":"","background-repeat":"repeat","background-position":"center center","background-size":"auto","background-attachment":"scroll","background-type":"","background-media":"","overlay-type":"","overlay-color":"","overlay-opacity":"","overlay-gradient":""},"mobile":{"background-color":"var(--ast-global-color-5)","background-image":"","background-repeat":"repeat","background-position":"center center","background-size":"auto","background-attachment":"scroll","background-type":"","background-media":"","overlay-type":"","overlay-color":"","overlay-opacity":"","overlay-gradient":""}}},"product_brand":[254],"product_cat":[223,199],"product_tag":[],"class_list":{"0":"post-4282","1":"product","2":"type-product","3":"status-publish","4":"has-post-thumbnail","6":"product_brand-lpnnails","7":"product_cat-gels-d-art","8":"product_cat-tous-les-produits","9":"pa_composition-urethane-alaliphatique-acryle-copolymere-acrylate-dimethicone-cire-microcristalline-ci-77499-ci-77891-ci-14700","10":"pa_couleur-gmip2","11":"pa_couleur-gmip4","12":"pa_couleur-gmip8","13":"pa_couleur-gmip9","14":"pa_recommandations-conserver-dans-un-endroit-frais-a-labri-de-la-lumiere-et-de-la-chaleur-tenir-hors-de-portee-des-enfants-faire-un-test-cutane-si-sensibilite-aux-uv","15":"desktop-align-left","16":"tablet-align-left","17":"mobile-align-left","19":"first","20":"instock","21":"purchasable","22":"product-type-variable","23":"wvs-archive-product-wrapper"},"yoast_head":"<!-- This site is optimized with the Yoast SEO plugin v27.3 - https:\/\/yoast.com\/product\/yoast-seo-wordpress\/ -->\n<title>Gel marble ink &quot;Pearl&quot; - LPN Nails<\/title>\n<meta name=\"description\" content=\"Apportez une touche \u00e9l\u00e9gante et raffin\u00e9e \u00e0 vos manucures avec le Gel Marble Ink &quot;Pearl&quot; de LPN Nails. Disponible en 4 coloris nacr\u00e9s diff\u00e9rents, il permet de cr\u00e9er des effets marbr\u00e9s doux et luxueux pour sublimer vos ongles.\" \/>\n<meta name=\"robots\" content=\"index, follow, max-snippet:-1, max-image-preview:large, max-video-preview:-1\" \/>\n<link rel=\"canonical\" href=\"https:\/\/www.lpnnails.fr\/en\/product\/gel-marble-ink-pearl\/\" \/>\n<meta property=\"og:locale\" content=\"en_US\" \/>\n<meta property=\"og:type\" content=\"article\" \/>\n<meta property=\"og:title\" content=\"Gel marble ink &quot;Pearl&quot; - LPN Nails\" \/>\n<meta property=\"og:description\" content=\"Apportez une touche \u00e9l\u00e9gante et raffin\u00e9e \u00e0 vos manucures avec le Gel Marble Ink &quot;Pearl&quot; de LPN Nails. Disponible en 4 coloris nacr\u00e9s diff\u00e9rents, il permet de cr\u00e9er des effets marbr\u00e9s doux et luxueux pour sublimer vos ongles.\" \/>\n<meta property=\"og:url\" content=\"https:\/\/www.lpnnails.fr\/en\/product\/gel-marble-ink-pearl\/\" \/>\n<meta property=\"og:site_name\" content=\"LPN Nails\" \/>\n<meta property=\"article:publisher\" content=\"https:\/\/www.facebook.com\/profile.php?id=61573655313488#\" \/>\n<meta property=\"article:modified_time\" content=\"2025-12-01T08:27:14+00:00\" \/>\n<meta property=\"og:image\" content=\"https:\/\/www.lpnnails.fr\/wp-content\/uploads\/2025\/04\/products-8907b2_d98c0fe930ba470f925980401a487b90~mv2.jpg\" \/>\n\t<meta property=\"og:image:width\" content=\"1024\" \/>\n\t<meta property=\"og:image:height\" content=\"1024\" \/>\n\t<meta property=\"og:image:type\" content=\"image\/jpeg\" \/>\n<meta name=\"twitter:card\" content=\"summary_large_image\" \/>\n<meta name=\"twitter:label1\" content=\"Est. reading time\" \/>\n\t<meta name=\"twitter:data1\" content=\"2 minutes\" \/>\n<script type=\"application\/ld+json\" class=\"yoast-schema-graph\">{\"@context\":\"https:\\\/\\\/schema.org\",\"@graph\":[{\"@type\":\"WebPage\",\"@id\":\"https:\\\/\\\/www.lpnnails.fr\\\/produit\\\/gel-marble-ink-pearl\\\/\",\"url\":\"https:\\\/\\\/www.lpnnails.fr\\\/produit\\\/gel-marble-ink-pearl\\\/\",\"name\":\"Gel marble ink \\\"Pearl\\\" - LPN Nails\",\"isPartOf\":{\"@id\":\"https:\\\/\\\/www.lpnnails.fr\\\/#website\"},\"primaryImageOfPage\":{\"@id\":\"https:\\\/\\\/www.lpnnails.fr\\\/produit\\\/gel-marble-ink-pearl\\\/#primaryimage\"},\"image\":{\"@id\":\"https:\\\/\\\/www.lpnnails.fr\\\/produit\\\/gel-marble-ink-pearl\\\/#primaryimage\"},\"thumbnailUrl\":\"https:\\\/\\\/www.lpnnails.fr\\\/wp-content\\\/uploads\\\/2025\\\/04\\\/products-8907b2_d98c0fe930ba470f925980401a487b90~mv2.jpg\",\"datePublished\":\"2024-10-19T22:20:47+00:00\",\"dateModified\":\"2025-12-01T08:27:14+00:00\",\"description\":\"Apportez une touche \u00e9l\u00e9gante et raffin\u00e9e \u00e0 vos manucures avec le Gel Marble Ink \\\"Pearl\\\" de LPN Nails. Disponible en 4 coloris nacr\u00e9s diff\u00e9rents, il permet de cr\u00e9er des effets marbr\u00e9s doux et luxueux pour sublimer vos ongles.\",\"breadcrumb\":{\"@id\":\"https:\\\/\\\/www.lpnnails.fr\\\/produit\\\/gel-marble-ink-pearl\\\/#breadcrumb\"},\"inLanguage\":\"en-US\",\"potentialAction\":[{\"@type\":\"ReadAction\",\"target\":[\"https:\\\/\\\/www.lpnnails.fr\\\/produit\\\/gel-marble-ink-pearl\\\/\"]}]},{\"@type\":\"ImageObject\",\"inLanguage\":\"en-US\",\"@id\":\"https:\\\/\\\/www.lpnnails.fr\\\/produit\\\/gel-marble-ink-pearl\\\/#primaryimage\",\"url\":\"https:\\\/\\\/www.lpnnails.fr\\\/wp-content\\\/uploads\\\/2025\\\/04\\\/products-8907b2_d98c0fe930ba470f925980401a487b90~mv2.jpg\",\"contentUrl\":\"https:\\\/\\\/www.lpnnails.fr\\\/wp-content\\\/uploads\\\/2025\\\/04\\\/products-8907b2_d98c0fe930ba470f925980401a487b90~mv2.jpg\",\"width\":1024,\"height\":1024,\"caption\":\"GEL MARBLE INK PEARL 2\"},{\"@type\":\"BreadcrumbList\",\"@id\":\"https:\\\/\\\/www.lpnnails.fr\\\/produit\\\/gel-marble-ink-pearl\\\/#breadcrumb\",\"itemListElement\":[{\"@type\":\"ListItem\",\"position\":1,\"name\":\"Accueil\",\"item\":\"https:\\\/\\\/www.lpnnails.fr\\\/\"},{\"@type\":\"ListItem\",\"position\":2,\"name\":\"Boutique\",\"item\":\"https:\\\/\\\/www.lpnnails.fr\\\/boutique\\\/\"},{\"@type\":\"ListItem\",\"position\":3,\"name\":\"Gel marble ink &#8220;Pearl&#8221;\"}]},{\"@type\":\"WebSite\",\"@id\":\"https:\\\/\\\/www.lpnnails.fr\\\/#website\",\"url\":\"https:\\\/\\\/www.lpnnails.fr\\\/\",\"name\":\"LPN Nails\",\"description\":\"\",\"publisher\":{\"@id\":\"https:\\\/\\\/www.lpnnails.fr\\\/#organization\"},\"potentialAction\":[{\"@type\":\"SearchAction\",\"target\":{\"@type\":\"EntryPoint\",\"urlTemplate\":\"https:\\\/\\\/www.lpnnails.fr\\\/?s={search_term_string}\"},\"query-input\":{\"@type\":\"PropertyValueSpecification\",\"valueRequired\":true,\"valueName\":\"search_term_string\"}}],\"inLanguage\":\"en-US\"},{\"@type\":\"Organization\",\"@id\":\"https:\\\/\\\/www.lpnnails.fr\\\/#organization\",\"name\":\"LPN Nails\",\"url\":\"https:\\\/\\\/www.lpnnails.fr\\\/\",\"logo\":{\"@type\":\"ImageObject\",\"inLanguage\":\"en-US\",\"@id\":\"https:\\\/\\\/www.lpnnails.fr\\\/#\\\/schema\\\/logo\\\/image\\\/\",\"url\":\"https:\\\/\\\/www.lpnnails.fr\\\/wp-content\\\/uploads\\\/2025\\\/11\\\/Design-sans-titre-2.png\",\"contentUrl\":\"https:\\\/\\\/www.lpnnails.fr\\\/wp-content\\\/uploads\\\/2025\\\/11\\\/Design-sans-titre-2.png\",\"width\":512,\"height\":512,\"caption\":\"LPN Nails\"},\"image\":{\"@id\":\"https:\\\/\\\/www.lpnnails.fr\\\/#\\\/schema\\\/logo\\\/image\\\/\"},\"sameAs\":[\"https:\\\/\\\/www.facebook.com\\\/profile.php?id=61573655313488#\",\"https:\\\/\\\/www.instagram.com\\\/lpnnails\\\/\",\"https:\\\/\\\/www.linkedin.com\\\/company\\\/lpnnails\\\/\",\"https:\\\/\\\/www.youtube.com\\\/@LPNNails\\\/\"]}]}<\/script>\n<!-- \/ Yoast SEO plugin. -->","yoast_head_json":{"title":"Gel marble ink \"Pearl\" - LPN Nails","description":"Apportez une touche \u00e9l\u00e9gante et raffin\u00e9e \u00e0 vos manucures avec le Gel Marble Ink \"Pearl\" de LPN Nails. Disponible en 4 coloris nacr\u00e9s diff\u00e9rents, il permet de cr\u00e9er des effets marbr\u00e9s doux et luxueux pour sublimer vos ongles.","robots":{"index":"index","follow":"follow","max-snippet":"max-snippet:-1","max-image-preview":"max-image-preview:large","max-video-preview":"max-video-preview:-1"},"canonical":"https:\/\/www.lpnnails.fr\/en\/product\/gel-marble-ink-pearl\/","og_locale":"en_US","og_type":"article","og_title":"Gel marble ink \"Pearl\" - LPN Nails","og_description":"Apportez une touche \u00e9l\u00e9gante et raffin\u00e9e \u00e0 vos manucures avec le Gel Marble Ink \"Pearl\" de LPN Nails. Disponible en 4 coloris nacr\u00e9s diff\u00e9rents, il permet de cr\u00e9er des effets marbr\u00e9s doux et luxueux pour sublimer vos ongles.","og_url":"https:\/\/www.lpnnails.fr\/en\/product\/gel-marble-ink-pearl\/","og_site_name":"LPN Nails","article_publisher":"https:\/\/www.facebook.com\/profile.php?id=61573655313488#","article_modified_time":"2025-12-01T08:27:14+00:00","og_image":[{"width":1024,"height":1024,"url":"https:\/\/www.lpnnails.fr\/wp-content\/uploads\/2025\/04\/products-8907b2_d98c0fe930ba470f925980401a487b90~mv2.jpg","type":"image\/jpeg"}],"twitter_card":"summary_large_image","twitter_misc":{"Est. reading time":"2 minutes"},"schema":{"@context":"https:\/\/schema.org","@graph":[{"@type":"WebPage","@id":"https:\/\/www.lpnnails.fr\/produit\/gel-marble-ink-pearl\/","url":"https:\/\/www.lpnnails.fr\/produit\/gel-marble-ink-pearl\/","name":"Gel marble ink \"Pearl\" - LPN Nails","isPartOf":{"@id":"https:\/\/www.lpnnails.fr\/#website"},"primaryImageOfPage":{"@id":"https:\/\/www.lpnnails.fr\/produit\/gel-marble-ink-pearl\/#primaryimage"},"image":{"@id":"https:\/\/www.lpnnails.fr\/produit\/gel-marble-ink-pearl\/#primaryimage"},"thumbnailUrl":"https:\/\/www.lpnnails.fr\/wp-content\/uploads\/2025\/04\/products-8907b2_d98c0fe930ba470f925980401a487b90~mv2.jpg","datePublished":"2024-10-19T22:20:47+00:00","dateModified":"2025-12-01T08:27:14+00:00","description":"Apportez une touche \u00e9l\u00e9gante et raffin\u00e9e \u00e0 vos manucures avec le Gel Marble Ink \"Pearl\" de LPN Nails. Disponible en 4 coloris nacr\u00e9s diff\u00e9rents, il permet de cr\u00e9er des effets marbr\u00e9s doux et luxueux pour sublimer vos ongles.","breadcrumb":{"@id":"https:\/\/www.lpnnails.fr\/produit\/gel-marble-ink-pearl\/#breadcrumb"},"inLanguage":"en-US","potentialAction":[{"@type":"ReadAction","target":["https:\/\/www.lpnnails.fr\/produit\/gel-marble-ink-pearl\/"]}]},{"@type":"ImageObject","inLanguage":"en-US","@id":"https:\/\/www.lpnnails.fr\/produit\/gel-marble-ink-pearl\/#primaryimage","url":"https:\/\/www.lpnnails.fr\/wp-content\/uploads\/2025\/04\/products-8907b2_d98c0fe930ba470f925980401a487b90~mv2.jpg","contentUrl":"https:\/\/www.lpnnails.fr\/wp-content\/uploads\/2025\/04\/products-8907b2_d98c0fe930ba470f925980401a487b90~mv2.jpg","width":1024,"height":1024,"caption":"GEL MARBLE INK PEARL 2"},{"@type":"BreadcrumbList","@id":"https:\/\/www.lpnnails.fr\/produit\/gel-marble-ink-pearl\/#breadcrumb","itemListElement":[{"@type":"ListItem","position":1,"name":"Accueil","item":"https:\/\/www.lpnnails.fr\/"},{"@type":"ListItem","position":2,"name":"Boutique","item":"https:\/\/www.lpnnails.fr\/boutique\/"},{"@type":"ListItem","position":3,"name":"Gel marble ink &#8220;Pearl&#8221;"}]},{"@type":"WebSite","@id":"https:\/\/www.lpnnails.fr\/#website","url":"https:\/\/www.lpnnails.fr\/","name":"LPN Nails","description":"","publisher":{"@id":"https:\/\/www.lpnnails.fr\/#organization"},"potentialAction":[{"@type":"SearchAction","target":{"@type":"EntryPoint","urlTemplate":"https:\/\/www.lpnnails.fr\/?s={search_term_string}"},"query-input":{"@type":"PropertyValueSpecification","valueRequired":true,"valueName":"search_term_string"}}],"inLanguage":"en-US"},{"@type":"Organization","@id":"https:\/\/www.lpnnails.fr\/#organization","name":"LPN Nails","url":"https:\/\/www.lpnnails.fr\/","logo":{"@type":"ImageObject","inLanguage":"en-US","@id":"https:\/\/www.lpnnails.fr\/#\/schema\/logo\/image\/","url":"https:\/\/www.lpnnails.fr\/wp-content\/uploads\/2025\/11\/Design-sans-titre-2.png","contentUrl":"https:\/\/www.lpnnails.fr\/wp-content\/uploads\/2025\/11\/Design-sans-titre-2.png","width":512,"height":512,"caption":"LPN Nails"},"image":{"@id":"https:\/\/www.lpnnails.fr\/#\/schema\/logo\/image\/"},"sameAs":["https:\/\/www.facebook.com\/profile.php?id=61573655313488#","https:\/\/www.instagram.com\/lpnnails\/","https:\/\/www.linkedin.com\/company\/lpnnails\/","https:\/\/www.youtube.com\/@LPNNails\/"]}]}},"uagb_featured_image_src":{"full":["https:\/\/www.lpnnails.fr\/wp-content\/uploads\/2025\/04\/products-8907b2_d98c0fe930ba470f925980401a487b90~mv2.jpg",1024,1024,false],"thumbnail":["https:\/\/www.lpnnails.fr\/wp-content\/uploads\/2025\/04\/products-8907b2_d98c0fe930ba470f925980401a487b90~mv2.jpg",150,150,true],"medium":["https:\/\/www.lpnnails.fr\/wp-content\/uploads\/2025\/04\/products-8907b2_d98c0fe930ba470f925980401a487b90~mv2.jpg",300,214,true],"medium_large":["https:\/\/www.lpnnails.fr\/wp-content\/uploads\/2025\/04\/products-8907b2_d98c0fe930ba470f925980401a487b90~mv2.jpg",768,768,false],"large":["https:\/\/www.lpnnails.fr\/wp-content\/uploads\/2025\/04\/products-8907b2_d98c0fe930ba470f925980401a487b90~mv2.jpg",1024,1024,false],"1536x1536":["https:\/\/www.lpnnails.fr\/wp-content\/uploads\/2025\/04\/products-8907b2_d98c0fe930ba470f925980401a487b90~mv2.jpg",1024,1024,false],"2048x2048":["https:\/\/www.lpnnails.fr\/wp-content\/uploads\/2025\/04\/products-8907b2_d98c0fe930ba470f925980401a487b90~mv2.jpg",1024,1024,false],"trp-custom-language-flag":["https:\/\/www.lpnnails.fr\/wp-content\/uploads\/2025\/04\/products-8907b2_d98c0fe930ba470f925980401a487b90~mv2.jpg",12,12,false],"mailpoet_newsletter_max":["https:\/\/www.lpnnails.fr\/wp-content\/uploads\/2025\/04\/products-8907b2_d98c0fe930ba470f925980401a487b90~mv2.jpg",1024,1024,false],"woocommerce_thumbnail":["https:\/\/www.lpnnails.fr\/wp-content\/uploads\/2025\/04\/products-8907b2_d98c0fe930ba470f925980401a487b90~mv2.jpg",300,300,false],"woocommerce_single":["https:\/\/www.lpnnails.fr\/wp-content\/uploads\/2025\/04\/products-8907b2_d98c0fe930ba470f925980401a487b90~mv2.jpg",600,600,false],"woocommerce_gallery_thumbnail":["https:\/\/www.lpnnails.fr\/wp-content\/uploads\/2025\/04\/products-8907b2_d98c0fe930ba470f925980401a487b90~mv2.jpg",100,100,false],"variation_swatches_image_size":["https:\/\/www.lpnnails.fr\/wp-content\/uploads\/2025\/04\/products-8907b2_d98c0fe930ba470f925980401a487b90~mv2.jpg",50,50,false],"variation_swatches_tooltip_size":["https:\/\/www.lpnnails.fr\/wp-content\/uploads\/2025\/04\/products-8907b2_d98c0fe930ba470f925980401a487b90~mv2.jpg",100,100,false]},"uagb_author_info":{"display_name":"LPN Nails","author_link":"https:\/\/www.lpnnails.fr\/en\/author\/"},"uagb_comment_info":0,"uagb_excerpt":"Apportez une touche \u00e9l\u00e9gante et raffin\u00e9e \u00e0 vos manucures avec le Gel Marble Ink &#8220;Pearl&#8221; de LPN Nails. Disponible en [&hellip;]","_links":{"self":[{"href":"https:\/\/www.lpnnails.fr\/en\/wp-json\/wp\/v2\/product\/4282","targetHints":{"allow":["GET"]}}],"collection":[{"href":"https:\/\/www.lpnnails.fr\/en\/wp-json\/wp\/v2\/product"}],"about":[{"href":"https:\/\/www.lpnnails.fr\/en\/wp-json\/wp\/v2\/types\/product"}],"replies":[{"embeddable":true,"href":"https:\/\/www.lpnnails.fr\/en\/wp-json\/wp\/v2\/comments?post=4282"}],"wp:featuredmedia":[{"embeddable":true,"href":"https:\/\/www.lpnnails.fr\/en\/wp-json\/wp\/v2\/media\/4287"}],"wp:attachment":[{"href":"https:\/\/www.lpnnails.fr\/en\/wp-json\/wp\/v2\/media?parent=4282"}],"wp:term":[{"taxonomy":"product_brand","embeddable":true,"href":"https:\/\/www.lpnnails.fr\/en\/wp-json\/wp\/v2\/product_brand?post=4282"},{"taxonomy":"product_cat","embeddable":true,"href":"https:\/\/www.lpnnails.fr\/en\/wp-json\/wp\/v2\/product_cat?post=4282"},{"taxonomy":"product_tag","embeddable":true,"href":"https:\/\/www.lpnnails.fr\/en\/wp-json\/wp\/v2\/product_tag?post=4282"}],"curies":[{"name":"wp","href":"https:\/\/api.w.org\/{rel}","templated":true}]}}