{"id":4219,"date":"2024-10-19T23:15:07","date_gmt":"2024-10-19T21:15:07","guid":{"rendered":"https:\/\/www.lpnnails.fr\/?post_type=product&#038;p=4219"},"modified":"2026-02-07T10:57:41","modified_gmt":"2026-02-07T09:57:41","slug":"gel-polish-snow","status":"publish","type":"product","link":"https:\/\/www.lpnnails.fr\/en\/product\/gel-polish-snow\/","title":{"rendered":"\u201cSnow\u201d gel polish\u201d"},"content":{"rendered":"<p>Sublimez vos manucures avec le <strong>Gel Polish &#8220;Snow&#8221;<\/strong> from<strong> LPN Nails<\/strong>. Ce gel unique offre un effet flocons d\u00e9licat et givr\u00e9, disponible en <strong>6\u00a0coloris \u00e9l\u00e9gants<\/strong> pour des cr\u00e9ations hivernales ou originales.<\/p>\n<p><strong>Features :<\/strong><\/p>\n<ul>\n<li><strong>Effet &#8220;Snow&#8221;<\/strong> : Donne une texture subtile avec un aspect floconneux et raffin\u00e9.<\/li>\n<li><strong>6 teintes au choix<\/strong> : Une gamme de couleurs douces et vibrantes pour toutes les occasions.<\/li>\n<li><strong>Contenance :<\/strong> 15 ml, id\u00e9al pour un usage r\u00e9gulier ou professionnel.<\/li>\n<li><strong>Application fluide et homog\u00e8ne<\/strong> : Assure un rendu uniforme et longue tenue.<\/li>\n<\/ul>\n<p><strong>Use :<\/strong><\/p>\n<ul>\n<li>Prepare your nails with a suitable base coat and then cure.<\/li>\n<li>Appliquez une premi\u00e8re couche de <strong>Gel Polish &#8220;Snow&#8221;<\/strong> et polym\u00e9risez sous lampe UV\/LED.<\/li>\n<li>R\u00e9p\u00e9tez l&#8217;application pour intensifier l&#8217;effet, si n\u00e9cessaire.<\/li>\n<li>Fixez avec un top coat pour une finition brillante et durable.<\/li>\n<\/ul>\n<p>The <strong>Gel Polish &#8220;Snow&#8221;<\/strong> est parfait pour les amateurs de nail art qui souhaitent ajouter une touche unique et \u00e9l\u00e9gante \u00e0 leurs manucures. Offrez \u00e0 vos ongles un look givr\u00e9 et tendance\u202f!<\/p>","protected":false},"excerpt":{"rendered":"<p>Sublimez vos manucures avec le Gel Polish &#8220;Snow&#8221; de chez LPN Nails. Ce gel unique offre un effet flocons d\u00e9licat [&hellip;]<\/p>\n","protected":false},"featured_media":4226,"comment_status":"open","ping_status":"closed","template":"","meta":{"_uag_custom_page_level_css":"","site-sidebar-layout":"default","site-content-layout":"","ast-site-content-layout":"default","site-content-style":"default","site-sidebar-style":"default","ast-global-header-display":"","ast-banner-title-visibility":"","ast-main-header-display":"","ast-hfb-above-header-display":"","ast-hfb-below-header-display":"","ast-hfb-mobile-header-display":"","site-post-title":"","ast-breadcrumbs-content":"","ast-featured-img":"","footer-sml-layout":"","ast-disable-related-posts":"","theme-transparent-header-meta":"default","adv-header-id-meta":"","stick-header-meta":"","header-above-stick-meta":"","header-main-stick-meta":"","header-below-stick-meta":"","astra-migrate-meta-layouts":"set","ast-page-background-enabled":"default","ast-page-background-meta":{"desktop":{"background-color":"var(--ast-global-color-4)","background-image":"","background-repeat":"repeat","background-position":"center center","background-size":"auto","background-attachment":"scroll","background-type":"","background-media":"","overlay-type":"","overlay-color":"","overlay-opacity":"","overlay-gradient":""},"tablet":{"background-color":"","background-image":"","background-repeat":"repeat","background-position":"center center","background-size":"auto","background-attachment":"scroll","background-type":"","background-media":"","overlay-type":"","overlay-color":"","overlay-opacity":"","overlay-gradient":""},"mobile":{"background-color":"","background-image":"","background-repeat":"repeat","background-position":"center center","background-size":"auto","background-attachment":"scroll","background-type":"","background-media":"","overlay-type":"","overlay-color":"","overlay-opacity":"","overlay-gradient":""}},"ast-content-background-meta":{"desktop":{"background-color":"var(--ast-global-color-5)","background-image":"","background-repeat":"repeat","background-position":"center center","background-size":"auto","background-attachment":"scroll","background-type":"","background-media":"","overlay-type":"","overlay-color":"","overlay-opacity":"","overlay-gradient":""},"tablet":{"background-color":"var(--ast-global-color-5)","background-image":"","background-repeat":"repeat","background-position":"center center","background-size":"auto","background-attachment":"scroll","background-type":"","background-media":"","overlay-type":"","overlay-color":"","overlay-opacity":"","overlay-gradient":""},"mobile":{"background-color":"var(--ast-global-color-5)","background-image":"","background-repeat":"repeat","background-position":"center center","background-size":"auto","background-attachment":"scroll","background-type":"","background-media":"","overlay-type":"","overlay-color":"","overlay-opacity":"","overlay-gradient":""}}},"product_brand":[254],"product_cat":[223,199],"product_tag":[],"class_list":{"0":"post-4219","1":"product","2":"type-product","3":"status-publish","4":"has-post-thumbnail","6":"product_brand-lpnnails","7":"product_cat-gels-d-art","8":"product_cat-tous-les-produits","9":"pa_composition-acrylic-copolymer-acrylic-hydroxyester-acrylic-copolymer-diethyaminoethyl-metacrylate-perfluorohexylethyl-methacrylate-crosspolymer-2","10":"pa_couleur-gps1","11":"pa_couleur-gps2","12":"pa_couleur-gps3","13":"pa_couleur-gps4","14":"pa_couleur-gps7","15":"pa_couleur-gps8","16":"pa_recommandations-conserver-dans-un-endroit-frais-a-labri-de-la-lumiere-et-de-la-chaleur-tenir-hors-de-portee-des-enfants-faire-un-test-cutane-si-sensibilite-aux-uv","17":"desktop-align-left","18":"tablet-align-left","19":"mobile-align-left","21":"first","22":"instock","23":"purchasable","24":"product-type-variable","25":"wvs-archive-product-wrapper"},"yoast_head":"<!-- This site is optimized with the Yoast SEO plugin v27.3 - https:\/\/yoast.com\/product\/yoast-seo-wordpress\/ -->\n<title>Gel polish &quot;Snow&quot; - LPN Nails<\/title>\n<meta name=\"description\" content=\"Sublimez vos manucures avec le Gel Polish &quot;Snow&quot; de chez LPN Nails. Ce gel unique offre un effet flocons d\u00e9licat et givr\u00e9, disponible en 6 coloris \u00e9l\u00e9gants pour des cr\u00e9ations hivernales ou originales.\" \/>\n<meta name=\"robots\" content=\"index, follow, max-snippet:-1, max-image-preview:large, max-video-preview:-1\" \/>\n<link rel=\"canonical\" href=\"https:\/\/www.lpnnails.fr\/en\/product\/gel-polish-snow\/\" \/>\n<meta property=\"og:locale\" content=\"en_US\" \/>\n<meta property=\"og:type\" content=\"article\" \/>\n<meta property=\"og:title\" content=\"Gel polish &quot;Snow&quot; - LPN Nails\" \/>\n<meta property=\"og:description\" content=\"Sublimez vos manucures avec le Gel Polish &quot;Snow&quot; de chez LPN Nails. Ce gel unique offre un effet flocons d\u00e9licat et givr\u00e9, disponible en 6 coloris \u00e9l\u00e9gants pour des cr\u00e9ations hivernales ou originales.\" \/>\n<meta property=\"og:url\" content=\"https:\/\/www.lpnnails.fr\/en\/product\/gel-polish-snow\/\" \/>\n<meta property=\"og:site_name\" content=\"LPN Nails\" \/>\n<meta property=\"article:publisher\" content=\"https:\/\/www.facebook.com\/profile.php?id=61573655313488#\" \/>\n<meta property=\"article:modified_time\" content=\"2026-02-07T09:57:41+00:00\" \/>\n<meta property=\"og:image\" content=\"https:\/\/www.lpnnails.fr\/wp-content\/uploads\/2025\/04\/products-8907b2_3fa32489865e481e9c1188b4400c2754~mv2.jpg\" \/>\n\t<meta property=\"og:image:width\" content=\"1024\" \/>\n\t<meta property=\"og:image:height\" content=\"1024\" \/>\n\t<meta property=\"og:image:type\" content=\"image\/jpeg\" \/>\n<meta name=\"twitter:card\" content=\"summary_large_image\" \/>\n<meta name=\"twitter:label1\" content=\"Est. reading time\" \/>\n\t<meta name=\"twitter:data1\" content=\"1 minute\" \/>\n<script type=\"application\/ld+json\" class=\"yoast-schema-graph\">{\"@context\":\"https:\\\/\\\/schema.org\",\"@graph\":[{\"@type\":\"WebPage\",\"@id\":\"https:\\\/\\\/www.lpnnails.fr\\\/produit\\\/gel-polish-snow\\\/\",\"url\":\"https:\\\/\\\/www.lpnnails.fr\\\/produit\\\/gel-polish-snow\\\/\",\"name\":\"Gel polish \\\"Snow\\\" - LPN Nails\",\"isPartOf\":{\"@id\":\"https:\\\/\\\/www.lpnnails.fr\\\/#website\"},\"primaryImageOfPage\":{\"@id\":\"https:\\\/\\\/www.lpnnails.fr\\\/produit\\\/gel-polish-snow\\\/#primaryimage\"},\"image\":{\"@id\":\"https:\\\/\\\/www.lpnnails.fr\\\/produit\\\/gel-polish-snow\\\/#primaryimage\"},\"thumbnailUrl\":\"https:\\\/\\\/www.lpnnails.fr\\\/wp-content\\\/uploads\\\/2025\\\/04\\\/products-8907b2_3fa32489865e481e9c1188b4400c2754~mv2.jpg\",\"datePublished\":\"2024-10-19T21:15:07+00:00\",\"dateModified\":\"2026-02-07T09:57:41+00:00\",\"description\":\"Sublimez vos manucures avec le Gel Polish \\\"Snow\\\" de chez LPN Nails. Ce gel unique offre un effet flocons d\u00e9licat et givr\u00e9, disponible en 6 coloris \u00e9l\u00e9gants pour des cr\u00e9ations hivernales ou originales.\",\"breadcrumb\":{\"@id\":\"https:\\\/\\\/www.lpnnails.fr\\\/produit\\\/gel-polish-snow\\\/#breadcrumb\"},\"inLanguage\":\"en-US\",\"potentialAction\":[{\"@type\":\"ReadAction\",\"target\":[\"https:\\\/\\\/www.lpnnails.fr\\\/produit\\\/gel-polish-snow\\\/\"]}]},{\"@type\":\"ImageObject\",\"inLanguage\":\"en-US\",\"@id\":\"https:\\\/\\\/www.lpnnails.fr\\\/produit\\\/gel-polish-snow\\\/#primaryimage\",\"url\":\"https:\\\/\\\/www.lpnnails.fr\\\/wp-content\\\/uploads\\\/2025\\\/04\\\/products-8907b2_3fa32489865e481e9c1188b4400c2754~mv2.jpg\",\"contentUrl\":\"https:\\\/\\\/www.lpnnails.fr\\\/wp-content\\\/uploads\\\/2025\\\/04\\\/products-8907b2_3fa32489865e481e9c1188b4400c2754~mv2.jpg\",\"width\":1024,\"height\":1024,\"caption\":\"GEL POLISH SNOW 1\"},{\"@type\":\"BreadcrumbList\",\"@id\":\"https:\\\/\\\/www.lpnnails.fr\\\/produit\\\/gel-polish-snow\\\/#breadcrumb\",\"itemListElement\":[{\"@type\":\"ListItem\",\"position\":1,\"name\":\"Accueil\",\"item\":\"https:\\\/\\\/www.lpnnails.fr\\\/\"},{\"@type\":\"ListItem\",\"position\":2,\"name\":\"Boutique\",\"item\":\"https:\\\/\\\/www.lpnnails.fr\\\/boutique\\\/\"},{\"@type\":\"ListItem\",\"position\":3,\"name\":\"Gel polish &#8220;Snow&#8221;\"}]},{\"@type\":\"WebSite\",\"@id\":\"https:\\\/\\\/www.lpnnails.fr\\\/#website\",\"url\":\"https:\\\/\\\/www.lpnnails.fr\\\/\",\"name\":\"LPN Nails\",\"description\":\"\",\"publisher\":{\"@id\":\"https:\\\/\\\/www.lpnnails.fr\\\/#organization\"},\"potentialAction\":[{\"@type\":\"SearchAction\",\"target\":{\"@type\":\"EntryPoint\",\"urlTemplate\":\"https:\\\/\\\/www.lpnnails.fr\\\/?s={search_term_string}\"},\"query-input\":{\"@type\":\"PropertyValueSpecification\",\"valueRequired\":true,\"valueName\":\"search_term_string\"}}],\"inLanguage\":\"en-US\"},{\"@type\":\"Organization\",\"@id\":\"https:\\\/\\\/www.lpnnails.fr\\\/#organization\",\"name\":\"LPN Nails\",\"url\":\"https:\\\/\\\/www.lpnnails.fr\\\/\",\"logo\":{\"@type\":\"ImageObject\",\"inLanguage\":\"en-US\",\"@id\":\"https:\\\/\\\/www.lpnnails.fr\\\/#\\\/schema\\\/logo\\\/image\\\/\",\"url\":\"https:\\\/\\\/www.lpnnails.fr\\\/wp-content\\\/uploads\\\/2025\\\/11\\\/Design-sans-titre-2.png\",\"contentUrl\":\"https:\\\/\\\/www.lpnnails.fr\\\/wp-content\\\/uploads\\\/2025\\\/11\\\/Design-sans-titre-2.png\",\"width\":512,\"height\":512,\"caption\":\"LPN Nails\"},\"image\":{\"@id\":\"https:\\\/\\\/www.lpnnails.fr\\\/#\\\/schema\\\/logo\\\/image\\\/\"},\"sameAs\":[\"https:\\\/\\\/www.facebook.com\\\/profile.php?id=61573655313488#\",\"https:\\\/\\\/www.instagram.com\\\/lpnnails\\\/\",\"https:\\\/\\\/www.linkedin.com\\\/company\\\/lpnnails\\\/\",\"https:\\\/\\\/www.youtube.com\\\/@LPNNails\\\/\"]}]}<\/script>\n<!-- \/ Yoast SEO plugin. -->","yoast_head_json":{"title":"Gel polish \"Snow\" - LPN Nails","description":"Sublimez vos manucures avec le Gel Polish \"Snow\" de chez LPN Nails. Ce gel unique offre un effet flocons d\u00e9licat et givr\u00e9, disponible en 6 coloris \u00e9l\u00e9gants pour des cr\u00e9ations hivernales ou originales.","robots":{"index":"index","follow":"follow","max-snippet":"max-snippet:-1","max-image-preview":"max-image-preview:large","max-video-preview":"max-video-preview:-1"},"canonical":"https:\/\/www.lpnnails.fr\/en\/product\/gel-polish-snow\/","og_locale":"en_US","og_type":"article","og_title":"Gel polish \"Snow\" - LPN Nails","og_description":"Sublimez vos manucures avec le Gel Polish \"Snow\" de chez LPN Nails. Ce gel unique offre un effet flocons d\u00e9licat et givr\u00e9, disponible en 6 coloris \u00e9l\u00e9gants pour des cr\u00e9ations hivernales ou originales.","og_url":"https:\/\/www.lpnnails.fr\/en\/product\/gel-polish-snow\/","og_site_name":"LPN Nails","article_publisher":"https:\/\/www.facebook.com\/profile.php?id=61573655313488#","article_modified_time":"2026-02-07T09:57:41+00:00","og_image":[{"width":1024,"height":1024,"url":"https:\/\/www.lpnnails.fr\/wp-content\/uploads\/2025\/04\/products-8907b2_3fa32489865e481e9c1188b4400c2754~mv2.jpg","type":"image\/jpeg"}],"twitter_card":"summary_large_image","twitter_misc":{"Est. reading time":"1 minute"},"schema":{"@context":"https:\/\/schema.org","@graph":[{"@type":"WebPage","@id":"https:\/\/www.lpnnails.fr\/produit\/gel-polish-snow\/","url":"https:\/\/www.lpnnails.fr\/produit\/gel-polish-snow\/","name":"Gel polish \"Snow\" - LPN Nails","isPartOf":{"@id":"https:\/\/www.lpnnails.fr\/#website"},"primaryImageOfPage":{"@id":"https:\/\/www.lpnnails.fr\/produit\/gel-polish-snow\/#primaryimage"},"image":{"@id":"https:\/\/www.lpnnails.fr\/produit\/gel-polish-snow\/#primaryimage"},"thumbnailUrl":"https:\/\/www.lpnnails.fr\/wp-content\/uploads\/2025\/04\/products-8907b2_3fa32489865e481e9c1188b4400c2754~mv2.jpg","datePublished":"2024-10-19T21:15:07+00:00","dateModified":"2026-02-07T09:57:41+00:00","description":"Sublimez vos manucures avec le Gel Polish \"Snow\" de chez LPN Nails. Ce gel unique offre un effet flocons d\u00e9licat et givr\u00e9, disponible en 6 coloris \u00e9l\u00e9gants pour des cr\u00e9ations hivernales ou originales.","breadcrumb":{"@id":"https:\/\/www.lpnnails.fr\/produit\/gel-polish-snow\/#breadcrumb"},"inLanguage":"en-US","potentialAction":[{"@type":"ReadAction","target":["https:\/\/www.lpnnails.fr\/produit\/gel-polish-snow\/"]}]},{"@type":"ImageObject","inLanguage":"en-US","@id":"https:\/\/www.lpnnails.fr\/produit\/gel-polish-snow\/#primaryimage","url":"https:\/\/www.lpnnails.fr\/wp-content\/uploads\/2025\/04\/products-8907b2_3fa32489865e481e9c1188b4400c2754~mv2.jpg","contentUrl":"https:\/\/www.lpnnails.fr\/wp-content\/uploads\/2025\/04\/products-8907b2_3fa32489865e481e9c1188b4400c2754~mv2.jpg","width":1024,"height":1024,"caption":"GEL POLISH SNOW 1"},{"@type":"BreadcrumbList","@id":"https:\/\/www.lpnnails.fr\/produit\/gel-polish-snow\/#breadcrumb","itemListElement":[{"@type":"ListItem","position":1,"name":"Accueil","item":"https:\/\/www.lpnnails.fr\/"},{"@type":"ListItem","position":2,"name":"Boutique","item":"https:\/\/www.lpnnails.fr\/boutique\/"},{"@type":"ListItem","position":3,"name":"Gel polish &#8220;Snow&#8221;"}]},{"@type":"WebSite","@id":"https:\/\/www.lpnnails.fr\/#website","url":"https:\/\/www.lpnnails.fr\/","name":"LPN Nails","description":"","publisher":{"@id":"https:\/\/www.lpnnails.fr\/#organization"},"potentialAction":[{"@type":"SearchAction","target":{"@type":"EntryPoint","urlTemplate":"https:\/\/www.lpnnails.fr\/?s={search_term_string}"},"query-input":{"@type":"PropertyValueSpecification","valueRequired":true,"valueName":"search_term_string"}}],"inLanguage":"en-US"},{"@type":"Organization","@id":"https:\/\/www.lpnnails.fr\/#organization","name":"LPN Nails","url":"https:\/\/www.lpnnails.fr\/","logo":{"@type":"ImageObject","inLanguage":"en-US","@id":"https:\/\/www.lpnnails.fr\/#\/schema\/logo\/image\/","url":"https:\/\/www.lpnnails.fr\/wp-content\/uploads\/2025\/11\/Design-sans-titre-2.png","contentUrl":"https:\/\/www.lpnnails.fr\/wp-content\/uploads\/2025\/11\/Design-sans-titre-2.png","width":512,"height":512,"caption":"LPN Nails"},"image":{"@id":"https:\/\/www.lpnnails.fr\/#\/schema\/logo\/image\/"},"sameAs":["https:\/\/www.facebook.com\/profile.php?id=61573655313488#","https:\/\/www.instagram.com\/lpnnails\/","https:\/\/www.linkedin.com\/company\/lpnnails\/","https:\/\/www.youtube.com\/@LPNNails\/"]}]}},"uagb_featured_image_src":{"full":["https:\/\/www.lpnnails.fr\/wp-content\/uploads\/2025\/04\/products-8907b2_3fa32489865e481e9c1188b4400c2754~mv2.jpg",1024,1024,false],"thumbnail":["https:\/\/www.lpnnails.fr\/wp-content\/uploads\/2025\/04\/products-8907b2_3fa32489865e481e9c1188b4400c2754~mv2.jpg",150,150,true],"medium":["https:\/\/www.lpnnails.fr\/wp-content\/uploads\/2025\/04\/products-8907b2_3fa32489865e481e9c1188b4400c2754~mv2.jpg",300,214,true],"medium_large":["https:\/\/www.lpnnails.fr\/wp-content\/uploads\/2025\/04\/products-8907b2_3fa32489865e481e9c1188b4400c2754~mv2.jpg",768,768,false],"large":["https:\/\/www.lpnnails.fr\/wp-content\/uploads\/2025\/04\/products-8907b2_3fa32489865e481e9c1188b4400c2754~mv2.jpg",1024,1024,false],"1536x1536":["https:\/\/www.lpnnails.fr\/wp-content\/uploads\/2025\/04\/products-8907b2_3fa32489865e481e9c1188b4400c2754~mv2.jpg",1024,1024,false],"2048x2048":["https:\/\/www.lpnnails.fr\/wp-content\/uploads\/2025\/04\/products-8907b2_3fa32489865e481e9c1188b4400c2754~mv2.jpg",1024,1024,false],"trp-custom-language-flag":["https:\/\/www.lpnnails.fr\/wp-content\/uploads\/2025\/04\/products-8907b2_3fa32489865e481e9c1188b4400c2754~mv2.jpg",12,12,false],"mailpoet_newsletter_max":["https:\/\/www.lpnnails.fr\/wp-content\/uploads\/2025\/04\/products-8907b2_3fa32489865e481e9c1188b4400c2754~mv2.jpg",1024,1024,false],"woocommerce_thumbnail":["https:\/\/www.lpnnails.fr\/wp-content\/uploads\/2025\/04\/products-8907b2_3fa32489865e481e9c1188b4400c2754~mv2.jpg",300,300,false],"woocommerce_single":["https:\/\/www.lpnnails.fr\/wp-content\/uploads\/2025\/04\/products-8907b2_3fa32489865e481e9c1188b4400c2754~mv2.jpg",600,600,false],"woocommerce_gallery_thumbnail":["https:\/\/www.lpnnails.fr\/wp-content\/uploads\/2025\/04\/products-8907b2_3fa32489865e481e9c1188b4400c2754~mv2.jpg",100,100,false],"variation_swatches_image_size":["https:\/\/www.lpnnails.fr\/wp-content\/uploads\/2025\/04\/products-8907b2_3fa32489865e481e9c1188b4400c2754~mv2.jpg",50,50,false],"variation_swatches_tooltip_size":["https:\/\/www.lpnnails.fr\/wp-content\/uploads\/2025\/04\/products-8907b2_3fa32489865e481e9c1188b4400c2754~mv2.jpg",100,100,false]},"uagb_author_info":{"display_name":"LPN Nails","author_link":"https:\/\/www.lpnnails.fr\/en\/author\/"},"uagb_comment_info":0,"uagb_excerpt":"Sublimez vos manucures avec le Gel Polish &#8220;Snow&#8221; de chez LPN Nails. Ce gel unique offre un effet flocons d\u00e9licat [&hellip;]","_links":{"self":[{"href":"https:\/\/www.lpnnails.fr\/en\/wp-json\/wp\/v2\/product\/4219","targetHints":{"allow":["GET"]}}],"collection":[{"href":"https:\/\/www.lpnnails.fr\/en\/wp-json\/wp\/v2\/product"}],"about":[{"href":"https:\/\/www.lpnnails.fr\/en\/wp-json\/wp\/v2\/types\/product"}],"replies":[{"embeddable":true,"href":"https:\/\/www.lpnnails.fr\/en\/wp-json\/wp\/v2\/comments?post=4219"}],"wp:featuredmedia":[{"embeddable":true,"href":"https:\/\/www.lpnnails.fr\/en\/wp-json\/wp\/v2\/media\/4226"}],"wp:attachment":[{"href":"https:\/\/www.lpnnails.fr\/en\/wp-json\/wp\/v2\/media?parent=4219"}],"wp:term":[{"taxonomy":"product_brand","embeddable":true,"href":"https:\/\/www.lpnnails.fr\/en\/wp-json\/wp\/v2\/product_brand?post=4219"},{"taxonomy":"product_cat","embeddable":true,"href":"https:\/\/www.lpnnails.fr\/en\/wp-json\/wp\/v2\/product_cat?post=4219"},{"taxonomy":"product_tag","embeddable":true,"href":"https:\/\/www.lpnnails.fr\/en\/wp-json\/wp\/v2\/product_tag?post=4219"}],"curies":[{"name":"wp","href":"https:\/\/api.w.org\/{rel}","templated":true}]}}