{"id":4189,"date":"2024-10-19T19:06:23","date_gmt":"2024-10-19T17:06:23","guid":{"rendered":"https:\/\/www.lpnnails.fr\/?post_type=product&#038;p=4189"},"modified":"2025-12-11T08:46:44","modified_gmt":"2025-12-11T07:46:44","slug":"gel-reflective-amber","status":"publish","type":"product","link":"https:\/\/www.lpnnails.fr\/en\/product\/gel-reflective-amber\/","title":{"rendered":"Amber reflective gel"},"content":{"rendered":"<p>Donnez une allure \u00e9tincelante et captivante \u00e0 vos ongles avec le <strong>Gel Reflective &#8220;Amber&#8221;<\/strong> from <strong>LPN Nails<\/strong>. Ce gel offre un effet scintillant et r\u00e9fl\u00e9chissant unique, id\u00e9al pour attirer tous les regards, disponible en <strong>6 coloris \u00e9l\u00e9gants<\/strong>.<\/p>\n<p><strong>Features :<\/strong><\/p>\n<ul>\n<li><strong>Effet r\u00e9fl\u00e9chissant :<\/strong> Un \u00e9clat intense et brillant qui capte la lumi\u00e8re pour un rendu spectaculaire.<\/li>\n<li><strong>6 teintes au choix :<\/strong> Des nuances vibrantes pour s&#8217;adapter \u00e0 toutes vos envies.<\/li>\n<li><strong>Contenance :<\/strong> 15 ml, parfait pour une utilisation prolong\u00e9e.<\/li>\n<li><strong>Texture auto-nivelante :<\/strong> Facile \u00e0 appliquer pour un r\u00e9sultat professionnel.<\/li>\n<\/ul>\n<p><strong>Use :<\/strong><\/p>\n<ul>\n<li>Pr\u00e9parez vos ongles avec une base adapt\u00e9e.<\/li>\n<li>Apply a thin layer of <strong>Gel Reflective &#8220;Amber&#8221;<\/strong> et polym\u00e9risez sous lampe UV\/LED.<\/li>\n<li>Ajoutez une deuxi\u00e8me couche pour intensifier l&#8217;effet scintillant, puis polym\u00e9risez \u00e0 nouveau.<\/li>\n<li>Scellez avec un top coat pour une finition lisse et durable.<\/li>\n<\/ul>\n<p>Parfait pour des occasions sp\u00e9ciales ou pour sublimer vos manucures au quotidien, ce <strong>Gel Reflective<\/strong> allie \u00e9l\u00e9gance et modernit\u00e9. Laissez vos ongles briller avec ce gel irr\u00e9sistible\u202f!<\/p>","protected":false},"excerpt":{"rendered":"<p>Donnez une allure \u00e9tincelante et captivante \u00e0 vos ongles avec le Gel Reflective &#8220;Amber&#8221; de chez LPN Nails. Ce gel [&hellip;]<\/p>\n","protected":false},"featured_media":4196,"comment_status":"open","ping_status":"closed","template":"","meta":{"_uag_custom_page_level_css":"","site-sidebar-layout":"default","site-content-layout":"","ast-site-content-layout":"default","site-content-style":"default","site-sidebar-style":"default","ast-global-header-display":"","ast-banner-title-visibility":"","ast-main-header-display":"","ast-hfb-above-header-display":"","ast-hfb-below-header-display":"","ast-hfb-mobile-header-display":"","site-post-title":"","ast-breadcrumbs-content":"","ast-featured-img":"","footer-sml-layout":"","ast-disable-related-posts":"","theme-transparent-header-meta":"default","adv-header-id-meta":"","stick-header-meta":"","header-above-stick-meta":"","header-main-stick-meta":"","header-below-stick-meta":"","astra-migrate-meta-layouts":"set","ast-page-background-enabled":"default","ast-page-background-meta":{"desktop":{"background-color":"var(--ast-global-color-4)","background-image":"","background-repeat":"repeat","background-position":"center center","background-size":"auto","background-attachment":"scroll","background-type":"","background-media":"","overlay-type":"","overlay-color":"","overlay-opacity":"","overlay-gradient":""},"tablet":{"background-color":"","background-image":"","background-repeat":"repeat","background-position":"center center","background-size":"auto","background-attachment":"scroll","background-type":"","background-media":"","overlay-type":"","overlay-color":"","overlay-opacity":"","overlay-gradient":""},"mobile":{"background-color":"","background-image":"","background-repeat":"repeat","background-position":"center center","background-size":"auto","background-attachment":"scroll","background-type":"","background-media":"","overlay-type":"","overlay-color":"","overlay-opacity":"","overlay-gradient":""}},"ast-content-background-meta":{"desktop":{"background-color":"var(--ast-global-color-5)","background-image":"","background-repeat":"repeat","background-position":"center center","background-size":"auto","background-attachment":"scroll","background-type":"","background-media":"","overlay-type":"","overlay-color":"","overlay-opacity":"","overlay-gradient":""},"tablet":{"background-color":"var(--ast-global-color-5)","background-image":"","background-repeat":"repeat","background-position":"center center","background-size":"auto","background-attachment":"scroll","background-type":"","background-media":"","overlay-type":"","overlay-color":"","overlay-opacity":"","overlay-gradient":""},"mobile":{"background-color":"var(--ast-global-color-5)","background-image":"","background-repeat":"repeat","background-position":"center center","background-size":"auto","background-attachment":"scroll","background-type":"","background-media":"","overlay-type":"","overlay-color":"","overlay-opacity":"","overlay-gradient":""}}},"product_brand":[254],"product_cat":[223,199],"product_tag":[],"class_list":{"0":"post-4189","1":"product","2":"type-product","3":"status-publish","4":"has-post-thumbnail","6":"product_brand-lpnnails","7":"product_cat-gels-d-art","8":"product_cat-tous-les-produits","9":"pa_composition-acrylic-copolymer-acrylic-hydroxyester-acrylic-copolymer-diethyaminoethyl-metacrylate-perfluorohexylethyl-methacrylate-crosspolymer-trimethylolpropane-tiacrylate-iron-oxide-polyethylene-terephthalate","10":"pa_couleur-grag2210","11":"pa_couleur-grag2211","12":"pa_couleur-grag2212","13":"pa_couleur-grag226","14":"pa_couleur-grag228","15":"pa_couleur-grag229","16":"pa_recommandations-conserver-dans-un-endroit-frais-a-labri-de-la-lumiere-et-de-la-chaleur-tenir-hors-de-portee-des-enfants-faire-un-test-cutane-si-sensibilite-aux-uv","17":"desktop-align-left","18":"tablet-align-left","19":"mobile-align-left","21":"first","22":"instock","23":"purchasable","24":"product-type-variable","25":"wvs-archive-product-wrapper"},"yoast_head":"<!-- This site is optimized with the Yoast SEO plugin v27.3 - https:\/\/yoast.com\/product\/yoast-seo-wordpress\/ -->\n<title>Gel reflective &quot;Amber&quot; - LPN Nails<\/title>\n<meta name=\"description\" content=\"Donnez une allure \u00e9tincelante et captivante \u00e0 vos ongles avec le Gel Reflective &quot;Amber&quot; de chez LPN Nails. Ce gel offre un effet scintillant et r\u00e9fl\u00e9chissant unique, id\u00e9al pour attirer tous les regards, disponible en 6 coloris \u00e9l\u00e9gants.\" \/>\n<meta name=\"robots\" content=\"index, follow, max-snippet:-1, max-image-preview:large, max-video-preview:-1\" \/>\n<link rel=\"canonical\" href=\"https:\/\/www.lpnnails.fr\/en\/product\/gel-reflective-amber\/\" \/>\n<meta property=\"og:locale\" content=\"en_US\" \/>\n<meta property=\"og:type\" content=\"article\" \/>\n<meta property=\"og:title\" content=\"Gel reflective &quot;Amber&quot; - LPN Nails\" \/>\n<meta property=\"og:description\" content=\"Donnez une allure \u00e9tincelante et captivante \u00e0 vos ongles avec le Gel Reflective &quot;Amber&quot; de chez LPN Nails. Ce gel offre un effet scintillant et r\u00e9fl\u00e9chissant unique, id\u00e9al pour attirer tous les regards, disponible en 6 coloris \u00e9l\u00e9gants.\" \/>\n<meta property=\"og:url\" content=\"https:\/\/www.lpnnails.fr\/en\/product\/gel-reflective-amber\/\" \/>\n<meta property=\"og:site_name\" content=\"LPN Nails\" \/>\n<meta property=\"article:publisher\" content=\"https:\/\/www.facebook.com\/profile.php?id=61573655313488#\" \/>\n<meta property=\"article:modified_time\" content=\"2025-12-11T07:46:44+00:00\" \/>\n<meta property=\"og:image\" content=\"https:\/\/www.lpnnails.fr\/wp-content\/uploads\/2025\/04\/products-8907b2_cbdbae1c16b740e6a121474bc70ad27d~mv2.jpg\" \/>\n\t<meta property=\"og:image:width\" content=\"1024\" \/>\n\t<meta property=\"og:image:height\" content=\"1024\" \/>\n\t<meta property=\"og:image:type\" content=\"image\/jpeg\" \/>\n<meta name=\"twitter:card\" content=\"summary_large_image\" \/>\n<meta name=\"twitter:label1\" content=\"Est. reading time\" \/>\n\t<meta name=\"twitter:data1\" content=\"1 minute\" \/>\n<script type=\"application\/ld+json\" class=\"yoast-schema-graph\">{\"@context\":\"https:\\\/\\\/schema.org\",\"@graph\":[{\"@type\":\"WebPage\",\"@id\":\"https:\\\/\\\/www.lpnnails.fr\\\/produit\\\/gel-reflective-amber\\\/\",\"url\":\"https:\\\/\\\/www.lpnnails.fr\\\/produit\\\/gel-reflective-amber\\\/\",\"name\":\"Gel reflective \\\"Amber\\\" - LPN Nails\",\"isPartOf\":{\"@id\":\"https:\\\/\\\/www.lpnnails.fr\\\/#website\"},\"primaryImageOfPage\":{\"@id\":\"https:\\\/\\\/www.lpnnails.fr\\\/produit\\\/gel-reflective-amber\\\/#primaryimage\"},\"image\":{\"@id\":\"https:\\\/\\\/www.lpnnails.fr\\\/produit\\\/gel-reflective-amber\\\/#primaryimage\"},\"thumbnailUrl\":\"https:\\\/\\\/www.lpnnails.fr\\\/wp-content\\\/uploads\\\/2025\\\/04\\\/products-8907b2_cbdbae1c16b740e6a121474bc70ad27d~mv2.jpg\",\"datePublished\":\"2024-10-19T17:06:23+00:00\",\"dateModified\":\"2025-12-11T07:46:44+00:00\",\"description\":\"Donnez une allure \u00e9tincelante et captivante \u00e0 vos ongles avec le Gel Reflective \\\"Amber\\\" de chez LPN Nails. Ce gel offre un effet scintillant et r\u00e9fl\u00e9chissant unique, id\u00e9al pour attirer tous les regards, disponible en 6 coloris \u00e9l\u00e9gants.\",\"breadcrumb\":{\"@id\":\"https:\\\/\\\/www.lpnnails.fr\\\/produit\\\/gel-reflective-amber\\\/#breadcrumb\"},\"inLanguage\":\"en-US\",\"potentialAction\":[{\"@type\":\"ReadAction\",\"target\":[\"https:\\\/\\\/www.lpnnails.fr\\\/produit\\\/gel-reflective-amber\\\/\"]}]},{\"@type\":\"ImageObject\",\"inLanguage\":\"en-US\",\"@id\":\"https:\\\/\\\/www.lpnnails.fr\\\/produit\\\/gel-reflective-amber\\\/#primaryimage\",\"url\":\"https:\\\/\\\/www.lpnnails.fr\\\/wp-content\\\/uploads\\\/2025\\\/04\\\/products-8907b2_cbdbae1c16b740e6a121474bc70ad27d~mv2.jpg\",\"contentUrl\":\"https:\\\/\\\/www.lpnnails.fr\\\/wp-content\\\/uploads\\\/2025\\\/04\\\/products-8907b2_cbdbae1c16b740e6a121474bc70ad27d~mv2.jpg\",\"width\":1024,\"height\":1024,\"caption\":\"GEL REFLECTIVE AMBER G22 6\"},{\"@type\":\"BreadcrumbList\",\"@id\":\"https:\\\/\\\/www.lpnnails.fr\\\/produit\\\/gel-reflective-amber\\\/#breadcrumb\",\"itemListElement\":[{\"@type\":\"ListItem\",\"position\":1,\"name\":\"Accueil\",\"item\":\"https:\\\/\\\/www.lpnnails.fr\\\/\"},{\"@type\":\"ListItem\",\"position\":2,\"name\":\"Boutique\",\"item\":\"https:\\\/\\\/www.lpnnails.fr\\\/boutique\\\/\"},{\"@type\":\"ListItem\",\"position\":3,\"name\":\"Gel reflective &#8220;Amber&#8221;\"}]},{\"@type\":\"WebSite\",\"@id\":\"https:\\\/\\\/www.lpnnails.fr\\\/#website\",\"url\":\"https:\\\/\\\/www.lpnnails.fr\\\/\",\"name\":\"LPN Nails\",\"description\":\"\",\"publisher\":{\"@id\":\"https:\\\/\\\/www.lpnnails.fr\\\/#organization\"},\"potentialAction\":[{\"@type\":\"SearchAction\",\"target\":{\"@type\":\"EntryPoint\",\"urlTemplate\":\"https:\\\/\\\/www.lpnnails.fr\\\/?s={search_term_string}\"},\"query-input\":{\"@type\":\"PropertyValueSpecification\",\"valueRequired\":true,\"valueName\":\"search_term_string\"}}],\"inLanguage\":\"en-US\"},{\"@type\":\"Organization\",\"@id\":\"https:\\\/\\\/www.lpnnails.fr\\\/#organization\",\"name\":\"LPN Nails\",\"url\":\"https:\\\/\\\/www.lpnnails.fr\\\/\",\"logo\":{\"@type\":\"ImageObject\",\"inLanguage\":\"en-US\",\"@id\":\"https:\\\/\\\/www.lpnnails.fr\\\/#\\\/schema\\\/logo\\\/image\\\/\",\"url\":\"https:\\\/\\\/www.lpnnails.fr\\\/wp-content\\\/uploads\\\/2025\\\/11\\\/Design-sans-titre-2.png\",\"contentUrl\":\"https:\\\/\\\/www.lpnnails.fr\\\/wp-content\\\/uploads\\\/2025\\\/11\\\/Design-sans-titre-2.png\",\"width\":512,\"height\":512,\"caption\":\"LPN Nails\"},\"image\":{\"@id\":\"https:\\\/\\\/www.lpnnails.fr\\\/#\\\/schema\\\/logo\\\/image\\\/\"},\"sameAs\":[\"https:\\\/\\\/www.facebook.com\\\/profile.php?id=61573655313488#\",\"https:\\\/\\\/www.instagram.com\\\/lpnnails\\\/\",\"https:\\\/\\\/www.linkedin.com\\\/company\\\/lpnnails\\\/\",\"https:\\\/\\\/www.youtube.com\\\/@LPNNails\\\/\"]}]}<\/script>\n<!-- \/ Yoast SEO plugin. -->","yoast_head_json":{"title":"Gel reflective \"Amber\" - LPN Nails","description":"Donnez une allure \u00e9tincelante et captivante \u00e0 vos ongles avec le Gel Reflective \"Amber\" de chez LPN Nails. Ce gel offre un effet scintillant et r\u00e9fl\u00e9chissant unique, id\u00e9al pour attirer tous les regards, disponible en 6 coloris \u00e9l\u00e9gants.","robots":{"index":"index","follow":"follow","max-snippet":"max-snippet:-1","max-image-preview":"max-image-preview:large","max-video-preview":"max-video-preview:-1"},"canonical":"https:\/\/www.lpnnails.fr\/en\/product\/gel-reflective-amber\/","og_locale":"en_US","og_type":"article","og_title":"Gel reflective \"Amber\" - LPN Nails","og_description":"Donnez une allure \u00e9tincelante et captivante \u00e0 vos ongles avec le Gel Reflective \"Amber\" de chez LPN Nails. Ce gel offre un effet scintillant et r\u00e9fl\u00e9chissant unique, id\u00e9al pour attirer tous les regards, disponible en 6 coloris \u00e9l\u00e9gants.","og_url":"https:\/\/www.lpnnails.fr\/en\/product\/gel-reflective-amber\/","og_site_name":"LPN Nails","article_publisher":"https:\/\/www.facebook.com\/profile.php?id=61573655313488#","article_modified_time":"2025-12-11T07:46:44+00:00","og_image":[{"width":1024,"height":1024,"url":"https:\/\/www.lpnnails.fr\/wp-content\/uploads\/2025\/04\/products-8907b2_cbdbae1c16b740e6a121474bc70ad27d~mv2.jpg","type":"image\/jpeg"}],"twitter_card":"summary_large_image","twitter_misc":{"Est. reading time":"1 minute"},"schema":{"@context":"https:\/\/schema.org","@graph":[{"@type":"WebPage","@id":"https:\/\/www.lpnnails.fr\/produit\/gel-reflective-amber\/","url":"https:\/\/www.lpnnails.fr\/produit\/gel-reflective-amber\/","name":"Gel reflective \"Amber\" - LPN Nails","isPartOf":{"@id":"https:\/\/www.lpnnails.fr\/#website"},"primaryImageOfPage":{"@id":"https:\/\/www.lpnnails.fr\/produit\/gel-reflective-amber\/#primaryimage"},"image":{"@id":"https:\/\/www.lpnnails.fr\/produit\/gel-reflective-amber\/#primaryimage"},"thumbnailUrl":"https:\/\/www.lpnnails.fr\/wp-content\/uploads\/2025\/04\/products-8907b2_cbdbae1c16b740e6a121474bc70ad27d~mv2.jpg","datePublished":"2024-10-19T17:06:23+00:00","dateModified":"2025-12-11T07:46:44+00:00","description":"Donnez une allure \u00e9tincelante et captivante \u00e0 vos ongles avec le Gel Reflective \"Amber\" de chez LPN Nails. Ce gel offre un effet scintillant et r\u00e9fl\u00e9chissant unique, id\u00e9al pour attirer tous les regards, disponible en 6 coloris \u00e9l\u00e9gants.","breadcrumb":{"@id":"https:\/\/www.lpnnails.fr\/produit\/gel-reflective-amber\/#breadcrumb"},"inLanguage":"en-US","potentialAction":[{"@type":"ReadAction","target":["https:\/\/www.lpnnails.fr\/produit\/gel-reflective-amber\/"]}]},{"@type":"ImageObject","inLanguage":"en-US","@id":"https:\/\/www.lpnnails.fr\/produit\/gel-reflective-amber\/#primaryimage","url":"https:\/\/www.lpnnails.fr\/wp-content\/uploads\/2025\/04\/products-8907b2_cbdbae1c16b740e6a121474bc70ad27d~mv2.jpg","contentUrl":"https:\/\/www.lpnnails.fr\/wp-content\/uploads\/2025\/04\/products-8907b2_cbdbae1c16b740e6a121474bc70ad27d~mv2.jpg","width":1024,"height":1024,"caption":"GEL REFLECTIVE AMBER G22 6"},{"@type":"BreadcrumbList","@id":"https:\/\/www.lpnnails.fr\/produit\/gel-reflective-amber\/#breadcrumb","itemListElement":[{"@type":"ListItem","position":1,"name":"Accueil","item":"https:\/\/www.lpnnails.fr\/"},{"@type":"ListItem","position":2,"name":"Boutique","item":"https:\/\/www.lpnnails.fr\/boutique\/"},{"@type":"ListItem","position":3,"name":"Gel reflective &#8220;Amber&#8221;"}]},{"@type":"WebSite","@id":"https:\/\/www.lpnnails.fr\/#website","url":"https:\/\/www.lpnnails.fr\/","name":"LPN Nails","description":"","publisher":{"@id":"https:\/\/www.lpnnails.fr\/#organization"},"potentialAction":[{"@type":"SearchAction","target":{"@type":"EntryPoint","urlTemplate":"https:\/\/www.lpnnails.fr\/?s={search_term_string}"},"query-input":{"@type":"PropertyValueSpecification","valueRequired":true,"valueName":"search_term_string"}}],"inLanguage":"en-US"},{"@type":"Organization","@id":"https:\/\/www.lpnnails.fr\/#organization","name":"LPN Nails","url":"https:\/\/www.lpnnails.fr\/","logo":{"@type":"ImageObject","inLanguage":"en-US","@id":"https:\/\/www.lpnnails.fr\/#\/schema\/logo\/image\/","url":"https:\/\/www.lpnnails.fr\/wp-content\/uploads\/2025\/11\/Design-sans-titre-2.png","contentUrl":"https:\/\/www.lpnnails.fr\/wp-content\/uploads\/2025\/11\/Design-sans-titre-2.png","width":512,"height":512,"caption":"LPN Nails"},"image":{"@id":"https:\/\/www.lpnnails.fr\/#\/schema\/logo\/image\/"},"sameAs":["https:\/\/www.facebook.com\/profile.php?id=61573655313488#","https:\/\/www.instagram.com\/lpnnails\/","https:\/\/www.linkedin.com\/company\/lpnnails\/","https:\/\/www.youtube.com\/@LPNNails\/"]}]}},"uagb_featured_image_src":{"full":["https:\/\/www.lpnnails.fr\/wp-content\/uploads\/2025\/04\/products-8907b2_cbdbae1c16b740e6a121474bc70ad27d~mv2.jpg",1024,1024,false],"thumbnail":["https:\/\/www.lpnnails.fr\/wp-content\/uploads\/2025\/04\/products-8907b2_cbdbae1c16b740e6a121474bc70ad27d~mv2.jpg",150,150,true],"medium":["https:\/\/www.lpnnails.fr\/wp-content\/uploads\/2025\/04\/products-8907b2_cbdbae1c16b740e6a121474bc70ad27d~mv2.jpg",300,214,true],"medium_large":["https:\/\/www.lpnnails.fr\/wp-content\/uploads\/2025\/04\/products-8907b2_cbdbae1c16b740e6a121474bc70ad27d~mv2.jpg",768,768,false],"large":["https:\/\/www.lpnnails.fr\/wp-content\/uploads\/2025\/04\/products-8907b2_cbdbae1c16b740e6a121474bc70ad27d~mv2.jpg",1024,1024,false],"1536x1536":["https:\/\/www.lpnnails.fr\/wp-content\/uploads\/2025\/04\/products-8907b2_cbdbae1c16b740e6a121474bc70ad27d~mv2.jpg",1024,1024,false],"2048x2048":["https:\/\/www.lpnnails.fr\/wp-content\/uploads\/2025\/04\/products-8907b2_cbdbae1c16b740e6a121474bc70ad27d~mv2.jpg",1024,1024,false],"trp-custom-language-flag":["https:\/\/www.lpnnails.fr\/wp-content\/uploads\/2025\/04\/products-8907b2_cbdbae1c16b740e6a121474bc70ad27d~mv2.jpg",12,12,false],"mailpoet_newsletter_max":["https:\/\/www.lpnnails.fr\/wp-content\/uploads\/2025\/04\/products-8907b2_cbdbae1c16b740e6a121474bc70ad27d~mv2.jpg",1024,1024,false],"woocommerce_thumbnail":["https:\/\/www.lpnnails.fr\/wp-content\/uploads\/2025\/04\/products-8907b2_cbdbae1c16b740e6a121474bc70ad27d~mv2.jpg",300,300,false],"woocommerce_single":["https:\/\/www.lpnnails.fr\/wp-content\/uploads\/2025\/04\/products-8907b2_cbdbae1c16b740e6a121474bc70ad27d~mv2.jpg",600,600,false],"woocommerce_gallery_thumbnail":["https:\/\/www.lpnnails.fr\/wp-content\/uploads\/2025\/04\/products-8907b2_cbdbae1c16b740e6a121474bc70ad27d~mv2.jpg",100,100,false],"variation_swatches_image_size":["https:\/\/www.lpnnails.fr\/wp-content\/uploads\/2025\/04\/products-8907b2_cbdbae1c16b740e6a121474bc70ad27d~mv2.jpg",50,50,false],"variation_swatches_tooltip_size":["https:\/\/www.lpnnails.fr\/wp-content\/uploads\/2025\/04\/products-8907b2_cbdbae1c16b740e6a121474bc70ad27d~mv2.jpg",100,100,false]},"uagb_author_info":{"display_name":"LPN Nails","author_link":"https:\/\/www.lpnnails.fr\/en\/author\/"},"uagb_comment_info":0,"uagb_excerpt":"Donnez une allure \u00e9tincelante et captivante \u00e0 vos ongles avec le Gel Reflective &#8220;Amber&#8221; de chez LPN Nails. Ce gel [&hellip;]","_links":{"self":[{"href":"https:\/\/www.lpnnails.fr\/en\/wp-json\/wp\/v2\/product\/4189","targetHints":{"allow":["GET"]}}],"collection":[{"href":"https:\/\/www.lpnnails.fr\/en\/wp-json\/wp\/v2\/product"}],"about":[{"href":"https:\/\/www.lpnnails.fr\/en\/wp-json\/wp\/v2\/types\/product"}],"replies":[{"embeddable":true,"href":"https:\/\/www.lpnnails.fr\/en\/wp-json\/wp\/v2\/comments?post=4189"}],"wp:featuredmedia":[{"embeddable":true,"href":"https:\/\/www.lpnnails.fr\/en\/wp-json\/wp\/v2\/media\/4196"}],"wp:attachment":[{"href":"https:\/\/www.lpnnails.fr\/en\/wp-json\/wp\/v2\/media?parent=4189"}],"wp:term":[{"taxonomy":"product_brand","embeddable":true,"href":"https:\/\/www.lpnnails.fr\/en\/wp-json\/wp\/v2\/product_brand?post=4189"},{"taxonomy":"product_cat","embeddable":true,"href":"https:\/\/www.lpnnails.fr\/en\/wp-json\/wp\/v2\/product_cat?post=4189"},{"taxonomy":"product_tag","embeddable":true,"href":"https:\/\/www.lpnnails.fr\/en\/wp-json\/wp\/v2\/product_tag?post=4189"}],"curies":[{"name":"wp","href":"https:\/\/api.w.org\/{rel}","templated":true}]}}