{"id":4056,"date":"2024-08-26T19:21:11","date_gmt":"2024-08-26T19:21:11","guid":{"rendered":"https:\/\/www.lpnnails.fr\/?post_type=product&#038;p=4056"},"modified":"2026-03-06T14:44:15","modified_gmt":"2026-03-06T13:44:15","slug":"kit-de-3-pinceaux","status":"publish","type":"product","link":"https:\/\/www.lpnnails.fr\/en\/product\/kit-de-3-pinceaux\/","title":{"rendered":"Kit de 3 Pinceaux"},"content":{"rendered":"<p>R\u00e9alisez des designs minutieux et \u00e9l\u00e9gants avec ce <strong>kit de pinceaux fins<\/strong> pour nail art, id\u00e9al pour les traits d\u00e9taill\u00e9s, les motifs complexes, et les d\u00e9corations d\u00e9licates. Pour les amateurs et les professionnels, ce trio d&#8217;outils est votre alli\u00e9 pour une pr\u00e9cision ultime.<\/p>\n<p><strong>Features :<\/strong><\/p>\n<ul>\n<li><strong>Design \u00e9l\u00e9gant<\/strong> : Finition m\u00e9tallique dor\u00e9e et argent\u00e9e pour une prise en main confortable et un look chic.<\/li>\n<li><strong>Pointes ultra-fines<\/strong> : Permet des d\u00e9tails pr\u00e9cis, id\u00e9aux pour des motifs floraux, lignes fines et \u00e9critures.<\/li>\n<li><strong>Mat\u00e9riaux de qualit\u00e9<\/strong> : Poils durables et souples pour un contr\u00f4le parfait.<\/li>\n<li><strong>Versatile<\/strong> : Convient \u00e0 tous types de vernis, gels, peintures et autres produits nail art.<\/li>\n<\/ul>\n<p>Un outil indispensable pour les passionn\u00e9s de nail art qui veulent repousser les limites de leur cr\u00e9ativit\u00e9. Transformez vos ongles en v\u00e9ritables \u0153uvres d\u2019art avec ce set de pinceaux haut de gamme !<\/p>","protected":false},"excerpt":{"rendered":"<p>R\u00e9alisez des designs minutieux et \u00e9l\u00e9gants avec ce kit de pinceaux fins pour nail art, id\u00e9al pour les traits d\u00e9taill\u00e9s, [&hellip;]<\/p>\n","protected":false},"featured_media":4057,"comment_status":"open","ping_status":"closed","template":"","meta":{"_uag_custom_page_level_css":"","site-sidebar-layout":"default","site-content-layout":"","ast-site-content-layout":"default","site-content-style":"default","site-sidebar-style":"default","ast-global-header-display":"","ast-banner-title-visibility":"","ast-main-header-display":"","ast-hfb-above-header-display":"","ast-hfb-below-header-display":"","ast-hfb-mobile-header-display":"","site-post-title":"","ast-breadcrumbs-content":"","ast-featured-img":"","footer-sml-layout":"","ast-disable-related-posts":"","theme-transparent-header-meta":"default","adv-header-id-meta":"","stick-header-meta":"","header-above-stick-meta":"","header-main-stick-meta":"","header-below-stick-meta":"","astra-migrate-meta-layouts":"set","ast-page-background-enabled":"default","ast-page-background-meta":{"desktop":{"background-color":"var(--ast-global-color-4)","background-image":"","background-repeat":"repeat","background-position":"center center","background-size":"auto","background-attachment":"scroll","background-type":"","background-media":"","overlay-type":"","overlay-color":"","overlay-opacity":"","overlay-gradient":""},"tablet":{"background-color":"","background-image":"","background-repeat":"repeat","background-position":"center center","background-size":"auto","background-attachment":"scroll","background-type":"","background-media":"","overlay-type":"","overlay-color":"","overlay-opacity":"","overlay-gradient":""},"mobile":{"background-color":"","background-image":"","background-repeat":"repeat","background-position":"center center","background-size":"auto","background-attachment":"scroll","background-type":"","background-media":"","overlay-type":"","overlay-color":"","overlay-opacity":"","overlay-gradient":""}},"ast-content-background-meta":{"desktop":{"background-color":"var(--ast-global-color-5)","background-image":"","background-repeat":"repeat","background-position":"center center","background-size":"auto","background-attachment":"scroll","background-type":"","background-media":"","overlay-type":"","overlay-color":"","overlay-opacity":"","overlay-gradient":""},"tablet":{"background-color":"var(--ast-global-color-5)","background-image":"","background-repeat":"repeat","background-position":"center center","background-size":"auto","background-attachment":"scroll","background-type":"","background-media":"","overlay-type":"","overlay-color":"","overlay-opacity":"","overlay-gradient":""},"mobile":{"background-color":"var(--ast-global-color-5)","background-image":"","background-repeat":"repeat","background-position":"center center","background-size":"auto","background-attachment":"scroll","background-type":"","background-media":"","overlay-type":"","overlay-color":"","overlay-opacity":"","overlay-gradient":""}}},"product_brand":[254],"product_cat":[762,199],"product_tag":[],"class_list":{"0":"post-4056","1":"product","2":"type-product","3":"status-publish","4":"has-post-thumbnail","6":"product_brand-lpnnails","7":"product_cat-destockage","8":"product_cat-tous-les-produits","9":"desktop-align-left","10":"tablet-align-left","11":"mobile-align-left","13":"first","14":"instock","15":"purchasable","16":"product-type-simple"},"yoast_head":"<!-- This site is optimized with the Yoast SEO plugin v27.3 - https:\/\/yoast.com\/product\/yoast-seo-wordpress\/ -->\n<title>Kit de 3 Pinceaux - LPN Nails<\/title>\n<meta name=\"description\" content=\"R\u00e9alisez des designs minutieux et \u00e9l\u00e9gants avec ce kit de pinceaux fins pour nail art, id\u00e9al pour les traits d\u00e9taill\u00e9s, les motifs complexes, et les d\u00e9corations d\u00e9licates. Pour les amateurs et les professionnels, ce trio d&#039;outils est votre alli\u00e9 pour une pr\u00e9cision ultime.\" \/>\n<meta name=\"robots\" content=\"index, follow, max-snippet:-1, max-image-preview:large, max-video-preview:-1\" \/>\n<link rel=\"canonical\" href=\"https:\/\/www.lpnnails.fr\/en\/product\/kit-de-3-pinceaux\/\" \/>\n<meta property=\"og:locale\" content=\"en_US\" \/>\n<meta property=\"og:type\" content=\"article\" \/>\n<meta property=\"og:title\" content=\"Kit de 3 Pinceaux - LPN Nails\" \/>\n<meta property=\"og:description\" content=\"R\u00e9alisez des designs minutieux et \u00e9l\u00e9gants avec ce kit de pinceaux fins pour nail art, id\u00e9al pour les traits d\u00e9taill\u00e9s, les motifs complexes, et les d\u00e9corations d\u00e9licates. Pour les amateurs et les professionnels, ce trio d&#039;outils est votre alli\u00e9 pour une pr\u00e9cision ultime.\" \/>\n<meta property=\"og:url\" content=\"https:\/\/www.lpnnails.fr\/en\/product\/kit-de-3-pinceaux\/\" \/>\n<meta property=\"og:site_name\" content=\"LPN Nails\" \/>\n<meta property=\"article:publisher\" content=\"https:\/\/www.facebook.com\/profile.php?id=61573655313488#\" \/>\n<meta property=\"article:modified_time\" content=\"2026-03-06T13:44:15+00:00\" \/>\n<meta property=\"og:image\" content=\"https:\/\/www.lpnnails.fr\/wp-content\/uploads\/2025\/04\/products-8907b2_b8f51fe782464f65ad8ce954e7f8ceac~mv2.png\" \/>\n\t<meta property=\"og:image:width\" content=\"1024\" \/>\n\t<meta property=\"og:image:height\" content=\"769\" \/>\n\t<meta property=\"og:image:type\" content=\"image\/jpeg\" \/>\n<meta name=\"twitter:card\" content=\"summary_large_image\" \/>\n<meta name=\"twitter:label1\" content=\"Est. reading time\" \/>\n\t<meta name=\"twitter:data1\" content=\"1 minute\" \/>\n<script type=\"application\/ld+json\" class=\"yoast-schema-graph\">{\"@context\":\"https:\\\/\\\/schema.org\",\"@graph\":[{\"@type\":\"WebPage\",\"@id\":\"https:\\\/\\\/www.lpnnails.fr\\\/produit\\\/kit-de-3-pinceaux\\\/\",\"url\":\"https:\\\/\\\/www.lpnnails.fr\\\/produit\\\/kit-de-3-pinceaux\\\/\",\"name\":\"Kit de 3 Pinceaux - LPN Nails\",\"isPartOf\":{\"@id\":\"https:\\\/\\\/www.lpnnails.fr\\\/#website\"},\"primaryImageOfPage\":{\"@id\":\"https:\\\/\\\/www.lpnnails.fr\\\/produit\\\/kit-de-3-pinceaux\\\/#primaryimage\"},\"image\":{\"@id\":\"https:\\\/\\\/www.lpnnails.fr\\\/produit\\\/kit-de-3-pinceaux\\\/#primaryimage\"},\"thumbnailUrl\":\"https:\\\/\\\/www.lpnnails.fr\\\/wp-content\\\/uploads\\\/2025\\\/04\\\/products-8907b2_b8f51fe782464f65ad8ce954e7f8ceac~mv2.png\",\"datePublished\":\"2024-08-26T19:21:11+00:00\",\"dateModified\":\"2026-03-06T13:44:15+00:00\",\"description\":\"R\u00e9alisez des designs minutieux et \u00e9l\u00e9gants avec ce kit de pinceaux fins pour nail art, id\u00e9al pour les traits d\u00e9taill\u00e9s, les motifs complexes, et les d\u00e9corations d\u00e9licates. Pour les amateurs et les professionnels, ce trio d'outils est votre alli\u00e9 pour une pr\u00e9cision ultime.\",\"breadcrumb\":{\"@id\":\"https:\\\/\\\/www.lpnnails.fr\\\/produit\\\/kit-de-3-pinceaux\\\/#breadcrumb\"},\"inLanguage\":\"en-US\",\"potentialAction\":[{\"@type\":\"ReadAction\",\"target\":[\"https:\\\/\\\/www.lpnnails.fr\\\/produit\\\/kit-de-3-pinceaux\\\/\"]}]},{\"@type\":\"ImageObject\",\"inLanguage\":\"en-US\",\"@id\":\"https:\\\/\\\/www.lpnnails.fr\\\/produit\\\/kit-de-3-pinceaux\\\/#primaryimage\",\"url\":\"https:\\\/\\\/www.lpnnails.fr\\\/wp-content\\\/uploads\\\/2025\\\/04\\\/products-8907b2_b8f51fe782464f65ad8ce954e7f8ceac~mv2.png\",\"contentUrl\":\"https:\\\/\\\/www.lpnnails.fr\\\/wp-content\\\/uploads\\\/2025\\\/04\\\/products-8907b2_b8f51fe782464f65ad8ce954e7f8ceac~mv2.png\",\"width\":1024,\"height\":769,\"caption\":\"KIT DE 3 PINCEAUX\"},{\"@type\":\"BreadcrumbList\",\"@id\":\"https:\\\/\\\/www.lpnnails.fr\\\/produit\\\/kit-de-3-pinceaux\\\/#breadcrumb\",\"itemListElement\":[{\"@type\":\"ListItem\",\"position\":1,\"name\":\"Accueil\",\"item\":\"https:\\\/\\\/www.lpnnails.fr\\\/\"},{\"@type\":\"ListItem\",\"position\":2,\"name\":\"Boutique\",\"item\":\"https:\\\/\\\/www.lpnnails.fr\\\/boutique\\\/\"},{\"@type\":\"ListItem\",\"position\":3,\"name\":\"Kit de 3 Pinceaux\"}]},{\"@type\":\"WebSite\",\"@id\":\"https:\\\/\\\/www.lpnnails.fr\\\/#website\",\"url\":\"https:\\\/\\\/www.lpnnails.fr\\\/\",\"name\":\"LPN Nails\",\"description\":\"\",\"publisher\":{\"@id\":\"https:\\\/\\\/www.lpnnails.fr\\\/#organization\"},\"potentialAction\":[{\"@type\":\"SearchAction\",\"target\":{\"@type\":\"EntryPoint\",\"urlTemplate\":\"https:\\\/\\\/www.lpnnails.fr\\\/?s={search_term_string}\"},\"query-input\":{\"@type\":\"PropertyValueSpecification\",\"valueRequired\":true,\"valueName\":\"search_term_string\"}}],\"inLanguage\":\"en-US\"},{\"@type\":\"Organization\",\"@id\":\"https:\\\/\\\/www.lpnnails.fr\\\/#organization\",\"name\":\"LPN Nails\",\"url\":\"https:\\\/\\\/www.lpnnails.fr\\\/\",\"logo\":{\"@type\":\"ImageObject\",\"inLanguage\":\"en-US\",\"@id\":\"https:\\\/\\\/www.lpnnails.fr\\\/#\\\/schema\\\/logo\\\/image\\\/\",\"url\":\"https:\\\/\\\/www.lpnnails.fr\\\/wp-content\\\/uploads\\\/2025\\\/11\\\/Design-sans-titre-2.png\",\"contentUrl\":\"https:\\\/\\\/www.lpnnails.fr\\\/wp-content\\\/uploads\\\/2025\\\/11\\\/Design-sans-titre-2.png\",\"width\":512,\"height\":512,\"caption\":\"LPN Nails\"},\"image\":{\"@id\":\"https:\\\/\\\/www.lpnnails.fr\\\/#\\\/schema\\\/logo\\\/image\\\/\"},\"sameAs\":[\"https:\\\/\\\/www.facebook.com\\\/profile.php?id=61573655313488#\",\"https:\\\/\\\/www.instagram.com\\\/lpnnails\\\/\",\"https:\\\/\\\/www.linkedin.com\\\/company\\\/lpnnails\\\/\",\"https:\\\/\\\/www.youtube.com\\\/@LPNNails\\\/\"]}]}<\/script>\n<!-- \/ Yoast SEO plugin. -->","yoast_head_json":{"title":"Kit de 3 Pinceaux - LPN Nails","description":"R\u00e9alisez des designs minutieux et \u00e9l\u00e9gants avec ce kit de pinceaux fins pour nail art, id\u00e9al pour les traits d\u00e9taill\u00e9s, les motifs complexes, et les d\u00e9corations d\u00e9licates. Pour les amateurs et les professionnels, ce trio d'outils est votre alli\u00e9 pour une pr\u00e9cision ultime.","robots":{"index":"index","follow":"follow","max-snippet":"max-snippet:-1","max-image-preview":"max-image-preview:large","max-video-preview":"max-video-preview:-1"},"canonical":"https:\/\/www.lpnnails.fr\/en\/product\/kit-de-3-pinceaux\/","og_locale":"en_US","og_type":"article","og_title":"Kit de 3 Pinceaux - LPN Nails","og_description":"R\u00e9alisez des designs minutieux et \u00e9l\u00e9gants avec ce kit de pinceaux fins pour nail art, id\u00e9al pour les traits d\u00e9taill\u00e9s, les motifs complexes, et les d\u00e9corations d\u00e9licates. Pour les amateurs et les professionnels, ce trio d'outils est votre alli\u00e9 pour une pr\u00e9cision ultime.","og_url":"https:\/\/www.lpnnails.fr\/en\/product\/kit-de-3-pinceaux\/","og_site_name":"LPN Nails","article_publisher":"https:\/\/www.facebook.com\/profile.php?id=61573655313488#","article_modified_time":"2026-03-06T13:44:15+00:00","og_image":[{"width":1024,"height":769,"url":"https:\/\/www.lpnnails.fr\/wp-content\/uploads\/2025\/04\/products-8907b2_b8f51fe782464f65ad8ce954e7f8ceac~mv2.png","type":"image\/jpeg"}],"twitter_card":"summary_large_image","twitter_misc":{"Est. reading time":"1 minute"},"schema":{"@context":"https:\/\/schema.org","@graph":[{"@type":"WebPage","@id":"https:\/\/www.lpnnails.fr\/produit\/kit-de-3-pinceaux\/","url":"https:\/\/www.lpnnails.fr\/produit\/kit-de-3-pinceaux\/","name":"Kit de 3 Pinceaux - LPN Nails","isPartOf":{"@id":"https:\/\/www.lpnnails.fr\/#website"},"primaryImageOfPage":{"@id":"https:\/\/www.lpnnails.fr\/produit\/kit-de-3-pinceaux\/#primaryimage"},"image":{"@id":"https:\/\/www.lpnnails.fr\/produit\/kit-de-3-pinceaux\/#primaryimage"},"thumbnailUrl":"https:\/\/www.lpnnails.fr\/wp-content\/uploads\/2025\/04\/products-8907b2_b8f51fe782464f65ad8ce954e7f8ceac~mv2.png","datePublished":"2024-08-26T19:21:11+00:00","dateModified":"2026-03-06T13:44:15+00:00","description":"R\u00e9alisez des designs minutieux et \u00e9l\u00e9gants avec ce kit de pinceaux fins pour nail art, id\u00e9al pour les traits d\u00e9taill\u00e9s, les motifs complexes, et les d\u00e9corations d\u00e9licates. Pour les amateurs et les professionnels, ce trio d'outils est votre alli\u00e9 pour une pr\u00e9cision ultime.","breadcrumb":{"@id":"https:\/\/www.lpnnails.fr\/produit\/kit-de-3-pinceaux\/#breadcrumb"},"inLanguage":"en-US","potentialAction":[{"@type":"ReadAction","target":["https:\/\/www.lpnnails.fr\/produit\/kit-de-3-pinceaux\/"]}]},{"@type":"ImageObject","inLanguage":"en-US","@id":"https:\/\/www.lpnnails.fr\/produit\/kit-de-3-pinceaux\/#primaryimage","url":"https:\/\/www.lpnnails.fr\/wp-content\/uploads\/2025\/04\/products-8907b2_b8f51fe782464f65ad8ce954e7f8ceac~mv2.png","contentUrl":"https:\/\/www.lpnnails.fr\/wp-content\/uploads\/2025\/04\/products-8907b2_b8f51fe782464f65ad8ce954e7f8ceac~mv2.png","width":1024,"height":769,"caption":"KIT DE 3 PINCEAUX"},{"@type":"BreadcrumbList","@id":"https:\/\/www.lpnnails.fr\/produit\/kit-de-3-pinceaux\/#breadcrumb","itemListElement":[{"@type":"ListItem","position":1,"name":"Accueil","item":"https:\/\/www.lpnnails.fr\/"},{"@type":"ListItem","position":2,"name":"Boutique","item":"https:\/\/www.lpnnails.fr\/boutique\/"},{"@type":"ListItem","position":3,"name":"Kit de 3 Pinceaux"}]},{"@type":"WebSite","@id":"https:\/\/www.lpnnails.fr\/#website","url":"https:\/\/www.lpnnails.fr\/","name":"LPN Nails","description":"","publisher":{"@id":"https:\/\/www.lpnnails.fr\/#organization"},"potentialAction":[{"@type":"SearchAction","target":{"@type":"EntryPoint","urlTemplate":"https:\/\/www.lpnnails.fr\/?s={search_term_string}"},"query-input":{"@type":"PropertyValueSpecification","valueRequired":true,"valueName":"search_term_string"}}],"inLanguage":"en-US"},{"@type":"Organization","@id":"https:\/\/www.lpnnails.fr\/#organization","name":"LPN Nails","url":"https:\/\/www.lpnnails.fr\/","logo":{"@type":"ImageObject","inLanguage":"en-US","@id":"https:\/\/www.lpnnails.fr\/#\/schema\/logo\/image\/","url":"https:\/\/www.lpnnails.fr\/wp-content\/uploads\/2025\/11\/Design-sans-titre-2.png","contentUrl":"https:\/\/www.lpnnails.fr\/wp-content\/uploads\/2025\/11\/Design-sans-titre-2.png","width":512,"height":512,"caption":"LPN Nails"},"image":{"@id":"https:\/\/www.lpnnails.fr\/#\/schema\/logo\/image\/"},"sameAs":["https:\/\/www.facebook.com\/profile.php?id=61573655313488#","https:\/\/www.instagram.com\/lpnnails\/","https:\/\/www.linkedin.com\/company\/lpnnails\/","https:\/\/www.youtube.com\/@LPNNails\/"]}]}},"uagb_featured_image_src":{"full":["https:\/\/www.lpnnails.fr\/wp-content\/uploads\/2025\/04\/products-8907b2_b8f51fe782464f65ad8ce954e7f8ceac~mv2.png",1024,769,false],"thumbnail":["https:\/\/www.lpnnails.fr\/wp-content\/uploads\/2025\/04\/products-8907b2_b8f51fe782464f65ad8ce954e7f8ceac~mv2.png",150,150,true],"medium":["https:\/\/www.lpnnails.fr\/wp-content\/uploads\/2025\/04\/products-8907b2_b8f51fe782464f65ad8ce954e7f8ceac~mv2.png",300,214,true],"medium_large":["https:\/\/www.lpnnails.fr\/wp-content\/uploads\/2025\/04\/products-8907b2_b8f51fe782464f65ad8ce954e7f8ceac~mv2.png",768,577,false],"large":["https:\/\/www.lpnnails.fr\/wp-content\/uploads\/2025\/04\/products-8907b2_b8f51fe782464f65ad8ce954e7f8ceac~mv2.png",1024,769,false],"1536x1536":["https:\/\/www.lpnnails.fr\/wp-content\/uploads\/2025\/04\/products-8907b2_b8f51fe782464f65ad8ce954e7f8ceac~mv2.png",1024,769,false],"2048x2048":["https:\/\/www.lpnnails.fr\/wp-content\/uploads\/2025\/04\/products-8907b2_b8f51fe782464f65ad8ce954e7f8ceac~mv2.png",1024,769,false],"trp-custom-language-flag":["https:\/\/www.lpnnails.fr\/wp-content\/uploads\/2025\/04\/products-8907b2_b8f51fe782464f65ad8ce954e7f8ceac~mv2.png",16,12,false],"mailpoet_newsletter_max":["https:\/\/www.lpnnails.fr\/wp-content\/uploads\/2025\/04\/products-8907b2_b8f51fe782464f65ad8ce954e7f8ceac~mv2.png",1024,769,false],"woocommerce_thumbnail":["https:\/\/www.lpnnails.fr\/wp-content\/uploads\/2025\/04\/products-8907b2_b8f51fe782464f65ad8ce954e7f8ceac~mv2-300x300.png",300,300,true],"woocommerce_single":["https:\/\/www.lpnnails.fr\/wp-content\/uploads\/2025\/04\/products-8907b2_b8f51fe782464f65ad8ce954e7f8ceac~mv2.png",600,451,false],"woocommerce_gallery_thumbnail":["https:\/\/www.lpnnails.fr\/wp-content\/uploads\/2025\/04\/products-8907b2_b8f51fe782464f65ad8ce954e7f8ceac~mv2-100x100.png",100,100,true],"variation_swatches_image_size":["https:\/\/www.lpnnails.fr\/wp-content\/uploads\/2025\/04\/products-8907b2_b8f51fe782464f65ad8ce954e7f8ceac~mv2.png",50,38,false],"variation_swatches_tooltip_size":["https:\/\/www.lpnnails.fr\/wp-content\/uploads\/2025\/04\/products-8907b2_b8f51fe782464f65ad8ce954e7f8ceac~mv2.png",100,75,false]},"uagb_author_info":{"display_name":"LPN Nails","author_link":"https:\/\/www.lpnnails.fr\/en\/author\/"},"uagb_comment_info":0,"uagb_excerpt":"R\u00e9alisez des designs minutieux et \u00e9l\u00e9gants avec ce kit de pinceaux fins pour nail art, id\u00e9al pour les traits d\u00e9taill\u00e9s, [&hellip;]","_links":{"self":[{"href":"https:\/\/www.lpnnails.fr\/en\/wp-json\/wp\/v2\/product\/4056","targetHints":{"allow":["GET"]}}],"collection":[{"href":"https:\/\/www.lpnnails.fr\/en\/wp-json\/wp\/v2\/product"}],"about":[{"href":"https:\/\/www.lpnnails.fr\/en\/wp-json\/wp\/v2\/types\/product"}],"replies":[{"embeddable":true,"href":"https:\/\/www.lpnnails.fr\/en\/wp-json\/wp\/v2\/comments?post=4056"}],"wp:featuredmedia":[{"embeddable":true,"href":"https:\/\/www.lpnnails.fr\/en\/wp-json\/wp\/v2\/media\/4057"}],"wp:attachment":[{"href":"https:\/\/www.lpnnails.fr\/en\/wp-json\/wp\/v2\/media?parent=4056"}],"wp:term":[{"taxonomy":"product_brand","embeddable":true,"href":"https:\/\/www.lpnnails.fr\/en\/wp-json\/wp\/v2\/product_brand?post=4056"},{"taxonomy":"product_cat","embeddable":true,"href":"https:\/\/www.lpnnails.fr\/en\/wp-json\/wp\/v2\/product_cat?post=4056"},{"taxonomy":"product_tag","embeddable":true,"href":"https:\/\/www.lpnnails.fr\/en\/wp-json\/wp\/v2\/product_tag?post=4056"}],"curies":[{"name":"wp","href":"https:\/\/api.w.org\/{rel}","templated":true}]}}