{"id":4054,"date":"2024-08-16T19:28:49","date_gmt":"2024-08-16T17:28:49","guid":{"rendered":"https:\/\/www.lpnnails.fr\/?post_type=product&#038;p=4054"},"modified":"2025-12-01T09:37:10","modified_gmt":"2025-12-01T08:37:10","slug":"paillettes-sirene-3","status":"publish","type":"product","link":"https:\/\/www.lpnnails.fr\/en\/product\/paillettes-sirene-3\/","title":{"rendered":"Paillettes sir\u00e8ne"},"content":{"rendered":"<p>Ajoutez une touche f\u00e9\u00e9rique \u00e0 vos cr\u00e9ations ongulaires avec les <strong>paillettes sir\u00e8ne<\/strong> ultrafines (0.02 pour la 1 et 0.01 mm pour la 2 et 3). Parfaites pour vos incrustations, frenchs paillet\u00e9es, ou pour r\u00e9aliser un sublime effet sucre, ces paillettes sont l\u2019\u00e9l\u00e9ment id\u00e9al pour sublimer vos manucures.<\/p>\n<p><strong>Features :<\/strong><\/p>\n<ul>\n<li><strong>Ultrafines :<\/strong> Texture l\u00e9g\u00e8re pour des finitions d\u00e9licates et sophistiqu\u00e9es.<\/li>\n<li><strong>Effet scintillant :<\/strong> Refl\u00e8te la lumi\u00e8re pour un rendu \u00e9clatant.<\/li>\n<li><strong>Polyvalent :<\/strong> Compatible avec les manucures en gel, semi-permanent, ou r\u00e9sine.<\/li>\n<li><strong>Formats disponibles :<\/strong> Pots de 5g.<\/li>\n<li><strong>Facile \u00e0 utiliser :<\/strong> Adapt\u00e9 aussi bien aux professionnels qu&#8217;aux amateurs.<\/li>\n<\/ul>\n<p><strong>Conseils d\u2019utilisation :<\/strong><\/p>\n<ul>\n<li>Appliquez une couche de gel ou de vernis encore humide.<\/li>\n<li>Saupoudrez les paillettes Sir\u00e8ne directement sur l\u2019ongle.<\/li>\n<li>Tapotez d\u00e9licatement pour fixer les paillettes.<\/li>\n<li>Ajoutez une couche de top coat pour un fini brillant et longue tenue.<\/li>\n<\/ul>\n<p>Que ce soit pour un look discret et \u00e9l\u00e9gant ou une manucure audacieusement brillante, les paillettes Sir\u00e8ne sont parfaites pour exprimer votre cr\u00e9ativit\u00e9. <strong>Commandez d\u00e8s aujourd\u2019hui et transformez vos ongles en v\u00e9ritable chef-d&#8217;\u0153uvre\u202f!<\/strong><\/p>","protected":false},"excerpt":{"rendered":"<p>Ajoutez une touche f\u00e9\u00e9rique \u00e0 vos cr\u00e9ations ongulaires avec les paillettes sir\u00e8ne ultrafines (0.02 pour la 1 et 0.01 mm [&hellip;]<\/p>\n","protected":false},"featured_media":0,"comment_status":"open","ping_status":"closed","template":"","meta":{"_uag_custom_page_level_css":"","site-sidebar-layout":"default","site-content-layout":"","ast-site-content-layout":"default","site-content-style":"default","site-sidebar-style":"default","ast-global-header-display":"","ast-banner-title-visibility":"","ast-main-header-display":"","ast-hfb-above-header-display":"","ast-hfb-below-header-display":"","ast-hfb-mobile-header-display":"","site-post-title":"","ast-breadcrumbs-content":"","ast-featured-img":"","footer-sml-layout":"","ast-disable-related-posts":"","theme-transparent-header-meta":"default","adv-header-id-meta":"","stick-header-meta":"","header-above-stick-meta":"","header-main-stick-meta":"","header-below-stick-meta":"","astra-migrate-meta-layouts":"set","ast-page-background-enabled":"default","ast-page-background-meta":{"desktop":{"background-color":"var(--ast-global-color-4)","background-image":"","background-repeat":"repeat","background-position":"center center","background-size":"auto","background-attachment":"scroll","background-type":"","background-media":"","overlay-type":"","overlay-color":"","overlay-opacity":"","overlay-gradient":""},"tablet":{"background-color":"","background-image":"","background-repeat":"repeat","background-position":"center center","background-size":"auto","background-attachment":"scroll","background-type":"","background-media":"","overlay-type":"","overlay-color":"","overlay-opacity":"","overlay-gradient":""},"mobile":{"background-color":"","background-image":"","background-repeat":"repeat","background-position":"center center","background-size":"auto","background-attachment":"scroll","background-type":"","background-media":"","overlay-type":"","overlay-color":"","overlay-opacity":"","overlay-gradient":""}},"ast-content-background-meta":{"desktop":{"background-color":"var(--ast-global-color-5)","background-image":"","background-repeat":"repeat","background-position":"center center","background-size":"auto","background-attachment":"scroll","background-type":"","background-media":"","overlay-type":"","overlay-color":"","overlay-opacity":"","overlay-gradient":""},"tablet":{"background-color":"var(--ast-global-color-5)","background-image":"","background-repeat":"repeat","background-position":"center center","background-size":"auto","background-attachment":"scroll","background-type":"","background-media":"","overlay-type":"","overlay-color":"","overlay-opacity":"","overlay-gradient":""},"mobile":{"background-color":"var(--ast-global-color-5)","background-image":"","background-repeat":"repeat","background-position":"center center","background-size":"auto","background-attachment":"scroll","background-type":"","background-media":"","overlay-type":"","overlay-color":"","overlay-opacity":"","overlay-gradient":""}}},"product_brand":[254],"product_cat":[239,199],"product_tag":[],"class_list":{"0":"post-4054","1":"product","2":"type-product","3":"status-publish","5":"product_brand-lpnnails","6":"product_cat-paillettes","7":"product_cat-tous-les-produits","8":"pa_numero-529","9":"pa_numero-500","10":"pa_numero-1151","11":"desktop-align-left","12":"tablet-align-left","13":"mobile-align-left","15":"first","16":"instock","17":"purchasable","18":"product-type-variable","19":"wvs-archive-product-wrapper"},"yoast_head":"<!-- This site is optimized with the Yoast SEO plugin v27.3 - https:\/\/yoast.com\/product\/yoast-seo-wordpress\/ -->\n<title>Paillettes sir\u00e8ne - LPN Nails<\/title>\n<meta name=\"description\" content=\"Ajoutez une touche f\u00e9\u00e9rique \u00e0 vos cr\u00e9ations ongulaires avec les paillettes sir\u00e8ne ultrafines (0.01 mm). Parfaites pour vos incrustations, frenchs paillet\u00e9es, ou pour r\u00e9aliser un sublime effet sucre, ces paillettes sont l\u2019\u00e9l\u00e9ment id\u00e9al pour sublimer vos manucures.\" \/>\n<meta name=\"robots\" content=\"index, follow, max-snippet:-1, max-image-preview:large, max-video-preview:-1\" \/>\n<link rel=\"canonical\" href=\"https:\/\/www.lpnnails.fr\/en\/product\/paillettes-sirene-3\/\" \/>\n<meta property=\"og:locale\" content=\"en_US\" \/>\n<meta property=\"og:type\" content=\"article\" \/>\n<meta property=\"og:title\" content=\"Paillettes sir\u00e8ne - LPN Nails\" \/>\n<meta property=\"og:description\" content=\"Ajoutez une touche f\u00e9\u00e9rique \u00e0 vos cr\u00e9ations ongulaires avec les paillettes sir\u00e8ne ultrafines (0.01 mm). Parfaites pour vos incrustations, frenchs paillet\u00e9es, ou pour r\u00e9aliser un sublime effet sucre, ces paillettes sont l\u2019\u00e9l\u00e9ment id\u00e9al pour sublimer vos manucures.\" \/>\n<meta property=\"og:url\" content=\"https:\/\/www.lpnnails.fr\/en\/product\/paillettes-sirene-3\/\" \/>\n<meta property=\"og:site_name\" content=\"LPN Nails\" \/>\n<meta property=\"article:publisher\" content=\"https:\/\/www.facebook.com\/profile.php?id=61573655313488#\" \/>\n<meta property=\"article:modified_time\" content=\"2025-12-01T08:37:10+00:00\" \/>\n<meta name=\"twitter:card\" content=\"summary_large_image\" \/>\n<meta name=\"twitter:label1\" content=\"Est. reading time\" \/>\n\t<meta name=\"twitter:data1\" content=\"1 minute\" \/>\n<script type=\"application\/ld+json\" class=\"yoast-schema-graph\">{\"@context\":\"https:\\\/\\\/schema.org\",\"@graph\":[{\"@type\":\"WebPage\",\"@id\":\"https:\\\/\\\/www.lpnnails.fr\\\/produit\\\/paillettes-sirene-3\\\/\",\"url\":\"https:\\\/\\\/www.lpnnails.fr\\\/produit\\\/paillettes-sirene-3\\\/\",\"name\":\"Paillettes sir\u00e8ne - LPN Nails\",\"isPartOf\":{\"@id\":\"https:\\\/\\\/www.lpnnails.fr\\\/#website\"},\"datePublished\":\"2024-08-16T17:28:49+00:00\",\"dateModified\":\"2025-12-01T08:37:10+00:00\",\"description\":\"Ajoutez une touche f\u00e9\u00e9rique \u00e0 vos cr\u00e9ations ongulaires avec les paillettes sir\u00e8ne ultrafines (0.01 mm). Parfaites pour vos incrustations, frenchs paillet\u00e9es, ou pour r\u00e9aliser un sublime effet sucre, ces paillettes sont l\u2019\u00e9l\u00e9ment id\u00e9al pour sublimer vos manucures.\",\"breadcrumb\":{\"@id\":\"https:\\\/\\\/www.lpnnails.fr\\\/produit\\\/paillettes-sirene-3\\\/#breadcrumb\"},\"inLanguage\":\"en-US\",\"potentialAction\":[{\"@type\":\"ReadAction\",\"target\":[\"https:\\\/\\\/www.lpnnails.fr\\\/produit\\\/paillettes-sirene-3\\\/\"]}]},{\"@type\":\"BreadcrumbList\",\"@id\":\"https:\\\/\\\/www.lpnnails.fr\\\/produit\\\/paillettes-sirene-3\\\/#breadcrumb\",\"itemListElement\":[{\"@type\":\"ListItem\",\"position\":1,\"name\":\"Accueil\",\"item\":\"https:\\\/\\\/www.lpnnails.fr\\\/\"},{\"@type\":\"ListItem\",\"position\":2,\"name\":\"Boutique\",\"item\":\"https:\\\/\\\/www.lpnnails.fr\\\/boutique\\\/\"},{\"@type\":\"ListItem\",\"position\":3,\"name\":\"Paillettes sir\u00e8ne\"}]},{\"@type\":\"WebSite\",\"@id\":\"https:\\\/\\\/www.lpnnails.fr\\\/#website\",\"url\":\"https:\\\/\\\/www.lpnnails.fr\\\/\",\"name\":\"LPN Nails\",\"description\":\"\",\"publisher\":{\"@id\":\"https:\\\/\\\/www.lpnnails.fr\\\/#organization\"},\"potentialAction\":[{\"@type\":\"SearchAction\",\"target\":{\"@type\":\"EntryPoint\",\"urlTemplate\":\"https:\\\/\\\/www.lpnnails.fr\\\/?s={search_term_string}\"},\"query-input\":{\"@type\":\"PropertyValueSpecification\",\"valueRequired\":true,\"valueName\":\"search_term_string\"}}],\"inLanguage\":\"en-US\"},{\"@type\":\"Organization\",\"@id\":\"https:\\\/\\\/www.lpnnails.fr\\\/#organization\",\"name\":\"LPN Nails\",\"url\":\"https:\\\/\\\/www.lpnnails.fr\\\/\",\"logo\":{\"@type\":\"ImageObject\",\"inLanguage\":\"en-US\",\"@id\":\"https:\\\/\\\/www.lpnnails.fr\\\/#\\\/schema\\\/logo\\\/image\\\/\",\"url\":\"https:\\\/\\\/www.lpnnails.fr\\\/wp-content\\\/uploads\\\/2025\\\/11\\\/Design-sans-titre-2.png\",\"contentUrl\":\"https:\\\/\\\/www.lpnnails.fr\\\/wp-content\\\/uploads\\\/2025\\\/11\\\/Design-sans-titre-2.png\",\"width\":512,\"height\":512,\"caption\":\"LPN Nails\"},\"image\":{\"@id\":\"https:\\\/\\\/www.lpnnails.fr\\\/#\\\/schema\\\/logo\\\/image\\\/\"},\"sameAs\":[\"https:\\\/\\\/www.facebook.com\\\/profile.php?id=61573655313488#\",\"https:\\\/\\\/www.instagram.com\\\/lpnnails\\\/\",\"https:\\\/\\\/www.linkedin.com\\\/company\\\/lpnnails\\\/\",\"https:\\\/\\\/www.youtube.com\\\/@LPNNails\\\/\"]}]}<\/script>\n<!-- \/ Yoast SEO plugin. -->","yoast_head_json":{"title":"Paillettes sir\u00e8ne - LPN Nails","description":"Ajoutez une touche f\u00e9\u00e9rique \u00e0 vos cr\u00e9ations ongulaires avec les paillettes sir\u00e8ne ultrafines (0.01 mm). Parfaites pour vos incrustations, frenchs paillet\u00e9es, ou pour r\u00e9aliser un sublime effet sucre, ces paillettes sont l\u2019\u00e9l\u00e9ment id\u00e9al pour sublimer vos manucures.","robots":{"index":"index","follow":"follow","max-snippet":"max-snippet:-1","max-image-preview":"max-image-preview:large","max-video-preview":"max-video-preview:-1"},"canonical":"https:\/\/www.lpnnails.fr\/en\/product\/paillettes-sirene-3\/","og_locale":"en_US","og_type":"article","og_title":"Paillettes sir\u00e8ne - LPN Nails","og_description":"Ajoutez une touche f\u00e9\u00e9rique \u00e0 vos cr\u00e9ations ongulaires avec les paillettes sir\u00e8ne ultrafines (0.01 mm). Parfaites pour vos incrustations, frenchs paillet\u00e9es, ou pour r\u00e9aliser un sublime effet sucre, ces paillettes sont l\u2019\u00e9l\u00e9ment id\u00e9al pour sublimer vos manucures.","og_url":"https:\/\/www.lpnnails.fr\/en\/product\/paillettes-sirene-3\/","og_site_name":"LPN Nails","article_publisher":"https:\/\/www.facebook.com\/profile.php?id=61573655313488#","article_modified_time":"2025-12-01T08:37:10+00:00","twitter_card":"summary_large_image","twitter_misc":{"Est. reading time":"1 minute"},"schema":{"@context":"https:\/\/schema.org","@graph":[{"@type":"WebPage","@id":"https:\/\/www.lpnnails.fr\/produit\/paillettes-sirene-3\/","url":"https:\/\/www.lpnnails.fr\/produit\/paillettes-sirene-3\/","name":"Paillettes sir\u00e8ne - LPN Nails","isPartOf":{"@id":"https:\/\/www.lpnnails.fr\/#website"},"datePublished":"2024-08-16T17:28:49+00:00","dateModified":"2025-12-01T08:37:10+00:00","description":"Ajoutez une touche f\u00e9\u00e9rique \u00e0 vos cr\u00e9ations ongulaires avec les paillettes sir\u00e8ne ultrafines (0.01 mm). Parfaites pour vos incrustations, frenchs paillet\u00e9es, ou pour r\u00e9aliser un sublime effet sucre, ces paillettes sont l\u2019\u00e9l\u00e9ment id\u00e9al pour sublimer vos manucures.","breadcrumb":{"@id":"https:\/\/www.lpnnails.fr\/produit\/paillettes-sirene-3\/#breadcrumb"},"inLanguage":"en-US","potentialAction":[{"@type":"ReadAction","target":["https:\/\/www.lpnnails.fr\/produit\/paillettes-sirene-3\/"]}]},{"@type":"BreadcrumbList","@id":"https:\/\/www.lpnnails.fr\/produit\/paillettes-sirene-3\/#breadcrumb","itemListElement":[{"@type":"ListItem","position":1,"name":"Accueil","item":"https:\/\/www.lpnnails.fr\/"},{"@type":"ListItem","position":2,"name":"Boutique","item":"https:\/\/www.lpnnails.fr\/boutique\/"},{"@type":"ListItem","position":3,"name":"Paillettes sir\u00e8ne"}]},{"@type":"WebSite","@id":"https:\/\/www.lpnnails.fr\/#website","url":"https:\/\/www.lpnnails.fr\/","name":"LPN Nails","description":"","publisher":{"@id":"https:\/\/www.lpnnails.fr\/#organization"},"potentialAction":[{"@type":"SearchAction","target":{"@type":"EntryPoint","urlTemplate":"https:\/\/www.lpnnails.fr\/?s={search_term_string}"},"query-input":{"@type":"PropertyValueSpecification","valueRequired":true,"valueName":"search_term_string"}}],"inLanguage":"en-US"},{"@type":"Organization","@id":"https:\/\/www.lpnnails.fr\/#organization","name":"LPN Nails","url":"https:\/\/www.lpnnails.fr\/","logo":{"@type":"ImageObject","inLanguage":"en-US","@id":"https:\/\/www.lpnnails.fr\/#\/schema\/logo\/image\/","url":"https:\/\/www.lpnnails.fr\/wp-content\/uploads\/2025\/11\/Design-sans-titre-2.png","contentUrl":"https:\/\/www.lpnnails.fr\/wp-content\/uploads\/2025\/11\/Design-sans-titre-2.png","width":512,"height":512,"caption":"LPN Nails"},"image":{"@id":"https:\/\/www.lpnnails.fr\/#\/schema\/logo\/image\/"},"sameAs":["https:\/\/www.facebook.com\/profile.php?id=61573655313488#","https:\/\/www.instagram.com\/lpnnails\/","https:\/\/www.linkedin.com\/company\/lpnnails\/","https:\/\/www.youtube.com\/@LPNNails\/"]}]}},"uagb_featured_image_src":{"full":false,"thumbnail":false,"medium":false,"medium_large":false,"large":false,"1536x1536":false,"2048x2048":false,"trp-custom-language-flag":false,"mailpoet_newsletter_max":false,"woocommerce_thumbnail":false,"woocommerce_single":false,"woocommerce_gallery_thumbnail":false,"variation_swatches_image_size":false,"variation_swatches_tooltip_size":false},"uagb_author_info":{"display_name":"LPN Nails","author_link":"https:\/\/www.lpnnails.fr\/en\/author\/"},"uagb_comment_info":0,"uagb_excerpt":"Ajoutez une touche f\u00e9\u00e9rique \u00e0 vos cr\u00e9ations ongulaires avec les paillettes sir\u00e8ne ultrafines (0.02 pour la 1 et 0.01 mm [&hellip;]","_links":{"self":[{"href":"https:\/\/www.lpnnails.fr\/en\/wp-json\/wp\/v2\/product\/4054","targetHints":{"allow":["GET"]}}],"collection":[{"href":"https:\/\/www.lpnnails.fr\/en\/wp-json\/wp\/v2\/product"}],"about":[{"href":"https:\/\/www.lpnnails.fr\/en\/wp-json\/wp\/v2\/types\/product"}],"replies":[{"embeddable":true,"href":"https:\/\/www.lpnnails.fr\/en\/wp-json\/wp\/v2\/comments?post=4054"}],"wp:attachment":[{"href":"https:\/\/www.lpnnails.fr\/en\/wp-json\/wp\/v2\/media?parent=4054"}],"wp:term":[{"taxonomy":"product_brand","embeddable":true,"href":"https:\/\/www.lpnnails.fr\/en\/wp-json\/wp\/v2\/product_brand?post=4054"},{"taxonomy":"product_cat","embeddable":true,"href":"https:\/\/www.lpnnails.fr\/en\/wp-json\/wp\/v2\/product_cat?post=4054"},{"taxonomy":"product_tag","embeddable":true,"href":"https:\/\/www.lpnnails.fr\/en\/wp-json\/wp\/v2\/product_tag?post=4054"}],"curies":[{"name":"wp","href":"https:\/\/api.w.org\/{rel}","templated":true}]}}