{"id":4012,"date":"2024-07-09T13:17:21","date_gmt":"2024-07-09T11:17:21","guid":{"rendered":"https:\/\/www.lpnnails.fr\/?post_type=product&#038;p=4012"},"modified":"2026-04-10T04:08:44","modified_gmt":"2026-04-10T02:08:44","slug":"builder-gel-shinny-baby-pink","status":"publish","type":"product","link":"https:\/\/www.lpnnails.fr\/en\/product\/builder-gel-shinny-baby-pink\/","title":{"rendered":"Builder gel &#8220;Shinny Baby Pink&#8221;"},"content":{"rendered":"<p>The <strong>Builder Gel Classique LPN Nails<\/strong> est un gel de construction polyvalent et performant, parfait pour r\u00e9aliser des extensions et des remplissages d&#8217;ongles avec pr\u00e9cision et facilit\u00e9.<\/p>\n<p><strong>Features :<\/strong><\/p>\n<ul>\n<li><strong>Contenance :<\/strong> 50g<\/li>\n<li><strong>Viscosit\u00e9 :<\/strong> Moyenne.<\/li>\n<li><strong>Usage :<br \/>\n<\/strong><span style=\"font-size: 16px;\">&#8211; Extension d&#8217;ongles (m\u00e9thode Popits recommand\u00e9e).<br \/>\n<\/span><span style=\"font-size: 16px;\">&#8211; Remplissages n\u00e9cessitant une mise en forme minutieuse.<br \/>\n<\/span><span style=\"font-size: 16px;\">&#8211; Adapt\u00e9 aussi bien aux d\u00e9butants qu&#8217;aux professionnels.<\/span><\/li>\n<\/ul>\n<p><strong>Conseils d&#8217;utilisation :<\/strong><\/p>\n<ul>\n<li>Pr\u00e9parez l&#8217;ongle naturel.<\/li>\n<li>Appliquez le gel \u00e0 l&#8217;aide d&#8217;un pinceau adapt\u00e9.<\/li>\n<li>Polym\u00e9risez sous lampe UV\/LED (60 secondes LED \/ 120 secondes UV).<\/li>\n<li>Limez et sculptez si n\u00e9cessaire, puis appliquez le top coat de votre choix.<\/li>\n<\/ul>\n<p><strong>Note : <\/strong>Pour les extensions avec chablons, les <strong>LPN Nails Polygels<\/strong> sont vivement conseill\u00e9s pour une application plus ais\u00e9e.<\/p>","protected":false},"excerpt":{"rendered":"<p>Le Builder Gel Classique LPN Nails est un gel de construction polyvalent et performant, parfait pour r\u00e9aliser des extensions et [&hellip;]<\/p>\n","protected":false},"featured_media":9244,"comment_status":"open","ping_status":"closed","template":"","meta":{"_uag_custom_page_level_css":"","site-sidebar-layout":"default","site-content-layout":"","ast-site-content-layout":"default","site-content-style":"default","site-sidebar-style":"default","ast-global-header-display":"","ast-banner-title-visibility":"","ast-main-header-display":"","ast-hfb-above-header-display":"","ast-hfb-below-header-display":"","ast-hfb-mobile-header-display":"","site-post-title":"","ast-breadcrumbs-content":"","ast-featured-img":"","footer-sml-layout":"","ast-disable-related-posts":"","theme-transparent-header-meta":"default","adv-header-id-meta":"","stick-header-meta":"","header-above-stick-meta":"","header-main-stick-meta":"","header-below-stick-meta":"","astra-migrate-meta-layouts":"set","ast-page-background-enabled":"default","ast-page-background-meta":{"desktop":{"background-color":"var(--ast-global-color-4)","background-image":"","background-repeat":"repeat","background-position":"center center","background-size":"auto","background-attachment":"scroll","background-type":"","background-media":"","overlay-type":"","overlay-color":"","overlay-opacity":"","overlay-gradient":""},"tablet":{"background-color":"","background-image":"","background-repeat":"repeat","background-position":"center center","background-size":"auto","background-attachment":"scroll","background-type":"","background-media":"","overlay-type":"","overlay-color":"","overlay-opacity":"","overlay-gradient":""},"mobile":{"background-color":"","background-image":"","background-repeat":"repeat","background-position":"center center","background-size":"auto","background-attachment":"scroll","background-type":"","background-media":"","overlay-type":"","overlay-color":"","overlay-opacity":"","overlay-gradient":""}},"ast-content-background-meta":{"desktop":{"background-color":"var(--ast-global-color-5)","background-image":"","background-repeat":"repeat","background-position":"center center","background-size":"auto","background-attachment":"scroll","background-type":"","background-media":"","overlay-type":"","overlay-color":"","overlay-opacity":"","overlay-gradient":""},"tablet":{"background-color":"var(--ast-global-color-5)","background-image":"","background-repeat":"repeat","background-position":"center center","background-size":"auto","background-attachment":"scroll","background-type":"","background-media":"","overlay-type":"","overlay-color":"","overlay-opacity":"","overlay-gradient":""},"mobile":{"background-color":"var(--ast-global-color-5)","background-image":"","background-repeat":"repeat","background-position":"center center","background-size":"auto","background-attachment":"scroll","background-type":"","background-media":"","overlay-type":"","overlay-color":"","overlay-opacity":"","overlay-gradient":""}}},"product_brand":[254],"product_cat":[224,199],"product_tag":[],"class_list":{"0":"post-4012","1":"product","2":"type-product","3":"status-publish","4":"has-post-thumbnail","6":"product_brand-lpnnails","7":"product_cat-builder-gels-classiques","8":"product_cat-tous-les-produits","9":"pa_composition-copolymere-d-acrylate-methacrylate-d-hydroxypropyle-butyrate-d-acetate-de-cellulose-dimethicone-cire-microcristaline-mica-d-amp-c-rouge-n34-trioxyde-de-difer-oxyde-d-hydroxyde-de-fer-jaune-dioxyde-de-","10":"pa_note-importante-en-raison-dune-erreur-detiquetage-de-notre-fournisseur","11":"pa_note-importante-lintitule-sur-le-pot-differe-de-la-texture-reelle-du-gel-ceci-est-bien-un-gel-classique-a-viscosite-moyenne","12":"desktop-align-left","13":"tablet-align-left","14":"mobile-align-left","16":"first","17":"instock","18":"sale","19":"purchasable","20":"product-type-simple"},"yoast_head":"<!-- This site is optimized with the Yoast SEO plugin v27.3 - https:\/\/yoast.com\/product\/yoast-seo-wordpress\/ -->\n<title>Builder gel &quot;Shinny Baby Pink&quot; - LPN Nails<\/title>\n<meta name=\"description\" content=\"Le Builder Gel Classique LPN Nails est un gel de construction polyvalent et performant, parfait pour r\u00e9aliser des extensions et des remplissages d&#039;ongles avec pr\u00e9cision et facilit\u00e9.\" \/>\n<meta name=\"robots\" content=\"index, follow, max-snippet:-1, max-image-preview:large, max-video-preview:-1\" \/>\n<link rel=\"canonical\" href=\"https:\/\/www.lpnnails.fr\/en\/product\/builder-gel-shinny-baby-pink\/\" \/>\n<meta property=\"og:locale\" content=\"en_US\" \/>\n<meta property=\"og:type\" content=\"article\" \/>\n<meta property=\"og:title\" content=\"Builder gel &quot;Shinny Baby Pink&quot; - LPN Nails\" \/>\n<meta property=\"og:description\" content=\"Le Builder Gel Classique LPN Nails est un gel de construction polyvalent et performant, parfait pour r\u00e9aliser des extensions et des remplissages d&#039;ongles avec pr\u00e9cision et facilit\u00e9.\" \/>\n<meta property=\"og:url\" content=\"https:\/\/www.lpnnails.fr\/en\/product\/builder-gel-shinny-baby-pink\/\" \/>\n<meta property=\"og:site_name\" content=\"LPN Nails\" \/>\n<meta property=\"article:publisher\" content=\"https:\/\/www.facebook.com\/profile.php?id=61573655313488#\" \/>\n<meta property=\"article:modified_time\" content=\"2026-04-10T02:08:44+00:00\" \/>\n<meta property=\"og:image\" content=\"https:\/\/www.lpnnails.fr\/wp-content\/uploads\/2025\/09\/shinny-baby-pink.jpg\" \/>\n\t<meta property=\"og:image:width\" content=\"1024\" \/>\n\t<meta property=\"og:image:height\" content=\"1024\" \/>\n\t<meta property=\"og:image:type\" content=\"image\/jpeg\" \/>\n<meta name=\"twitter:card\" content=\"summary_large_image\" \/>\n<meta name=\"twitter:label1\" content=\"Est. reading time\" \/>\n\t<meta name=\"twitter:data1\" content=\"1 minute\" \/>\n<script type=\"application\/ld+json\" class=\"yoast-schema-graph\">{\"@context\":\"https:\\\/\\\/schema.org\",\"@graph\":[{\"@type\":\"WebPage\",\"@id\":\"https:\\\/\\\/www.lpnnails.fr\\\/produit\\\/builder-gel-shinny-baby-pink\\\/\",\"url\":\"https:\\\/\\\/www.lpnnails.fr\\\/produit\\\/builder-gel-shinny-baby-pink\\\/\",\"name\":\"Builder gel \\\"Shinny Baby Pink\\\" - LPN Nails\",\"isPartOf\":{\"@id\":\"https:\\\/\\\/www.lpnnails.fr\\\/#website\"},\"primaryImageOfPage\":{\"@id\":\"https:\\\/\\\/www.lpnnails.fr\\\/produit\\\/builder-gel-shinny-baby-pink\\\/#primaryimage\"},\"image\":{\"@id\":\"https:\\\/\\\/www.lpnnails.fr\\\/produit\\\/builder-gel-shinny-baby-pink\\\/#primaryimage\"},\"thumbnailUrl\":\"https:\\\/\\\/www.lpnnails.fr\\\/wp-content\\\/uploads\\\/2025\\\/09\\\/shinny-baby-pink.jpg\",\"datePublished\":\"2024-07-09T11:17:21+00:00\",\"dateModified\":\"2026-04-10T02:08:44+00:00\",\"description\":\"Le Builder Gel Classique LPN Nails est un gel de construction polyvalent et performant, parfait pour r\u00e9aliser des extensions et des remplissages d'ongles avec pr\u00e9cision et facilit\u00e9.\",\"breadcrumb\":{\"@id\":\"https:\\\/\\\/www.lpnnails.fr\\\/produit\\\/builder-gel-shinny-baby-pink\\\/#breadcrumb\"},\"inLanguage\":\"en-US\",\"potentialAction\":[{\"@type\":\"ReadAction\",\"target\":[\"https:\\\/\\\/www.lpnnails.fr\\\/produit\\\/builder-gel-shinny-baby-pink\\\/\"]}]},{\"@type\":\"ImageObject\",\"inLanguage\":\"en-US\",\"@id\":\"https:\\\/\\\/www.lpnnails.fr\\\/produit\\\/builder-gel-shinny-baby-pink\\\/#primaryimage\",\"url\":\"https:\\\/\\\/www.lpnnails.fr\\\/wp-content\\\/uploads\\\/2025\\\/09\\\/shinny-baby-pink.jpg\",\"contentUrl\":\"https:\\\/\\\/www.lpnnails.fr\\\/wp-content\\\/uploads\\\/2025\\\/09\\\/shinny-baby-pink.jpg\",\"width\":1024,\"height\":1024,\"caption\":\"builder gel classique construction shinny baby pink\"},{\"@type\":\"BreadcrumbList\",\"@id\":\"https:\\\/\\\/www.lpnnails.fr\\\/produit\\\/builder-gel-shinny-baby-pink\\\/#breadcrumb\",\"itemListElement\":[{\"@type\":\"ListItem\",\"position\":1,\"name\":\"Accueil\",\"item\":\"https:\\\/\\\/www.lpnnails.fr\\\/\"},{\"@type\":\"ListItem\",\"position\":2,\"name\":\"Boutique\",\"item\":\"https:\\\/\\\/www.lpnnails.fr\\\/boutique\\\/\"},{\"@type\":\"ListItem\",\"position\":3,\"name\":\"Builder gel &#8220;Shinny Baby Pink&#8221;\"}]},{\"@type\":\"WebSite\",\"@id\":\"https:\\\/\\\/www.lpnnails.fr\\\/#website\",\"url\":\"https:\\\/\\\/www.lpnnails.fr\\\/\",\"name\":\"LPN Nails\",\"description\":\"\",\"publisher\":{\"@id\":\"https:\\\/\\\/www.lpnnails.fr\\\/#organization\"},\"potentialAction\":[{\"@type\":\"SearchAction\",\"target\":{\"@type\":\"EntryPoint\",\"urlTemplate\":\"https:\\\/\\\/www.lpnnails.fr\\\/?s={search_term_string}\"},\"query-input\":{\"@type\":\"PropertyValueSpecification\",\"valueRequired\":true,\"valueName\":\"search_term_string\"}}],\"inLanguage\":\"en-US\"},{\"@type\":\"Organization\",\"@id\":\"https:\\\/\\\/www.lpnnails.fr\\\/#organization\",\"name\":\"LPN Nails\",\"url\":\"https:\\\/\\\/www.lpnnails.fr\\\/\",\"logo\":{\"@type\":\"ImageObject\",\"inLanguage\":\"en-US\",\"@id\":\"https:\\\/\\\/www.lpnnails.fr\\\/#\\\/schema\\\/logo\\\/image\\\/\",\"url\":\"https:\\\/\\\/www.lpnnails.fr\\\/wp-content\\\/uploads\\\/2025\\\/11\\\/Design-sans-titre-2.png\",\"contentUrl\":\"https:\\\/\\\/www.lpnnails.fr\\\/wp-content\\\/uploads\\\/2025\\\/11\\\/Design-sans-titre-2.png\",\"width\":512,\"height\":512,\"caption\":\"LPN Nails\"},\"image\":{\"@id\":\"https:\\\/\\\/www.lpnnails.fr\\\/#\\\/schema\\\/logo\\\/image\\\/\"},\"sameAs\":[\"https:\\\/\\\/www.facebook.com\\\/profile.php?id=61573655313488#\",\"https:\\\/\\\/www.instagram.com\\\/lpnnails\\\/\",\"https:\\\/\\\/www.linkedin.com\\\/company\\\/lpnnails\\\/\",\"https:\\\/\\\/www.youtube.com\\\/@LPNNails\\\/\"]}]}<\/script>\n<!-- \/ Yoast SEO plugin. -->","yoast_head_json":{"title":"Builder gel \"Shinny Baby Pink\" - LPN Nails","description":"Le Builder Gel Classique LPN Nails est un gel de construction polyvalent et performant, parfait pour r\u00e9aliser des extensions et des remplissages d'ongles avec pr\u00e9cision et facilit\u00e9.","robots":{"index":"index","follow":"follow","max-snippet":"max-snippet:-1","max-image-preview":"max-image-preview:large","max-video-preview":"max-video-preview:-1"},"canonical":"https:\/\/www.lpnnails.fr\/en\/product\/builder-gel-shinny-baby-pink\/","og_locale":"en_US","og_type":"article","og_title":"Builder gel \"Shinny Baby Pink\" - LPN Nails","og_description":"Le Builder Gel Classique LPN Nails est un gel de construction polyvalent et performant, parfait pour r\u00e9aliser des extensions et des remplissages d'ongles avec pr\u00e9cision et facilit\u00e9.","og_url":"https:\/\/www.lpnnails.fr\/en\/product\/builder-gel-shinny-baby-pink\/","og_site_name":"LPN Nails","article_publisher":"https:\/\/www.facebook.com\/profile.php?id=61573655313488#","article_modified_time":"2026-04-10T02:08:44+00:00","og_image":[{"width":1024,"height":1024,"url":"https:\/\/www.lpnnails.fr\/wp-content\/uploads\/2025\/09\/shinny-baby-pink.jpg","type":"image\/jpeg"}],"twitter_card":"summary_large_image","twitter_misc":{"Est. reading time":"1 minute"},"schema":{"@context":"https:\/\/schema.org","@graph":[{"@type":"WebPage","@id":"https:\/\/www.lpnnails.fr\/produit\/builder-gel-shinny-baby-pink\/","url":"https:\/\/www.lpnnails.fr\/produit\/builder-gel-shinny-baby-pink\/","name":"Builder gel \"Shinny Baby Pink\" - LPN Nails","isPartOf":{"@id":"https:\/\/www.lpnnails.fr\/#website"},"primaryImageOfPage":{"@id":"https:\/\/www.lpnnails.fr\/produit\/builder-gel-shinny-baby-pink\/#primaryimage"},"image":{"@id":"https:\/\/www.lpnnails.fr\/produit\/builder-gel-shinny-baby-pink\/#primaryimage"},"thumbnailUrl":"https:\/\/www.lpnnails.fr\/wp-content\/uploads\/2025\/09\/shinny-baby-pink.jpg","datePublished":"2024-07-09T11:17:21+00:00","dateModified":"2026-04-10T02:08:44+00:00","description":"Le Builder Gel Classique LPN Nails est un gel de construction polyvalent et performant, parfait pour r\u00e9aliser des extensions et des remplissages d'ongles avec pr\u00e9cision et facilit\u00e9.","breadcrumb":{"@id":"https:\/\/www.lpnnails.fr\/produit\/builder-gel-shinny-baby-pink\/#breadcrumb"},"inLanguage":"en-US","potentialAction":[{"@type":"ReadAction","target":["https:\/\/www.lpnnails.fr\/produit\/builder-gel-shinny-baby-pink\/"]}]},{"@type":"ImageObject","inLanguage":"en-US","@id":"https:\/\/www.lpnnails.fr\/produit\/builder-gel-shinny-baby-pink\/#primaryimage","url":"https:\/\/www.lpnnails.fr\/wp-content\/uploads\/2025\/09\/shinny-baby-pink.jpg","contentUrl":"https:\/\/www.lpnnails.fr\/wp-content\/uploads\/2025\/09\/shinny-baby-pink.jpg","width":1024,"height":1024,"caption":"builder gel classique construction shinny baby pink"},{"@type":"BreadcrumbList","@id":"https:\/\/www.lpnnails.fr\/produit\/builder-gel-shinny-baby-pink\/#breadcrumb","itemListElement":[{"@type":"ListItem","position":1,"name":"Accueil","item":"https:\/\/www.lpnnails.fr\/"},{"@type":"ListItem","position":2,"name":"Boutique","item":"https:\/\/www.lpnnails.fr\/boutique\/"},{"@type":"ListItem","position":3,"name":"Builder gel &#8220;Shinny Baby Pink&#8221;"}]},{"@type":"WebSite","@id":"https:\/\/www.lpnnails.fr\/#website","url":"https:\/\/www.lpnnails.fr\/","name":"LPN Nails","description":"","publisher":{"@id":"https:\/\/www.lpnnails.fr\/#organization"},"potentialAction":[{"@type":"SearchAction","target":{"@type":"EntryPoint","urlTemplate":"https:\/\/www.lpnnails.fr\/?s={search_term_string}"},"query-input":{"@type":"PropertyValueSpecification","valueRequired":true,"valueName":"search_term_string"}}],"inLanguage":"en-US"},{"@type":"Organization","@id":"https:\/\/www.lpnnails.fr\/#organization","name":"LPN Nails","url":"https:\/\/www.lpnnails.fr\/","logo":{"@type":"ImageObject","inLanguage":"en-US","@id":"https:\/\/www.lpnnails.fr\/#\/schema\/logo\/image\/","url":"https:\/\/www.lpnnails.fr\/wp-content\/uploads\/2025\/11\/Design-sans-titre-2.png","contentUrl":"https:\/\/www.lpnnails.fr\/wp-content\/uploads\/2025\/11\/Design-sans-titre-2.png","width":512,"height":512,"caption":"LPN Nails"},"image":{"@id":"https:\/\/www.lpnnails.fr\/#\/schema\/logo\/image\/"},"sameAs":["https:\/\/www.facebook.com\/profile.php?id=61573655313488#","https:\/\/www.instagram.com\/lpnnails\/","https:\/\/www.linkedin.com\/company\/lpnnails\/","https:\/\/www.youtube.com\/@LPNNails\/"]}]}},"uagb_featured_image_src":{"full":["https:\/\/www.lpnnails.fr\/wp-content\/uploads\/2025\/09\/shinny-baby-pink.jpg",1024,1024,false],"thumbnail":["https:\/\/www.lpnnails.fr\/wp-content\/uploads\/2025\/09\/shinny-baby-pink-150x150.jpg",150,150,true],"medium":["https:\/\/www.lpnnails.fr\/wp-content\/uploads\/2025\/09\/shinny-baby-pink-300x300.jpg",300,300,true],"medium_large":["https:\/\/www.lpnnails.fr\/wp-content\/uploads\/2025\/09\/shinny-baby-pink-768x768.jpg",768,768,true],"large":["https:\/\/www.lpnnails.fr\/wp-content\/uploads\/2025\/09\/shinny-baby-pink.jpg",1024,1024,false],"1536x1536":["https:\/\/www.lpnnails.fr\/wp-content\/uploads\/2025\/09\/shinny-baby-pink.jpg",1024,1024,false],"2048x2048":["https:\/\/www.lpnnails.fr\/wp-content\/uploads\/2025\/09\/shinny-baby-pink.jpg",1024,1024,false],"trp-custom-language-flag":["https:\/\/www.lpnnails.fr\/wp-content\/uploads\/2025\/09\/shinny-baby-pink.jpg",12,12,false],"mailpoet_newsletter_max":["https:\/\/www.lpnnails.fr\/wp-content\/uploads\/2025\/09\/shinny-baby-pink.jpg",1024,1024,false],"woocommerce_thumbnail":["https:\/\/www.lpnnails.fr\/wp-content\/uploads\/2025\/09\/shinny-baby-pink-300x300.jpg",300,300,true],"woocommerce_single":["https:\/\/www.lpnnails.fr\/wp-content\/uploads\/2025\/09\/shinny-baby-pink-600x600.jpg",600,600,true],"woocommerce_gallery_thumbnail":["https:\/\/www.lpnnails.fr\/wp-content\/uploads\/2025\/09\/shinny-baby-pink-100x100.jpg",100,100,true],"variation_swatches_image_size":["https:\/\/www.lpnnails.fr\/wp-content\/uploads\/2025\/09\/shinny-baby-pink-50x50.jpg",50,50,true],"variation_swatches_tooltip_size":["https:\/\/www.lpnnails.fr\/wp-content\/uploads\/2025\/09\/shinny-baby-pink-100x100.jpg",100,100,true]},"uagb_author_info":{"display_name":"LPN Nails","author_link":"https:\/\/www.lpnnails.fr\/en\/author\/"},"uagb_comment_info":0,"uagb_excerpt":"Le Builder Gel Classique LPN Nails est un gel de construction polyvalent et performant, parfait pour r\u00e9aliser des extensions et [&hellip;]","_links":{"self":[{"href":"https:\/\/www.lpnnails.fr\/en\/wp-json\/wp\/v2\/product\/4012","targetHints":{"allow":["GET"]}}],"collection":[{"href":"https:\/\/www.lpnnails.fr\/en\/wp-json\/wp\/v2\/product"}],"about":[{"href":"https:\/\/www.lpnnails.fr\/en\/wp-json\/wp\/v2\/types\/product"}],"replies":[{"embeddable":true,"href":"https:\/\/www.lpnnails.fr\/en\/wp-json\/wp\/v2\/comments?post=4012"}],"wp:featuredmedia":[{"embeddable":true,"href":"https:\/\/www.lpnnails.fr\/en\/wp-json\/wp\/v2\/media\/9244"}],"wp:attachment":[{"href":"https:\/\/www.lpnnails.fr\/en\/wp-json\/wp\/v2\/media?parent=4012"}],"wp:term":[{"taxonomy":"product_brand","embeddable":true,"href":"https:\/\/www.lpnnails.fr\/en\/wp-json\/wp\/v2\/product_brand?post=4012"},{"taxonomy":"product_cat","embeddable":true,"href":"https:\/\/www.lpnnails.fr\/en\/wp-json\/wp\/v2\/product_cat?post=4012"},{"taxonomy":"product_tag","embeddable":true,"href":"https:\/\/www.lpnnails.fr\/en\/wp-json\/wp\/v2\/product_tag?post=4012"}],"curies":[{"name":"wp","href":"https:\/\/api.w.org\/{rel}","templated":true}]}}