{"id":3942,"date":"2024-06-22T13:40:36","date_gmt":"2024-06-22T13:40:36","guid":{"rendered":"https:\/\/www.lpnnails.fr\/?post_type=product&#038;p=3942"},"modified":"2026-03-06T14:45:20","modified_gmt":"2026-03-06T13:45:20","slug":"pinceau-fleurs","status":"publish","type":"product","link":"https:\/\/www.lpnnails.fr\/en\/product\/pinceau-fleurs\/","title":{"rendered":"Pinceau fleurs"},"content":{"rendered":"<p>Donnez vie \u00e0 vos cr\u00e9ations florales avec ce <strong>pinceau<\/strong> de nail art. Pointe fine et base l\u00e9g\u00e8rement plus large,\u00a0id\u00e9al pour dessiner des fleurs d\u00e9licates et des motifs complexes. Sa pointe pr\u00e9cise permet un contr\u00f4le optimal pour r\u00e9aliser des d\u00e9tails subtils et des lignes fines, parfait pour les professionnels comme pour les amateurs passionn\u00e9s. Fabriqu\u00e9 avec des poils de qualit\u00e9, il assure une application fluide pour un r\u00e9sultat impeccable \u00e0 chaque utilisation.<\/p>\n<p><strong>Features :<\/strong><\/p>\n<ul>\n<li><strong>Pointe fine et pr\u00e9cise<\/strong> : Con\u00e7ue pour dessiner des motifs floraux et des d\u00e9tails d\u00e9licats (fin: n\u00b07, ultra fin: n\u00b012) .<\/li>\n<li><strong>Poils de haute qualit\u00e9<\/strong> : Pour une application douce, sans bavures ni \u00e9parpillement.<\/li>\n<li><strong>Manche ergonomique<\/strong> : Pour une prise en main confortable et un contr\u00f4le optimal.<\/li>\n<\/ul>\n<p>Exprimez votre cr\u00e9ativit\u00e9 et ajoutez une touche \u00e9l\u00e9gante \u00e0 vos nail arts gr\u00e2ce \u00e0 ce pinceau sp\u00e9cialement con\u00e7u pour dessiner des fleurs et des motifs artistiques !<\/p>","protected":false},"excerpt":{"rendered":"<p>Donnez vie \u00e0 vos cr\u00e9ations florales avec ce pinceau de nail art. Pointe fine et base l\u00e9g\u00e8rement plus large,\u00a0id\u00e9al pour [&hellip;]<\/p>\n","protected":false},"featured_media":3945,"comment_status":"open","ping_status":"closed","template":"","meta":{"_uag_custom_page_level_css":"","site-sidebar-layout":"default","site-content-layout":"","ast-site-content-layout":"default","site-content-style":"default","site-sidebar-style":"default","ast-global-header-display":"","ast-banner-title-visibility":"","ast-main-header-display":"","ast-hfb-above-header-display":"","ast-hfb-below-header-display":"","ast-hfb-mobile-header-display":"","site-post-title":"","ast-breadcrumbs-content":"","ast-featured-img":"","footer-sml-layout":"","ast-disable-related-posts":"","theme-transparent-header-meta":"default","adv-header-id-meta":"","stick-header-meta":"","header-above-stick-meta":"","header-main-stick-meta":"","header-below-stick-meta":"","astra-migrate-meta-layouts":"set","ast-page-background-enabled":"default","ast-page-background-meta":{"desktop":{"background-color":"var(--ast-global-color-4)","background-image":"","background-repeat":"repeat","background-position":"center center","background-size":"auto","background-attachment":"scroll","background-type":"","background-media":"","overlay-type":"","overlay-color":"","overlay-opacity":"","overlay-gradient":""},"tablet":{"background-color":"","background-image":"","background-repeat":"repeat","background-position":"center center","background-size":"auto","background-attachment":"scroll","background-type":"","background-media":"","overlay-type":"","overlay-color":"","overlay-opacity":"","overlay-gradient":""},"mobile":{"background-color":"","background-image":"","background-repeat":"repeat","background-position":"center center","background-size":"auto","background-attachment":"scroll","background-type":"","background-media":"","overlay-type":"","overlay-color":"","overlay-opacity":"","overlay-gradient":""}},"ast-content-background-meta":{"desktop":{"background-color":"var(--ast-global-color-5)","background-image":"","background-repeat":"repeat","background-position":"center center","background-size":"auto","background-attachment":"scroll","background-type":"","background-media":"","overlay-type":"","overlay-color":"","overlay-opacity":"","overlay-gradient":""},"tablet":{"background-color":"var(--ast-global-color-5)","background-image":"","background-repeat":"repeat","background-position":"center center","background-size":"auto","background-attachment":"scroll","background-type":"","background-media":"","overlay-type":"","overlay-color":"","overlay-opacity":"","overlay-gradient":""},"mobile":{"background-color":"var(--ast-global-color-5)","background-image":"","background-repeat":"repeat","background-position":"center center","background-size":"auto","background-attachment":"scroll","background-type":"","background-media":"","overlay-type":"","overlay-color":"","overlay-opacity":"","overlay-gradient":""}}},"product_brand":[254],"product_cat":[762,199],"product_tag":[],"class_list":{"0":"post-3942","1":"product","2":"type-product","3":"status-publish","4":"has-post-thumbnail","6":"product_brand-lpnnails","7":"product_cat-destockage","8":"product_cat-tous-les-produits","9":"pa_taille-n12","10":"pa_taille-n7","11":"desktop-align-left","12":"tablet-align-left","13":"mobile-align-left","15":"first","16":"instock","17":"purchasable","18":"product-type-variable","19":"wvs-archive-product-wrapper"},"yoast_head":"<!-- This site is optimized with the Yoast SEO plugin v27.3 - https:\/\/yoast.com\/product\/yoast-seo-wordpress\/ -->\n<title>Pinceau fleurs - LPN Nails<\/title>\n<meta name=\"description\" content=\"Donnez vie \u00e0 vos cr\u00e9ations florales avec ce pinceau de nail art. Pointe fine et base l\u00e9g\u00e8rement plus large, id\u00e9al pour dessiner des fleurs d\u00e9licates et des motifs complexes. Sa pointe pr\u00e9cise permet un contr\u00f4le optimal pour r\u00e9aliser des d\u00e9tails subtils et des lignes fines, parfait pour les professionnels comme pour les amateurs passionn\u00e9s. Fabriqu\u00e9 avec des poils de qualit\u00e9, il assure une application fluide pour un r\u00e9sultat impeccable \u00e0 chaque utilisation.\" \/>\n<meta name=\"robots\" content=\"index, follow, max-snippet:-1, max-image-preview:large, max-video-preview:-1\" \/>\n<link rel=\"canonical\" href=\"https:\/\/www.lpnnails.fr\/en\/product\/pinceau-fleurs\/\" \/>\n<meta property=\"og:locale\" content=\"en_US\" \/>\n<meta property=\"og:type\" content=\"article\" \/>\n<meta property=\"og:title\" content=\"Pinceau fleurs - LPN Nails\" \/>\n<meta property=\"og:description\" content=\"Donnez vie \u00e0 vos cr\u00e9ations florales avec ce pinceau de nail art. Pointe fine et base l\u00e9g\u00e8rement plus large, id\u00e9al pour dessiner des fleurs d\u00e9licates et des motifs complexes. Sa pointe pr\u00e9cise permet un contr\u00f4le optimal pour r\u00e9aliser des d\u00e9tails subtils et des lignes fines, parfait pour les professionnels comme pour les amateurs passionn\u00e9s. Fabriqu\u00e9 avec des poils de qualit\u00e9, il assure une application fluide pour un r\u00e9sultat impeccable \u00e0 chaque utilisation.\" \/>\n<meta property=\"og:url\" content=\"https:\/\/www.lpnnails.fr\/en\/product\/pinceau-fleurs\/\" \/>\n<meta property=\"og:site_name\" content=\"LPN Nails\" \/>\n<meta property=\"article:publisher\" content=\"https:\/\/www.facebook.com\/profile.php?id=61573655313488#\" \/>\n<meta property=\"article:modified_time\" content=\"2026-03-06T13:45:20+00:00\" \/>\n<meta property=\"og:image\" content=\"https:\/\/www.lpnnails.fr\/wp-content\/uploads\/2025\/04\/products-8907b2_14d025bd1fa244f7980464ad8269c6ce~mv2.png\" \/>\n\t<meta property=\"og:image:width\" content=\"1024\" \/>\n\t<meta property=\"og:image:height\" content=\"1024\" \/>\n\t<meta property=\"og:image:type\" content=\"image\/jpeg\" \/>\n<meta name=\"twitter:card\" content=\"summary_large_image\" \/>\n<meta name=\"twitter:label1\" content=\"Est. reading time\" \/>\n\t<meta name=\"twitter:data1\" content=\"1 minute\" \/>\n<script type=\"application\/ld+json\" class=\"yoast-schema-graph\">{\"@context\":\"https:\\\/\\\/schema.org\",\"@graph\":[{\"@type\":\"WebPage\",\"@id\":\"https:\\\/\\\/www.lpnnails.fr\\\/produit\\\/pinceau-fleurs\\\/\",\"url\":\"https:\\\/\\\/www.lpnnails.fr\\\/produit\\\/pinceau-fleurs\\\/\",\"name\":\"Pinceau fleurs - LPN Nails\",\"isPartOf\":{\"@id\":\"https:\\\/\\\/www.lpnnails.fr\\\/#website\"},\"primaryImageOfPage\":{\"@id\":\"https:\\\/\\\/www.lpnnails.fr\\\/produit\\\/pinceau-fleurs\\\/#primaryimage\"},\"image\":{\"@id\":\"https:\\\/\\\/www.lpnnails.fr\\\/produit\\\/pinceau-fleurs\\\/#primaryimage\"},\"thumbnailUrl\":\"https:\\\/\\\/www.lpnnails.fr\\\/wp-content\\\/uploads\\\/2025\\\/04\\\/products-8907b2_14d025bd1fa244f7980464ad8269c6ce~mv2.png\",\"datePublished\":\"2024-06-22T13:40:36+00:00\",\"dateModified\":\"2026-03-06T13:45:20+00:00\",\"description\":\"Donnez vie \u00e0 vos cr\u00e9ations florales avec ce pinceau de nail art. Pointe fine et base l\u00e9g\u00e8rement plus large, id\u00e9al pour dessiner des fleurs d\u00e9licates et des motifs complexes. Sa pointe pr\u00e9cise permet un contr\u00f4le optimal pour r\u00e9aliser des d\u00e9tails subtils et des lignes fines, parfait pour les professionnels comme pour les amateurs passionn\u00e9s. Fabriqu\u00e9 avec des poils de qualit\u00e9, il assure une application fluide pour un r\u00e9sultat impeccable \u00e0 chaque utilisation.\",\"breadcrumb\":{\"@id\":\"https:\\\/\\\/www.lpnnails.fr\\\/produit\\\/pinceau-fleurs\\\/#breadcrumb\"},\"inLanguage\":\"en-US\",\"potentialAction\":[{\"@type\":\"ReadAction\",\"target\":[\"https:\\\/\\\/www.lpnnails.fr\\\/produit\\\/pinceau-fleurs\\\/\"]}]},{\"@type\":\"ImageObject\",\"inLanguage\":\"en-US\",\"@id\":\"https:\\\/\\\/www.lpnnails.fr\\\/produit\\\/pinceau-fleurs\\\/#primaryimage\",\"url\":\"https:\\\/\\\/www.lpnnails.fr\\\/wp-content\\\/uploads\\\/2025\\\/04\\\/products-8907b2_14d025bd1fa244f7980464ad8269c6ce~mv2.png\",\"contentUrl\":\"https:\\\/\\\/www.lpnnails.fr\\\/wp-content\\\/uploads\\\/2025\\\/04\\\/products-8907b2_14d025bd1fa244f7980464ad8269c6ce~mv2.png\",\"width\":1024,\"height\":1024,\"caption\":\"PINCEAU FLEURS N\u00b07\"},{\"@type\":\"BreadcrumbList\",\"@id\":\"https:\\\/\\\/www.lpnnails.fr\\\/produit\\\/pinceau-fleurs\\\/#breadcrumb\",\"itemListElement\":[{\"@type\":\"ListItem\",\"position\":1,\"name\":\"Accueil\",\"item\":\"https:\\\/\\\/www.lpnnails.fr\\\/\"},{\"@type\":\"ListItem\",\"position\":2,\"name\":\"Boutique\",\"item\":\"https:\\\/\\\/www.lpnnails.fr\\\/boutique\\\/\"},{\"@type\":\"ListItem\",\"position\":3,\"name\":\"Pinceau fleurs\"}]},{\"@type\":\"WebSite\",\"@id\":\"https:\\\/\\\/www.lpnnails.fr\\\/#website\",\"url\":\"https:\\\/\\\/www.lpnnails.fr\\\/\",\"name\":\"LPN Nails\",\"description\":\"\",\"publisher\":{\"@id\":\"https:\\\/\\\/www.lpnnails.fr\\\/#organization\"},\"potentialAction\":[{\"@type\":\"SearchAction\",\"target\":{\"@type\":\"EntryPoint\",\"urlTemplate\":\"https:\\\/\\\/www.lpnnails.fr\\\/?s={search_term_string}\"},\"query-input\":{\"@type\":\"PropertyValueSpecification\",\"valueRequired\":true,\"valueName\":\"search_term_string\"}}],\"inLanguage\":\"en-US\"},{\"@type\":\"Organization\",\"@id\":\"https:\\\/\\\/www.lpnnails.fr\\\/#organization\",\"name\":\"LPN Nails\",\"url\":\"https:\\\/\\\/www.lpnnails.fr\\\/\",\"logo\":{\"@type\":\"ImageObject\",\"inLanguage\":\"en-US\",\"@id\":\"https:\\\/\\\/www.lpnnails.fr\\\/#\\\/schema\\\/logo\\\/image\\\/\",\"url\":\"https:\\\/\\\/www.lpnnails.fr\\\/wp-content\\\/uploads\\\/2025\\\/11\\\/Design-sans-titre-2.png\",\"contentUrl\":\"https:\\\/\\\/www.lpnnails.fr\\\/wp-content\\\/uploads\\\/2025\\\/11\\\/Design-sans-titre-2.png\",\"width\":512,\"height\":512,\"caption\":\"LPN Nails\"},\"image\":{\"@id\":\"https:\\\/\\\/www.lpnnails.fr\\\/#\\\/schema\\\/logo\\\/image\\\/\"},\"sameAs\":[\"https:\\\/\\\/www.facebook.com\\\/profile.php?id=61573655313488#\",\"https:\\\/\\\/www.instagram.com\\\/lpnnails\\\/\",\"https:\\\/\\\/www.linkedin.com\\\/company\\\/lpnnails\\\/\",\"https:\\\/\\\/www.youtube.com\\\/@LPNNails\\\/\"]}]}<\/script>\n<!-- \/ Yoast SEO plugin. -->","yoast_head_json":{"title":"Pinceau fleurs - LPN Nails","description":"Donnez vie \u00e0 vos cr\u00e9ations florales avec ce pinceau de nail art. Pointe fine et base l\u00e9g\u00e8rement plus large, id\u00e9al pour dessiner des fleurs d\u00e9licates et des motifs complexes. Sa pointe pr\u00e9cise permet un contr\u00f4le optimal pour r\u00e9aliser des d\u00e9tails subtils et des lignes fines, parfait pour les professionnels comme pour les amateurs passionn\u00e9s. Fabriqu\u00e9 avec des poils de qualit\u00e9, il assure une application fluide pour un r\u00e9sultat impeccable \u00e0 chaque utilisation.","robots":{"index":"index","follow":"follow","max-snippet":"max-snippet:-1","max-image-preview":"max-image-preview:large","max-video-preview":"max-video-preview:-1"},"canonical":"https:\/\/www.lpnnails.fr\/en\/product\/pinceau-fleurs\/","og_locale":"en_US","og_type":"article","og_title":"Pinceau fleurs - LPN Nails","og_description":"Donnez vie \u00e0 vos cr\u00e9ations florales avec ce pinceau de nail art. Pointe fine et base l\u00e9g\u00e8rement plus large, id\u00e9al pour dessiner des fleurs d\u00e9licates et des motifs complexes. Sa pointe pr\u00e9cise permet un contr\u00f4le optimal pour r\u00e9aliser des d\u00e9tails subtils et des lignes fines, parfait pour les professionnels comme pour les amateurs passionn\u00e9s. Fabriqu\u00e9 avec des poils de qualit\u00e9, il assure une application fluide pour un r\u00e9sultat impeccable \u00e0 chaque utilisation.","og_url":"https:\/\/www.lpnnails.fr\/en\/product\/pinceau-fleurs\/","og_site_name":"LPN Nails","article_publisher":"https:\/\/www.facebook.com\/profile.php?id=61573655313488#","article_modified_time":"2026-03-06T13:45:20+00:00","og_image":[{"width":1024,"height":1024,"url":"https:\/\/www.lpnnails.fr\/wp-content\/uploads\/2025\/04\/products-8907b2_14d025bd1fa244f7980464ad8269c6ce~mv2.png","type":"image\/jpeg"}],"twitter_card":"summary_large_image","twitter_misc":{"Est. reading time":"1 minute"},"schema":{"@context":"https:\/\/schema.org","@graph":[{"@type":"WebPage","@id":"https:\/\/www.lpnnails.fr\/produit\/pinceau-fleurs\/","url":"https:\/\/www.lpnnails.fr\/produit\/pinceau-fleurs\/","name":"Pinceau fleurs - LPN Nails","isPartOf":{"@id":"https:\/\/www.lpnnails.fr\/#website"},"primaryImageOfPage":{"@id":"https:\/\/www.lpnnails.fr\/produit\/pinceau-fleurs\/#primaryimage"},"image":{"@id":"https:\/\/www.lpnnails.fr\/produit\/pinceau-fleurs\/#primaryimage"},"thumbnailUrl":"https:\/\/www.lpnnails.fr\/wp-content\/uploads\/2025\/04\/products-8907b2_14d025bd1fa244f7980464ad8269c6ce~mv2.png","datePublished":"2024-06-22T13:40:36+00:00","dateModified":"2026-03-06T13:45:20+00:00","description":"Donnez vie \u00e0 vos cr\u00e9ations florales avec ce pinceau de nail art. Pointe fine et base l\u00e9g\u00e8rement plus large, id\u00e9al pour dessiner des fleurs d\u00e9licates et des motifs complexes. Sa pointe pr\u00e9cise permet un contr\u00f4le optimal pour r\u00e9aliser des d\u00e9tails subtils et des lignes fines, parfait pour les professionnels comme pour les amateurs passionn\u00e9s. Fabriqu\u00e9 avec des poils de qualit\u00e9, il assure une application fluide pour un r\u00e9sultat impeccable \u00e0 chaque utilisation.","breadcrumb":{"@id":"https:\/\/www.lpnnails.fr\/produit\/pinceau-fleurs\/#breadcrumb"},"inLanguage":"en-US","potentialAction":[{"@type":"ReadAction","target":["https:\/\/www.lpnnails.fr\/produit\/pinceau-fleurs\/"]}]},{"@type":"ImageObject","inLanguage":"en-US","@id":"https:\/\/www.lpnnails.fr\/produit\/pinceau-fleurs\/#primaryimage","url":"https:\/\/www.lpnnails.fr\/wp-content\/uploads\/2025\/04\/products-8907b2_14d025bd1fa244f7980464ad8269c6ce~mv2.png","contentUrl":"https:\/\/www.lpnnails.fr\/wp-content\/uploads\/2025\/04\/products-8907b2_14d025bd1fa244f7980464ad8269c6ce~mv2.png","width":1024,"height":1024,"caption":"PINCEAU FLEURS N\u00b07"},{"@type":"BreadcrumbList","@id":"https:\/\/www.lpnnails.fr\/produit\/pinceau-fleurs\/#breadcrumb","itemListElement":[{"@type":"ListItem","position":1,"name":"Accueil","item":"https:\/\/www.lpnnails.fr\/"},{"@type":"ListItem","position":2,"name":"Boutique","item":"https:\/\/www.lpnnails.fr\/boutique\/"},{"@type":"ListItem","position":3,"name":"Pinceau fleurs"}]},{"@type":"WebSite","@id":"https:\/\/www.lpnnails.fr\/#website","url":"https:\/\/www.lpnnails.fr\/","name":"LPN Nails","description":"","publisher":{"@id":"https:\/\/www.lpnnails.fr\/#organization"},"potentialAction":[{"@type":"SearchAction","target":{"@type":"EntryPoint","urlTemplate":"https:\/\/www.lpnnails.fr\/?s={search_term_string}"},"query-input":{"@type":"PropertyValueSpecification","valueRequired":true,"valueName":"search_term_string"}}],"inLanguage":"en-US"},{"@type":"Organization","@id":"https:\/\/www.lpnnails.fr\/#organization","name":"LPN Nails","url":"https:\/\/www.lpnnails.fr\/","logo":{"@type":"ImageObject","inLanguage":"en-US","@id":"https:\/\/www.lpnnails.fr\/#\/schema\/logo\/image\/","url":"https:\/\/www.lpnnails.fr\/wp-content\/uploads\/2025\/11\/Design-sans-titre-2.png","contentUrl":"https:\/\/www.lpnnails.fr\/wp-content\/uploads\/2025\/11\/Design-sans-titre-2.png","width":512,"height":512,"caption":"LPN Nails"},"image":{"@id":"https:\/\/www.lpnnails.fr\/#\/schema\/logo\/image\/"},"sameAs":["https:\/\/www.facebook.com\/profile.php?id=61573655313488#","https:\/\/www.instagram.com\/lpnnails\/","https:\/\/www.linkedin.com\/company\/lpnnails\/","https:\/\/www.youtube.com\/@LPNNails\/"]}]}},"uagb_featured_image_src":{"full":["https:\/\/www.lpnnails.fr\/wp-content\/uploads\/2025\/04\/products-8907b2_14d025bd1fa244f7980464ad8269c6ce~mv2.png",1024,1024,false],"thumbnail":["https:\/\/www.lpnnails.fr\/wp-content\/uploads\/2025\/04\/products-8907b2_14d025bd1fa244f7980464ad8269c6ce~mv2.png",150,150,true],"medium":["https:\/\/www.lpnnails.fr\/wp-content\/uploads\/2025\/04\/products-8907b2_14d025bd1fa244f7980464ad8269c6ce~mv2.png",300,214,true],"medium_large":["https:\/\/www.lpnnails.fr\/wp-content\/uploads\/2025\/04\/products-8907b2_14d025bd1fa244f7980464ad8269c6ce~mv2.png",768,768,false],"large":["https:\/\/www.lpnnails.fr\/wp-content\/uploads\/2025\/04\/products-8907b2_14d025bd1fa244f7980464ad8269c6ce~mv2.png",1024,1024,false],"1536x1536":["https:\/\/www.lpnnails.fr\/wp-content\/uploads\/2025\/04\/products-8907b2_14d025bd1fa244f7980464ad8269c6ce~mv2.png",1024,1024,false],"2048x2048":["https:\/\/www.lpnnails.fr\/wp-content\/uploads\/2025\/04\/products-8907b2_14d025bd1fa244f7980464ad8269c6ce~mv2.png",1024,1024,false],"trp-custom-language-flag":["https:\/\/www.lpnnails.fr\/wp-content\/uploads\/2025\/04\/products-8907b2_14d025bd1fa244f7980464ad8269c6ce~mv2.png",12,12,false],"mailpoet_newsletter_max":["https:\/\/www.lpnnails.fr\/wp-content\/uploads\/2025\/04\/products-8907b2_14d025bd1fa244f7980464ad8269c6ce~mv2.png",1024,1024,false],"woocommerce_thumbnail":["https:\/\/www.lpnnails.fr\/wp-content\/uploads\/2025\/04\/products-8907b2_14d025bd1fa244f7980464ad8269c6ce~mv2.png",300,300,false],"woocommerce_single":["https:\/\/www.lpnnails.fr\/wp-content\/uploads\/2025\/04\/products-8907b2_14d025bd1fa244f7980464ad8269c6ce~mv2.png",600,600,false],"woocommerce_gallery_thumbnail":["https:\/\/www.lpnnails.fr\/wp-content\/uploads\/2025\/04\/products-8907b2_14d025bd1fa244f7980464ad8269c6ce~mv2.png",100,100,false],"variation_swatches_image_size":["https:\/\/www.lpnnails.fr\/wp-content\/uploads\/2025\/04\/products-8907b2_14d025bd1fa244f7980464ad8269c6ce~mv2.png",50,50,false],"variation_swatches_tooltip_size":["https:\/\/www.lpnnails.fr\/wp-content\/uploads\/2025\/04\/products-8907b2_14d025bd1fa244f7980464ad8269c6ce~mv2.png",100,100,false]},"uagb_author_info":{"display_name":"LPN Nails","author_link":"https:\/\/www.lpnnails.fr\/en\/author\/"},"uagb_comment_info":0,"uagb_excerpt":"Donnez vie \u00e0 vos cr\u00e9ations florales avec ce pinceau de nail art. Pointe fine et base l\u00e9g\u00e8rement plus large,\u00a0id\u00e9al pour [&hellip;]","_links":{"self":[{"href":"https:\/\/www.lpnnails.fr\/en\/wp-json\/wp\/v2\/product\/3942","targetHints":{"allow":["GET"]}}],"collection":[{"href":"https:\/\/www.lpnnails.fr\/en\/wp-json\/wp\/v2\/product"}],"about":[{"href":"https:\/\/www.lpnnails.fr\/en\/wp-json\/wp\/v2\/types\/product"}],"replies":[{"embeddable":true,"href":"https:\/\/www.lpnnails.fr\/en\/wp-json\/wp\/v2\/comments?post=3942"}],"wp:featuredmedia":[{"embeddable":true,"href":"https:\/\/www.lpnnails.fr\/en\/wp-json\/wp\/v2\/media\/3945"}],"wp:attachment":[{"href":"https:\/\/www.lpnnails.fr\/en\/wp-json\/wp\/v2\/media?parent=3942"}],"wp:term":[{"taxonomy":"product_brand","embeddable":true,"href":"https:\/\/www.lpnnails.fr\/en\/wp-json\/wp\/v2\/product_brand?post=3942"},{"taxonomy":"product_cat","embeddable":true,"href":"https:\/\/www.lpnnails.fr\/en\/wp-json\/wp\/v2\/product_cat?post=3942"},{"taxonomy":"product_tag","embeddable":true,"href":"https:\/\/www.lpnnails.fr\/en\/wp-json\/wp\/v2\/product_tag?post=3942"}],"curies":[{"name":"wp","href":"https:\/\/api.w.org\/{rel}","templated":true}]}}