{"id":3916,"date":"2024-03-24T21:03:38","date_gmt":"2024-03-24T21:03:38","guid":{"rendered":"https:\/\/www.lpnnails.fr\/?post_type=product&#038;p=3916"},"modified":"2026-01-09T19:10:37","modified_gmt":"2026-01-09T18:10:37","slug":"moule-en-silicone-2","status":"publish","type":"product","link":"https:\/\/www.lpnnails.fr\/en\/product\/moule-en-silicone-2\/","title":{"rendered":"Moule en silicone"},"content":{"rendered":"<p>Con\u00e7u sp\u00e9cialement pour les passionn\u00e9s et professionnels de l\u2019onglerie, ce moule vous permet de r\u00e9aliser facilement des formes en r\u00e9sine, gel ou poudre acrylique. Durable, flexible et r\u00e9utilisable, il s&#8217;adapte \u00e0 toutes vos envies de design : fleurs, coeurs, \u00e9toiles, et bien plus encore !<\/p>\n<p><strong>Features :<\/strong><\/p>\n<ul>\n<li><strong>Mati\u00e8re en silicone de haute qualit\u00e9<\/strong> : Doux et facile \u00e0 d\u00e9mouler, pour des r\u00e9sultats sans d\u00e9fauts<\/li>\n<li><strong>Multifonctions<\/strong> : Id\u00e9al pour les\u00a0gels 3d et de construction<\/li>\n<li><strong>Facile \u00e0 nettoyer<\/strong> et r\u00e9utilisable \u00e0 l&#8217;infini<\/li>\n<\/ul>\n<p>Apportez une touche unique \u00e0 vos cr\u00e9ations avec ce moule en silicone pour nail art. Que vous soyez d\u00e9butant ou expert, laissez libre cours \u00e0 votre cr\u00e9ativit\u00e9 !<\/p>","protected":false},"excerpt":{"rendered":"<p>Con\u00e7u sp\u00e9cialement pour les passionn\u00e9s et professionnels de l\u2019onglerie, ce moule vous permet de r\u00e9aliser facilement des formes en r\u00e9sine, [&hellip;]<\/p>\n","protected":false},"featured_media":7103,"comment_status":"open","ping_status":"closed","template":"","meta":{"_uag_custom_page_level_css":"","site-sidebar-layout":"default","site-content-layout":"","ast-site-content-layout":"default","site-content-style":"default","site-sidebar-style":"default","ast-global-header-display":"","ast-banner-title-visibility":"","ast-main-header-display":"","ast-hfb-above-header-display":"","ast-hfb-below-header-display":"","ast-hfb-mobile-header-display":"","site-post-title":"","ast-breadcrumbs-content":"","ast-featured-img":"","footer-sml-layout":"","ast-disable-related-posts":"","theme-transparent-header-meta":"default","adv-header-id-meta":"","stick-header-meta":"","header-above-stick-meta":"","header-main-stick-meta":"","header-below-stick-meta":"","astra-migrate-meta-layouts":"set","ast-page-background-enabled":"default","ast-page-background-meta":{"desktop":{"background-color":"var(--ast-global-color-4)","background-image":"","background-repeat":"repeat","background-position":"center center","background-size":"auto","background-attachment":"scroll","background-type":"","background-media":"","overlay-type":"","overlay-color":"","overlay-opacity":"","overlay-gradient":""},"tablet":{"background-color":"","background-image":"","background-repeat":"repeat","background-position":"center center","background-size":"auto","background-attachment":"scroll","background-type":"","background-media":"","overlay-type":"","overlay-color":"","overlay-opacity":"","overlay-gradient":""},"mobile":{"background-color":"","background-image":"","background-repeat":"repeat","background-position":"center center","background-size":"auto","background-attachment":"scroll","background-type":"","background-media":"","overlay-type":"","overlay-color":"","overlay-opacity":"","overlay-gradient":""}},"ast-content-background-meta":{"desktop":{"background-color":"var(--ast-global-color-5)","background-image":"","background-repeat":"repeat","background-position":"center center","background-size":"auto","background-attachment":"scroll","background-type":"","background-media":"","overlay-type":"","overlay-color":"","overlay-opacity":"","overlay-gradient":""},"tablet":{"background-color":"var(--ast-global-color-5)","background-image":"","background-repeat":"repeat","background-position":"center center","background-size":"auto","background-attachment":"scroll","background-type":"","background-media":"","overlay-type":"","overlay-color":"","overlay-opacity":"","overlay-gradient":""},"mobile":{"background-color":"var(--ast-global-color-5)","background-image":"","background-repeat":"repeat","background-position":"center center","background-size":"auto","background-attachment":"scroll","background-type":"","background-media":"","overlay-type":"","overlay-color":"","overlay-opacity":"","overlay-gradient":""}}},"product_brand":[254],"product_cat":[237,199],"product_tag":[],"class_list":{"0":"post-3916","1":"product","2":"type-product","3":"status-publish","4":"has-post-thumbnail","6":"product_brand-lpnnails","7":"product_cat-moules","8":"product_cat-tous-les-produits","9":"desktop-align-left","10":"tablet-align-left","11":"mobile-align-left","13":"first","14":"instock","15":"purchasable","16":"product-type-simple"},"yoast_head":"<!-- This site is optimized with the Yoast SEO plugin v27.3 - https:\/\/yoast.com\/product\/yoast-seo-wordpress\/ -->\n<title>Moule en silicone - LPN Nails<\/title>\n<meta name=\"description\" content=\"Con\u00e7u sp\u00e9cialement pour les passionn\u00e9s et professionnels de l\u2019onglerie, ce moule vous permet de r\u00e9aliser facilement des formes en r\u00e9sine, gel ou poudre acrylique. Durable, flexible et r\u00e9utilisable, il s&#039;adapte \u00e0 toutes vos envies de design : fleurs, coeurs, \u00e9toiles, et bien plus encore !\" \/>\n<meta name=\"robots\" content=\"index, follow, max-snippet:-1, max-image-preview:large, max-video-preview:-1\" \/>\n<link rel=\"canonical\" href=\"https:\/\/www.lpnnails.fr\/en\/product\/moule-en-silicone-2\/\" \/>\n<meta property=\"og:locale\" content=\"en_US\" \/>\n<meta property=\"og:type\" content=\"article\" \/>\n<meta property=\"og:title\" content=\"Moule en silicone - LPN Nails\" \/>\n<meta property=\"og:description\" content=\"Con\u00e7u sp\u00e9cialement pour les passionn\u00e9s et professionnels de l\u2019onglerie, ce moule vous permet de r\u00e9aliser facilement des formes en r\u00e9sine, gel ou poudre acrylique. Durable, flexible et r\u00e9utilisable, il s&#039;adapte \u00e0 toutes vos envies de design : fleurs, coeurs, \u00e9toiles, et bien plus encore !\" \/>\n<meta property=\"og:url\" content=\"https:\/\/www.lpnnails.fr\/en\/product\/moule-en-silicone-2\/\" \/>\n<meta property=\"og:site_name\" content=\"LPN Nails\" \/>\n<meta property=\"article:publisher\" content=\"https:\/\/www.facebook.com\/profile.php?id=61573655313488#\" \/>\n<meta property=\"article:modified_time\" content=\"2026-01-09T18:10:37+00:00\" \/>\n<meta property=\"og:image\" content=\"https:\/\/www.lpnnails.fr\/wp-content\/uploads\/2024\/03\/moule.png\" \/>\n\t<meta property=\"og:image:width\" content=\"1024\" \/>\n\t<meta property=\"og:image:height\" content=\"1024\" \/>\n\t<meta property=\"og:image:type\" content=\"image\/png\" \/>\n<meta name=\"twitter:card\" content=\"summary_large_image\" \/>\n<meta name=\"twitter:label1\" content=\"Est. reading time\" \/>\n\t<meta name=\"twitter:data1\" content=\"1 minute\" \/>\n<script type=\"application\/ld+json\" class=\"yoast-schema-graph\">{\"@context\":\"https:\\\/\\\/schema.org\",\"@graph\":[{\"@type\":\"WebPage\",\"@id\":\"https:\\\/\\\/www.lpnnails.fr\\\/produit\\\/moule-en-silicone-2\\\/\",\"url\":\"https:\\\/\\\/www.lpnnails.fr\\\/produit\\\/moule-en-silicone-2\\\/\",\"name\":\"Moule en silicone - LPN Nails\",\"isPartOf\":{\"@id\":\"https:\\\/\\\/www.lpnnails.fr\\\/#website\"},\"primaryImageOfPage\":{\"@id\":\"https:\\\/\\\/www.lpnnails.fr\\\/produit\\\/moule-en-silicone-2\\\/#primaryimage\"},\"image\":{\"@id\":\"https:\\\/\\\/www.lpnnails.fr\\\/produit\\\/moule-en-silicone-2\\\/#primaryimage\"},\"thumbnailUrl\":\"https:\\\/\\\/www.lpnnails.fr\\\/wp-content\\\/uploads\\\/2024\\\/03\\\/moule.png\",\"datePublished\":\"2024-03-24T21:03:38+00:00\",\"dateModified\":\"2026-01-09T18:10:37+00:00\",\"description\":\"Con\u00e7u sp\u00e9cialement pour les passionn\u00e9s et professionnels de l\u2019onglerie, ce moule vous permet de r\u00e9aliser facilement des formes en r\u00e9sine, gel ou poudre acrylique. Durable, flexible et r\u00e9utilisable, il s'adapte \u00e0 toutes vos envies de design : fleurs, coeurs, \u00e9toiles, et bien plus encore !\",\"breadcrumb\":{\"@id\":\"https:\\\/\\\/www.lpnnails.fr\\\/produit\\\/moule-en-silicone-2\\\/#breadcrumb\"},\"inLanguage\":\"en-US\",\"potentialAction\":[{\"@type\":\"ReadAction\",\"target\":[\"https:\\\/\\\/www.lpnnails.fr\\\/produit\\\/moule-en-silicone-2\\\/\"]}]},{\"@type\":\"ImageObject\",\"inLanguage\":\"en-US\",\"@id\":\"https:\\\/\\\/www.lpnnails.fr\\\/produit\\\/moule-en-silicone-2\\\/#primaryimage\",\"url\":\"https:\\\/\\\/www.lpnnails.fr\\\/wp-content\\\/uploads\\\/2024\\\/03\\\/moule.png\",\"contentUrl\":\"https:\\\/\\\/www.lpnnails.fr\\\/wp-content\\\/uploads\\\/2024\\\/03\\\/moule.png\",\"width\":1024,\"height\":1024,\"caption\":\"moule en silicone\"},{\"@type\":\"BreadcrumbList\",\"@id\":\"https:\\\/\\\/www.lpnnails.fr\\\/produit\\\/moule-en-silicone-2\\\/#breadcrumb\",\"itemListElement\":[{\"@type\":\"ListItem\",\"position\":1,\"name\":\"Accueil\",\"item\":\"https:\\\/\\\/www.lpnnails.fr\\\/\"},{\"@type\":\"ListItem\",\"position\":2,\"name\":\"Boutique\",\"item\":\"https:\\\/\\\/www.lpnnails.fr\\\/boutique\\\/\"},{\"@type\":\"ListItem\",\"position\":3,\"name\":\"Moule en silicone\"}]},{\"@type\":\"WebSite\",\"@id\":\"https:\\\/\\\/www.lpnnails.fr\\\/#website\",\"url\":\"https:\\\/\\\/www.lpnnails.fr\\\/\",\"name\":\"LPN Nails\",\"description\":\"\",\"publisher\":{\"@id\":\"https:\\\/\\\/www.lpnnails.fr\\\/#organization\"},\"potentialAction\":[{\"@type\":\"SearchAction\",\"target\":{\"@type\":\"EntryPoint\",\"urlTemplate\":\"https:\\\/\\\/www.lpnnails.fr\\\/?s={search_term_string}\"},\"query-input\":{\"@type\":\"PropertyValueSpecification\",\"valueRequired\":true,\"valueName\":\"search_term_string\"}}],\"inLanguage\":\"en-US\"},{\"@type\":\"Organization\",\"@id\":\"https:\\\/\\\/www.lpnnails.fr\\\/#organization\",\"name\":\"LPN Nails\",\"url\":\"https:\\\/\\\/www.lpnnails.fr\\\/\",\"logo\":{\"@type\":\"ImageObject\",\"inLanguage\":\"en-US\",\"@id\":\"https:\\\/\\\/www.lpnnails.fr\\\/#\\\/schema\\\/logo\\\/image\\\/\",\"url\":\"https:\\\/\\\/www.lpnnails.fr\\\/wp-content\\\/uploads\\\/2025\\\/11\\\/Design-sans-titre-2.png\",\"contentUrl\":\"https:\\\/\\\/www.lpnnails.fr\\\/wp-content\\\/uploads\\\/2025\\\/11\\\/Design-sans-titre-2.png\",\"width\":512,\"height\":512,\"caption\":\"LPN Nails\"},\"image\":{\"@id\":\"https:\\\/\\\/www.lpnnails.fr\\\/#\\\/schema\\\/logo\\\/image\\\/\"},\"sameAs\":[\"https:\\\/\\\/www.facebook.com\\\/profile.php?id=61573655313488#\",\"https:\\\/\\\/www.instagram.com\\\/lpnnails\\\/\",\"https:\\\/\\\/www.linkedin.com\\\/company\\\/lpnnails\\\/\",\"https:\\\/\\\/www.youtube.com\\\/@LPNNails\\\/\"]}]}<\/script>\n<!-- \/ Yoast SEO plugin. -->","yoast_head_json":{"title":"Moule en silicone - LPN Nails","description":"Con\u00e7u sp\u00e9cialement pour les passionn\u00e9s et professionnels de l\u2019onglerie, ce moule vous permet de r\u00e9aliser facilement des formes en r\u00e9sine, gel ou poudre acrylique. Durable, flexible et r\u00e9utilisable, il s'adapte \u00e0 toutes vos envies de design : fleurs, coeurs, \u00e9toiles, et bien plus encore !","robots":{"index":"index","follow":"follow","max-snippet":"max-snippet:-1","max-image-preview":"max-image-preview:large","max-video-preview":"max-video-preview:-1"},"canonical":"https:\/\/www.lpnnails.fr\/en\/product\/moule-en-silicone-2\/","og_locale":"en_US","og_type":"article","og_title":"Moule en silicone - LPN Nails","og_description":"Con\u00e7u sp\u00e9cialement pour les passionn\u00e9s et professionnels de l\u2019onglerie, ce moule vous permet de r\u00e9aliser facilement des formes en r\u00e9sine, gel ou poudre acrylique. Durable, flexible et r\u00e9utilisable, il s'adapte \u00e0 toutes vos envies de design : fleurs, coeurs, \u00e9toiles, et bien plus encore !","og_url":"https:\/\/www.lpnnails.fr\/en\/product\/moule-en-silicone-2\/","og_site_name":"LPN Nails","article_publisher":"https:\/\/www.facebook.com\/profile.php?id=61573655313488#","article_modified_time":"2026-01-09T18:10:37+00:00","og_image":[{"width":1024,"height":1024,"url":"https:\/\/www.lpnnails.fr\/wp-content\/uploads\/2024\/03\/moule.png","type":"image\/png"}],"twitter_card":"summary_large_image","twitter_misc":{"Est. reading time":"1 minute"},"schema":{"@context":"https:\/\/schema.org","@graph":[{"@type":"WebPage","@id":"https:\/\/www.lpnnails.fr\/produit\/moule-en-silicone-2\/","url":"https:\/\/www.lpnnails.fr\/produit\/moule-en-silicone-2\/","name":"Moule en silicone - LPN Nails","isPartOf":{"@id":"https:\/\/www.lpnnails.fr\/#website"},"primaryImageOfPage":{"@id":"https:\/\/www.lpnnails.fr\/produit\/moule-en-silicone-2\/#primaryimage"},"image":{"@id":"https:\/\/www.lpnnails.fr\/produit\/moule-en-silicone-2\/#primaryimage"},"thumbnailUrl":"https:\/\/www.lpnnails.fr\/wp-content\/uploads\/2024\/03\/moule.png","datePublished":"2024-03-24T21:03:38+00:00","dateModified":"2026-01-09T18:10:37+00:00","description":"Con\u00e7u sp\u00e9cialement pour les passionn\u00e9s et professionnels de l\u2019onglerie, ce moule vous permet de r\u00e9aliser facilement des formes en r\u00e9sine, gel ou poudre acrylique. Durable, flexible et r\u00e9utilisable, il s'adapte \u00e0 toutes vos envies de design : fleurs, coeurs, \u00e9toiles, et bien plus encore !","breadcrumb":{"@id":"https:\/\/www.lpnnails.fr\/produit\/moule-en-silicone-2\/#breadcrumb"},"inLanguage":"en-US","potentialAction":[{"@type":"ReadAction","target":["https:\/\/www.lpnnails.fr\/produit\/moule-en-silicone-2\/"]}]},{"@type":"ImageObject","inLanguage":"en-US","@id":"https:\/\/www.lpnnails.fr\/produit\/moule-en-silicone-2\/#primaryimage","url":"https:\/\/www.lpnnails.fr\/wp-content\/uploads\/2024\/03\/moule.png","contentUrl":"https:\/\/www.lpnnails.fr\/wp-content\/uploads\/2024\/03\/moule.png","width":1024,"height":1024,"caption":"moule en silicone"},{"@type":"BreadcrumbList","@id":"https:\/\/www.lpnnails.fr\/produit\/moule-en-silicone-2\/#breadcrumb","itemListElement":[{"@type":"ListItem","position":1,"name":"Accueil","item":"https:\/\/www.lpnnails.fr\/"},{"@type":"ListItem","position":2,"name":"Boutique","item":"https:\/\/www.lpnnails.fr\/boutique\/"},{"@type":"ListItem","position":3,"name":"Moule en silicone"}]},{"@type":"WebSite","@id":"https:\/\/www.lpnnails.fr\/#website","url":"https:\/\/www.lpnnails.fr\/","name":"LPN Nails","description":"","publisher":{"@id":"https:\/\/www.lpnnails.fr\/#organization"},"potentialAction":[{"@type":"SearchAction","target":{"@type":"EntryPoint","urlTemplate":"https:\/\/www.lpnnails.fr\/?s={search_term_string}"},"query-input":{"@type":"PropertyValueSpecification","valueRequired":true,"valueName":"search_term_string"}}],"inLanguage":"en-US"},{"@type":"Organization","@id":"https:\/\/www.lpnnails.fr\/#organization","name":"LPN Nails","url":"https:\/\/www.lpnnails.fr\/","logo":{"@type":"ImageObject","inLanguage":"en-US","@id":"https:\/\/www.lpnnails.fr\/#\/schema\/logo\/image\/","url":"https:\/\/www.lpnnails.fr\/wp-content\/uploads\/2025\/11\/Design-sans-titre-2.png","contentUrl":"https:\/\/www.lpnnails.fr\/wp-content\/uploads\/2025\/11\/Design-sans-titre-2.png","width":512,"height":512,"caption":"LPN Nails"},"image":{"@id":"https:\/\/www.lpnnails.fr\/#\/schema\/logo\/image\/"},"sameAs":["https:\/\/www.facebook.com\/profile.php?id=61573655313488#","https:\/\/www.instagram.com\/lpnnails\/","https:\/\/www.linkedin.com\/company\/lpnnails\/","https:\/\/www.youtube.com\/@LPNNails\/"]}]}},"uagb_featured_image_src":{"full":["https:\/\/www.lpnnails.fr\/wp-content\/uploads\/2024\/03\/moule.png",1024,1024,false],"thumbnail":["https:\/\/www.lpnnails.fr\/wp-content\/uploads\/2024\/03\/moule-150x150.png",150,150,true],"medium":["https:\/\/www.lpnnails.fr\/wp-content\/uploads\/2024\/03\/moule-300x300.png",300,300,true],"medium_large":["https:\/\/www.lpnnails.fr\/wp-content\/uploads\/2024\/03\/moule-768x768.png",768,768,true],"large":["https:\/\/www.lpnnails.fr\/wp-content\/uploads\/2024\/03\/moule.png",1024,1024,false],"1536x1536":["https:\/\/www.lpnnails.fr\/wp-content\/uploads\/2024\/03\/moule.png",1024,1024,false],"2048x2048":["https:\/\/www.lpnnails.fr\/wp-content\/uploads\/2024\/03\/moule.png",1024,1024,false],"trp-custom-language-flag":["https:\/\/www.lpnnails.fr\/wp-content\/uploads\/2024\/03\/moule.png",12,12,false],"mailpoet_newsletter_max":["https:\/\/www.lpnnails.fr\/wp-content\/uploads\/2024\/03\/moule.png",1024,1024,false],"woocommerce_thumbnail":["https:\/\/www.lpnnails.fr\/wp-content\/uploads\/2024\/03\/moule-300x300.png",300,300,true],"woocommerce_single":["https:\/\/www.lpnnails.fr\/wp-content\/uploads\/2024\/03\/moule-600x600.png",600,600,true],"woocommerce_gallery_thumbnail":["https:\/\/www.lpnnails.fr\/wp-content\/uploads\/2024\/03\/moule-100x100.png",100,100,true],"variation_swatches_image_size":["https:\/\/www.lpnnails.fr\/wp-content\/uploads\/2024\/03\/moule-50x50.png",50,50,true],"variation_swatches_tooltip_size":["https:\/\/www.lpnnails.fr\/wp-content\/uploads\/2024\/03\/moule-100x100.png",100,100,true]},"uagb_author_info":{"display_name":"LPN Nails","author_link":"https:\/\/www.lpnnails.fr\/en\/author\/"},"uagb_comment_info":0,"uagb_excerpt":"Con\u00e7u sp\u00e9cialement pour les passionn\u00e9s et professionnels de l\u2019onglerie, ce moule vous permet de r\u00e9aliser facilement des formes en r\u00e9sine, [&hellip;]","_links":{"self":[{"href":"https:\/\/www.lpnnails.fr\/en\/wp-json\/wp\/v2\/product\/3916","targetHints":{"allow":["GET"]}}],"collection":[{"href":"https:\/\/www.lpnnails.fr\/en\/wp-json\/wp\/v2\/product"}],"about":[{"href":"https:\/\/www.lpnnails.fr\/en\/wp-json\/wp\/v2\/types\/product"}],"replies":[{"embeddable":true,"href":"https:\/\/www.lpnnails.fr\/en\/wp-json\/wp\/v2\/comments?post=3916"}],"wp:featuredmedia":[{"embeddable":true,"href":"https:\/\/www.lpnnails.fr\/en\/wp-json\/wp\/v2\/media\/7103"}],"wp:attachment":[{"href":"https:\/\/www.lpnnails.fr\/en\/wp-json\/wp\/v2\/media?parent=3916"}],"wp:term":[{"taxonomy":"product_brand","embeddable":true,"href":"https:\/\/www.lpnnails.fr\/en\/wp-json\/wp\/v2\/product_brand?post=3916"},{"taxonomy":"product_cat","embeddable":true,"href":"https:\/\/www.lpnnails.fr\/en\/wp-json\/wp\/v2\/product_cat?post=3916"},{"taxonomy":"product_tag","embeddable":true,"href":"https:\/\/www.lpnnails.fr\/en\/wp-json\/wp\/v2\/product_tag?post=3916"}],"curies":[{"name":"wp","href":"https:\/\/api.w.org\/{rel}","templated":true}]}}