{"id":3746,"date":"2024-02-12T22:45:33","date_gmt":"2024-02-12T21:45:33","guid":{"rendered":"https:\/\/www.lpnnails.fr\/?post_type=product&#038;p=3746"},"modified":"2026-04-05T14:24:34","modified_gmt":"2026-04-05T12:24:34","slug":"rubber-base-clear","status":"publish","type":"product","link":"https:\/\/www.lpnnails.fr\/en\/product\/rubber-base-clear\/","title":{"rendered":"Rubber base &#8220;Clear&#8221;"},"content":{"rendered":"<p>La <strong>Rubber Base Clear<\/strong> de <strong>LPN Nails<\/strong> est une base transparente \u00e0 la texture caoutchouteuse, id\u00e9ale pour sublimer vos poses et renforcer vos ongles naturels. Sa formule unique offre une solution polyvalente, adapt\u00e9e aux ongles fins ou irr\u00e9guliers.<\/p>\n<p><strong>Features :<\/strong><\/p>\n<ul>\n<li><strong>Contenance :<\/strong> 15 ml.<\/li>\n<li><strong>Formule transparente :<\/strong> Parfaite pour un rendu naturel ou comme base d\u2019adh\u00e9rence.<\/li>\n<li><strong>Consistance :<\/strong> Moyenne \u00e0 fine, facile \u00e0 appliquer.<\/li>\n<li><strong>Polyvalence :<\/strong> Id\u00e9ale pour niveler les irr\u00e9gularit\u00e9s de la plaque ou comme gel d\u2019adh\u00e9rence pour les capsules Gel X.<\/li>\n<\/ul>\n<p><strong>Benefits :<\/strong><\/p>\n<ul>\n<li>Renforce les ongles naturels, notamment les plus fins.<\/li>\n<li>Lisse les irr\u00e9gularit\u00e9s pour une surface parfaitement uniforme.<\/li>\n<li>Offre une excellente tenue et robustesse.<\/li>\n<li>Compatible avec d\u2019autres produits LPN pour une tenue prolong\u00e9e.<\/li>\n<\/ul>\n<p><strong>Instructions for use:<\/strong><\/p>\n<ul>\n<li>Pr\u00e9parez vos ongles en les nettoyant et en les matifiant.<\/li>\n<li>Appliquez une fine couche de Rubber Base Clear sur la plaque naturelle.<\/li>\n<li>Catalysez sous lampe LED pendant 60 secondes.<\/li>\n<li>Continuez avec votre gel ou semi-permanent pr\u00e9f\u00e9r\u00e9.<\/li>\n<\/ul>\n<p><strong>Astuce :<\/strong> Pour une tenue optimale, combinez avec le <strong>Press On Nails Gel\u00a0<\/strong>from <span style=\"font-family: HelveticaNeueW01-65Medi, HelveticaNeueW02-65Medi, HelveticaNeueW10-65Medi, sans-serif;\"><b>LPN<\/b><\/span>.<\/p>","protected":false},"excerpt":{"rendered":"<p>La Rubber Base Clear de LPN Nails est une base transparente \u00e0 la texture caoutchouteuse, id\u00e9ale pour sublimer vos poses [&hellip;]<\/p>\n","protected":false},"featured_media":8413,"comment_status":"open","ping_status":"closed","template":"","meta":{"_uag_custom_page_level_css":"","site-sidebar-layout":"default","site-content-layout":"","ast-site-content-layout":"default","site-content-style":"default","site-sidebar-style":"default","ast-global-header-display":"","ast-banner-title-visibility":"","ast-main-header-display":"","ast-hfb-above-header-display":"","ast-hfb-below-header-display":"","ast-hfb-mobile-header-display":"","site-post-title":"","ast-breadcrumbs-content":"","ast-featured-img":"","footer-sml-layout":"","ast-disable-related-posts":"","theme-transparent-header-meta":"default","adv-header-id-meta":"","stick-header-meta":"","header-above-stick-meta":"","header-main-stick-meta":"","header-below-stick-meta":"","astra-migrate-meta-layouts":"set","ast-page-background-enabled":"default","ast-page-background-meta":{"desktop":{"background-color":"var(--ast-global-color-4)","background-image":"","background-repeat":"repeat","background-position":"center center","background-size":"auto","background-attachment":"scroll","background-type":"","background-media":"","overlay-type":"","overlay-color":"","overlay-opacity":"","overlay-gradient":""},"tablet":{"background-color":"","background-image":"","background-repeat":"repeat","background-position":"center center","background-size":"auto","background-attachment":"scroll","background-type":"","background-media":"","overlay-type":"","overlay-color":"","overlay-opacity":"","overlay-gradient":""},"mobile":{"background-color":"","background-image":"","background-repeat":"repeat","background-position":"center center","background-size":"auto","background-attachment":"scroll","background-type":"","background-media":"","overlay-type":"","overlay-color":"","overlay-opacity":"","overlay-gradient":""}},"ast-content-background-meta":{"desktop":{"background-color":"var(--ast-global-color-5)","background-image":"","background-repeat":"repeat","background-position":"center center","background-size":"auto","background-attachment":"scroll","background-type":"","background-media":"","overlay-type":"","overlay-color":"","overlay-opacity":"","overlay-gradient":""},"tablet":{"background-color":"var(--ast-global-color-5)","background-image":"","background-repeat":"repeat","background-position":"center center","background-size":"auto","background-attachment":"scroll","background-type":"","background-media":"","overlay-type":"","overlay-color":"","overlay-opacity":"","overlay-gradient":""},"mobile":{"background-color":"var(--ast-global-color-5)","background-image":"","background-repeat":"repeat","background-position":"center center","background-size":"auto","background-attachment":"scroll","background-type":"","background-media":"","overlay-type":"","overlay-color":"","overlay-opacity":"","overlay-gradient":""}}},"product_brand":[254],"product_cat":[226,235,238,247,199],"product_tag":[],"class_list":{"0":"post-3746","1":"product","2":"type-product","3":"status-publish","4":"has-post-thumbnail","6":"product_brand-lpnnails","7":"product_cat-gels-de-base","8":"product_cat-meilleures-ventes","9":"product_cat-nouveau","10":"product_cat-rubber-base","11":"product_cat-tous-les-produits","12":"pa_composition-acrylates-carbamate-copolymer-84-5-acrylates-copolymer-10-dimethicone-2-microcrystalline-wax-2-ci-77499-0-5-ci-77891-0-5-ci-14700-0-5","13":"pa_recommandations-conserver-dans-un-endroit-frais-a-labri-de-la-lumiere-et-de-la-chaleur-tenir-hors-de-portee-des-enfants-faire-un-test-cutane-si-sensibilite-aux-uv","14":"desktop-align-left","15":"tablet-align-left","16":"mobile-align-left","18":"first","19":"instock","20":"purchasable","21":"product-type-simple"},"yoast_head":"<!-- This site is optimized with the Yoast SEO plugin v27.3 - https:\/\/yoast.com\/product\/yoast-seo-wordpress\/ -->\n<title>Rubber base &quot;Clear&quot; - LPN Nails<\/title>\n<meta name=\"description\" content=\"La Rubber Base Clear de LPN Nails est une base transparente \u00e0 la texture caoutchouteuse, id\u00e9ale pour sublimer vos poses et renforcer vos ongles naturels. Sa formule unique offre une solution polyvalente, adapt\u00e9e aux ongles fins ou irr\u00e9guliers.\" \/>\n<meta name=\"robots\" content=\"index, follow, max-snippet:-1, max-image-preview:large, max-video-preview:-1\" \/>\n<link rel=\"canonical\" href=\"https:\/\/www.lpnnails.fr\/en\/product\/rubber-base-clear\/\" \/>\n<meta property=\"og:locale\" content=\"en_US\" \/>\n<meta property=\"og:type\" content=\"article\" \/>\n<meta property=\"og:title\" content=\"Rubber base &quot;Clear&quot; - LPN Nails\" \/>\n<meta property=\"og:description\" content=\"La Rubber Base Clear de LPN Nails est une base transparente \u00e0 la texture caoutchouteuse, id\u00e9ale pour sublimer vos poses et renforcer vos ongles naturels. Sa formule unique offre une solution polyvalente, adapt\u00e9e aux ongles fins ou irr\u00e9guliers.\" \/>\n<meta property=\"og:url\" content=\"https:\/\/www.lpnnails.fr\/en\/product\/rubber-base-clear\/\" \/>\n<meta property=\"og:site_name\" content=\"LPN Nails\" \/>\n<meta property=\"article:publisher\" content=\"https:\/\/www.facebook.com\/profile.php?id=61573655313488#\" \/>\n<meta property=\"article:modified_time\" content=\"2026-04-05T12:24:34+00:00\" \/>\n<meta property=\"og:image\" content=\"https:\/\/www.lpnnails.fr\/wp-content\/uploads\/2024\/02\/base-coat.jpg\" \/>\n\t<meta property=\"og:image:width\" content=\"1024\" \/>\n\t<meta property=\"og:image:height\" content=\"1024\" \/>\n\t<meta property=\"og:image:type\" content=\"image\/jpeg\" \/>\n<meta name=\"twitter:card\" content=\"summary_large_image\" \/>\n<meta name=\"twitter:label1\" content=\"Est. reading time\" \/>\n\t<meta name=\"twitter:data1\" content=\"2 minutes\" \/>\n<script type=\"application\/ld+json\" class=\"yoast-schema-graph\">{\"@context\":\"https:\\\/\\\/schema.org\",\"@graph\":[{\"@type\":\"WebPage\",\"@id\":\"https:\\\/\\\/www.lpnnails.fr\\\/produit\\\/rubber-base-clear\\\/\",\"url\":\"https:\\\/\\\/www.lpnnails.fr\\\/produit\\\/rubber-base-clear\\\/\",\"name\":\"Rubber base \\\"Clear\\\" - LPN Nails\",\"isPartOf\":{\"@id\":\"https:\\\/\\\/www.lpnnails.fr\\\/#website\"},\"primaryImageOfPage\":{\"@id\":\"https:\\\/\\\/www.lpnnails.fr\\\/produit\\\/rubber-base-clear\\\/#primaryimage\"},\"image\":{\"@id\":\"https:\\\/\\\/www.lpnnails.fr\\\/produit\\\/rubber-base-clear\\\/#primaryimage\"},\"thumbnailUrl\":\"https:\\\/\\\/www.lpnnails.fr\\\/wp-content\\\/uploads\\\/2024\\\/02\\\/base-coat.jpg\",\"datePublished\":\"2024-02-12T21:45:33+00:00\",\"dateModified\":\"2026-04-05T12:24:34+00:00\",\"description\":\"La Rubber Base Clear de LPN Nails est une base transparente \u00e0 la texture caoutchouteuse, id\u00e9ale pour sublimer vos poses et renforcer vos ongles naturels. Sa formule unique offre une solution polyvalente, adapt\u00e9e aux ongles fins ou irr\u00e9guliers.\",\"breadcrumb\":{\"@id\":\"https:\\\/\\\/www.lpnnails.fr\\\/produit\\\/rubber-base-clear\\\/#breadcrumb\"},\"inLanguage\":\"en-US\",\"potentialAction\":[{\"@type\":\"ReadAction\",\"target\":[\"https:\\\/\\\/www.lpnnails.fr\\\/produit\\\/rubber-base-clear\\\/\"]}]},{\"@type\":\"ImageObject\",\"inLanguage\":\"en-US\",\"@id\":\"https:\\\/\\\/www.lpnnails.fr\\\/produit\\\/rubber-base-clear\\\/#primaryimage\",\"url\":\"https:\\\/\\\/www.lpnnails.fr\\\/wp-content\\\/uploads\\\/2024\\\/02\\\/base-coat.jpg\",\"contentUrl\":\"https:\\\/\\\/www.lpnnails.fr\\\/wp-content\\\/uploads\\\/2024\\\/02\\\/base-coat.jpg\",\"width\":1024,\"height\":1024,\"caption\":\"rubber base clear\"},{\"@type\":\"BreadcrumbList\",\"@id\":\"https:\\\/\\\/www.lpnnails.fr\\\/produit\\\/rubber-base-clear\\\/#breadcrumb\",\"itemListElement\":[{\"@type\":\"ListItem\",\"position\":1,\"name\":\"Accueil\",\"item\":\"https:\\\/\\\/www.lpnnails.fr\\\/\"},{\"@type\":\"ListItem\",\"position\":2,\"name\":\"Boutique\",\"item\":\"https:\\\/\\\/www.lpnnails.fr\\\/boutique\\\/\"},{\"@type\":\"ListItem\",\"position\":3,\"name\":\"Rubber base &#8220;Clear&#8221;\"}]},{\"@type\":\"WebSite\",\"@id\":\"https:\\\/\\\/www.lpnnails.fr\\\/#website\",\"url\":\"https:\\\/\\\/www.lpnnails.fr\\\/\",\"name\":\"LPN Nails\",\"description\":\"\",\"publisher\":{\"@id\":\"https:\\\/\\\/www.lpnnails.fr\\\/#organization\"},\"potentialAction\":[{\"@type\":\"SearchAction\",\"target\":{\"@type\":\"EntryPoint\",\"urlTemplate\":\"https:\\\/\\\/www.lpnnails.fr\\\/?s={search_term_string}\"},\"query-input\":{\"@type\":\"PropertyValueSpecification\",\"valueRequired\":true,\"valueName\":\"search_term_string\"}}],\"inLanguage\":\"en-US\"},{\"@type\":\"Organization\",\"@id\":\"https:\\\/\\\/www.lpnnails.fr\\\/#organization\",\"name\":\"LPN Nails\",\"url\":\"https:\\\/\\\/www.lpnnails.fr\\\/\",\"logo\":{\"@type\":\"ImageObject\",\"inLanguage\":\"en-US\",\"@id\":\"https:\\\/\\\/www.lpnnails.fr\\\/#\\\/schema\\\/logo\\\/image\\\/\",\"url\":\"https:\\\/\\\/www.lpnnails.fr\\\/wp-content\\\/uploads\\\/2025\\\/11\\\/Design-sans-titre-2.png\",\"contentUrl\":\"https:\\\/\\\/www.lpnnails.fr\\\/wp-content\\\/uploads\\\/2025\\\/11\\\/Design-sans-titre-2.png\",\"width\":512,\"height\":512,\"caption\":\"LPN Nails\"},\"image\":{\"@id\":\"https:\\\/\\\/www.lpnnails.fr\\\/#\\\/schema\\\/logo\\\/image\\\/\"},\"sameAs\":[\"https:\\\/\\\/www.facebook.com\\\/profile.php?id=61573655313488#\",\"https:\\\/\\\/www.instagram.com\\\/lpnnails\\\/\",\"https:\\\/\\\/www.linkedin.com\\\/company\\\/lpnnails\\\/\",\"https:\\\/\\\/www.youtube.com\\\/@LPNNails\\\/\"]}]}<\/script>\n<!-- \/ Yoast SEO plugin. -->","yoast_head_json":{"title":"Rubber base \"Clear\" - LPN Nails","description":"La Rubber Base Clear de LPN Nails est une base transparente \u00e0 la texture caoutchouteuse, id\u00e9ale pour sublimer vos poses et renforcer vos ongles naturels. Sa formule unique offre une solution polyvalente, adapt\u00e9e aux ongles fins ou irr\u00e9guliers.","robots":{"index":"index","follow":"follow","max-snippet":"max-snippet:-1","max-image-preview":"max-image-preview:large","max-video-preview":"max-video-preview:-1"},"canonical":"https:\/\/www.lpnnails.fr\/en\/product\/rubber-base-clear\/","og_locale":"en_US","og_type":"article","og_title":"Rubber base \"Clear\" - LPN Nails","og_description":"La Rubber Base Clear de LPN Nails est une base transparente \u00e0 la texture caoutchouteuse, id\u00e9ale pour sublimer vos poses et renforcer vos ongles naturels. Sa formule unique offre une solution polyvalente, adapt\u00e9e aux ongles fins ou irr\u00e9guliers.","og_url":"https:\/\/www.lpnnails.fr\/en\/product\/rubber-base-clear\/","og_site_name":"LPN Nails","article_publisher":"https:\/\/www.facebook.com\/profile.php?id=61573655313488#","article_modified_time":"2026-04-05T12:24:34+00:00","og_image":[{"width":1024,"height":1024,"url":"https:\/\/www.lpnnails.fr\/wp-content\/uploads\/2024\/02\/base-coat.jpg","type":"image\/jpeg"}],"twitter_card":"summary_large_image","twitter_misc":{"Est. reading time":"2 minutes"},"schema":{"@context":"https:\/\/schema.org","@graph":[{"@type":"WebPage","@id":"https:\/\/www.lpnnails.fr\/produit\/rubber-base-clear\/","url":"https:\/\/www.lpnnails.fr\/produit\/rubber-base-clear\/","name":"Rubber base \"Clear\" - LPN Nails","isPartOf":{"@id":"https:\/\/www.lpnnails.fr\/#website"},"primaryImageOfPage":{"@id":"https:\/\/www.lpnnails.fr\/produit\/rubber-base-clear\/#primaryimage"},"image":{"@id":"https:\/\/www.lpnnails.fr\/produit\/rubber-base-clear\/#primaryimage"},"thumbnailUrl":"https:\/\/www.lpnnails.fr\/wp-content\/uploads\/2024\/02\/base-coat.jpg","datePublished":"2024-02-12T21:45:33+00:00","dateModified":"2026-04-05T12:24:34+00:00","description":"La Rubber Base Clear de LPN Nails est une base transparente \u00e0 la texture caoutchouteuse, id\u00e9ale pour sublimer vos poses et renforcer vos ongles naturels. Sa formule unique offre une solution polyvalente, adapt\u00e9e aux ongles fins ou irr\u00e9guliers.","breadcrumb":{"@id":"https:\/\/www.lpnnails.fr\/produit\/rubber-base-clear\/#breadcrumb"},"inLanguage":"en-US","potentialAction":[{"@type":"ReadAction","target":["https:\/\/www.lpnnails.fr\/produit\/rubber-base-clear\/"]}]},{"@type":"ImageObject","inLanguage":"en-US","@id":"https:\/\/www.lpnnails.fr\/produit\/rubber-base-clear\/#primaryimage","url":"https:\/\/www.lpnnails.fr\/wp-content\/uploads\/2024\/02\/base-coat.jpg","contentUrl":"https:\/\/www.lpnnails.fr\/wp-content\/uploads\/2024\/02\/base-coat.jpg","width":1024,"height":1024,"caption":"rubber base clear"},{"@type":"BreadcrumbList","@id":"https:\/\/www.lpnnails.fr\/produit\/rubber-base-clear\/#breadcrumb","itemListElement":[{"@type":"ListItem","position":1,"name":"Accueil","item":"https:\/\/www.lpnnails.fr\/"},{"@type":"ListItem","position":2,"name":"Boutique","item":"https:\/\/www.lpnnails.fr\/boutique\/"},{"@type":"ListItem","position":3,"name":"Rubber base &#8220;Clear&#8221;"}]},{"@type":"WebSite","@id":"https:\/\/www.lpnnails.fr\/#website","url":"https:\/\/www.lpnnails.fr\/","name":"LPN Nails","description":"","publisher":{"@id":"https:\/\/www.lpnnails.fr\/#organization"},"potentialAction":[{"@type":"SearchAction","target":{"@type":"EntryPoint","urlTemplate":"https:\/\/www.lpnnails.fr\/?s={search_term_string}"},"query-input":{"@type":"PropertyValueSpecification","valueRequired":true,"valueName":"search_term_string"}}],"inLanguage":"en-US"},{"@type":"Organization","@id":"https:\/\/www.lpnnails.fr\/#organization","name":"LPN Nails","url":"https:\/\/www.lpnnails.fr\/","logo":{"@type":"ImageObject","inLanguage":"en-US","@id":"https:\/\/www.lpnnails.fr\/#\/schema\/logo\/image\/","url":"https:\/\/www.lpnnails.fr\/wp-content\/uploads\/2025\/11\/Design-sans-titre-2.png","contentUrl":"https:\/\/www.lpnnails.fr\/wp-content\/uploads\/2025\/11\/Design-sans-titre-2.png","width":512,"height":512,"caption":"LPN Nails"},"image":{"@id":"https:\/\/www.lpnnails.fr\/#\/schema\/logo\/image\/"},"sameAs":["https:\/\/www.facebook.com\/profile.php?id=61573655313488#","https:\/\/www.instagram.com\/lpnnails\/","https:\/\/www.linkedin.com\/company\/lpnnails\/","https:\/\/www.youtube.com\/@LPNNails\/"]}]}},"uagb_featured_image_src":{"full":["https:\/\/www.lpnnails.fr\/wp-content\/uploads\/2024\/02\/base-coat.jpg",1024,1024,false],"thumbnail":["https:\/\/www.lpnnails.fr\/wp-content\/uploads\/2024\/02\/base-coat-150x150.jpg",150,150,true],"medium":["https:\/\/www.lpnnails.fr\/wp-content\/uploads\/2024\/02\/base-coat-300x300.jpg",300,300,true],"medium_large":["https:\/\/www.lpnnails.fr\/wp-content\/uploads\/2024\/02\/base-coat-768x768.jpg",768,768,true],"large":["https:\/\/www.lpnnails.fr\/wp-content\/uploads\/2024\/02\/base-coat.jpg",1024,1024,false],"1536x1536":["https:\/\/www.lpnnails.fr\/wp-content\/uploads\/2024\/02\/base-coat.jpg",1024,1024,false],"2048x2048":["https:\/\/www.lpnnails.fr\/wp-content\/uploads\/2024\/02\/base-coat.jpg",1024,1024,false],"trp-custom-language-flag":["https:\/\/www.lpnnails.fr\/wp-content\/uploads\/2024\/02\/base-coat.jpg",12,12,false],"mailpoet_newsletter_max":["https:\/\/www.lpnnails.fr\/wp-content\/uploads\/2024\/02\/base-coat.jpg",1024,1024,false],"woocommerce_thumbnail":["https:\/\/www.lpnnails.fr\/wp-content\/uploads\/2024\/02\/base-coat-300x300.jpg",300,300,true],"woocommerce_single":["https:\/\/www.lpnnails.fr\/wp-content\/uploads\/2024\/02\/base-coat-600x600.jpg",600,600,true],"woocommerce_gallery_thumbnail":["https:\/\/www.lpnnails.fr\/wp-content\/uploads\/2024\/02\/base-coat-100x100.jpg",100,100,true],"variation_swatches_image_size":["https:\/\/www.lpnnails.fr\/wp-content\/uploads\/2024\/02\/base-coat-50x50.jpg",50,50,true],"variation_swatches_tooltip_size":["https:\/\/www.lpnnails.fr\/wp-content\/uploads\/2024\/02\/base-coat-100x100.jpg",100,100,true]},"uagb_author_info":{"display_name":"LPN Nails","author_link":"https:\/\/www.lpnnails.fr\/en\/author\/"},"uagb_comment_info":0,"uagb_excerpt":"La Rubber Base Clear de LPN Nails est une base transparente \u00e0 la texture caoutchouteuse, id\u00e9ale pour sublimer vos poses [&hellip;]","_links":{"self":[{"href":"https:\/\/www.lpnnails.fr\/en\/wp-json\/wp\/v2\/product\/3746","targetHints":{"allow":["GET"]}}],"collection":[{"href":"https:\/\/www.lpnnails.fr\/en\/wp-json\/wp\/v2\/product"}],"about":[{"href":"https:\/\/www.lpnnails.fr\/en\/wp-json\/wp\/v2\/types\/product"}],"replies":[{"embeddable":true,"href":"https:\/\/www.lpnnails.fr\/en\/wp-json\/wp\/v2\/comments?post=3746"}],"wp:featuredmedia":[{"embeddable":true,"href":"https:\/\/www.lpnnails.fr\/en\/wp-json\/wp\/v2\/media\/8413"}],"wp:attachment":[{"href":"https:\/\/www.lpnnails.fr\/en\/wp-json\/wp\/v2\/media?parent=3746"}],"wp:term":[{"taxonomy":"product_brand","embeddable":true,"href":"https:\/\/www.lpnnails.fr\/en\/wp-json\/wp\/v2\/product_brand?post=3746"},{"taxonomy":"product_cat","embeddable":true,"href":"https:\/\/www.lpnnails.fr\/en\/wp-json\/wp\/v2\/product_cat?post=3746"},{"taxonomy":"product_tag","embeddable":true,"href":"https:\/\/www.lpnnails.fr\/en\/wp-json\/wp\/v2\/product_tag?post=3746"}],"curies":[{"name":"wp","href":"https:\/\/api.w.org\/{rel}","templated":true}]}}