{"id":3735,"date":"2024-02-12T20:49:54","date_gmt":"2024-02-12T20:49:54","guid":{"rendered":"https:\/\/www.lpnnails.fr\/?post_type=product&#038;p=3735"},"modified":"2025-12-01T09:23:40","modified_gmt":"2025-12-01T08:23:40","slug":"pinceau-double-polygel","status":"publish","type":"product","link":"https:\/\/www.lpnnails.fr\/en\/product\/pinceau-double-polygel\/","title":{"rendered":"Pinceau double polygel"},"content":{"rendered":"<p>Obtenez une application pr\u00e9cise et professionnelle du polygel avec ce <strong>pinceau 2-en-1<\/strong> sp\u00e9cialement<strong> con\u00e7u pour les techniques de construction et de modelage<\/strong> des ongles. Dot\u00e9 d&#8217;un embout pinceau pour \u00e9taler et fa\u00e7onner le gel, ainsi que d&#8217;une spatule pour pr\u00e9lever et appliquer le produit, cet outil polyvalent est id\u00e9al pour des extensions d&#8217;ongles impeccables. Sa conception ergonomique offre une prise en main facile pour un contr\u00f4le total et des r\u00e9sultats dignes d&#8217;un salon !<\/p>\n<p><strong>Features :<\/strong><\/p>\n<ul>\n<li><strong>Double embout pratique<\/strong> : Pinceau pour \u00e9taler le polygel et spatule pour l\u2019application.<\/li>\n<li><strong>Poils doux et r\u00e9sistants<\/strong> : Pour une application lisse et sans traces.<\/li>\n<li><strong>Facile \u00e0 nettoyer et durable<\/strong> : Con\u00e7u pour un usage fr\u00e9quent et une longue dur\u00e9e de vie.<\/li>\n<\/ul>\n<p>Ajoutez de la pr\u00e9cision et de la finesse \u00e0 votre technique avec ce pinceau polygel, l&#8217;outil indispensable pour les amateurs et professionnels de l&#8217;onglerie !<\/p>","protected":false},"excerpt":{"rendered":"<p>Obtenez une application pr\u00e9cise et professionnelle du polygel avec ce pinceau 2-en-1 sp\u00e9cialement con\u00e7u pour les techniques de construction et [&hellip;]<\/p>\n","protected":false},"featured_media":3736,"comment_status":"open","ping_status":"closed","template":"","meta":{"_uag_custom_page_level_css":"","site-sidebar-layout":"default","site-content-layout":"","ast-site-content-layout":"default","site-content-style":"default","site-sidebar-style":"default","ast-global-header-display":"","ast-banner-title-visibility":"","ast-main-header-display":"","ast-hfb-above-header-display":"","ast-hfb-below-header-display":"","ast-hfb-mobile-header-display":"","site-post-title":"","ast-breadcrumbs-content":"","ast-featured-img":"","footer-sml-layout":"","ast-disable-related-posts":"","theme-transparent-header-meta":"default","adv-header-id-meta":"","stick-header-meta":"","header-above-stick-meta":"","header-main-stick-meta":"","header-below-stick-meta":"","astra-migrate-meta-layouts":"set","ast-page-background-enabled":"default","ast-page-background-meta":{"desktop":{"background-color":"var(--ast-global-color-4)","background-image":"","background-repeat":"repeat","background-position":"center center","background-size":"auto","background-attachment":"scroll","background-type":"","background-media":"","overlay-type":"","overlay-color":"","overlay-opacity":"","overlay-gradient":""},"tablet":{"background-color":"","background-image":"","background-repeat":"repeat","background-position":"center center","background-size":"auto","background-attachment":"scroll","background-type":"","background-media":"","overlay-type":"","overlay-color":"","overlay-opacity":"","overlay-gradient":""},"mobile":{"background-color":"","background-image":"","background-repeat":"repeat","background-position":"center center","background-size":"auto","background-attachment":"scroll","background-type":"","background-media":"","overlay-type":"","overlay-color":"","overlay-opacity":"","overlay-gradient":""}},"ast-content-background-meta":{"desktop":{"background-color":"var(--ast-global-color-5)","background-image":"","background-repeat":"repeat","background-position":"center center","background-size":"auto","background-attachment":"scroll","background-type":"","background-media":"","overlay-type":"","overlay-color":"","overlay-opacity":"","overlay-gradient":""},"tablet":{"background-color":"var(--ast-global-color-5)","background-image":"","background-repeat":"repeat","background-position":"center center","background-size":"auto","background-attachment":"scroll","background-type":"","background-media":"","overlay-type":"","overlay-color":"","overlay-opacity":"","overlay-gradient":""},"mobile":{"background-color":"var(--ast-global-color-5)","background-image":"","background-repeat":"repeat","background-position":"center center","background-size":"auto","background-attachment":"scroll","background-type":"","background-media":"","overlay-type":"","overlay-color":"","overlay-opacity":"","overlay-gradient":""}}},"product_brand":[254],"product_cat":[241,199],"product_tag":[],"class_list":{"0":"post-3735","1":"product","2":"type-product","3":"status-publish","4":"has-post-thumbnail","6":"product_brand-lpnnails","7":"product_cat-pinceaux","8":"product_cat-tous-les-produits","9":"desktop-align-left","10":"tablet-align-left","11":"mobile-align-left","13":"first","14":"instock","15":"purchasable","16":"product-type-simple"},"yoast_head":"<!-- This site is optimized with the Yoast SEO plugin v27.3 - https:\/\/yoast.com\/product\/yoast-seo-wordpress\/ -->\n<title>Pinceau double polygel - LPN Nails<\/title>\n<meta name=\"description\" content=\"Obtenez une application pr\u00e9cise et professionnelle du polygel avec ce pinceau 2-en-1 sp\u00e9cialement con\u00e7u pour les techniques de construction et de modelage des ongles. Dot\u00e9 d&#039;un embout pinceau pour \u00e9taler et fa\u00e7onner le gel, ainsi que d&#039;une spatule pour pr\u00e9lever et appliquer le produit, cet outil polyvalent est id\u00e9al pour des extensions d&#039;ongles impeccables.\" \/>\n<meta name=\"robots\" content=\"index, follow, max-snippet:-1, max-image-preview:large, max-video-preview:-1\" \/>\n<link rel=\"canonical\" href=\"https:\/\/www.lpnnails.fr\/en\/product\/pinceau-double-polygel\/\" \/>\n<meta property=\"og:locale\" content=\"en_US\" \/>\n<meta property=\"og:type\" content=\"article\" \/>\n<meta property=\"og:title\" content=\"Pinceau double polygel - LPN Nails\" \/>\n<meta property=\"og:description\" content=\"Obtenez une application pr\u00e9cise et professionnelle du polygel avec ce pinceau 2-en-1 sp\u00e9cialement con\u00e7u pour les techniques de construction et de modelage des ongles. Dot\u00e9 d&#039;un embout pinceau pour \u00e9taler et fa\u00e7onner le gel, ainsi que d&#039;une spatule pour pr\u00e9lever et appliquer le produit, cet outil polyvalent est id\u00e9al pour des extensions d&#039;ongles impeccables.\" \/>\n<meta property=\"og:url\" content=\"https:\/\/www.lpnnails.fr\/en\/product\/pinceau-double-polygel\/\" \/>\n<meta property=\"og:site_name\" content=\"LPN Nails\" \/>\n<meta property=\"article:publisher\" content=\"https:\/\/www.facebook.com\/profile.php?id=61573655313488#\" \/>\n<meta property=\"article:modified_time\" content=\"2025-12-01T08:23:40+00:00\" \/>\n<meta property=\"og:image\" content=\"https:\/\/www.lpnnails.fr\/wp-content\/uploads\/2025\/04\/products-8907b2_34d04d1a18c44c2b8344a8729616cf5d~mv2.png\" \/>\n\t<meta property=\"og:image:width\" content=\"1024\" \/>\n\t<meta property=\"og:image:height\" content=\"1024\" \/>\n\t<meta property=\"og:image:type\" content=\"image\/jpeg\" \/>\n<meta name=\"twitter:card\" content=\"summary_large_image\" \/>\n<meta name=\"twitter:label1\" content=\"Est. reading time\" \/>\n\t<meta name=\"twitter:data1\" content=\"1 minute\" \/>\n<script type=\"application\/ld+json\" class=\"yoast-schema-graph\">{\"@context\":\"https:\\\/\\\/schema.org\",\"@graph\":[{\"@type\":\"WebPage\",\"@id\":\"https:\\\/\\\/www.lpnnails.fr\\\/produit\\\/pinceau-double-polygel\\\/\",\"url\":\"https:\\\/\\\/www.lpnnails.fr\\\/produit\\\/pinceau-double-polygel\\\/\",\"name\":\"Pinceau double polygel - LPN Nails\",\"isPartOf\":{\"@id\":\"https:\\\/\\\/www.lpnnails.fr\\\/#website\"},\"primaryImageOfPage\":{\"@id\":\"https:\\\/\\\/www.lpnnails.fr\\\/produit\\\/pinceau-double-polygel\\\/#primaryimage\"},\"image\":{\"@id\":\"https:\\\/\\\/www.lpnnails.fr\\\/produit\\\/pinceau-double-polygel\\\/#primaryimage\"},\"thumbnailUrl\":\"https:\\\/\\\/www.lpnnails.fr\\\/wp-content\\\/uploads\\\/2025\\\/04\\\/products-8907b2_34d04d1a18c44c2b8344a8729616cf5d~mv2.png\",\"datePublished\":\"2024-02-12T20:49:54+00:00\",\"dateModified\":\"2025-12-01T08:23:40+00:00\",\"description\":\"Obtenez une application pr\u00e9cise et professionnelle du polygel avec ce pinceau 2-en-1 sp\u00e9cialement con\u00e7u pour les techniques de construction et de modelage des ongles. Dot\u00e9 d'un embout pinceau pour \u00e9taler et fa\u00e7onner le gel, ainsi que d'une spatule pour pr\u00e9lever et appliquer le produit, cet outil polyvalent est id\u00e9al pour des extensions d'ongles impeccables.\",\"breadcrumb\":{\"@id\":\"https:\\\/\\\/www.lpnnails.fr\\\/produit\\\/pinceau-double-polygel\\\/#breadcrumb\"},\"inLanguage\":\"en-US\",\"potentialAction\":[{\"@type\":\"ReadAction\",\"target\":[\"https:\\\/\\\/www.lpnnails.fr\\\/produit\\\/pinceau-double-polygel\\\/\"]}]},{\"@type\":\"ImageObject\",\"inLanguage\":\"en-US\",\"@id\":\"https:\\\/\\\/www.lpnnails.fr\\\/produit\\\/pinceau-double-polygel\\\/#primaryimage\",\"url\":\"https:\\\/\\\/www.lpnnails.fr\\\/wp-content\\\/uploads\\\/2025\\\/04\\\/products-8907b2_34d04d1a18c44c2b8344a8729616cf5d~mv2.png\",\"contentUrl\":\"https:\\\/\\\/www.lpnnails.fr\\\/wp-content\\\/uploads\\\/2025\\\/04\\\/products-8907b2_34d04d1a18c44c2b8344a8729616cf5d~mv2.png\",\"width\":1024,\"height\":1024,\"caption\":\"PINCEAU DOUBLE POLYGEL\"},{\"@type\":\"BreadcrumbList\",\"@id\":\"https:\\\/\\\/www.lpnnails.fr\\\/produit\\\/pinceau-double-polygel\\\/#breadcrumb\",\"itemListElement\":[{\"@type\":\"ListItem\",\"position\":1,\"name\":\"Accueil\",\"item\":\"https:\\\/\\\/www.lpnnails.fr\\\/\"},{\"@type\":\"ListItem\",\"position\":2,\"name\":\"Boutique\",\"item\":\"https:\\\/\\\/www.lpnnails.fr\\\/boutique\\\/\"},{\"@type\":\"ListItem\",\"position\":3,\"name\":\"Pinceau double polygel\"}]},{\"@type\":\"WebSite\",\"@id\":\"https:\\\/\\\/www.lpnnails.fr\\\/#website\",\"url\":\"https:\\\/\\\/www.lpnnails.fr\\\/\",\"name\":\"LPN Nails\",\"description\":\"\",\"publisher\":{\"@id\":\"https:\\\/\\\/www.lpnnails.fr\\\/#organization\"},\"potentialAction\":[{\"@type\":\"SearchAction\",\"target\":{\"@type\":\"EntryPoint\",\"urlTemplate\":\"https:\\\/\\\/www.lpnnails.fr\\\/?s={search_term_string}\"},\"query-input\":{\"@type\":\"PropertyValueSpecification\",\"valueRequired\":true,\"valueName\":\"search_term_string\"}}],\"inLanguage\":\"en-US\"},{\"@type\":\"Organization\",\"@id\":\"https:\\\/\\\/www.lpnnails.fr\\\/#organization\",\"name\":\"LPN Nails\",\"url\":\"https:\\\/\\\/www.lpnnails.fr\\\/\",\"logo\":{\"@type\":\"ImageObject\",\"inLanguage\":\"en-US\",\"@id\":\"https:\\\/\\\/www.lpnnails.fr\\\/#\\\/schema\\\/logo\\\/image\\\/\",\"url\":\"https:\\\/\\\/www.lpnnails.fr\\\/wp-content\\\/uploads\\\/2025\\\/11\\\/Design-sans-titre-2.png\",\"contentUrl\":\"https:\\\/\\\/www.lpnnails.fr\\\/wp-content\\\/uploads\\\/2025\\\/11\\\/Design-sans-titre-2.png\",\"width\":512,\"height\":512,\"caption\":\"LPN Nails\"},\"image\":{\"@id\":\"https:\\\/\\\/www.lpnnails.fr\\\/#\\\/schema\\\/logo\\\/image\\\/\"},\"sameAs\":[\"https:\\\/\\\/www.facebook.com\\\/profile.php?id=61573655313488#\",\"https:\\\/\\\/www.instagram.com\\\/lpnnails\\\/\",\"https:\\\/\\\/www.linkedin.com\\\/company\\\/lpnnails\\\/\",\"https:\\\/\\\/www.youtube.com\\\/@LPNNails\\\/\"]}]}<\/script>\n<!-- \/ Yoast SEO plugin. -->","yoast_head_json":{"title":"Pinceau double polygel - LPN Nails","description":"Obtenez une application pr\u00e9cise et professionnelle du polygel avec ce pinceau 2-en-1 sp\u00e9cialement con\u00e7u pour les techniques de construction et de modelage des ongles. Dot\u00e9 d'un embout pinceau pour \u00e9taler et fa\u00e7onner le gel, ainsi que d'une spatule pour pr\u00e9lever et appliquer le produit, cet outil polyvalent est id\u00e9al pour des extensions d'ongles impeccables.","robots":{"index":"index","follow":"follow","max-snippet":"max-snippet:-1","max-image-preview":"max-image-preview:large","max-video-preview":"max-video-preview:-1"},"canonical":"https:\/\/www.lpnnails.fr\/en\/product\/pinceau-double-polygel\/","og_locale":"en_US","og_type":"article","og_title":"Pinceau double polygel - LPN Nails","og_description":"Obtenez une application pr\u00e9cise et professionnelle du polygel avec ce pinceau 2-en-1 sp\u00e9cialement con\u00e7u pour les techniques de construction et de modelage des ongles. Dot\u00e9 d'un embout pinceau pour \u00e9taler et fa\u00e7onner le gel, ainsi que d'une spatule pour pr\u00e9lever et appliquer le produit, cet outil polyvalent est id\u00e9al pour des extensions d'ongles impeccables.","og_url":"https:\/\/www.lpnnails.fr\/en\/product\/pinceau-double-polygel\/","og_site_name":"LPN Nails","article_publisher":"https:\/\/www.facebook.com\/profile.php?id=61573655313488#","article_modified_time":"2025-12-01T08:23:40+00:00","og_image":[{"width":1024,"height":1024,"url":"https:\/\/www.lpnnails.fr\/wp-content\/uploads\/2025\/04\/products-8907b2_34d04d1a18c44c2b8344a8729616cf5d~mv2.png","type":"image\/jpeg"}],"twitter_card":"summary_large_image","twitter_misc":{"Est. reading time":"1 minute"},"schema":{"@context":"https:\/\/schema.org","@graph":[{"@type":"WebPage","@id":"https:\/\/www.lpnnails.fr\/produit\/pinceau-double-polygel\/","url":"https:\/\/www.lpnnails.fr\/produit\/pinceau-double-polygel\/","name":"Pinceau double polygel - LPN Nails","isPartOf":{"@id":"https:\/\/www.lpnnails.fr\/#website"},"primaryImageOfPage":{"@id":"https:\/\/www.lpnnails.fr\/produit\/pinceau-double-polygel\/#primaryimage"},"image":{"@id":"https:\/\/www.lpnnails.fr\/produit\/pinceau-double-polygel\/#primaryimage"},"thumbnailUrl":"https:\/\/www.lpnnails.fr\/wp-content\/uploads\/2025\/04\/products-8907b2_34d04d1a18c44c2b8344a8729616cf5d~mv2.png","datePublished":"2024-02-12T20:49:54+00:00","dateModified":"2025-12-01T08:23:40+00:00","description":"Obtenez une application pr\u00e9cise et professionnelle du polygel avec ce pinceau 2-en-1 sp\u00e9cialement con\u00e7u pour les techniques de construction et de modelage des ongles. Dot\u00e9 d'un embout pinceau pour \u00e9taler et fa\u00e7onner le gel, ainsi que d'une spatule pour pr\u00e9lever et appliquer le produit, cet outil polyvalent est id\u00e9al pour des extensions d'ongles impeccables.","breadcrumb":{"@id":"https:\/\/www.lpnnails.fr\/produit\/pinceau-double-polygel\/#breadcrumb"},"inLanguage":"en-US","potentialAction":[{"@type":"ReadAction","target":["https:\/\/www.lpnnails.fr\/produit\/pinceau-double-polygel\/"]}]},{"@type":"ImageObject","inLanguage":"en-US","@id":"https:\/\/www.lpnnails.fr\/produit\/pinceau-double-polygel\/#primaryimage","url":"https:\/\/www.lpnnails.fr\/wp-content\/uploads\/2025\/04\/products-8907b2_34d04d1a18c44c2b8344a8729616cf5d~mv2.png","contentUrl":"https:\/\/www.lpnnails.fr\/wp-content\/uploads\/2025\/04\/products-8907b2_34d04d1a18c44c2b8344a8729616cf5d~mv2.png","width":1024,"height":1024,"caption":"PINCEAU DOUBLE POLYGEL"},{"@type":"BreadcrumbList","@id":"https:\/\/www.lpnnails.fr\/produit\/pinceau-double-polygel\/#breadcrumb","itemListElement":[{"@type":"ListItem","position":1,"name":"Accueil","item":"https:\/\/www.lpnnails.fr\/"},{"@type":"ListItem","position":2,"name":"Boutique","item":"https:\/\/www.lpnnails.fr\/boutique\/"},{"@type":"ListItem","position":3,"name":"Pinceau double polygel"}]},{"@type":"WebSite","@id":"https:\/\/www.lpnnails.fr\/#website","url":"https:\/\/www.lpnnails.fr\/","name":"LPN Nails","description":"","publisher":{"@id":"https:\/\/www.lpnnails.fr\/#organization"},"potentialAction":[{"@type":"SearchAction","target":{"@type":"EntryPoint","urlTemplate":"https:\/\/www.lpnnails.fr\/?s={search_term_string}"},"query-input":{"@type":"PropertyValueSpecification","valueRequired":true,"valueName":"search_term_string"}}],"inLanguage":"en-US"},{"@type":"Organization","@id":"https:\/\/www.lpnnails.fr\/#organization","name":"LPN Nails","url":"https:\/\/www.lpnnails.fr\/","logo":{"@type":"ImageObject","inLanguage":"en-US","@id":"https:\/\/www.lpnnails.fr\/#\/schema\/logo\/image\/","url":"https:\/\/www.lpnnails.fr\/wp-content\/uploads\/2025\/11\/Design-sans-titre-2.png","contentUrl":"https:\/\/www.lpnnails.fr\/wp-content\/uploads\/2025\/11\/Design-sans-titre-2.png","width":512,"height":512,"caption":"LPN Nails"},"image":{"@id":"https:\/\/www.lpnnails.fr\/#\/schema\/logo\/image\/"},"sameAs":["https:\/\/www.facebook.com\/profile.php?id=61573655313488#","https:\/\/www.instagram.com\/lpnnails\/","https:\/\/www.linkedin.com\/company\/lpnnails\/","https:\/\/www.youtube.com\/@LPNNails\/"]}]}},"uagb_featured_image_src":{"full":["https:\/\/www.lpnnails.fr\/wp-content\/uploads\/2025\/04\/products-8907b2_34d04d1a18c44c2b8344a8729616cf5d~mv2.png",1024,1024,false],"thumbnail":["https:\/\/www.lpnnails.fr\/wp-content\/uploads\/2025\/04\/products-8907b2_34d04d1a18c44c2b8344a8729616cf5d~mv2.png",150,150,true],"medium":["https:\/\/www.lpnnails.fr\/wp-content\/uploads\/2025\/04\/products-8907b2_34d04d1a18c44c2b8344a8729616cf5d~mv2.png",300,214,true],"medium_large":["https:\/\/www.lpnnails.fr\/wp-content\/uploads\/2025\/04\/products-8907b2_34d04d1a18c44c2b8344a8729616cf5d~mv2.png",768,768,false],"large":["https:\/\/www.lpnnails.fr\/wp-content\/uploads\/2025\/04\/products-8907b2_34d04d1a18c44c2b8344a8729616cf5d~mv2.png",1024,1024,false],"1536x1536":["https:\/\/www.lpnnails.fr\/wp-content\/uploads\/2025\/04\/products-8907b2_34d04d1a18c44c2b8344a8729616cf5d~mv2.png",1024,1024,false],"2048x2048":["https:\/\/www.lpnnails.fr\/wp-content\/uploads\/2025\/04\/products-8907b2_34d04d1a18c44c2b8344a8729616cf5d~mv2.png",1024,1024,false],"trp-custom-language-flag":["https:\/\/www.lpnnails.fr\/wp-content\/uploads\/2025\/04\/products-8907b2_34d04d1a18c44c2b8344a8729616cf5d~mv2.png",12,12,false],"mailpoet_newsletter_max":["https:\/\/www.lpnnails.fr\/wp-content\/uploads\/2025\/04\/products-8907b2_34d04d1a18c44c2b8344a8729616cf5d~mv2.png",1024,1024,false],"woocommerce_thumbnail":["https:\/\/www.lpnnails.fr\/wp-content\/uploads\/2025\/04\/products-8907b2_34d04d1a18c44c2b8344a8729616cf5d~mv2.png",300,300,false],"woocommerce_single":["https:\/\/www.lpnnails.fr\/wp-content\/uploads\/2025\/04\/products-8907b2_34d04d1a18c44c2b8344a8729616cf5d~mv2.png",600,600,false],"woocommerce_gallery_thumbnail":["https:\/\/www.lpnnails.fr\/wp-content\/uploads\/2025\/04\/products-8907b2_34d04d1a18c44c2b8344a8729616cf5d~mv2.png",100,100,false],"variation_swatches_image_size":["https:\/\/www.lpnnails.fr\/wp-content\/uploads\/2025\/04\/products-8907b2_34d04d1a18c44c2b8344a8729616cf5d~mv2.png",50,50,false],"variation_swatches_tooltip_size":["https:\/\/www.lpnnails.fr\/wp-content\/uploads\/2025\/04\/products-8907b2_34d04d1a18c44c2b8344a8729616cf5d~mv2.png",100,100,false]},"uagb_author_info":{"display_name":"LPN Nails","author_link":"https:\/\/www.lpnnails.fr\/en\/author\/"},"uagb_comment_info":0,"uagb_excerpt":"Obtenez une application pr\u00e9cise et professionnelle du polygel avec ce pinceau 2-en-1 sp\u00e9cialement con\u00e7u pour les techniques de construction et [&hellip;]","_links":{"self":[{"href":"https:\/\/www.lpnnails.fr\/en\/wp-json\/wp\/v2\/product\/3735","targetHints":{"allow":["GET"]}}],"collection":[{"href":"https:\/\/www.lpnnails.fr\/en\/wp-json\/wp\/v2\/product"}],"about":[{"href":"https:\/\/www.lpnnails.fr\/en\/wp-json\/wp\/v2\/types\/product"}],"replies":[{"embeddable":true,"href":"https:\/\/www.lpnnails.fr\/en\/wp-json\/wp\/v2\/comments?post=3735"}],"wp:featuredmedia":[{"embeddable":true,"href":"https:\/\/www.lpnnails.fr\/en\/wp-json\/wp\/v2\/media\/3736"}],"wp:attachment":[{"href":"https:\/\/www.lpnnails.fr\/en\/wp-json\/wp\/v2\/media?parent=3735"}],"wp:term":[{"taxonomy":"product_brand","embeddable":true,"href":"https:\/\/www.lpnnails.fr\/en\/wp-json\/wp\/v2\/product_brand?post=3735"},{"taxonomy":"product_cat","embeddable":true,"href":"https:\/\/www.lpnnails.fr\/en\/wp-json\/wp\/v2\/product_cat?post=3735"},{"taxonomy":"product_tag","embeddable":true,"href":"https:\/\/www.lpnnails.fr\/en\/wp-json\/wp\/v2\/product_tag?post=3735"}],"curies":[{"name":"wp","href":"https:\/\/api.w.org\/{rel}","templated":true}]}}