{"id":3487,"date":"2024-02-03T06:36:28","date_gmt":"2024-02-03T06:36:28","guid":{"rendered":"https:\/\/www.lpnnails.fr\/?post_type=product&#038;p=3487"},"modified":"2026-02-11T09:52:08","modified_gmt":"2026-02-11T08:52:08","slug":"set-de-moules-en-silicone","status":"publish","type":"product","link":"https:\/\/www.lpnnails.fr\/en\/product\/set-de-moules-en-silicone\/","title":{"rendered":"Set de moules en silicone"},"content":{"rendered":"<p>Id\u00e9al pour les passionn\u00e9s de nail art et les professionnels, ce set de moules en silicone vous offre\u00a0un support stable et pr\u00e9cis pour travailler les gels, les r\u00e9sines et les acryliques. R\u00e9utilisables et faciles \u00e0 manipuler, ils s&#8217;adaptent parfaitement \u00e0 toutes vos cr\u00e9ations pour un rendu uniforme et naturel.<\/p>\n<p><strong>Features :<\/strong><\/p>\n<ul>\n<li><strong>Silicone de haute qualit\u00e9 :<\/strong> Doux, flexible, et durable pour une utilisation prolong\u00e9e.<\/li>\n<li><strong>Compatibles avec tous types de gels<\/strong>.<\/li>\n<li><strong>Facile \u00e0 nettoyer et r\u00e9utilisable :<\/strong> Pour des cr\u00e9ations toujours parfaites.<\/li>\n<li>Chaque grille contient 12 pi\u00e8ces, la bo\u00eete est compos\u00e9 de 5 styles, soit un total de<strong> 60 pi\u00e8ces<\/strong> de tailles diff\u00e9rentes.<\/li>\n<\/ul>\n<p>Faites passer vos cr\u00e9ations au niveau sup\u00e9rieur avec ces moules d&#8217;ongle en silicone, con\u00e7us pour des r\u00e9sultats professionnels \u00e0 chaque application !<\/p>","protected":false},"excerpt":{"rendered":"<p>Id\u00e9al pour les passionn\u00e9s de nail art et les professionnels, ce set de moules en silicone vous offre\u00a0un support stable [&hellip;]<\/p>\n","protected":false},"featured_media":3488,"comment_status":"open","ping_status":"closed","template":"","meta":{"_uag_custom_page_level_css":"","site-sidebar-layout":"default","site-content-layout":"","ast-site-content-layout":"default","site-content-style":"default","site-sidebar-style":"default","ast-global-header-display":"","ast-banner-title-visibility":"","ast-main-header-display":"","ast-hfb-above-header-display":"","ast-hfb-below-header-display":"","ast-hfb-mobile-header-display":"","site-post-title":"","ast-breadcrumbs-content":"","ast-featured-img":"","footer-sml-layout":"","ast-disable-related-posts":"","theme-transparent-header-meta":"default","adv-header-id-meta":"","stick-header-meta":"","header-above-stick-meta":"","header-main-stick-meta":"","header-below-stick-meta":"","astra-migrate-meta-layouts":"set","ast-page-background-enabled":"default","ast-page-background-meta":{"desktop":{"background-color":"var(--ast-global-color-4)","background-image":"","background-repeat":"repeat","background-position":"center center","background-size":"auto","background-attachment":"scroll","background-type":"","background-media":"","overlay-type":"","overlay-color":"","overlay-opacity":"","overlay-gradient":""},"tablet":{"background-color":"","background-image":"","background-repeat":"repeat","background-position":"center center","background-size":"auto","background-attachment":"scroll","background-type":"","background-media":"","overlay-type":"","overlay-color":"","overlay-opacity":"","overlay-gradient":""},"mobile":{"background-color":"","background-image":"","background-repeat":"repeat","background-position":"center center","background-size":"auto","background-attachment":"scroll","background-type":"","background-media":"","overlay-type":"","overlay-color":"","overlay-opacity":"","overlay-gradient":""}},"ast-content-background-meta":{"desktop":{"background-color":"var(--ast-global-color-5)","background-image":"","background-repeat":"repeat","background-position":"center center","background-size":"auto","background-attachment":"scroll","background-type":"","background-media":"","overlay-type":"","overlay-color":"","overlay-opacity":"","overlay-gradient":""},"tablet":{"background-color":"var(--ast-global-color-5)","background-image":"","background-repeat":"repeat","background-position":"center center","background-size":"auto","background-attachment":"scroll","background-type":"","background-media":"","overlay-type":"","overlay-color":"","overlay-opacity":"","overlay-gradient":""},"mobile":{"background-color":"var(--ast-global-color-5)","background-image":"","background-repeat":"repeat","background-position":"center center","background-size":"auto","background-attachment":"scroll","background-type":"","background-media":"","overlay-type":"","overlay-color":"","overlay-opacity":"","overlay-gradient":""}}},"product_brand":[254],"product_cat":[237,199],"product_tag":[],"class_list":{"0":"post-3487","1":"product","2":"type-product","3":"status-publish","4":"has-post-thumbnail","6":"product_brand-lpnnails","7":"product_cat-moules","8":"product_cat-tous-les-produits","9":"desktop-align-left","10":"tablet-align-left","11":"mobile-align-left","13":"first","14":"instock","15":"purchasable","16":"product-type-simple"},"yoast_head":"<!-- This site is optimized with the Yoast SEO plugin v27.3 - https:\/\/yoast.com\/product\/yoast-seo-wordpress\/ -->\n<title>Set de moules en silicone - LPN Nails<\/title>\n<meta name=\"description\" content=\"Id\u00e9al pour les passionn\u00e9s de nail art et les professionnels, ce set de moules en silicone vous offre un support stable et pr\u00e9cis pour travailler les gels, les r\u00e9sines et les acryliques. R\u00e9utilisables et faciles \u00e0 manipuler, ils s&#039;adaptent parfaitement \u00e0 toutes vos cr\u00e9ations pour un rendu uniforme et naturel.\" \/>\n<meta name=\"robots\" content=\"index, follow, max-snippet:-1, max-image-preview:large, max-video-preview:-1\" \/>\n<link rel=\"canonical\" href=\"https:\/\/www.lpnnails.fr\/en\/product\/set-de-moules-en-silicone\/\" \/>\n<meta property=\"og:locale\" content=\"en_US\" \/>\n<meta property=\"og:type\" content=\"article\" \/>\n<meta property=\"og:title\" content=\"Set de moules en silicone - LPN Nails\" \/>\n<meta property=\"og:description\" content=\"Id\u00e9al pour les passionn\u00e9s de nail art et les professionnels, ce set de moules en silicone vous offre un support stable et pr\u00e9cis pour travailler les gels, les r\u00e9sines et les acryliques. R\u00e9utilisables et faciles \u00e0 manipuler, ils s&#039;adaptent parfaitement \u00e0 toutes vos cr\u00e9ations pour un rendu uniforme et naturel.\" \/>\n<meta property=\"og:url\" content=\"https:\/\/www.lpnnails.fr\/en\/product\/set-de-moules-en-silicone\/\" \/>\n<meta property=\"og:site_name\" content=\"LPN Nails\" \/>\n<meta property=\"article:publisher\" content=\"https:\/\/www.facebook.com\/profile.php?id=61573655313488#\" \/>\n<meta property=\"article:modified_time\" content=\"2026-02-11T08:52:08+00:00\" \/>\n<meta property=\"og:image\" content=\"https:\/\/www.lpnnails.fr\/wp-content\/uploads\/2025\/04\/products-8907b2_28f823455a8b466b9d61bffc9b7c76f0~mv2.png\" \/>\n\t<meta property=\"og:image:width\" content=\"1024\" \/>\n\t<meta property=\"og:image:height\" content=\"1024\" \/>\n\t<meta property=\"og:image:type\" content=\"image\/jpeg\" \/>\n<meta name=\"twitter:card\" content=\"summary_large_image\" \/>\n<meta name=\"twitter:label1\" content=\"Est. reading time\" \/>\n\t<meta name=\"twitter:data1\" content=\"1 minute\" \/>\n<script type=\"application\/ld+json\" class=\"yoast-schema-graph\">{\"@context\":\"https:\\\/\\\/schema.org\",\"@graph\":[{\"@type\":\"WebPage\",\"@id\":\"https:\\\/\\\/www.lpnnails.fr\\\/produit\\\/set-de-moules-en-silicone\\\/\",\"url\":\"https:\\\/\\\/www.lpnnails.fr\\\/produit\\\/set-de-moules-en-silicone\\\/\",\"name\":\"Set de moules en silicone - LPN Nails\",\"isPartOf\":{\"@id\":\"https:\\\/\\\/www.lpnnails.fr\\\/#website\"},\"primaryImageOfPage\":{\"@id\":\"https:\\\/\\\/www.lpnnails.fr\\\/produit\\\/set-de-moules-en-silicone\\\/#primaryimage\"},\"image\":{\"@id\":\"https:\\\/\\\/www.lpnnails.fr\\\/produit\\\/set-de-moules-en-silicone\\\/#primaryimage\"},\"thumbnailUrl\":\"https:\\\/\\\/www.lpnnails.fr\\\/wp-content\\\/uploads\\\/2025\\\/04\\\/products-8907b2_28f823455a8b466b9d61bffc9b7c76f0~mv2.png\",\"datePublished\":\"2024-02-03T06:36:28+00:00\",\"dateModified\":\"2026-02-11T08:52:08+00:00\",\"description\":\"Id\u00e9al pour les passionn\u00e9s de nail art et les professionnels, ce set de moules en silicone vous offre un support stable et pr\u00e9cis pour travailler les gels, les r\u00e9sines et les acryliques. R\u00e9utilisables et faciles \u00e0 manipuler, ils s'adaptent parfaitement \u00e0 toutes vos cr\u00e9ations pour un rendu uniforme et naturel.\",\"breadcrumb\":{\"@id\":\"https:\\\/\\\/www.lpnnails.fr\\\/produit\\\/set-de-moules-en-silicone\\\/#breadcrumb\"},\"inLanguage\":\"en-US\",\"potentialAction\":[{\"@type\":\"ReadAction\",\"target\":[\"https:\\\/\\\/www.lpnnails.fr\\\/produit\\\/set-de-moules-en-silicone\\\/\"]}]},{\"@type\":\"ImageObject\",\"inLanguage\":\"en-US\",\"@id\":\"https:\\\/\\\/www.lpnnails.fr\\\/produit\\\/set-de-moules-en-silicone\\\/#primaryimage\",\"url\":\"https:\\\/\\\/www.lpnnails.fr\\\/wp-content\\\/uploads\\\/2025\\\/04\\\/products-8907b2_28f823455a8b466b9d61bffc9b7c76f0~mv2.png\",\"contentUrl\":\"https:\\\/\\\/www.lpnnails.fr\\\/wp-content\\\/uploads\\\/2025\\\/04\\\/products-8907b2_28f823455a8b466b9d61bffc9b7c76f0~mv2.png\",\"width\":1024,\"height\":1024,\"caption\":\"SET DE MOULES EN SILICONE\"},{\"@type\":\"BreadcrumbList\",\"@id\":\"https:\\\/\\\/www.lpnnails.fr\\\/produit\\\/set-de-moules-en-silicone\\\/#breadcrumb\",\"itemListElement\":[{\"@type\":\"ListItem\",\"position\":1,\"name\":\"Accueil\",\"item\":\"https:\\\/\\\/www.lpnnails.fr\\\/\"},{\"@type\":\"ListItem\",\"position\":2,\"name\":\"Boutique\",\"item\":\"https:\\\/\\\/www.lpnnails.fr\\\/boutique\\\/\"},{\"@type\":\"ListItem\",\"position\":3,\"name\":\"Set de moules en silicone\"}]},{\"@type\":\"WebSite\",\"@id\":\"https:\\\/\\\/www.lpnnails.fr\\\/#website\",\"url\":\"https:\\\/\\\/www.lpnnails.fr\\\/\",\"name\":\"LPN Nails\",\"description\":\"\",\"publisher\":{\"@id\":\"https:\\\/\\\/www.lpnnails.fr\\\/#organization\"},\"potentialAction\":[{\"@type\":\"SearchAction\",\"target\":{\"@type\":\"EntryPoint\",\"urlTemplate\":\"https:\\\/\\\/www.lpnnails.fr\\\/?s={search_term_string}\"},\"query-input\":{\"@type\":\"PropertyValueSpecification\",\"valueRequired\":true,\"valueName\":\"search_term_string\"}}],\"inLanguage\":\"en-US\"},{\"@type\":\"Organization\",\"@id\":\"https:\\\/\\\/www.lpnnails.fr\\\/#organization\",\"name\":\"LPN Nails\",\"url\":\"https:\\\/\\\/www.lpnnails.fr\\\/\",\"logo\":{\"@type\":\"ImageObject\",\"inLanguage\":\"en-US\",\"@id\":\"https:\\\/\\\/www.lpnnails.fr\\\/#\\\/schema\\\/logo\\\/image\\\/\",\"url\":\"https:\\\/\\\/www.lpnnails.fr\\\/wp-content\\\/uploads\\\/2025\\\/11\\\/Design-sans-titre-2.png\",\"contentUrl\":\"https:\\\/\\\/www.lpnnails.fr\\\/wp-content\\\/uploads\\\/2025\\\/11\\\/Design-sans-titre-2.png\",\"width\":512,\"height\":512,\"caption\":\"LPN Nails\"},\"image\":{\"@id\":\"https:\\\/\\\/www.lpnnails.fr\\\/#\\\/schema\\\/logo\\\/image\\\/\"},\"sameAs\":[\"https:\\\/\\\/www.facebook.com\\\/profile.php?id=61573655313488#\",\"https:\\\/\\\/www.instagram.com\\\/lpnnails\\\/\",\"https:\\\/\\\/www.linkedin.com\\\/company\\\/lpnnails\\\/\",\"https:\\\/\\\/www.youtube.com\\\/@LPNNails\\\/\"]}]}<\/script>\n<!-- \/ Yoast SEO plugin. -->","yoast_head_json":{"title":"Set de moules en silicone - LPN Nails","description":"Id\u00e9al pour les passionn\u00e9s de nail art et les professionnels, ce set de moules en silicone vous offre un support stable et pr\u00e9cis pour travailler les gels, les r\u00e9sines et les acryliques. R\u00e9utilisables et faciles \u00e0 manipuler, ils s'adaptent parfaitement \u00e0 toutes vos cr\u00e9ations pour un rendu uniforme et naturel.","robots":{"index":"index","follow":"follow","max-snippet":"max-snippet:-1","max-image-preview":"max-image-preview:large","max-video-preview":"max-video-preview:-1"},"canonical":"https:\/\/www.lpnnails.fr\/en\/product\/set-de-moules-en-silicone\/","og_locale":"en_US","og_type":"article","og_title":"Set de moules en silicone - LPN Nails","og_description":"Id\u00e9al pour les passionn\u00e9s de nail art et les professionnels, ce set de moules en silicone vous offre un support stable et pr\u00e9cis pour travailler les gels, les r\u00e9sines et les acryliques. R\u00e9utilisables et faciles \u00e0 manipuler, ils s'adaptent parfaitement \u00e0 toutes vos cr\u00e9ations pour un rendu uniforme et naturel.","og_url":"https:\/\/www.lpnnails.fr\/en\/product\/set-de-moules-en-silicone\/","og_site_name":"LPN Nails","article_publisher":"https:\/\/www.facebook.com\/profile.php?id=61573655313488#","article_modified_time":"2026-02-11T08:52:08+00:00","og_image":[{"width":1024,"height":1024,"url":"https:\/\/www.lpnnails.fr\/wp-content\/uploads\/2025\/04\/products-8907b2_28f823455a8b466b9d61bffc9b7c76f0~mv2.png","type":"image\/jpeg"}],"twitter_card":"summary_large_image","twitter_misc":{"Est. reading time":"1 minute"},"schema":{"@context":"https:\/\/schema.org","@graph":[{"@type":"WebPage","@id":"https:\/\/www.lpnnails.fr\/produit\/set-de-moules-en-silicone\/","url":"https:\/\/www.lpnnails.fr\/produit\/set-de-moules-en-silicone\/","name":"Set de moules en silicone - LPN Nails","isPartOf":{"@id":"https:\/\/www.lpnnails.fr\/#website"},"primaryImageOfPage":{"@id":"https:\/\/www.lpnnails.fr\/produit\/set-de-moules-en-silicone\/#primaryimage"},"image":{"@id":"https:\/\/www.lpnnails.fr\/produit\/set-de-moules-en-silicone\/#primaryimage"},"thumbnailUrl":"https:\/\/www.lpnnails.fr\/wp-content\/uploads\/2025\/04\/products-8907b2_28f823455a8b466b9d61bffc9b7c76f0~mv2.png","datePublished":"2024-02-03T06:36:28+00:00","dateModified":"2026-02-11T08:52:08+00:00","description":"Id\u00e9al pour les passionn\u00e9s de nail art et les professionnels, ce set de moules en silicone vous offre un support stable et pr\u00e9cis pour travailler les gels, les r\u00e9sines et les acryliques. R\u00e9utilisables et faciles \u00e0 manipuler, ils s'adaptent parfaitement \u00e0 toutes vos cr\u00e9ations pour un rendu uniforme et naturel.","breadcrumb":{"@id":"https:\/\/www.lpnnails.fr\/produit\/set-de-moules-en-silicone\/#breadcrumb"},"inLanguage":"en-US","potentialAction":[{"@type":"ReadAction","target":["https:\/\/www.lpnnails.fr\/produit\/set-de-moules-en-silicone\/"]}]},{"@type":"ImageObject","inLanguage":"en-US","@id":"https:\/\/www.lpnnails.fr\/produit\/set-de-moules-en-silicone\/#primaryimage","url":"https:\/\/www.lpnnails.fr\/wp-content\/uploads\/2025\/04\/products-8907b2_28f823455a8b466b9d61bffc9b7c76f0~mv2.png","contentUrl":"https:\/\/www.lpnnails.fr\/wp-content\/uploads\/2025\/04\/products-8907b2_28f823455a8b466b9d61bffc9b7c76f0~mv2.png","width":1024,"height":1024,"caption":"SET DE MOULES EN SILICONE"},{"@type":"BreadcrumbList","@id":"https:\/\/www.lpnnails.fr\/produit\/set-de-moules-en-silicone\/#breadcrumb","itemListElement":[{"@type":"ListItem","position":1,"name":"Accueil","item":"https:\/\/www.lpnnails.fr\/"},{"@type":"ListItem","position":2,"name":"Boutique","item":"https:\/\/www.lpnnails.fr\/boutique\/"},{"@type":"ListItem","position":3,"name":"Set de moules en silicone"}]},{"@type":"WebSite","@id":"https:\/\/www.lpnnails.fr\/#website","url":"https:\/\/www.lpnnails.fr\/","name":"LPN Nails","description":"","publisher":{"@id":"https:\/\/www.lpnnails.fr\/#organization"},"potentialAction":[{"@type":"SearchAction","target":{"@type":"EntryPoint","urlTemplate":"https:\/\/www.lpnnails.fr\/?s={search_term_string}"},"query-input":{"@type":"PropertyValueSpecification","valueRequired":true,"valueName":"search_term_string"}}],"inLanguage":"en-US"},{"@type":"Organization","@id":"https:\/\/www.lpnnails.fr\/#organization","name":"LPN Nails","url":"https:\/\/www.lpnnails.fr\/","logo":{"@type":"ImageObject","inLanguage":"en-US","@id":"https:\/\/www.lpnnails.fr\/#\/schema\/logo\/image\/","url":"https:\/\/www.lpnnails.fr\/wp-content\/uploads\/2025\/11\/Design-sans-titre-2.png","contentUrl":"https:\/\/www.lpnnails.fr\/wp-content\/uploads\/2025\/11\/Design-sans-titre-2.png","width":512,"height":512,"caption":"LPN Nails"},"image":{"@id":"https:\/\/www.lpnnails.fr\/#\/schema\/logo\/image\/"},"sameAs":["https:\/\/www.facebook.com\/profile.php?id=61573655313488#","https:\/\/www.instagram.com\/lpnnails\/","https:\/\/www.linkedin.com\/company\/lpnnails\/","https:\/\/www.youtube.com\/@LPNNails\/"]}]}},"uagb_featured_image_src":{"full":["https:\/\/www.lpnnails.fr\/wp-content\/uploads\/2025\/04\/products-8907b2_28f823455a8b466b9d61bffc9b7c76f0~mv2.png",1024,1024,false],"thumbnail":["https:\/\/www.lpnnails.fr\/wp-content\/uploads\/2025\/04\/products-8907b2_28f823455a8b466b9d61bffc9b7c76f0~mv2.png",150,150,true],"medium":["https:\/\/www.lpnnails.fr\/wp-content\/uploads\/2025\/04\/products-8907b2_28f823455a8b466b9d61bffc9b7c76f0~mv2.png",300,214,true],"medium_large":["https:\/\/www.lpnnails.fr\/wp-content\/uploads\/2025\/04\/products-8907b2_28f823455a8b466b9d61bffc9b7c76f0~mv2.png",768,768,false],"large":["https:\/\/www.lpnnails.fr\/wp-content\/uploads\/2025\/04\/products-8907b2_28f823455a8b466b9d61bffc9b7c76f0~mv2.png",1024,1024,false],"1536x1536":["https:\/\/www.lpnnails.fr\/wp-content\/uploads\/2025\/04\/products-8907b2_28f823455a8b466b9d61bffc9b7c76f0~mv2.png",1024,1024,false],"2048x2048":["https:\/\/www.lpnnails.fr\/wp-content\/uploads\/2025\/04\/products-8907b2_28f823455a8b466b9d61bffc9b7c76f0~mv2.png",1024,1024,false],"trp-custom-language-flag":["https:\/\/www.lpnnails.fr\/wp-content\/uploads\/2025\/04\/products-8907b2_28f823455a8b466b9d61bffc9b7c76f0~mv2.png",12,12,false],"mailpoet_newsletter_max":["https:\/\/www.lpnnails.fr\/wp-content\/uploads\/2025\/04\/products-8907b2_28f823455a8b466b9d61bffc9b7c76f0~mv2.png",1024,1024,false],"woocommerce_thumbnail":["https:\/\/www.lpnnails.fr\/wp-content\/uploads\/2025\/04\/products-8907b2_28f823455a8b466b9d61bffc9b7c76f0~mv2.png",300,300,false],"woocommerce_single":["https:\/\/www.lpnnails.fr\/wp-content\/uploads\/2025\/04\/products-8907b2_28f823455a8b466b9d61bffc9b7c76f0~mv2.png",600,600,false],"woocommerce_gallery_thumbnail":["https:\/\/www.lpnnails.fr\/wp-content\/uploads\/2025\/04\/products-8907b2_28f823455a8b466b9d61bffc9b7c76f0~mv2.png",100,100,false],"variation_swatches_image_size":["https:\/\/www.lpnnails.fr\/wp-content\/uploads\/2025\/04\/products-8907b2_28f823455a8b466b9d61bffc9b7c76f0~mv2.png",50,50,false],"variation_swatches_tooltip_size":["https:\/\/www.lpnnails.fr\/wp-content\/uploads\/2025\/04\/products-8907b2_28f823455a8b466b9d61bffc9b7c76f0~mv2.png",100,100,false]},"uagb_author_info":{"display_name":"LPN Nails","author_link":"https:\/\/www.lpnnails.fr\/en\/author\/"},"uagb_comment_info":0,"uagb_excerpt":"Id\u00e9al pour les passionn\u00e9s de nail art et les professionnels, ce set de moules en silicone vous offre\u00a0un support stable [&hellip;]","_links":{"self":[{"href":"https:\/\/www.lpnnails.fr\/en\/wp-json\/wp\/v2\/product\/3487","targetHints":{"allow":["GET"]}}],"collection":[{"href":"https:\/\/www.lpnnails.fr\/en\/wp-json\/wp\/v2\/product"}],"about":[{"href":"https:\/\/www.lpnnails.fr\/en\/wp-json\/wp\/v2\/types\/product"}],"replies":[{"embeddable":true,"href":"https:\/\/www.lpnnails.fr\/en\/wp-json\/wp\/v2\/comments?post=3487"}],"wp:featuredmedia":[{"embeddable":true,"href":"https:\/\/www.lpnnails.fr\/en\/wp-json\/wp\/v2\/media\/3488"}],"wp:attachment":[{"href":"https:\/\/www.lpnnails.fr\/en\/wp-json\/wp\/v2\/media?parent=3487"}],"wp:term":[{"taxonomy":"product_brand","embeddable":true,"href":"https:\/\/www.lpnnails.fr\/en\/wp-json\/wp\/v2\/product_brand?post=3487"},{"taxonomy":"product_cat","embeddable":true,"href":"https:\/\/www.lpnnails.fr\/en\/wp-json\/wp\/v2\/product_cat?post=3487"},{"taxonomy":"product_tag","embeddable":true,"href":"https:\/\/www.lpnnails.fr\/en\/wp-json\/wp\/v2\/product_tag?post=3487"}],"curies":[{"name":"wp","href":"https:\/\/api.w.org\/{rel}","templated":true}]}}