{"id":3483,"date":"2024-02-03T06:58:46","date_gmt":"2024-02-03T05:58:46","guid":{"rendered":"https:\/\/www.lpnnails.fr\/?post_type=product&#038;p=3483"},"modified":"2026-03-11T13:03:26","modified_gmt":"2026-03-11T12:03:26","slug":"popits","status":"publish","type":"product","link":"https:\/\/www.lpnnails.fr\/en\/product\/popits\/","title":{"rendered":"Essential popits"},"content":{"rendered":"<p>Cr\u00e9ez des extensions d&#8217;ongles parfaites en un rien de temps gr\u00e2ce \u00e0 cette <strong>bo\u00eete de Popits avec guide pour French<\/strong>. Con\u00e7ue pour \u00eatre utilis\u00e9e avec du polygel ou du gel builder, cette bo\u00eete vous offre un r\u00e9sultat lisse et impeccable.<\/p>\n<p><strong>Features :<\/strong><\/p>\n<ul>\n<li><strong>4 mod\u00e8les diff\u00e9rents :<\/strong> Variez vos styles avec des designs adapt\u00e9s \u00e0 vos envies.<\/li>\n<li><strong>192 pi\u00e8ces au total :<\/strong> Comprend 4 grilles de 24 formes doubles chacune, avec 12 feuilles de silicium.<\/li>\n<li><strong>Guide int\u00e9gr\u00e9 pour French :<\/strong> Pour des designs pr\u00e9cis et professionnels.<\/li>\n<li><strong>Mat\u00e9riaux r\u00e9sistants :<\/strong> Con\u00e7us pour une utilisation durable.<\/li>\n<\/ul>\n<p><strong>Benefits :<\/strong><\/p>\n<ul>\n<li><strong>Rapidit\u00e9 et simplicit\u00e9 :<\/strong> R\u00e9alisez vos poses en un minimum de temps.<\/li>\n<li><strong>R\u00e9sultat lisse :<\/strong> Id\u00e9al pour un rendu professionnel sans effort.<\/li>\n<li><strong>Adapt\u00e9 aux d\u00e9butants et aux professionnels :<\/strong> Parfait pour toutes les techniques.<\/li>\n<\/ul>\n<p><strong>Use :<\/strong><\/p>\n<ul>\n<li>S\u00e9lectionnez la forme adapt\u00e9e \u00e0 votre ongle.<\/li>\n<li>Appliquez le polygel ou le builder gel sur le Popit.<\/li>\n<li>Placez le sur l\u2019ongle et catalysez sous une lampe UV ou LED.<\/li>\n<li>Retirez d\u00e9licatement le Popit pour r\u00e9v\u00e9ler une surface lisse.<\/li>\n<li>Finalisez avec une mise en forme et un top coat.<\/li>\n<\/ul>\n<p>Simplifiez vos extensions avec ce kit complet et pratique, parfait pour un look professionnel \u00e0 chaque utilisation !<\/p>\n<p>&nbsp;<\/p>","protected":false},"excerpt":{"rendered":"<p>Cr\u00e9ez des extensions d&#8217;ongles parfaites en un rien de temps gr\u00e2ce \u00e0 cette bo\u00eete de Popits avec guide pour French. [&hellip;]<\/p>\n","protected":false},"featured_media":8454,"comment_status":"open","ping_status":"closed","template":"","meta":{"_uag_custom_page_level_css":"","site-sidebar-layout":"default","site-content-layout":"","ast-site-content-layout":"default","site-content-style":"default","site-sidebar-style":"default","ast-global-header-display":"","ast-banner-title-visibility":"","ast-main-header-display":"","ast-hfb-above-header-display":"","ast-hfb-below-header-display":"","ast-hfb-mobile-header-display":"","site-post-title":"","ast-breadcrumbs-content":"","ast-featured-img":"","footer-sml-layout":"","ast-disable-related-posts":"","theme-transparent-header-meta":"default","adv-header-id-meta":"","stick-header-meta":"","header-above-stick-meta":"","header-main-stick-meta":"","header-below-stick-meta":"","astra-migrate-meta-layouts":"set","ast-page-background-enabled":"default","ast-page-background-meta":{"desktop":{"background-color":"var(--ast-global-color-4)","background-image":"","background-repeat":"repeat","background-position":"center center","background-size":"auto","background-attachment":"scroll","background-type":"","background-media":"","overlay-type":"","overlay-color":"","overlay-opacity":"","overlay-gradient":""},"tablet":{"background-color":"","background-image":"","background-repeat":"repeat","background-position":"center center","background-size":"auto","background-attachment":"scroll","background-type":"","background-media":"","overlay-type":"","overlay-color":"","overlay-opacity":"","overlay-gradient":""},"mobile":{"background-color":"","background-image":"","background-repeat":"repeat","background-position":"center center","background-size":"auto","background-attachment":"scroll","background-type":"","background-media":"","overlay-type":"","overlay-color":"","overlay-opacity":"","overlay-gradient":""}},"ast-content-background-meta":{"desktop":{"background-color":"var(--ast-global-color-5)","background-image":"","background-repeat":"repeat","background-position":"center center","background-size":"auto","background-attachment":"scroll","background-type":"","background-media":"","overlay-type":"","overlay-color":"","overlay-opacity":"","overlay-gradient":""},"tablet":{"background-color":"var(--ast-global-color-5)","background-image":"","background-repeat":"repeat","background-position":"center center","background-size":"auto","background-attachment":"scroll","background-type":"","background-media":"","overlay-type":"","overlay-color":"","overlay-opacity":"","overlay-gradient":""},"mobile":{"background-color":"var(--ast-global-color-5)","background-image":"","background-repeat":"repeat","background-position":"center center","background-size":"auto","background-attachment":"scroll","background-type":"","background-media":"","overlay-type":"","overlay-color":"","overlay-opacity":"","overlay-gradient":""}}},"product_brand":[254],"product_cat":[252,199],"product_tag":[],"class_list":{"0":"post-3483","1":"product","2":"type-product","3":"status-publish","4":"has-post-thumbnail","6":"product_brand-lpnnails","7":"product_cat-techniques-d-extensions","8":"product_cat-tous-les-produits","9":"desktop-align-left","10":"tablet-align-left","11":"mobile-align-left","13":"first","14":"instock","15":"purchasable","16":"product-type-simple"},"yoast_head":"<!-- This site is optimized with the Yoast SEO plugin v27.3 - https:\/\/yoast.com\/product\/yoast-seo-wordpress\/ -->\n<title>Essential popits - LPN Nails<\/title>\n<meta name=\"description\" content=\"Cr\u00e9ez des extensions d&#039;ongles parfaites en un rien de temps gr\u00e2ce \u00e0 cette bo\u00eete de Popits avec guide pour French. Con\u00e7ue pour \u00eatre utilis\u00e9e avec du polygel ou du gel builder, cette bo\u00eete vous offre un r\u00e9sultat lisse et impeccable.\" \/>\n<meta name=\"robots\" content=\"index, follow, max-snippet:-1, max-image-preview:large, max-video-preview:-1\" \/>\n<link rel=\"canonical\" href=\"https:\/\/www.lpnnails.fr\/en\/product\/popits\/\" \/>\n<meta property=\"og:locale\" content=\"en_US\" \/>\n<meta property=\"og:type\" content=\"article\" \/>\n<meta property=\"og:title\" content=\"Essential popits - LPN Nails\" \/>\n<meta property=\"og:description\" content=\"Cr\u00e9ez des extensions d&#039;ongles parfaites en un rien de temps gr\u00e2ce \u00e0 cette bo\u00eete de Popits avec guide pour French. Con\u00e7ue pour \u00eatre utilis\u00e9e avec du polygel ou du gel builder, cette bo\u00eete vous offre un r\u00e9sultat lisse et impeccable.\" \/>\n<meta property=\"og:url\" content=\"https:\/\/www.lpnnails.fr\/en\/product\/popits\/\" \/>\n<meta property=\"og:site_name\" content=\"LPN Nails\" \/>\n<meta property=\"article:publisher\" content=\"https:\/\/www.facebook.com\/profile.php?id=61573655313488#\" \/>\n<meta property=\"article:modified_time\" content=\"2026-03-11T12:03:26+00:00\" \/>\n<meta property=\"og:image\" content=\"https:\/\/www.lpnnails.fr\/wp-content\/uploads\/2024\/02\/essentials-popits.jpg\" \/>\n\t<meta property=\"og:image:width\" content=\"1024\" \/>\n\t<meta property=\"og:image:height\" content=\"1024\" \/>\n\t<meta property=\"og:image:type\" content=\"image\/jpeg\" \/>\n<meta name=\"twitter:card\" content=\"summary_large_image\" \/>\n<meta name=\"twitter:label1\" content=\"Est. reading time\" \/>\n\t<meta name=\"twitter:data1\" content=\"2 minutes\" \/>\n<script type=\"application\/ld+json\" class=\"yoast-schema-graph\">{\"@context\":\"https:\\\/\\\/schema.org\",\"@graph\":[{\"@type\":\"WebPage\",\"@id\":\"https:\\\/\\\/www.lpnnails.fr\\\/produit\\\/popits\\\/\",\"url\":\"https:\\\/\\\/www.lpnnails.fr\\\/produit\\\/popits\\\/\",\"name\":\"Essential popits - LPN Nails\",\"isPartOf\":{\"@id\":\"https:\\\/\\\/www.lpnnails.fr\\\/#website\"},\"primaryImageOfPage\":{\"@id\":\"https:\\\/\\\/www.lpnnails.fr\\\/produit\\\/popits\\\/#primaryimage\"},\"image\":{\"@id\":\"https:\\\/\\\/www.lpnnails.fr\\\/produit\\\/popits\\\/#primaryimage\"},\"thumbnailUrl\":\"https:\\\/\\\/www.lpnnails.fr\\\/wp-content\\\/uploads\\\/2024\\\/02\\\/essentials-popits.jpg\",\"datePublished\":\"2024-02-03T05:58:46+00:00\",\"dateModified\":\"2026-03-11T12:03:26+00:00\",\"description\":\"Cr\u00e9ez des extensions d'ongles parfaites en un rien de temps gr\u00e2ce \u00e0 cette bo\u00eete de Popits avec guide pour French. Con\u00e7ue pour \u00eatre utilis\u00e9e avec du polygel ou du gel builder, cette bo\u00eete vous offre un r\u00e9sultat lisse et impeccable.\",\"breadcrumb\":{\"@id\":\"https:\\\/\\\/www.lpnnails.fr\\\/produit\\\/popits\\\/#breadcrumb\"},\"inLanguage\":\"en-US\",\"potentialAction\":[{\"@type\":\"ReadAction\",\"target\":[\"https:\\\/\\\/www.lpnnails.fr\\\/produit\\\/popits\\\/\"]}]},{\"@type\":\"ImageObject\",\"inLanguage\":\"en-US\",\"@id\":\"https:\\\/\\\/www.lpnnails.fr\\\/produit\\\/popits\\\/#primaryimage\",\"url\":\"https:\\\/\\\/www.lpnnails.fr\\\/wp-content\\\/uploads\\\/2024\\\/02\\\/essentials-popits.jpg\",\"contentUrl\":\"https:\\\/\\\/www.lpnnails.fr\\\/wp-content\\\/uploads\\\/2024\\\/02\\\/essentials-popits.jpg\",\"width\":1024,\"height\":1024,\"caption\":\"essentials popits\"},{\"@type\":\"BreadcrumbList\",\"@id\":\"https:\\\/\\\/www.lpnnails.fr\\\/produit\\\/popits\\\/#breadcrumb\",\"itemListElement\":[{\"@type\":\"ListItem\",\"position\":1,\"name\":\"Accueil\",\"item\":\"https:\\\/\\\/www.lpnnails.fr\\\/\"},{\"@type\":\"ListItem\",\"position\":2,\"name\":\"Boutique\",\"item\":\"https:\\\/\\\/www.lpnnails.fr\\\/boutique\\\/\"},{\"@type\":\"ListItem\",\"position\":3,\"name\":\"Essential popits\"}]},{\"@type\":\"WebSite\",\"@id\":\"https:\\\/\\\/www.lpnnails.fr\\\/#website\",\"url\":\"https:\\\/\\\/www.lpnnails.fr\\\/\",\"name\":\"LPN Nails\",\"description\":\"\",\"publisher\":{\"@id\":\"https:\\\/\\\/www.lpnnails.fr\\\/#organization\"},\"potentialAction\":[{\"@type\":\"SearchAction\",\"target\":{\"@type\":\"EntryPoint\",\"urlTemplate\":\"https:\\\/\\\/www.lpnnails.fr\\\/?s={search_term_string}\"},\"query-input\":{\"@type\":\"PropertyValueSpecification\",\"valueRequired\":true,\"valueName\":\"search_term_string\"}}],\"inLanguage\":\"en-US\"},{\"@type\":\"Organization\",\"@id\":\"https:\\\/\\\/www.lpnnails.fr\\\/#organization\",\"name\":\"LPN Nails\",\"url\":\"https:\\\/\\\/www.lpnnails.fr\\\/\",\"logo\":{\"@type\":\"ImageObject\",\"inLanguage\":\"en-US\",\"@id\":\"https:\\\/\\\/www.lpnnails.fr\\\/#\\\/schema\\\/logo\\\/image\\\/\",\"url\":\"https:\\\/\\\/www.lpnnails.fr\\\/wp-content\\\/uploads\\\/2025\\\/11\\\/Design-sans-titre-2.png\",\"contentUrl\":\"https:\\\/\\\/www.lpnnails.fr\\\/wp-content\\\/uploads\\\/2025\\\/11\\\/Design-sans-titre-2.png\",\"width\":512,\"height\":512,\"caption\":\"LPN Nails\"},\"image\":{\"@id\":\"https:\\\/\\\/www.lpnnails.fr\\\/#\\\/schema\\\/logo\\\/image\\\/\"},\"sameAs\":[\"https:\\\/\\\/www.facebook.com\\\/profile.php?id=61573655313488#\",\"https:\\\/\\\/www.instagram.com\\\/lpnnails\\\/\",\"https:\\\/\\\/www.linkedin.com\\\/company\\\/lpnnails\\\/\",\"https:\\\/\\\/www.youtube.com\\\/@LPNNails\\\/\"]}]}<\/script>\n<!-- \/ Yoast SEO plugin. -->","yoast_head_json":{"title":"Essential popits - LPN Nails","description":"Cr\u00e9ez des extensions d'ongles parfaites en un rien de temps gr\u00e2ce \u00e0 cette bo\u00eete de Popits avec guide pour French. Con\u00e7ue pour \u00eatre utilis\u00e9e avec du polygel ou du gel builder, cette bo\u00eete vous offre un r\u00e9sultat lisse et impeccable.","robots":{"index":"index","follow":"follow","max-snippet":"max-snippet:-1","max-image-preview":"max-image-preview:large","max-video-preview":"max-video-preview:-1"},"canonical":"https:\/\/www.lpnnails.fr\/en\/product\/popits\/","og_locale":"en_US","og_type":"article","og_title":"Essential popits - LPN Nails","og_description":"Cr\u00e9ez des extensions d'ongles parfaites en un rien de temps gr\u00e2ce \u00e0 cette bo\u00eete de Popits avec guide pour French. Con\u00e7ue pour \u00eatre utilis\u00e9e avec du polygel ou du gel builder, cette bo\u00eete vous offre un r\u00e9sultat lisse et impeccable.","og_url":"https:\/\/www.lpnnails.fr\/en\/product\/popits\/","og_site_name":"LPN Nails","article_publisher":"https:\/\/www.facebook.com\/profile.php?id=61573655313488#","article_modified_time":"2026-03-11T12:03:26+00:00","og_image":[{"width":1024,"height":1024,"url":"https:\/\/www.lpnnails.fr\/wp-content\/uploads\/2024\/02\/essentials-popits.jpg","type":"image\/jpeg"}],"twitter_card":"summary_large_image","twitter_misc":{"Est. reading time":"2 minutes"},"schema":{"@context":"https:\/\/schema.org","@graph":[{"@type":"WebPage","@id":"https:\/\/www.lpnnails.fr\/produit\/popits\/","url":"https:\/\/www.lpnnails.fr\/produit\/popits\/","name":"Essential popits - LPN Nails","isPartOf":{"@id":"https:\/\/www.lpnnails.fr\/#website"},"primaryImageOfPage":{"@id":"https:\/\/www.lpnnails.fr\/produit\/popits\/#primaryimage"},"image":{"@id":"https:\/\/www.lpnnails.fr\/produit\/popits\/#primaryimage"},"thumbnailUrl":"https:\/\/www.lpnnails.fr\/wp-content\/uploads\/2024\/02\/essentials-popits.jpg","datePublished":"2024-02-03T05:58:46+00:00","dateModified":"2026-03-11T12:03:26+00:00","description":"Cr\u00e9ez des extensions d'ongles parfaites en un rien de temps gr\u00e2ce \u00e0 cette bo\u00eete de Popits avec guide pour French. Con\u00e7ue pour \u00eatre utilis\u00e9e avec du polygel ou du gel builder, cette bo\u00eete vous offre un r\u00e9sultat lisse et impeccable.","breadcrumb":{"@id":"https:\/\/www.lpnnails.fr\/produit\/popits\/#breadcrumb"},"inLanguage":"en-US","potentialAction":[{"@type":"ReadAction","target":["https:\/\/www.lpnnails.fr\/produit\/popits\/"]}]},{"@type":"ImageObject","inLanguage":"en-US","@id":"https:\/\/www.lpnnails.fr\/produit\/popits\/#primaryimage","url":"https:\/\/www.lpnnails.fr\/wp-content\/uploads\/2024\/02\/essentials-popits.jpg","contentUrl":"https:\/\/www.lpnnails.fr\/wp-content\/uploads\/2024\/02\/essentials-popits.jpg","width":1024,"height":1024,"caption":"essentials popits"},{"@type":"BreadcrumbList","@id":"https:\/\/www.lpnnails.fr\/produit\/popits\/#breadcrumb","itemListElement":[{"@type":"ListItem","position":1,"name":"Accueil","item":"https:\/\/www.lpnnails.fr\/"},{"@type":"ListItem","position":2,"name":"Boutique","item":"https:\/\/www.lpnnails.fr\/boutique\/"},{"@type":"ListItem","position":3,"name":"Essential popits"}]},{"@type":"WebSite","@id":"https:\/\/www.lpnnails.fr\/#website","url":"https:\/\/www.lpnnails.fr\/","name":"LPN Nails","description":"","publisher":{"@id":"https:\/\/www.lpnnails.fr\/#organization"},"potentialAction":[{"@type":"SearchAction","target":{"@type":"EntryPoint","urlTemplate":"https:\/\/www.lpnnails.fr\/?s={search_term_string}"},"query-input":{"@type":"PropertyValueSpecification","valueRequired":true,"valueName":"search_term_string"}}],"inLanguage":"en-US"},{"@type":"Organization","@id":"https:\/\/www.lpnnails.fr\/#organization","name":"LPN Nails","url":"https:\/\/www.lpnnails.fr\/","logo":{"@type":"ImageObject","inLanguage":"en-US","@id":"https:\/\/www.lpnnails.fr\/#\/schema\/logo\/image\/","url":"https:\/\/www.lpnnails.fr\/wp-content\/uploads\/2025\/11\/Design-sans-titre-2.png","contentUrl":"https:\/\/www.lpnnails.fr\/wp-content\/uploads\/2025\/11\/Design-sans-titre-2.png","width":512,"height":512,"caption":"LPN Nails"},"image":{"@id":"https:\/\/www.lpnnails.fr\/#\/schema\/logo\/image\/"},"sameAs":["https:\/\/www.facebook.com\/profile.php?id=61573655313488#","https:\/\/www.instagram.com\/lpnnails\/","https:\/\/www.linkedin.com\/company\/lpnnails\/","https:\/\/www.youtube.com\/@LPNNails\/"]}]}},"uagb_featured_image_src":{"full":["https:\/\/www.lpnnails.fr\/wp-content\/uploads\/2024\/02\/essentials-popits.jpg",1024,1024,false],"thumbnail":["https:\/\/www.lpnnails.fr\/wp-content\/uploads\/2024\/02\/essentials-popits-150x150.jpg",150,150,true],"medium":["https:\/\/www.lpnnails.fr\/wp-content\/uploads\/2024\/02\/essentials-popits-300x300.jpg",300,300,true],"medium_large":["https:\/\/www.lpnnails.fr\/wp-content\/uploads\/2024\/02\/essentials-popits-768x768.jpg",768,768,true],"large":["https:\/\/www.lpnnails.fr\/wp-content\/uploads\/2024\/02\/essentials-popits.jpg",1024,1024,false],"1536x1536":["https:\/\/www.lpnnails.fr\/wp-content\/uploads\/2024\/02\/essentials-popits.jpg",1024,1024,false],"2048x2048":["https:\/\/www.lpnnails.fr\/wp-content\/uploads\/2024\/02\/essentials-popits.jpg",1024,1024,false],"trp-custom-language-flag":["https:\/\/www.lpnnails.fr\/wp-content\/uploads\/2024\/02\/essentials-popits.jpg",12,12,false],"mailpoet_newsletter_max":["https:\/\/www.lpnnails.fr\/wp-content\/uploads\/2024\/02\/essentials-popits.jpg",1024,1024,false],"woocommerce_thumbnail":["https:\/\/www.lpnnails.fr\/wp-content\/uploads\/2024\/02\/essentials-popits-300x300.jpg",300,300,true],"woocommerce_single":["https:\/\/www.lpnnails.fr\/wp-content\/uploads\/2024\/02\/essentials-popits-600x600.jpg",600,600,true],"woocommerce_gallery_thumbnail":["https:\/\/www.lpnnails.fr\/wp-content\/uploads\/2024\/02\/essentials-popits-100x100.jpg",100,100,true],"variation_swatches_image_size":["https:\/\/www.lpnnails.fr\/wp-content\/uploads\/2024\/02\/essentials-popits-50x50.jpg",50,50,true],"variation_swatches_tooltip_size":["https:\/\/www.lpnnails.fr\/wp-content\/uploads\/2024\/02\/essentials-popits-100x100.jpg",100,100,true]},"uagb_author_info":{"display_name":"LPN Nails","author_link":"https:\/\/www.lpnnails.fr\/en\/author\/"},"uagb_comment_info":0,"uagb_excerpt":"Cr\u00e9ez des extensions d&#8217;ongles parfaites en un rien de temps gr\u00e2ce \u00e0 cette bo\u00eete de Popits avec guide pour French. [&hellip;]","_links":{"self":[{"href":"https:\/\/www.lpnnails.fr\/en\/wp-json\/wp\/v2\/product\/3483","targetHints":{"allow":["GET"]}}],"collection":[{"href":"https:\/\/www.lpnnails.fr\/en\/wp-json\/wp\/v2\/product"}],"about":[{"href":"https:\/\/www.lpnnails.fr\/en\/wp-json\/wp\/v2\/types\/product"}],"replies":[{"embeddable":true,"href":"https:\/\/www.lpnnails.fr\/en\/wp-json\/wp\/v2\/comments?post=3483"}],"wp:featuredmedia":[{"embeddable":true,"href":"https:\/\/www.lpnnails.fr\/en\/wp-json\/wp\/v2\/media\/8454"}],"wp:attachment":[{"href":"https:\/\/www.lpnnails.fr\/en\/wp-json\/wp\/v2\/media?parent=3483"}],"wp:term":[{"taxonomy":"product_brand","embeddable":true,"href":"https:\/\/www.lpnnails.fr\/en\/wp-json\/wp\/v2\/product_brand?post=3483"},{"taxonomy":"product_cat","embeddable":true,"href":"https:\/\/www.lpnnails.fr\/en\/wp-json\/wp\/v2\/product_cat?post=3483"},{"taxonomy":"product_tag","embeddable":true,"href":"https:\/\/www.lpnnails.fr\/en\/wp-json\/wp\/v2\/product_tag?post=3483"}],"curies":[{"name":"wp","href":"https:\/\/api.w.org\/{rel}","templated":true}]}}