{"id":3232,"date":"2022-05-16T16:36:37","date_gmt":"2022-05-16T16:36:37","guid":{"rendered":"https:\/\/www.lpnnails.fr\/?post_type=product&#038;p=3232"},"modified":"2026-03-06T21:25:24","modified_gmt":"2026-03-06T20:25:24","slug":"pinceau-degrade-paillettes","status":"publish","type":"product","link":"https:\/\/www.lpnnails.fr\/en\/product\/pinceau-degrade-paillettes\/","title":{"rendered":"Pinceau d\u00e9grad\u00e9\/paillettes"},"content":{"rendered":"<p>Ajoutez de la finesse et de l&#8217;\u00e9clat \u00e0 vos manucures avec ce <strong>pinceau d\u00e9grad\u00e9 et paillettes<\/strong>, con\u00e7u sp\u00e9cialement pour r\u00e9aliser des transitions douces et appliquer des paillettes avec pr\u00e9cision. Parfait pour les amateurs de nail art ou les professionnels en qu\u00eate d\u2019outils de qualit\u00e9.<\/p>\n<p><strong>Features :<\/strong><\/p>\n<ul>\n<li><strong>Embout biseaut\u00e9<\/strong> : Parfait pour r\u00e9aliser des d\u00e9grad\u00e9s subtils et des effets fondus impeccables.<\/li>\n<li><strong>Poils de haute qualit\u00e9<\/strong> : Doux et r\u00e9sistants pour une application pr\u00e9cise et uniforme.<\/li>\n<li><strong>Manche ergonomique<\/strong> : Design raffin\u00e9 avec un manche bordeaux pour une prise en main confortable.<\/li>\n<li><strong>Versatility<\/strong> : Id\u00e9al pour les d\u00e9grad\u00e9s de couleurs, l\u2019application de paillettes, et les effets ombr\u00e9s.<\/li>\n<\/ul>\n<p>Un indispensable pour des manucures \u00e9l\u00e9gantes et lumineuses\u202f! Adoptez ce pinceau pour sublimer vos cr\u00e9ations avec des effets professionnels et personnalis\u00e9s.<\/p>","protected":false},"excerpt":{"rendered":"<p>Ajoutez de la finesse et de l&#8217;\u00e9clat \u00e0 vos manucures avec ce pinceau d\u00e9grad\u00e9 et paillettes, con\u00e7u sp\u00e9cialement pour r\u00e9aliser [&hellip;]<\/p>\n","protected":false},"featured_media":6568,"comment_status":"open","ping_status":"closed","template":"","meta":{"_uag_custom_page_level_css":"","site-sidebar-layout":"default","site-content-layout":"","ast-site-content-layout":"default","site-content-style":"default","site-sidebar-style":"default","ast-global-header-display":"","ast-banner-title-visibility":"","ast-main-header-display":"","ast-hfb-above-header-display":"","ast-hfb-below-header-display":"","ast-hfb-mobile-header-display":"","site-post-title":"","ast-breadcrumbs-content":"","ast-featured-img":"","footer-sml-layout":"","ast-disable-related-posts":"","theme-transparent-header-meta":"default","adv-header-id-meta":"","stick-header-meta":"","header-above-stick-meta":"","header-main-stick-meta":"","header-below-stick-meta":"","astra-migrate-meta-layouts":"set","ast-page-background-enabled":"default","ast-page-background-meta":{"desktop":{"background-color":"var(--ast-global-color-4)","background-image":"","background-repeat":"repeat","background-position":"center center","background-size":"auto","background-attachment":"scroll","background-type":"","background-media":"","overlay-type":"","overlay-color":"","overlay-opacity":"","overlay-gradient":""},"tablet":{"background-color":"","background-image":"","background-repeat":"repeat","background-position":"center center","background-size":"auto","background-attachment":"scroll","background-type":"","background-media":"","overlay-type":"","overlay-color":"","overlay-opacity":"","overlay-gradient":""},"mobile":{"background-color":"","background-image":"","background-repeat":"repeat","background-position":"center center","background-size":"auto","background-attachment":"scroll","background-type":"","background-media":"","overlay-type":"","overlay-color":"","overlay-opacity":"","overlay-gradient":""}},"ast-content-background-meta":{"desktop":{"background-color":"var(--ast-global-color-5)","background-image":"","background-repeat":"repeat","background-position":"center center","background-size":"auto","background-attachment":"scroll","background-type":"","background-media":"","overlay-type":"","overlay-color":"","overlay-opacity":"","overlay-gradient":""},"tablet":{"background-color":"var(--ast-global-color-5)","background-image":"","background-repeat":"repeat","background-position":"center center","background-size":"auto","background-attachment":"scroll","background-type":"","background-media":"","overlay-type":"","overlay-color":"","overlay-opacity":"","overlay-gradient":""},"mobile":{"background-color":"var(--ast-global-color-5)","background-image":"","background-repeat":"repeat","background-position":"center center","background-size":"auto","background-attachment":"scroll","background-type":"","background-media":"","overlay-type":"","overlay-color":"","overlay-opacity":"","overlay-gradient":""}}},"product_brand":[254],"product_cat":[762,199],"product_tag":[],"class_list":{"0":"post-3232","1":"product","2":"type-product","3":"status-publish","4":"has-post-thumbnail","6":"product_brand-lpnnails","7":"product_cat-destockage","8":"product_cat-tous-les-produits","9":"desktop-align-left","10":"tablet-align-left","11":"mobile-align-left","13":"first","14":"instock","15":"purchasable","16":"product-type-simple"},"yoast_head":"<!-- This site is optimized with the Yoast SEO plugin v27.3 - https:\/\/yoast.com\/product\/yoast-seo-wordpress\/ -->\n<title>Pinceau d\u00e9grad\u00e9\/paillettes - LPN Nails<\/title>\n<meta name=\"description\" content=\"Ajoutez de la finesse et de l&#039;\u00e9clat \u00e0 vos manucures avec ce pinceau d\u00e9grad\u00e9 et paillettes, con\u00e7u sp\u00e9cialement pour r\u00e9aliser des transitions douces et appliquer des paillettes avec pr\u00e9cision. Parfait pour les amateurs de nail art ou les professionnels en qu\u00eate d\u2019outils de qualit\u00e9.\" \/>\n<meta name=\"robots\" content=\"index, follow, max-snippet:-1, max-image-preview:large, max-video-preview:-1\" \/>\n<link rel=\"canonical\" href=\"https:\/\/www.lpnnails.fr\/en\/product\/pinceau-degrade-paillettes\/\" \/>\n<meta property=\"og:locale\" content=\"en_US\" \/>\n<meta property=\"og:type\" content=\"article\" \/>\n<meta property=\"og:title\" content=\"Pinceau d\u00e9grad\u00e9\/paillettes - LPN Nails\" \/>\n<meta property=\"og:description\" content=\"Ajoutez de la finesse et de l&#039;\u00e9clat \u00e0 vos manucures avec ce pinceau d\u00e9grad\u00e9 et paillettes, con\u00e7u sp\u00e9cialement pour r\u00e9aliser des transitions douces et appliquer des paillettes avec pr\u00e9cision. Parfait pour les amateurs de nail art ou les professionnels en qu\u00eate d\u2019outils de qualit\u00e9.\" \/>\n<meta property=\"og:url\" content=\"https:\/\/www.lpnnails.fr\/en\/product\/pinceau-degrade-paillettes\/\" \/>\n<meta property=\"og:site_name\" content=\"LPN Nails\" \/>\n<meta property=\"article:publisher\" content=\"https:\/\/www.facebook.com\/profile.php?id=61573655313488#\" \/>\n<meta property=\"article:modified_time\" content=\"2026-03-06T20:25:24+00:00\" \/>\n<meta property=\"og:image\" content=\"https:\/\/www.lpnnails.fr\/wp-content\/uploads\/2022\/05\/Design-sans-titre-1.jpg\" \/>\n\t<meta property=\"og:image:width\" content=\"1000\" \/>\n\t<meta property=\"og:image:height\" content=\"1000\" \/>\n\t<meta property=\"og:image:type\" content=\"image\/jpeg\" \/>\n<meta name=\"twitter:card\" content=\"summary_large_image\" \/>\n<meta name=\"twitter:label1\" content=\"Est. reading time\" \/>\n\t<meta name=\"twitter:data1\" content=\"1 minute\" \/>\n<script type=\"application\/ld+json\" class=\"yoast-schema-graph\">{\"@context\":\"https:\\\/\\\/schema.org\",\"@graph\":[{\"@type\":\"WebPage\",\"@id\":\"https:\\\/\\\/www.lpnnails.fr\\\/produit\\\/pinceau-degrade-paillettes\\\/\",\"url\":\"https:\\\/\\\/www.lpnnails.fr\\\/produit\\\/pinceau-degrade-paillettes\\\/\",\"name\":\"Pinceau d\u00e9grad\u00e9\\\/paillettes - LPN Nails\",\"isPartOf\":{\"@id\":\"https:\\\/\\\/www.lpnnails.fr\\\/#website\"},\"primaryImageOfPage\":{\"@id\":\"https:\\\/\\\/www.lpnnails.fr\\\/produit\\\/pinceau-degrade-paillettes\\\/#primaryimage\"},\"image\":{\"@id\":\"https:\\\/\\\/www.lpnnails.fr\\\/produit\\\/pinceau-degrade-paillettes\\\/#primaryimage\"},\"thumbnailUrl\":\"https:\\\/\\\/www.lpnnails.fr\\\/wp-content\\\/uploads\\\/2022\\\/05\\\/Design-sans-titre-1.jpg\",\"datePublished\":\"2022-05-16T16:36:37+00:00\",\"dateModified\":\"2026-03-06T20:25:24+00:00\",\"description\":\"Ajoutez de la finesse et de l'\u00e9clat \u00e0 vos manucures avec ce pinceau d\u00e9grad\u00e9 et paillettes, con\u00e7u sp\u00e9cialement pour r\u00e9aliser des transitions douces et appliquer des paillettes avec pr\u00e9cision. Parfait pour les amateurs de nail art ou les professionnels en qu\u00eate d\u2019outils de qualit\u00e9.\",\"breadcrumb\":{\"@id\":\"https:\\\/\\\/www.lpnnails.fr\\\/produit\\\/pinceau-degrade-paillettes\\\/#breadcrumb\"},\"inLanguage\":\"en-US\",\"potentialAction\":[{\"@type\":\"ReadAction\",\"target\":[\"https:\\\/\\\/www.lpnnails.fr\\\/produit\\\/pinceau-degrade-paillettes\\\/\"]}]},{\"@type\":\"ImageObject\",\"inLanguage\":\"en-US\",\"@id\":\"https:\\\/\\\/www.lpnnails.fr\\\/produit\\\/pinceau-degrade-paillettes\\\/#primaryimage\",\"url\":\"https:\\\/\\\/www.lpnnails.fr\\\/wp-content\\\/uploads\\\/2022\\\/05\\\/Design-sans-titre-1.jpg\",\"contentUrl\":\"https:\\\/\\\/www.lpnnails.fr\\\/wp-content\\\/uploads\\\/2022\\\/05\\\/Design-sans-titre-1.jpg\",\"width\":1000,\"height\":1000,\"caption\":\"PINCEAU D\u00c9GRAD\u00c9\\\/PAILLETES\"},{\"@type\":\"BreadcrumbList\",\"@id\":\"https:\\\/\\\/www.lpnnails.fr\\\/produit\\\/pinceau-degrade-paillettes\\\/#breadcrumb\",\"itemListElement\":[{\"@type\":\"ListItem\",\"position\":1,\"name\":\"Accueil\",\"item\":\"https:\\\/\\\/www.lpnnails.fr\\\/\"},{\"@type\":\"ListItem\",\"position\":2,\"name\":\"Boutique\",\"item\":\"https:\\\/\\\/www.lpnnails.fr\\\/boutique\\\/\"},{\"@type\":\"ListItem\",\"position\":3,\"name\":\"Pinceau d\u00e9grad\u00e9\\\/paillettes\"}]},{\"@type\":\"WebSite\",\"@id\":\"https:\\\/\\\/www.lpnnails.fr\\\/#website\",\"url\":\"https:\\\/\\\/www.lpnnails.fr\\\/\",\"name\":\"LPN Nails\",\"description\":\"\",\"publisher\":{\"@id\":\"https:\\\/\\\/www.lpnnails.fr\\\/#organization\"},\"potentialAction\":[{\"@type\":\"SearchAction\",\"target\":{\"@type\":\"EntryPoint\",\"urlTemplate\":\"https:\\\/\\\/www.lpnnails.fr\\\/?s={search_term_string}\"},\"query-input\":{\"@type\":\"PropertyValueSpecification\",\"valueRequired\":true,\"valueName\":\"search_term_string\"}}],\"inLanguage\":\"en-US\"},{\"@type\":\"Organization\",\"@id\":\"https:\\\/\\\/www.lpnnails.fr\\\/#organization\",\"name\":\"LPN Nails\",\"url\":\"https:\\\/\\\/www.lpnnails.fr\\\/\",\"logo\":{\"@type\":\"ImageObject\",\"inLanguage\":\"en-US\",\"@id\":\"https:\\\/\\\/www.lpnnails.fr\\\/#\\\/schema\\\/logo\\\/image\\\/\",\"url\":\"https:\\\/\\\/www.lpnnails.fr\\\/wp-content\\\/uploads\\\/2025\\\/11\\\/Design-sans-titre-2.png\",\"contentUrl\":\"https:\\\/\\\/www.lpnnails.fr\\\/wp-content\\\/uploads\\\/2025\\\/11\\\/Design-sans-titre-2.png\",\"width\":512,\"height\":512,\"caption\":\"LPN Nails\"},\"image\":{\"@id\":\"https:\\\/\\\/www.lpnnails.fr\\\/#\\\/schema\\\/logo\\\/image\\\/\"},\"sameAs\":[\"https:\\\/\\\/www.facebook.com\\\/profile.php?id=61573655313488#\",\"https:\\\/\\\/www.instagram.com\\\/lpnnails\\\/\",\"https:\\\/\\\/www.linkedin.com\\\/company\\\/lpnnails\\\/\",\"https:\\\/\\\/www.youtube.com\\\/@LPNNails\\\/\"]}]}<\/script>\n<!-- \/ Yoast SEO plugin. -->","yoast_head_json":{"title":"Pinceau d\u00e9grad\u00e9\/paillettes - LPN Nails","description":"Ajoutez de la finesse et de l'\u00e9clat \u00e0 vos manucures avec ce pinceau d\u00e9grad\u00e9 et paillettes, con\u00e7u sp\u00e9cialement pour r\u00e9aliser des transitions douces et appliquer des paillettes avec pr\u00e9cision. Parfait pour les amateurs de nail art ou les professionnels en qu\u00eate d\u2019outils de qualit\u00e9.","robots":{"index":"index","follow":"follow","max-snippet":"max-snippet:-1","max-image-preview":"max-image-preview:large","max-video-preview":"max-video-preview:-1"},"canonical":"https:\/\/www.lpnnails.fr\/en\/product\/pinceau-degrade-paillettes\/","og_locale":"en_US","og_type":"article","og_title":"Pinceau d\u00e9grad\u00e9\/paillettes - LPN Nails","og_description":"Ajoutez de la finesse et de l'\u00e9clat \u00e0 vos manucures avec ce pinceau d\u00e9grad\u00e9 et paillettes, con\u00e7u sp\u00e9cialement pour r\u00e9aliser des transitions douces et appliquer des paillettes avec pr\u00e9cision. Parfait pour les amateurs de nail art ou les professionnels en qu\u00eate d\u2019outils de qualit\u00e9.","og_url":"https:\/\/www.lpnnails.fr\/en\/product\/pinceau-degrade-paillettes\/","og_site_name":"LPN Nails","article_publisher":"https:\/\/www.facebook.com\/profile.php?id=61573655313488#","article_modified_time":"2026-03-06T20:25:24+00:00","og_image":[{"width":1000,"height":1000,"url":"https:\/\/www.lpnnails.fr\/wp-content\/uploads\/2022\/05\/Design-sans-titre-1.jpg","type":"image\/jpeg"}],"twitter_card":"summary_large_image","twitter_misc":{"Est. reading time":"1 minute"},"schema":{"@context":"https:\/\/schema.org","@graph":[{"@type":"WebPage","@id":"https:\/\/www.lpnnails.fr\/produit\/pinceau-degrade-paillettes\/","url":"https:\/\/www.lpnnails.fr\/produit\/pinceau-degrade-paillettes\/","name":"Pinceau d\u00e9grad\u00e9\/paillettes - LPN Nails","isPartOf":{"@id":"https:\/\/www.lpnnails.fr\/#website"},"primaryImageOfPage":{"@id":"https:\/\/www.lpnnails.fr\/produit\/pinceau-degrade-paillettes\/#primaryimage"},"image":{"@id":"https:\/\/www.lpnnails.fr\/produit\/pinceau-degrade-paillettes\/#primaryimage"},"thumbnailUrl":"https:\/\/www.lpnnails.fr\/wp-content\/uploads\/2022\/05\/Design-sans-titre-1.jpg","datePublished":"2022-05-16T16:36:37+00:00","dateModified":"2026-03-06T20:25:24+00:00","description":"Ajoutez de la finesse et de l'\u00e9clat \u00e0 vos manucures avec ce pinceau d\u00e9grad\u00e9 et paillettes, con\u00e7u sp\u00e9cialement pour r\u00e9aliser des transitions douces et appliquer des paillettes avec pr\u00e9cision. Parfait pour les amateurs de nail art ou les professionnels en qu\u00eate d\u2019outils de qualit\u00e9.","breadcrumb":{"@id":"https:\/\/www.lpnnails.fr\/produit\/pinceau-degrade-paillettes\/#breadcrumb"},"inLanguage":"en-US","potentialAction":[{"@type":"ReadAction","target":["https:\/\/www.lpnnails.fr\/produit\/pinceau-degrade-paillettes\/"]}]},{"@type":"ImageObject","inLanguage":"en-US","@id":"https:\/\/www.lpnnails.fr\/produit\/pinceau-degrade-paillettes\/#primaryimage","url":"https:\/\/www.lpnnails.fr\/wp-content\/uploads\/2022\/05\/Design-sans-titre-1.jpg","contentUrl":"https:\/\/www.lpnnails.fr\/wp-content\/uploads\/2022\/05\/Design-sans-titre-1.jpg","width":1000,"height":1000,"caption":"PINCEAU D\u00c9GRAD\u00c9\/PAILLETES"},{"@type":"BreadcrumbList","@id":"https:\/\/www.lpnnails.fr\/produit\/pinceau-degrade-paillettes\/#breadcrumb","itemListElement":[{"@type":"ListItem","position":1,"name":"Accueil","item":"https:\/\/www.lpnnails.fr\/"},{"@type":"ListItem","position":2,"name":"Boutique","item":"https:\/\/www.lpnnails.fr\/boutique\/"},{"@type":"ListItem","position":3,"name":"Pinceau d\u00e9grad\u00e9\/paillettes"}]},{"@type":"WebSite","@id":"https:\/\/www.lpnnails.fr\/#website","url":"https:\/\/www.lpnnails.fr\/","name":"LPN Nails","description":"","publisher":{"@id":"https:\/\/www.lpnnails.fr\/#organization"},"potentialAction":[{"@type":"SearchAction","target":{"@type":"EntryPoint","urlTemplate":"https:\/\/www.lpnnails.fr\/?s={search_term_string}"},"query-input":{"@type":"PropertyValueSpecification","valueRequired":true,"valueName":"search_term_string"}}],"inLanguage":"en-US"},{"@type":"Organization","@id":"https:\/\/www.lpnnails.fr\/#organization","name":"LPN Nails","url":"https:\/\/www.lpnnails.fr\/","logo":{"@type":"ImageObject","inLanguage":"en-US","@id":"https:\/\/www.lpnnails.fr\/#\/schema\/logo\/image\/","url":"https:\/\/www.lpnnails.fr\/wp-content\/uploads\/2025\/11\/Design-sans-titre-2.png","contentUrl":"https:\/\/www.lpnnails.fr\/wp-content\/uploads\/2025\/11\/Design-sans-titre-2.png","width":512,"height":512,"caption":"LPN Nails"},"image":{"@id":"https:\/\/www.lpnnails.fr\/#\/schema\/logo\/image\/"},"sameAs":["https:\/\/www.facebook.com\/profile.php?id=61573655313488#","https:\/\/www.instagram.com\/lpnnails\/","https:\/\/www.linkedin.com\/company\/lpnnails\/","https:\/\/www.youtube.com\/@LPNNails\/"]}]}},"uagb_featured_image_src":{"full":["https:\/\/www.lpnnails.fr\/wp-content\/uploads\/2022\/05\/Design-sans-titre-1.jpg",1000,1000,false],"thumbnail":["https:\/\/www.lpnnails.fr\/wp-content\/uploads\/2022\/05\/Design-sans-titre-1-150x150.jpg",150,150,true],"medium":["https:\/\/www.lpnnails.fr\/wp-content\/uploads\/2022\/05\/Design-sans-titre-1-300x300.jpg",300,300,true],"medium_large":["https:\/\/www.lpnnails.fr\/wp-content\/uploads\/2022\/05\/Design-sans-titre-1-768x768.jpg",768,768,true],"large":["https:\/\/www.lpnnails.fr\/wp-content\/uploads\/2022\/05\/Design-sans-titre-1.jpg",1000,1000,false],"1536x1536":["https:\/\/www.lpnnails.fr\/wp-content\/uploads\/2022\/05\/Design-sans-titre-1.jpg",1000,1000,false],"2048x2048":["https:\/\/www.lpnnails.fr\/wp-content\/uploads\/2022\/05\/Design-sans-titre-1.jpg",1000,1000,false],"trp-custom-language-flag":["https:\/\/www.lpnnails.fr\/wp-content\/uploads\/2022\/05\/Design-sans-titre-1.jpg",12,12,false],"mailpoet_newsletter_max":["https:\/\/www.lpnnails.fr\/wp-content\/uploads\/2022\/05\/Design-sans-titre-1.jpg",1000,1000,false],"woocommerce_thumbnail":["https:\/\/www.lpnnails.fr\/wp-content\/uploads\/2022\/05\/Design-sans-titre-1-300x300.jpg",300,300,true],"woocommerce_single":["https:\/\/www.lpnnails.fr\/wp-content\/uploads\/2022\/05\/Design-sans-titre-1-600x600.jpg",600,600,true],"woocommerce_gallery_thumbnail":["https:\/\/www.lpnnails.fr\/wp-content\/uploads\/2022\/05\/Design-sans-titre-1-100x100.jpg",100,100,true],"variation_swatches_image_size":["https:\/\/www.lpnnails.fr\/wp-content\/uploads\/2022\/05\/Design-sans-titre-1-50x50.jpg",50,50,true],"variation_swatches_tooltip_size":["https:\/\/www.lpnnails.fr\/wp-content\/uploads\/2022\/05\/Design-sans-titre-1-100x100.jpg",100,100,true]},"uagb_author_info":{"display_name":"LPN Nails","author_link":"https:\/\/www.lpnnails.fr\/en\/author\/"},"uagb_comment_info":0,"uagb_excerpt":"Ajoutez de la finesse et de l&#8217;\u00e9clat \u00e0 vos manucures avec ce pinceau d\u00e9grad\u00e9 et paillettes, con\u00e7u sp\u00e9cialement pour r\u00e9aliser [&hellip;]","_links":{"self":[{"href":"https:\/\/www.lpnnails.fr\/en\/wp-json\/wp\/v2\/product\/3232","targetHints":{"allow":["GET"]}}],"collection":[{"href":"https:\/\/www.lpnnails.fr\/en\/wp-json\/wp\/v2\/product"}],"about":[{"href":"https:\/\/www.lpnnails.fr\/en\/wp-json\/wp\/v2\/types\/product"}],"replies":[{"embeddable":true,"href":"https:\/\/www.lpnnails.fr\/en\/wp-json\/wp\/v2\/comments?post=3232"}],"wp:featuredmedia":[{"embeddable":true,"href":"https:\/\/www.lpnnails.fr\/en\/wp-json\/wp\/v2\/media\/6568"}],"wp:attachment":[{"href":"https:\/\/www.lpnnails.fr\/en\/wp-json\/wp\/v2\/media?parent=3232"}],"wp:term":[{"taxonomy":"product_brand","embeddable":true,"href":"https:\/\/www.lpnnails.fr\/en\/wp-json\/wp\/v2\/product_brand?post=3232"},{"taxonomy":"product_cat","embeddable":true,"href":"https:\/\/www.lpnnails.fr\/en\/wp-json\/wp\/v2\/product_cat?post=3232"},{"taxonomy":"product_tag","embeddable":true,"href":"https:\/\/www.lpnnails.fr\/en\/wp-json\/wp\/v2\/product_tag?post=3232"}],"curies":[{"name":"wp","href":"https:\/\/api.w.org\/{rel}","templated":true}]}}