{"id":3229,"date":"2022-05-16T03:58:08","date_gmt":"2022-05-16T03:58:08","guid":{"rendered":"https:\/\/www.lpnnails.fr\/?post_type=product&#038;p=3229"},"modified":"2026-01-27T23:46:09","modified_gmt":"2026-01-27T22:46:09","slug":"20-protections-de-table","status":"publish","type":"product","link":"https:\/\/www.lpnnails.fr\/en\/product\/20-protections-de-table\/","title":{"rendered":"20 Protections de table"},"content":{"rendered":"<p>La solution parfaite pour une hygi\u00e8ne irr\u00e9prochable et une protection optimale de vos surfaces de travail\u202f! Ce<strong> lot de 20 prot\u00e8ge-tables noirs<\/strong> est id\u00e9al pour pr\u00e9server vos tables et plans de travail des r\u00e9sidus, \u00e9claboussures ou produits utilis\u00e9s durant vos prestations. Fabriqu\u00e9s en mat\u00e9riau r\u00e9sistant et absorbant, ils garantissent une utilisation pratique tout en offrant un look sobre et professionnel.<br \/>\nLeur format g\u00e9n\u00e9reux permet une couverture compl\u00e8te, et leur texture antid\u00e9rapante assure une tenue en place sans risque de d\u00e9placement. Faciles \u00e0 plier et \u00e0 ranger, ils sont parfaits pour les salons de beaut\u00e9, nail bars ou toute activit\u00e9 n\u00e9cessitant une surface propre et prot\u00e9g\u00e9e.<\/p>\n<p><strong>Features :<\/strong><\/p>\n<ul>\n<li><strong>Color<\/strong> : Noir<\/li>\n<li><strong>Quantit\u00e9<\/strong> : Lot de 20<\/li>\n<li><strong>Dimensions adapt\u00e9es<\/strong> pour une couverture optimale.<\/li>\n<\/ul>\n<p>Une solution simple et efficace pour travailler en toute tranquillit\u00e9 tout en pr\u00e9servant vos espaces.<\/p>","protected":false},"excerpt":{"rendered":"<p>La solution parfaite pour une hygi\u00e8ne irr\u00e9prochable et une protection optimale de vos surfaces de travail\u202f! Ce lot de 20 [&hellip;]<\/p>\n","protected":false},"featured_media":6569,"comment_status":"open","ping_status":"closed","template":"","meta":{"_uag_custom_page_level_css":"","site-sidebar-layout":"default","site-content-layout":"","ast-site-content-layout":"default","site-content-style":"default","site-sidebar-style":"default","ast-global-header-display":"","ast-banner-title-visibility":"","ast-main-header-display":"","ast-hfb-above-header-display":"","ast-hfb-below-header-display":"","ast-hfb-mobile-header-display":"","site-post-title":"","ast-breadcrumbs-content":"","ast-featured-img":"","footer-sml-layout":"","ast-disable-related-posts":"","theme-transparent-header-meta":"default","adv-header-id-meta":"","stick-header-meta":"","header-above-stick-meta":"","header-main-stick-meta":"","header-below-stick-meta":"","astra-migrate-meta-layouts":"set","ast-page-background-enabled":"default","ast-page-background-meta":{"desktop":{"background-color":"var(--ast-global-color-4)","background-image":"","background-repeat":"repeat","background-position":"center center","background-size":"auto","background-attachment":"scroll","background-type":"","background-media":"","overlay-type":"","overlay-color":"","overlay-opacity":"","overlay-gradient":""},"tablet":{"background-color":"","background-image":"","background-repeat":"repeat","background-position":"center center","background-size":"auto","background-attachment":"scroll","background-type":"","background-media":"","overlay-type":"","overlay-color":"","overlay-opacity":"","overlay-gradient":""},"mobile":{"background-color":"","background-image":"","background-repeat":"repeat","background-position":"center center","background-size":"auto","background-attachment":"scroll","background-type":"","background-media":"","overlay-type":"","overlay-color":"","overlay-opacity":"","overlay-gradient":""}},"ast-content-background-meta":{"desktop":{"background-color":"var(--ast-global-color-5)","background-image":"","background-repeat":"repeat","background-position":"center center","background-size":"auto","background-attachment":"scroll","background-type":"","background-media":"","overlay-type":"","overlay-color":"","overlay-opacity":"","overlay-gradient":""},"tablet":{"background-color":"var(--ast-global-color-5)","background-image":"","background-repeat":"repeat","background-position":"center center","background-size":"auto","background-attachment":"scroll","background-type":"","background-media":"","overlay-type":"","overlay-color":"","overlay-opacity":"","overlay-gradient":""},"mobile":{"background-color":"var(--ast-global-color-5)","background-image":"","background-repeat":"repeat","background-position":"center center","background-size":"auto","background-attachment":"scroll","background-type":"","background-media":"","overlay-type":"","overlay-color":"","overlay-opacity":"","overlay-gradient":""}}},"product_brand":[],"product_cat":[232,199],"product_tag":[],"class_list":{"0":"post-3229","1":"product","2":"type-product","3":"status-publish","4":"has-post-thumbnail","6":"product_cat-hygiene-et-soins","7":"product_cat-tous-les-produits","8":"desktop-align-left","9":"tablet-align-left","10":"mobile-align-left","12":"first","13":"instock","14":"purchasable","15":"product-type-simple"},"yoast_head":"<!-- This site is optimized with the Yoast SEO plugin v27.3 - https:\/\/yoast.com\/product\/yoast-seo-wordpress\/ -->\n<title>20 Protections de table - LPN Nails<\/title>\n<meta name=\"description\" content=\"La solution parfaite pour une hygi\u00e8ne irr\u00e9prochable et une protection optimale de vos surfaces de travail\u202f! Ce lot de 20 prot\u00e8ge-tables noirs est id\u00e9al pour pr\u00e9server vos tables et plans de travail des r\u00e9sidus, \u00e9claboussures ou produits utilis\u00e9s durant vos prestations\" \/>\n<meta name=\"robots\" content=\"index, follow, max-snippet:-1, max-image-preview:large, max-video-preview:-1\" \/>\n<link rel=\"canonical\" href=\"https:\/\/www.lpnnails.fr\/en\/product\/20-protections-de-table\/\" \/>\n<meta property=\"og:locale\" content=\"en_US\" \/>\n<meta property=\"og:type\" content=\"article\" \/>\n<meta property=\"og:title\" content=\"20 Protections de table - LPN Nails\" \/>\n<meta property=\"og:description\" content=\"La solution parfaite pour une hygi\u00e8ne irr\u00e9prochable et une protection optimale de vos surfaces de travail\u202f! Ce lot de 20 prot\u00e8ge-tables noirs est id\u00e9al pour pr\u00e9server vos tables et plans de travail des r\u00e9sidus, \u00e9claboussures ou produits utilis\u00e9s durant vos prestations\" \/>\n<meta property=\"og:url\" content=\"https:\/\/www.lpnnails.fr\/en\/product\/20-protections-de-table\/\" \/>\n<meta property=\"og:site_name\" content=\"LPN Nails\" \/>\n<meta property=\"article:publisher\" content=\"https:\/\/www.facebook.com\/profile.php?id=61573655313488#\" \/>\n<meta property=\"article:modified_time\" content=\"2026-01-27T22:46:09+00:00\" \/>\n<meta property=\"og:image\" content=\"https:\/\/www.lpnnails.fr\/wp-content\/uploads\/2022\/05\/Design-sans-titre-2.jpg\" \/>\n\t<meta property=\"og:image:width\" content=\"1000\" \/>\n\t<meta property=\"og:image:height\" content=\"1000\" \/>\n\t<meta property=\"og:image:type\" content=\"image\/jpeg\" \/>\n<meta name=\"twitter:card\" content=\"summary_large_image\" \/>\n<meta name=\"twitter:label1\" content=\"Est. reading time\" \/>\n\t<meta name=\"twitter:data1\" content=\"1 minute\" \/>\n<script type=\"application\/ld+json\" class=\"yoast-schema-graph\">{\"@context\":\"https:\\\/\\\/schema.org\",\"@graph\":[{\"@type\":\"WebPage\",\"@id\":\"https:\\\/\\\/www.lpnnails.fr\\\/produit\\\/20-protections-de-table\\\/\",\"url\":\"https:\\\/\\\/www.lpnnails.fr\\\/produit\\\/20-protections-de-table\\\/\",\"name\":\"20 Protections de table - LPN Nails\",\"isPartOf\":{\"@id\":\"https:\\\/\\\/www.lpnnails.fr\\\/#website\"},\"primaryImageOfPage\":{\"@id\":\"https:\\\/\\\/www.lpnnails.fr\\\/produit\\\/20-protections-de-table\\\/#primaryimage\"},\"image\":{\"@id\":\"https:\\\/\\\/www.lpnnails.fr\\\/produit\\\/20-protections-de-table\\\/#primaryimage\"},\"thumbnailUrl\":\"https:\\\/\\\/www.lpnnails.fr\\\/wp-content\\\/uploads\\\/2022\\\/05\\\/Design-sans-titre-2.jpg\",\"datePublished\":\"2022-05-16T03:58:08+00:00\",\"dateModified\":\"2026-01-27T22:46:09+00:00\",\"description\":\"La solution parfaite pour une hygi\u00e8ne irr\u00e9prochable et une protection optimale de vos surfaces de travail\u202f! Ce lot de 20 prot\u00e8ge-tables noirs est id\u00e9al pour pr\u00e9server vos tables et plans de travail des r\u00e9sidus, \u00e9claboussures ou produits utilis\u00e9s durant vos prestations\",\"breadcrumb\":{\"@id\":\"https:\\\/\\\/www.lpnnails.fr\\\/produit\\\/20-protections-de-table\\\/#breadcrumb\"},\"inLanguage\":\"en-US\",\"potentialAction\":[{\"@type\":\"ReadAction\",\"target\":[\"https:\\\/\\\/www.lpnnails.fr\\\/produit\\\/20-protections-de-table\\\/\"]}]},{\"@type\":\"ImageObject\",\"inLanguage\":\"en-US\",\"@id\":\"https:\\\/\\\/www.lpnnails.fr\\\/produit\\\/20-protections-de-table\\\/#primaryimage\",\"url\":\"https:\\\/\\\/www.lpnnails.fr\\\/wp-content\\\/uploads\\\/2022\\\/05\\\/Design-sans-titre-2.jpg\",\"contentUrl\":\"https:\\\/\\\/www.lpnnails.fr\\\/wp-content\\\/uploads\\\/2022\\\/05\\\/Design-sans-titre-2.jpg\",\"width\":1000,\"height\":1000,\"caption\":\"20 PROTECTIONS DE TABLE\"},{\"@type\":\"BreadcrumbList\",\"@id\":\"https:\\\/\\\/www.lpnnails.fr\\\/produit\\\/20-protections-de-table\\\/#breadcrumb\",\"itemListElement\":[{\"@type\":\"ListItem\",\"position\":1,\"name\":\"Accueil\",\"item\":\"https:\\\/\\\/www.lpnnails.fr\\\/\"},{\"@type\":\"ListItem\",\"position\":2,\"name\":\"Boutique\",\"item\":\"https:\\\/\\\/www.lpnnails.fr\\\/boutique\\\/\"},{\"@type\":\"ListItem\",\"position\":3,\"name\":\"20 Protections de table\"}]},{\"@type\":\"WebSite\",\"@id\":\"https:\\\/\\\/www.lpnnails.fr\\\/#website\",\"url\":\"https:\\\/\\\/www.lpnnails.fr\\\/\",\"name\":\"LPN Nails\",\"description\":\"\",\"publisher\":{\"@id\":\"https:\\\/\\\/www.lpnnails.fr\\\/#organization\"},\"potentialAction\":[{\"@type\":\"SearchAction\",\"target\":{\"@type\":\"EntryPoint\",\"urlTemplate\":\"https:\\\/\\\/www.lpnnails.fr\\\/?s={search_term_string}\"},\"query-input\":{\"@type\":\"PropertyValueSpecification\",\"valueRequired\":true,\"valueName\":\"search_term_string\"}}],\"inLanguage\":\"en-US\"},{\"@type\":\"Organization\",\"@id\":\"https:\\\/\\\/www.lpnnails.fr\\\/#organization\",\"name\":\"LPN Nails\",\"url\":\"https:\\\/\\\/www.lpnnails.fr\\\/\",\"logo\":{\"@type\":\"ImageObject\",\"inLanguage\":\"en-US\",\"@id\":\"https:\\\/\\\/www.lpnnails.fr\\\/#\\\/schema\\\/logo\\\/image\\\/\",\"url\":\"https:\\\/\\\/www.lpnnails.fr\\\/wp-content\\\/uploads\\\/2025\\\/11\\\/Design-sans-titre-2.png\",\"contentUrl\":\"https:\\\/\\\/www.lpnnails.fr\\\/wp-content\\\/uploads\\\/2025\\\/11\\\/Design-sans-titre-2.png\",\"width\":512,\"height\":512,\"caption\":\"LPN Nails\"},\"image\":{\"@id\":\"https:\\\/\\\/www.lpnnails.fr\\\/#\\\/schema\\\/logo\\\/image\\\/\"},\"sameAs\":[\"https:\\\/\\\/www.facebook.com\\\/profile.php?id=61573655313488#\",\"https:\\\/\\\/www.instagram.com\\\/lpnnails\\\/\",\"https:\\\/\\\/www.linkedin.com\\\/company\\\/lpnnails\\\/\",\"https:\\\/\\\/www.youtube.com\\\/@LPNNails\\\/\"]}]}<\/script>\n<!-- \/ Yoast SEO plugin. -->","yoast_head_json":{"title":"20 Protections de table - LPN Nails","description":"La solution parfaite pour une hygi\u00e8ne irr\u00e9prochable et une protection optimale de vos surfaces de travail\u202f! Ce lot de 20 prot\u00e8ge-tables noirs est id\u00e9al pour pr\u00e9server vos tables et plans de travail des r\u00e9sidus, \u00e9claboussures ou produits utilis\u00e9s durant vos prestations","robots":{"index":"index","follow":"follow","max-snippet":"max-snippet:-1","max-image-preview":"max-image-preview:large","max-video-preview":"max-video-preview:-1"},"canonical":"https:\/\/www.lpnnails.fr\/en\/product\/20-protections-de-table\/","og_locale":"en_US","og_type":"article","og_title":"20 Protections de table - LPN Nails","og_description":"La solution parfaite pour une hygi\u00e8ne irr\u00e9prochable et une protection optimale de vos surfaces de travail\u202f! Ce lot de 20 prot\u00e8ge-tables noirs est id\u00e9al pour pr\u00e9server vos tables et plans de travail des r\u00e9sidus, \u00e9claboussures ou produits utilis\u00e9s durant vos prestations","og_url":"https:\/\/www.lpnnails.fr\/en\/product\/20-protections-de-table\/","og_site_name":"LPN Nails","article_publisher":"https:\/\/www.facebook.com\/profile.php?id=61573655313488#","article_modified_time":"2026-01-27T22:46:09+00:00","og_image":[{"width":1000,"height":1000,"url":"https:\/\/www.lpnnails.fr\/wp-content\/uploads\/2022\/05\/Design-sans-titre-2.jpg","type":"image\/jpeg"}],"twitter_card":"summary_large_image","twitter_misc":{"Est. reading time":"1 minute"},"schema":{"@context":"https:\/\/schema.org","@graph":[{"@type":"WebPage","@id":"https:\/\/www.lpnnails.fr\/produit\/20-protections-de-table\/","url":"https:\/\/www.lpnnails.fr\/produit\/20-protections-de-table\/","name":"20 Protections de table - LPN Nails","isPartOf":{"@id":"https:\/\/www.lpnnails.fr\/#website"},"primaryImageOfPage":{"@id":"https:\/\/www.lpnnails.fr\/produit\/20-protections-de-table\/#primaryimage"},"image":{"@id":"https:\/\/www.lpnnails.fr\/produit\/20-protections-de-table\/#primaryimage"},"thumbnailUrl":"https:\/\/www.lpnnails.fr\/wp-content\/uploads\/2022\/05\/Design-sans-titre-2.jpg","datePublished":"2022-05-16T03:58:08+00:00","dateModified":"2026-01-27T22:46:09+00:00","description":"La solution parfaite pour une hygi\u00e8ne irr\u00e9prochable et une protection optimale de vos surfaces de travail\u202f! Ce lot de 20 prot\u00e8ge-tables noirs est id\u00e9al pour pr\u00e9server vos tables et plans de travail des r\u00e9sidus, \u00e9claboussures ou produits utilis\u00e9s durant vos prestations","breadcrumb":{"@id":"https:\/\/www.lpnnails.fr\/produit\/20-protections-de-table\/#breadcrumb"},"inLanguage":"en-US","potentialAction":[{"@type":"ReadAction","target":["https:\/\/www.lpnnails.fr\/produit\/20-protections-de-table\/"]}]},{"@type":"ImageObject","inLanguage":"en-US","@id":"https:\/\/www.lpnnails.fr\/produit\/20-protections-de-table\/#primaryimage","url":"https:\/\/www.lpnnails.fr\/wp-content\/uploads\/2022\/05\/Design-sans-titre-2.jpg","contentUrl":"https:\/\/www.lpnnails.fr\/wp-content\/uploads\/2022\/05\/Design-sans-titre-2.jpg","width":1000,"height":1000,"caption":"20 PROTECTIONS DE TABLE"},{"@type":"BreadcrumbList","@id":"https:\/\/www.lpnnails.fr\/produit\/20-protections-de-table\/#breadcrumb","itemListElement":[{"@type":"ListItem","position":1,"name":"Accueil","item":"https:\/\/www.lpnnails.fr\/"},{"@type":"ListItem","position":2,"name":"Boutique","item":"https:\/\/www.lpnnails.fr\/boutique\/"},{"@type":"ListItem","position":3,"name":"20 Protections de table"}]},{"@type":"WebSite","@id":"https:\/\/www.lpnnails.fr\/#website","url":"https:\/\/www.lpnnails.fr\/","name":"LPN Nails","description":"","publisher":{"@id":"https:\/\/www.lpnnails.fr\/#organization"},"potentialAction":[{"@type":"SearchAction","target":{"@type":"EntryPoint","urlTemplate":"https:\/\/www.lpnnails.fr\/?s={search_term_string}"},"query-input":{"@type":"PropertyValueSpecification","valueRequired":true,"valueName":"search_term_string"}}],"inLanguage":"en-US"},{"@type":"Organization","@id":"https:\/\/www.lpnnails.fr\/#organization","name":"LPN Nails","url":"https:\/\/www.lpnnails.fr\/","logo":{"@type":"ImageObject","inLanguage":"en-US","@id":"https:\/\/www.lpnnails.fr\/#\/schema\/logo\/image\/","url":"https:\/\/www.lpnnails.fr\/wp-content\/uploads\/2025\/11\/Design-sans-titre-2.png","contentUrl":"https:\/\/www.lpnnails.fr\/wp-content\/uploads\/2025\/11\/Design-sans-titre-2.png","width":512,"height":512,"caption":"LPN Nails"},"image":{"@id":"https:\/\/www.lpnnails.fr\/#\/schema\/logo\/image\/"},"sameAs":["https:\/\/www.facebook.com\/profile.php?id=61573655313488#","https:\/\/www.instagram.com\/lpnnails\/","https:\/\/www.linkedin.com\/company\/lpnnails\/","https:\/\/www.youtube.com\/@LPNNails\/"]}]}},"uagb_featured_image_src":{"full":["https:\/\/www.lpnnails.fr\/wp-content\/uploads\/2022\/05\/Design-sans-titre-2.jpg",1000,1000,false],"thumbnail":["https:\/\/www.lpnnails.fr\/wp-content\/uploads\/2022\/05\/Design-sans-titre-2-150x150.jpg",150,150,true],"medium":["https:\/\/www.lpnnails.fr\/wp-content\/uploads\/2022\/05\/Design-sans-titre-2-300x300.jpg",300,300,true],"medium_large":["https:\/\/www.lpnnails.fr\/wp-content\/uploads\/2022\/05\/Design-sans-titre-2-768x768.jpg",768,768,true],"large":["https:\/\/www.lpnnails.fr\/wp-content\/uploads\/2022\/05\/Design-sans-titre-2.jpg",1000,1000,false],"1536x1536":["https:\/\/www.lpnnails.fr\/wp-content\/uploads\/2022\/05\/Design-sans-titre-2.jpg",1000,1000,false],"2048x2048":["https:\/\/www.lpnnails.fr\/wp-content\/uploads\/2022\/05\/Design-sans-titre-2.jpg",1000,1000,false],"trp-custom-language-flag":["https:\/\/www.lpnnails.fr\/wp-content\/uploads\/2022\/05\/Design-sans-titre-2.jpg",12,12,false],"mailpoet_newsletter_max":["https:\/\/www.lpnnails.fr\/wp-content\/uploads\/2022\/05\/Design-sans-titre-2.jpg",1000,1000,false],"woocommerce_thumbnail":["https:\/\/www.lpnnails.fr\/wp-content\/uploads\/2022\/05\/Design-sans-titre-2-300x300.jpg",300,300,true],"woocommerce_single":["https:\/\/www.lpnnails.fr\/wp-content\/uploads\/2022\/05\/Design-sans-titre-2-600x600.jpg",600,600,true],"woocommerce_gallery_thumbnail":["https:\/\/www.lpnnails.fr\/wp-content\/uploads\/2022\/05\/Design-sans-titre-2-100x100.jpg",100,100,true],"variation_swatches_image_size":["https:\/\/www.lpnnails.fr\/wp-content\/uploads\/2022\/05\/Design-sans-titre-2-50x50.jpg",50,50,true],"variation_swatches_tooltip_size":["https:\/\/www.lpnnails.fr\/wp-content\/uploads\/2022\/05\/Design-sans-titre-2-100x100.jpg",100,100,true]},"uagb_author_info":{"display_name":"LPN Nails","author_link":"https:\/\/www.lpnnails.fr\/en\/author\/"},"uagb_comment_info":0,"uagb_excerpt":"La solution parfaite pour une hygi\u00e8ne irr\u00e9prochable et une protection optimale de vos surfaces de travail\u202f! Ce lot de 20 [&hellip;]","_links":{"self":[{"href":"https:\/\/www.lpnnails.fr\/en\/wp-json\/wp\/v2\/product\/3229","targetHints":{"allow":["GET"]}}],"collection":[{"href":"https:\/\/www.lpnnails.fr\/en\/wp-json\/wp\/v2\/product"}],"about":[{"href":"https:\/\/www.lpnnails.fr\/en\/wp-json\/wp\/v2\/types\/product"}],"replies":[{"embeddable":true,"href":"https:\/\/www.lpnnails.fr\/en\/wp-json\/wp\/v2\/comments?post=3229"}],"wp:featuredmedia":[{"embeddable":true,"href":"https:\/\/www.lpnnails.fr\/en\/wp-json\/wp\/v2\/media\/6569"}],"wp:attachment":[{"href":"https:\/\/www.lpnnails.fr\/en\/wp-json\/wp\/v2\/media?parent=3229"}],"wp:term":[{"taxonomy":"product_brand","embeddable":true,"href":"https:\/\/www.lpnnails.fr\/en\/wp-json\/wp\/v2\/product_brand?post=3229"},{"taxonomy":"product_cat","embeddable":true,"href":"https:\/\/www.lpnnails.fr\/en\/wp-json\/wp\/v2\/product_cat?post=3229"},{"taxonomy":"product_tag","embeddable":true,"href":"https:\/\/www.lpnnails.fr\/en\/wp-json\/wp\/v2\/product_tag?post=3229"}],"curies":[{"name":"wp","href":"https:\/\/api.w.org\/{rel}","templated":true}]}}