{"id":3177,"date":"2022-05-08T20:05:07","date_gmt":"2022-05-08T20:05:07","guid":{"rendered":"https:\/\/www.lpnnails.fr\/?post_type=product&#038;p=3177"},"modified":"2025-12-01T09:36:42","modified_gmt":"2025-12-01T08:36:42","slug":"pot-de-fleurs-sechees-rose","status":"publish","type":"product","link":"https:\/\/www.lpnnails.fr\/en\/product\/pot-de-fleurs-sechees-rose\/","title":{"rendered":"Pot de fleurs s\u00e9ch\u00e9es"},"content":{"rendered":"<p>Apportez une touche d\u00e9licate et naturelle \u00e0 vos manucures avec ce <strong>pot de fleurs s\u00e9ch\u00e9es<\/strong>. Parfaites pour des poses sophistiqu\u00e9es et raffin\u00e9es, ces fleurs ajoutent une pointe florale pleine de finesse \u00e0 vos cr\u00e9ations.<\/p>\n<p><strong>Features :<\/strong><\/p>\n<ul>\n<li><strong>Quantit\u00e9 :<\/strong> 20 fleurs s\u00e9ch\u00e9es par pot.<\/li>\n<li><strong>Design unique :<\/strong> Chaque fleur conserve son charme naturel, offrant une d\u00e9coration authentique et originale.<\/li>\n<li><strong>Couleurs vibrantes :<\/strong>\u00a0pour des accents lumineux et \u00e9l\u00e9gants.<\/li>\n<li><strong>L\u00e9g\u00e8res et faciles \u00e0 poser :<\/strong> Conviennent parfaitement aux ongles naturels, en gel ou en acrylique.<\/li>\n<\/ul>\n<p><strong>Use :<\/strong><\/p>\n<ul>\n<li>Pr\u00e9parez vos ongles avec la base ou le gel de votre choix.<\/li>\n<li>Placez d\u00e9licatement une fleur s\u00e9ch\u00e9e sur l&#8217;ongle encore collant ou sur une couche de gel.<\/li>\n<li>Scellez avec un top coat ou une couche de finition pour garantir une tenue longue dur\u00e9e.<\/li>\n<\/ul>\n<p>Ces fleurs s\u00e9ch\u00e9es sont id\u00e9ales pour des looks printaniers, des mariages ou toute occasion sp\u00e9ciale. Ajoutez une touche florale d\u00e9licate \u00e0 vos manucures avec ce pot de fleurs s\u00e9ch\u00e9es\u202f!<\/p>","protected":false},"excerpt":{"rendered":"<p>Apportez une touche d\u00e9licate et naturelle \u00e0 vos manucures avec ce pot de fleurs s\u00e9ch\u00e9es. Parfaites pour des poses sophistiqu\u00e9es [&hellip;]<\/p>\n","protected":false},"featured_media":6291,"comment_status":"open","ping_status":"closed","template":"","meta":{"_uag_custom_page_level_css":"","site-sidebar-layout":"default","site-content-layout":"","ast-site-content-layout":"default","site-content-style":"default","site-sidebar-style":"default","ast-global-header-display":"","ast-banner-title-visibility":"","ast-main-header-display":"","ast-hfb-above-header-display":"","ast-hfb-below-header-display":"","ast-hfb-mobile-header-display":"","site-post-title":"","ast-breadcrumbs-content":"","ast-featured-img":"","footer-sml-layout":"","ast-disable-related-posts":"","theme-transparent-header-meta":"default","adv-header-id-meta":"","stick-header-meta":"","header-above-stick-meta":"","header-main-stick-meta":"","header-below-stick-meta":"","astra-migrate-meta-layouts":"set","ast-page-background-enabled":"default","ast-page-background-meta":{"desktop":{"background-color":"var(--ast-global-color-4)","background-image":"","background-repeat":"repeat","background-position":"center center","background-size":"auto","background-attachment":"scroll","background-type":"","background-media":"","overlay-type":"","overlay-color":"","overlay-opacity":"","overlay-gradient":""},"tablet":{"background-color":"","background-image":"","background-repeat":"repeat","background-position":"center center","background-size":"auto","background-attachment":"scroll","background-type":"","background-media":"","overlay-type":"","overlay-color":"","overlay-opacity":"","overlay-gradient":""},"mobile":{"background-color":"","background-image":"","background-repeat":"repeat","background-position":"center center","background-size":"auto","background-attachment":"scroll","background-type":"","background-media":"","overlay-type":"","overlay-color":"","overlay-opacity":"","overlay-gradient":""}},"ast-content-background-meta":{"desktop":{"background-color":"var(--ast-global-color-5)","background-image":"","background-repeat":"repeat","background-position":"center center","background-size":"auto","background-attachment":"scroll","background-type":"","background-media":"","overlay-type":"","overlay-color":"","overlay-opacity":"","overlay-gradient":""},"tablet":{"background-color":"var(--ast-global-color-5)","background-image":"","background-repeat":"repeat","background-position":"center center","background-size":"auto","background-attachment":"scroll","background-type":"","background-media":"","overlay-type":"","overlay-color":"","overlay-opacity":"","overlay-gradient":""},"mobile":{"background-color":"var(--ast-global-color-5)","background-image":"","background-repeat":"repeat","background-position":"center center","background-size":"auto","background-attachment":"scroll","background-type":"","background-media":"","overlay-type":"","overlay-color":"","overlay-opacity":"","overlay-gradient":""}}},"product_brand":[],"product_cat":[219,199],"product_tag":[],"class_list":{"0":"post-3177","1":"product","2":"type-product","3":"status-publish","4":"has-post-thumbnail","6":"product_cat-fleurs","7":"product_cat-tous-les-produits","8":"pa_couleur-pfs1","9":"pa_couleur-pfs2","10":"pa_couleur-pfs3","11":"pa_couleur-pfs4","12":"pa_couleur-pfs5","13":"desktop-align-left","14":"tablet-align-left","15":"mobile-align-left","17":"first","18":"instock","19":"purchasable","20":"product-type-variable","21":"wvs-archive-product-wrapper"},"yoast_head":"<!-- This site is optimized with the Yoast SEO plugin v27.3 - https:\/\/yoast.com\/product\/yoast-seo-wordpress\/ -->\n<title>Pot de fleurs s\u00e9ch\u00e9es - LPN Nails<\/title>\n<meta name=\"description\" content=\"Apportez une touche d\u00e9licate et naturelle \u00e0 vos manucures avec ce pot de fleurs s\u00e9ch\u00e9es. Parfaites pour des poses sophistiqu\u00e9es et raffin\u00e9es, ces fleurs ajoutent une pointe florale pleine de finesse \u00e0 vos cr\u00e9ations.\" \/>\n<meta name=\"robots\" content=\"index, follow, max-snippet:-1, max-image-preview:large, max-video-preview:-1\" \/>\n<link rel=\"canonical\" href=\"https:\/\/www.lpnnails.fr\/en\/product\/pot-de-fleurs-sechees-rose\/\" \/>\n<meta property=\"og:locale\" content=\"en_US\" \/>\n<meta property=\"og:type\" content=\"article\" \/>\n<meta property=\"og:title\" content=\"Pot de fleurs s\u00e9ch\u00e9es - LPN Nails\" \/>\n<meta property=\"og:description\" content=\"Apportez une touche d\u00e9licate et naturelle \u00e0 vos manucures avec ce pot de fleurs s\u00e9ch\u00e9es. Parfaites pour des poses sophistiqu\u00e9es et raffin\u00e9es, ces fleurs ajoutent une pointe florale pleine de finesse \u00e0 vos cr\u00e9ations.\" \/>\n<meta property=\"og:url\" content=\"https:\/\/www.lpnnails.fr\/en\/product\/pot-de-fleurs-sechees-rose\/\" \/>\n<meta property=\"og:site_name\" content=\"LPN Nails\" \/>\n<meta property=\"article:publisher\" content=\"https:\/\/www.facebook.com\/profile.php?id=61573655313488#\" \/>\n<meta property=\"article:modified_time\" content=\"2025-12-01T08:36:42+00:00\" \/>\n<meta property=\"og:image\" content=\"https:\/\/www.lpnnails.fr\/wp-content\/uploads\/2025\/06\/4.jpg\" \/>\n\t<meta property=\"og:image:width\" content=\"1000\" \/>\n\t<meta property=\"og:image:height\" content=\"1000\" \/>\n\t<meta property=\"og:image:type\" content=\"image\/jpeg\" \/>\n<meta name=\"twitter:card\" content=\"summary_large_image\" \/>\n<meta name=\"twitter:label1\" content=\"Est. reading time\" \/>\n\t<meta name=\"twitter:data1\" content=\"1 minute\" \/>\n<script type=\"application\/ld+json\" class=\"yoast-schema-graph\">{\"@context\":\"https:\\\/\\\/schema.org\",\"@graph\":[{\"@type\":\"WebPage\",\"@id\":\"https:\\\/\\\/www.lpnnails.fr\\\/produit\\\/pot-de-fleurs-sechees-rose\\\/\",\"url\":\"https:\\\/\\\/www.lpnnails.fr\\\/produit\\\/pot-de-fleurs-sechees-rose\\\/\",\"name\":\"Pot de fleurs s\u00e9ch\u00e9es - LPN Nails\",\"isPartOf\":{\"@id\":\"https:\\\/\\\/www.lpnnails.fr\\\/#website\"},\"primaryImageOfPage\":{\"@id\":\"https:\\\/\\\/www.lpnnails.fr\\\/produit\\\/pot-de-fleurs-sechees-rose\\\/#primaryimage\"},\"image\":{\"@id\":\"https:\\\/\\\/www.lpnnails.fr\\\/produit\\\/pot-de-fleurs-sechees-rose\\\/#primaryimage\"},\"thumbnailUrl\":\"https:\\\/\\\/www.lpnnails.fr\\\/wp-content\\\/uploads\\\/2025\\\/06\\\/4.jpg\",\"datePublished\":\"2022-05-08T20:05:07+00:00\",\"dateModified\":\"2025-12-01T08:36:42+00:00\",\"description\":\"Apportez une touche d\u00e9licate et naturelle \u00e0 vos manucures avec ce pot de fleurs s\u00e9ch\u00e9es. Parfaites pour des poses sophistiqu\u00e9es et raffin\u00e9es, ces fleurs ajoutent une pointe florale pleine de finesse \u00e0 vos cr\u00e9ations.\",\"breadcrumb\":{\"@id\":\"https:\\\/\\\/www.lpnnails.fr\\\/produit\\\/pot-de-fleurs-sechees-rose\\\/#breadcrumb\"},\"inLanguage\":\"en-US\",\"potentialAction\":[{\"@type\":\"ReadAction\",\"target\":[\"https:\\\/\\\/www.lpnnails.fr\\\/produit\\\/pot-de-fleurs-sechees-rose\\\/\"]}]},{\"@type\":\"ImageObject\",\"inLanguage\":\"en-US\",\"@id\":\"https:\\\/\\\/www.lpnnails.fr\\\/produit\\\/pot-de-fleurs-sechees-rose\\\/#primaryimage\",\"url\":\"https:\\\/\\\/www.lpnnails.fr\\\/wp-content\\\/uploads\\\/2025\\\/06\\\/4.jpg\",\"contentUrl\":\"https:\\\/\\\/www.lpnnails.fr\\\/wp-content\\\/uploads\\\/2025\\\/06\\\/4.jpg\",\"width\":1000,\"height\":1000,\"caption\":\"POT DE FLEURS S\u00c9CH\u00c9ES 4\"},{\"@type\":\"BreadcrumbList\",\"@id\":\"https:\\\/\\\/www.lpnnails.fr\\\/produit\\\/pot-de-fleurs-sechees-rose\\\/#breadcrumb\",\"itemListElement\":[{\"@type\":\"ListItem\",\"position\":1,\"name\":\"Accueil\",\"item\":\"https:\\\/\\\/www.lpnnails.fr\\\/\"},{\"@type\":\"ListItem\",\"position\":2,\"name\":\"Boutique\",\"item\":\"https:\\\/\\\/www.lpnnails.fr\\\/boutique\\\/\"},{\"@type\":\"ListItem\",\"position\":3,\"name\":\"Pot de fleurs s\u00e9ch\u00e9es\"}]},{\"@type\":\"WebSite\",\"@id\":\"https:\\\/\\\/www.lpnnails.fr\\\/#website\",\"url\":\"https:\\\/\\\/www.lpnnails.fr\\\/\",\"name\":\"LPN Nails\",\"description\":\"\",\"publisher\":{\"@id\":\"https:\\\/\\\/www.lpnnails.fr\\\/#organization\"},\"potentialAction\":[{\"@type\":\"SearchAction\",\"target\":{\"@type\":\"EntryPoint\",\"urlTemplate\":\"https:\\\/\\\/www.lpnnails.fr\\\/?s={search_term_string}\"},\"query-input\":{\"@type\":\"PropertyValueSpecification\",\"valueRequired\":true,\"valueName\":\"search_term_string\"}}],\"inLanguage\":\"en-US\"},{\"@type\":\"Organization\",\"@id\":\"https:\\\/\\\/www.lpnnails.fr\\\/#organization\",\"name\":\"LPN Nails\",\"url\":\"https:\\\/\\\/www.lpnnails.fr\\\/\",\"logo\":{\"@type\":\"ImageObject\",\"inLanguage\":\"en-US\",\"@id\":\"https:\\\/\\\/www.lpnnails.fr\\\/#\\\/schema\\\/logo\\\/image\\\/\",\"url\":\"https:\\\/\\\/www.lpnnails.fr\\\/wp-content\\\/uploads\\\/2025\\\/11\\\/Design-sans-titre-2.png\",\"contentUrl\":\"https:\\\/\\\/www.lpnnails.fr\\\/wp-content\\\/uploads\\\/2025\\\/11\\\/Design-sans-titre-2.png\",\"width\":512,\"height\":512,\"caption\":\"LPN Nails\"},\"image\":{\"@id\":\"https:\\\/\\\/www.lpnnails.fr\\\/#\\\/schema\\\/logo\\\/image\\\/\"},\"sameAs\":[\"https:\\\/\\\/www.facebook.com\\\/profile.php?id=61573655313488#\",\"https:\\\/\\\/www.instagram.com\\\/lpnnails\\\/\",\"https:\\\/\\\/www.linkedin.com\\\/company\\\/lpnnails\\\/\",\"https:\\\/\\\/www.youtube.com\\\/@LPNNails\\\/\"]}]}<\/script>\n<!-- \/ Yoast SEO plugin. -->","yoast_head_json":{"title":"Pot de fleurs s\u00e9ch\u00e9es - LPN Nails","description":"Apportez une touche d\u00e9licate et naturelle \u00e0 vos manucures avec ce pot de fleurs s\u00e9ch\u00e9es. Parfaites pour des poses sophistiqu\u00e9es et raffin\u00e9es, ces fleurs ajoutent une pointe florale pleine de finesse \u00e0 vos cr\u00e9ations.","robots":{"index":"index","follow":"follow","max-snippet":"max-snippet:-1","max-image-preview":"max-image-preview:large","max-video-preview":"max-video-preview:-1"},"canonical":"https:\/\/www.lpnnails.fr\/en\/product\/pot-de-fleurs-sechees-rose\/","og_locale":"en_US","og_type":"article","og_title":"Pot de fleurs s\u00e9ch\u00e9es - LPN Nails","og_description":"Apportez une touche d\u00e9licate et naturelle \u00e0 vos manucures avec ce pot de fleurs s\u00e9ch\u00e9es. Parfaites pour des poses sophistiqu\u00e9es et raffin\u00e9es, ces fleurs ajoutent une pointe florale pleine de finesse \u00e0 vos cr\u00e9ations.","og_url":"https:\/\/www.lpnnails.fr\/en\/product\/pot-de-fleurs-sechees-rose\/","og_site_name":"LPN Nails","article_publisher":"https:\/\/www.facebook.com\/profile.php?id=61573655313488#","article_modified_time":"2025-12-01T08:36:42+00:00","og_image":[{"width":1000,"height":1000,"url":"https:\/\/www.lpnnails.fr\/wp-content\/uploads\/2025\/06\/4.jpg","type":"image\/jpeg"}],"twitter_card":"summary_large_image","twitter_misc":{"Est. reading time":"1 minute"},"schema":{"@context":"https:\/\/schema.org","@graph":[{"@type":"WebPage","@id":"https:\/\/www.lpnnails.fr\/produit\/pot-de-fleurs-sechees-rose\/","url":"https:\/\/www.lpnnails.fr\/produit\/pot-de-fleurs-sechees-rose\/","name":"Pot de fleurs s\u00e9ch\u00e9es - LPN Nails","isPartOf":{"@id":"https:\/\/www.lpnnails.fr\/#website"},"primaryImageOfPage":{"@id":"https:\/\/www.lpnnails.fr\/produit\/pot-de-fleurs-sechees-rose\/#primaryimage"},"image":{"@id":"https:\/\/www.lpnnails.fr\/produit\/pot-de-fleurs-sechees-rose\/#primaryimage"},"thumbnailUrl":"https:\/\/www.lpnnails.fr\/wp-content\/uploads\/2025\/06\/4.jpg","datePublished":"2022-05-08T20:05:07+00:00","dateModified":"2025-12-01T08:36:42+00:00","description":"Apportez une touche d\u00e9licate et naturelle \u00e0 vos manucures avec ce pot de fleurs s\u00e9ch\u00e9es. Parfaites pour des poses sophistiqu\u00e9es et raffin\u00e9es, ces fleurs ajoutent une pointe florale pleine de finesse \u00e0 vos cr\u00e9ations.","breadcrumb":{"@id":"https:\/\/www.lpnnails.fr\/produit\/pot-de-fleurs-sechees-rose\/#breadcrumb"},"inLanguage":"en-US","potentialAction":[{"@type":"ReadAction","target":["https:\/\/www.lpnnails.fr\/produit\/pot-de-fleurs-sechees-rose\/"]}]},{"@type":"ImageObject","inLanguage":"en-US","@id":"https:\/\/www.lpnnails.fr\/produit\/pot-de-fleurs-sechees-rose\/#primaryimage","url":"https:\/\/www.lpnnails.fr\/wp-content\/uploads\/2025\/06\/4.jpg","contentUrl":"https:\/\/www.lpnnails.fr\/wp-content\/uploads\/2025\/06\/4.jpg","width":1000,"height":1000,"caption":"POT DE FLEURS S\u00c9CH\u00c9ES 4"},{"@type":"BreadcrumbList","@id":"https:\/\/www.lpnnails.fr\/produit\/pot-de-fleurs-sechees-rose\/#breadcrumb","itemListElement":[{"@type":"ListItem","position":1,"name":"Accueil","item":"https:\/\/www.lpnnails.fr\/"},{"@type":"ListItem","position":2,"name":"Boutique","item":"https:\/\/www.lpnnails.fr\/boutique\/"},{"@type":"ListItem","position":3,"name":"Pot de fleurs s\u00e9ch\u00e9es"}]},{"@type":"WebSite","@id":"https:\/\/www.lpnnails.fr\/#website","url":"https:\/\/www.lpnnails.fr\/","name":"LPN Nails","description":"","publisher":{"@id":"https:\/\/www.lpnnails.fr\/#organization"},"potentialAction":[{"@type":"SearchAction","target":{"@type":"EntryPoint","urlTemplate":"https:\/\/www.lpnnails.fr\/?s={search_term_string}"},"query-input":{"@type":"PropertyValueSpecification","valueRequired":true,"valueName":"search_term_string"}}],"inLanguage":"en-US"},{"@type":"Organization","@id":"https:\/\/www.lpnnails.fr\/#organization","name":"LPN Nails","url":"https:\/\/www.lpnnails.fr\/","logo":{"@type":"ImageObject","inLanguage":"en-US","@id":"https:\/\/www.lpnnails.fr\/#\/schema\/logo\/image\/","url":"https:\/\/www.lpnnails.fr\/wp-content\/uploads\/2025\/11\/Design-sans-titre-2.png","contentUrl":"https:\/\/www.lpnnails.fr\/wp-content\/uploads\/2025\/11\/Design-sans-titre-2.png","width":512,"height":512,"caption":"LPN Nails"},"image":{"@id":"https:\/\/www.lpnnails.fr\/#\/schema\/logo\/image\/"},"sameAs":["https:\/\/www.facebook.com\/profile.php?id=61573655313488#","https:\/\/www.instagram.com\/lpnnails\/","https:\/\/www.linkedin.com\/company\/lpnnails\/","https:\/\/www.youtube.com\/@LPNNails\/"]}]}},"uagb_featured_image_src":{"full":["https:\/\/www.lpnnails.fr\/wp-content\/uploads\/2025\/06\/4.jpg",1000,1000,false],"thumbnail":["https:\/\/www.lpnnails.fr\/wp-content\/uploads\/2025\/06\/4-150x150.jpg",150,150,true],"medium":["https:\/\/www.lpnnails.fr\/wp-content\/uploads\/2025\/06\/4-300x300.jpg",300,300,true],"medium_large":["https:\/\/www.lpnnails.fr\/wp-content\/uploads\/2025\/06\/4-768x768.jpg",768,768,true],"large":["https:\/\/www.lpnnails.fr\/wp-content\/uploads\/2025\/06\/4.jpg",1000,1000,false],"1536x1536":["https:\/\/www.lpnnails.fr\/wp-content\/uploads\/2025\/06\/4.jpg",1000,1000,false],"2048x2048":["https:\/\/www.lpnnails.fr\/wp-content\/uploads\/2025\/06\/4.jpg",1000,1000,false],"trp-custom-language-flag":["https:\/\/www.lpnnails.fr\/wp-content\/uploads\/2025\/06\/4.jpg",12,12,false],"mailpoet_newsletter_max":["https:\/\/www.lpnnails.fr\/wp-content\/uploads\/2025\/06\/4.jpg",1000,1000,false],"woocommerce_thumbnail":["https:\/\/www.lpnnails.fr\/wp-content\/uploads\/2025\/06\/4-300x300.jpg",300,300,true],"woocommerce_single":["https:\/\/www.lpnnails.fr\/wp-content\/uploads\/2025\/06\/4-600x600.jpg",600,600,true],"woocommerce_gallery_thumbnail":["https:\/\/www.lpnnails.fr\/wp-content\/uploads\/2025\/06\/4-100x100.jpg",100,100,true],"variation_swatches_image_size":["https:\/\/www.lpnnails.fr\/wp-content\/uploads\/2025\/06\/4-50x50.jpg",50,50,true],"variation_swatches_tooltip_size":["https:\/\/www.lpnnails.fr\/wp-content\/uploads\/2025\/06\/4-100x100.jpg",100,100,true]},"uagb_author_info":{"display_name":"LPN Nails","author_link":"https:\/\/www.lpnnails.fr\/en\/author\/"},"uagb_comment_info":0,"uagb_excerpt":"Apportez une touche d\u00e9licate et naturelle \u00e0 vos manucures avec ce pot de fleurs s\u00e9ch\u00e9es. Parfaites pour des poses sophistiqu\u00e9es [&hellip;]","_links":{"self":[{"href":"https:\/\/www.lpnnails.fr\/en\/wp-json\/wp\/v2\/product\/3177","targetHints":{"allow":["GET"]}}],"collection":[{"href":"https:\/\/www.lpnnails.fr\/en\/wp-json\/wp\/v2\/product"}],"about":[{"href":"https:\/\/www.lpnnails.fr\/en\/wp-json\/wp\/v2\/types\/product"}],"replies":[{"embeddable":true,"href":"https:\/\/www.lpnnails.fr\/en\/wp-json\/wp\/v2\/comments?post=3177"}],"wp:featuredmedia":[{"embeddable":true,"href":"https:\/\/www.lpnnails.fr\/en\/wp-json\/wp\/v2\/media\/6291"}],"wp:attachment":[{"href":"https:\/\/www.lpnnails.fr\/en\/wp-json\/wp\/v2\/media?parent=3177"}],"wp:term":[{"taxonomy":"product_brand","embeddable":true,"href":"https:\/\/www.lpnnails.fr\/en\/wp-json\/wp\/v2\/product_brand?post=3177"},{"taxonomy":"product_cat","embeddable":true,"href":"https:\/\/www.lpnnails.fr\/en\/wp-json\/wp\/v2\/product_cat?post=3177"},{"taxonomy":"product_tag","embeddable":true,"href":"https:\/\/www.lpnnails.fr\/en\/wp-json\/wp\/v2\/product_tag?post=3177"}],"curies":[{"name":"wp","href":"https:\/\/api.w.org\/{rel}","templated":true}]}}