{"id":3025,"date":"2022-05-05T06:45:14","date_gmt":"2022-05-05T06:45:14","guid":{"rendered":"https:\/\/www.lpnnails.fr\/?post_type=product&#038;p=3025"},"modified":"2026-04-04T13:38:45","modified_gmt":"2026-04-04T11:38:45","slug":"poudre-chrome-n-1","status":"publish","type":"product","link":"https:\/\/www.lpnnails.fr\/en\/product\/poudre-chrome-n-1\/","title":{"rendered":"Poudre chrome \u00ab Mirror \u00bb"},"content":{"rendered":"<p>Transformez vos ongles en v\u00e9ritables bijoux avec notre P<strong>oudre Chrome &#8220;Mirror&#8221;<\/strong>. Offrant une finition m\u00e9tallique \u00e9clatante, cette poudre est id\u00e9ale pour des manucures sophistiqu\u00e9es et \u00e9l\u00e9gantes.<\/p>\n<p><strong>Features :<\/strong><\/p>\n<ul>\n<li><strong>Finition miroir :<\/strong> Apporte un effet brillant et m\u00e9tallique intense.<\/li>\n<li><strong>Multi-usages :<\/strong> S&#8217;applique avec une base chrome ou un top coat brillant sans r\u00e9sidu.<\/li>\n<li><strong>Format pratique :<\/strong> Pour une utilisation pr\u00e9cise et \u00e9conomique.<\/li>\n<li><strong>R\u00e9sultat professionnel :<\/strong> Id\u00e9al pour les nail artists ou les amateurs de nail art recherchant une touche luxueuse.<\/li>\n<\/ul>\n<p><strong>Conseils d\u2019utilisation :<\/strong><\/p>\n<ul>\n<li>Pr\u00e9parez vos ongles avec une couche de base ou de gel UV.<\/li>\n<li>Appliquez la poudre chrome \u00e0 l&#8217;aide d&#8217;un applicateur doux en frottant d\u00e9licatement pour obtenir un effet uniforme.<\/li>\n<li>Scellez avec un top coat brillant sans r\u00e9sidu pour une tenue longue dur\u00e9e.<\/li>\n<\/ul>\n<p>Que ce soit pour des \u00e9v\u00e9nements sp\u00e9ciaux ou pour ajouter une touche glamour \u00e0 votre quotidien, la <strong>poudre chrome<\/strong>\u00a0est l&#8217;accessoire parfait pour sublimer vos cr\u00e9ations. Faites briller vos ongles comme jamais\u202f!<\/p>","protected":false},"excerpt":{"rendered":"<p>Transformez vos ongles en v\u00e9ritables bijoux avec notre Poudre Chrome &#8220;Mirror&#8221;. Offrant une finition m\u00e9tallique \u00e9clatante, cette poudre est id\u00e9ale [&hellip;]<\/p>\n","protected":false},"featured_media":6352,"comment_status":"open","ping_status":"closed","template":"","meta":{"_uag_custom_page_level_css":"","site-sidebar-layout":"default","site-content-layout":"","ast-site-content-layout":"default","site-content-style":"default","site-sidebar-style":"default","ast-global-header-display":"","ast-banner-title-visibility":"","ast-main-header-display":"","ast-hfb-above-header-display":"","ast-hfb-below-header-display":"","ast-hfb-mobile-header-display":"","site-post-title":"","ast-breadcrumbs-content":"","ast-featured-img":"","footer-sml-layout":"","ast-disable-related-posts":"","theme-transparent-header-meta":"default","adv-header-id-meta":"","stick-header-meta":"","header-above-stick-meta":"","header-main-stick-meta":"","header-below-stick-meta":"","astra-migrate-meta-layouts":"set","ast-page-background-enabled":"default","ast-page-background-meta":{"desktop":{"background-color":"var(--ast-global-color-4)","background-image":"","background-repeat":"repeat","background-position":"center center","background-size":"auto","background-attachment":"scroll","background-type":"","background-media":"","overlay-type":"","overlay-color":"","overlay-opacity":"","overlay-gradient":""},"tablet":{"background-color":"","background-image":"","background-repeat":"repeat","background-position":"center center","background-size":"auto","background-attachment":"scroll","background-type":"","background-media":"","overlay-type":"","overlay-color":"","overlay-opacity":"","overlay-gradient":""},"mobile":{"background-color":"","background-image":"","background-repeat":"repeat","background-position":"center center","background-size":"auto","background-attachment":"scroll","background-type":"","background-media":"","overlay-type":"","overlay-color":"","overlay-opacity":"","overlay-gradient":""}},"ast-content-background-meta":{"desktop":{"background-color":"var(--ast-global-color-5)","background-image":"","background-repeat":"repeat","background-position":"center center","background-size":"auto","background-attachment":"scroll","background-type":"","background-media":"","overlay-type":"","overlay-color":"","overlay-opacity":"","overlay-gradient":""},"tablet":{"background-color":"var(--ast-global-color-5)","background-image":"","background-repeat":"repeat","background-position":"center center","background-size":"auto","background-attachment":"scroll","background-type":"","background-media":"","overlay-type":"","overlay-color":"","overlay-opacity":"","overlay-gradient":""},"mobile":{"background-color":"var(--ast-global-color-5)","background-image":"","background-repeat":"repeat","background-position":"center center","background-size":"auto","background-attachment":"scroll","background-type":"","background-media":"","overlay-type":"","overlay-color":"","overlay-opacity":"","overlay-gradient":""}}},"product_brand":[254],"product_cat":[245,199],"product_tag":[],"class_list":{"0":"post-3025","1":"product","2":"type-product","3":"status-publish","4":"has-post-thumbnail","6":"product_brand-lpnnails","7":"product_cat-poudres","8":"product_cat-tous-les-produits","9":"pa_couleur-pcm1","10":"pa_couleur-pcm11","11":"pa_couleur-pcm13","12":"pa_couleur-pcm14","13":"pa_couleur-pcm15","14":"pa_couleur-pcm16","15":"pa_couleur-pcm17","16":"pa_couleur-pcm18","17":"pa_couleur-pcm19","18":"pa_couleur-pcm2","19":"pa_couleur-pcm3","20":"pa_couleur-pcm4","21":"pa_couleur-pcm5","22":"pa_couleur-pcm7","23":"pa_couleur-pcm8","24":"pa_couleur-pcm9","25":"desktop-align-left","26":"tablet-align-left","27":"mobile-align-left","29":"first","30":"instock","31":"purchasable","32":"product-type-variable","33":"wvs-archive-product-wrapper"},"yoast_head":"<!-- This site is optimized with the Yoast SEO plugin v27.3 - https:\/\/yoast.com\/product\/yoast-seo-wordpress\/ -->\n<title>Poudre chrome \u00ab Mirror \u00bb - LPN Nails<\/title>\n<meta name=\"description\" content=\"Transformez vos ongles en v\u00e9ritables bijoux avec notre poudre chrome. Offrant une finition m\u00e9tallique \u00e9clatante, cette poudre est id\u00e9ale pour des manucures sophistiqu\u00e9es et \u00e9l\u00e9gantes.\" \/>\n<meta name=\"robots\" content=\"index, follow, max-snippet:-1, max-image-preview:large, max-video-preview:-1\" \/>\n<link rel=\"canonical\" href=\"https:\/\/www.lpnnails.fr\/en\/product\/poudre-chrome-n-1\/\" \/>\n<meta property=\"og:locale\" content=\"en_US\" \/>\n<meta property=\"og:type\" content=\"article\" \/>\n<meta property=\"og:title\" content=\"Poudre chrome \u00ab Mirror \u00bb - LPN Nails\" \/>\n<meta property=\"og:description\" content=\"Transformez vos ongles en v\u00e9ritables bijoux avec notre poudre chrome. Offrant une finition m\u00e9tallique \u00e9clatante, cette poudre est id\u00e9ale pour des manucures sophistiqu\u00e9es et \u00e9l\u00e9gantes.\" \/>\n<meta property=\"og:url\" content=\"https:\/\/www.lpnnails.fr\/en\/product\/poudre-chrome-n-1\/\" \/>\n<meta property=\"og:site_name\" content=\"LPN Nails\" \/>\n<meta property=\"article:publisher\" content=\"https:\/\/www.facebook.com\/profile.php?id=61573655313488#\" \/>\n<meta property=\"article:modified_time\" content=\"2026-04-04T11:38:45+00:00\" \/>\n<meta property=\"og:image\" content=\"https:\/\/www.lpnnails.fr\/wp-content\/uploads\/2022\/05\/POUDRE-CHROME-1.jpg\" \/>\n\t<meta property=\"og:image:width\" content=\"1000\" \/>\n\t<meta property=\"og:image:height\" content=\"1000\" \/>\n\t<meta property=\"og:image:type\" content=\"image\/jpeg\" \/>\n<meta name=\"twitter:card\" content=\"summary_large_image\" \/>\n<meta name=\"twitter:label1\" content=\"Est. reading time\" \/>\n\t<meta name=\"twitter:data1\" content=\"1 minute\" \/>\n<script type=\"application\/ld+json\" class=\"yoast-schema-graph\">{\"@context\":\"https:\\\/\\\/schema.org\",\"@graph\":[{\"@type\":\"WebPage\",\"@id\":\"https:\\\/\\\/www.lpnnails.fr\\\/produit\\\/poudre-chrome-n-1\\\/\",\"url\":\"https:\\\/\\\/www.lpnnails.fr\\\/produit\\\/poudre-chrome-n-1\\\/\",\"name\":\"Poudre chrome \u00ab Mirror \u00bb - LPN Nails\",\"isPartOf\":{\"@id\":\"https:\\\/\\\/www.lpnnails.fr\\\/#website\"},\"primaryImageOfPage\":{\"@id\":\"https:\\\/\\\/www.lpnnails.fr\\\/produit\\\/poudre-chrome-n-1\\\/#primaryimage\"},\"image\":{\"@id\":\"https:\\\/\\\/www.lpnnails.fr\\\/produit\\\/poudre-chrome-n-1\\\/#primaryimage\"},\"thumbnailUrl\":\"https:\\\/\\\/www.lpnnails.fr\\\/wp-content\\\/uploads\\\/2022\\\/05\\\/POUDRE-CHROME-1.jpg\",\"datePublished\":\"2022-05-05T06:45:14+00:00\",\"dateModified\":\"2026-04-04T11:38:45+00:00\",\"description\":\"Transformez vos ongles en v\u00e9ritables bijoux avec notre poudre chrome. Offrant une finition m\u00e9tallique \u00e9clatante, cette poudre est id\u00e9ale pour des manucures sophistiqu\u00e9es et \u00e9l\u00e9gantes.\",\"breadcrumb\":{\"@id\":\"https:\\\/\\\/www.lpnnails.fr\\\/produit\\\/poudre-chrome-n-1\\\/#breadcrumb\"},\"inLanguage\":\"en-US\",\"potentialAction\":[{\"@type\":\"ReadAction\",\"target\":[\"https:\\\/\\\/www.lpnnails.fr\\\/produit\\\/poudre-chrome-n-1\\\/\"]}]},{\"@type\":\"ImageObject\",\"inLanguage\":\"en-US\",\"@id\":\"https:\\\/\\\/www.lpnnails.fr\\\/produit\\\/poudre-chrome-n-1\\\/#primaryimage\",\"url\":\"https:\\\/\\\/www.lpnnails.fr\\\/wp-content\\\/uploads\\\/2022\\\/05\\\/POUDRE-CHROME-1.jpg\",\"contentUrl\":\"https:\\\/\\\/www.lpnnails.fr\\\/wp-content\\\/uploads\\\/2022\\\/05\\\/POUDRE-CHROME-1.jpg\",\"width\":1000,\"height\":1000,\"caption\":\"POUDRE CHROME 1\"},{\"@type\":\"BreadcrumbList\",\"@id\":\"https:\\\/\\\/www.lpnnails.fr\\\/produit\\\/poudre-chrome-n-1\\\/#breadcrumb\",\"itemListElement\":[{\"@type\":\"ListItem\",\"position\":1,\"name\":\"Accueil\",\"item\":\"https:\\\/\\\/www.lpnnails.fr\\\/\"},{\"@type\":\"ListItem\",\"position\":2,\"name\":\"Boutique\",\"item\":\"https:\\\/\\\/www.lpnnails.fr\\\/boutique\\\/\"},{\"@type\":\"ListItem\",\"position\":3,\"name\":\"Poudre chrome \u00ab Mirror \u00bb\"}]},{\"@type\":\"WebSite\",\"@id\":\"https:\\\/\\\/www.lpnnails.fr\\\/#website\",\"url\":\"https:\\\/\\\/www.lpnnails.fr\\\/\",\"name\":\"LPN Nails\",\"description\":\"\",\"publisher\":{\"@id\":\"https:\\\/\\\/www.lpnnails.fr\\\/#organization\"},\"potentialAction\":[{\"@type\":\"SearchAction\",\"target\":{\"@type\":\"EntryPoint\",\"urlTemplate\":\"https:\\\/\\\/www.lpnnails.fr\\\/?s={search_term_string}\"},\"query-input\":{\"@type\":\"PropertyValueSpecification\",\"valueRequired\":true,\"valueName\":\"search_term_string\"}}],\"inLanguage\":\"en-US\"},{\"@type\":\"Organization\",\"@id\":\"https:\\\/\\\/www.lpnnails.fr\\\/#organization\",\"name\":\"LPN Nails\",\"url\":\"https:\\\/\\\/www.lpnnails.fr\\\/\",\"logo\":{\"@type\":\"ImageObject\",\"inLanguage\":\"en-US\",\"@id\":\"https:\\\/\\\/www.lpnnails.fr\\\/#\\\/schema\\\/logo\\\/image\\\/\",\"url\":\"https:\\\/\\\/www.lpnnails.fr\\\/wp-content\\\/uploads\\\/2025\\\/11\\\/Design-sans-titre-2.png\",\"contentUrl\":\"https:\\\/\\\/www.lpnnails.fr\\\/wp-content\\\/uploads\\\/2025\\\/11\\\/Design-sans-titre-2.png\",\"width\":512,\"height\":512,\"caption\":\"LPN Nails\"},\"image\":{\"@id\":\"https:\\\/\\\/www.lpnnails.fr\\\/#\\\/schema\\\/logo\\\/image\\\/\"},\"sameAs\":[\"https:\\\/\\\/www.facebook.com\\\/profile.php?id=61573655313488#\",\"https:\\\/\\\/www.instagram.com\\\/lpnnails\\\/\",\"https:\\\/\\\/www.linkedin.com\\\/company\\\/lpnnails\\\/\",\"https:\\\/\\\/www.youtube.com\\\/@LPNNails\\\/\"]}]}<\/script>\n<!-- \/ Yoast SEO plugin. -->","yoast_head_json":{"title":"Poudre chrome \u00ab Mirror \u00bb - LPN Nails","description":"Transformez vos ongles en v\u00e9ritables bijoux avec notre poudre chrome. Offrant une finition m\u00e9tallique \u00e9clatante, cette poudre est id\u00e9ale pour des manucures sophistiqu\u00e9es et \u00e9l\u00e9gantes.","robots":{"index":"index","follow":"follow","max-snippet":"max-snippet:-1","max-image-preview":"max-image-preview:large","max-video-preview":"max-video-preview:-1"},"canonical":"https:\/\/www.lpnnails.fr\/en\/product\/poudre-chrome-n-1\/","og_locale":"en_US","og_type":"article","og_title":"Poudre chrome \u00ab Mirror \u00bb - LPN Nails","og_description":"Transformez vos ongles en v\u00e9ritables bijoux avec notre poudre chrome. Offrant une finition m\u00e9tallique \u00e9clatante, cette poudre est id\u00e9ale pour des manucures sophistiqu\u00e9es et \u00e9l\u00e9gantes.","og_url":"https:\/\/www.lpnnails.fr\/en\/product\/poudre-chrome-n-1\/","og_site_name":"LPN Nails","article_publisher":"https:\/\/www.facebook.com\/profile.php?id=61573655313488#","article_modified_time":"2026-04-04T11:38:45+00:00","og_image":[{"width":1000,"height":1000,"url":"https:\/\/www.lpnnails.fr\/wp-content\/uploads\/2022\/05\/POUDRE-CHROME-1.jpg","type":"image\/jpeg"}],"twitter_card":"summary_large_image","twitter_misc":{"Est. reading time":"1 minute"},"schema":{"@context":"https:\/\/schema.org","@graph":[{"@type":"WebPage","@id":"https:\/\/www.lpnnails.fr\/produit\/poudre-chrome-n-1\/","url":"https:\/\/www.lpnnails.fr\/produit\/poudre-chrome-n-1\/","name":"Poudre chrome \u00ab Mirror \u00bb - LPN Nails","isPartOf":{"@id":"https:\/\/www.lpnnails.fr\/#website"},"primaryImageOfPage":{"@id":"https:\/\/www.lpnnails.fr\/produit\/poudre-chrome-n-1\/#primaryimage"},"image":{"@id":"https:\/\/www.lpnnails.fr\/produit\/poudre-chrome-n-1\/#primaryimage"},"thumbnailUrl":"https:\/\/www.lpnnails.fr\/wp-content\/uploads\/2022\/05\/POUDRE-CHROME-1.jpg","datePublished":"2022-05-05T06:45:14+00:00","dateModified":"2026-04-04T11:38:45+00:00","description":"Transformez vos ongles en v\u00e9ritables bijoux avec notre poudre chrome. Offrant une finition m\u00e9tallique \u00e9clatante, cette poudre est id\u00e9ale pour des manucures sophistiqu\u00e9es et \u00e9l\u00e9gantes.","breadcrumb":{"@id":"https:\/\/www.lpnnails.fr\/produit\/poudre-chrome-n-1\/#breadcrumb"},"inLanguage":"en-US","potentialAction":[{"@type":"ReadAction","target":["https:\/\/www.lpnnails.fr\/produit\/poudre-chrome-n-1\/"]}]},{"@type":"ImageObject","inLanguage":"en-US","@id":"https:\/\/www.lpnnails.fr\/produit\/poudre-chrome-n-1\/#primaryimage","url":"https:\/\/www.lpnnails.fr\/wp-content\/uploads\/2022\/05\/POUDRE-CHROME-1.jpg","contentUrl":"https:\/\/www.lpnnails.fr\/wp-content\/uploads\/2022\/05\/POUDRE-CHROME-1.jpg","width":1000,"height":1000,"caption":"POUDRE CHROME 1"},{"@type":"BreadcrumbList","@id":"https:\/\/www.lpnnails.fr\/produit\/poudre-chrome-n-1\/#breadcrumb","itemListElement":[{"@type":"ListItem","position":1,"name":"Accueil","item":"https:\/\/www.lpnnails.fr\/"},{"@type":"ListItem","position":2,"name":"Boutique","item":"https:\/\/www.lpnnails.fr\/boutique\/"},{"@type":"ListItem","position":3,"name":"Poudre chrome \u00ab Mirror \u00bb"}]},{"@type":"WebSite","@id":"https:\/\/www.lpnnails.fr\/#website","url":"https:\/\/www.lpnnails.fr\/","name":"LPN Nails","description":"","publisher":{"@id":"https:\/\/www.lpnnails.fr\/#organization"},"potentialAction":[{"@type":"SearchAction","target":{"@type":"EntryPoint","urlTemplate":"https:\/\/www.lpnnails.fr\/?s={search_term_string}"},"query-input":{"@type":"PropertyValueSpecification","valueRequired":true,"valueName":"search_term_string"}}],"inLanguage":"en-US"},{"@type":"Organization","@id":"https:\/\/www.lpnnails.fr\/#organization","name":"LPN Nails","url":"https:\/\/www.lpnnails.fr\/","logo":{"@type":"ImageObject","inLanguage":"en-US","@id":"https:\/\/www.lpnnails.fr\/#\/schema\/logo\/image\/","url":"https:\/\/www.lpnnails.fr\/wp-content\/uploads\/2025\/11\/Design-sans-titre-2.png","contentUrl":"https:\/\/www.lpnnails.fr\/wp-content\/uploads\/2025\/11\/Design-sans-titre-2.png","width":512,"height":512,"caption":"LPN Nails"},"image":{"@id":"https:\/\/www.lpnnails.fr\/#\/schema\/logo\/image\/"},"sameAs":["https:\/\/www.facebook.com\/profile.php?id=61573655313488#","https:\/\/www.instagram.com\/lpnnails\/","https:\/\/www.linkedin.com\/company\/lpnnails\/","https:\/\/www.youtube.com\/@LPNNails\/"]}]}},"uagb_featured_image_src":{"full":["https:\/\/www.lpnnails.fr\/wp-content\/uploads\/2022\/05\/POUDRE-CHROME-1.jpg",1000,1000,false],"thumbnail":["https:\/\/www.lpnnails.fr\/wp-content\/uploads\/2022\/05\/POUDRE-CHROME-1-150x150.jpg",150,150,true],"medium":["https:\/\/www.lpnnails.fr\/wp-content\/uploads\/2022\/05\/POUDRE-CHROME-1-300x300.jpg",300,300,true],"medium_large":["https:\/\/www.lpnnails.fr\/wp-content\/uploads\/2022\/05\/POUDRE-CHROME-1-768x768.jpg",768,768,true],"large":["https:\/\/www.lpnnails.fr\/wp-content\/uploads\/2022\/05\/POUDRE-CHROME-1.jpg",1000,1000,false],"1536x1536":["https:\/\/www.lpnnails.fr\/wp-content\/uploads\/2022\/05\/POUDRE-CHROME-1.jpg",1000,1000,false],"2048x2048":["https:\/\/www.lpnnails.fr\/wp-content\/uploads\/2022\/05\/POUDRE-CHROME-1.jpg",1000,1000,false],"trp-custom-language-flag":["https:\/\/www.lpnnails.fr\/wp-content\/uploads\/2022\/05\/POUDRE-CHROME-1.jpg",12,12,false],"mailpoet_newsletter_max":["https:\/\/www.lpnnails.fr\/wp-content\/uploads\/2022\/05\/POUDRE-CHROME-1.jpg",1000,1000,false],"woocommerce_thumbnail":["https:\/\/www.lpnnails.fr\/wp-content\/uploads\/2022\/05\/POUDRE-CHROME-1-300x300.jpg",300,300,true],"woocommerce_single":["https:\/\/www.lpnnails.fr\/wp-content\/uploads\/2022\/05\/POUDRE-CHROME-1-600x600.jpg",600,600,true],"woocommerce_gallery_thumbnail":["https:\/\/www.lpnnails.fr\/wp-content\/uploads\/2022\/05\/POUDRE-CHROME-1-100x100.jpg",100,100,true],"variation_swatches_image_size":["https:\/\/www.lpnnails.fr\/wp-content\/uploads\/2022\/05\/POUDRE-CHROME-1-50x50.jpg",50,50,true],"variation_swatches_tooltip_size":["https:\/\/www.lpnnails.fr\/wp-content\/uploads\/2022\/05\/POUDRE-CHROME-1-100x100.jpg",100,100,true]},"uagb_author_info":{"display_name":"LPN Nails","author_link":"https:\/\/www.lpnnails.fr\/en\/author\/"},"uagb_comment_info":0,"uagb_excerpt":"Transformez vos ongles en v\u00e9ritables bijoux avec notre Poudre Chrome &#8220;Mirror&#8221;. Offrant une finition m\u00e9tallique \u00e9clatante, cette poudre est id\u00e9ale [&hellip;]","_links":{"self":[{"href":"https:\/\/www.lpnnails.fr\/en\/wp-json\/wp\/v2\/product\/3025","targetHints":{"allow":["GET"]}}],"collection":[{"href":"https:\/\/www.lpnnails.fr\/en\/wp-json\/wp\/v2\/product"}],"about":[{"href":"https:\/\/www.lpnnails.fr\/en\/wp-json\/wp\/v2\/types\/product"}],"replies":[{"embeddable":true,"href":"https:\/\/www.lpnnails.fr\/en\/wp-json\/wp\/v2\/comments?post=3025"}],"wp:featuredmedia":[{"embeddable":true,"href":"https:\/\/www.lpnnails.fr\/en\/wp-json\/wp\/v2\/media\/6352"}],"wp:attachment":[{"href":"https:\/\/www.lpnnails.fr\/en\/wp-json\/wp\/v2\/media?parent=3025"}],"wp:term":[{"taxonomy":"product_brand","embeddable":true,"href":"https:\/\/www.lpnnails.fr\/en\/wp-json\/wp\/v2\/product_brand?post=3025"},{"taxonomy":"product_cat","embeddable":true,"href":"https:\/\/www.lpnnails.fr\/en\/wp-json\/wp\/v2\/product_cat?post=3025"},{"taxonomy":"product_tag","embeddable":true,"href":"https:\/\/www.lpnnails.fr\/en\/wp-json\/wp\/v2\/product_tag?post=3025"}],"curies":[{"name":"wp","href":"https:\/\/api.w.org\/{rel}","templated":true}]}}