{"id":2916,"date":"2022-05-02T20:09:28","date_gmt":"2022-05-02T18:09:28","guid":{"rendered":"https:\/\/www.lpnnails.fr\/?post_type=product&#038;p=2916"},"modified":"2025-12-01T09:20:32","modified_gmt":"2025-12-01T08:20:32","slug":"flocons-aurora-n-3","status":"publish","type":"product","link":"https:\/\/www.lpnnails.fr\/en\/product\/flocons-aurora-n-3\/","title":{"rendered":"Flocons aurora n\u00b03"},"content":{"rendered":"<p>Apportez un \u00e9clat chaleureux et lumineux \u00e0 vos manucures avec ces <strong>flocons aurora<\/strong> de la marque <strong>LPN<\/strong>. Leur effet iris\u00e9 et scintillant aux reflets orang\u00e9s transforme vos cr\u00e9ations en v\u00e9ritables \u0153uvres d\u2019art.<\/p>\n<p><strong>Features :<\/strong><\/p>\n<ul>\n<li><strong>Contenu :<\/strong> Pot de 3g, id\u00e9al pour plusieurs applications.<\/li>\n<li><strong>Effet Aurora :<\/strong> Reflets multicolores chauds pour un look unique et \u00e9clatant.<\/li>\n<li><strong>Texture l\u00e9g\u00e8re :<\/strong> Facile \u00e0 manipuler et \u00e0 int\u00e9grer dans vos poses en gel, acrylique ou vernis classique.<\/li>\n<li><strong>Polyvalent :<\/strong> Adapt\u00e9 \u00e0 toutes les techniques de nail art pour des cr\u00e9ations personnalis\u00e9es.<\/li>\n<\/ul>\n<p><strong>Use :<\/strong><\/p>\n<ul>\n<li>Pr\u00e9parez vos ongles avec une base collante (gel ou vernis).<\/li>\n<li>Appliquez les flocons Aurora \u00e0 l\u2019aide d\u2019un pinceau ou d\u2019un applicateur.<\/li>\n<li>Fixez avec une couche de top coat pour une tenue parfaite et durable.<\/li>\n<\/ul>\n<p>Ces flocons Aurora sont id\u00e9aux pour sublimer vos manucures avec une touche envo\u00fbtante et iris\u00e9e. Parfait pour des looks festifs ou \u00e9l\u00e9gants\u202f!<\/p>","protected":false},"excerpt":{"rendered":"<p>Apportez un \u00e9clat chaleureux et lumineux \u00e0 vos manucures avec ces flocons aurora de la marque LPN. Leur effet iris\u00e9 [&hellip;]<\/p>\n","protected":false},"featured_media":2917,"comment_status":"open","ping_status":"closed","template":"","meta":{"_uag_custom_page_level_css":"","site-sidebar-layout":"default","site-content-layout":"","ast-site-content-layout":"default","site-content-style":"default","site-sidebar-style":"default","ast-global-header-display":"","ast-banner-title-visibility":"","ast-main-header-display":"","ast-hfb-above-header-display":"","ast-hfb-below-header-display":"","ast-hfb-mobile-header-display":"","site-post-title":"","ast-breadcrumbs-content":"","ast-featured-img":"","footer-sml-layout":"","ast-disable-related-posts":"","theme-transparent-header-meta":"default","adv-header-id-meta":"","stick-header-meta":"","header-above-stick-meta":"","header-main-stick-meta":"","header-below-stick-meta":"","astra-migrate-meta-layouts":"set","ast-page-background-enabled":"default","ast-page-background-meta":{"desktop":{"background-color":"var(--ast-global-color-4)","background-image":"","background-repeat":"repeat","background-position":"center center","background-size":"auto","background-attachment":"scroll","background-type":"","background-media":"","overlay-type":"","overlay-color":"","overlay-opacity":"","overlay-gradient":""},"tablet":{"background-color":"","background-image":"","background-repeat":"repeat","background-position":"center center","background-size":"auto","background-attachment":"scroll","background-type":"","background-media":"","overlay-type":"","overlay-color":"","overlay-opacity":"","overlay-gradient":""},"mobile":{"background-color":"","background-image":"","background-repeat":"repeat","background-position":"center center","background-size":"auto","background-attachment":"scroll","background-type":"","background-media":"","overlay-type":"","overlay-color":"","overlay-opacity":"","overlay-gradient":""}},"ast-content-background-meta":{"desktop":{"background-color":"var(--ast-global-color-5)","background-image":"","background-repeat":"repeat","background-position":"center center","background-size":"auto","background-attachment":"scroll","background-type":"","background-media":"","overlay-type":"","overlay-color":"","overlay-opacity":"","overlay-gradient":""},"tablet":{"background-color":"var(--ast-global-color-5)","background-image":"","background-repeat":"repeat","background-position":"center center","background-size":"auto","background-attachment":"scroll","background-type":"","background-media":"","overlay-type":"","overlay-color":"","overlay-opacity":"","overlay-gradient":""},"mobile":{"background-color":"var(--ast-global-color-5)","background-image":"","background-repeat":"repeat","background-position":"center center","background-size":"auto","background-attachment":"scroll","background-type":"","background-media":"","overlay-type":"","overlay-color":"","overlay-opacity":"","overlay-gradient":""}}},"product_brand":[],"product_cat":[220,199],"product_tag":[],"class_list":{"0":"post-2916","1":"product","2":"type-product","3":"status-publish","4":"has-post-thumbnail","6":"product_cat-flocons","7":"product_cat-tous-les-produits","8":"desktop-align-left","9":"tablet-align-left","10":"mobile-align-left","12":"first","13":"instock","14":"purchasable","15":"product-type-simple"},"yoast_head":"<!-- This site is optimized with the Yoast SEO plugin v27.3 - https:\/\/yoast.com\/product\/yoast-seo-wordpress\/ -->\n<title>Flocons aurora n\u00b03 - LPN Nails<\/title>\n<meta name=\"description\" content=\"Apportez un \u00e9clat chaleureux et lumineux \u00e0 vos manucures avec ces flocons aurora de la marque LPN. Leur effet iris\u00e9 et scintillant aux reflets orang\u00e9s transforme vos cr\u00e9ations en v\u00e9ritables \u0153uvres d\u2019art\" \/>\n<meta name=\"robots\" content=\"index, follow, max-snippet:-1, max-image-preview:large, max-video-preview:-1\" \/>\n<link rel=\"canonical\" href=\"https:\/\/www.lpnnails.fr\/en\/product\/flocons-aurora-n-3\/\" \/>\n<meta property=\"og:locale\" content=\"en_US\" \/>\n<meta property=\"og:type\" content=\"article\" \/>\n<meta property=\"og:title\" content=\"Flocons aurora n\u00b03 - LPN Nails\" \/>\n<meta property=\"og:description\" content=\"Apportez un \u00e9clat chaleureux et lumineux \u00e0 vos manucures avec ces flocons aurora de la marque LPN. Leur effet iris\u00e9 et scintillant aux reflets orang\u00e9s transforme vos cr\u00e9ations en v\u00e9ritables \u0153uvres d\u2019art\" \/>\n<meta property=\"og:url\" content=\"https:\/\/www.lpnnails.fr\/en\/product\/flocons-aurora-n-3\/\" \/>\n<meta property=\"og:site_name\" content=\"LPN Nails\" \/>\n<meta property=\"article:publisher\" content=\"https:\/\/www.facebook.com\/profile.php?id=61573655313488#\" \/>\n<meta property=\"article:modified_time\" content=\"2025-12-01T08:20:32+00:00\" \/>\n<meta property=\"og:image\" content=\"https:\/\/www.lpnnails.fr\/wp-content\/uploads\/2025\/04\/products-8907b2_b301bf2e8b964a53b211d4011d1f05fd~mv2.png\" \/>\n\t<meta property=\"og:image:width\" content=\"1024\" \/>\n\t<meta property=\"og:image:height\" content=\"1024\" \/>\n\t<meta property=\"og:image:type\" content=\"image\/jpeg\" \/>\n<meta name=\"twitter:card\" content=\"summary_large_image\" \/>\n<meta name=\"twitter:label1\" content=\"Est. reading time\" \/>\n\t<meta name=\"twitter:data1\" content=\"1 minute\" \/>\n<script type=\"application\/ld+json\" class=\"yoast-schema-graph\">{\"@context\":\"https:\\\/\\\/schema.org\",\"@graph\":[{\"@type\":\"WebPage\",\"@id\":\"https:\\\/\\\/www.lpnnails.fr\\\/produit\\\/flocons-aurora-n-3\\\/\",\"url\":\"https:\\\/\\\/www.lpnnails.fr\\\/produit\\\/flocons-aurora-n-3\\\/\",\"name\":\"Flocons aurora n\u00b03 - LPN Nails\",\"isPartOf\":{\"@id\":\"https:\\\/\\\/www.lpnnails.fr\\\/#website\"},\"primaryImageOfPage\":{\"@id\":\"https:\\\/\\\/www.lpnnails.fr\\\/produit\\\/flocons-aurora-n-3\\\/#primaryimage\"},\"image\":{\"@id\":\"https:\\\/\\\/www.lpnnails.fr\\\/produit\\\/flocons-aurora-n-3\\\/#primaryimage\"},\"thumbnailUrl\":\"https:\\\/\\\/www.lpnnails.fr\\\/wp-content\\\/uploads\\\/2025\\\/04\\\/products-8907b2_b301bf2e8b964a53b211d4011d1f05fd~mv2.png\",\"datePublished\":\"2022-05-02T18:09:28+00:00\",\"dateModified\":\"2025-12-01T08:20:32+00:00\",\"description\":\"Apportez un \u00e9clat chaleureux et lumineux \u00e0 vos manucures avec ces flocons aurora de la marque LPN. Leur effet iris\u00e9 et scintillant aux reflets orang\u00e9s transforme vos cr\u00e9ations en v\u00e9ritables \u0153uvres d\u2019art\",\"breadcrumb\":{\"@id\":\"https:\\\/\\\/www.lpnnails.fr\\\/produit\\\/flocons-aurora-n-3\\\/#breadcrumb\"},\"inLanguage\":\"en-US\",\"potentialAction\":[{\"@type\":\"ReadAction\",\"target\":[\"https:\\\/\\\/www.lpnnails.fr\\\/produit\\\/flocons-aurora-n-3\\\/\"]}]},{\"@type\":\"ImageObject\",\"inLanguage\":\"en-US\",\"@id\":\"https:\\\/\\\/www.lpnnails.fr\\\/produit\\\/flocons-aurora-n-3\\\/#primaryimage\",\"url\":\"https:\\\/\\\/www.lpnnails.fr\\\/wp-content\\\/uploads\\\/2025\\\/04\\\/products-8907b2_b301bf2e8b964a53b211d4011d1f05fd~mv2.png\",\"contentUrl\":\"https:\\\/\\\/www.lpnnails.fr\\\/wp-content\\\/uploads\\\/2025\\\/04\\\/products-8907b2_b301bf2e8b964a53b211d4011d1f05fd~mv2.png\",\"width\":1024,\"height\":1024,\"caption\":\"3.png\"},{\"@type\":\"BreadcrumbList\",\"@id\":\"https:\\\/\\\/www.lpnnails.fr\\\/produit\\\/flocons-aurora-n-3\\\/#breadcrumb\",\"itemListElement\":[{\"@type\":\"ListItem\",\"position\":1,\"name\":\"Accueil\",\"item\":\"https:\\\/\\\/www.lpnnails.fr\\\/\"},{\"@type\":\"ListItem\",\"position\":2,\"name\":\"Boutique\",\"item\":\"https:\\\/\\\/www.lpnnails.fr\\\/boutique\\\/\"},{\"@type\":\"ListItem\",\"position\":3,\"name\":\"Flocons aurora n\u00b03\"}]},{\"@type\":\"WebSite\",\"@id\":\"https:\\\/\\\/www.lpnnails.fr\\\/#website\",\"url\":\"https:\\\/\\\/www.lpnnails.fr\\\/\",\"name\":\"LPN Nails\",\"description\":\"\",\"publisher\":{\"@id\":\"https:\\\/\\\/www.lpnnails.fr\\\/#organization\"},\"potentialAction\":[{\"@type\":\"SearchAction\",\"target\":{\"@type\":\"EntryPoint\",\"urlTemplate\":\"https:\\\/\\\/www.lpnnails.fr\\\/?s={search_term_string}\"},\"query-input\":{\"@type\":\"PropertyValueSpecification\",\"valueRequired\":true,\"valueName\":\"search_term_string\"}}],\"inLanguage\":\"en-US\"},{\"@type\":\"Organization\",\"@id\":\"https:\\\/\\\/www.lpnnails.fr\\\/#organization\",\"name\":\"LPN Nails\",\"url\":\"https:\\\/\\\/www.lpnnails.fr\\\/\",\"logo\":{\"@type\":\"ImageObject\",\"inLanguage\":\"en-US\",\"@id\":\"https:\\\/\\\/www.lpnnails.fr\\\/#\\\/schema\\\/logo\\\/image\\\/\",\"url\":\"https:\\\/\\\/www.lpnnails.fr\\\/wp-content\\\/uploads\\\/2025\\\/11\\\/Design-sans-titre-2.png\",\"contentUrl\":\"https:\\\/\\\/www.lpnnails.fr\\\/wp-content\\\/uploads\\\/2025\\\/11\\\/Design-sans-titre-2.png\",\"width\":512,\"height\":512,\"caption\":\"LPN Nails\"},\"image\":{\"@id\":\"https:\\\/\\\/www.lpnnails.fr\\\/#\\\/schema\\\/logo\\\/image\\\/\"},\"sameAs\":[\"https:\\\/\\\/www.facebook.com\\\/profile.php?id=61573655313488#\",\"https:\\\/\\\/www.instagram.com\\\/lpnnails\\\/\",\"https:\\\/\\\/www.linkedin.com\\\/company\\\/lpnnails\\\/\",\"https:\\\/\\\/www.youtube.com\\\/@LPNNails\\\/\"]}]}<\/script>\n<!-- \/ Yoast SEO plugin. -->","yoast_head_json":{"title":"Flocons aurora n\u00b03 - LPN Nails","description":"Apportez un \u00e9clat chaleureux et lumineux \u00e0 vos manucures avec ces flocons aurora de la marque LPN. Leur effet iris\u00e9 et scintillant aux reflets orang\u00e9s transforme vos cr\u00e9ations en v\u00e9ritables \u0153uvres d\u2019art","robots":{"index":"index","follow":"follow","max-snippet":"max-snippet:-1","max-image-preview":"max-image-preview:large","max-video-preview":"max-video-preview:-1"},"canonical":"https:\/\/www.lpnnails.fr\/en\/product\/flocons-aurora-n-3\/","og_locale":"en_US","og_type":"article","og_title":"Flocons aurora n\u00b03 - LPN Nails","og_description":"Apportez un \u00e9clat chaleureux et lumineux \u00e0 vos manucures avec ces flocons aurora de la marque LPN. Leur effet iris\u00e9 et scintillant aux reflets orang\u00e9s transforme vos cr\u00e9ations en v\u00e9ritables \u0153uvres d\u2019art","og_url":"https:\/\/www.lpnnails.fr\/en\/product\/flocons-aurora-n-3\/","og_site_name":"LPN Nails","article_publisher":"https:\/\/www.facebook.com\/profile.php?id=61573655313488#","article_modified_time":"2025-12-01T08:20:32+00:00","og_image":[{"width":1024,"height":1024,"url":"https:\/\/www.lpnnails.fr\/wp-content\/uploads\/2025\/04\/products-8907b2_b301bf2e8b964a53b211d4011d1f05fd~mv2.png","type":"image\/jpeg"}],"twitter_card":"summary_large_image","twitter_misc":{"Est. reading time":"1 minute"},"schema":{"@context":"https:\/\/schema.org","@graph":[{"@type":"WebPage","@id":"https:\/\/www.lpnnails.fr\/produit\/flocons-aurora-n-3\/","url":"https:\/\/www.lpnnails.fr\/produit\/flocons-aurora-n-3\/","name":"Flocons aurora n\u00b03 - LPN Nails","isPartOf":{"@id":"https:\/\/www.lpnnails.fr\/#website"},"primaryImageOfPage":{"@id":"https:\/\/www.lpnnails.fr\/produit\/flocons-aurora-n-3\/#primaryimage"},"image":{"@id":"https:\/\/www.lpnnails.fr\/produit\/flocons-aurora-n-3\/#primaryimage"},"thumbnailUrl":"https:\/\/www.lpnnails.fr\/wp-content\/uploads\/2025\/04\/products-8907b2_b301bf2e8b964a53b211d4011d1f05fd~mv2.png","datePublished":"2022-05-02T18:09:28+00:00","dateModified":"2025-12-01T08:20:32+00:00","description":"Apportez un \u00e9clat chaleureux et lumineux \u00e0 vos manucures avec ces flocons aurora de la marque LPN. Leur effet iris\u00e9 et scintillant aux reflets orang\u00e9s transforme vos cr\u00e9ations en v\u00e9ritables \u0153uvres d\u2019art","breadcrumb":{"@id":"https:\/\/www.lpnnails.fr\/produit\/flocons-aurora-n-3\/#breadcrumb"},"inLanguage":"en-US","potentialAction":[{"@type":"ReadAction","target":["https:\/\/www.lpnnails.fr\/produit\/flocons-aurora-n-3\/"]}]},{"@type":"ImageObject","inLanguage":"en-US","@id":"https:\/\/www.lpnnails.fr\/produit\/flocons-aurora-n-3\/#primaryimage","url":"https:\/\/www.lpnnails.fr\/wp-content\/uploads\/2025\/04\/products-8907b2_b301bf2e8b964a53b211d4011d1f05fd~mv2.png","contentUrl":"https:\/\/www.lpnnails.fr\/wp-content\/uploads\/2025\/04\/products-8907b2_b301bf2e8b964a53b211d4011d1f05fd~mv2.png","width":1024,"height":1024,"caption":"3.png"},{"@type":"BreadcrumbList","@id":"https:\/\/www.lpnnails.fr\/produit\/flocons-aurora-n-3\/#breadcrumb","itemListElement":[{"@type":"ListItem","position":1,"name":"Accueil","item":"https:\/\/www.lpnnails.fr\/"},{"@type":"ListItem","position":2,"name":"Boutique","item":"https:\/\/www.lpnnails.fr\/boutique\/"},{"@type":"ListItem","position":3,"name":"Flocons aurora n\u00b03"}]},{"@type":"WebSite","@id":"https:\/\/www.lpnnails.fr\/#website","url":"https:\/\/www.lpnnails.fr\/","name":"LPN Nails","description":"","publisher":{"@id":"https:\/\/www.lpnnails.fr\/#organization"},"potentialAction":[{"@type":"SearchAction","target":{"@type":"EntryPoint","urlTemplate":"https:\/\/www.lpnnails.fr\/?s={search_term_string}"},"query-input":{"@type":"PropertyValueSpecification","valueRequired":true,"valueName":"search_term_string"}}],"inLanguage":"en-US"},{"@type":"Organization","@id":"https:\/\/www.lpnnails.fr\/#organization","name":"LPN Nails","url":"https:\/\/www.lpnnails.fr\/","logo":{"@type":"ImageObject","inLanguage":"en-US","@id":"https:\/\/www.lpnnails.fr\/#\/schema\/logo\/image\/","url":"https:\/\/www.lpnnails.fr\/wp-content\/uploads\/2025\/11\/Design-sans-titre-2.png","contentUrl":"https:\/\/www.lpnnails.fr\/wp-content\/uploads\/2025\/11\/Design-sans-titre-2.png","width":512,"height":512,"caption":"LPN Nails"},"image":{"@id":"https:\/\/www.lpnnails.fr\/#\/schema\/logo\/image\/"},"sameAs":["https:\/\/www.facebook.com\/profile.php?id=61573655313488#","https:\/\/www.instagram.com\/lpnnails\/","https:\/\/www.linkedin.com\/company\/lpnnails\/","https:\/\/www.youtube.com\/@LPNNails\/"]}]}},"uagb_featured_image_src":{"full":["https:\/\/www.lpnnails.fr\/wp-content\/uploads\/2025\/04\/products-8907b2_b301bf2e8b964a53b211d4011d1f05fd~mv2.png",1024,1024,false],"thumbnail":["https:\/\/www.lpnnails.fr\/wp-content\/uploads\/2025\/04\/products-8907b2_b301bf2e8b964a53b211d4011d1f05fd~mv2.png",150,150,true],"medium":["https:\/\/www.lpnnails.fr\/wp-content\/uploads\/2025\/04\/products-8907b2_b301bf2e8b964a53b211d4011d1f05fd~mv2.png",300,214,true],"medium_large":["https:\/\/www.lpnnails.fr\/wp-content\/uploads\/2025\/04\/products-8907b2_b301bf2e8b964a53b211d4011d1f05fd~mv2.png",768,768,false],"large":["https:\/\/www.lpnnails.fr\/wp-content\/uploads\/2025\/04\/products-8907b2_b301bf2e8b964a53b211d4011d1f05fd~mv2.png",1024,1024,false],"1536x1536":["https:\/\/www.lpnnails.fr\/wp-content\/uploads\/2025\/04\/products-8907b2_b301bf2e8b964a53b211d4011d1f05fd~mv2.png",1024,1024,false],"2048x2048":["https:\/\/www.lpnnails.fr\/wp-content\/uploads\/2025\/04\/products-8907b2_b301bf2e8b964a53b211d4011d1f05fd~mv2.png",1024,1024,false],"trp-custom-language-flag":["https:\/\/www.lpnnails.fr\/wp-content\/uploads\/2025\/04\/products-8907b2_b301bf2e8b964a53b211d4011d1f05fd~mv2.png",12,12,false],"mailpoet_newsletter_max":["https:\/\/www.lpnnails.fr\/wp-content\/uploads\/2025\/04\/products-8907b2_b301bf2e8b964a53b211d4011d1f05fd~mv2.png",1024,1024,false],"woocommerce_thumbnail":["https:\/\/www.lpnnails.fr\/wp-content\/uploads\/2025\/04\/products-8907b2_b301bf2e8b964a53b211d4011d1f05fd~mv2.png",300,300,false],"woocommerce_single":["https:\/\/www.lpnnails.fr\/wp-content\/uploads\/2025\/04\/products-8907b2_b301bf2e8b964a53b211d4011d1f05fd~mv2.png",600,600,false],"woocommerce_gallery_thumbnail":["https:\/\/www.lpnnails.fr\/wp-content\/uploads\/2025\/04\/products-8907b2_b301bf2e8b964a53b211d4011d1f05fd~mv2.png",100,100,false],"variation_swatches_image_size":["https:\/\/www.lpnnails.fr\/wp-content\/uploads\/2025\/04\/products-8907b2_b301bf2e8b964a53b211d4011d1f05fd~mv2.png",50,50,false],"variation_swatches_tooltip_size":["https:\/\/www.lpnnails.fr\/wp-content\/uploads\/2025\/04\/products-8907b2_b301bf2e8b964a53b211d4011d1f05fd~mv2.png",100,100,false]},"uagb_author_info":{"display_name":"LPN Nails","author_link":"https:\/\/www.lpnnails.fr\/en\/author\/"},"uagb_comment_info":0,"uagb_excerpt":"Apportez un \u00e9clat chaleureux et lumineux \u00e0 vos manucures avec ces flocons aurora de la marque LPN. Leur effet iris\u00e9 [&hellip;]","_links":{"self":[{"href":"https:\/\/www.lpnnails.fr\/en\/wp-json\/wp\/v2\/product\/2916","targetHints":{"allow":["GET"]}}],"collection":[{"href":"https:\/\/www.lpnnails.fr\/en\/wp-json\/wp\/v2\/product"}],"about":[{"href":"https:\/\/www.lpnnails.fr\/en\/wp-json\/wp\/v2\/types\/product"}],"replies":[{"embeddable":true,"href":"https:\/\/www.lpnnails.fr\/en\/wp-json\/wp\/v2\/comments?post=2916"}],"wp:featuredmedia":[{"embeddable":true,"href":"https:\/\/www.lpnnails.fr\/en\/wp-json\/wp\/v2\/media\/2917"}],"wp:attachment":[{"href":"https:\/\/www.lpnnails.fr\/en\/wp-json\/wp\/v2\/media?parent=2916"}],"wp:term":[{"taxonomy":"product_brand","embeddable":true,"href":"https:\/\/www.lpnnails.fr\/en\/wp-json\/wp\/v2\/product_brand?post=2916"},{"taxonomy":"product_cat","embeddable":true,"href":"https:\/\/www.lpnnails.fr\/en\/wp-json\/wp\/v2\/product_cat?post=2916"},{"taxonomy":"product_tag","embeddable":true,"href":"https:\/\/www.lpnnails.fr\/en\/wp-json\/wp\/v2\/product_tag?post=2916"}],"curies":[{"name":"wp","href":"https:\/\/api.w.org\/{rel}","templated":true}]}}