{"id":2815,"date":"2022-03-22T21:25:22","date_gmt":"2022-03-22T20:25:22","guid":{"rendered":"https:\/\/www.lpnnails.fr\/?post_type=product&#038;p=2815"},"modified":"2025-12-01T09:19:56","modified_gmt":"2025-12-01T08:19:56","slug":"boite-de-sequins-losange","status":"publish","type":"product","link":"https:\/\/www.lpnnails.fr\/en\/product\/boite-de-sequins-losange\/","title":{"rendered":"Bo\u00eete de sequins &#8220;Losange&#8221;"},"content":{"rendered":"<p>Ajoutez une brillance spectaculaire \u00e0 vos cr\u00e9ations ongulaires avec la <strong>bo\u00eete de sequins &#8220;Losange&#8221;<\/strong>. Ces sequins scintillants en diff\u00e9rentes teintes\u00a0apportent une touche sophistiqu\u00e9e et lumineuse \u00e0 vos manucures, parfaits pour un look glamour et tendance.<\/p>\n<p><strong>Features :<\/strong><\/p>\n<ul>\n<li><strong>Reflets scintillants :<\/strong> Sequins aux effets miroir pour capturer la lumi\u00e8re et sublimer vos ongles.<\/li>\n<li><strong>Couleurs vari\u00e9es :<\/strong> Une palette de teintes m\u00e9talliques, pastel et holographiques pour s&#8217;adapter \u00e0 toutes vos envies.<\/li>\n<li><strong>Rangement pratique :<\/strong> 12 compartiments organis\u00e9s pour une utilisation facile et rapide.<\/li>\n<\/ul>\n<p><strong>Conseils d\u2019utilisation :<\/strong><\/p>\n<ul>\n<li>Pr\u00e9parez vos ongles avec une base ou un gel UV.<\/li>\n<li>Appliquez les sequins \u00e0 l\u2019aide d\u2019un pinceau ou d\u2019une pince \u00e0 nail art.<\/li>\n<li>Fixez avec un top coat pour une finition lisse et une longue tenue.<\/li>\n<\/ul>\n<p>Id\u00e9al pour des manucures \u00e9l\u00e9gantes, des soir\u00e9es ou des occasions sp\u00e9ciales. Exprimez votre style avec ces sequins brillants et laissez vos ongles \u00e9tinceler de mille feux\u202f!<\/p>","protected":false},"excerpt":{"rendered":"<p>Ajoutez une brillance spectaculaire \u00e0 vos cr\u00e9ations ongulaires avec la bo\u00eete de sequins &#8220;Losange&#8221;. Ces sequins scintillants en diff\u00e9rentes teintes\u00a0apportent [&hellip;]<\/p>\n","protected":false},"featured_media":2816,"comment_status":"open","ping_status":"closed","template":"","meta":{"_uag_custom_page_level_css":"","site-sidebar-layout":"default","site-content-layout":"","ast-site-content-layout":"default","site-content-style":"default","site-sidebar-style":"default","ast-global-header-display":"","ast-banner-title-visibility":"","ast-main-header-display":"","ast-hfb-above-header-display":"","ast-hfb-below-header-display":"","ast-hfb-mobile-header-display":"","site-post-title":"","ast-breadcrumbs-content":"","ast-featured-img":"","footer-sml-layout":"","ast-disable-related-posts":"","theme-transparent-header-meta":"default","adv-header-id-meta":"","stick-header-meta":"","header-above-stick-meta":"","header-main-stick-meta":"","header-below-stick-meta":"","astra-migrate-meta-layouts":"set","ast-page-background-enabled":"default","ast-page-background-meta":{"desktop":{"background-color":"var(--ast-global-color-4)","background-image":"","background-repeat":"repeat","background-position":"center center","background-size":"auto","background-attachment":"scroll","background-type":"","background-media":"","overlay-type":"","overlay-color":"","overlay-opacity":"","overlay-gradient":""},"tablet":{"background-color":"","background-image":"","background-repeat":"repeat","background-position":"center center","background-size":"auto","background-attachment":"scroll","background-type":"","background-media":"","overlay-type":"","overlay-color":"","overlay-opacity":"","overlay-gradient":""},"mobile":{"background-color":"","background-image":"","background-repeat":"repeat","background-position":"center center","background-size":"auto","background-attachment":"scroll","background-type":"","background-media":"","overlay-type":"","overlay-color":"","overlay-opacity":"","overlay-gradient":""}},"ast-content-background-meta":{"desktop":{"background-color":"var(--ast-global-color-5)","background-image":"","background-repeat":"repeat","background-position":"center center","background-size":"auto","background-attachment":"scroll","background-type":"","background-media":"","overlay-type":"","overlay-color":"","overlay-opacity":"","overlay-gradient":""},"tablet":{"background-color":"var(--ast-global-color-5)","background-image":"","background-repeat":"repeat","background-position":"center center","background-size":"auto","background-attachment":"scroll","background-type":"","background-media":"","overlay-type":"","overlay-color":"","overlay-opacity":"","overlay-gradient":""},"mobile":{"background-color":"var(--ast-global-color-5)","background-image":"","background-repeat":"repeat","background-position":"center center","background-size":"auto","background-attachment":"scroll","background-type":"","background-media":"","overlay-type":"","overlay-color":"","overlay-opacity":"","overlay-gradient":""}}},"product_brand":[254],"product_cat":[248,199],"product_tag":[],"class_list":{"0":"post-2815","1":"product","2":"type-product","3":"status-publish","4":"has-post-thumbnail","6":"product_brand-lpnnails","7":"product_cat-sequins","8":"product_cat-tous-les-produits","9":"desktop-align-left","10":"tablet-align-left","11":"mobile-align-left","13":"first","14":"instock","15":"purchasable","16":"product-type-simple"},"yoast_head":"<!-- This site is optimized with the Yoast SEO plugin v27.3 - https:\/\/yoast.com\/product\/yoast-seo-wordpress\/ -->\n<title>Bo\u00eete de sequins &quot;Losange&quot; - LPN Nails<\/title>\n<meta name=\"description\" content=\"Ajoutez une brillance spectaculaire \u00e0 vos cr\u00e9ations ongulaires avec la bo\u00eete de sequins &quot;Losange&quot;. Ces sequins scintillants en diff\u00e9rentes teintes apportent une touche sophistiqu\u00e9e et lumineuse \u00e0 vos manucures, parfaits pour un look glamour et tendance.\" \/>\n<meta name=\"robots\" content=\"index, follow, max-snippet:-1, max-image-preview:large, max-video-preview:-1\" \/>\n<link rel=\"canonical\" href=\"https:\/\/www.lpnnails.fr\/en\/product\/boite-de-sequins-losange\/\" \/>\n<meta property=\"og:locale\" content=\"en_US\" \/>\n<meta property=\"og:type\" content=\"article\" \/>\n<meta property=\"og:title\" content=\"Bo\u00eete de sequins &quot;Losange&quot; - LPN Nails\" \/>\n<meta property=\"og:description\" content=\"Ajoutez une brillance spectaculaire \u00e0 vos cr\u00e9ations ongulaires avec la bo\u00eete de sequins &quot;Losange&quot;. Ces sequins scintillants en diff\u00e9rentes teintes apportent une touche sophistiqu\u00e9e et lumineuse \u00e0 vos manucures, parfaits pour un look glamour et tendance.\" \/>\n<meta property=\"og:url\" content=\"https:\/\/www.lpnnails.fr\/en\/product\/boite-de-sequins-losange\/\" \/>\n<meta property=\"og:site_name\" content=\"LPN Nails\" \/>\n<meta property=\"article:publisher\" content=\"https:\/\/www.facebook.com\/profile.php?id=61573655313488#\" \/>\n<meta property=\"article:modified_time\" content=\"2025-12-01T08:19:56+00:00\" \/>\n<meta property=\"og:image\" content=\"https:\/\/www.lpnnails.fr\/wp-content\/uploads\/2025\/04\/products-8907b2_860ebcda31904322859786425e07a708~mv2.png\" \/>\n\t<meta property=\"og:image:width\" content=\"1000\" \/>\n\t<meta property=\"og:image:height\" content=\"1000\" \/>\n\t<meta property=\"og:image:type\" content=\"image\/jpeg\" \/>\n<meta name=\"twitter:card\" content=\"summary_large_image\" \/>\n<meta name=\"twitter:label1\" content=\"Est. reading time\" \/>\n\t<meta name=\"twitter:data1\" content=\"1 minute\" \/>\n<script type=\"application\/ld+json\" class=\"yoast-schema-graph\">{\"@context\":\"https:\\\/\\\/schema.org\",\"@graph\":[{\"@type\":\"WebPage\",\"@id\":\"https:\\\/\\\/www.lpnnails.fr\\\/produit\\\/boite-de-sequins-losange\\\/\",\"url\":\"https:\\\/\\\/www.lpnnails.fr\\\/produit\\\/boite-de-sequins-losange\\\/\",\"name\":\"Bo\u00eete de sequins \\\"Losange\\\" - LPN Nails\",\"isPartOf\":{\"@id\":\"https:\\\/\\\/www.lpnnails.fr\\\/#website\"},\"primaryImageOfPage\":{\"@id\":\"https:\\\/\\\/www.lpnnails.fr\\\/produit\\\/boite-de-sequins-losange\\\/#primaryimage\"},\"image\":{\"@id\":\"https:\\\/\\\/www.lpnnails.fr\\\/produit\\\/boite-de-sequins-losange\\\/#primaryimage\"},\"thumbnailUrl\":\"https:\\\/\\\/www.lpnnails.fr\\\/wp-content\\\/uploads\\\/2025\\\/04\\\/products-8907b2_860ebcda31904322859786425e07a708~mv2.png\",\"datePublished\":\"2022-03-22T20:25:22+00:00\",\"dateModified\":\"2025-12-01T08:19:56+00:00\",\"description\":\"Ajoutez une brillance spectaculaire \u00e0 vos cr\u00e9ations ongulaires avec la bo\u00eete de sequins \\\"Losange\\\". Ces sequins scintillants en diff\u00e9rentes teintes apportent une touche sophistiqu\u00e9e et lumineuse \u00e0 vos manucures, parfaits pour un look glamour et tendance.\",\"breadcrumb\":{\"@id\":\"https:\\\/\\\/www.lpnnails.fr\\\/produit\\\/boite-de-sequins-losange\\\/#breadcrumb\"},\"inLanguage\":\"en-US\",\"potentialAction\":[{\"@type\":\"ReadAction\",\"target\":[\"https:\\\/\\\/www.lpnnails.fr\\\/produit\\\/boite-de-sequins-losange\\\/\"]}]},{\"@type\":\"ImageObject\",\"inLanguage\":\"en-US\",\"@id\":\"https:\\\/\\\/www.lpnnails.fr\\\/produit\\\/boite-de-sequins-losange\\\/#primaryimage\",\"url\":\"https:\\\/\\\/www.lpnnails.fr\\\/wp-content\\\/uploads\\\/2025\\\/04\\\/products-8907b2_860ebcda31904322859786425e07a708~mv2.png\",\"contentUrl\":\"https:\\\/\\\/www.lpnnails.fr\\\/wp-content\\\/uploads\\\/2025\\\/04\\\/products-8907b2_860ebcda31904322859786425e07a708~mv2.png\",\"width\":1000,\"height\":1000,\"caption\":\"Untitled design (6).png\"},{\"@type\":\"BreadcrumbList\",\"@id\":\"https:\\\/\\\/www.lpnnails.fr\\\/produit\\\/boite-de-sequins-losange\\\/#breadcrumb\",\"itemListElement\":[{\"@type\":\"ListItem\",\"position\":1,\"name\":\"Accueil\",\"item\":\"https:\\\/\\\/www.lpnnails.fr\\\/\"},{\"@type\":\"ListItem\",\"position\":2,\"name\":\"Boutique\",\"item\":\"https:\\\/\\\/www.lpnnails.fr\\\/boutique\\\/\"},{\"@type\":\"ListItem\",\"position\":3,\"name\":\"Bo\u00eete de sequins &#8220;Losange&#8221;\"}]},{\"@type\":\"WebSite\",\"@id\":\"https:\\\/\\\/www.lpnnails.fr\\\/#website\",\"url\":\"https:\\\/\\\/www.lpnnails.fr\\\/\",\"name\":\"LPN Nails\",\"description\":\"\",\"publisher\":{\"@id\":\"https:\\\/\\\/www.lpnnails.fr\\\/#organization\"},\"potentialAction\":[{\"@type\":\"SearchAction\",\"target\":{\"@type\":\"EntryPoint\",\"urlTemplate\":\"https:\\\/\\\/www.lpnnails.fr\\\/?s={search_term_string}\"},\"query-input\":{\"@type\":\"PropertyValueSpecification\",\"valueRequired\":true,\"valueName\":\"search_term_string\"}}],\"inLanguage\":\"en-US\"},{\"@type\":\"Organization\",\"@id\":\"https:\\\/\\\/www.lpnnails.fr\\\/#organization\",\"name\":\"LPN Nails\",\"url\":\"https:\\\/\\\/www.lpnnails.fr\\\/\",\"logo\":{\"@type\":\"ImageObject\",\"inLanguage\":\"en-US\",\"@id\":\"https:\\\/\\\/www.lpnnails.fr\\\/#\\\/schema\\\/logo\\\/image\\\/\",\"url\":\"https:\\\/\\\/www.lpnnails.fr\\\/wp-content\\\/uploads\\\/2025\\\/11\\\/Design-sans-titre-2.png\",\"contentUrl\":\"https:\\\/\\\/www.lpnnails.fr\\\/wp-content\\\/uploads\\\/2025\\\/11\\\/Design-sans-titre-2.png\",\"width\":512,\"height\":512,\"caption\":\"LPN Nails\"},\"image\":{\"@id\":\"https:\\\/\\\/www.lpnnails.fr\\\/#\\\/schema\\\/logo\\\/image\\\/\"},\"sameAs\":[\"https:\\\/\\\/www.facebook.com\\\/profile.php?id=61573655313488#\",\"https:\\\/\\\/www.instagram.com\\\/lpnnails\\\/\",\"https:\\\/\\\/www.linkedin.com\\\/company\\\/lpnnails\\\/\",\"https:\\\/\\\/www.youtube.com\\\/@LPNNails\\\/\"]}]}<\/script>\n<!-- \/ Yoast SEO plugin. -->","yoast_head_json":{"title":"Bo\u00eete de sequins \"Losange\" - LPN Nails","description":"Ajoutez une brillance spectaculaire \u00e0 vos cr\u00e9ations ongulaires avec la bo\u00eete de sequins \"Losange\". Ces sequins scintillants en diff\u00e9rentes teintes apportent une touche sophistiqu\u00e9e et lumineuse \u00e0 vos manucures, parfaits pour un look glamour et tendance.","robots":{"index":"index","follow":"follow","max-snippet":"max-snippet:-1","max-image-preview":"max-image-preview:large","max-video-preview":"max-video-preview:-1"},"canonical":"https:\/\/www.lpnnails.fr\/en\/product\/boite-de-sequins-losange\/","og_locale":"en_US","og_type":"article","og_title":"Bo\u00eete de sequins \"Losange\" - LPN Nails","og_description":"Ajoutez une brillance spectaculaire \u00e0 vos cr\u00e9ations ongulaires avec la bo\u00eete de sequins \"Losange\". Ces sequins scintillants en diff\u00e9rentes teintes apportent une touche sophistiqu\u00e9e et lumineuse \u00e0 vos manucures, parfaits pour un look glamour et tendance.","og_url":"https:\/\/www.lpnnails.fr\/en\/product\/boite-de-sequins-losange\/","og_site_name":"LPN Nails","article_publisher":"https:\/\/www.facebook.com\/profile.php?id=61573655313488#","article_modified_time":"2025-12-01T08:19:56+00:00","og_image":[{"width":1000,"height":1000,"url":"https:\/\/www.lpnnails.fr\/wp-content\/uploads\/2025\/04\/products-8907b2_860ebcda31904322859786425e07a708~mv2.png","type":"image\/jpeg"}],"twitter_card":"summary_large_image","twitter_misc":{"Est. reading time":"1 minute"},"schema":{"@context":"https:\/\/schema.org","@graph":[{"@type":"WebPage","@id":"https:\/\/www.lpnnails.fr\/produit\/boite-de-sequins-losange\/","url":"https:\/\/www.lpnnails.fr\/produit\/boite-de-sequins-losange\/","name":"Bo\u00eete de sequins \"Losange\" - LPN Nails","isPartOf":{"@id":"https:\/\/www.lpnnails.fr\/#website"},"primaryImageOfPage":{"@id":"https:\/\/www.lpnnails.fr\/produit\/boite-de-sequins-losange\/#primaryimage"},"image":{"@id":"https:\/\/www.lpnnails.fr\/produit\/boite-de-sequins-losange\/#primaryimage"},"thumbnailUrl":"https:\/\/www.lpnnails.fr\/wp-content\/uploads\/2025\/04\/products-8907b2_860ebcda31904322859786425e07a708~mv2.png","datePublished":"2022-03-22T20:25:22+00:00","dateModified":"2025-12-01T08:19:56+00:00","description":"Ajoutez une brillance spectaculaire \u00e0 vos cr\u00e9ations ongulaires avec la bo\u00eete de sequins \"Losange\". Ces sequins scintillants en diff\u00e9rentes teintes apportent une touche sophistiqu\u00e9e et lumineuse \u00e0 vos manucures, parfaits pour un look glamour et tendance.","breadcrumb":{"@id":"https:\/\/www.lpnnails.fr\/produit\/boite-de-sequins-losange\/#breadcrumb"},"inLanguage":"en-US","potentialAction":[{"@type":"ReadAction","target":["https:\/\/www.lpnnails.fr\/produit\/boite-de-sequins-losange\/"]}]},{"@type":"ImageObject","inLanguage":"en-US","@id":"https:\/\/www.lpnnails.fr\/produit\/boite-de-sequins-losange\/#primaryimage","url":"https:\/\/www.lpnnails.fr\/wp-content\/uploads\/2025\/04\/products-8907b2_860ebcda31904322859786425e07a708~mv2.png","contentUrl":"https:\/\/www.lpnnails.fr\/wp-content\/uploads\/2025\/04\/products-8907b2_860ebcda31904322859786425e07a708~mv2.png","width":1000,"height":1000,"caption":"Untitled design (6).png"},{"@type":"BreadcrumbList","@id":"https:\/\/www.lpnnails.fr\/produit\/boite-de-sequins-losange\/#breadcrumb","itemListElement":[{"@type":"ListItem","position":1,"name":"Accueil","item":"https:\/\/www.lpnnails.fr\/"},{"@type":"ListItem","position":2,"name":"Boutique","item":"https:\/\/www.lpnnails.fr\/boutique\/"},{"@type":"ListItem","position":3,"name":"Bo\u00eete de sequins &#8220;Losange&#8221;"}]},{"@type":"WebSite","@id":"https:\/\/www.lpnnails.fr\/#website","url":"https:\/\/www.lpnnails.fr\/","name":"LPN Nails","description":"","publisher":{"@id":"https:\/\/www.lpnnails.fr\/#organization"},"potentialAction":[{"@type":"SearchAction","target":{"@type":"EntryPoint","urlTemplate":"https:\/\/www.lpnnails.fr\/?s={search_term_string}"},"query-input":{"@type":"PropertyValueSpecification","valueRequired":true,"valueName":"search_term_string"}}],"inLanguage":"en-US"},{"@type":"Organization","@id":"https:\/\/www.lpnnails.fr\/#organization","name":"LPN Nails","url":"https:\/\/www.lpnnails.fr\/","logo":{"@type":"ImageObject","inLanguage":"en-US","@id":"https:\/\/www.lpnnails.fr\/#\/schema\/logo\/image\/","url":"https:\/\/www.lpnnails.fr\/wp-content\/uploads\/2025\/11\/Design-sans-titre-2.png","contentUrl":"https:\/\/www.lpnnails.fr\/wp-content\/uploads\/2025\/11\/Design-sans-titre-2.png","width":512,"height":512,"caption":"LPN Nails"},"image":{"@id":"https:\/\/www.lpnnails.fr\/#\/schema\/logo\/image\/"},"sameAs":["https:\/\/www.facebook.com\/profile.php?id=61573655313488#","https:\/\/www.instagram.com\/lpnnails\/","https:\/\/www.linkedin.com\/company\/lpnnails\/","https:\/\/www.youtube.com\/@LPNNails\/"]}]}},"uagb_featured_image_src":{"full":["https:\/\/www.lpnnails.fr\/wp-content\/uploads\/2025\/04\/products-8907b2_860ebcda31904322859786425e07a708~mv2.png",1000,1000,false],"thumbnail":["https:\/\/www.lpnnails.fr\/wp-content\/uploads\/2025\/04\/products-8907b2_860ebcda31904322859786425e07a708~mv2.png",150,150,true],"medium":["https:\/\/www.lpnnails.fr\/wp-content\/uploads\/2025\/04\/products-8907b2_860ebcda31904322859786425e07a708~mv2.png",300,214,true],"medium_large":["https:\/\/www.lpnnails.fr\/wp-content\/uploads\/2025\/04\/products-8907b2_860ebcda31904322859786425e07a708~mv2.png",768,768,false],"large":["https:\/\/www.lpnnails.fr\/wp-content\/uploads\/2025\/04\/products-8907b2_860ebcda31904322859786425e07a708~mv2.png",1000,1000,false],"1536x1536":["https:\/\/www.lpnnails.fr\/wp-content\/uploads\/2025\/04\/products-8907b2_860ebcda31904322859786425e07a708~mv2.png",1000,1000,false],"2048x2048":["https:\/\/www.lpnnails.fr\/wp-content\/uploads\/2025\/04\/products-8907b2_860ebcda31904322859786425e07a708~mv2.png",1000,1000,false],"trp-custom-language-flag":["https:\/\/www.lpnnails.fr\/wp-content\/uploads\/2025\/04\/products-8907b2_860ebcda31904322859786425e07a708~mv2.png",12,12,false],"mailpoet_newsletter_max":["https:\/\/www.lpnnails.fr\/wp-content\/uploads\/2025\/04\/products-8907b2_860ebcda31904322859786425e07a708~mv2.png",1000,1000,false],"woocommerce_thumbnail":["https:\/\/www.lpnnails.fr\/wp-content\/uploads\/2025\/04\/products-8907b2_860ebcda31904322859786425e07a708~mv2.png",300,300,false],"woocommerce_single":["https:\/\/www.lpnnails.fr\/wp-content\/uploads\/2025\/04\/products-8907b2_860ebcda31904322859786425e07a708~mv2.png",600,600,false],"woocommerce_gallery_thumbnail":["https:\/\/www.lpnnails.fr\/wp-content\/uploads\/2025\/04\/products-8907b2_860ebcda31904322859786425e07a708~mv2.png",100,100,false],"variation_swatches_image_size":["https:\/\/www.lpnnails.fr\/wp-content\/uploads\/2025\/04\/products-8907b2_860ebcda31904322859786425e07a708~mv2.png",50,50,false],"variation_swatches_tooltip_size":["https:\/\/www.lpnnails.fr\/wp-content\/uploads\/2025\/04\/products-8907b2_860ebcda31904322859786425e07a708~mv2.png",100,100,false]},"uagb_author_info":{"display_name":"LPN Nails","author_link":"https:\/\/www.lpnnails.fr\/en\/author\/"},"uagb_comment_info":0,"uagb_excerpt":"Ajoutez une brillance spectaculaire \u00e0 vos cr\u00e9ations ongulaires avec la bo\u00eete de sequins &#8220;Losange&#8221;. Ces sequins scintillants en diff\u00e9rentes teintes\u00a0apportent [&hellip;]","_links":{"self":[{"href":"https:\/\/www.lpnnails.fr\/en\/wp-json\/wp\/v2\/product\/2815","targetHints":{"allow":["GET"]}}],"collection":[{"href":"https:\/\/www.lpnnails.fr\/en\/wp-json\/wp\/v2\/product"}],"about":[{"href":"https:\/\/www.lpnnails.fr\/en\/wp-json\/wp\/v2\/types\/product"}],"replies":[{"embeddable":true,"href":"https:\/\/www.lpnnails.fr\/en\/wp-json\/wp\/v2\/comments?post=2815"}],"wp:featuredmedia":[{"embeddable":true,"href":"https:\/\/www.lpnnails.fr\/en\/wp-json\/wp\/v2\/media\/2816"}],"wp:attachment":[{"href":"https:\/\/www.lpnnails.fr\/en\/wp-json\/wp\/v2\/media?parent=2815"}],"wp:term":[{"taxonomy":"product_brand","embeddable":true,"href":"https:\/\/www.lpnnails.fr\/en\/wp-json\/wp\/v2\/product_brand?post=2815"},{"taxonomy":"product_cat","embeddable":true,"href":"https:\/\/www.lpnnails.fr\/en\/wp-json\/wp\/v2\/product_cat?post=2815"},{"taxonomy":"product_tag","embeddable":true,"href":"https:\/\/www.lpnnails.fr\/en\/wp-json\/wp\/v2\/product_tag?post=2815"}],"curies":[{"name":"wp","href":"https:\/\/api.w.org\/{rel}","templated":true}]}}