{"id":2728,"date":"2022-03-17T14:40:21","date_gmt":"2022-03-17T14:40:21","guid":{"rendered":"https:\/\/www.lpnnails.fr\/?post_type=product&#038;p=2728"},"modified":"2025-12-15T12:54:06","modified_gmt":"2025-12-15T11:54:06","slug":"boite-de-fleurs-sechees","status":"publish","type":"product","link":"https:\/\/www.lpnnails.fr\/en\/product\/boite-de-fleurs-sechees\/","title":{"rendered":"Boite de fleurs s\u00e9ch\u00e9es"},"content":{"rendered":"<p>Ajoutez une touche unique et sophistiqu\u00e9e \u00e0 vos manucures avec cette <strong>bo\u00eete de feuilles d\u00e9coratives<\/strong> multicolores. Id\u00e9ales pour des incrustations personnalis\u00e9es, ces feuilles permettent de cr\u00e9er des effets textur\u00e9s et lumineux sur vos ongles.<\/p>\n<p><strong>Features :<\/strong><\/p>\n<ul>\n<li><strong>12 compartiments color\u00e9s<\/strong> : Un large \u00e9ventail de teintes pour s\u2019adapter \u00e0 toutes vos envies cr\u00e9atives.<\/li>\n<li><strong>Mat\u00e9riau fin et d\u00e9licat<\/strong> : Facile \u00e0 d\u00e9couper en petits morceaux pour une application pr\u00e9cise.<\/li>\n<li><strong>Versatile<\/strong> : Compatible avec le gel, l\u2019acrylique ou le vernis classique.<\/li>\n<li><strong>Id\u00e9al \u00e0 combiner<\/strong> : Peut \u00eatre associ\u00e9 \u00e0 de fines paillettes pour un effet encore plus spectaculaire.<\/li>\n<\/ul>\n<p><strong>Use :<\/strong><\/p>\n<ul>\n<li>D\u00e9coupez les feuilles en petits morceaux selon la taille souhait\u00e9e.<\/li>\n<li>Appliquez-les sur une couche collante de gel ou de top coat.<\/li>\n<li>Ajoutez, si souhait\u00e9, des touches de paillettes fines pour un effet lumineux.<\/li>\n<li>Scellez avec un top coat pour garantir une finition durable.<\/li>\n<\/ul>\n<p>Cette bo\u00eete color\u00e9e est parfaite pour laisser libre cours \u00e0 votre imagination et personnaliser vos cr\u00e9ations ongulaires avec style. Transformez chaque pose en une \u0153uvre unique\u202f!<\/p>","protected":false},"excerpt":{"rendered":"<p>Ajoutez une touche unique et sophistiqu\u00e9e \u00e0 vos manucures avec cette bo\u00eete de feuilles d\u00e9coratives multicolores. Id\u00e9ales pour des incrustations [&hellip;]<\/p>\n","protected":false},"featured_media":2729,"comment_status":"open","ping_status":"closed","template":"","meta":{"_uag_custom_page_level_css":"","site-sidebar-layout":"default","site-content-layout":"","ast-site-content-layout":"default","site-content-style":"default","site-sidebar-style":"default","ast-global-header-display":"","ast-banner-title-visibility":"","ast-main-header-display":"","ast-hfb-above-header-display":"","ast-hfb-below-header-display":"","ast-hfb-mobile-header-display":"","site-post-title":"","ast-breadcrumbs-content":"","ast-featured-img":"","footer-sml-layout":"","ast-disable-related-posts":"","theme-transparent-header-meta":"default","adv-header-id-meta":"","stick-header-meta":"","header-above-stick-meta":"","header-main-stick-meta":"","header-below-stick-meta":"","astra-migrate-meta-layouts":"set","ast-page-background-enabled":"default","ast-page-background-meta":{"desktop":{"background-color":"var(--ast-global-color-4)","background-image":"","background-repeat":"repeat","background-position":"center center","background-size":"auto","background-attachment":"scroll","background-type":"","background-media":"","overlay-type":"","overlay-color":"","overlay-opacity":"","overlay-gradient":""},"tablet":{"background-color":"","background-image":"","background-repeat":"repeat","background-position":"center center","background-size":"auto","background-attachment":"scroll","background-type":"","background-media":"","overlay-type":"","overlay-color":"","overlay-opacity":"","overlay-gradient":""},"mobile":{"background-color":"","background-image":"","background-repeat":"repeat","background-position":"center center","background-size":"auto","background-attachment":"scroll","background-type":"","background-media":"","overlay-type":"","overlay-color":"","overlay-opacity":"","overlay-gradient":""}},"ast-content-background-meta":{"desktop":{"background-color":"var(--ast-global-color-5)","background-image":"","background-repeat":"repeat","background-position":"center center","background-size":"auto","background-attachment":"scroll","background-type":"","background-media":"","overlay-type":"","overlay-color":"","overlay-opacity":"","overlay-gradient":""},"tablet":{"background-color":"var(--ast-global-color-5)","background-image":"","background-repeat":"repeat","background-position":"center center","background-size":"auto","background-attachment":"scroll","background-type":"","background-media":"","overlay-type":"","overlay-color":"","overlay-opacity":"","overlay-gradient":""},"mobile":{"background-color":"var(--ast-global-color-5)","background-image":"","background-repeat":"repeat","background-position":"center center","background-size":"auto","background-attachment":"scroll","background-type":"","background-media":"","overlay-type":"","overlay-color":"","overlay-opacity":"","overlay-gradient":""}}},"product_brand":[],"product_cat":[219,199],"product_tag":[],"class_list":{"0":"post-2728","1":"product","2":"type-product","3":"status-publish","4":"has-post-thumbnail","6":"product_cat-fleurs","7":"product_cat-tous-les-produits","8":"desktop-align-left","9":"tablet-align-left","10":"mobile-align-left","12":"first","13":"instock","14":"purchasable","15":"product-type-simple"},"yoast_head":"<!-- This site is optimized with the Yoast SEO plugin v27.3 - https:\/\/yoast.com\/product\/yoast-seo-wordpress\/ -->\n<title>Boite de fleurs s\u00e9ch\u00e9es - LPN Nails<\/title>\n<meta name=\"description\" content=\"Ajoutez une touche unique et sophistiqu\u00e9e \u00e0 vos manucures avec cette bo\u00eete de feuilles d\u00e9coratives multicolores. Id\u00e9ales pour des incrustations personnalis\u00e9es, ces feuilles permettent de cr\u00e9er des effets textur\u00e9s et lumineux sur vos ongles.\" \/>\n<meta name=\"robots\" content=\"index, follow, max-snippet:-1, max-image-preview:large, max-video-preview:-1\" \/>\n<link rel=\"canonical\" href=\"https:\/\/www.lpnnails.fr\/en\/product\/boite-de-fleurs-sechees\/\" \/>\n<meta property=\"og:locale\" content=\"en_US\" \/>\n<meta property=\"og:type\" content=\"article\" \/>\n<meta property=\"og:title\" content=\"Boite de fleurs s\u00e9ch\u00e9es - LPN Nails\" \/>\n<meta property=\"og:description\" content=\"Ajoutez une touche unique et sophistiqu\u00e9e \u00e0 vos manucures avec cette bo\u00eete de feuilles d\u00e9coratives multicolores. Id\u00e9ales pour des incrustations personnalis\u00e9es, ces feuilles permettent de cr\u00e9er des effets textur\u00e9s et lumineux sur vos ongles.\" \/>\n<meta property=\"og:url\" content=\"https:\/\/www.lpnnails.fr\/en\/product\/boite-de-fleurs-sechees\/\" \/>\n<meta property=\"og:site_name\" content=\"LPN Nails\" \/>\n<meta property=\"article:publisher\" content=\"https:\/\/www.facebook.com\/profile.php?id=61573655313488#\" \/>\n<meta property=\"article:modified_time\" content=\"2025-12-15T11:54:06+00:00\" \/>\n<meta property=\"og:image\" content=\"https:\/\/www.lpnnails.fr\/wp-content\/uploads\/2025\/04\/products-8907b2_83756f3a5c134edba0b753c7f3c0838f~mv2.png\" \/>\n\t<meta property=\"og:image:width\" content=\"1000\" \/>\n\t<meta property=\"og:image:height\" content=\"1000\" \/>\n\t<meta property=\"og:image:type\" content=\"image\/jpeg\" \/>\n<meta name=\"twitter:card\" content=\"summary_large_image\" \/>\n<meta name=\"twitter:label1\" content=\"Est. reading time\" \/>\n\t<meta name=\"twitter:data1\" content=\"1 minute\" \/>\n<script type=\"application\/ld+json\" class=\"yoast-schema-graph\">{\"@context\":\"https:\\\/\\\/schema.org\",\"@graph\":[{\"@type\":\"WebPage\",\"@id\":\"https:\\\/\\\/www.lpnnails.fr\\\/produit\\\/boite-de-fleurs-sechees\\\/\",\"url\":\"https:\\\/\\\/www.lpnnails.fr\\\/produit\\\/boite-de-fleurs-sechees\\\/\",\"name\":\"Boite de fleurs s\u00e9ch\u00e9es - LPN Nails\",\"isPartOf\":{\"@id\":\"https:\\\/\\\/www.lpnnails.fr\\\/#website\"},\"primaryImageOfPage\":{\"@id\":\"https:\\\/\\\/www.lpnnails.fr\\\/produit\\\/boite-de-fleurs-sechees\\\/#primaryimage\"},\"image\":{\"@id\":\"https:\\\/\\\/www.lpnnails.fr\\\/produit\\\/boite-de-fleurs-sechees\\\/#primaryimage\"},\"thumbnailUrl\":\"https:\\\/\\\/www.lpnnails.fr\\\/wp-content\\\/uploads\\\/2025\\\/04\\\/products-8907b2_83756f3a5c134edba0b753c7f3c0838f~mv2.png\",\"datePublished\":\"2022-03-17T14:40:21+00:00\",\"dateModified\":\"2025-12-15T11:54:06+00:00\",\"description\":\"Ajoutez une touche unique et sophistiqu\u00e9e \u00e0 vos manucures avec cette bo\u00eete de feuilles d\u00e9coratives multicolores. Id\u00e9ales pour des incrustations personnalis\u00e9es, ces feuilles permettent de cr\u00e9er des effets textur\u00e9s et lumineux sur vos ongles.\",\"breadcrumb\":{\"@id\":\"https:\\\/\\\/www.lpnnails.fr\\\/produit\\\/boite-de-fleurs-sechees\\\/#breadcrumb\"},\"inLanguage\":\"en-US\",\"potentialAction\":[{\"@type\":\"ReadAction\",\"target\":[\"https:\\\/\\\/www.lpnnails.fr\\\/produit\\\/boite-de-fleurs-sechees\\\/\"]}]},{\"@type\":\"ImageObject\",\"inLanguage\":\"en-US\",\"@id\":\"https:\\\/\\\/www.lpnnails.fr\\\/produit\\\/boite-de-fleurs-sechees\\\/#primaryimage\",\"url\":\"https:\\\/\\\/www.lpnnails.fr\\\/wp-content\\\/uploads\\\/2025\\\/04\\\/products-8907b2_83756f3a5c134edba0b753c7f3c0838f~mv2.png\",\"contentUrl\":\"https:\\\/\\\/www.lpnnails.fr\\\/wp-content\\\/uploads\\\/2025\\\/04\\\/products-8907b2_83756f3a5c134edba0b753c7f3c0838f~mv2.png\",\"width\":1000,\"height\":1000,\"caption\":\"5.png\"},{\"@type\":\"BreadcrumbList\",\"@id\":\"https:\\\/\\\/www.lpnnails.fr\\\/produit\\\/boite-de-fleurs-sechees\\\/#breadcrumb\",\"itemListElement\":[{\"@type\":\"ListItem\",\"position\":1,\"name\":\"Accueil\",\"item\":\"https:\\\/\\\/www.lpnnails.fr\\\/\"},{\"@type\":\"ListItem\",\"position\":2,\"name\":\"Boutique\",\"item\":\"https:\\\/\\\/www.lpnnails.fr\\\/boutique\\\/\"},{\"@type\":\"ListItem\",\"position\":3,\"name\":\"Boite de fleurs s\u00e9ch\u00e9es\"}]},{\"@type\":\"WebSite\",\"@id\":\"https:\\\/\\\/www.lpnnails.fr\\\/#website\",\"url\":\"https:\\\/\\\/www.lpnnails.fr\\\/\",\"name\":\"LPN Nails\",\"description\":\"\",\"publisher\":{\"@id\":\"https:\\\/\\\/www.lpnnails.fr\\\/#organization\"},\"potentialAction\":[{\"@type\":\"SearchAction\",\"target\":{\"@type\":\"EntryPoint\",\"urlTemplate\":\"https:\\\/\\\/www.lpnnails.fr\\\/?s={search_term_string}\"},\"query-input\":{\"@type\":\"PropertyValueSpecification\",\"valueRequired\":true,\"valueName\":\"search_term_string\"}}],\"inLanguage\":\"en-US\"},{\"@type\":\"Organization\",\"@id\":\"https:\\\/\\\/www.lpnnails.fr\\\/#organization\",\"name\":\"LPN Nails\",\"url\":\"https:\\\/\\\/www.lpnnails.fr\\\/\",\"logo\":{\"@type\":\"ImageObject\",\"inLanguage\":\"en-US\",\"@id\":\"https:\\\/\\\/www.lpnnails.fr\\\/#\\\/schema\\\/logo\\\/image\\\/\",\"url\":\"https:\\\/\\\/www.lpnnails.fr\\\/wp-content\\\/uploads\\\/2025\\\/11\\\/Design-sans-titre-2.png\",\"contentUrl\":\"https:\\\/\\\/www.lpnnails.fr\\\/wp-content\\\/uploads\\\/2025\\\/11\\\/Design-sans-titre-2.png\",\"width\":512,\"height\":512,\"caption\":\"LPN Nails\"},\"image\":{\"@id\":\"https:\\\/\\\/www.lpnnails.fr\\\/#\\\/schema\\\/logo\\\/image\\\/\"},\"sameAs\":[\"https:\\\/\\\/www.facebook.com\\\/profile.php?id=61573655313488#\",\"https:\\\/\\\/www.instagram.com\\\/lpnnails\\\/\",\"https:\\\/\\\/www.linkedin.com\\\/company\\\/lpnnails\\\/\",\"https:\\\/\\\/www.youtube.com\\\/@LPNNails\\\/\"]}]}<\/script>\n<!-- \/ Yoast SEO plugin. -->","yoast_head_json":{"title":"Boite de fleurs s\u00e9ch\u00e9es - LPN Nails","description":"Ajoutez une touche unique et sophistiqu\u00e9e \u00e0 vos manucures avec cette bo\u00eete de feuilles d\u00e9coratives multicolores. Id\u00e9ales pour des incrustations personnalis\u00e9es, ces feuilles permettent de cr\u00e9er des effets textur\u00e9s et lumineux sur vos ongles.","robots":{"index":"index","follow":"follow","max-snippet":"max-snippet:-1","max-image-preview":"max-image-preview:large","max-video-preview":"max-video-preview:-1"},"canonical":"https:\/\/www.lpnnails.fr\/en\/product\/boite-de-fleurs-sechees\/","og_locale":"en_US","og_type":"article","og_title":"Boite de fleurs s\u00e9ch\u00e9es - LPN Nails","og_description":"Ajoutez une touche unique et sophistiqu\u00e9e \u00e0 vos manucures avec cette bo\u00eete de feuilles d\u00e9coratives multicolores. Id\u00e9ales pour des incrustations personnalis\u00e9es, ces feuilles permettent de cr\u00e9er des effets textur\u00e9s et lumineux sur vos ongles.","og_url":"https:\/\/www.lpnnails.fr\/en\/product\/boite-de-fleurs-sechees\/","og_site_name":"LPN Nails","article_publisher":"https:\/\/www.facebook.com\/profile.php?id=61573655313488#","article_modified_time":"2025-12-15T11:54:06+00:00","og_image":[{"width":1000,"height":1000,"url":"https:\/\/www.lpnnails.fr\/wp-content\/uploads\/2025\/04\/products-8907b2_83756f3a5c134edba0b753c7f3c0838f~mv2.png","type":"image\/jpeg"}],"twitter_card":"summary_large_image","twitter_misc":{"Est. reading time":"1 minute"},"schema":{"@context":"https:\/\/schema.org","@graph":[{"@type":"WebPage","@id":"https:\/\/www.lpnnails.fr\/produit\/boite-de-fleurs-sechees\/","url":"https:\/\/www.lpnnails.fr\/produit\/boite-de-fleurs-sechees\/","name":"Boite de fleurs s\u00e9ch\u00e9es - LPN Nails","isPartOf":{"@id":"https:\/\/www.lpnnails.fr\/#website"},"primaryImageOfPage":{"@id":"https:\/\/www.lpnnails.fr\/produit\/boite-de-fleurs-sechees\/#primaryimage"},"image":{"@id":"https:\/\/www.lpnnails.fr\/produit\/boite-de-fleurs-sechees\/#primaryimage"},"thumbnailUrl":"https:\/\/www.lpnnails.fr\/wp-content\/uploads\/2025\/04\/products-8907b2_83756f3a5c134edba0b753c7f3c0838f~mv2.png","datePublished":"2022-03-17T14:40:21+00:00","dateModified":"2025-12-15T11:54:06+00:00","description":"Ajoutez une touche unique et sophistiqu\u00e9e \u00e0 vos manucures avec cette bo\u00eete de feuilles d\u00e9coratives multicolores. Id\u00e9ales pour des incrustations personnalis\u00e9es, ces feuilles permettent de cr\u00e9er des effets textur\u00e9s et lumineux sur vos ongles.","breadcrumb":{"@id":"https:\/\/www.lpnnails.fr\/produit\/boite-de-fleurs-sechees\/#breadcrumb"},"inLanguage":"en-US","potentialAction":[{"@type":"ReadAction","target":["https:\/\/www.lpnnails.fr\/produit\/boite-de-fleurs-sechees\/"]}]},{"@type":"ImageObject","inLanguage":"en-US","@id":"https:\/\/www.lpnnails.fr\/produit\/boite-de-fleurs-sechees\/#primaryimage","url":"https:\/\/www.lpnnails.fr\/wp-content\/uploads\/2025\/04\/products-8907b2_83756f3a5c134edba0b753c7f3c0838f~mv2.png","contentUrl":"https:\/\/www.lpnnails.fr\/wp-content\/uploads\/2025\/04\/products-8907b2_83756f3a5c134edba0b753c7f3c0838f~mv2.png","width":1000,"height":1000,"caption":"5.png"},{"@type":"BreadcrumbList","@id":"https:\/\/www.lpnnails.fr\/produit\/boite-de-fleurs-sechees\/#breadcrumb","itemListElement":[{"@type":"ListItem","position":1,"name":"Accueil","item":"https:\/\/www.lpnnails.fr\/"},{"@type":"ListItem","position":2,"name":"Boutique","item":"https:\/\/www.lpnnails.fr\/boutique\/"},{"@type":"ListItem","position":3,"name":"Boite de fleurs s\u00e9ch\u00e9es"}]},{"@type":"WebSite","@id":"https:\/\/www.lpnnails.fr\/#website","url":"https:\/\/www.lpnnails.fr\/","name":"LPN Nails","description":"","publisher":{"@id":"https:\/\/www.lpnnails.fr\/#organization"},"potentialAction":[{"@type":"SearchAction","target":{"@type":"EntryPoint","urlTemplate":"https:\/\/www.lpnnails.fr\/?s={search_term_string}"},"query-input":{"@type":"PropertyValueSpecification","valueRequired":true,"valueName":"search_term_string"}}],"inLanguage":"en-US"},{"@type":"Organization","@id":"https:\/\/www.lpnnails.fr\/#organization","name":"LPN Nails","url":"https:\/\/www.lpnnails.fr\/","logo":{"@type":"ImageObject","inLanguage":"en-US","@id":"https:\/\/www.lpnnails.fr\/#\/schema\/logo\/image\/","url":"https:\/\/www.lpnnails.fr\/wp-content\/uploads\/2025\/11\/Design-sans-titre-2.png","contentUrl":"https:\/\/www.lpnnails.fr\/wp-content\/uploads\/2025\/11\/Design-sans-titre-2.png","width":512,"height":512,"caption":"LPN Nails"},"image":{"@id":"https:\/\/www.lpnnails.fr\/#\/schema\/logo\/image\/"},"sameAs":["https:\/\/www.facebook.com\/profile.php?id=61573655313488#","https:\/\/www.instagram.com\/lpnnails\/","https:\/\/www.linkedin.com\/company\/lpnnails\/","https:\/\/www.youtube.com\/@LPNNails\/"]}]}},"uagb_featured_image_src":{"full":["https:\/\/www.lpnnails.fr\/wp-content\/uploads\/2025\/04\/products-8907b2_83756f3a5c134edba0b753c7f3c0838f~mv2.png",1000,1000,false],"thumbnail":["https:\/\/www.lpnnails.fr\/wp-content\/uploads\/2025\/04\/products-8907b2_83756f3a5c134edba0b753c7f3c0838f~mv2.png",150,150,true],"medium":["https:\/\/www.lpnnails.fr\/wp-content\/uploads\/2025\/04\/products-8907b2_83756f3a5c134edba0b753c7f3c0838f~mv2.png",300,214,true],"medium_large":["https:\/\/www.lpnnails.fr\/wp-content\/uploads\/2025\/04\/products-8907b2_83756f3a5c134edba0b753c7f3c0838f~mv2.png",768,768,false],"large":["https:\/\/www.lpnnails.fr\/wp-content\/uploads\/2025\/04\/products-8907b2_83756f3a5c134edba0b753c7f3c0838f~mv2.png",1000,1000,false],"1536x1536":["https:\/\/www.lpnnails.fr\/wp-content\/uploads\/2025\/04\/products-8907b2_83756f3a5c134edba0b753c7f3c0838f~mv2.png",1000,1000,false],"2048x2048":["https:\/\/www.lpnnails.fr\/wp-content\/uploads\/2025\/04\/products-8907b2_83756f3a5c134edba0b753c7f3c0838f~mv2.png",1000,1000,false],"trp-custom-language-flag":["https:\/\/www.lpnnails.fr\/wp-content\/uploads\/2025\/04\/products-8907b2_83756f3a5c134edba0b753c7f3c0838f~mv2.png",12,12,false],"mailpoet_newsletter_max":["https:\/\/www.lpnnails.fr\/wp-content\/uploads\/2025\/04\/products-8907b2_83756f3a5c134edba0b753c7f3c0838f~mv2.png",1000,1000,false],"woocommerce_thumbnail":["https:\/\/www.lpnnails.fr\/wp-content\/uploads\/2025\/04\/products-8907b2_83756f3a5c134edba0b753c7f3c0838f~mv2.png",300,300,false],"woocommerce_single":["https:\/\/www.lpnnails.fr\/wp-content\/uploads\/2025\/04\/products-8907b2_83756f3a5c134edba0b753c7f3c0838f~mv2.png",600,600,false],"woocommerce_gallery_thumbnail":["https:\/\/www.lpnnails.fr\/wp-content\/uploads\/2025\/04\/products-8907b2_83756f3a5c134edba0b753c7f3c0838f~mv2.png",100,100,false],"variation_swatches_image_size":["https:\/\/www.lpnnails.fr\/wp-content\/uploads\/2025\/04\/products-8907b2_83756f3a5c134edba0b753c7f3c0838f~mv2.png",50,50,false],"variation_swatches_tooltip_size":["https:\/\/www.lpnnails.fr\/wp-content\/uploads\/2025\/04\/products-8907b2_83756f3a5c134edba0b753c7f3c0838f~mv2.png",100,100,false]},"uagb_author_info":{"display_name":"LPN Nails","author_link":"https:\/\/www.lpnnails.fr\/en\/author\/"},"uagb_comment_info":0,"uagb_excerpt":"Ajoutez une touche unique et sophistiqu\u00e9e \u00e0 vos manucures avec cette bo\u00eete de feuilles d\u00e9coratives multicolores. Id\u00e9ales pour des incrustations [&hellip;]","_links":{"self":[{"href":"https:\/\/www.lpnnails.fr\/en\/wp-json\/wp\/v2\/product\/2728","targetHints":{"allow":["GET"]}}],"collection":[{"href":"https:\/\/www.lpnnails.fr\/en\/wp-json\/wp\/v2\/product"}],"about":[{"href":"https:\/\/www.lpnnails.fr\/en\/wp-json\/wp\/v2\/types\/product"}],"replies":[{"embeddable":true,"href":"https:\/\/www.lpnnails.fr\/en\/wp-json\/wp\/v2\/comments?post=2728"}],"wp:featuredmedia":[{"embeddable":true,"href":"https:\/\/www.lpnnails.fr\/en\/wp-json\/wp\/v2\/media\/2729"}],"wp:attachment":[{"href":"https:\/\/www.lpnnails.fr\/en\/wp-json\/wp\/v2\/media?parent=2728"}],"wp:term":[{"taxonomy":"product_brand","embeddable":true,"href":"https:\/\/www.lpnnails.fr\/en\/wp-json\/wp\/v2\/product_brand?post=2728"},{"taxonomy":"product_cat","embeddable":true,"href":"https:\/\/www.lpnnails.fr\/en\/wp-json\/wp\/v2\/product_cat?post=2728"},{"taxonomy":"product_tag","embeddable":true,"href":"https:\/\/www.lpnnails.fr\/en\/wp-json\/wp\/v2\/product_tag?post=2728"}],"curies":[{"name":"wp","href":"https:\/\/api.w.org\/{rel}","templated":true}]}}