{"id":2700,"date":"2022-03-15T22:09:40","date_gmt":"2022-03-15T22:09:40","guid":{"rendered":"https:\/\/www.lpnnails.fr\/?post_type=product&#038;p=2700"},"modified":"2025-12-01T09:19:21","modified_gmt":"2025-12-01T08:19:21","slug":"feuilles-coquillage","status":"publish","type":"product","link":"https:\/\/www.lpnnails.fr\/en\/product\/feuilles-coquillage\/","title":{"rendered":"Feuille coquillage"},"content":{"rendered":"<p>Sublimez vos cr\u00e9ations ongulaires avec ces<strong>\u00a0feuilles effet coquillage de mer<\/strong>, parfaites pour des incrustations \u00e9l\u00e9gantes et uniques. Leur design nacr\u00e9 et textur\u00e9 apporte une touche marine et sophistiqu\u00e9e \u00e0 vos manucures.<\/p>\n<p><strong>Features :<\/strong><\/p>\n<ul>\n<li><strong>Effet coquillage nacr\u00e9<\/strong> : Variations de couleurs et motifs rappelant les coquillages naturels.<\/li>\n<li><strong>Vendues \u00e0 l&#8217;unit\u00e9<\/strong> : Diff\u00e9rents designs pour diversifier vos cr\u00e9ations.<\/li>\n<li><strong>Facile \u00e0 d\u00e9couper<\/strong> : Peut \u00eatre d\u00e9coup\u00e9 en tr\u00e8s petits morceaux pour s\u2019adapter parfaitement \u00e0 l\u2019ongle.<\/li>\n<li><strong>Versatile<\/strong> : Compatible avec le gel, l\u2019acrylique ou le vernis classique.<\/li>\n<\/ul>\n<p><strong>Use :<\/strong><\/p>\n<ul>\n<li>D\u00e9coupez les feuilles en petits morceaux selon la taille et la forme souhait\u00e9es.<\/li>\n<li>Appliquez-les sur l\u2019ongle pr\u00e9par\u00e9 avec une couche de gel ou de top coat encore collante.<\/li>\n<li>Scellez avec une couche de finition pour une tenue longue dur\u00e9e.<\/li>\n<\/ul>\n<p>Id\u00e9ales pour des incrustations \u00e9l\u00e9gantes et originales, ces feuilles coquillage apporteront une touche d\u2019exclusivit\u00e9 \u00e0 vos manucures. Ajoutez-les \u00e0 votre collection pour des cr\u00e9ations spectaculaires\u202f!<\/p>","protected":false},"excerpt":{"rendered":"<p>Sublimez vos cr\u00e9ations ongulaires avec ces\u00a0feuilles effet coquillage de mer, parfaites pour des incrustations \u00e9l\u00e9gantes et uniques. Leur design nacr\u00e9 [&hellip;]<\/p>\n","protected":false},"featured_media":2707,"comment_status":"open","ping_status":"closed","template":"","meta":{"_uag_custom_page_level_css":"","site-sidebar-layout":"default","site-content-layout":"","ast-site-content-layout":"default","site-content-style":"default","site-sidebar-style":"default","ast-global-header-display":"","ast-banner-title-visibility":"","ast-main-header-display":"","ast-hfb-above-header-display":"","ast-hfb-below-header-display":"","ast-hfb-mobile-header-display":"","site-post-title":"","ast-breadcrumbs-content":"","ast-featured-img":"","footer-sml-layout":"","ast-disable-related-posts":"","theme-transparent-header-meta":"default","adv-header-id-meta":"","stick-header-meta":"","header-above-stick-meta":"","header-main-stick-meta":"","header-below-stick-meta":"","astra-migrate-meta-layouts":"set","ast-page-background-enabled":"default","ast-page-background-meta":{"desktop":{"background-color":"var(--ast-global-color-4)","background-image":"","background-repeat":"repeat","background-position":"center center","background-size":"auto","background-attachment":"scroll","background-type":"","background-media":"","overlay-type":"","overlay-color":"","overlay-opacity":"","overlay-gradient":""},"tablet":{"background-color":"","background-image":"","background-repeat":"repeat","background-position":"center center","background-size":"auto","background-attachment":"scroll","background-type":"","background-media":"","overlay-type":"","overlay-color":"","overlay-opacity":"","overlay-gradient":""},"mobile":{"background-color":"","background-image":"","background-repeat":"repeat","background-position":"center center","background-size":"auto","background-attachment":"scroll","background-type":"","background-media":"","overlay-type":"","overlay-color":"","overlay-opacity":"","overlay-gradient":""}},"ast-content-background-meta":{"desktop":{"background-color":"var(--ast-global-color-5)","background-image":"","background-repeat":"repeat","background-position":"center center","background-size":"auto","background-attachment":"scroll","background-type":"","background-media":"","overlay-type":"","overlay-color":"","overlay-opacity":"","overlay-gradient":""},"tablet":{"background-color":"var(--ast-global-color-5)","background-image":"","background-repeat":"repeat","background-position":"center center","background-size":"auto","background-attachment":"scroll","background-type":"","background-media":"","overlay-type":"","overlay-color":"","overlay-opacity":"","overlay-gradient":""},"mobile":{"background-color":"var(--ast-global-color-5)","background-image":"","background-repeat":"repeat","background-position":"center center","background-size":"auto","background-attachment":"scroll","background-type":"","background-media":"","overlay-type":"","overlay-color":"","overlay-opacity":"","overlay-gradient":""}}},"product_brand":[254],"product_cat":[208,199],"product_tag":[],"class_list":{"0":"post-2700","1":"product","2":"type-product","3":"status-publish","4":"has-post-thumbnail","6":"product_brand-lpnnails","7":"product_cat-coquillages","8":"product_cat-tous-les-produits","9":"pa_numero-n-1","10":"pa_numero-n-2","11":"pa_numero-n-3","12":"pa_numero-n-4","13":"pa_numero-n-5","14":"pa_numero-n-6","15":"desktop-align-left","16":"tablet-align-left","17":"mobile-align-left","19":"first","20":"instock","21":"purchasable","22":"product-type-variable","23":"wvs-archive-product-wrapper"},"yoast_head":"<!-- This site is optimized with the Yoast SEO plugin v27.3 - https:\/\/yoast.com\/product\/yoast-seo-wordpress\/ -->\n<title>Feuille coquillage - LPN Nails<\/title>\n<meta name=\"description\" content=\"Sublimez vos cr\u00e9ations ongulaires avec ces feuilles effet coquillage de mer, parfaites pour des incrustations \u00e9l\u00e9gantes et uniques. Leur design nacr\u00e9 et textur\u00e9 apporte une touche marine et sophistiqu\u00e9e \u00e0 vos manucures.\" \/>\n<meta name=\"robots\" content=\"index, follow, max-snippet:-1, max-image-preview:large, max-video-preview:-1\" \/>\n<link rel=\"canonical\" href=\"https:\/\/www.lpnnails.fr\/en\/product\/feuilles-coquillage\/\" \/>\n<meta property=\"og:locale\" content=\"en_US\" \/>\n<meta property=\"og:type\" content=\"article\" \/>\n<meta property=\"og:title\" content=\"Feuille coquillage - LPN Nails\" \/>\n<meta property=\"og:description\" content=\"Sublimez vos cr\u00e9ations ongulaires avec ces feuilles effet coquillage de mer, parfaites pour des incrustations \u00e9l\u00e9gantes et uniques. Leur design nacr\u00e9 et textur\u00e9 apporte une touche marine et sophistiqu\u00e9e \u00e0 vos manucures.\" \/>\n<meta property=\"og:url\" content=\"https:\/\/www.lpnnails.fr\/en\/product\/feuilles-coquillage\/\" \/>\n<meta property=\"og:site_name\" content=\"LPN Nails\" \/>\n<meta property=\"article:publisher\" content=\"https:\/\/www.facebook.com\/profile.php?id=61573655313488#\" \/>\n<meta property=\"article:modified_time\" content=\"2025-12-01T08:19:21+00:00\" \/>\n<meta property=\"og:image\" content=\"https:\/\/www.lpnnails.fr\/wp-content\/uploads\/2025\/04\/products-8907b2_75c735f322f54ece928ced178eba2b5c~mv2.png\" \/>\n\t<meta property=\"og:image:width\" content=\"1000\" \/>\n\t<meta property=\"og:image:height\" content=\"1000\" \/>\n\t<meta property=\"og:image:type\" content=\"image\/jpeg\" \/>\n<meta name=\"twitter:card\" content=\"summary_large_image\" \/>\n<meta name=\"twitter:label1\" content=\"Est. reading time\" \/>\n\t<meta name=\"twitter:data1\" content=\"1 minute\" \/>\n<script type=\"application\/ld+json\" class=\"yoast-schema-graph\">{\"@context\":\"https:\\\/\\\/schema.org\",\"@graph\":[{\"@type\":\"WebPage\",\"@id\":\"https:\\\/\\\/www.lpnnails.fr\\\/produit\\\/feuilles-coquillage\\\/\",\"url\":\"https:\\\/\\\/www.lpnnails.fr\\\/produit\\\/feuilles-coquillage\\\/\",\"name\":\"Feuille coquillage - LPN Nails\",\"isPartOf\":{\"@id\":\"https:\\\/\\\/www.lpnnails.fr\\\/#website\"},\"primaryImageOfPage\":{\"@id\":\"https:\\\/\\\/www.lpnnails.fr\\\/produit\\\/feuilles-coquillage\\\/#primaryimage\"},\"image\":{\"@id\":\"https:\\\/\\\/www.lpnnails.fr\\\/produit\\\/feuilles-coquillage\\\/#primaryimage\"},\"thumbnailUrl\":\"https:\\\/\\\/www.lpnnails.fr\\\/wp-content\\\/uploads\\\/2025\\\/04\\\/products-8907b2_75c735f322f54ece928ced178eba2b5c~mv2.png\",\"datePublished\":\"2022-03-15T22:09:40+00:00\",\"dateModified\":\"2025-12-01T08:19:21+00:00\",\"description\":\"Sublimez vos cr\u00e9ations ongulaires avec ces feuilles effet coquillage de mer, parfaites pour des incrustations \u00e9l\u00e9gantes et uniques. Leur design nacr\u00e9 et textur\u00e9 apporte une touche marine et sophistiqu\u00e9e \u00e0 vos manucures.\",\"breadcrumb\":{\"@id\":\"https:\\\/\\\/www.lpnnails.fr\\\/produit\\\/feuilles-coquillage\\\/#breadcrumb\"},\"inLanguage\":\"en-US\",\"potentialAction\":[{\"@type\":\"ReadAction\",\"target\":[\"https:\\\/\\\/www.lpnnails.fr\\\/produit\\\/feuilles-coquillage\\\/\"]}]},{\"@type\":\"ImageObject\",\"inLanguage\":\"en-US\",\"@id\":\"https:\\\/\\\/www.lpnnails.fr\\\/produit\\\/feuilles-coquillage\\\/#primaryimage\",\"url\":\"https:\\\/\\\/www.lpnnails.fr\\\/wp-content\\\/uploads\\\/2025\\\/04\\\/products-8907b2_75c735f322f54ece928ced178eba2b5c~mv2.png\",\"contentUrl\":\"https:\\\/\\\/www.lpnnails.fr\\\/wp-content\\\/uploads\\\/2025\\\/04\\\/products-8907b2_75c735f322f54ece928ced178eba2b5c~mv2.png\",\"width\":1000,\"height\":1000,\"caption\":\"FEUILLE COQUILLAGE 1\"},{\"@type\":\"BreadcrumbList\",\"@id\":\"https:\\\/\\\/www.lpnnails.fr\\\/produit\\\/feuilles-coquillage\\\/#breadcrumb\",\"itemListElement\":[{\"@type\":\"ListItem\",\"position\":1,\"name\":\"Accueil\",\"item\":\"https:\\\/\\\/www.lpnnails.fr\\\/\"},{\"@type\":\"ListItem\",\"position\":2,\"name\":\"Boutique\",\"item\":\"https:\\\/\\\/www.lpnnails.fr\\\/boutique\\\/\"},{\"@type\":\"ListItem\",\"position\":3,\"name\":\"Feuille coquillage\"}]},{\"@type\":\"WebSite\",\"@id\":\"https:\\\/\\\/www.lpnnails.fr\\\/#website\",\"url\":\"https:\\\/\\\/www.lpnnails.fr\\\/\",\"name\":\"LPN Nails\",\"description\":\"\",\"publisher\":{\"@id\":\"https:\\\/\\\/www.lpnnails.fr\\\/#organization\"},\"potentialAction\":[{\"@type\":\"SearchAction\",\"target\":{\"@type\":\"EntryPoint\",\"urlTemplate\":\"https:\\\/\\\/www.lpnnails.fr\\\/?s={search_term_string}\"},\"query-input\":{\"@type\":\"PropertyValueSpecification\",\"valueRequired\":true,\"valueName\":\"search_term_string\"}}],\"inLanguage\":\"en-US\"},{\"@type\":\"Organization\",\"@id\":\"https:\\\/\\\/www.lpnnails.fr\\\/#organization\",\"name\":\"LPN Nails\",\"url\":\"https:\\\/\\\/www.lpnnails.fr\\\/\",\"logo\":{\"@type\":\"ImageObject\",\"inLanguage\":\"en-US\",\"@id\":\"https:\\\/\\\/www.lpnnails.fr\\\/#\\\/schema\\\/logo\\\/image\\\/\",\"url\":\"https:\\\/\\\/www.lpnnails.fr\\\/wp-content\\\/uploads\\\/2025\\\/11\\\/Design-sans-titre-2.png\",\"contentUrl\":\"https:\\\/\\\/www.lpnnails.fr\\\/wp-content\\\/uploads\\\/2025\\\/11\\\/Design-sans-titre-2.png\",\"width\":512,\"height\":512,\"caption\":\"LPN Nails\"},\"image\":{\"@id\":\"https:\\\/\\\/www.lpnnails.fr\\\/#\\\/schema\\\/logo\\\/image\\\/\"},\"sameAs\":[\"https:\\\/\\\/www.facebook.com\\\/profile.php?id=61573655313488#\",\"https:\\\/\\\/www.instagram.com\\\/lpnnails\\\/\",\"https:\\\/\\\/www.linkedin.com\\\/company\\\/lpnnails\\\/\",\"https:\\\/\\\/www.youtube.com\\\/@LPNNails\\\/\"]}]}<\/script>\n<!-- \/ Yoast SEO plugin. -->","yoast_head_json":{"title":"Feuille coquillage - LPN Nails","description":"Sublimez vos cr\u00e9ations ongulaires avec ces feuilles effet coquillage de mer, parfaites pour des incrustations \u00e9l\u00e9gantes et uniques. Leur design nacr\u00e9 et textur\u00e9 apporte une touche marine et sophistiqu\u00e9e \u00e0 vos manucures.","robots":{"index":"index","follow":"follow","max-snippet":"max-snippet:-1","max-image-preview":"max-image-preview:large","max-video-preview":"max-video-preview:-1"},"canonical":"https:\/\/www.lpnnails.fr\/en\/product\/feuilles-coquillage\/","og_locale":"en_US","og_type":"article","og_title":"Feuille coquillage - LPN Nails","og_description":"Sublimez vos cr\u00e9ations ongulaires avec ces feuilles effet coquillage de mer, parfaites pour des incrustations \u00e9l\u00e9gantes et uniques. Leur design nacr\u00e9 et textur\u00e9 apporte une touche marine et sophistiqu\u00e9e \u00e0 vos manucures.","og_url":"https:\/\/www.lpnnails.fr\/en\/product\/feuilles-coquillage\/","og_site_name":"LPN Nails","article_publisher":"https:\/\/www.facebook.com\/profile.php?id=61573655313488#","article_modified_time":"2025-12-01T08:19:21+00:00","og_image":[{"width":1000,"height":1000,"url":"https:\/\/www.lpnnails.fr\/wp-content\/uploads\/2025\/04\/products-8907b2_75c735f322f54ece928ced178eba2b5c~mv2.png","type":"image\/jpeg"}],"twitter_card":"summary_large_image","twitter_misc":{"Est. reading time":"1 minute"},"schema":{"@context":"https:\/\/schema.org","@graph":[{"@type":"WebPage","@id":"https:\/\/www.lpnnails.fr\/produit\/feuilles-coquillage\/","url":"https:\/\/www.lpnnails.fr\/produit\/feuilles-coquillage\/","name":"Feuille coquillage - LPN Nails","isPartOf":{"@id":"https:\/\/www.lpnnails.fr\/#website"},"primaryImageOfPage":{"@id":"https:\/\/www.lpnnails.fr\/produit\/feuilles-coquillage\/#primaryimage"},"image":{"@id":"https:\/\/www.lpnnails.fr\/produit\/feuilles-coquillage\/#primaryimage"},"thumbnailUrl":"https:\/\/www.lpnnails.fr\/wp-content\/uploads\/2025\/04\/products-8907b2_75c735f322f54ece928ced178eba2b5c~mv2.png","datePublished":"2022-03-15T22:09:40+00:00","dateModified":"2025-12-01T08:19:21+00:00","description":"Sublimez vos cr\u00e9ations ongulaires avec ces feuilles effet coquillage de mer, parfaites pour des incrustations \u00e9l\u00e9gantes et uniques. Leur design nacr\u00e9 et textur\u00e9 apporte une touche marine et sophistiqu\u00e9e \u00e0 vos manucures.","breadcrumb":{"@id":"https:\/\/www.lpnnails.fr\/produit\/feuilles-coquillage\/#breadcrumb"},"inLanguage":"en-US","potentialAction":[{"@type":"ReadAction","target":["https:\/\/www.lpnnails.fr\/produit\/feuilles-coquillage\/"]}]},{"@type":"ImageObject","inLanguage":"en-US","@id":"https:\/\/www.lpnnails.fr\/produit\/feuilles-coquillage\/#primaryimage","url":"https:\/\/www.lpnnails.fr\/wp-content\/uploads\/2025\/04\/products-8907b2_75c735f322f54ece928ced178eba2b5c~mv2.png","contentUrl":"https:\/\/www.lpnnails.fr\/wp-content\/uploads\/2025\/04\/products-8907b2_75c735f322f54ece928ced178eba2b5c~mv2.png","width":1000,"height":1000,"caption":"FEUILLE COQUILLAGE 1"},{"@type":"BreadcrumbList","@id":"https:\/\/www.lpnnails.fr\/produit\/feuilles-coquillage\/#breadcrumb","itemListElement":[{"@type":"ListItem","position":1,"name":"Accueil","item":"https:\/\/www.lpnnails.fr\/"},{"@type":"ListItem","position":2,"name":"Boutique","item":"https:\/\/www.lpnnails.fr\/boutique\/"},{"@type":"ListItem","position":3,"name":"Feuille coquillage"}]},{"@type":"WebSite","@id":"https:\/\/www.lpnnails.fr\/#website","url":"https:\/\/www.lpnnails.fr\/","name":"LPN Nails","description":"","publisher":{"@id":"https:\/\/www.lpnnails.fr\/#organization"},"potentialAction":[{"@type":"SearchAction","target":{"@type":"EntryPoint","urlTemplate":"https:\/\/www.lpnnails.fr\/?s={search_term_string}"},"query-input":{"@type":"PropertyValueSpecification","valueRequired":true,"valueName":"search_term_string"}}],"inLanguage":"en-US"},{"@type":"Organization","@id":"https:\/\/www.lpnnails.fr\/#organization","name":"LPN Nails","url":"https:\/\/www.lpnnails.fr\/","logo":{"@type":"ImageObject","inLanguage":"en-US","@id":"https:\/\/www.lpnnails.fr\/#\/schema\/logo\/image\/","url":"https:\/\/www.lpnnails.fr\/wp-content\/uploads\/2025\/11\/Design-sans-titre-2.png","contentUrl":"https:\/\/www.lpnnails.fr\/wp-content\/uploads\/2025\/11\/Design-sans-titre-2.png","width":512,"height":512,"caption":"LPN Nails"},"image":{"@id":"https:\/\/www.lpnnails.fr\/#\/schema\/logo\/image\/"},"sameAs":["https:\/\/www.facebook.com\/profile.php?id=61573655313488#","https:\/\/www.instagram.com\/lpnnails\/","https:\/\/www.linkedin.com\/company\/lpnnails\/","https:\/\/www.youtube.com\/@LPNNails\/"]}]}},"uagb_featured_image_src":{"full":["https:\/\/www.lpnnails.fr\/wp-content\/uploads\/2025\/04\/products-8907b2_75c735f322f54ece928ced178eba2b5c~mv2.png",1000,1000,false],"thumbnail":["https:\/\/www.lpnnails.fr\/wp-content\/uploads\/2025\/04\/products-8907b2_75c735f322f54ece928ced178eba2b5c~mv2.png",150,150,true],"medium":["https:\/\/www.lpnnails.fr\/wp-content\/uploads\/2025\/04\/products-8907b2_75c735f322f54ece928ced178eba2b5c~mv2.png",300,214,true],"medium_large":["https:\/\/www.lpnnails.fr\/wp-content\/uploads\/2025\/04\/products-8907b2_75c735f322f54ece928ced178eba2b5c~mv2.png",768,768,false],"large":["https:\/\/www.lpnnails.fr\/wp-content\/uploads\/2025\/04\/products-8907b2_75c735f322f54ece928ced178eba2b5c~mv2.png",1000,1000,false],"1536x1536":["https:\/\/www.lpnnails.fr\/wp-content\/uploads\/2025\/04\/products-8907b2_75c735f322f54ece928ced178eba2b5c~mv2.png",1000,1000,false],"2048x2048":["https:\/\/www.lpnnails.fr\/wp-content\/uploads\/2025\/04\/products-8907b2_75c735f322f54ece928ced178eba2b5c~mv2.png",1000,1000,false],"trp-custom-language-flag":["https:\/\/www.lpnnails.fr\/wp-content\/uploads\/2025\/04\/products-8907b2_75c735f322f54ece928ced178eba2b5c~mv2.png",12,12,false],"mailpoet_newsletter_max":["https:\/\/www.lpnnails.fr\/wp-content\/uploads\/2025\/04\/products-8907b2_75c735f322f54ece928ced178eba2b5c~mv2.png",1000,1000,false],"woocommerce_thumbnail":["https:\/\/www.lpnnails.fr\/wp-content\/uploads\/2025\/04\/products-8907b2_75c735f322f54ece928ced178eba2b5c~mv2.png",300,300,false],"woocommerce_single":["https:\/\/www.lpnnails.fr\/wp-content\/uploads\/2025\/04\/products-8907b2_75c735f322f54ece928ced178eba2b5c~mv2.png",600,600,false],"woocommerce_gallery_thumbnail":["https:\/\/www.lpnnails.fr\/wp-content\/uploads\/2025\/04\/products-8907b2_75c735f322f54ece928ced178eba2b5c~mv2.png",100,100,false],"variation_swatches_image_size":["https:\/\/www.lpnnails.fr\/wp-content\/uploads\/2025\/04\/products-8907b2_75c735f322f54ece928ced178eba2b5c~mv2.png",50,50,false],"variation_swatches_tooltip_size":["https:\/\/www.lpnnails.fr\/wp-content\/uploads\/2025\/04\/products-8907b2_75c735f322f54ece928ced178eba2b5c~mv2.png",100,100,false]},"uagb_author_info":{"display_name":"LPN Nails","author_link":"https:\/\/www.lpnnails.fr\/en\/author\/"},"uagb_comment_info":0,"uagb_excerpt":"Sublimez vos cr\u00e9ations ongulaires avec ces\u00a0feuilles effet coquillage de mer, parfaites pour des incrustations \u00e9l\u00e9gantes et uniques. Leur design nacr\u00e9 [&hellip;]","_links":{"self":[{"href":"https:\/\/www.lpnnails.fr\/en\/wp-json\/wp\/v2\/product\/2700","targetHints":{"allow":["GET"]}}],"collection":[{"href":"https:\/\/www.lpnnails.fr\/en\/wp-json\/wp\/v2\/product"}],"about":[{"href":"https:\/\/www.lpnnails.fr\/en\/wp-json\/wp\/v2\/types\/product"}],"replies":[{"embeddable":true,"href":"https:\/\/www.lpnnails.fr\/en\/wp-json\/wp\/v2\/comments?post=2700"}],"wp:featuredmedia":[{"embeddable":true,"href":"https:\/\/www.lpnnails.fr\/en\/wp-json\/wp\/v2\/media\/2707"}],"wp:attachment":[{"href":"https:\/\/www.lpnnails.fr\/en\/wp-json\/wp\/v2\/media?parent=2700"}],"wp:term":[{"taxonomy":"product_brand","embeddable":true,"href":"https:\/\/www.lpnnails.fr\/en\/wp-json\/wp\/v2\/product_brand?post=2700"},{"taxonomy":"product_cat","embeddable":true,"href":"https:\/\/www.lpnnails.fr\/en\/wp-json\/wp\/v2\/product_cat?post=2700"},{"taxonomy":"product_tag","embeddable":true,"href":"https:\/\/www.lpnnails.fr\/en\/wp-json\/wp\/v2\/product_tag?post=2700"}],"curies":[{"name":"wp","href":"https:\/\/api.w.org\/{rel}","templated":true}]}}