{"id":2588,"date":"2022-03-01T01:37:05","date_gmt":"2022-03-01T00:37:05","guid":{"rendered":"https:\/\/www.lpnnails.fr\/?post_type=product&#038;p=2588"},"modified":"2025-12-01T09:19:03","modified_gmt":"2025-12-01T08:19:03","slug":"foils-a-l-unite","status":"publish","type":"product","link":"https:\/\/www.lpnnails.fr\/en\/product\/foils-a-l-unite\/","title":{"rendered":"Foils \u00e0 l&#8217;unit\u00e9"},"content":{"rendered":"<p>Sublimez vos manucures avec ces <strong>foils vendus \u00e0 l&#8217;unit\u00e9<\/strong>, disponibles en <strong>8 designs vari\u00e9s<\/strong>. Parfaits pour ajouter une touche d\u2019\u00e9l\u00e9gance et de cr\u00e9ativit\u00e9 \u00e0 vos poses, ces foils s\u2019adaptent \u00e0 toutes vos envies artistiques.<\/p>\n<p><strong>Features :<\/strong><\/p>\n<ul>\n<li><strong>8 motifs uniques<\/strong> : Choisissez parmi une vari\u00e9t\u00e9 de styles pour embellir vos cr\u00e9ations.<\/li>\n<li><strong>Vendus \u00e0 l&#8217;unit\u00e9<\/strong> : Permet de s\u00e9lectionner uniquement les designs qui vous plaisent.<\/li>\n<li><strong>Effet d\u00e9taill\u00e9 et \u00e9clatant<\/strong> : Id\u00e9al pour des manucures raffin\u00e9es ou audacieuses.<\/li>\n<li><strong>Versatile<\/strong> : Compatible avec le gel, l\u2019acrylique ou le vernis classique.<\/li>\n<\/ul>\n<p><strong>Use :<\/strong><\/p>\n<ul>\n<li>Appliquez une colle sp\u00e9ciale pour foils ou un gel encore collant sur vos ongles.<\/li>\n<li>Positionnez le foil, pressez d\u00e9licatement pour transf\u00e9rer le motif.<\/li>\n<li>Retirez le foil avec soin et scellez avec un top coat pour une finition durable.<\/li>\n<\/ul>\n<p>Ces foils \u00e0 l\u2019unit\u00e9 sont parfaits pour personnaliser vos manucures et les rendre uniques. Ajoutez une touche originale et \u00e9l\u00e9gante \u00e0 vos poses avec ces foils diversifi\u00e9s\u202f!<\/p>","protected":false},"excerpt":{"rendered":"<p>Sublimez vos manucures avec ces foils vendus \u00e0 l&#8217;unit\u00e9, disponibles en 8 designs vari\u00e9s. Parfaits pour ajouter une touche d\u2019\u00e9l\u00e9gance [&hellip;]<\/p>\n","protected":false},"featured_media":2597,"comment_status":"open","ping_status":"closed","template":"","meta":{"_uag_custom_page_level_css":"","site-sidebar-layout":"default","site-content-layout":"","ast-site-content-layout":"default","site-content-style":"default","site-sidebar-style":"default","ast-global-header-display":"","ast-banner-title-visibility":"","ast-main-header-display":"","ast-hfb-above-header-display":"","ast-hfb-below-header-display":"","ast-hfb-mobile-header-display":"","site-post-title":"","ast-breadcrumbs-content":"","ast-featured-img":"","footer-sml-layout":"","ast-disable-related-posts":"","theme-transparent-header-meta":"default","adv-header-id-meta":"","stick-header-meta":"","header-above-stick-meta":"","header-main-stick-meta":"","header-below-stick-meta":"","astra-migrate-meta-layouts":"set","ast-page-background-enabled":"default","ast-page-background-meta":{"desktop":{"background-color":"var(--ast-global-color-4)","background-image":"","background-repeat":"repeat","background-position":"center center","background-size":"auto","background-attachment":"scroll","background-type":"","background-media":"","overlay-type":"","overlay-color":"","overlay-opacity":"","overlay-gradient":""},"tablet":{"background-color":"","background-image":"","background-repeat":"repeat","background-position":"center center","background-size":"auto","background-attachment":"scroll","background-type":"","background-media":"","overlay-type":"","overlay-color":"","overlay-opacity":"","overlay-gradient":""},"mobile":{"background-color":"","background-image":"","background-repeat":"repeat","background-position":"center center","background-size":"auto","background-attachment":"scroll","background-type":"","background-media":"","overlay-type":"","overlay-color":"","overlay-opacity":"","overlay-gradient":""}},"ast-content-background-meta":{"desktop":{"background-color":"var(--ast-global-color-5)","background-image":"","background-repeat":"repeat","background-position":"center center","background-size":"auto","background-attachment":"scroll","background-type":"","background-media":"","overlay-type":"","overlay-color":"","overlay-opacity":"","overlay-gradient":""},"tablet":{"background-color":"var(--ast-global-color-5)","background-image":"","background-repeat":"repeat","background-position":"center center","background-size":"auto","background-attachment":"scroll","background-type":"","background-media":"","overlay-type":"","overlay-color":"","overlay-opacity":"","overlay-gradient":""},"mobile":{"background-color":"var(--ast-global-color-5)","background-image":"","background-repeat":"repeat","background-position":"center center","background-size":"auto","background-attachment":"scroll","background-type":"","background-media":"","overlay-type":"","overlay-color":"","overlay-opacity":"","overlay-gradient":""}}},"product_brand":[254],"product_cat":[221,199],"product_tag":[],"class_list":{"0":"post-2588","1":"product","2":"type-product","3":"status-publish","4":"has-post-thumbnail","6":"product_brand-lpnnails","7":"product_cat-foils","8":"product_cat-tous-les-produits","9":"pa_numero-529","10":"pa_numero-500","11":"pa_numero-531","12":"pa_numero-502","13":"pa_numero-987","14":"pa_numero-988","15":"pa_numero-989","16":"pa_numero-990","17":"desktop-align-left","18":"tablet-align-left","19":"mobile-align-left","21":"first","22":"instock","23":"purchasable","24":"product-type-variable","25":"wvs-archive-product-wrapper"},"yoast_head":"<!-- This site is optimized with the Yoast SEO plugin v27.3 - https:\/\/yoast.com\/product\/yoast-seo-wordpress\/ -->\n<title>Foils \u00e0 l&#039;unit\u00e9 - LPN Nails<\/title>\n<meta name=\"description\" content=\"Sublimez vos manucures avec ces foils vendus \u00e0 l&#039;unit\u00e9, disponibles en 14 designs vari\u00e9s. Parfaits pour ajouter une touche d\u2019\u00e9l\u00e9gance et de cr\u00e9ativit\u00e9 \u00e0 vos poses, ces foils s\u2019adaptent \u00e0 toutes vos envies artistiques.\" \/>\n<meta name=\"robots\" content=\"index, follow, max-snippet:-1, max-image-preview:large, max-video-preview:-1\" \/>\n<link rel=\"canonical\" href=\"https:\/\/www.lpnnails.fr\/en\/product\/foils-a-l-unite\/\" \/>\n<meta property=\"og:locale\" content=\"en_US\" \/>\n<meta property=\"og:type\" content=\"article\" \/>\n<meta property=\"og:title\" content=\"Foils \u00e0 l&#039;unit\u00e9 - LPN Nails\" \/>\n<meta property=\"og:description\" content=\"Sublimez vos manucures avec ces foils vendus \u00e0 l&#039;unit\u00e9, disponibles en 14 designs vari\u00e9s. Parfaits pour ajouter une touche d\u2019\u00e9l\u00e9gance et de cr\u00e9ativit\u00e9 \u00e0 vos poses, ces foils s\u2019adaptent \u00e0 toutes vos envies artistiques.\" \/>\n<meta property=\"og:url\" content=\"https:\/\/www.lpnnails.fr\/en\/product\/foils-a-l-unite\/\" \/>\n<meta property=\"og:site_name\" content=\"LPN Nails\" \/>\n<meta property=\"article:publisher\" content=\"https:\/\/www.facebook.com\/profile.php?id=61573655313488#\" \/>\n<meta property=\"article:modified_time\" content=\"2025-12-01T08:19:03+00:00\" \/>\n<meta property=\"og:image\" content=\"https:\/\/www.lpnnails.fr\/wp-content\/uploads\/2025\/04\/products-8907b2_64e911c4acf7489e983ad8fc58b79e16~mv2.png\" \/>\n\t<meta property=\"og:image:width\" content=\"1000\" \/>\n\t<meta property=\"og:image:height\" content=\"1000\" \/>\n\t<meta property=\"og:image:type\" content=\"image\/jpeg\" \/>\n<meta name=\"twitter:card\" content=\"summary_large_image\" \/>\n<meta name=\"twitter:label1\" content=\"Est. reading time\" \/>\n\t<meta name=\"twitter:data1\" content=\"1 minute\" \/>\n<script type=\"application\/ld+json\" class=\"yoast-schema-graph\">{\"@context\":\"https:\\\/\\\/schema.org\",\"@graph\":[{\"@type\":\"WebPage\",\"@id\":\"https:\\\/\\\/www.lpnnails.fr\\\/produit\\\/foils-a-l-unite\\\/\",\"url\":\"https:\\\/\\\/www.lpnnails.fr\\\/produit\\\/foils-a-l-unite\\\/\",\"name\":\"Foils \u00e0 l'unit\u00e9 - LPN Nails\",\"isPartOf\":{\"@id\":\"https:\\\/\\\/www.lpnnails.fr\\\/#website\"},\"primaryImageOfPage\":{\"@id\":\"https:\\\/\\\/www.lpnnails.fr\\\/produit\\\/foils-a-l-unite\\\/#primaryimage\"},\"image\":{\"@id\":\"https:\\\/\\\/www.lpnnails.fr\\\/produit\\\/foils-a-l-unite\\\/#primaryimage\"},\"thumbnailUrl\":\"https:\\\/\\\/www.lpnnails.fr\\\/wp-content\\\/uploads\\\/2025\\\/04\\\/products-8907b2_64e911c4acf7489e983ad8fc58b79e16~mv2.png\",\"datePublished\":\"2022-03-01T00:37:05+00:00\",\"dateModified\":\"2025-12-01T08:19:03+00:00\",\"description\":\"Sublimez vos manucures avec ces foils vendus \u00e0 l'unit\u00e9, disponibles en 14 designs vari\u00e9s. Parfaits pour ajouter une touche d\u2019\u00e9l\u00e9gance et de cr\u00e9ativit\u00e9 \u00e0 vos poses, ces foils s\u2019adaptent \u00e0 toutes vos envies artistiques.\",\"breadcrumb\":{\"@id\":\"https:\\\/\\\/www.lpnnails.fr\\\/produit\\\/foils-a-l-unite\\\/#breadcrumb\"},\"inLanguage\":\"en-US\",\"potentialAction\":[{\"@type\":\"ReadAction\",\"target\":[\"https:\\\/\\\/www.lpnnails.fr\\\/produit\\\/foils-a-l-unite\\\/\"]}]},{\"@type\":\"ImageObject\",\"inLanguage\":\"en-US\",\"@id\":\"https:\\\/\\\/www.lpnnails.fr\\\/produit\\\/foils-a-l-unite\\\/#primaryimage\",\"url\":\"https:\\\/\\\/www.lpnnails.fr\\\/wp-content\\\/uploads\\\/2025\\\/04\\\/products-8907b2_64e911c4acf7489e983ad8fc58b79e16~mv2.png\",\"contentUrl\":\"https:\\\/\\\/www.lpnnails.fr\\\/wp-content\\\/uploads\\\/2025\\\/04\\\/products-8907b2_64e911c4acf7489e983ad8fc58b79e16~mv2.png\",\"width\":1000,\"height\":1000,\"caption\":\"FOILS \u00c0 L'UNIT\u00c9 1\"},{\"@type\":\"BreadcrumbList\",\"@id\":\"https:\\\/\\\/www.lpnnails.fr\\\/produit\\\/foils-a-l-unite\\\/#breadcrumb\",\"itemListElement\":[{\"@type\":\"ListItem\",\"position\":1,\"name\":\"Accueil\",\"item\":\"https:\\\/\\\/www.lpnnails.fr\\\/\"},{\"@type\":\"ListItem\",\"position\":2,\"name\":\"Boutique\",\"item\":\"https:\\\/\\\/www.lpnnails.fr\\\/boutique\\\/\"},{\"@type\":\"ListItem\",\"position\":3,\"name\":\"Foils \u00e0 l&#8217;unit\u00e9\"}]},{\"@type\":\"WebSite\",\"@id\":\"https:\\\/\\\/www.lpnnails.fr\\\/#website\",\"url\":\"https:\\\/\\\/www.lpnnails.fr\\\/\",\"name\":\"LPN Nails\",\"description\":\"\",\"publisher\":{\"@id\":\"https:\\\/\\\/www.lpnnails.fr\\\/#organization\"},\"potentialAction\":[{\"@type\":\"SearchAction\",\"target\":{\"@type\":\"EntryPoint\",\"urlTemplate\":\"https:\\\/\\\/www.lpnnails.fr\\\/?s={search_term_string}\"},\"query-input\":{\"@type\":\"PropertyValueSpecification\",\"valueRequired\":true,\"valueName\":\"search_term_string\"}}],\"inLanguage\":\"en-US\"},{\"@type\":\"Organization\",\"@id\":\"https:\\\/\\\/www.lpnnails.fr\\\/#organization\",\"name\":\"LPN Nails\",\"url\":\"https:\\\/\\\/www.lpnnails.fr\\\/\",\"logo\":{\"@type\":\"ImageObject\",\"inLanguage\":\"en-US\",\"@id\":\"https:\\\/\\\/www.lpnnails.fr\\\/#\\\/schema\\\/logo\\\/image\\\/\",\"url\":\"https:\\\/\\\/www.lpnnails.fr\\\/wp-content\\\/uploads\\\/2025\\\/11\\\/Design-sans-titre-2.png\",\"contentUrl\":\"https:\\\/\\\/www.lpnnails.fr\\\/wp-content\\\/uploads\\\/2025\\\/11\\\/Design-sans-titre-2.png\",\"width\":512,\"height\":512,\"caption\":\"LPN Nails\"},\"image\":{\"@id\":\"https:\\\/\\\/www.lpnnails.fr\\\/#\\\/schema\\\/logo\\\/image\\\/\"},\"sameAs\":[\"https:\\\/\\\/www.facebook.com\\\/profile.php?id=61573655313488#\",\"https:\\\/\\\/www.instagram.com\\\/lpnnails\\\/\",\"https:\\\/\\\/www.linkedin.com\\\/company\\\/lpnnails\\\/\",\"https:\\\/\\\/www.youtube.com\\\/@LPNNails\\\/\"]}]}<\/script>\n<!-- \/ Yoast SEO plugin. -->","yoast_head_json":{"title":"Foils \u00e0 l'unit\u00e9 - LPN Nails","description":"Sublimez vos manucures avec ces foils vendus \u00e0 l'unit\u00e9, disponibles en 14 designs vari\u00e9s. Parfaits pour ajouter une touche d\u2019\u00e9l\u00e9gance et de cr\u00e9ativit\u00e9 \u00e0 vos poses, ces foils s\u2019adaptent \u00e0 toutes vos envies artistiques.","robots":{"index":"index","follow":"follow","max-snippet":"max-snippet:-1","max-image-preview":"max-image-preview:large","max-video-preview":"max-video-preview:-1"},"canonical":"https:\/\/www.lpnnails.fr\/en\/product\/foils-a-l-unite\/","og_locale":"en_US","og_type":"article","og_title":"Foils \u00e0 l'unit\u00e9 - LPN Nails","og_description":"Sublimez vos manucures avec ces foils vendus \u00e0 l'unit\u00e9, disponibles en 14 designs vari\u00e9s. Parfaits pour ajouter une touche d\u2019\u00e9l\u00e9gance et de cr\u00e9ativit\u00e9 \u00e0 vos poses, ces foils s\u2019adaptent \u00e0 toutes vos envies artistiques.","og_url":"https:\/\/www.lpnnails.fr\/en\/product\/foils-a-l-unite\/","og_site_name":"LPN Nails","article_publisher":"https:\/\/www.facebook.com\/profile.php?id=61573655313488#","article_modified_time":"2025-12-01T08:19:03+00:00","og_image":[{"width":1000,"height":1000,"url":"https:\/\/www.lpnnails.fr\/wp-content\/uploads\/2025\/04\/products-8907b2_64e911c4acf7489e983ad8fc58b79e16~mv2.png","type":"image\/jpeg"}],"twitter_card":"summary_large_image","twitter_misc":{"Est. reading time":"1 minute"},"schema":{"@context":"https:\/\/schema.org","@graph":[{"@type":"WebPage","@id":"https:\/\/www.lpnnails.fr\/produit\/foils-a-l-unite\/","url":"https:\/\/www.lpnnails.fr\/produit\/foils-a-l-unite\/","name":"Foils \u00e0 l'unit\u00e9 - LPN Nails","isPartOf":{"@id":"https:\/\/www.lpnnails.fr\/#website"},"primaryImageOfPage":{"@id":"https:\/\/www.lpnnails.fr\/produit\/foils-a-l-unite\/#primaryimage"},"image":{"@id":"https:\/\/www.lpnnails.fr\/produit\/foils-a-l-unite\/#primaryimage"},"thumbnailUrl":"https:\/\/www.lpnnails.fr\/wp-content\/uploads\/2025\/04\/products-8907b2_64e911c4acf7489e983ad8fc58b79e16~mv2.png","datePublished":"2022-03-01T00:37:05+00:00","dateModified":"2025-12-01T08:19:03+00:00","description":"Sublimez vos manucures avec ces foils vendus \u00e0 l'unit\u00e9, disponibles en 14 designs vari\u00e9s. Parfaits pour ajouter une touche d\u2019\u00e9l\u00e9gance et de cr\u00e9ativit\u00e9 \u00e0 vos poses, ces foils s\u2019adaptent \u00e0 toutes vos envies artistiques.","breadcrumb":{"@id":"https:\/\/www.lpnnails.fr\/produit\/foils-a-l-unite\/#breadcrumb"},"inLanguage":"en-US","potentialAction":[{"@type":"ReadAction","target":["https:\/\/www.lpnnails.fr\/produit\/foils-a-l-unite\/"]}]},{"@type":"ImageObject","inLanguage":"en-US","@id":"https:\/\/www.lpnnails.fr\/produit\/foils-a-l-unite\/#primaryimage","url":"https:\/\/www.lpnnails.fr\/wp-content\/uploads\/2025\/04\/products-8907b2_64e911c4acf7489e983ad8fc58b79e16~mv2.png","contentUrl":"https:\/\/www.lpnnails.fr\/wp-content\/uploads\/2025\/04\/products-8907b2_64e911c4acf7489e983ad8fc58b79e16~mv2.png","width":1000,"height":1000,"caption":"FOILS \u00c0 L'UNIT\u00c9 1"},{"@type":"BreadcrumbList","@id":"https:\/\/www.lpnnails.fr\/produit\/foils-a-l-unite\/#breadcrumb","itemListElement":[{"@type":"ListItem","position":1,"name":"Accueil","item":"https:\/\/www.lpnnails.fr\/"},{"@type":"ListItem","position":2,"name":"Boutique","item":"https:\/\/www.lpnnails.fr\/boutique\/"},{"@type":"ListItem","position":3,"name":"Foils \u00e0 l&#8217;unit\u00e9"}]},{"@type":"WebSite","@id":"https:\/\/www.lpnnails.fr\/#website","url":"https:\/\/www.lpnnails.fr\/","name":"LPN Nails","description":"","publisher":{"@id":"https:\/\/www.lpnnails.fr\/#organization"},"potentialAction":[{"@type":"SearchAction","target":{"@type":"EntryPoint","urlTemplate":"https:\/\/www.lpnnails.fr\/?s={search_term_string}"},"query-input":{"@type":"PropertyValueSpecification","valueRequired":true,"valueName":"search_term_string"}}],"inLanguage":"en-US"},{"@type":"Organization","@id":"https:\/\/www.lpnnails.fr\/#organization","name":"LPN Nails","url":"https:\/\/www.lpnnails.fr\/","logo":{"@type":"ImageObject","inLanguage":"en-US","@id":"https:\/\/www.lpnnails.fr\/#\/schema\/logo\/image\/","url":"https:\/\/www.lpnnails.fr\/wp-content\/uploads\/2025\/11\/Design-sans-titre-2.png","contentUrl":"https:\/\/www.lpnnails.fr\/wp-content\/uploads\/2025\/11\/Design-sans-titre-2.png","width":512,"height":512,"caption":"LPN Nails"},"image":{"@id":"https:\/\/www.lpnnails.fr\/#\/schema\/logo\/image\/"},"sameAs":["https:\/\/www.facebook.com\/profile.php?id=61573655313488#","https:\/\/www.instagram.com\/lpnnails\/","https:\/\/www.linkedin.com\/company\/lpnnails\/","https:\/\/www.youtube.com\/@LPNNails\/"]}]}},"uagb_featured_image_src":{"full":["https:\/\/www.lpnnails.fr\/wp-content\/uploads\/2025\/04\/products-8907b2_64e911c4acf7489e983ad8fc58b79e16~mv2.png",1000,1000,false],"thumbnail":["https:\/\/www.lpnnails.fr\/wp-content\/uploads\/2025\/04\/products-8907b2_64e911c4acf7489e983ad8fc58b79e16~mv2.png",150,150,true],"medium":["https:\/\/www.lpnnails.fr\/wp-content\/uploads\/2025\/04\/products-8907b2_64e911c4acf7489e983ad8fc58b79e16~mv2.png",300,214,true],"medium_large":["https:\/\/www.lpnnails.fr\/wp-content\/uploads\/2025\/04\/products-8907b2_64e911c4acf7489e983ad8fc58b79e16~mv2.png",768,768,false],"large":["https:\/\/www.lpnnails.fr\/wp-content\/uploads\/2025\/04\/products-8907b2_64e911c4acf7489e983ad8fc58b79e16~mv2.png",1000,1000,false],"1536x1536":["https:\/\/www.lpnnails.fr\/wp-content\/uploads\/2025\/04\/products-8907b2_64e911c4acf7489e983ad8fc58b79e16~mv2.png",1000,1000,false],"2048x2048":["https:\/\/www.lpnnails.fr\/wp-content\/uploads\/2025\/04\/products-8907b2_64e911c4acf7489e983ad8fc58b79e16~mv2.png",1000,1000,false],"trp-custom-language-flag":["https:\/\/www.lpnnails.fr\/wp-content\/uploads\/2025\/04\/products-8907b2_64e911c4acf7489e983ad8fc58b79e16~mv2.png",12,12,false],"mailpoet_newsletter_max":["https:\/\/www.lpnnails.fr\/wp-content\/uploads\/2025\/04\/products-8907b2_64e911c4acf7489e983ad8fc58b79e16~mv2.png",1000,1000,false],"woocommerce_thumbnail":["https:\/\/www.lpnnails.fr\/wp-content\/uploads\/2025\/04\/products-8907b2_64e911c4acf7489e983ad8fc58b79e16~mv2.png",300,300,false],"woocommerce_single":["https:\/\/www.lpnnails.fr\/wp-content\/uploads\/2025\/04\/products-8907b2_64e911c4acf7489e983ad8fc58b79e16~mv2.png",600,600,false],"woocommerce_gallery_thumbnail":["https:\/\/www.lpnnails.fr\/wp-content\/uploads\/2025\/04\/products-8907b2_64e911c4acf7489e983ad8fc58b79e16~mv2.png",100,100,false],"variation_swatches_image_size":["https:\/\/www.lpnnails.fr\/wp-content\/uploads\/2025\/04\/products-8907b2_64e911c4acf7489e983ad8fc58b79e16~mv2.png",50,50,false],"variation_swatches_tooltip_size":["https:\/\/www.lpnnails.fr\/wp-content\/uploads\/2025\/04\/products-8907b2_64e911c4acf7489e983ad8fc58b79e16~mv2.png",100,100,false]},"uagb_author_info":{"display_name":"LPN Nails","author_link":"https:\/\/www.lpnnails.fr\/en\/author\/"},"uagb_comment_info":0,"uagb_excerpt":"Sublimez vos manucures avec ces foils vendus \u00e0 l&#8217;unit\u00e9, disponibles en 8 designs vari\u00e9s. Parfaits pour ajouter une touche d\u2019\u00e9l\u00e9gance [&hellip;]","_links":{"self":[{"href":"https:\/\/www.lpnnails.fr\/en\/wp-json\/wp\/v2\/product\/2588","targetHints":{"allow":["GET"]}}],"collection":[{"href":"https:\/\/www.lpnnails.fr\/en\/wp-json\/wp\/v2\/product"}],"about":[{"href":"https:\/\/www.lpnnails.fr\/en\/wp-json\/wp\/v2\/types\/product"}],"replies":[{"embeddable":true,"href":"https:\/\/www.lpnnails.fr\/en\/wp-json\/wp\/v2\/comments?post=2588"}],"wp:featuredmedia":[{"embeddable":true,"href":"https:\/\/www.lpnnails.fr\/en\/wp-json\/wp\/v2\/media\/2597"}],"wp:attachment":[{"href":"https:\/\/www.lpnnails.fr\/en\/wp-json\/wp\/v2\/media?parent=2588"}],"wp:term":[{"taxonomy":"product_brand","embeddable":true,"href":"https:\/\/www.lpnnails.fr\/en\/wp-json\/wp\/v2\/product_brand?post=2588"},{"taxonomy":"product_cat","embeddable":true,"href":"https:\/\/www.lpnnails.fr\/en\/wp-json\/wp\/v2\/product_cat?post=2588"},{"taxonomy":"product_tag","embeddable":true,"href":"https:\/\/www.lpnnails.fr\/en\/wp-json\/wp\/v2\/product_tag?post=2588"}],"curies":[{"name":"wp","href":"https:\/\/api.w.org\/{rel}","templated":true}]}}