{"id":2560,"date":"2022-01-30T19:25:55","date_gmt":"2022-01-30T19:25:55","guid":{"rendered":"https:\/\/www.lpnnails.fr\/?post_type=product&#038;p=2560"},"modified":"2025-12-25T14:47:35","modified_gmt":"2025-12-25T13:47:35","slug":"brosse-de-nettoyage","status":"publish","type":"product","link":"https:\/\/www.lpnnails.fr\/en\/product\/brosse-de-nettoyage\/","title":{"rendered":"Brosse de nettoyage"},"content":{"rendered":"<p>Cette <strong>mini brosse de nettoyage<\/strong>\u00a0est parfaite pour \u00e9liminer d\u00e9licatement les poussi\u00e8res et autres impuret\u00e9s g\u00e9n\u00e9r\u00e9es lors de vos s\u00e9ances de manucure. Compacte et douce, elle est un outil essentiel pour un r\u00e9sultat soign\u00e9.<\/p>\n<p><strong>Features :<\/strong><\/p>\n<ul>\n<li><strong>Douceur optimale<\/strong> : Nettoie les ongles sans les ab\u00eemer, id\u00e9ale pour un usage fr\u00e9quent.<\/li>\n<li><strong>Compacte et pratique<\/strong> :<br \/>\n- <strong>Longueur :<\/strong> 6,3 cm<br \/>\n- <strong>Largeur :<\/strong> 3,7 cm<\/li>\n<li>Facile \u00e0 manipuler et \u00e0 ranger.<\/li>\n<li><strong>Couleur \u00e9l\u00e9gante<\/strong> : Finition noire pour un look professionnel et discret.<\/li>\n<li><strong>Mat\u00e9riau durable<\/strong> : Con\u00e7ue pour r\u00e9sister \u00e0 un usage prolong\u00e9.<\/li>\n<\/ul>\n<p><strong>Use :<\/strong><\/p>\n<ul>\n<li>Utilisez la brosse pour retirer les poussi\u00e8res apr\u00e8s le limage ou le pon\u00e7age.<\/li>\n<li>Passez d\u00e9licatement sur la surface des ongles et autour pour \u00e9liminer toutes les impuret\u00e9s.<\/li>\n<li>Nettoyez la brosse apr\u00e8s chaque utilisation pour garantir une hygi\u00e8ne impeccable.<\/li>\n<\/ul>\n<p>Un outil indispensable pour une manucure propre et soign\u00e9e. Ajoutez cette mini brosse \u00e0 vos essentiels pour un espace de travail toujours impeccable\u202f!<\/p>","protected":false},"excerpt":{"rendered":"<p>Cette mini brosse de nettoyage\u00a0est parfaite pour \u00e9liminer d\u00e9licatement les poussi\u00e8res et autres impuret\u00e9s g\u00e9n\u00e9r\u00e9es lors de vos s\u00e9ances de [&hellip;]<\/p>\n","protected":false},"featured_media":6590,"comment_status":"open","ping_status":"closed","template":"","meta":{"_uag_custom_page_level_css":"","site-sidebar-layout":"default","site-content-layout":"","ast-site-content-layout":"default","site-content-style":"default","site-sidebar-style":"default","ast-global-header-display":"","ast-banner-title-visibility":"","ast-main-header-display":"","ast-hfb-above-header-display":"","ast-hfb-below-header-display":"","ast-hfb-mobile-header-display":"","site-post-title":"","ast-breadcrumbs-content":"","ast-featured-img":"","footer-sml-layout":"","ast-disable-related-posts":"","theme-transparent-header-meta":"default","adv-header-id-meta":"","stick-header-meta":"","header-above-stick-meta":"","header-main-stick-meta":"","header-below-stick-meta":"","astra-migrate-meta-layouts":"set","ast-page-background-enabled":"default","ast-page-background-meta":{"desktop":{"background-color":"var(--ast-global-color-4)","background-image":"","background-repeat":"repeat","background-position":"center center","background-size":"auto","background-attachment":"scroll","background-type":"","background-media":"","overlay-type":"","overlay-color":"","overlay-opacity":"","overlay-gradient":""},"tablet":{"background-color":"","background-image":"","background-repeat":"repeat","background-position":"center center","background-size":"auto","background-attachment":"scroll","background-type":"","background-media":"","overlay-type":"","overlay-color":"","overlay-opacity":"","overlay-gradient":""},"mobile":{"background-color":"","background-image":"","background-repeat":"repeat","background-position":"center center","background-size":"auto","background-attachment":"scroll","background-type":"","background-media":"","overlay-type":"","overlay-color":"","overlay-opacity":"","overlay-gradient":""}},"ast-content-background-meta":{"desktop":{"background-color":"var(--ast-global-color-5)","background-image":"","background-repeat":"repeat","background-position":"center center","background-size":"auto","background-attachment":"scroll","background-type":"","background-media":"","overlay-type":"","overlay-color":"","overlay-opacity":"","overlay-gradient":""},"tablet":{"background-color":"var(--ast-global-color-5)","background-image":"","background-repeat":"repeat","background-position":"center center","background-size":"auto","background-attachment":"scroll","background-type":"","background-media":"","overlay-type":"","overlay-color":"","overlay-opacity":"","overlay-gradient":""},"mobile":{"background-color":"var(--ast-global-color-5)","background-image":"","background-repeat":"repeat","background-position":"center center","background-size":"auto","background-attachment":"scroll","background-type":"","background-media":"","overlay-type":"","overlay-color":"","overlay-opacity":"","overlay-gradient":""}}},"product_brand":[254],"product_cat":[232,199],"product_tag":[],"class_list":{"0":"post-2560","1":"product","2":"type-product","3":"status-publish","4":"has-post-thumbnail","6":"product_brand-lpnnails","7":"product_cat-hygiene-et-soins","8":"product_cat-tous-les-produits","9":"desktop-align-left","10":"tablet-align-left","11":"mobile-align-left","13":"first","14":"instock","15":"purchasable","16":"product-type-simple"},"yoast_head":"<!-- This site is optimized with the Yoast SEO plugin v27.3 - https:\/\/yoast.com\/product\/yoast-seo-wordpress\/ -->\n<title>Brosse de nettoyage - LPN Nails<\/title>\n<meta name=\"description\" content=\"Cette mini brosse de nettoyage est parfaite pour \u00e9liminer d\u00e9licatement les poussi\u00e8res et autres impuret\u00e9s g\u00e9n\u00e9r\u00e9es lors de vos s\u00e9ances de manucure. Compacte et douce, elle est un outil essentiel pour un r\u00e9sultat soign\u00e9.\" \/>\n<meta name=\"robots\" content=\"index, follow, max-snippet:-1, max-image-preview:large, max-video-preview:-1\" \/>\n<link rel=\"canonical\" href=\"https:\/\/www.lpnnails.fr\/en\/product\/brosse-de-nettoyage\/\" \/>\n<meta property=\"og:locale\" content=\"en_US\" \/>\n<meta property=\"og:type\" content=\"article\" \/>\n<meta property=\"og:title\" content=\"Brosse de nettoyage - LPN Nails\" \/>\n<meta property=\"og:description\" content=\"Cette mini brosse de nettoyage est parfaite pour \u00e9liminer d\u00e9licatement les poussi\u00e8res et autres impuret\u00e9s g\u00e9n\u00e9r\u00e9es lors de vos s\u00e9ances de manucure. Compacte et douce, elle est un outil essentiel pour un r\u00e9sultat soign\u00e9.\" \/>\n<meta property=\"og:url\" content=\"https:\/\/www.lpnnails.fr\/en\/product\/brosse-de-nettoyage\/\" \/>\n<meta property=\"og:site_name\" content=\"LPN Nails\" \/>\n<meta property=\"article:publisher\" content=\"https:\/\/www.facebook.com\/profile.php?id=61573655313488#\" \/>\n<meta property=\"article:modified_time\" content=\"2025-12-25T13:47:35+00:00\" \/>\n<meta property=\"og:image\" content=\"https:\/\/www.lpnnails.fr\/wp-content\/uploads\/2022\/01\/Design-sans-titre-10.jpg\" \/>\n\t<meta property=\"og:image:width\" content=\"1000\" \/>\n\t<meta property=\"og:image:height\" content=\"1000\" \/>\n\t<meta property=\"og:image:type\" content=\"image\/jpeg\" \/>\n<meta name=\"twitter:card\" content=\"summary_large_image\" \/>\n<meta name=\"twitter:label1\" content=\"Est. reading time\" \/>\n\t<meta name=\"twitter:data1\" content=\"1 minute\" \/>\n<script type=\"application\/ld+json\" class=\"yoast-schema-graph\">{\"@context\":\"https:\\\/\\\/schema.org\",\"@graph\":[{\"@type\":\"WebPage\",\"@id\":\"https:\\\/\\\/www.lpnnails.fr\\\/produit\\\/brosse-de-nettoyage\\\/\",\"url\":\"https:\\\/\\\/www.lpnnails.fr\\\/produit\\\/brosse-de-nettoyage\\\/\",\"name\":\"Brosse de nettoyage - LPN Nails\",\"isPartOf\":{\"@id\":\"https:\\\/\\\/www.lpnnails.fr\\\/#website\"},\"primaryImageOfPage\":{\"@id\":\"https:\\\/\\\/www.lpnnails.fr\\\/produit\\\/brosse-de-nettoyage\\\/#primaryimage\"},\"image\":{\"@id\":\"https:\\\/\\\/www.lpnnails.fr\\\/produit\\\/brosse-de-nettoyage\\\/#primaryimage\"},\"thumbnailUrl\":\"https:\\\/\\\/www.lpnnails.fr\\\/wp-content\\\/uploads\\\/2022\\\/01\\\/Design-sans-titre-10.jpg\",\"datePublished\":\"2022-01-30T19:25:55+00:00\",\"dateModified\":\"2025-12-25T13:47:35+00:00\",\"description\":\"Cette mini brosse de nettoyage est parfaite pour \u00e9liminer d\u00e9licatement les poussi\u00e8res et autres impuret\u00e9s g\u00e9n\u00e9r\u00e9es lors de vos s\u00e9ances de manucure. Compacte et douce, elle est un outil essentiel pour un r\u00e9sultat soign\u00e9.\",\"breadcrumb\":{\"@id\":\"https:\\\/\\\/www.lpnnails.fr\\\/produit\\\/brosse-de-nettoyage\\\/#breadcrumb\"},\"inLanguage\":\"en-US\",\"potentialAction\":[{\"@type\":\"ReadAction\",\"target\":[\"https:\\\/\\\/www.lpnnails.fr\\\/produit\\\/brosse-de-nettoyage\\\/\"]}]},{\"@type\":\"ImageObject\",\"inLanguage\":\"en-US\",\"@id\":\"https:\\\/\\\/www.lpnnails.fr\\\/produit\\\/brosse-de-nettoyage\\\/#primaryimage\",\"url\":\"https:\\\/\\\/www.lpnnails.fr\\\/wp-content\\\/uploads\\\/2022\\\/01\\\/Design-sans-titre-10.jpg\",\"contentUrl\":\"https:\\\/\\\/www.lpnnails.fr\\\/wp-content\\\/uploads\\\/2022\\\/01\\\/Design-sans-titre-10.jpg\",\"width\":1000,\"height\":1000,\"caption\":\"Brosse de nettoyage\"},{\"@type\":\"BreadcrumbList\",\"@id\":\"https:\\\/\\\/www.lpnnails.fr\\\/produit\\\/brosse-de-nettoyage\\\/#breadcrumb\",\"itemListElement\":[{\"@type\":\"ListItem\",\"position\":1,\"name\":\"Accueil\",\"item\":\"https:\\\/\\\/www.lpnnails.fr\\\/\"},{\"@type\":\"ListItem\",\"position\":2,\"name\":\"Boutique\",\"item\":\"https:\\\/\\\/www.lpnnails.fr\\\/boutique\\\/\"},{\"@type\":\"ListItem\",\"position\":3,\"name\":\"Brosse de nettoyage\"}]},{\"@type\":\"WebSite\",\"@id\":\"https:\\\/\\\/www.lpnnails.fr\\\/#website\",\"url\":\"https:\\\/\\\/www.lpnnails.fr\\\/\",\"name\":\"LPN Nails\",\"description\":\"\",\"publisher\":{\"@id\":\"https:\\\/\\\/www.lpnnails.fr\\\/#organization\"},\"potentialAction\":[{\"@type\":\"SearchAction\",\"target\":{\"@type\":\"EntryPoint\",\"urlTemplate\":\"https:\\\/\\\/www.lpnnails.fr\\\/?s={search_term_string}\"},\"query-input\":{\"@type\":\"PropertyValueSpecification\",\"valueRequired\":true,\"valueName\":\"search_term_string\"}}],\"inLanguage\":\"en-US\"},{\"@type\":\"Organization\",\"@id\":\"https:\\\/\\\/www.lpnnails.fr\\\/#organization\",\"name\":\"LPN Nails\",\"url\":\"https:\\\/\\\/www.lpnnails.fr\\\/\",\"logo\":{\"@type\":\"ImageObject\",\"inLanguage\":\"en-US\",\"@id\":\"https:\\\/\\\/www.lpnnails.fr\\\/#\\\/schema\\\/logo\\\/image\\\/\",\"url\":\"https:\\\/\\\/www.lpnnails.fr\\\/wp-content\\\/uploads\\\/2025\\\/11\\\/Design-sans-titre-2.png\",\"contentUrl\":\"https:\\\/\\\/www.lpnnails.fr\\\/wp-content\\\/uploads\\\/2025\\\/11\\\/Design-sans-titre-2.png\",\"width\":512,\"height\":512,\"caption\":\"LPN Nails\"},\"image\":{\"@id\":\"https:\\\/\\\/www.lpnnails.fr\\\/#\\\/schema\\\/logo\\\/image\\\/\"},\"sameAs\":[\"https:\\\/\\\/www.facebook.com\\\/profile.php?id=61573655313488#\",\"https:\\\/\\\/www.instagram.com\\\/lpnnails\\\/\",\"https:\\\/\\\/www.linkedin.com\\\/company\\\/lpnnails\\\/\",\"https:\\\/\\\/www.youtube.com\\\/@LPNNails\\\/\"]}]}<\/script>\n<!-- \/ Yoast SEO plugin. -->","yoast_head_json":{"title":"Brosse de nettoyage - LPN Nails","description":"Cette mini brosse de nettoyage est parfaite pour \u00e9liminer d\u00e9licatement les poussi\u00e8res et autres impuret\u00e9s g\u00e9n\u00e9r\u00e9es lors de vos s\u00e9ances de manucure. Compacte et douce, elle est un outil essentiel pour un r\u00e9sultat soign\u00e9.","robots":{"index":"index","follow":"follow","max-snippet":"max-snippet:-1","max-image-preview":"max-image-preview:large","max-video-preview":"max-video-preview:-1"},"canonical":"https:\/\/www.lpnnails.fr\/en\/product\/brosse-de-nettoyage\/","og_locale":"en_US","og_type":"article","og_title":"Brosse de nettoyage - LPN Nails","og_description":"Cette mini brosse de nettoyage est parfaite pour \u00e9liminer d\u00e9licatement les poussi\u00e8res et autres impuret\u00e9s g\u00e9n\u00e9r\u00e9es lors de vos s\u00e9ances de manucure. Compacte et douce, elle est un outil essentiel pour un r\u00e9sultat soign\u00e9.","og_url":"https:\/\/www.lpnnails.fr\/en\/product\/brosse-de-nettoyage\/","og_site_name":"LPN Nails","article_publisher":"https:\/\/www.facebook.com\/profile.php?id=61573655313488#","article_modified_time":"2025-12-25T13:47:35+00:00","og_image":[{"width":1000,"height":1000,"url":"https:\/\/www.lpnnails.fr\/wp-content\/uploads\/2022\/01\/Design-sans-titre-10.jpg","type":"image\/jpeg"}],"twitter_card":"summary_large_image","twitter_misc":{"Est. reading time":"1 minute"},"schema":{"@context":"https:\/\/schema.org","@graph":[{"@type":"WebPage","@id":"https:\/\/www.lpnnails.fr\/produit\/brosse-de-nettoyage\/","url":"https:\/\/www.lpnnails.fr\/produit\/brosse-de-nettoyage\/","name":"Brosse de nettoyage - LPN Nails","isPartOf":{"@id":"https:\/\/www.lpnnails.fr\/#website"},"primaryImageOfPage":{"@id":"https:\/\/www.lpnnails.fr\/produit\/brosse-de-nettoyage\/#primaryimage"},"image":{"@id":"https:\/\/www.lpnnails.fr\/produit\/brosse-de-nettoyage\/#primaryimage"},"thumbnailUrl":"https:\/\/www.lpnnails.fr\/wp-content\/uploads\/2022\/01\/Design-sans-titre-10.jpg","datePublished":"2022-01-30T19:25:55+00:00","dateModified":"2025-12-25T13:47:35+00:00","description":"Cette mini brosse de nettoyage est parfaite pour \u00e9liminer d\u00e9licatement les poussi\u00e8res et autres impuret\u00e9s g\u00e9n\u00e9r\u00e9es lors de vos s\u00e9ances de manucure. Compacte et douce, elle est un outil essentiel pour un r\u00e9sultat soign\u00e9.","breadcrumb":{"@id":"https:\/\/www.lpnnails.fr\/produit\/brosse-de-nettoyage\/#breadcrumb"},"inLanguage":"en-US","potentialAction":[{"@type":"ReadAction","target":["https:\/\/www.lpnnails.fr\/produit\/brosse-de-nettoyage\/"]}]},{"@type":"ImageObject","inLanguage":"en-US","@id":"https:\/\/www.lpnnails.fr\/produit\/brosse-de-nettoyage\/#primaryimage","url":"https:\/\/www.lpnnails.fr\/wp-content\/uploads\/2022\/01\/Design-sans-titre-10.jpg","contentUrl":"https:\/\/www.lpnnails.fr\/wp-content\/uploads\/2022\/01\/Design-sans-titre-10.jpg","width":1000,"height":1000,"caption":"Brosse de nettoyage"},{"@type":"BreadcrumbList","@id":"https:\/\/www.lpnnails.fr\/produit\/brosse-de-nettoyage\/#breadcrumb","itemListElement":[{"@type":"ListItem","position":1,"name":"Accueil","item":"https:\/\/www.lpnnails.fr\/"},{"@type":"ListItem","position":2,"name":"Boutique","item":"https:\/\/www.lpnnails.fr\/boutique\/"},{"@type":"ListItem","position":3,"name":"Brosse de nettoyage"}]},{"@type":"WebSite","@id":"https:\/\/www.lpnnails.fr\/#website","url":"https:\/\/www.lpnnails.fr\/","name":"LPN Nails","description":"","publisher":{"@id":"https:\/\/www.lpnnails.fr\/#organization"},"potentialAction":[{"@type":"SearchAction","target":{"@type":"EntryPoint","urlTemplate":"https:\/\/www.lpnnails.fr\/?s={search_term_string}"},"query-input":{"@type":"PropertyValueSpecification","valueRequired":true,"valueName":"search_term_string"}}],"inLanguage":"en-US"},{"@type":"Organization","@id":"https:\/\/www.lpnnails.fr\/#organization","name":"LPN Nails","url":"https:\/\/www.lpnnails.fr\/","logo":{"@type":"ImageObject","inLanguage":"en-US","@id":"https:\/\/www.lpnnails.fr\/#\/schema\/logo\/image\/","url":"https:\/\/www.lpnnails.fr\/wp-content\/uploads\/2025\/11\/Design-sans-titre-2.png","contentUrl":"https:\/\/www.lpnnails.fr\/wp-content\/uploads\/2025\/11\/Design-sans-titre-2.png","width":512,"height":512,"caption":"LPN Nails"},"image":{"@id":"https:\/\/www.lpnnails.fr\/#\/schema\/logo\/image\/"},"sameAs":["https:\/\/www.facebook.com\/profile.php?id=61573655313488#","https:\/\/www.instagram.com\/lpnnails\/","https:\/\/www.linkedin.com\/company\/lpnnails\/","https:\/\/www.youtube.com\/@LPNNails\/"]}]}},"uagb_featured_image_src":{"full":["https:\/\/www.lpnnails.fr\/wp-content\/uploads\/2022\/01\/Design-sans-titre-10.jpg",1000,1000,false],"thumbnail":["https:\/\/www.lpnnails.fr\/wp-content\/uploads\/2022\/01\/Design-sans-titre-10-150x150.jpg",150,150,true],"medium":["https:\/\/www.lpnnails.fr\/wp-content\/uploads\/2022\/01\/Design-sans-titre-10-300x300.jpg",300,300,true],"medium_large":["https:\/\/www.lpnnails.fr\/wp-content\/uploads\/2022\/01\/Design-sans-titre-10-768x768.jpg",768,768,true],"large":["https:\/\/www.lpnnails.fr\/wp-content\/uploads\/2022\/01\/Design-sans-titre-10.jpg",1000,1000,false],"1536x1536":["https:\/\/www.lpnnails.fr\/wp-content\/uploads\/2022\/01\/Design-sans-titre-10.jpg",1000,1000,false],"2048x2048":["https:\/\/www.lpnnails.fr\/wp-content\/uploads\/2022\/01\/Design-sans-titre-10.jpg",1000,1000,false],"trp-custom-language-flag":["https:\/\/www.lpnnails.fr\/wp-content\/uploads\/2022\/01\/Design-sans-titre-10.jpg",12,12,false],"mailpoet_newsletter_max":["https:\/\/www.lpnnails.fr\/wp-content\/uploads\/2022\/01\/Design-sans-titre-10.jpg",1000,1000,false],"woocommerce_thumbnail":["https:\/\/www.lpnnails.fr\/wp-content\/uploads\/2022\/01\/Design-sans-titre-10-300x300.jpg",300,300,true],"woocommerce_single":["https:\/\/www.lpnnails.fr\/wp-content\/uploads\/2022\/01\/Design-sans-titre-10-600x600.jpg",600,600,true],"woocommerce_gallery_thumbnail":["https:\/\/www.lpnnails.fr\/wp-content\/uploads\/2022\/01\/Design-sans-titre-10-100x100.jpg",100,100,true],"variation_swatches_image_size":["https:\/\/www.lpnnails.fr\/wp-content\/uploads\/2022\/01\/Design-sans-titre-10-50x50.jpg",50,50,true],"variation_swatches_tooltip_size":["https:\/\/www.lpnnails.fr\/wp-content\/uploads\/2022\/01\/Design-sans-titre-10-100x100.jpg",100,100,true]},"uagb_author_info":{"display_name":"LPN Nails","author_link":"https:\/\/www.lpnnails.fr\/en\/author\/"},"uagb_comment_info":0,"uagb_excerpt":"Cette mini brosse de nettoyage\u00a0est parfaite pour \u00e9liminer d\u00e9licatement les poussi\u00e8res et autres impuret\u00e9s g\u00e9n\u00e9r\u00e9es lors de vos s\u00e9ances de [&hellip;]","_links":{"self":[{"href":"https:\/\/www.lpnnails.fr\/en\/wp-json\/wp\/v2\/product\/2560","targetHints":{"allow":["GET"]}}],"collection":[{"href":"https:\/\/www.lpnnails.fr\/en\/wp-json\/wp\/v2\/product"}],"about":[{"href":"https:\/\/www.lpnnails.fr\/en\/wp-json\/wp\/v2\/types\/product"}],"replies":[{"embeddable":true,"href":"https:\/\/www.lpnnails.fr\/en\/wp-json\/wp\/v2\/comments?post=2560"}],"wp:featuredmedia":[{"embeddable":true,"href":"https:\/\/www.lpnnails.fr\/en\/wp-json\/wp\/v2\/media\/6590"}],"wp:attachment":[{"href":"https:\/\/www.lpnnails.fr\/en\/wp-json\/wp\/v2\/media?parent=2560"}],"wp:term":[{"taxonomy":"product_brand","embeddable":true,"href":"https:\/\/www.lpnnails.fr\/en\/wp-json\/wp\/v2\/product_brand?post=2560"},{"taxonomy":"product_cat","embeddable":true,"href":"https:\/\/www.lpnnails.fr\/en\/wp-json\/wp\/v2\/product_cat?post=2560"},{"taxonomy":"product_tag","embeddable":true,"href":"https:\/\/www.lpnnails.fr\/en\/wp-json\/wp\/v2\/product_tag?post=2560"}],"curies":[{"name":"wp","href":"https:\/\/api.w.org\/{rel}","templated":true}]}}