{"id":2541,"date":"2022-01-30T18:52:14","date_gmt":"2022-01-30T18:52:14","guid":{"rendered":"https:\/\/www.lpnnails.fr\/?post_type=product&#038;p=2541"},"modified":"2026-02-04T12:33:54","modified_gmt":"2026-02-04T11:33:54","slug":"boite-de-perles-white","status":"publish","type":"product","link":"https:\/\/www.lpnnails.fr\/en\/product\/boite-de-perles-white\/","title":{"rendered":"Bo\u00eete de perles &#8220;White&#8221;"},"content":{"rendered":"<p>Apportez une touche de douceur et d\u2019\u00e9l\u00e9gance \u00e0 vos cr\u00e9ations avec ces <strong>perles blanches pour nail art<\/strong>. Ce carrousel pratique contient une vari\u00e9t\u00e9 de tailles, parfait pour cr\u00e9er des designs subtils ou audacieux qui mettront en valeur votre style unique.<\/p>\n<p><strong>Features :<\/strong><\/p>\n<ul>\n<li><strong>Diff\u00e9rentes Tailles<\/strong> : Choix de perles allant des petites aux grandes pour s\u2019adapter \u00e0 tous vos designs.<\/li>\n<li><strong>Finition \u00c9l\u00e9gante<\/strong> : Perles blanches avec une surface lisse et brillante pour un effet raffin\u00e9.<\/li>\n<li><strong>Bo\u00eete Rotative<\/strong> : Simplifie le tri et l&#8217;acc\u00e8s rapide aux perles souhait\u00e9es.<\/li>\n<li><strong>Usage Polyvalent<\/strong> : Id\u00e9al pour les manucures classiques, en gel ou en acrylique.<\/li>\n<\/ul>\n<p><strong>Conseils d\u2019utilisation :<\/strong><\/p>\n<ul>\n<li>Pr\u00e9parez vos ongles et appliquez une couche de base ou de gel UV.<\/li>\n<li>Placez les perles sur une couche de gel ou de colle encore collante \u00e0 l\u2019aide d\u2019un applicateur.<\/li>\n<li>Fixez-les avec un top coat pour garantir leur tenue et leur brillance.<\/li>\n<\/ul>\n<p>Id\u00e9al pour des looks intemporels ou des cr\u00e9ations sophistiqu\u00e9es. <strong>Commandez d\u00e8s maintenant et sublimez vos ongles avec style\u202f!<\/strong><\/p>","protected":false},"excerpt":{"rendered":"<p>Apportez une touche de douceur et d\u2019\u00e9l\u00e9gance \u00e0 vos cr\u00e9ations avec ces perles blanches pour nail art. Ce carrousel pratique [&hellip;]<\/p>\n","protected":false},"featured_media":2542,"comment_status":"open","ping_status":"closed","template":"","meta":{"_uag_custom_page_level_css":"","site-sidebar-layout":"default","site-content-layout":"","ast-site-content-layout":"default","site-content-style":"default","site-sidebar-style":"default","ast-global-header-display":"","ast-banner-title-visibility":"","ast-main-header-display":"","ast-hfb-above-header-display":"","ast-hfb-below-header-display":"","ast-hfb-mobile-header-display":"","site-post-title":"","ast-breadcrumbs-content":"","ast-featured-img":"","footer-sml-layout":"","ast-disable-related-posts":"","theme-transparent-header-meta":"default","adv-header-id-meta":"","stick-header-meta":"","header-above-stick-meta":"","header-main-stick-meta":"","header-below-stick-meta":"","astra-migrate-meta-layouts":"set","ast-page-background-enabled":"default","ast-page-background-meta":{"desktop":{"background-color":"var(--ast-global-color-4)","background-image":"","background-repeat":"repeat","background-position":"center center","background-size":"auto","background-attachment":"scroll","background-type":"","background-media":"","overlay-type":"","overlay-color":"","overlay-opacity":"","overlay-gradient":""},"tablet":{"background-color":"","background-image":"","background-repeat":"repeat","background-position":"center center","background-size":"auto","background-attachment":"scroll","background-type":"","background-media":"","overlay-type":"","overlay-color":"","overlay-opacity":"","overlay-gradient":""},"mobile":{"background-color":"","background-image":"","background-repeat":"repeat","background-position":"center center","background-size":"auto","background-attachment":"scroll","background-type":"","background-media":"","overlay-type":"","overlay-color":"","overlay-opacity":"","overlay-gradient":""}},"ast-content-background-meta":{"desktop":{"background-color":"var(--ast-global-color-5)","background-image":"","background-repeat":"repeat","background-position":"center center","background-size":"auto","background-attachment":"scroll","background-type":"","background-media":"","overlay-type":"","overlay-color":"","overlay-opacity":"","overlay-gradient":""},"tablet":{"background-color":"var(--ast-global-color-5)","background-image":"","background-repeat":"repeat","background-position":"center center","background-size":"auto","background-attachment":"scroll","background-type":"","background-media":"","overlay-type":"","overlay-color":"","overlay-opacity":"","overlay-gradient":""},"mobile":{"background-color":"var(--ast-global-color-5)","background-image":"","background-repeat":"repeat","background-position":"center center","background-size":"auto","background-attachment":"scroll","background-type":"","background-media":"","overlay-type":"","overlay-color":"","overlay-opacity":"","overlay-gradient":""}}},"product_brand":[254],"product_cat":[762,199],"product_tag":[],"class_list":{"0":"post-2541","1":"product","2":"type-product","3":"status-publish","4":"has-post-thumbnail","6":"product_brand-lpnnails","7":"product_cat-destockage","8":"product_cat-tous-les-produits","9":"desktop-align-left","10":"tablet-align-left","11":"mobile-align-left","13":"first","14":"instock","15":"purchasable","16":"product-type-simple"},"yoast_head":"<!-- This site is optimized with the Yoast SEO plugin v27.3 - https:\/\/yoast.com\/product\/yoast-seo-wordpress\/ -->\n<title>Bo\u00eete de perles &quot;White&quot; - LPN Nails<\/title>\n<meta name=\"description\" content=\"Apportez une touche de douceur et d\u2019\u00e9l\u00e9gance \u00e0 vos cr\u00e9ations avec ces perles blanches pour nail art. Ce carrousel pratique contient une vari\u00e9t\u00e9 de tailles, parfait pour cr\u00e9er des designs subtils ou audacieux qui mettront en valeur votre style unique.\" \/>\n<meta name=\"robots\" content=\"index, follow, max-snippet:-1, max-image-preview:large, max-video-preview:-1\" \/>\n<link rel=\"canonical\" href=\"https:\/\/www.lpnnails.fr\/en\/product\/boite-de-perles-white\/\" \/>\n<meta property=\"og:locale\" content=\"en_US\" \/>\n<meta property=\"og:type\" content=\"article\" \/>\n<meta property=\"og:title\" content=\"Bo\u00eete de perles &quot;White&quot; - LPN Nails\" \/>\n<meta property=\"og:description\" content=\"Apportez une touche de douceur et d\u2019\u00e9l\u00e9gance \u00e0 vos cr\u00e9ations avec ces perles blanches pour nail art. Ce carrousel pratique contient une vari\u00e9t\u00e9 de tailles, parfait pour cr\u00e9er des designs subtils ou audacieux qui mettront en valeur votre style unique.\" \/>\n<meta property=\"og:url\" content=\"https:\/\/www.lpnnails.fr\/en\/product\/boite-de-perles-white\/\" \/>\n<meta property=\"og:site_name\" content=\"LPN Nails\" \/>\n<meta property=\"article:publisher\" content=\"https:\/\/www.facebook.com\/profile.php?id=61573655313488#\" \/>\n<meta property=\"article:modified_time\" content=\"2026-02-04T11:33:54+00:00\" \/>\n<meta property=\"og:image\" content=\"https:\/\/www.lpnnails.fr\/wp-content\/uploads\/2025\/04\/products-8907b2_0269a1c9976a4f51a8d4027d0356f7bf~mv2.png\" \/>\n\t<meta property=\"og:image:width\" content=\"1000\" \/>\n\t<meta property=\"og:image:height\" content=\"1000\" \/>\n\t<meta property=\"og:image:type\" content=\"image\/jpeg\" \/>\n<meta name=\"twitter:card\" content=\"summary_large_image\" \/>\n<meta name=\"twitter:label1\" content=\"Est. reading time\" \/>\n\t<meta name=\"twitter:data1\" content=\"1 minute\" \/>\n<script type=\"application\/ld+json\" class=\"yoast-schema-graph\">{\"@context\":\"https:\\\/\\\/schema.org\",\"@graph\":[{\"@type\":\"WebPage\",\"@id\":\"https:\\\/\\\/www.lpnnails.fr\\\/produit\\\/boite-de-perles-white\\\/\",\"url\":\"https:\\\/\\\/www.lpnnails.fr\\\/produit\\\/boite-de-perles-white\\\/\",\"name\":\"Bo\u00eete de perles \\\"White\\\" - LPN Nails\",\"isPartOf\":{\"@id\":\"https:\\\/\\\/www.lpnnails.fr\\\/#website\"},\"primaryImageOfPage\":{\"@id\":\"https:\\\/\\\/www.lpnnails.fr\\\/produit\\\/boite-de-perles-white\\\/#primaryimage\"},\"image\":{\"@id\":\"https:\\\/\\\/www.lpnnails.fr\\\/produit\\\/boite-de-perles-white\\\/#primaryimage\"},\"thumbnailUrl\":\"https:\\\/\\\/www.lpnnails.fr\\\/wp-content\\\/uploads\\\/2025\\\/04\\\/products-8907b2_0269a1c9976a4f51a8d4027d0356f7bf~mv2.png\",\"datePublished\":\"2022-01-30T18:52:14+00:00\",\"dateModified\":\"2026-02-04T11:33:54+00:00\",\"description\":\"Apportez une touche de douceur et d\u2019\u00e9l\u00e9gance \u00e0 vos cr\u00e9ations avec ces perles blanches pour nail art. Ce carrousel pratique contient une vari\u00e9t\u00e9 de tailles, parfait pour cr\u00e9er des designs subtils ou audacieux qui mettront en valeur votre style unique.\",\"breadcrumb\":{\"@id\":\"https:\\\/\\\/www.lpnnails.fr\\\/produit\\\/boite-de-perles-white\\\/#breadcrumb\"},\"inLanguage\":\"en-US\",\"potentialAction\":[{\"@type\":\"ReadAction\",\"target\":[\"https:\\\/\\\/www.lpnnails.fr\\\/produit\\\/boite-de-perles-white\\\/\"]}]},{\"@type\":\"ImageObject\",\"inLanguage\":\"en-US\",\"@id\":\"https:\\\/\\\/www.lpnnails.fr\\\/produit\\\/boite-de-perles-white\\\/#primaryimage\",\"url\":\"https:\\\/\\\/www.lpnnails.fr\\\/wp-content\\\/uploads\\\/2025\\\/04\\\/products-8907b2_0269a1c9976a4f51a8d4027d0356f7bf~mv2.png\",\"contentUrl\":\"https:\\\/\\\/www.lpnnails.fr\\\/wp-content\\\/uploads\\\/2025\\\/04\\\/products-8907b2_0269a1c9976a4f51a8d4027d0356f7bf~mv2.png\",\"width\":1000,\"height\":1000,\"caption\":\"Bo\u00eete de perles \\\"White\\\"\"},{\"@type\":\"BreadcrumbList\",\"@id\":\"https:\\\/\\\/www.lpnnails.fr\\\/produit\\\/boite-de-perles-white\\\/#breadcrumb\",\"itemListElement\":[{\"@type\":\"ListItem\",\"position\":1,\"name\":\"Accueil\",\"item\":\"https:\\\/\\\/www.lpnnails.fr\\\/\"},{\"@type\":\"ListItem\",\"position\":2,\"name\":\"Boutique\",\"item\":\"https:\\\/\\\/www.lpnnails.fr\\\/boutique\\\/\"},{\"@type\":\"ListItem\",\"position\":3,\"name\":\"Bo\u00eete de perles &#8220;White&#8221;\"}]},{\"@type\":\"WebSite\",\"@id\":\"https:\\\/\\\/www.lpnnails.fr\\\/#website\",\"url\":\"https:\\\/\\\/www.lpnnails.fr\\\/\",\"name\":\"LPN Nails\",\"description\":\"\",\"publisher\":{\"@id\":\"https:\\\/\\\/www.lpnnails.fr\\\/#organization\"},\"potentialAction\":[{\"@type\":\"SearchAction\",\"target\":{\"@type\":\"EntryPoint\",\"urlTemplate\":\"https:\\\/\\\/www.lpnnails.fr\\\/?s={search_term_string}\"},\"query-input\":{\"@type\":\"PropertyValueSpecification\",\"valueRequired\":true,\"valueName\":\"search_term_string\"}}],\"inLanguage\":\"en-US\"},{\"@type\":\"Organization\",\"@id\":\"https:\\\/\\\/www.lpnnails.fr\\\/#organization\",\"name\":\"LPN Nails\",\"url\":\"https:\\\/\\\/www.lpnnails.fr\\\/\",\"logo\":{\"@type\":\"ImageObject\",\"inLanguage\":\"en-US\",\"@id\":\"https:\\\/\\\/www.lpnnails.fr\\\/#\\\/schema\\\/logo\\\/image\\\/\",\"url\":\"https:\\\/\\\/www.lpnnails.fr\\\/wp-content\\\/uploads\\\/2025\\\/11\\\/Design-sans-titre-2.png\",\"contentUrl\":\"https:\\\/\\\/www.lpnnails.fr\\\/wp-content\\\/uploads\\\/2025\\\/11\\\/Design-sans-titre-2.png\",\"width\":512,\"height\":512,\"caption\":\"LPN Nails\"},\"image\":{\"@id\":\"https:\\\/\\\/www.lpnnails.fr\\\/#\\\/schema\\\/logo\\\/image\\\/\"},\"sameAs\":[\"https:\\\/\\\/www.facebook.com\\\/profile.php?id=61573655313488#\",\"https:\\\/\\\/www.instagram.com\\\/lpnnails\\\/\",\"https:\\\/\\\/www.linkedin.com\\\/company\\\/lpnnails\\\/\",\"https:\\\/\\\/www.youtube.com\\\/@LPNNails\\\/\"]}]}<\/script>\n<!-- \/ Yoast SEO plugin. -->","yoast_head_json":{"title":"Bo\u00eete de perles \"White\" - LPN Nails","description":"Apportez une touche de douceur et d\u2019\u00e9l\u00e9gance \u00e0 vos cr\u00e9ations avec ces perles blanches pour nail art. Ce carrousel pratique contient une vari\u00e9t\u00e9 de tailles, parfait pour cr\u00e9er des designs subtils ou audacieux qui mettront en valeur votre style unique.","robots":{"index":"index","follow":"follow","max-snippet":"max-snippet:-1","max-image-preview":"max-image-preview:large","max-video-preview":"max-video-preview:-1"},"canonical":"https:\/\/www.lpnnails.fr\/en\/product\/boite-de-perles-white\/","og_locale":"en_US","og_type":"article","og_title":"Bo\u00eete de perles \"White\" - LPN Nails","og_description":"Apportez une touche de douceur et d\u2019\u00e9l\u00e9gance \u00e0 vos cr\u00e9ations avec ces perles blanches pour nail art. Ce carrousel pratique contient une vari\u00e9t\u00e9 de tailles, parfait pour cr\u00e9er des designs subtils ou audacieux qui mettront en valeur votre style unique.","og_url":"https:\/\/www.lpnnails.fr\/en\/product\/boite-de-perles-white\/","og_site_name":"LPN Nails","article_publisher":"https:\/\/www.facebook.com\/profile.php?id=61573655313488#","article_modified_time":"2026-02-04T11:33:54+00:00","og_image":[{"width":1000,"height":1000,"url":"https:\/\/www.lpnnails.fr\/wp-content\/uploads\/2025\/04\/products-8907b2_0269a1c9976a4f51a8d4027d0356f7bf~mv2.png","type":"image\/jpeg"}],"twitter_card":"summary_large_image","twitter_misc":{"Est. reading time":"1 minute"},"schema":{"@context":"https:\/\/schema.org","@graph":[{"@type":"WebPage","@id":"https:\/\/www.lpnnails.fr\/produit\/boite-de-perles-white\/","url":"https:\/\/www.lpnnails.fr\/produit\/boite-de-perles-white\/","name":"Bo\u00eete de perles \"White\" - LPN Nails","isPartOf":{"@id":"https:\/\/www.lpnnails.fr\/#website"},"primaryImageOfPage":{"@id":"https:\/\/www.lpnnails.fr\/produit\/boite-de-perles-white\/#primaryimage"},"image":{"@id":"https:\/\/www.lpnnails.fr\/produit\/boite-de-perles-white\/#primaryimage"},"thumbnailUrl":"https:\/\/www.lpnnails.fr\/wp-content\/uploads\/2025\/04\/products-8907b2_0269a1c9976a4f51a8d4027d0356f7bf~mv2.png","datePublished":"2022-01-30T18:52:14+00:00","dateModified":"2026-02-04T11:33:54+00:00","description":"Apportez une touche de douceur et d\u2019\u00e9l\u00e9gance \u00e0 vos cr\u00e9ations avec ces perles blanches pour nail art. Ce carrousel pratique contient une vari\u00e9t\u00e9 de tailles, parfait pour cr\u00e9er des designs subtils ou audacieux qui mettront en valeur votre style unique.","breadcrumb":{"@id":"https:\/\/www.lpnnails.fr\/produit\/boite-de-perles-white\/#breadcrumb"},"inLanguage":"en-US","potentialAction":[{"@type":"ReadAction","target":["https:\/\/www.lpnnails.fr\/produit\/boite-de-perles-white\/"]}]},{"@type":"ImageObject","inLanguage":"en-US","@id":"https:\/\/www.lpnnails.fr\/produit\/boite-de-perles-white\/#primaryimage","url":"https:\/\/www.lpnnails.fr\/wp-content\/uploads\/2025\/04\/products-8907b2_0269a1c9976a4f51a8d4027d0356f7bf~mv2.png","contentUrl":"https:\/\/www.lpnnails.fr\/wp-content\/uploads\/2025\/04\/products-8907b2_0269a1c9976a4f51a8d4027d0356f7bf~mv2.png","width":1000,"height":1000,"caption":"Bo\u00eete de perles \"White\""},{"@type":"BreadcrumbList","@id":"https:\/\/www.lpnnails.fr\/produit\/boite-de-perles-white\/#breadcrumb","itemListElement":[{"@type":"ListItem","position":1,"name":"Accueil","item":"https:\/\/www.lpnnails.fr\/"},{"@type":"ListItem","position":2,"name":"Boutique","item":"https:\/\/www.lpnnails.fr\/boutique\/"},{"@type":"ListItem","position":3,"name":"Bo\u00eete de perles &#8220;White&#8221;"}]},{"@type":"WebSite","@id":"https:\/\/www.lpnnails.fr\/#website","url":"https:\/\/www.lpnnails.fr\/","name":"LPN Nails","description":"","publisher":{"@id":"https:\/\/www.lpnnails.fr\/#organization"},"potentialAction":[{"@type":"SearchAction","target":{"@type":"EntryPoint","urlTemplate":"https:\/\/www.lpnnails.fr\/?s={search_term_string}"},"query-input":{"@type":"PropertyValueSpecification","valueRequired":true,"valueName":"search_term_string"}}],"inLanguage":"en-US"},{"@type":"Organization","@id":"https:\/\/www.lpnnails.fr\/#organization","name":"LPN Nails","url":"https:\/\/www.lpnnails.fr\/","logo":{"@type":"ImageObject","inLanguage":"en-US","@id":"https:\/\/www.lpnnails.fr\/#\/schema\/logo\/image\/","url":"https:\/\/www.lpnnails.fr\/wp-content\/uploads\/2025\/11\/Design-sans-titre-2.png","contentUrl":"https:\/\/www.lpnnails.fr\/wp-content\/uploads\/2025\/11\/Design-sans-titre-2.png","width":512,"height":512,"caption":"LPN Nails"},"image":{"@id":"https:\/\/www.lpnnails.fr\/#\/schema\/logo\/image\/"},"sameAs":["https:\/\/www.facebook.com\/profile.php?id=61573655313488#","https:\/\/www.instagram.com\/lpnnails\/","https:\/\/www.linkedin.com\/company\/lpnnails\/","https:\/\/www.youtube.com\/@LPNNails\/"]}]}},"uagb_featured_image_src":{"full":["https:\/\/www.lpnnails.fr\/wp-content\/uploads\/2025\/04\/products-8907b2_0269a1c9976a4f51a8d4027d0356f7bf~mv2.png",1000,1000,false],"thumbnail":["https:\/\/www.lpnnails.fr\/wp-content\/uploads\/2025\/04\/products-8907b2_0269a1c9976a4f51a8d4027d0356f7bf~mv2.png",150,150,true],"medium":["https:\/\/www.lpnnails.fr\/wp-content\/uploads\/2025\/04\/products-8907b2_0269a1c9976a4f51a8d4027d0356f7bf~mv2.png",300,214,true],"medium_large":["https:\/\/www.lpnnails.fr\/wp-content\/uploads\/2025\/04\/products-8907b2_0269a1c9976a4f51a8d4027d0356f7bf~mv2.png",768,768,false],"large":["https:\/\/www.lpnnails.fr\/wp-content\/uploads\/2025\/04\/products-8907b2_0269a1c9976a4f51a8d4027d0356f7bf~mv2.png",1000,1000,false],"1536x1536":["https:\/\/www.lpnnails.fr\/wp-content\/uploads\/2025\/04\/products-8907b2_0269a1c9976a4f51a8d4027d0356f7bf~mv2.png",1000,1000,false],"2048x2048":["https:\/\/www.lpnnails.fr\/wp-content\/uploads\/2025\/04\/products-8907b2_0269a1c9976a4f51a8d4027d0356f7bf~mv2.png",1000,1000,false],"trp-custom-language-flag":["https:\/\/www.lpnnails.fr\/wp-content\/uploads\/2025\/04\/products-8907b2_0269a1c9976a4f51a8d4027d0356f7bf~mv2.png",12,12,false],"mailpoet_newsletter_max":["https:\/\/www.lpnnails.fr\/wp-content\/uploads\/2025\/04\/products-8907b2_0269a1c9976a4f51a8d4027d0356f7bf~mv2.png",1000,1000,false],"woocommerce_thumbnail":["https:\/\/www.lpnnails.fr\/wp-content\/uploads\/2025\/04\/products-8907b2_0269a1c9976a4f51a8d4027d0356f7bf~mv2.png",300,300,false],"woocommerce_single":["https:\/\/www.lpnnails.fr\/wp-content\/uploads\/2025\/04\/products-8907b2_0269a1c9976a4f51a8d4027d0356f7bf~mv2.png",600,600,false],"woocommerce_gallery_thumbnail":["https:\/\/www.lpnnails.fr\/wp-content\/uploads\/2025\/04\/products-8907b2_0269a1c9976a4f51a8d4027d0356f7bf~mv2.png",100,100,false],"variation_swatches_image_size":["https:\/\/www.lpnnails.fr\/wp-content\/uploads\/2025\/04\/products-8907b2_0269a1c9976a4f51a8d4027d0356f7bf~mv2.png",50,50,false],"variation_swatches_tooltip_size":["https:\/\/www.lpnnails.fr\/wp-content\/uploads\/2025\/04\/products-8907b2_0269a1c9976a4f51a8d4027d0356f7bf~mv2.png",100,100,false]},"uagb_author_info":{"display_name":"LPN Nails","author_link":"https:\/\/www.lpnnails.fr\/en\/author\/"},"uagb_comment_info":0,"uagb_excerpt":"Apportez une touche de douceur et d\u2019\u00e9l\u00e9gance \u00e0 vos cr\u00e9ations avec ces perles blanches pour nail art. Ce carrousel pratique [&hellip;]","_links":{"self":[{"href":"https:\/\/www.lpnnails.fr\/en\/wp-json\/wp\/v2\/product\/2541","targetHints":{"allow":["GET"]}}],"collection":[{"href":"https:\/\/www.lpnnails.fr\/en\/wp-json\/wp\/v2\/product"}],"about":[{"href":"https:\/\/www.lpnnails.fr\/en\/wp-json\/wp\/v2\/types\/product"}],"replies":[{"embeddable":true,"href":"https:\/\/www.lpnnails.fr\/en\/wp-json\/wp\/v2\/comments?post=2541"}],"wp:featuredmedia":[{"embeddable":true,"href":"https:\/\/www.lpnnails.fr\/en\/wp-json\/wp\/v2\/media\/2542"}],"wp:attachment":[{"href":"https:\/\/www.lpnnails.fr\/en\/wp-json\/wp\/v2\/media?parent=2541"}],"wp:term":[{"taxonomy":"product_brand","embeddable":true,"href":"https:\/\/www.lpnnails.fr\/en\/wp-json\/wp\/v2\/product_brand?post=2541"},{"taxonomy":"product_cat","embeddable":true,"href":"https:\/\/www.lpnnails.fr\/en\/wp-json\/wp\/v2\/product_cat?post=2541"},{"taxonomy":"product_tag","embeddable":true,"href":"https:\/\/www.lpnnails.fr\/en\/wp-json\/wp\/v2\/product_tag?post=2541"}],"curies":[{"name":"wp","href":"https:\/\/api.w.org\/{rel}","templated":true}]}}